{"id":4246,"date":"2024-09-22T06:58:30","date_gmt":"2024-09-22T06:58:30","guid":{"rendered":"https:\/\/legitgrams.com\/?post_type=product&#038;p=4246"},"modified":"2025-01-14T07:53:53","modified_gmt":"2025-01-14T07:53:53","slug":"vloeibare-lsd-200ug-druppel","status":"publish","type":"product","link":"https:\/\/legitgrams.com\/nl\/product\/vloeibare-lsd-200ug-druppel\/","title":{"rendered":"vloeibare LSD 200ug druppel"},"content":{"rendered":"<h2>online een druppel van 200 ug vloeibare LSD kofen.<\/h2>\n<p>Krijg ik<a href=\"https:\/\/legitgrams.com\/nl\/product\/vloeibare-lsd-200ug-druppel\/\">vloeibare lsd 200ug<\/a> online en voor een redelijke prijs aanbieden.<\/p>\n<h3>Wat is LSD Liquid?<\/h3>\n<p>Roggepaddenstoelen bevatten een chemische stof die wordt gebruikt om de hallucinogene drug LSD of lysergeenzuurdiethylamide te maken. Het meest bekende gebruik was tijdens de tegencultuur van de jaren 60, en het daaropvolgende verbod schaadde de reputatie ervan.<\/p>\n<p>LSD werd in 1938 geproduceerd door de Zwitserse wetenschapper Albert Hofmann in zijn laboratorium in Z\u00fcrich, Zwitserland. Hij ontdekte per ongeluk de hallucinogene eigenschappen ervan in 1943 nadat hij een klein beetje op zijn huid kreeg. <a href=\"https:\/\/legitgrams.com\/nl\/\">LegitGrams<\/a><\/p>\n<p>Koop LSD. LSD, een van de krachtigste hallucinogenen op de markt, kent een breed scala aan culturele, spirituele en therapeutische toepassingen.<\/p>\n<h3>Farmacologie: Koop goedkope 200 ug vloeibare LSD &amp; Drop online<\/h3>\n<p>Bij inname werkt LSD als een 5-HT (serotonine) receptor activator en deactiveert het de systemen die de serotoninespiegels in de hersenen reguleren, wat een merkbare stijging van de serotoninespiegels veroorzaakt. Koop 200 ug vloeibare LSD met korting online. De prijs van 200 ug vloeibare lsd<\/p>\n<p>Van de 15 verschillende serotoninereceptoren in de hersenen, prefereert LSD voornamelijk het 2A-subtype (5-HT2A). De 5-HT2A-receptor is betrokken bij cognitieve processen in de prefrontale cortex. Aangezien veel van de voordelen van LSD afkomstig zijn van de prefrontale cortex, is dit een belangrijk aspect.<\/p>\n<h3>Hoe wordt LSD geproduceerd?<\/h3>\n<p>Uitstekende praktische kennis van organische chemie, een volledig operationeel lab (met een donkere kamer en sterilisatiemogelijkheden voor apparatuur) en de Drug Enforcement Agency (DEA) controleert of beperkt momenteel agressief de verkoop van veel chemicali\u00ebn die nodig zijn voor de productie van LSD. In tegenstelling tot de ingredi\u00ebnten die nodig zijn om methamfetamine te produceren, ontbreken deze ingredi\u00ebnten in de meeste dagelijkse huishoudelijke artikelen.<\/p>\n<p>Er wordt gedacht dat de prefrontale cortex betrokken is bij besluitvorming, complexe cognitieve gedragsplanning, regulering van sociaal gedrag en persoonlijkheidsexpressie. Koop 200 ug afgeprijsde vloeibare LSD online. Het vermogen om informatie van de andere hersensystemen te ontvangen en deze toe te passen om doelgerichte beslissingen te nemen, is net zo cruciaal.<\/p>\n<p>Effecten van LSD? De effecten van LSD omvatten het volgende: Lysergeenzuurdiethylamide, of <a href=\"https:\/\/en.wikipedia.org\/wiki\/LSD\">LSD<\/a>, is een illegale drug die hallucinaties en sensorische veranderingen veroorzaakt.<\/p>\n<h2><\/h2>\n<h2><\/h2>\n<h2><\/h2>\n<h2><\/h2>\n<p>&nbsp;<\/p>","protected":false},"excerpt":{"rendered":"<p>Purchase a 200ug drop of liquid LSD online. Get liquid lsd 200ug online and drop it at a reasonable price. What is LSD Liquid? Rye mushrooms contain a chemical that is used to make the hallucinogenic drug known as LSD, or lysergic acid diethylamide. Its most well-known use was during the counterculture of the 1960s, &hellip;<\/p>\n<p class=\"read-more\"> <a class=\"\" href=\"https:\/\/legitgrams.com\/nl\/product\/vloeibare-lsd-200ug-druppel\/\"> <span class=\"screen-reader-text\">vloeibare LSD 200ug druppel<\/span> Read More \u00bb<\/a><\/p>","protected":false},"featured_media":5285,"comment_status":"open","ping_status":"closed","template":"","meta":{"_uag_custom_page_level_css":"","site-sidebar-layout":"default","site-content-layout":"default","ast-global-header-display":"","ast-main-header-display":"","ast-hfb-above-header-display":"","ast-hfb-below-header-display":"","ast-hfb-mobile-header-display":"","site-post-title":"","ast-breadcrumbs-content":"","ast-featured-img":"","footer-sml-layout":"","theme-transparent-header-meta":"default","adv-header-id-meta":"","stick-header-meta":"default","header-above-stick-meta":"","header-main-stick-meta":"","header-below-stick-meta":"","_joinchat":[]},"product_brand":[],"product_cat":[600],"product_tag":[1704,1694,617,1686,1701,1698,1693,1685,1688,1696,1689,1687,1699,1706,1707,1705,1697,1702,1691,1703,1700,625,1692,1695,1690],"class_list":{"0":"post-4246","1":"product","2":"type-product","3":"status-publish","4":"has-post-thumbnail","6":"product_cat-research-chemicals-and-bath-salt","7":"product_tag-best-cheap-price-liquid-lsd-200ug-drop","8":"product_tag-best-place-to-buy-liquid-lsd-200ug-drop","9":"product_tag-bulk-online","10":"product_tag-buy-liquid-lsd-200ug-drop","11":"product_tag-cheap-liquid-lsd-200ug-drop","12":"product_tag-high-quality-liquid-lsd-200ug-drop","13":"product_tag-how-to-buy-liquid-lsd-200ug-drop","14":"product_tag-liquid-lsd-200ug-drop","15":"product_tag-liquid-lsd-200ug-drop-for-sale","16":"product_tag-liquid-lsd-200ug-drop-legally","17":"product_tag-liquid-lsd-200ug-drop-liquid-lsd-200ug-drop-supplier","18":"product_tag-liquid-lsd-200ug-drop-online","19":"product_tag-liquid-lsd-200ug-drop-store","20":"product_tag-liquid-lsd-200ug-drop-use","21":"product_tag-liquid-lsd-200ug-drop-wiki","22":"product_tag-liquid-lsd-200ug-drop-worldwide","23":"product_tag-liquid-lsd-200ug-dropprice","24":"product_tag-liquid-lsd-200ug-drops","25":"product_tag-order-liquid-lsd-200ug-drop","26":"product_tag-purcharse-liquid-lsd-200ug-drop","27":"product_tag-shop-liquid-lsd-200ug-drop","28":"product_tag-top-quality","29":"product_tag-where-to-buy-liquid-lsd-200ug-drop","30":"product_tag-where-to-order-liquid-lsd-200ug-drop","31":"product_tag-wholesale-liquid-lsd-200ug-drop","32":"desktop-align-left","33":"tablet-align-left","34":"mobile-align-left","35":"ast-product-gallery-layout-horizontal","36":"ast-product-gallery-with-no-image","37":"ast-product-single-variable","38":"ast-product-tabs-layout-horizontal","39":"ast-qv-on-image","41":"first","42":"instock","43":"shipping-taxable","44":"purchasable","45":"product-type-variable"},"yoast_head":"<!-- This site is optimized with the Yoast SEO plugin v25.9 - https:\/\/yoast.com\/wordpress\/plugins\/seo\/ -->\n<title>liquid LSD 200ug Drop for Sale - Buy liquid LSD 200ug Drop Online<\/title>\n<meta name=\"description\" content=\"You can get in touch with our Legitgrams store and buy liquid LSD 200ug Drop online. We have liquid LSD 200ug Drop for sale at cheap prices. Get yours at your place right away!\" \/>\n<meta name=\"robots\" content=\"index, follow, max-snippet:-1, max-image-preview:large, max-video-preview:-1\" \/>\n<link rel=\"canonical\" href=\"https:\/\/legitgrams.com\/nl\/product\/vloeibare-lsd-200ug-druppel\/\" \/>\n<meta property=\"og:locale\" content=\"nl_BE\" \/>\n<meta property=\"og:type\" content=\"article\" \/>\n<meta property=\"og:title\" content=\"liquid LSD 200ug Drop for Sale - Buy liquid LSD 200ug Drop Online\" \/>\n<meta property=\"og:description\" content=\"You can get in touch with our Legitgrams store and buy liquid LSD 200ug Drop online. We have liquid LSD 200ug Drop for sale at cheap prices. Get yours at your place right away!\" \/>\n<meta property=\"og:url\" content=\"https:\/\/legitgrams.com\/nl\/product\/vloeibare-lsd-200ug-druppel\/\" \/>\n<meta property=\"og:site_name\" content=\"Legit Grams\" \/>\n<meta property=\"article:modified_time\" content=\"2025-01-14T07:53:53+00:00\" \/>\n<meta property=\"og:image\" content=\"https:\/\/legitgrams.com\/wp-content\/uploads\/2024\/09\/buy-liquid-lsd-200ug-drop-online-cheap-1.jpg\" \/>\n\t<meta property=\"og:image:width\" content=\"600\" \/>\n\t<meta property=\"og:image:height\" content=\"600\" \/>\n\t<meta property=\"og:image:type\" content=\"image\/jpeg\" \/>\n<meta name=\"twitter:card\" content=\"summary_large_image\" \/>\n<meta name=\"twitter:label1\" content=\"Geschatte leestijd\" \/>\n\t<meta name=\"twitter:data1\" content=\"2 minuten\" \/>\n<script type=\"application\/ld+json\" class=\"yoast-schema-graph\">{\"@context\":\"https:\/\/schema.org\",\"@graph\":[{\"@type\":\"WebPage\",\"@id\":\"https:\/\/legitgrams.com\/product\/liquid-lsd-200ug-drop\/\",\"url\":\"https:\/\/legitgrams.com\/product\/liquid-lsd-200ug-drop\/\",\"name\":\"liquid LSD 200ug Drop for Sale - Buy liquid LSD 200ug Drop Online\",\"isPartOf\":{\"@id\":\"https:\/\/legitgrams.com\/#website\"},\"primaryImageOfPage\":{\"@id\":\"https:\/\/legitgrams.com\/product\/liquid-lsd-200ug-drop\/#primaryimage\"},\"image\":{\"@id\":\"https:\/\/legitgrams.com\/product\/liquid-lsd-200ug-drop\/#primaryimage\"},\"thumbnailUrl\":\"https:\/\/legitgrams.com\/wp-content\/uploads\/2024\/09\/buy-liquid-lsd-200ug-drop-online-cheap-1.jpg\",\"datePublished\":\"2024-09-22T06:58:30+00:00\",\"dateModified\":\"2025-01-14T07:53:53+00:00\",\"description\":\"You can get in touch with our Legitgrams store and buy liquid LSD 200ug Drop online. We have liquid LSD 200ug Drop for sale at cheap prices. Get yours at your place right away!\",\"breadcrumb\":{\"@id\":\"https:\/\/legitgrams.com\/product\/liquid-lsd-200ug-drop\/#breadcrumb\"},\"inLanguage\":\"nl-BE\",\"potentialAction\":[{\"@type\":\"ReadAction\",\"target\":[\"https:\/\/legitgrams.com\/product\/liquid-lsd-200ug-drop\/\"]}]},{\"@type\":\"ImageObject\",\"inLanguage\":\"nl-BE\",\"@id\":\"https:\/\/legitgrams.com\/product\/liquid-lsd-200ug-drop\/#primaryimage\",\"url\":\"https:\/\/legitgrams.com\/wp-content\/uploads\/2024\/09\/buy-liquid-lsd-200ug-drop-online-cheap-1.jpg\",\"contentUrl\":\"https:\/\/legitgrams.com\/wp-content\/uploads\/2024\/09\/buy-liquid-lsd-200ug-drop-online-cheap-1.jpg\",\"width\":600,\"height\":600,\"caption\":\"liquid LSD 200ug Drop for Sale\"},{\"@type\":\"BreadcrumbList\",\"@id\":\"https:\/\/legitgrams.com\/product\/liquid-lsd-200ug-drop\/#breadcrumb\",\"itemListElement\":[{\"@type\":\"ListItem\",\"position\":1,\"name\":\"Home\",\"item\":\"https:\/\/legitgrams.com\/\"},{\"@type\":\"ListItem\",\"position\":2,\"name\":\"Shop\",\"item\":\"https:\/\/legitgrams.com\/shop\/\"},{\"@type\":\"ListItem\",\"position\":3,\"name\":\"liquid LSD 200ug Drop\"}]},{\"@type\":\"WebSite\",\"@id\":\"https:\/\/legitgrams.com\/#website\",\"url\":\"https:\/\/legitgrams.com\/\",\"name\":\"Legit Grams\",\"description\":\"My WordPress Blog\",\"publisher\":{\"@id\":\"https:\/\/legitgrams.com\/#organization\"},\"potentialAction\":[{\"@type\":\"SearchAction\",\"target\":{\"@type\":\"EntryPoint\",\"urlTemplate\":\"https:\/\/legitgrams.com\/?s={search_term_string}\"},\"query-input\":{\"@type\":\"PropertyValueSpecification\",\"valueRequired\":true,\"valueName\":\"search_term_string\"}}],\"inLanguage\":\"nl-BE\"},{\"@type\":\"Organization\",\"@id\":\"https:\/\/legitgrams.com\/#organization\",\"name\":\"Legit Grams\",\"url\":\"https:\/\/legitgrams.com\/\",\"logo\":{\"@type\":\"ImageObject\",\"inLanguage\":\"nl-BE\",\"@id\":\"https:\/\/legitgrams.com\/#\/schema\/logo\/image\/\",\"url\":\"https:\/\/legitgrams.com\/wp-content\/uploads\/2024\/09\/main-logo.png\",\"contentUrl\":\"https:\/\/legitgrams.com\/wp-content\/uploads\/2024\/09\/main-logo.png\",\"width\":270,\"height\":75,\"caption\":\"Legit Grams\"},\"image\":{\"@id\":\"https:\/\/legitgrams.com\/#\/schema\/logo\/image\/\"}}]}<\/script>\n<!-- \/ Yoast SEO plugin. -->","yoast_head_json":{"title":"vloeibare LSD 200ug Drop te kopen - vloeibare LSD 200ug Drop online Kopen","description":"Je kunt contact opnemen met onze Legitgrams winkel en online LSD 200ug Drop kopen. We hebben vloeibare LSD 200ug Drop te koop tegen goedkope prijzen. Haal de jouwe meteen in huis!","robots":{"index":"index","follow":"follow","max-snippet":"max-snippet:-1","max-image-preview":"max-image-preview:large","max-video-preview":"max-video-preview:-1"},"canonical":"https:\/\/legitgrams.com\/nl\/product\/vloeibare-lsd-200ug-druppel\/","og_locale":"nl_BE","og_type":"article","og_title":"liquid LSD 200ug Drop for Sale - Buy liquid LSD 200ug Drop Online","og_description":"You can get in touch with our Legitgrams store and buy liquid LSD 200ug Drop online. We have liquid LSD 200ug Drop for sale at cheap prices. Get yours at your place right away!","og_url":"https:\/\/legitgrams.com\/nl\/product\/vloeibare-lsd-200ug-druppel\/","og_site_name":"Legit Grams","article_modified_time":"2025-01-14T07:53:53+00:00","og_image":[{"width":600,"height":600,"url":"https:\/\/legitgrams.com\/wp-content\/uploads\/2024\/09\/buy-liquid-lsd-200ug-drop-online-cheap-1.jpg","type":"image\/jpeg"}],"twitter_card":"summary_large_image","twitter_misc":{"Geschatte leestijd":"2 minuten"},"schema":{"@context":"https:\/\/schema.org","@graph":[{"@type":"WebPage","@id":"https:\/\/legitgrams.com\/product\/liquid-lsd-200ug-drop\/","url":"https:\/\/legitgrams.com\/product\/liquid-lsd-200ug-drop\/","name":"vloeibare LSD 200ug Drop te kopen - vloeibare LSD 200ug Drop online Kopen","isPartOf":{"@id":"https:\/\/legitgrams.com\/#website"},"primaryImageOfPage":{"@id":"https:\/\/legitgrams.com\/product\/liquid-lsd-200ug-drop\/#primaryimage"},"image":{"@id":"https:\/\/legitgrams.com\/product\/liquid-lsd-200ug-drop\/#primaryimage"},"thumbnailUrl":"https:\/\/legitgrams.com\/wp-content\/uploads\/2024\/09\/buy-liquid-lsd-200ug-drop-online-cheap-1.jpg","datePublished":"2024-09-22T06:58:30+00:00","dateModified":"2025-01-14T07:53:53+00:00","description":"Je kunt contact opnemen met onze Legitgrams winkel en online LSD 200ug Drop kopen. We hebben vloeibare LSD 200ug Drop te koop tegen goedkope prijzen. Haal de jouwe meteen in huis!","breadcrumb":{"@id":"https:\/\/legitgrams.com\/product\/liquid-lsd-200ug-drop\/#breadcrumb"},"inLanguage":"nl-BE","potentialAction":[{"@type":"ReadAction","target":["https:\/\/legitgrams.com\/product\/liquid-lsd-200ug-drop\/"]}]},{"@type":"ImageObject","inLanguage":"nl-BE","@id":"https:\/\/legitgrams.com\/product\/liquid-lsd-200ug-drop\/#primaryimage","url":"https:\/\/legitgrams.com\/wp-content\/uploads\/2024\/09\/buy-liquid-lsd-200ug-drop-online-cheap-1.jpg","contentUrl":"https:\/\/legitgrams.com\/wp-content\/uploads\/2024\/09\/buy-liquid-lsd-200ug-drop-online-cheap-1.jpg","width":600,"height":600,"caption":"liquid LSD 200ug Drop for Sale"},{"@type":"BreadcrumbList","@id":"https:\/\/legitgrams.com\/product\/liquid-lsd-200ug-drop\/#breadcrumb","itemListElement":[{"@type":"ListItem","position":1,"name":"Home","item":"https:\/\/legitgrams.com\/"},{"@type":"ListItem","position":2,"name":"Shop","item":"https:\/\/legitgrams.com\/shop\/"},{"@type":"ListItem","position":3,"name":"liquid LSD 200ug Drop"}]},{"@type":"WebSite","@id":"https:\/\/legitgrams.com\/#website","url":"https:\/\/legitgrams.com\/","name":"Legitieme grammen","description":"Mijn WordPress Blog","publisher":{"@id":"https:\/\/legitgrams.com\/#organization"},"potentialAction":[{"@type":"SearchAction","target":{"@type":"EntryPoint","urlTemplate":"https:\/\/legitgrams.com\/?s={search_term_string}"},"query-input":{"@type":"PropertyValueSpecification","valueRequired":true,"valueName":"search_term_string"}}],"inLanguage":"nl-BE"},{"@type":"Organization","@id":"https:\/\/legitgrams.com\/#organization","name":"Legitieme grammen","url":"https:\/\/legitgrams.com\/","logo":{"@type":"ImageObject","inLanguage":"nl-BE","@id":"https:\/\/legitgrams.com\/#\/schema\/logo\/image\/","url":"https:\/\/legitgrams.com\/wp-content\/uploads\/2024\/09\/main-logo.png","contentUrl":"https:\/\/legitgrams.com\/wp-content\/uploads\/2024\/09\/main-logo.png","width":270,"height":75,"caption":"Legit Grams"},"image":{"@id":"https:\/\/legitgrams.com\/#\/schema\/logo\/image\/"}}]}},"uagb_featured_image_src":{"full":["https:\/\/legitgrams.com\/wp-content\/uploads\/2024\/09\/buy-liquid-lsd-200ug-drop-online-cheap-1.jpg",600,600,false],"thumbnail":["https:\/\/legitgrams.com\/wp-content\/uploads\/2024\/09\/buy-liquid-lsd-200ug-drop-online-cheap-1-150x150.jpg",150,150,true],"medium":["https:\/\/legitgrams.com\/wp-content\/uploads\/2024\/09\/buy-liquid-lsd-200ug-drop-online-cheap-1-300x300.jpg",300,300,true],"medium_large":["https:\/\/legitgrams.com\/wp-content\/uploads\/2024\/09\/buy-liquid-lsd-200ug-drop-online-cheap-1.jpg",600,600,false],"large":["https:\/\/legitgrams.com\/wp-content\/uploads\/2024\/09\/buy-liquid-lsd-200ug-drop-online-cheap-1.jpg",600,600,false],"1536x1536":["https:\/\/legitgrams.com\/wp-content\/uploads\/2024\/09\/buy-liquid-lsd-200ug-drop-online-cheap-1.jpg",600,600,false],"2048x2048":["https:\/\/legitgrams.com\/wp-content\/uploads\/2024\/09\/buy-liquid-lsd-200ug-drop-online-cheap-1.jpg",600,600,false],"trp-custom-language-flag":["https:\/\/legitgrams.com\/wp-content\/uploads\/2024\/09\/buy-liquid-lsd-200ug-drop-online-cheap-1-12x12.jpg",12,12,true],"woocommerce_thumbnail":["https:\/\/legitgrams.com\/wp-content\/uploads\/2024\/09\/buy-liquid-lsd-200ug-drop-online-cheap-1-300x300.jpg",300,300,true],"woocommerce_single":["https:\/\/legitgrams.com\/wp-content\/uploads\/2024\/09\/buy-liquid-lsd-200ug-drop-online-cheap-1.jpg",600,600,false],"woocommerce_gallery_thumbnail":["https:\/\/legitgrams.com\/wp-content\/uploads\/2024\/09\/buy-liquid-lsd-200ug-drop-online-cheap-1-100x100.jpg",100,100,true]},"uagb_author_info":{"display_name":"cokeblog18","author_link":"https:\/\/legitgrams.com\/nl\/author\/"},"uagb_comment_info":0,"uagb_excerpt":"Purchase a 200ug drop of liquid LSD online. Get liquid lsd 200ug online and drop it at a reasonable price. What is LSD Liquid? Rye mushrooms contain a chemical that is used to make the hallucinogenic drug known as LSD, or lysergic acid diethylamide. Its most well-known use was during the counterculture of the 1960s,&hellip;","_links":{"self":[{"href":"https:\/\/legitgrams.com\/nl\/wp-json\/wp\/v2\/product\/4246","targetHints":{"allow":["GET"]}}],"collection":[{"href":"https:\/\/legitgrams.com\/nl\/wp-json\/wp\/v2\/product"}],"about":[{"href":"https:\/\/legitgrams.com\/nl\/wp-json\/wp\/v2\/types\/product"}],"replies":[{"embeddable":true,"href":"https:\/\/legitgrams.com\/nl\/wp-json\/wp\/v2\/comments?post=4246"}],"wp:featuredmedia":[{"embeddable":true,"href":"https:\/\/legitgrams.com\/nl\/wp-json\/wp\/v2\/media\/5285"}],"wp:attachment":[{"href":"https:\/\/legitgrams.com\/nl\/wp-json\/wp\/v2\/media?parent=4246"}],"wp:term":[{"taxonomy":"product_brand","embeddable":true,"href":"https:\/\/legitgrams.com\/nl\/wp-json\/wp\/v2\/product_brand?post=4246"},{"taxonomy":"product_cat","embeddable":true,"href":"https:\/\/legitgrams.com\/nl\/wp-json\/wp\/v2\/product_cat?post=4246"},{"taxonomy":"product_tag","embeddable":true,"href":"https:\/\/legitgrams.com\/nl\/wp-json\/wp\/v2\/product_tag?post=4246"}],"curies":[{"name":"wp","href":"https:\/\/api.w.org\/{rel}","templated":true}]}}