{"id":4270,"date":"2024-09-22T08:08:41","date_gmt":"2024-09-22T08:08:41","guid":{"rendered":"https:\/\/legitgrams.com\/?post_type=product&#038;p=4270"},"modified":"2025-04-03T05:36:09","modified_gmt":"2025-04-03T05:36:09","slug":"cocaine-in-poedervorm-online-bestellen-98-8-puur","status":"publish","type":"product","link":"https:\/\/legitgrams.com\/nl\/product\/cocaine-in-poedervorm-online-bestellen-98-8-puur\/","title":{"rendered":"Koop online poedercoca\u00efne 98,8% puur"},"content":{"rendered":"<h2>Koop en bestel coca\u00efnepoeder online.<\/h2>\n<p>De populairste vorm van coca\u00efne is <a href=\"https:\/\/legitgrams.com\/nl\/product\/cocaine-in-poedervorm-online-bestellen-98-8-puur\/\">coca\u00efnepoeder<\/a>. For this reason, it is also referred to as a street drug. The <a href=\"https:\/\/www.bing.com\/search?q=Buy+Powdered+cocaine+online+98.8%25+pure&amp;qs=n&amp;form=QBRE&amp;sp=-1&amp;lq=0&amp;pq=buy+powdered+cocaine+online+98.8%25+pure&amp;sc=0-38&amp;sk=&amp;cvid=8EA0788297494D1E80E84D8828103EFF&amp;ghsh=0&amp;ghacc=0&amp;ghpl=\">Coca<\/a> Voor de productie van dit poeder worden planten gebruikt die vooral in zuidelijke landen voorkomen.<br \/>\nHet is een krachtig stimulerend middel dat rechtstreeks inwerkt op de centrale hersenen om een breed scala aan ziekten te genezen. De specifieke chemicali\u00ebn in de hersenen worden door dit stimulerende middel versterkt, waardoor het menselijk orgaansysteem naar behoefte kan reageren. Het is wereldwijd de meest gebruikte vorm van coca\u00efne vanwege de vele voordelen.<\/p>\n<p><a href=\"https:\/\/www.google.com\/search?q=Koop+online+poedercocane+988+puur&amp;sca_esv=eddefdb7b92e7545&amp;sxsrf=AHTn8zrv-IOulrJTuiKFaB76rsr-WVvT5Q1743658896251&amp;ei=kB_uZ86FD72U0PEPwOivqQE&amp;ved=0ahUKEwjOjfvIk7uMAxU9CjQIHUD0KxUQ4dUDCBA&amp;uact=5&amp;oq=Koop+online+poedercocane+988+puur&amp;gs_lp=Egxnd3Mtd2l6LXNlcnAiJUtvb3Agb25saW5lIHBvZWRlcmNvY2HDr25lIDk4LDglIHB1dXIyBxAhGKABGAoyBxAhGKABGAoyBxAhGKABGAoyBxAhGKABGAoyBxAhGKABGApI2whQrQRYrQRwAXgAkAEAmAGDA6ABgwOqAQMzLTG4AQPIAQD4AQL4AQGYAgKgAo4DwgIIEAAYsAMY7wWYAwCIBgGQBgGSBwUxLjMtMaAHpgWyBwMzLTG4B4kD&amp;sclient=gws-wiz-serp\">Coca\u00efnepoeder<\/a> verschilt van andere vormen van coca\u00efne.<\/p>\n<h3>Hoe coca\u00efnepoeder te gebruiken<\/h3>\n<p><a href=\"https:\/\/www.bing.com\/search?q=Kooponlinepoedercocane988puur&amp;qs=n&amp;form=QBRE&amp;sp=-1&amp;lq=0&amp;pq=kooponlinepoedercocane988puur&amp;sc=0-36&amp;sk=&amp;cvid=215D475286884933A7FB342AEF43649D&amp;ghsh=0&amp;ghacc=0&amp;ghpl=\">Coca\u00efnepoeder<\/a> Biedt voordelen buiten het menselijk lichaam. Maar de belangrijkste reden voor het succes is dat het minder risico's voor de menselijke gezondheid oplevert. Het wordt vaak gebruikt in combinatie met andere receptplichtige medicijnen zoals fentanyl, talk, enz. Het kan echter schadelijk zijn voor de menselijke gezondheid als het zonder toezicht samen met fentanyl wordt gebruikt.<\/p>\n<p>Voordat je zo'n krachtige pro-drug gebruikt, moet je het dus eerst onderzoeken. Mensen gebruiken deze poederachtige substantie op verschillende manieren, bijvoorbeeld door het rechtstreeks in een ader te injecteren of door het te roken als een sigaret. De beste techniek om het te gebruiken hangt af van de unieke lichamelijke en geestelijke omstandigheden van elke persoon. <a href=\"https:\/\/legitgrams.com\/nl\/\">LegitGrams<\/a><\/p>\n<p>Hoewel het mengen van dit poeder met frisdrank een andere manier is waarop sommige mensen het hebben gebruikt, is dit extreem riskant.<\/p>\n<h3>Coca\u00efne in poedervorm voor medische doeleinden<\/h3>\n<p>Bovendien versterkt coca\u00efnepoeder het reactievermogen van de hersenen door meer chemicali\u00ebn aan de hersenen toe te voegen. <a href=\"https:\/\/duckduckgo.com\/?q=Buy+Powdered+cocaine+online+98.8%25+pure&amp;t=h_&amp;ia=web\">coca\u00efnepoeder<\/a> versterkt ook het reactiesysteem. Bij de behandeling van pati\u00ebnten die lijden aan apathie in hun gedrag en bewegingen, schrijven artsen recepten voor dit medicijn. Te koop: hydrochloride coca\u00efne<\/p>\n<p>Artsen gebruiken het ook om het ongemak tijdens veel chirurgische ingrepen te verminderen. Omdat het de geest een gevoel van vreugde en vitaliteit geeft, is de korte duur ervan enorm heilzaam voor mensen. Deze kwaliteiten maken het geliefd bij een groot aantal mensen over de hele wereld.<\/p>\n<p>Iedereen heeft gemakkelijk toegang tot de beschikbaarheid van coca\u00efnepoeder op de internetmarkt. Dit speciale poeder is ook verkrijgbaar tegen extreem betaalbare prijzen in onze online winkel. Bovendien bieden we de snelst mogelijke levering van het product aan uw deur.<\/p>\n<p>Aankoop 98,8% zuiver poeder <a href=\"https:\/\/en.wikipedia.org\/wiki\/Cocaine\">coca\u00efne<\/a> online op deze website. Coca\u00efnepoeder kan online worden gekocht. 98,8% puur, coca\u00efnepoeder online kopen, Waar kan ik coca\u00efnepoeder online kopen? Online, 98,8% puur coca\u00efnepoeder Het product is 98,8% puur en kan online worden gekocht. Het kan online worden gekocht en er zijn verschillende plaatsen waar je het kunt krijgen. Te koop: 98,8% puur, VS, Canada, VK, leveranciers, online aankoop, veilige levering, Poedervormige coca\u00efne is nog steeds online verkrijgbaar. 98,8% pure, Is het legaal om 98,8% pure poedercoca\u00efne online te kopen in de Verenigde Staten? Hoe kan ik poedervormige coca\u00efne online bestellen in de Verenigde Staten? Het is 98,8% puur. Is het in Canada legaal om coca\u00efne in poedervorm online te kopen?<\/p>","protected":false},"excerpt":{"rendered":"<p>Purchase and order cocaine powder online. The most popular form of cocaine is cocaine powder. For this reason, it is also referred to as a street drug. The Coca plants, which are primarily found in Southern countries, are used to make this powder. It is a potent stimulant that acts directly on the central brain &hellip;<\/p>\n<p class=\"read-more\"> <a class=\"\" href=\"https:\/\/legitgrams.com\/nl\/product\/cocaine-in-poedervorm-online-bestellen-98-8-puur\/\"> <span class=\"screen-reader-text\">Koop online poedercoca\u00efne 98,8% puur<\/span> Read More \u00bb<\/a><\/p>","protected":false},"featured_media":5333,"comment_status":"open","ping_status":"closed","template":"","meta":{"_uag_custom_page_level_css":"","site-sidebar-layout":"default","site-content-layout":"default","ast-global-header-display":"","ast-main-header-display":"","ast-hfb-above-header-display":"","ast-hfb-below-header-display":"","ast-hfb-mobile-header-display":"","site-post-title":"","ast-breadcrumbs-content":"","ast-featured-img":"","footer-sml-layout":"","theme-transparent-header-meta":"default","adv-header-id-meta":"","stick-header-meta":"default","header-above-stick-meta":"","header-main-stick-meta":"","header-below-stick-meta":"","_joinchat":[]},"product_brand":[],"product_cat":[70],"product_tag":[1361,1351,617,1343,1358,1355,1350,1348,1342,1345,1353,1344,1346,1356,1363,1364,1362,1354,1359,1360,1357,625,1349,1352,1347],"class_list":{"0":"post-4270","1":"product","2":"type-product","3":"status-publish","4":"has-post-thumbnail","6":"product_cat-cocaine","7":"product_tag-best-cheap-price-powdered-cocaine-online-98-8-pure","8":"product_tag-best-place-to-buy-powdered-cocaine-online-98-8-pure","9":"product_tag-bulk-online","10":"product_tag-buy-powdered-cocaine-online-98-8-pure","11":"product_tag-cheap-powdered-cocaine-online-98-8-pure","12":"product_tag-high-quality-powdered-cocaine-online-98-8-pure","13":"product_tag-how-to-buy-powdered-cocaine-online-98-8-pure","14":"product_tag-order-powdered-cocaine-online-98-8-pure","15":"product_tag-powdered-cocaine-online-98-8-pure","16":"product_tag-powdered-cocaine-online-98-8-pure-for-sale","17":"product_tag-powdered-cocaine-online-98-8-pure-legally","18":"product_tag-powdered-cocaine-online-98-8-pure-online","19":"product_tag-powdered-cocaine-online-98-8-pure-powdered-cocaine-online-98-8-pure-supplier","20":"product_tag-powdered-cocaine-online-98-8-pure-store","21":"product_tag-powdered-cocaine-online-98-8-pure-use","22":"product_tag-powdered-cocaine-online-98-8-pure-wiki","23":"product_tag-powdered-cocaine-online-98-8-pure-worldwide","24":"product_tag-powdered-cocaine-online-98-8-pureprice","25":"product_tag-powdered-cocaine-online-98-8-pures","26":"product_tag-purcharse-powdered-cocaine-online-98-8-pure","27":"product_tag-shop-powdered-cocaine-online-98-8-pure","28":"product_tag-top-quality","29":"product_tag-where-to-buy-powdered-cocaine-online-98-8-pure","30":"product_tag-where-to-order-powdered-cocaine-online-98-8-pure","31":"product_tag-wholesale-powdered-cocaine-online-98-8-pure","32":"desktop-align-left","33":"tablet-align-left","34":"mobile-align-left","35":"ast-product-gallery-layout-horizontal","36":"ast-product-gallery-with-no-image","37":"ast-product-single-variable","38":"ast-product-tabs-layout-horizontal","39":"ast-qv-on-image","41":"first","42":"instock","43":"shipping-taxable","44":"purchasable","45":"product-type-variable"},"yoast_head":"<!-- This site is optimized with the Yoast SEO plugin v25.9 - https:\/\/yoast.com\/wordpress\/plugins\/seo\/ -->\n<title>Powdered Cocaine for Sale - Order Powdered Cocaine Online<\/title>\n<meta name=\"description\" content=\"Find premium Powdered Cocaine for sale at our online store, providing a secure platform to buy Powdered Cocaine online with ease, catering to your research needs.\" \/>\n<meta name=\"robots\" content=\"index, follow, max-snippet:-1, max-image-preview:large, max-video-preview:-1\" \/>\n<link rel=\"canonical\" href=\"https:\/\/legitgrams.com\/nl\/product\/cocaine-in-poedervorm-online-bestellen-98-8-puur\/\" \/>\n<meta property=\"og:locale\" content=\"nl_BE\" \/>\n<meta property=\"og:type\" content=\"article\" \/>\n<meta property=\"og:title\" content=\"Powdered Cocaine for Sale - Order Powdered Cocaine Online\" \/>\n<meta property=\"og:description\" content=\"Find premium Powdered Cocaine for sale at our online store, providing a secure platform to buy Powdered Cocaine online with ease, catering to your research needs.\" \/>\n<meta property=\"og:url\" content=\"https:\/\/legitgrams.com\/nl\/product\/cocaine-in-poedervorm-online-bestellen-98-8-puur\/\" \/>\n<meta property=\"og:site_name\" content=\"Legit Grams\" \/>\n<meta property=\"article:modified_time\" content=\"2025-04-03T05:36:09+00:00\" \/>\n<meta property=\"og:image\" content=\"https:\/\/legitgrams.com\/wp-content\/uploads\/2024\/09\/order-powdered-cocaine-online-98-8-pure.jpg\" \/>\n\t<meta property=\"og:image:width\" content=\"600\" \/>\n\t<meta property=\"og:image:height\" content=\"600\" \/>\n\t<meta property=\"og:image:type\" content=\"image\/jpeg\" \/>\n<meta name=\"twitter:card\" content=\"summary_large_image\" \/>\n<meta name=\"twitter:label1\" content=\"Geschatte leestijd\" \/>\n\t<meta name=\"twitter:data1\" content=\"3 minuten\" \/>\n<script type=\"application\/ld+json\" class=\"yoast-schema-graph\">{\"@context\":\"https:\/\/schema.org\",\"@graph\":[{\"@type\":\"WebPage\",\"@id\":\"https:\/\/legitgrams.com\/product\/order-powdered-cocaine-online-98-8-pure\/\",\"url\":\"https:\/\/legitgrams.com\/product\/order-powdered-cocaine-online-98-8-pure\/\",\"name\":\"Powdered Cocaine for Sale - Order Powdered Cocaine Online\",\"isPartOf\":{\"@id\":\"https:\/\/legitgrams.com\/#website\"},\"primaryImageOfPage\":{\"@id\":\"https:\/\/legitgrams.com\/product\/order-powdered-cocaine-online-98-8-pure\/#primaryimage\"},\"image\":{\"@id\":\"https:\/\/legitgrams.com\/product\/order-powdered-cocaine-online-98-8-pure\/#primaryimage\"},\"thumbnailUrl\":\"https:\/\/legitgrams.com\/wp-content\/uploads\/2024\/09\/order-powdered-cocaine-online-98-8-pure.jpg\",\"datePublished\":\"2024-09-22T08:08:41+00:00\",\"dateModified\":\"2025-04-03T05:36:09+00:00\",\"description\":\"Find premium Powdered Cocaine for sale at our online store, providing a secure platform to buy Powdered Cocaine online with ease, catering to your research needs.\",\"breadcrumb\":{\"@id\":\"https:\/\/legitgrams.com\/product\/order-powdered-cocaine-online-98-8-pure\/#breadcrumb\"},\"inLanguage\":\"nl-BE\",\"potentialAction\":[{\"@type\":\"ReadAction\",\"target\":[\"https:\/\/legitgrams.com\/product\/order-powdered-cocaine-online-98-8-pure\/\"]}]},{\"@type\":\"ImageObject\",\"inLanguage\":\"nl-BE\",\"@id\":\"https:\/\/legitgrams.com\/product\/order-powdered-cocaine-online-98-8-pure\/#primaryimage\",\"url\":\"https:\/\/legitgrams.com\/wp-content\/uploads\/2024\/09\/order-powdered-cocaine-online-98-8-pure.jpg\",\"contentUrl\":\"https:\/\/legitgrams.com\/wp-content\/uploads\/2024\/09\/order-powdered-cocaine-online-98-8-pure.jpg\",\"width\":600,\"height\":600,\"caption\":\"Powdered Cocaine for Sale\"},{\"@type\":\"BreadcrumbList\",\"@id\":\"https:\/\/legitgrams.com\/product\/order-powdered-cocaine-online-98-8-pure\/#breadcrumb\",\"itemListElement\":[{\"@type\":\"ListItem\",\"position\":1,\"name\":\"Home\",\"item\":\"https:\/\/legitgrams.com\/\"},{\"@type\":\"ListItem\",\"position\":2,\"name\":\"Shop\",\"item\":\"https:\/\/legitgrams.com\/shop\/\"},{\"@type\":\"ListItem\",\"position\":3,\"name\":\"Buy Powdered cocaine online 98.8% pure\"}]},{\"@type\":\"WebSite\",\"@id\":\"https:\/\/legitgrams.com\/#website\",\"url\":\"https:\/\/legitgrams.com\/\",\"name\":\"Legit Grams\",\"description\":\"My WordPress Blog\",\"publisher\":{\"@id\":\"https:\/\/legitgrams.com\/#organization\"},\"potentialAction\":[{\"@type\":\"SearchAction\",\"target\":{\"@type\":\"EntryPoint\",\"urlTemplate\":\"https:\/\/legitgrams.com\/?s={search_term_string}\"},\"query-input\":{\"@type\":\"PropertyValueSpecification\",\"valueRequired\":true,\"valueName\":\"search_term_string\"}}],\"inLanguage\":\"nl-BE\"},{\"@type\":\"Organization\",\"@id\":\"https:\/\/legitgrams.com\/#organization\",\"name\":\"Legit Grams\",\"url\":\"https:\/\/legitgrams.com\/\",\"logo\":{\"@type\":\"ImageObject\",\"inLanguage\":\"nl-BE\",\"@id\":\"https:\/\/legitgrams.com\/#\/schema\/logo\/image\/\",\"url\":\"https:\/\/legitgrams.com\/wp-content\/uploads\/2024\/09\/main-logo.png\",\"contentUrl\":\"https:\/\/legitgrams.com\/wp-content\/uploads\/2024\/09\/main-logo.png\",\"width\":270,\"height\":75,\"caption\":\"Legit Grams\"},\"image\":{\"@id\":\"https:\/\/legitgrams.com\/#\/schema\/logo\/image\/\"}}]}<\/script>\n<!-- \/ Yoast SEO plugin. -->","yoast_head_json":{"title":"Coca\u00efnepoeder te koop - Bestel coca\u00efnepoeder online","description":"Vind eersteklas Powdered Cocaine te koop in onze online winkel, die een veilig platform biedt om Powdered Cocaine met gemak online te kopen en tegemoet te komen aan jouw onderzoeksbehoeften.","robots":{"index":"index","follow":"follow","max-snippet":"max-snippet:-1","max-image-preview":"max-image-preview:large","max-video-preview":"max-video-preview:-1"},"canonical":"https:\/\/legitgrams.com\/nl\/product\/cocaine-in-poedervorm-online-bestellen-98-8-puur\/","og_locale":"nl_BE","og_type":"article","og_title":"Powdered Cocaine for Sale - Order Powdered Cocaine Online","og_description":"Find premium Powdered Cocaine for sale at our online store, providing a secure platform to buy Powdered Cocaine online with ease, catering to your research needs.","og_url":"https:\/\/legitgrams.com\/nl\/product\/cocaine-in-poedervorm-online-bestellen-98-8-puur\/","og_site_name":"Legit Grams","article_modified_time":"2025-04-03T05:36:09+00:00","og_image":[{"width":600,"height":600,"url":"https:\/\/legitgrams.com\/wp-content\/uploads\/2024\/09\/order-powdered-cocaine-online-98-8-pure.jpg","type":"image\/jpeg"}],"twitter_card":"summary_large_image","twitter_misc":{"Geschatte leestijd":"3 minuten"},"schema":{"@context":"https:\/\/schema.org","@graph":[{"@type":"WebPage","@id":"https:\/\/legitgrams.com\/product\/order-powdered-cocaine-online-98-8-pure\/","url":"https:\/\/legitgrams.com\/product\/order-powdered-cocaine-online-98-8-pure\/","name":"Coca\u00efnepoeder te koop - Bestel coca\u00efnepoeder online","isPartOf":{"@id":"https:\/\/legitgrams.com\/#website"},"primaryImageOfPage":{"@id":"https:\/\/legitgrams.com\/product\/order-powdered-cocaine-online-98-8-pure\/#primaryimage"},"image":{"@id":"https:\/\/legitgrams.com\/product\/order-powdered-cocaine-online-98-8-pure\/#primaryimage"},"thumbnailUrl":"https:\/\/legitgrams.com\/wp-content\/uploads\/2024\/09\/order-powdered-cocaine-online-98-8-pure.jpg","datePublished":"2024-09-22T08:08:41+00:00","dateModified":"2025-04-03T05:36:09+00:00","description":"Vind eersteklas Powdered Cocaine te koop in onze online winkel, die een veilig platform biedt om Powdered Cocaine met gemak online te kopen en tegemoet te komen aan jouw onderzoeksbehoeften.","breadcrumb":{"@id":"https:\/\/legitgrams.com\/product\/order-powdered-cocaine-online-98-8-pure\/#breadcrumb"},"inLanguage":"nl-BE","potentialAction":[{"@type":"ReadAction","target":["https:\/\/legitgrams.com\/product\/order-powdered-cocaine-online-98-8-pure\/"]}]},{"@type":"ImageObject","inLanguage":"nl-BE","@id":"https:\/\/legitgrams.com\/product\/order-powdered-cocaine-online-98-8-pure\/#primaryimage","url":"https:\/\/legitgrams.com\/wp-content\/uploads\/2024\/09\/order-powdered-cocaine-online-98-8-pure.jpg","contentUrl":"https:\/\/legitgrams.com\/wp-content\/uploads\/2024\/09\/order-powdered-cocaine-online-98-8-pure.jpg","width":600,"height":600,"caption":"Powdered Cocaine for Sale"},{"@type":"BreadcrumbList","@id":"https:\/\/legitgrams.com\/product\/order-powdered-cocaine-online-98-8-pure\/#breadcrumb","itemListElement":[{"@type":"ListItem","position":1,"name":"Home","item":"https:\/\/legitgrams.com\/"},{"@type":"ListItem","position":2,"name":"Shop","item":"https:\/\/legitgrams.com\/shop\/"},{"@type":"ListItem","position":3,"name":"Buy Powdered cocaine online 98.8% pure"}]},{"@type":"WebSite","@id":"https:\/\/legitgrams.com\/#website","url":"https:\/\/legitgrams.com\/","name":"Legitieme grammen","description":"Mijn WordPress Blog","publisher":{"@id":"https:\/\/legitgrams.com\/#organization"},"potentialAction":[{"@type":"SearchAction","target":{"@type":"EntryPoint","urlTemplate":"https:\/\/legitgrams.com\/?s={search_term_string}"},"query-input":{"@type":"PropertyValueSpecification","valueRequired":true,"valueName":"search_term_string"}}],"inLanguage":"nl-BE"},{"@type":"Organization","@id":"https:\/\/legitgrams.com\/#organization","name":"Legitieme grammen","url":"https:\/\/legitgrams.com\/","logo":{"@type":"ImageObject","inLanguage":"nl-BE","@id":"https:\/\/legitgrams.com\/#\/schema\/logo\/image\/","url":"https:\/\/legitgrams.com\/wp-content\/uploads\/2024\/09\/main-logo.png","contentUrl":"https:\/\/legitgrams.com\/wp-content\/uploads\/2024\/09\/main-logo.png","width":270,"height":75,"caption":"Legit Grams"},"image":{"@id":"https:\/\/legitgrams.com\/#\/schema\/logo\/image\/"}}]}},"uagb_featured_image_src":{"full":["https:\/\/legitgrams.com\/wp-content\/uploads\/2024\/09\/order-powdered-cocaine-online-98-8-pure.jpg",600,600,false],"thumbnail":["https:\/\/legitgrams.com\/wp-content\/uploads\/2024\/09\/order-powdered-cocaine-online-98-8-pure-150x150.jpg",150,150,true],"medium":["https:\/\/legitgrams.com\/wp-content\/uploads\/2024\/09\/order-powdered-cocaine-online-98-8-pure-300x300.jpg",300,300,true],"medium_large":["https:\/\/legitgrams.com\/wp-content\/uploads\/2024\/09\/order-powdered-cocaine-online-98-8-pure.jpg",600,600,false],"large":["https:\/\/legitgrams.com\/wp-content\/uploads\/2024\/09\/order-powdered-cocaine-online-98-8-pure.jpg",600,600,false],"1536x1536":["https:\/\/legitgrams.com\/wp-content\/uploads\/2024\/09\/order-powdered-cocaine-online-98-8-pure.jpg",600,600,false],"2048x2048":["https:\/\/legitgrams.com\/wp-content\/uploads\/2024\/09\/order-powdered-cocaine-online-98-8-pure.jpg",600,600,false],"trp-custom-language-flag":["https:\/\/legitgrams.com\/wp-content\/uploads\/2024\/09\/order-powdered-cocaine-online-98-8-pure-12x12.jpg",12,12,true],"woocommerce_thumbnail":["https:\/\/legitgrams.com\/wp-content\/uploads\/2024\/09\/order-powdered-cocaine-online-98-8-pure-300x300.jpg",300,300,true],"woocommerce_single":["https:\/\/legitgrams.com\/wp-content\/uploads\/2024\/09\/order-powdered-cocaine-online-98-8-pure.jpg",600,600,false],"woocommerce_gallery_thumbnail":["https:\/\/legitgrams.com\/wp-content\/uploads\/2024\/09\/order-powdered-cocaine-online-98-8-pure-100x100.jpg",100,100,true]},"uagb_author_info":{"display_name":"cokeblog18","author_link":"https:\/\/legitgrams.com\/nl\/author\/"},"uagb_comment_info":0,"uagb_excerpt":"Purchase and order cocaine powder online. The most popular form of cocaine is cocaine powder. For this reason, it is also referred to as a street drug. The Coca plants, which are primarily found in Southern countries, are used to make this powder. It is a potent stimulant that acts directly on the central brain&hellip;","_links":{"self":[{"href":"https:\/\/legitgrams.com\/nl\/wp-json\/wp\/v2\/product\/4270","targetHints":{"allow":["GET"]}}],"collection":[{"href":"https:\/\/legitgrams.com\/nl\/wp-json\/wp\/v2\/product"}],"about":[{"href":"https:\/\/legitgrams.com\/nl\/wp-json\/wp\/v2\/types\/product"}],"replies":[{"embeddable":true,"href":"https:\/\/legitgrams.com\/nl\/wp-json\/wp\/v2\/comments?post=4270"}],"wp:featuredmedia":[{"embeddable":true,"href":"https:\/\/legitgrams.com\/nl\/wp-json\/wp\/v2\/media\/5333"}],"wp:attachment":[{"href":"https:\/\/legitgrams.com\/nl\/wp-json\/wp\/v2\/media?parent=4270"}],"wp:term":[{"taxonomy":"product_brand","embeddable":true,"href":"https:\/\/legitgrams.com\/nl\/wp-json\/wp\/v2\/product_brand?post=4270"},{"taxonomy":"product_cat","embeddable":true,"href":"https:\/\/legitgrams.com\/nl\/wp-json\/wp\/v2\/product_cat?post=4270"},{"taxonomy":"product_tag","embeddable":true,"href":"https:\/\/legitgrams.com\/nl\/wp-json\/wp\/v2\/product_tag?post=4270"}],"curies":[{"name":"wp","href":"https:\/\/api.w.org\/{rel}","templated":true}]}}