{"id":4299,"date":"2024-09-22T10:05:23","date_gmt":"2024-09-22T10:05:23","guid":{"rendered":"https:\/\/legitgrams.com\/?post_type=product&#038;p=4299"},"modified":"2026-02-28T13:26:41","modified_gmt":"2026-02-28T13:26:41","slug":"witte-heroine-100-puur","status":"publish","type":"product","link":"https:\/\/legitgrams.com\/nl\/product\/witte-heroine-100-puur\/","title":{"rendered":"Koop Witte Hero\u00efne 100% Puur Online"},"content":{"rendered":"<h2>100% zuivere witte hero\u00efne te koop<\/h2>\n<p><a href=\"https:\/\/legitgrams.com\/nl\/product\/witte-heroine-100-puur\/\">CHEESY WITTE HELDIN ONLINE<\/a> Elk product wordt verzonden met een aparte verzendmethode direct vanuit ons magazijn. Om veiligheidsredenen wordt onze beste coca\u00efne naar u verzonden in potten of voedsel-\/drugsverpakkingen, op basis van het beschikbare verpakkingsmateriaal en gewicht.<\/p>\n<p>Omdat witte hero\u00efnepoeder gemakkelijk oplost in water, spuiten de meeste hero\u00efnegebruikers de drug. Sommige mensen ruiken het. Het wordt meestal niet gerookt omdat de verbrandingstemperatuur veel hoger is dan die van andere soorten hero\u00efne. <a href=\"https:\/\/legitgrams.com\/nl\/\">LegitGrams<\/a><\/p>\n<p>Soms ruikt de witte hero\u00efne in poedervorm naar azijn en smaakt het slecht. Het dunne witte poeder wordt vaak aangezien voor coca\u00efne.<\/p>\n<p>Krijg wit <a href=\"https:\/\/en.wikipedia.org\/wiki\/Heroin\">Hero\u00efne<\/a> in zijn puurste vorm online: koop Koop Witte Hero\u00efne. Het beste type Witte Hero\u00efne kan online worden gekocht: koop Witte Hero\u00efne, koop Witte Hero\u00efne online, Waar kan ik 100% pure witte hero\u00efne online vinden? Waar kan ik 100% pure witte hero\u00efne vinden voor verkoop in de Verenigde Staten, Canada en het Verenigd Koninkrijk? Waar kan ik leveranciers vinden voor veilige levering? Witte hero\u00efne die 100% puur is, is nog steeds verkrijgbaar. Is het legaal in de VS om 100% pure witte hero\u00efne online te kopen? Hoe kan ik witte hero\u00efne bestellen die 100% puur is? Is het legaal om pure witte hero\u00efne te gebruiken in Canada?<\/p>\n<h2><\/h2>\n<p>&nbsp;<\/p>\n<p>&nbsp;<\/p>","protected":false},"excerpt":{"rendered":"<p>100% pure white heroin for sale CHEESY WHITE HEROINE ONLINE Every product is dispatched utilizing a distinct shipping method directly from our warehouse. For safety reasons, our best cocaine will be sent to you in jars or food\/drug packaging. based on the available packing material and weight. Because white powdered heroin dissolves readily in water, &hellip;<\/p>\n<p class=\"read-more\"> <a class=\"\" href=\"https:\/\/legitgrams.com\/nl\/product\/witte-heroine-100-puur\/\"> <span class=\"screen-reader-text\">Koop Witte Hero\u00efne 100% Puur Online<\/span> Read More \u00bb<\/a><\/p>","protected":false},"featured_media":5337,"comment_status":"open","ping_status":"closed","template":"","meta":{"_uag_custom_page_level_css":"","site-sidebar-layout":"default","site-content-layout":"default","ast-global-header-display":"","ast-main-header-display":"","ast-hfb-above-header-display":"","ast-hfb-below-header-display":"","ast-hfb-mobile-header-display":"","site-post-title":"","ast-breadcrumbs-content":"","ast-featured-img":"","footer-sml-layout":"","theme-transparent-header-meta":"default","adv-header-id-meta":"","stick-header-meta":"default","header-above-stick-meta":"","header-main-stick-meta":"","header-below-stick-meta":"","_joinchat":[]},"product_brand":[],"product_cat":[601],"product_tag":[806,796,617,787,803,800,795,792,805,802,625,794,797,786,810,798,793,808,809,807,789,788,799,804,801,790,791],"class_list":{"0":"post-4299","1":"product","2":"type-product","3":"status-publish","4":"has-post-thumbnail","6":"product_cat-heroine","7":"product_tag-best-cheap-price-white-heroin-100-pure","8":"product_tag-best-place-to-buy-white-heroin-100-pure","9":"product_tag-bulk-online","10":"product_tag-buy-white-heroin-100-pure","11":"product_tag-cheap-white-heroin-100-pure","12":"product_tag-high-quality-white-heroin-100-pure","13":"product_tag-how-to-buy-white-heroin-100-pure","14":"product_tag-order-white-heroin-100-pure","15":"product_tag-purcharse-white-heroin-100-pure","16":"product_tag-shop-white-heroin-100-pure","17":"product_tag-top-quality","18":"product_tag-where-to-buy-white-heroin-100-pure","19":"product_tag-where-to-order-white-heroin-100-pure","20":"product_tag-white-heroin-100-pure","21":"product_tag-white-heroin-100-pure-for-sale","22":"product_tag-white-heroin-100-pure-legally","23":"product_tag-white-heroin-100-pure-online","24":"product_tag-white-heroin-100-pure-use","25":"product_tag-white-heroin-100-pure-wiki","26":"product_tag-white-heroin-100-pure-worldwide","27":"product_tag-white-heroin-100-purefor-sale","28":"product_tag-white-heroin-100-pureonline","29":"product_tag-white-heroin-100-pureprice","30":"product_tag-white-heroin-100-pures","31":"product_tag-white-heroin-100-purestore","32":"product_tag-white-heroin-100-purewhite-heroin-100-puresupplier","33":"product_tag-wholesale-white-heroin-100-pure","34":"desktop-align-left","35":"tablet-align-left","36":"mobile-align-left","37":"ast-product-gallery-layout-horizontal","38":"ast-product-gallery-with-no-image","39":"ast-product-single-variable","40":"ast-product-tabs-layout-horizontal","41":"ast-qv-on-image","43":"first","44":"instock","45":"shipping-taxable","46":"purchasable","47":"product-type-variable"},"yoast_head":"<!-- This site is optimized with the Yoast SEO plugin v25.9 - https:\/\/yoast.com\/wordpress\/plugins\/seo\/ -->\n<title>White Heroin 100% pure for Sale - Buy White Heroin Online<\/title>\n<meta name=\"description\" content=\"Do you want to buy white heroin 100% pure online at an affordable price? LegitGrams is best place where you can get high-qualitty white heroin for sale.\" \/>\n<meta name=\"robots\" content=\"index, follow, max-snippet:-1, max-image-preview:large, max-video-preview:-1\" \/>\n<link rel=\"canonical\" href=\"https:\/\/legitgrams.com\/nl\/product\/witte-heroine-100-puur\/\" \/>\n<meta property=\"og:locale\" content=\"nl_BE\" \/>\n<meta property=\"og:type\" content=\"article\" \/>\n<meta property=\"og:title\" content=\"White Heroin 100% pure for Sale - Buy White Heroin Online\" \/>\n<meta property=\"og:description\" content=\"Do you want to buy white heroin 100% pure online at an affordable price? LegitGrams is best place where you can get high-qualitty white heroin for sale.\" \/>\n<meta property=\"og:url\" content=\"https:\/\/legitgrams.com\/nl\/product\/witte-heroine-100-puur\/\" \/>\n<meta property=\"og:site_name\" content=\"Legit Grams\" \/>\n<meta property=\"article:modified_time\" content=\"2026-02-28T13:26:41+00:00\" \/>\n<meta property=\"og:image\" content=\"https:\/\/legitgrams.com\/wp-content\/uploads\/2024\/09\/Buy-White-Heroin-100-pure-online.jpg\" \/>\n\t<meta property=\"og:image:width\" content=\"600\" \/>\n\t<meta property=\"og:image:height\" content=\"600\" \/>\n\t<meta property=\"og:image:type\" content=\"image\/jpeg\" \/>\n<meta name=\"twitter:card\" content=\"summary_large_image\" \/>\n<meta name=\"twitter:label1\" content=\"Geschatte leestijd\" \/>\n\t<meta name=\"twitter:data1\" content=\"2 minuten\" \/>\n<script type=\"application\/ld+json\" class=\"yoast-schema-graph\">{\"@context\":\"https:\/\/schema.org\",\"@graph\":[{\"@type\":\"WebPage\",\"@id\":\"https:\/\/legitgrams.com\/product\/white-heroin-100-pure\/\",\"url\":\"https:\/\/legitgrams.com\/product\/white-heroin-100-pure\/\",\"name\":\"White Heroin 100% pure for Sale - Buy White Heroin Online\",\"isPartOf\":{\"@id\":\"https:\/\/legitgrams.com\/#website\"},\"primaryImageOfPage\":{\"@id\":\"https:\/\/legitgrams.com\/product\/white-heroin-100-pure\/#primaryimage\"},\"image\":{\"@id\":\"https:\/\/legitgrams.com\/product\/white-heroin-100-pure\/#primaryimage\"},\"thumbnailUrl\":\"https:\/\/legitgrams.com\/wp-content\/uploads\/2024\/09\/Buy-White-Heroin-100-pure-online.jpg\",\"datePublished\":\"2024-09-22T10:05:23+00:00\",\"dateModified\":\"2026-02-28T13:26:41+00:00\",\"description\":\"Do you want to buy white heroin 100% pure online at an affordable price? LegitGrams is best place where you can get high-qualitty white heroin for sale.\",\"breadcrumb\":{\"@id\":\"https:\/\/legitgrams.com\/product\/white-heroin-100-pure\/#breadcrumb\"},\"inLanguage\":\"nl-BE\",\"potentialAction\":[{\"@type\":\"ReadAction\",\"target\":[\"https:\/\/legitgrams.com\/product\/white-heroin-100-pure\/\"]}]},{\"@type\":\"ImageObject\",\"inLanguage\":\"nl-BE\",\"@id\":\"https:\/\/legitgrams.com\/product\/white-heroin-100-pure\/#primaryimage\",\"url\":\"https:\/\/legitgrams.com\/wp-content\/uploads\/2024\/09\/Buy-White-Heroin-100-pure-online.jpg\",\"contentUrl\":\"https:\/\/legitgrams.com\/wp-content\/uploads\/2024\/09\/Buy-White-Heroin-100-pure-online.jpg\",\"width\":600,\"height\":600,\"caption\":\"White Heroin 100% pure for Sale\"},{\"@type\":\"BreadcrumbList\",\"@id\":\"https:\/\/legitgrams.com\/product\/white-heroin-100-pure\/#breadcrumb\",\"itemListElement\":[{\"@type\":\"ListItem\",\"position\":1,\"name\":\"Home\",\"item\":\"https:\/\/legitgrams.com\/\"},{\"@type\":\"ListItem\",\"position\":2,\"name\":\"Shop\",\"item\":\"https:\/\/legitgrams.com\/shop\/\"},{\"@type\":\"ListItem\",\"position\":3,\"name\":\"Buy White Heroin 100% Pure Online\"}]},{\"@type\":\"WebSite\",\"@id\":\"https:\/\/legitgrams.com\/#website\",\"url\":\"https:\/\/legitgrams.com\/\",\"name\":\"Legit Grams\",\"description\":\"My WordPress Blog\",\"publisher\":{\"@id\":\"https:\/\/legitgrams.com\/#organization\"},\"potentialAction\":[{\"@type\":\"SearchAction\",\"target\":{\"@type\":\"EntryPoint\",\"urlTemplate\":\"https:\/\/legitgrams.com\/?s={search_term_string}\"},\"query-input\":{\"@type\":\"PropertyValueSpecification\",\"valueRequired\":true,\"valueName\":\"search_term_string\"}}],\"inLanguage\":\"nl-BE\"},{\"@type\":\"Organization\",\"@id\":\"https:\/\/legitgrams.com\/#organization\",\"name\":\"Legit Grams\",\"url\":\"https:\/\/legitgrams.com\/\",\"logo\":{\"@type\":\"ImageObject\",\"inLanguage\":\"nl-BE\",\"@id\":\"https:\/\/legitgrams.com\/#\/schema\/logo\/image\/\",\"url\":\"https:\/\/legitgrams.com\/wp-content\/uploads\/2024\/09\/main-logo.png\",\"contentUrl\":\"https:\/\/legitgrams.com\/wp-content\/uploads\/2024\/09\/main-logo.png\",\"width\":270,\"height\":75,\"caption\":\"Legit Grams\"},\"image\":{\"@id\":\"https:\/\/legitgrams.com\/#\/schema\/logo\/image\/\"}}]}<\/script>\n<!-- \/ Yoast SEO plugin. -->","yoast_head_json":{"title":"Witte Hero\u00efne 100% puur te koop - Koop Witte Hero\u00efne Online","description":"Wilt u online 100% pure witte hero\u00efne kopen voor een betaalbare prijs? Legit Grams is de beste plek waar u hoogwaardige witte hero\u00efne kunt kopen.","robots":{"index":"index","follow":"follow","max-snippet":"max-snippet:-1","max-image-preview":"max-image-preview:large","max-video-preview":"max-video-preview:-1"},"canonical":"https:\/\/legitgrams.com\/nl\/product\/witte-heroine-100-puur\/","og_locale":"nl_BE","og_type":"article","og_title":"White Heroin 100% pure for Sale - Buy White Heroin Online","og_description":"Do you want to buy white heroin 100% pure online at an affordable price? LegitGrams is best place where you can get high-qualitty white heroin for sale.","og_url":"https:\/\/legitgrams.com\/nl\/product\/witte-heroine-100-puur\/","og_site_name":"Legit Grams","article_modified_time":"2026-02-28T13:26:41+00:00","og_image":[{"width":600,"height":600,"url":"https:\/\/legitgrams.com\/wp-content\/uploads\/2024\/09\/Buy-White-Heroin-100-pure-online.jpg","type":"image\/jpeg"}],"twitter_card":"summary_large_image","twitter_misc":{"Geschatte leestijd":"2 minuten"},"schema":{"@context":"https:\/\/schema.org","@graph":[{"@type":"WebPage","@id":"https:\/\/legitgrams.com\/product\/white-heroin-100-pure\/","url":"https:\/\/legitgrams.com\/product\/white-heroin-100-pure\/","name":"Witte Hero\u00efne 100% puur te koop - Koop Witte Hero\u00efne Online","isPartOf":{"@id":"https:\/\/legitgrams.com\/#website"},"primaryImageOfPage":{"@id":"https:\/\/legitgrams.com\/product\/white-heroin-100-pure\/#primaryimage"},"image":{"@id":"https:\/\/legitgrams.com\/product\/white-heroin-100-pure\/#primaryimage"},"thumbnailUrl":"https:\/\/legitgrams.com\/wp-content\/uploads\/2024\/09\/Buy-White-Heroin-100-pure-online.jpg","datePublished":"2024-09-22T10:05:23+00:00","dateModified":"2026-02-28T13:26:41+00:00","description":"Wilt u online 100% pure witte hero\u00efne kopen voor een betaalbare prijs? Legit Grams is de beste plek waar u hoogwaardige witte hero\u00efne kunt kopen.","breadcrumb":{"@id":"https:\/\/legitgrams.com\/product\/white-heroin-100-pure\/#breadcrumb"},"inLanguage":"nl-BE","potentialAction":[{"@type":"ReadAction","target":["https:\/\/legitgrams.com\/product\/white-heroin-100-pure\/"]}]},{"@type":"ImageObject","inLanguage":"nl-BE","@id":"https:\/\/legitgrams.com\/product\/white-heroin-100-pure\/#primaryimage","url":"https:\/\/legitgrams.com\/wp-content\/uploads\/2024\/09\/Buy-White-Heroin-100-pure-online.jpg","contentUrl":"https:\/\/legitgrams.com\/wp-content\/uploads\/2024\/09\/Buy-White-Heroin-100-pure-online.jpg","width":600,"height":600,"caption":"White Heroin 100% pure for Sale"},{"@type":"BreadcrumbList","@id":"https:\/\/legitgrams.com\/product\/white-heroin-100-pure\/#breadcrumb","itemListElement":[{"@type":"ListItem","position":1,"name":"Home","item":"https:\/\/legitgrams.com\/"},{"@type":"ListItem","position":2,"name":"Shop","item":"https:\/\/legitgrams.com\/shop\/"},{"@type":"ListItem","position":3,"name":"Buy White Heroin 100% Pure Online"}]},{"@type":"WebSite","@id":"https:\/\/legitgrams.com\/#website","url":"https:\/\/legitgrams.com\/","name":"Legitieme grammen","description":"Mijn WordPress Blog","publisher":{"@id":"https:\/\/legitgrams.com\/#organization"},"potentialAction":[{"@type":"SearchAction","target":{"@type":"EntryPoint","urlTemplate":"https:\/\/legitgrams.com\/?s={search_term_string}"},"query-input":{"@type":"PropertyValueSpecification","valueRequired":true,"valueName":"search_term_string"}}],"inLanguage":"nl-BE"},{"@type":"Organization","@id":"https:\/\/legitgrams.com\/#organization","name":"Legitieme grammen","url":"https:\/\/legitgrams.com\/","logo":{"@type":"ImageObject","inLanguage":"nl-BE","@id":"https:\/\/legitgrams.com\/#\/schema\/logo\/image\/","url":"https:\/\/legitgrams.com\/wp-content\/uploads\/2024\/09\/main-logo.png","contentUrl":"https:\/\/legitgrams.com\/wp-content\/uploads\/2024\/09\/main-logo.png","width":270,"height":75,"caption":"Legit Grams"},"image":{"@id":"https:\/\/legitgrams.com\/#\/schema\/logo\/image\/"}}]}},"uagb_featured_image_src":{"full":["https:\/\/legitgrams.com\/wp-content\/uploads\/2024\/09\/Buy-White-Heroin-100-pure-online.jpg",600,600,false],"thumbnail":["https:\/\/legitgrams.com\/wp-content\/uploads\/2024\/09\/Buy-White-Heroin-100-pure-online-150x150.jpg",150,150,true],"medium":["https:\/\/legitgrams.com\/wp-content\/uploads\/2024\/09\/Buy-White-Heroin-100-pure-online-300x300.jpg",300,300,true],"medium_large":["https:\/\/legitgrams.com\/wp-content\/uploads\/2024\/09\/Buy-White-Heroin-100-pure-online.jpg",600,600,false],"large":["https:\/\/legitgrams.com\/wp-content\/uploads\/2024\/09\/Buy-White-Heroin-100-pure-online.jpg",600,600,false],"1536x1536":["https:\/\/legitgrams.com\/wp-content\/uploads\/2024\/09\/Buy-White-Heroin-100-pure-online.jpg",600,600,false],"2048x2048":["https:\/\/legitgrams.com\/wp-content\/uploads\/2024\/09\/Buy-White-Heroin-100-pure-online.jpg",600,600,false],"trp-custom-language-flag":["https:\/\/legitgrams.com\/wp-content\/uploads\/2024\/09\/Buy-White-Heroin-100-pure-online-12x12.jpg",12,12,true],"woocommerce_thumbnail":["https:\/\/legitgrams.com\/wp-content\/uploads\/2024\/09\/Buy-White-Heroin-100-pure-online-300x300.jpg",300,300,true],"woocommerce_single":["https:\/\/legitgrams.com\/wp-content\/uploads\/2024\/09\/Buy-White-Heroin-100-pure-online.jpg",600,600,false],"woocommerce_gallery_thumbnail":["https:\/\/legitgrams.com\/wp-content\/uploads\/2024\/09\/Buy-White-Heroin-100-pure-online-100x100.jpg",100,100,true]},"uagb_author_info":{"display_name":"cokeblog18","author_link":"https:\/\/legitgrams.com\/nl\/author\/"},"uagb_comment_info":0,"uagb_excerpt":"100% pure white heroin for sale CHEESY WHITE HEROINE ONLINE Every product is dispatched utilizing a distinct shipping method directly from our warehouse. For safety reasons, our best cocaine will be sent to you in jars or food\/drug packaging. based on the available packing material and weight. Because white powdered heroin dissolves readily in water,&hellip;","_links":{"self":[{"href":"https:\/\/legitgrams.com\/nl\/wp-json\/wp\/v2\/product\/4299","targetHints":{"allow":["GET"]}}],"collection":[{"href":"https:\/\/legitgrams.com\/nl\/wp-json\/wp\/v2\/product"}],"about":[{"href":"https:\/\/legitgrams.com\/nl\/wp-json\/wp\/v2\/types\/product"}],"replies":[{"embeddable":true,"href":"https:\/\/legitgrams.com\/nl\/wp-json\/wp\/v2\/comments?post=4299"}],"wp:featuredmedia":[{"embeddable":true,"href":"https:\/\/legitgrams.com\/nl\/wp-json\/wp\/v2\/media\/5337"}],"wp:attachment":[{"href":"https:\/\/legitgrams.com\/nl\/wp-json\/wp\/v2\/media?parent=4299"}],"wp:term":[{"taxonomy":"product_brand","embeddable":true,"href":"https:\/\/legitgrams.com\/nl\/wp-json\/wp\/v2\/product_brand?post=4299"},{"taxonomy":"product_cat","embeddable":true,"href":"https:\/\/legitgrams.com\/nl\/wp-json\/wp\/v2\/product_cat?post=4299"},{"taxonomy":"product_tag","embeddable":true,"href":"https:\/\/legitgrams.com\/nl\/wp-json\/wp\/v2\/product_tag?post=4299"}],"curies":[{"name":"wp","href":"https:\/\/api.w.org\/{rel}","templated":true}]}}