{"id":4309,"date":"2024-09-22T10:19:12","date_gmt":"2024-09-22T10:19:12","guid":{"rendered":"https:\/\/legitgrams.com\/?post_type=product&#038;p=4309"},"modified":"2026-02-26T12:31:36","modified_gmt":"2026-02-26T12:31:36","slug":"volkswagen-cocaine-90-pure","status":"publish","type":"product","link":"https:\/\/legitgrams.com\/nl\/product\/volkswagen-cocaine-90-pure\/","title":{"rendered":"Buy Volkswagen Cocaine 90% pure Online"},"content":{"rendered":"<h2>Volkswagen Coca\u00efne Online Kopen<\/h2>\n<p>Bijna 70-90% pure coca\u00efne vormt de bestanddelen van Volkswagen coca\u00efne. Het wordt gerekend tot de soorten coca\u00efne die gewoonlijk in de wereld van vandaag worden aangetroffen. In veel omstandigheden werkt deze coca\u00efne als een blokker of pijnstiller.<\/p>\n<p>Een van de meest gebruikte psychotrope middelen in zowel medische als niet-medische context is <a href=\"https:\/\/en.wikipedia.org\/wiki\/Volkswagen\">Volkswagen<\/a> coca\u00efne. In bepaalde situaties heeft Volkswagen coca\u00efne ook stimulerende eigenschappen. Daarom wordt het gebruikt bij de productie van verschillende geneesmiddelen.<\/p>\n<h3>Hoe Volkswagen coca\u00efne werkt<\/h3>\n<p>Hoewel de hoeveelheid pure coca\u00efne in elke soort verschilt, zijn bepaalde soorten coca\u00efne heilzamer dan andere. Volkswagen coca\u00efne is ook op verschillende manieren goed voor het menselijk lichaam.<\/p>\n<p>Dit extreem zuivere materiaal wordt gebruikt voor nauwkeurig en snel werk. Deze coca\u00efne tast onmiddellijk het centrale zenuwstelsel aan. Bepaalde chemische hormonen die worden gebruikt om pijn te verminderen, worden door deze coca\u00efne gestimuleerd.<\/p>\n<p>Het verbetert ook de afgifte van bepaalde neurotransmitters door de hersenen. In bepaalde gevallen laat het echter ook zelf chemicali\u00ebn vrij om de pijn te beheersen. Omdat het ontspannend werkt, kan elke vorm van pijn worden verminderd. Mensen ervaren hierdoor een verlichting van hun pijn. <a href=\"https:\/\/legitgrams.com\/nl\/\">LegitGrams<\/a><\/p>\n<p>Dit pro-drug kan ook worden gebruikt om slapeloosheid tegen te gaan. De inhoud bevat een kleine hoeveelheid medicijnen die slaap opwekken.<\/p>\n<p>Volkswagen coca\u00efne wordt niet alleen voorgeschreven, maar het wordt ook voor veel doeleinden gebruikt in dansclubs door gewone mensen. Gebruikers meldden dat ze zich alerter en levendiger voelden na het gebruik van dit medicijn, maar alleen tijdelijk.<\/p>\n<p>Volkswagen coca\u00efne is een zeer zuivere drug, wat betekent dat langdurig gebruik schadelijk kan zijn voor de gezondheid. Daarom mag het alleen worden gebruikt in overeenstemming met wat het menselijk lichaam nodig heeft.<\/p>\n<p>Volkswagen coca\u00efne kun je ook kopen tegen een zeer betaalbare prijs in onze webwinkel. Met onze verzendservice kun je het artikel snel ontvangen. Onze chemici hebben ervoor gezorgd dat de opslagomstandigheden zodanig zijn dat de zuiverheid door geen enkele factor kan veranderen.<\/p>\n<p><a href=\"https:\/\/legitgrams.com\/nl\/product\/volkswagen-cocaine-90-pure\/\">VW-coca\u00efne online kopen<\/a> 90% Pure - VW-coca\u00efne kopen, VW-coca\u00efne online kopen 90% Pure, VW-coca\u00efne online kopen, waar VW-coca\u00efne online kopen 90% Pure, waar VW-coca\u00efne online kopen 90% Pure, VW-coca\u00efne online kopen 90% Pure, Aankoop VW Coca\u00efne Online 90% Pure, Aankoop VW Coca\u00efne Online, Waar VW Coca\u00efne Online Kopen, Aankoop VW Coca\u00efne Online 90% Pure te koop in USA, Canada, UK, Kopen, Online, Leveranciers, Veilige Levering, 90% pure Volkswagen Coca\u00efne is nog steeds online beschikbaar. Is het legaal om 90% pure Volkswagen Coca\u00efne online te kopen in de Verenigde Staten? Hoe kan ik online een bestelling plaatsen voor 90% pure Volkswagen coca\u00efne? Is 90% pure Volkswagen coca\u00efne online legaal in Canada?<\/p>","protected":false},"excerpt":{"rendered":"<p>Purchase Volkswagen Cocaine Online Nearly 70\u201390% pure cocaine makes up Volkswagen cocaine&#8217;s components. It is ranked among the varieties of cocaine that are typically found in today&#8217;s world. In many circumstances, this cocaine works as a blocker or a pain reliever. One of the most psychotropic substances utilized in both medical and non-medical contexts is &hellip;<\/p>\n<p class=\"read-more\"> <a class=\"\" href=\"https:\/\/legitgrams.com\/nl\/product\/volkswagen-cocaine-90-pure\/\"> <span class=\"screen-reader-text\">Buy Volkswagen Cocaine 90% pure Online<\/span> Read More \u00bb<\/a><\/p>","protected":false},"featured_media":5332,"comment_status":"open","ping_status":"closed","template":"","meta":{"_uag_custom_page_level_css":"","site-sidebar-layout":"default","site-content-layout":"default","ast-global-header-display":"","ast-main-header-display":"","ast-hfb-above-header-display":"","ast-hfb-below-header-display":"","ast-hfb-mobile-header-display":"","site-post-title":"","ast-breadcrumbs-content":"","ast-featured-img":"","footer-sml-layout":"","theme-transparent-header-meta":"default","adv-header-id-meta":"","stick-header-meta":"default","header-above-stick-meta":"","header-main-stick-meta":"","header-below-stick-meta":"","_joinchat":[]},"product_brand":[],"product_cat":[70],"product_tag":[970,960,617,952,967,964,959,957,969,966,625,951,954,962,953,965,972,955,973,971,963,968,958,961,956],"class_list":{"0":"post-4309","1":"product","2":"type-product","3":"status-publish","4":"has-post-thumbnail","6":"product_cat-cocaine","7":"product_tag-best-cheap-price-volkswagen-cocaine-90-pure","8":"product_tag-best-place-to-buy-volkswagen-cocaine-90-pure","9":"product_tag-bulk-online","10":"product_tag-buy-volkswagen-cocaine-90-pure","11":"product_tag-cheap-volkswagen-cocaine-90-pure","12":"product_tag-high-quality-volkswagen-cocaine-90-pure","13":"product_tag-how-to-buy-volkswagen-cocaine-90-pure","14":"product_tag-order-volkswagen-cocaine-90-pure","15":"product_tag-purcharse-volkswagen-cocaine-90-pure","16":"product_tag-shop-volkswagen-cocaine-90-pure","17":"product_tag-top-quality","18":"product_tag-volkswagen-cocaine-90-pure","19":"product_tag-volkswagen-cocaine-90-pure-for-sale","20":"product_tag-volkswagen-cocaine-90-pure-legally","21":"product_tag-volkswagen-cocaine-90-pure-online","22":"product_tag-volkswagen-cocaine-90-pure-store","23":"product_tag-volkswagen-cocaine-90-pure-use","24":"product_tag-volkswagen-cocaine-90-pure-volkswagen-cocaine-90-pure-supplier","25":"product_tag-volkswagen-cocaine-90-pure-wiki","26":"product_tag-volkswagen-cocaine-90-pure-worldwide","27":"product_tag-volkswagen-cocaine-90-pureprice","28":"product_tag-volkswagen-cocaine-90-pures","29":"product_tag-where-to-buy-volkswagen-cocaine-90-pure","30":"product_tag-where-to-order-volkswagen-cocaine-90-pure","31":"product_tag-wholesale-volkswagen-cocaine-90-pure","32":"desktop-align-left","33":"tablet-align-left","34":"mobile-align-left","35":"ast-product-gallery-layout-horizontal","36":"ast-product-gallery-with-no-image","37":"ast-product-single-variable","38":"ast-product-tabs-layout-horizontal","39":"ast-qv-on-image","41":"first","42":"instock","43":"shipping-taxable","44":"purchasable","45":"product-type-variable"},"yoast_head":"<!-- This site is optimized with the Yoast SEO plugin v25.9 - https:\/\/yoast.com\/wordpress\/plugins\/seo\/ -->\n<title>Volkswagen Cocaine for Sale - Buy Volkswagen Cocaine Online<\/title>\n<meta name=\"description\" content=\"Looking to further your research? buy volkswagen cocaine 90% pure conveniently and securely online, with a straightforward ordering process for volkswagen cocaine powder for sale.\" \/>\n<meta name=\"robots\" content=\"index, follow, max-snippet:-1, max-image-preview:large, max-video-preview:-1\" \/>\n<link rel=\"canonical\" href=\"https:\/\/legitgrams.com\/nl\/product\/volkswagen-cocaine-90-pure\/\" \/>\n<meta property=\"og:locale\" content=\"nl_BE\" \/>\n<meta property=\"og:type\" content=\"article\" \/>\n<meta property=\"og:title\" content=\"Volkswagen Cocaine for Sale - Buy Volkswagen Cocaine Online\" \/>\n<meta property=\"og:description\" content=\"Looking to further your research? buy volkswagen cocaine 90% pure conveniently and securely online, with a straightforward ordering process for volkswagen cocaine powder for sale.\" \/>\n<meta property=\"og:url\" content=\"https:\/\/legitgrams.com\/nl\/product\/volkswagen-cocaine-90-pure\/\" \/>\n<meta property=\"og:site_name\" content=\"Legit Grams\" \/>\n<meta property=\"article:modified_time\" content=\"2026-02-26T12:31:36+00:00\" \/>\n<meta property=\"og:image\" content=\"https:\/\/legitgrams.com\/wp-content\/uploads\/2024\/09\/buy-volkswagen-cocaine-online-90-pure-1.jpg\" \/>\n\t<meta property=\"og:image:width\" content=\"600\" \/>\n\t<meta property=\"og:image:height\" content=\"600\" \/>\n\t<meta property=\"og:image:type\" content=\"image\/jpeg\" \/>\n<meta name=\"twitter:card\" content=\"summary_large_image\" \/>\n<meta name=\"twitter:label1\" content=\"Geschatte leestijd\" \/>\n\t<meta name=\"twitter:data1\" content=\"3 minuten\" \/>\n<script type=\"application\/ld+json\" class=\"yoast-schema-graph\">{\"@context\":\"https:\/\/schema.org\",\"@graph\":[{\"@type\":\"WebPage\",\"@id\":\"https:\/\/legitgrams.com\/product\/volkswagen-cocaine-90-pure\/\",\"url\":\"https:\/\/legitgrams.com\/product\/volkswagen-cocaine-90-pure\/\",\"name\":\"Volkswagen Cocaine for Sale - Buy Volkswagen Cocaine Online\",\"isPartOf\":{\"@id\":\"https:\/\/legitgrams.com\/#website\"},\"primaryImageOfPage\":{\"@id\":\"https:\/\/legitgrams.com\/product\/volkswagen-cocaine-90-pure\/#primaryimage\"},\"image\":{\"@id\":\"https:\/\/legitgrams.com\/product\/volkswagen-cocaine-90-pure\/#primaryimage\"},\"thumbnailUrl\":\"https:\/\/legitgrams.com\/wp-content\/uploads\/2024\/09\/buy-volkswagen-cocaine-online-90-pure-1.jpg\",\"datePublished\":\"2024-09-22T10:19:12+00:00\",\"dateModified\":\"2026-02-26T12:31:36+00:00\",\"description\":\"Looking to further your research? buy volkswagen cocaine 90% pure conveniently and securely online, with a straightforward ordering process for volkswagen cocaine powder for sale.\",\"breadcrumb\":{\"@id\":\"https:\/\/legitgrams.com\/product\/volkswagen-cocaine-90-pure\/#breadcrumb\"},\"inLanguage\":\"nl-BE\",\"potentialAction\":[{\"@type\":\"ReadAction\",\"target\":[\"https:\/\/legitgrams.com\/product\/volkswagen-cocaine-90-pure\/\"]}]},{\"@type\":\"ImageObject\",\"inLanguage\":\"nl-BE\",\"@id\":\"https:\/\/legitgrams.com\/product\/volkswagen-cocaine-90-pure\/#primaryimage\",\"url\":\"https:\/\/legitgrams.com\/wp-content\/uploads\/2024\/09\/buy-volkswagen-cocaine-online-90-pure-1.jpg\",\"contentUrl\":\"https:\/\/legitgrams.com\/wp-content\/uploads\/2024\/09\/buy-volkswagen-cocaine-online-90-pure-1.jpg\",\"width\":600,\"height\":600,\"caption\":\"Volkswagen Cocaine for Sale\"},{\"@type\":\"BreadcrumbList\",\"@id\":\"https:\/\/legitgrams.com\/product\/volkswagen-cocaine-90-pure\/#breadcrumb\",\"itemListElement\":[{\"@type\":\"ListItem\",\"position\":1,\"name\":\"Home\",\"item\":\"https:\/\/legitgrams.com\/\"},{\"@type\":\"ListItem\",\"position\":2,\"name\":\"Shop\",\"item\":\"https:\/\/legitgrams.com\/shop\/\"},{\"@type\":\"ListItem\",\"position\":3,\"name\":\"Buy Volkswagen Cocaine 90% pure Online\"}]},{\"@type\":\"WebSite\",\"@id\":\"https:\/\/legitgrams.com\/#website\",\"url\":\"https:\/\/legitgrams.com\/\",\"name\":\"Legit Grams\",\"description\":\"My WordPress Blog\",\"publisher\":{\"@id\":\"https:\/\/legitgrams.com\/#organization\"},\"potentialAction\":[{\"@type\":\"SearchAction\",\"target\":{\"@type\":\"EntryPoint\",\"urlTemplate\":\"https:\/\/legitgrams.com\/?s={search_term_string}\"},\"query-input\":{\"@type\":\"PropertyValueSpecification\",\"valueRequired\":true,\"valueName\":\"search_term_string\"}}],\"inLanguage\":\"nl-BE\"},{\"@type\":\"Organization\",\"@id\":\"https:\/\/legitgrams.com\/#organization\",\"name\":\"Legit Grams\",\"url\":\"https:\/\/legitgrams.com\/\",\"logo\":{\"@type\":\"ImageObject\",\"inLanguage\":\"nl-BE\",\"@id\":\"https:\/\/legitgrams.com\/#\/schema\/logo\/image\/\",\"url\":\"https:\/\/legitgrams.com\/wp-content\/uploads\/2024\/09\/main-logo.png\",\"contentUrl\":\"https:\/\/legitgrams.com\/wp-content\/uploads\/2024\/09\/main-logo.png\",\"width\":270,\"height\":75,\"caption\":\"Legit Grams\"},\"image\":{\"@id\":\"https:\/\/legitgrams.com\/#\/schema\/logo\/image\/\"}}]}<\/script>\n<!-- \/ Yoast SEO plugin. -->","yoast_head_json":{"title":"Volkswagen Coca\u00efne te koop - Koop Volkswagen Coca\u00efne online","description":"Wil je verder onderzoek doen? Koop volkswagen coca\u00efne 90% pure gemakkelijk en veilig online, met een eenvoudig bestelproces voor volkswagen coca\u00efnepoeder te koop.","robots":{"index":"index","follow":"follow","max-snippet":"max-snippet:-1","max-image-preview":"max-image-preview:large","max-video-preview":"max-video-preview:-1"},"canonical":"https:\/\/legitgrams.com\/nl\/product\/volkswagen-cocaine-90-pure\/","og_locale":"nl_BE","og_type":"article","og_title":"Volkswagen Cocaine for Sale - Buy Volkswagen Cocaine Online","og_description":"Looking to further your research? buy volkswagen cocaine 90% pure conveniently and securely online, with a straightforward ordering process for volkswagen cocaine powder for sale.","og_url":"https:\/\/legitgrams.com\/nl\/product\/volkswagen-cocaine-90-pure\/","og_site_name":"Legit Grams","article_modified_time":"2026-02-26T12:31:36+00:00","og_image":[{"width":600,"height":600,"url":"https:\/\/legitgrams.com\/wp-content\/uploads\/2024\/09\/buy-volkswagen-cocaine-online-90-pure-1.jpg","type":"image\/jpeg"}],"twitter_card":"summary_large_image","twitter_misc":{"Geschatte leestijd":"3 minuten"},"schema":{"@context":"https:\/\/schema.org","@graph":[{"@type":"WebPage","@id":"https:\/\/legitgrams.com\/product\/volkswagen-cocaine-90-pure\/","url":"https:\/\/legitgrams.com\/product\/volkswagen-cocaine-90-pure\/","name":"Volkswagen Coca\u00efne te koop - Koop Volkswagen Coca\u00efne online","isPartOf":{"@id":"https:\/\/legitgrams.com\/#website"},"primaryImageOfPage":{"@id":"https:\/\/legitgrams.com\/product\/volkswagen-cocaine-90-pure\/#primaryimage"},"image":{"@id":"https:\/\/legitgrams.com\/product\/volkswagen-cocaine-90-pure\/#primaryimage"},"thumbnailUrl":"https:\/\/legitgrams.com\/wp-content\/uploads\/2024\/09\/buy-volkswagen-cocaine-online-90-pure-1.jpg","datePublished":"2024-09-22T10:19:12+00:00","dateModified":"2026-02-26T12:31:36+00:00","description":"Wil je verder onderzoek doen? Koop volkswagen coca\u00efne 90% pure gemakkelijk en veilig online, met een eenvoudig bestelproces voor volkswagen coca\u00efnepoeder te koop.","breadcrumb":{"@id":"https:\/\/legitgrams.com\/product\/volkswagen-cocaine-90-pure\/#breadcrumb"},"inLanguage":"nl-BE","potentialAction":[{"@type":"ReadAction","target":["https:\/\/legitgrams.com\/product\/volkswagen-cocaine-90-pure\/"]}]},{"@type":"ImageObject","inLanguage":"nl-BE","@id":"https:\/\/legitgrams.com\/product\/volkswagen-cocaine-90-pure\/#primaryimage","url":"https:\/\/legitgrams.com\/wp-content\/uploads\/2024\/09\/buy-volkswagen-cocaine-online-90-pure-1.jpg","contentUrl":"https:\/\/legitgrams.com\/wp-content\/uploads\/2024\/09\/buy-volkswagen-cocaine-online-90-pure-1.jpg","width":600,"height":600,"caption":"Volkswagen Cocaine for Sale"},{"@type":"BreadcrumbList","@id":"https:\/\/legitgrams.com\/product\/volkswagen-cocaine-90-pure\/#breadcrumb","itemListElement":[{"@type":"ListItem","position":1,"name":"Home","item":"https:\/\/legitgrams.com\/"},{"@type":"ListItem","position":2,"name":"Shop","item":"https:\/\/legitgrams.com\/shop\/"},{"@type":"ListItem","position":3,"name":"Buy Volkswagen Cocaine 90% pure Online"}]},{"@type":"WebSite","@id":"https:\/\/legitgrams.com\/#website","url":"https:\/\/legitgrams.com\/","name":"Legitieme grammen","description":"Mijn WordPress Blog","publisher":{"@id":"https:\/\/legitgrams.com\/#organization"},"potentialAction":[{"@type":"SearchAction","target":{"@type":"EntryPoint","urlTemplate":"https:\/\/legitgrams.com\/?s={search_term_string}"},"query-input":{"@type":"PropertyValueSpecification","valueRequired":true,"valueName":"search_term_string"}}],"inLanguage":"nl-BE"},{"@type":"Organization","@id":"https:\/\/legitgrams.com\/#organization","name":"Legitieme grammen","url":"https:\/\/legitgrams.com\/","logo":{"@type":"ImageObject","inLanguage":"nl-BE","@id":"https:\/\/legitgrams.com\/#\/schema\/logo\/image\/","url":"https:\/\/legitgrams.com\/wp-content\/uploads\/2024\/09\/main-logo.png","contentUrl":"https:\/\/legitgrams.com\/wp-content\/uploads\/2024\/09\/main-logo.png","width":270,"height":75,"caption":"Legit Grams"},"image":{"@id":"https:\/\/legitgrams.com\/#\/schema\/logo\/image\/"}}]}},"uagb_featured_image_src":{"full":["https:\/\/legitgrams.com\/wp-content\/uploads\/2024\/09\/buy-volkswagen-cocaine-online-90-pure-1.jpg",600,600,false],"thumbnail":["https:\/\/legitgrams.com\/wp-content\/uploads\/2024\/09\/buy-volkswagen-cocaine-online-90-pure-1-150x150.jpg",150,150,true],"medium":["https:\/\/legitgrams.com\/wp-content\/uploads\/2024\/09\/buy-volkswagen-cocaine-online-90-pure-1-300x300.jpg",300,300,true],"medium_large":["https:\/\/legitgrams.com\/wp-content\/uploads\/2024\/09\/buy-volkswagen-cocaine-online-90-pure-1.jpg",600,600,false],"large":["https:\/\/legitgrams.com\/wp-content\/uploads\/2024\/09\/buy-volkswagen-cocaine-online-90-pure-1.jpg",600,600,false],"1536x1536":["https:\/\/legitgrams.com\/wp-content\/uploads\/2024\/09\/buy-volkswagen-cocaine-online-90-pure-1.jpg",600,600,false],"2048x2048":["https:\/\/legitgrams.com\/wp-content\/uploads\/2024\/09\/buy-volkswagen-cocaine-online-90-pure-1.jpg",600,600,false],"trp-custom-language-flag":["https:\/\/legitgrams.com\/wp-content\/uploads\/2024\/09\/buy-volkswagen-cocaine-online-90-pure-1-12x12.jpg",12,12,true],"woocommerce_thumbnail":["https:\/\/legitgrams.com\/wp-content\/uploads\/2024\/09\/buy-volkswagen-cocaine-online-90-pure-1-300x300.jpg",300,300,true],"woocommerce_single":["https:\/\/legitgrams.com\/wp-content\/uploads\/2024\/09\/buy-volkswagen-cocaine-online-90-pure-1.jpg",600,600,false],"woocommerce_gallery_thumbnail":["https:\/\/legitgrams.com\/wp-content\/uploads\/2024\/09\/buy-volkswagen-cocaine-online-90-pure-1-100x100.jpg",100,100,true]},"uagb_author_info":{"display_name":"cokeblog18","author_link":"https:\/\/legitgrams.com\/nl\/author\/"},"uagb_comment_info":0,"uagb_excerpt":"Purchase Volkswagen Cocaine Online Nearly 70\u201390% pure cocaine makes up Volkswagen cocaine&#8217;s components. It is ranked among the varieties of cocaine that are typically found in today&#8217;s world. In many circumstances, this cocaine works as a blocker or a pain reliever. One of the most psychotropic substances utilized in both medical and non-medical contexts is&hellip;","_links":{"self":[{"href":"https:\/\/legitgrams.com\/nl\/wp-json\/wp\/v2\/product\/4309","targetHints":{"allow":["GET"]}}],"collection":[{"href":"https:\/\/legitgrams.com\/nl\/wp-json\/wp\/v2\/product"}],"about":[{"href":"https:\/\/legitgrams.com\/nl\/wp-json\/wp\/v2\/types\/product"}],"replies":[{"embeddable":true,"href":"https:\/\/legitgrams.com\/nl\/wp-json\/wp\/v2\/comments?post=4309"}],"wp:featuredmedia":[{"embeddable":true,"href":"https:\/\/legitgrams.com\/nl\/wp-json\/wp\/v2\/media\/5332"}],"wp:attachment":[{"href":"https:\/\/legitgrams.com\/nl\/wp-json\/wp\/v2\/media?parent=4309"}],"wp:term":[{"taxonomy":"product_brand","embeddable":true,"href":"https:\/\/legitgrams.com\/nl\/wp-json\/wp\/v2\/product_brand?post=4309"},{"taxonomy":"product_cat","embeddable":true,"href":"https:\/\/legitgrams.com\/nl\/wp-json\/wp\/v2\/product_cat?post=4309"},{"taxonomy":"product_tag","embeddable":true,"href":"https:\/\/legitgrams.com\/nl\/wp-json\/wp\/v2\/product_tag?post=4309"}],"curies":[{"name":"wp","href":"https:\/\/api.w.org\/{rel}","templated":true}]}}