{"id":2161,"date":"2020-08-25T12:04:18","date_gmt":"2020-08-25T12:04:18","guid":{"rendered":"https:\/\/unkrautmarkt.com\/coke\/about\/"},"modified":"2024-05-02T12:33:44","modified_gmt":"2024-05-02T12:33:44","slug":"o","status":"publish","type":"page","link":"https:\/\/legitgrams.com\/pl\/o\/","title":{"rendered":"O"},"content":{"rendered":"<div class=\"wp-block-uagb-container uagb-block-f90b5c01 alignfull uagb-is-root-container\"><div class=\"uagb-container-inner-blocks-wrap\">\n<div class=\"wp-block-uagb-advanced-heading uagb-block-a2c96383\"><h1 class=\"uagb-heading-text\">O nas<\/h1><p class=\"uagb-desc-text\">W LegitGrams specjalizujemy si\u0119 w dostarczaniu wysokiej jako\u015bci kokainy do zakupu online. Zaufaj nam jako dyskretnemu i niezawodnemu \u017ar\u00f3d\u0142u kokainy najwy\u017cszej jako\u015bci.<\/p><\/div>\n\n\n\n<h2 class=\"wp-block-heading\"><strong>Kup legaln\u0105 kokain\u0119 online - kokaina w proszku na sprzeda\u017c<\/strong><\/h2>\n\n\n\n<p>Na pocz\u0105tek Kup kokain\u0119 online, kup kokain\u0119 w Europie Czy rozwa\u017casz zakup kokainy online? Je\u015bli tak, by\u0107 mo\u017ce zastanawiasz si\u0119, dlaczego warto kupowa\u0107 kokain\u0119 tanio, gdzie kupi\u0107 tani\u0105 kokain\u0119 online sta\u0142a si\u0119 coraz bardziej popularna w ostatnich latach ze wzgl\u0119du na wygod\u0119 i przyst\u0119pn\u0105 cen\u0119<a href=\"https:\/\/legitgrams.com\/pl\/\">.<\/a><\/p>\n\n\n\n<p>W get cocaine online mamy najlepszej jako\u015bci kokain\u0119 na sprzeda\u017c, zbadamy niekt\u00f3re z kluczowych zalet kupowania kokainy online, takich jak zmniejszone ryzyko, dyskrecja i dost\u0119p do szerokiej gamy produkt\u00f3w. Wyja\u015bnimy r\u00f3wnie\u017c, dlaczego zakup w naszym sklepie z kokain\u0105 online jest niezb\u0119dny przy zakupie kokainy online. Dzi\u0119ki tym informacjom mo\u017cesz podj\u0105\u0107 \u015bwiadom\u0105 decyzj\u0119, czy zakup kokainy online jest dla Ciebie w\u0142a\u015bciwym wyborem<a href=\"https:\/\/en.wikipedia.org\/wiki\/Cocaine\">.<\/a><\/p>\n\n\n\n<h2 class=\"wp-block-heading\"><strong>Ciesz si\u0119 wygod\u0105 kupowania kokainy online<\/strong><\/h2>\n\n\n\n<p>Je\u015bli chodzi o zakup kokainy, dost\u0119pnych jest wiele opcji. Jednak Get Cocaine Online zapewnia poziom wygody, kt\u00f3ry nie ma sobie r\u00f3wnych w innych metodach. Wystarczy kilka klikni\u0119\u0107, aby przejrze\u0107 r\u00f3\u017cne rodzaje kokainy na sprzeda\u017c online, por\u00f3wna\u0107 ceny i dokona\u0107 zakupu. Nasze sklepy oferuj\u0105 szerok\u0105 gam\u0119 produkt\u00f3w z kokainy, od wysokiej jako\u015bci czystej kokainy po ta\u0144sz\u0105, crack kokain\u0119 online, peruwia\u0144sk\u0105 kokain\u0119 online, czyst\u0105 kokain\u0119 online. Boliwijska kokaina online, kokaina w proszku online, kolumbijska kokaina online, kokaina w rybiej \u0142usce online, r\u00f3\u017cowa kokaina w proszku 2c-b, peruwia\u0144ska r\u00f3\u017cowa kokaina wersje, kt\u00f3re s\u0105 bardziej dost\u0119pne dla os\u00f3b z ograniczonym bud\u017cetem. Oznacza to, \u017ce istnieje produkt kokainowy, kt\u00f3ry pasuje do potrzeb i preferencji ka\u017cdego.<\/p>\n\n\n\n<h2 class=\"wp-block-heading\"><strong>Kokaina na sprzeda\u017c<\/strong><\/h2>\n\n\n\n<p>Co wi\u0119cej, zakup kokainy online pozwala na zrobienie tego w zaciszu w\u0142asnego domu, bez konieczno\u015bci odwiedzania fizycznego sklepu. Dzi\u0119ki temu proces zakupu kokainy jest dyskretny i prywatny, co jest szczeg\u00f3lnie korzystne dla os\u00f3b ceni\u0105cych swoj\u0105 prywatno\u015b\u0107. Og\u00f3lnie rzecz bior\u0105c, wygoda zakupu kokainy online jest niepor\u00f3wnywalna z innymi metodami zakupu. Zapewnia to bezproblemowe do\u015bwiadczenie, kt\u00f3re jest zar\u00f3wno bezpieczne, jak i niezawodne, co czyni go preferowanym wyborem dla wielu os\u00f3b, kt\u00f3re u\u017cywaj\u0105 kokainy rekreacyjnie<\/p>\n<\/div><\/div>\n\n\n\n<div class=\"wp-block-uagb-container uagb-block-96cc2b14 alignfull uagb-is-root-container\"><div class=\"uagb-container-inner-blocks-wrap\">\n<div class=\"wp-block-uagb-container uagb-block-3ef6a00c\">\n<div class=\"wp-block-uagb-advanced-heading uagb-block-a3e4e806\"><h2 class=\"uagb-heading-text\">Jeste\u015bmy Twoim ulubionym sklepem internetowym.<\/h2><p class=\"uagb-desc-text\">Kupowanie kokainy online w ulubionym sklepie internetowym nigdy nie by\u0142o \u0142atwiejsze ani wygodniejsze. W LegitGrams jeste\u015bmy dumni z oferowania bezproblemowych i bezpiecznych zakup\u00f3w dla wszystkich naszych klient\u00f3w. Wystarczy kilka klikni\u0119\u0107, aby przejrze\u0107 nasz szeroki wyb\u00f3r najwy\u017cszej jako\u015bci produkt\u00f3w kokainowych i z\u0142o\u017cy\u0107 zam\u00f3wienie bez obaw.<\/p><\/div>\n\n\n\n<p>Nasz sklep internetowy zosta\u0142 zaprojektowany z my\u015bl\u0105 o wygodzie u\u017cytkownik\u00f3w, oferuj\u0105c intuicyjn\u0105 nawigacj\u0119 i przyjazny dla u\u017cytkownika interfejs. Niezale\u017cnie od tego, czy kupujesz po raz pierwszy, czy jeste\u015b do\u015bwiadczonym u\u017cytkownikiem, nasza strona internetowa u\u0142atwia znalezienie potrzebnych produkt\u00f3w i bezproblemowe sfinalizowanie zakupu. Ponadto nasza bezpieczna bramka p\u0142atno\u015bci zapewnia, \u017ce transakcje s\u0105 zawsze bezpieczne i chronione.<\/p>\n<\/div>\n\n\n\n<div class=\"wp-block-uagb-container uagb-block-7384816a\">\n<div class=\"wp-block-uagb-info-box uagb-block-fa00d0ac uagb-infobox__content-wrap  uagb-infobox-icon-above-title uagb-infobox-image-valign-top\"><div class=\"uagb-ifb-content\"><div class=\"uagb-ifb-icon-wrap\"><svg xmlns=\"https:\/\/www.w3.org\/2000\/svg\" viewbox=\"0 0 512 512\"><path d=\"M244.2 346.8c2.4-12.3-12-30-32.4-48.7-20.9-19.2-48.2-39.1-63.4-46.6-21.7-12-41.7-1.8-46.3 22.7-5 26.2 0 51.4 14.5 73.9 10.2 15.5 25.4 22.7 43.4 24 11.6 .6 52.5 2.2 61.7-1 11.9-4.3 20.1-11.8 22.5-24.3zm205 20.8a5.22 5.22 0 0 0 -8.3 2.4c-8 25.4-44.7 112.5-172.1 121.5-149.7 10.5 80.3 43.6 145.4-6.4 22.7-17.4 47.6-35 46.6-85.4-.4-10.1-4.9-26.69-11.6-32.1zm62-122.4c-.3-18.9-8.6-33.4-26-42.2-2.9-1.3-5-2.7-5.9-6.4A222.6 222.6 0 0 0 438.9 103c-1.1-1.5-3.5-3.2-2.2-5 8.5-11.5-.3-18-7-24.4Q321.4-31.11 177.4 13.09c-40.1 12.3-73.9 35.6-102 67.4-4 4.3-6.7 9.1-3 14.5 3 4 1.3 6.2-1 9.3C51.6 132 38.2 162.6 32.1 196c-.7 4.3-2.9 6-6.4 7.8-14.2 7-22.5 18.5-24.9 34L0 264.3v20.9c0 30.8 21 50.4 51.8 49 7.7-.3 11.7-4.3 12-11.5 2-77.5-2.4-95.4 3.7-125.8C92.1 72.39 234.3 5 345.3 65.39 411.4 102 445.7 159 447.6 234.8c.8 28.2 0 56.5 0 84.6 0 7 2.2 12.5 9.4 14.2 24.1 5 49.2-12 53.2-36.7 2.9-17.1 1-34.5 1-51.7zm-159.6 131.5c36.5 2.8 59.3-28.5 58.4-60.5-2.1-45.2-66.2-16.5-87.8-8-73.2 28.1-45 54.9-22.2 60.8z\"><\/path><\/svg><\/div><div class=\"uagb-ifb-title-wrap\"><h4 class=\"uagb-ifb-title\">Zesp\u00f3\u0142 specjalist\u00f3w<\/h4><\/div><p class=\"uagb-ifb-desc\">Nasz zesp\u00f3\u0142 ekspert\u00f3w i profesjonalist\u00f3w zapewnia najwy\u017cszej jako\u015bci us\u0142ugi i wskaz\u00f3wki dotycz\u0105ce wszystkich Twoich potrzeb. Dzi\u0119ki ich do\u015bwiadczeniu mo\u017cesz mie\u0107 pewno\u015b\u0107, \u017ce jeste\u015b w dobrych r\u0119kach.<\/p><\/div><\/div>\n\n\n\n<div class=\"wp-block-uagb-info-box uagb-block-af8a42c3 uagb-infobox__content-wrap  uagb-infobox-icon-above-title uagb-infobox-image-valign-top\"><div class=\"uagb-ifb-content\"><div class=\"uagb-ifb-icon-wrap\"><svg xmlns=\"https:\/\/www.w3.org\/2000\/svg\" viewbox=\"0 0 640 512\"><path d=\"M592 288H576V212.7c0-41.84-30.03-80.04-71.66-84.27C456.5 123.6 416 161.1 416 208V288h-16C373.6 288 352 309.6 352 336v128c0 26.4 21.6 48 48 48h192c26.4 0 48-21.6 48-48v-128C640 309.6 618.4 288 592 288zM496 432c-17.62 0-32-14.38-32-32s14.38-32 32-32s32 14.38 32 32S513.6 432 496 432zM528 288h-64V208c0-17.62 14.38-32 32-32s32 14.38 32 32V288zM224 256c70.7 0 128-57.31 128-128S294.7 0 224 0C153.3 0 96 57.31 96 128S153.3 256 224 256zM320 336c0-8.672 1.738-16.87 4.303-24.7C308.6 306.6 291.9 304 274.7 304H173.3C77.61 304 0 381.7 0 477.4C0 496.5 15.52 512 34.66 512h301.7C326.3 498.6 320 482.1 320 464V336z\"><\/path><\/svg><\/div><div class=\"uagb-ifb-title-wrap\"><h4 class=\"uagb-ifb-title\">Pe\u0142na gwarancja prywatno\u015bci<\/h4><\/div><p class=\"uagb-ifb-desc\">Zapewniamy, \u017ce Twoja prywatno\u015b\u0107 jest naszym najwy\u017cszym priorytetem - gwarantujemy pe\u0142n\u0105 dyskrecj\u0119 w ka\u017cdej transakcji. Ciesz si\u0119 spokojem, wiedz\u0105c, \u017ce Twoje dane osobowe s\u0105 u nas bezpieczne.<\/p><\/div><\/div>\n<\/div>\n\n\n\n<div class=\"wp-block-uagb-container uagb-block-bae16802\">\n<div class=\"wp-block-uagb-info-box uagb-block-fda31292 uagb-infobox__content-wrap  uagb-infobox-icon-above-title uagb-infobox-image-valign-top\"><div class=\"uagb-ifb-content\"><div class=\"uagb-ifb-icon-wrap\"><svg xmlns=\"https:\/\/www.w3.org\/2000\/svg\" viewbox=\"0 0 640 512\"><path d=\"M484.6 62C502.6 52.8 522.6 48 542.8 48H600.2C627.2 48 645.9 74.95 636.4 100.2C618.2 148.9 582.1 188.9 535.6 212.2L262.8 348.6C258.3 350.8 253.4 352 248.4 352H110.7C101.4 352 92.5 347.9 86.42 340.8L13.34 255.6C6.562 247.7 9.019 235.5 18.33 230.8L50.49 214.8C59.05 210.5 69.06 210.2 77.8 214.1L135.1 239.1L234.6 189.7L87.64 95.2C77.21 88.49 78.05 72.98 89.14 67.43L135 44.48C150.1 36.52 169.5 35.55 186.1 41.8L381 114.9L484.6 62zM0 480C0 462.3 14.33 448 32 448H608C625.7 448 640 462.3 640 480C640 497.7 625.7 512 608 512H32C14.33 512 0 497.7 0 480z\"><\/path><\/svg><\/div><div class=\"uagb-ifb-title-wrap\"><h4 class=\"uagb-ifb-title\">Dostawa na ca\u0142ym \u015bwiecie<\/h4><\/div><p class=\"uagb-ifb-desc\">Do\u015bwiadcz szybkiej i niezawodnej dostawy do dowolnego zak\u0105tka \u015bwiata dzi\u0119ki naszym wydajnym us\u0142ugom wysy\u0142kowym. Zaufaj nam, \u017ce Twoje zam\u00f3wienie dotrze do Ciebie szybko i bezpiecznie.<\/p><\/div><\/div>\n\n\n\n<div class=\"wp-block-uagb-info-box uagb-block-58e06198 uagb-infobox__content-wrap  uagb-infobox-icon-above-title uagb-infobox-image-valign-top\"><div class=\"uagb-ifb-content\"><div class=\"uagb-ifb-icon-wrap\"><svg xmlns=\"https:\/\/www.w3.org\/2000\/svg\" viewbox=\"0 0 576 512\"><path d=\"M381.2 150.3L524.9 171.5C536.8 173.2 546.8 181.6 550.6 193.1C554.4 204.7 551.3 217.3 542.7 225.9L438.5 328.1L463.1 474.7C465.1 486.7 460.2 498.9 450.2 506C440.3 513.1 427.2 514 416.5 508.3L288.1 439.8L159.8 508.3C149 514 135.9 513.1 126 506C116.1 498.9 111.1 486.7 113.2 474.7L137.8 328.1L33.58 225.9C24.97 217.3 21.91 204.7 25.69 193.1C29.46 181.6 39.43 173.2 51.42 171.5L195 150.3L259.4 17.97C264.7 6.954 275.9-.0391 288.1-.0391C300.4-.0391 311.6 6.954 316.9 17.97L381.2 150.3z\"><\/path><\/svg><\/div><div class=\"uagb-ifb-title-wrap\"><h4 class=\"uagb-ifb-title\">Wysokiej jako\u015bci leki<\/h4><\/div><p class=\"uagb-ifb-desc\">Do\u015bwiadcz szczytu jako\u015bci dzi\u0119ki naszym skrupulatnie pozyskiwanym i testowanym lekom. Zaufaj nam, \u017ce dostarczamy tylko najlepsze produkty dla Twojej satysfakcji i dobrego samopoczucia.<\/p><\/div><\/div>\n<\/div>\n<\/div><\/div>\n\n\n\n<div class=\"wp-block-uagb-container uagb-block-f078c05e alignfull uagb-is-root-container\"><div class=\"uagb-container-inner-blocks-wrap\">\n<div class=\"wp-block-uagb-container uagb-block-600a0e27\">\n<div class=\"wp-block-uagb-advanced-heading uagb-block-51999f88\"><h2 class=\"uagb-heading-text\">Najlepsza oferta na produkty z kokain\u0105!<\/h2><\/div>\n<\/div>\n\n\n\n<div class=\"wp-block-uagb-container uagb-block-1f2eef20\">\n<div class=\"wp-block-uagb-buttons uagb-buttons__outer-wrap uagb-btn__default-btn uagb-btn-tablet__default-btn uagb-btn-mobile__default-btn uagb-block-59a9eda1\"><div class=\"uagb-buttons__wrap uagb-buttons-layout-wrap\">\n<div class=\"wp-block-uagb-buttons-child uagb-buttons__outer-wrap uagb-block-7b8e4b74 wp-block-button\"><div class=\"uagb-button__wrapper\"><a class=\"uagb-buttons-repeater wp-block-button__link\" aria-label=\"\" href=\"#\" rel=\"follow noopener\" target=\"_self\"><div class=\"uagb-button__link\">Rozpocznij<\/div><\/a><\/div><\/div>\n<\/div><\/div>\n<\/div>\n<\/div><\/div>\n\n\n\n<div class=\"wp-block-uagb-container uagb-block-baca6a3d alignfull uagb-is-root-container\"><div class=\"uagb-container-inner-blocks-wrap\">\n<div class=\"wp-block-uagb-container uagb-block-689cc540\">\n<div class=\"wp-block-uagb-info-box uagb-block-cff3259d uagb-infobox__content-wrap  uagb-infobox-icon-above-title uagb-infobox-image-valign-top\"><div class=\"uagb-ifb-content\"><div class=\"uagb-ifb-image-content\"><img decoding=\"async\" src=\"https:\/\/legitgrams.com\/wp-content\/uploads\/2020\/03\/globe-free-img.png\" alt=\"\" width=\"20\" height=\"20\" loading=\"lazy\"\/><\/div><div class=\"uagb-ifb-title-wrap\"><h4 class=\"uagb-ifb-title\">Wysy\u0142ka na ca\u0142y \u015bwiat<\/h4><\/div><p class=\"uagb-ifb-desc\">Dost\u0119pna wysy\u0142ka na ca\u0142y \u015bwiat - kokaina zostanie dostarczona gdziekolwiek jeste\u015b.<\/p><\/div><\/div>\n<\/div>\n\n\n\n<div class=\"wp-block-uagb-container uagb-block-1b8d5d48\">\n<div class=\"wp-block-uagb-info-box uagb-block-5979dbc8 uagb-infobox__content-wrap  uagb-infobox-icon-above-title uagb-infobox-image-valign-top\"><div class=\"uagb-ifb-content\"><div class=\"uagb-ifb-image-content\"><img decoding=\"async\" src=\"https:\/\/legitgrams.com\/wp-content\/uploads\/2020\/03\/quality-free-img.png\" alt=\"\" width=\"20\" height=\"20\" loading=\"lazy\"\/><\/div><div class=\"uagb-ifb-title-wrap\"><h4 class=\"uagb-ifb-title\">Najlepsza jako\u015b\u0107<\/h4><\/div><p class=\"uagb-ifb-desc\">Do\u015bwiadcz najwy\u017cszej jako\u015bci kokainy dla niezr\u00f3wnanej satysfakcji.<\/p><\/div><\/div>\n<\/div>\n\n\n\n<div class=\"wp-block-uagb-container uagb-block-fa712af4\">\n<div class=\"wp-block-uagb-info-box uagb-block-82cf9d53 uagb-infobox__content-wrap  uagb-infobox-icon-above-title uagb-infobox-image-valign-top\"><div class=\"uagb-ifb-content\"><div class=\"uagb-ifb-image-content\"><img decoding=\"async\" src=\"https:\/\/legitgrams.com\/wp-content\/uploads\/2020\/03\/tag-free-img.png\" alt=\"\" width=\"20\" height=\"20\" loading=\"lazy\"\/><\/div><div class=\"uagb-ifb-title-wrap\"><h4 class=\"uagb-ifb-title\">Najlepsze oferty<\/h4><\/div><p class=\"uagb-ifb-desc\">Uzyskaj gwarancj\u0119 najlepszej ceny na najwy\u017cszej jako\u015bci kokain\u0119.<\/p><\/div><\/div>\n<\/div>\n\n\n\n<div class=\"wp-block-uagb-container uagb-block-55eecca9\">\n<div class=\"wp-block-uagb-info-box uagb-block-aef228c5 uagb-infobox__content-wrap  uagb-infobox-icon-above-title uagb-infobox-image-valign-top\"><div class=\"uagb-ifb-content\"><div class=\"uagb-ifb-image-content\"><img decoding=\"async\" src=\"https:\/\/legitgrams.com\/wp-content\/uploads\/2020\/03\/lock-free-img.png\" alt=\"\" width=\"20\" height=\"20\" loading=\"lazy\"\/><\/div><div class=\"uagb-ifb-title-wrap\"><h4 class=\"uagb-ifb-title\">Bezpieczne p\u0142atno\u015bci<\/h4><\/div><p class=\"uagb-ifb-desc\">Kupuj spokojnie dzi\u0119ki naszym bezpiecznym opcjom p\u0142atno\u015bci.<\/p><\/div><\/div>\n<\/div>\n<\/div><\/div>","protected":false},"excerpt":{"rendered":"<p>About Us At LegitGrams, we specialize in providing high-quality cocaine for online purchase. Trust us for a discreet and reliable source of premium-grade cocaine. Buy Legit Cocaine Online \u2013 Cocaine Powder For Sale To begin with Buy Cocaine Online, Buy Cocaine\u00a0In Europe Are you considering getting cocaine online? If so, you may be wondering why &hellip;<\/p>\n<p class=\"read-more\"> <a class=\"\" href=\"https:\/\/legitgrams.com\/pl\/o\/\"> <span class=\"screen-reader-text\">O<\/span> Czytaj wi\u0119cej \"<\/a><\/p>","protected":false},"author":1,"featured_media":0,"parent":0,"menu_order":0,"comment_status":"closed","ping_status":"closed","template":"","meta":{"_uag_custom_page_level_css":"","site-sidebar-layout":"no-sidebar","site-content-layout":"plain-container","ast-global-header-display":"","ast-main-header-display":"","ast-hfb-above-header-display":"","ast-hfb-below-header-display":"","ast-hfb-mobile-header-display":"","site-post-title":"disabled","ast-breadcrumbs-content":"","ast-featured-img":"disabled","footer-sml-layout":"","theme-transparent-header-meta":"enabled","adv-header-id-meta":"","stick-header-meta":"","header-above-stick-meta":"","header-main-stick-meta":"","header-below-stick-meta":"","_joinchat":[],"footnotes":""},"class_list":["post-2161","page","type-page","status-publish","hentry"],"yoast_head":"<!-- This site is optimized with the Yoast SEO plugin v25.9 - https:\/\/yoast.com\/wordpress\/plugins\/seo\/ -->\n<title>About - Legit Grams<\/title>\n<meta name=\"description\" content=\"high-quality cocaine for online purchase, With just a few clicks, you can browse through various types of Cocaine for sale online.\" \/>\n<meta name=\"robots\" content=\"index, follow, max-snippet:-1, max-image-preview:large, max-video-preview:-1\" \/>\n<link rel=\"canonical\" href=\"https:\/\/legitgrams.com\/pl\/o\/\" \/>\n<meta property=\"og:locale\" content=\"pl_PL\" \/>\n<meta property=\"og:type\" content=\"article\" \/>\n<meta property=\"og:title\" content=\"About - Legit Grams\" \/>\n<meta property=\"og:description\" content=\"high-quality cocaine for online purchase, With just a few clicks, you can browse through various types of Cocaine for sale online.\" \/>\n<meta property=\"og:url\" content=\"https:\/\/legitgrams.com\/pl\/o\/\" \/>\n<meta property=\"og:site_name\" content=\"Legit Grams\" \/>\n<meta property=\"article:modified_time\" content=\"2024-05-02T12:33:44+00:00\" \/>\n<meta property=\"og:image\" content=\"https:\/\/legitgrams.com\/wp-content\/uploads\/2020\/03\/globe-free-img.png\" \/>\n<meta name=\"twitter:card\" content=\"summary_large_image\" \/>\n<meta name=\"twitter:label1\" content=\"Szacowany czas czytania\" \/>\n\t<meta name=\"twitter:data1\" content=\"4 minuty\" \/>\n<script type=\"application\/ld+json\" class=\"yoast-schema-graph\">{\"@context\":\"https:\/\/schema.org\",\"@graph\":[{\"@type\":\"WebPage\",\"@id\":\"https:\/\/legitgrams.com\/about\/\",\"url\":\"https:\/\/legitgrams.com\/about\/\",\"name\":\"About - Legit Grams\",\"isPartOf\":{\"@id\":\"https:\/\/legitgrams.com\/#website\"},\"primaryImageOfPage\":{\"@id\":\"https:\/\/legitgrams.com\/about\/#primaryimage\"},\"image\":{\"@id\":\"https:\/\/legitgrams.com\/about\/#primaryimage\"},\"thumbnailUrl\":\"https:\/\/legitgrams.com\/wp-content\/uploads\/2020\/03\/globe-free-img.png\",\"datePublished\":\"2020-08-25T12:04:18+00:00\",\"dateModified\":\"2024-05-02T12:33:44+00:00\",\"description\":\"high-quality cocaine for online purchase, With just a few clicks, you can browse through various types of Cocaine for sale online.\",\"breadcrumb\":{\"@id\":\"https:\/\/legitgrams.com\/about\/#breadcrumb\"},\"inLanguage\":\"pl-PL\",\"potentialAction\":[{\"@type\":\"ReadAction\",\"target\":[\"https:\/\/legitgrams.com\/about\/\"]}]},{\"@type\":\"ImageObject\",\"inLanguage\":\"pl-PL\",\"@id\":\"https:\/\/legitgrams.com\/about\/#primaryimage\",\"url\":\"https:\/\/legitgrams.com\/wp-content\/uploads\/2020\/03\/globe-free-img.png\",\"contentUrl\":\"https:\/\/legitgrams.com\/wp-content\/uploads\/2020\/03\/globe-free-img.png\"},{\"@type\":\"BreadcrumbList\",\"@id\":\"https:\/\/legitgrams.com\/about\/#breadcrumb\",\"itemListElement\":[{\"@type\":\"ListItem\",\"position\":1,\"name\":\"Home\",\"item\":\"https:\/\/legitgrams.com\/\"},{\"@type\":\"ListItem\",\"position\":2,\"name\":\"About\"}]},{\"@type\":\"WebSite\",\"@id\":\"https:\/\/legitgrams.com\/#website\",\"url\":\"https:\/\/legitgrams.com\/\",\"name\":\"Legit Grams\",\"description\":\"My WordPress Blog\",\"publisher\":{\"@id\":\"https:\/\/legitgrams.com\/#organization\"},\"potentialAction\":[{\"@type\":\"SearchAction\",\"target\":{\"@type\":\"EntryPoint\",\"urlTemplate\":\"https:\/\/legitgrams.com\/?s={search_term_string}\"},\"query-input\":{\"@type\":\"PropertyValueSpecification\",\"valueRequired\":true,\"valueName\":\"search_term_string\"}}],\"inLanguage\":\"pl-PL\"},{\"@type\":\"Organization\",\"@id\":\"https:\/\/legitgrams.com\/#organization\",\"name\":\"Legit Grams\",\"url\":\"https:\/\/legitgrams.com\/\",\"logo\":{\"@type\":\"ImageObject\",\"inLanguage\":\"pl-PL\",\"@id\":\"https:\/\/legitgrams.com\/#\/schema\/logo\/image\/\",\"url\":\"https:\/\/legitgrams.com\/wp-content\/uploads\/2024\/09\/main-logo.png\",\"contentUrl\":\"https:\/\/legitgrams.com\/wp-content\/uploads\/2024\/09\/main-logo.png\",\"width\":270,\"height\":75,\"caption\":\"Legit Grams\"},\"image\":{\"@id\":\"https:\/\/legitgrams.com\/#\/schema\/logo\/image\/\"}}]}<\/script>\n<!-- \/ Yoast SEO plugin. -->","yoast_head_json":{"title":"Informacje - Legit Grams","description":"Wysokiej jako\u015bci kokaina do zakupu online, Wystarczy kilka klikni\u0119\u0107, aby przegl\u0105da\u0107 r\u00f3\u017cne rodzaje kokainy na sprzeda\u017c online.","robots":{"index":"index","follow":"follow","max-snippet":"max-snippet:-1","max-image-preview":"max-image-preview:large","max-video-preview":"max-video-preview:-1"},"canonical":"https:\/\/legitgrams.com\/pl\/o\/","og_locale":"pl_PL","og_type":"article","og_title":"About - Legit Grams","og_description":"high-quality cocaine for online purchase, With just a few clicks, you can browse through various types of Cocaine for sale online.","og_url":"https:\/\/legitgrams.com\/pl\/o\/","og_site_name":"Legit Grams","article_modified_time":"2024-05-02T12:33:44+00:00","og_image":[{"url":"https:\/\/legitgrams.com\/wp-content\/uploads\/2020\/03\/globe-free-img.png","type":"","width":"","height":""}],"twitter_card":"summary_large_image","twitter_misc":{"Szacowany czas czytania":"4 minuty"},"schema":{"@context":"https:\/\/schema.org","@graph":[{"@type":"WebPage","@id":"https:\/\/legitgrams.com\/about\/","url":"https:\/\/legitgrams.com\/about\/","name":"Informacje - Legit Grams","isPartOf":{"@id":"https:\/\/legitgrams.com\/#website"},"primaryImageOfPage":{"@id":"https:\/\/legitgrams.com\/about\/#primaryimage"},"image":{"@id":"https:\/\/legitgrams.com\/about\/#primaryimage"},"thumbnailUrl":"https:\/\/legitgrams.com\/wp-content\/uploads\/2020\/03\/globe-free-img.png","datePublished":"2020-08-25T12:04:18+00:00","dateModified":"2024-05-02T12:33:44+00:00","description":"Wysokiej jako\u015bci kokaina do zakupu online, Wystarczy kilka klikni\u0119\u0107, aby przegl\u0105da\u0107 r\u00f3\u017cne rodzaje kokainy na sprzeda\u017c online.","breadcrumb":{"@id":"https:\/\/legitgrams.com\/about\/#breadcrumb"},"inLanguage":"pl-PL","potentialAction":[{"@type":"ReadAction","target":["https:\/\/legitgrams.com\/about\/"]}]},{"@type":"ImageObject","inLanguage":"pl-PL","@id":"https:\/\/legitgrams.com\/about\/#primaryimage","url":"https:\/\/legitgrams.com\/wp-content\/uploads\/2020\/03\/globe-free-img.png","contentUrl":"https:\/\/legitgrams.com\/wp-content\/uploads\/2020\/03\/globe-free-img.png"},{"@type":"BreadcrumbList","@id":"https:\/\/legitgrams.com\/about\/#breadcrumb","itemListElement":[{"@type":"ListItem","position":1,"name":"Home","item":"https:\/\/legitgrams.com\/"},{"@type":"ListItem","position":2,"name":"About"}]},{"@type":"WebSite","@id":"https:\/\/legitgrams.com\/#website","url":"https:\/\/legitgrams.com\/","name":"Legit Grams","description":"M\u00f3j blog WordPress","publisher":{"@id":"https:\/\/legitgrams.com\/#organization"},"potentialAction":[{"@type":"SearchAction","target":{"@type":"EntryPoint","urlTemplate":"https:\/\/legitgrams.com\/?s={search_term_string}"},"query-input":{"@type":"PropertyValueSpecification","valueRequired":true,"valueName":"search_term_string"}}],"inLanguage":"pl-PL"},{"@type":"Organization","@id":"https:\/\/legitgrams.com\/#organization","name":"Legit Grams","url":"https:\/\/legitgrams.com\/","logo":{"@type":"ImageObject","inLanguage":"pl-PL","@id":"https:\/\/legitgrams.com\/#\/schema\/logo\/image\/","url":"https:\/\/legitgrams.com\/wp-content\/uploads\/2024\/09\/main-logo.png","contentUrl":"https:\/\/legitgrams.com\/wp-content\/uploads\/2024\/09\/main-logo.png","width":270,"height":75,"caption":"Legit Grams"},"image":{"@id":"https:\/\/legitgrams.com\/#\/schema\/logo\/image\/"}}]}},"uagb_featured_image_src":{"full":false,"thumbnail":false,"medium":false,"medium_large":false,"large":false,"1536x1536":false,"2048x2048":false,"trp-custom-language-flag":false,"woocommerce_thumbnail":false,"woocommerce_single":false,"woocommerce_gallery_thumbnail":false},"uagb_author_info":{"display_name":"cokeblog18","author_link":"https:\/\/legitgrams.com\/pl\/author\/cokeblog18\/"},"uagb_comment_info":0,"uagb_excerpt":"About Us At LegitGrams, we specialize in providing high-quality cocaine for online purchase. Trust us for a discreet and reliable source of premium-grade cocaine. Buy Legit Cocaine Online \u2013 Cocaine Powder For Sale To begin with Buy Cocaine Online, Buy Cocaine\u00a0In Europe Are you considering getting cocaine online? If so, you may be wondering why&hellip;","_links":{"self":[{"href":"https:\/\/legitgrams.com\/pl\/wp-json\/wp\/v2\/pages\/2161","targetHints":{"allow":["GET"]}}],"collection":[{"href":"https:\/\/legitgrams.com\/pl\/wp-json\/wp\/v2\/pages"}],"about":[{"href":"https:\/\/legitgrams.com\/pl\/wp-json\/wp\/v2\/types\/page"}],"author":[{"embeddable":true,"href":"https:\/\/legitgrams.com\/pl\/wp-json\/wp\/v2\/users\/1"}],"replies":[{"embeddable":true,"href":"https:\/\/legitgrams.com\/pl\/wp-json\/wp\/v2\/comments?post=2161"}],"version-history":[{"count":0,"href":"https:\/\/legitgrams.com\/pl\/wp-json\/wp\/v2\/pages\/2161\/revisions"}],"wp:attachment":[{"href":"https:\/\/legitgrams.com\/pl\/wp-json\/wp\/v2\/media?parent=2161"}],"curies":[{"name":"wp","href":"https:\/\/api.w.org\/{rel}","templated":true}]}}