{"id":2900,"date":"2024-04-01T10:28:41","date_gmt":"2024-04-01T10:28:41","guid":{"rendered":"https:\/\/unkrautmarkt.com\/coke\/?post_type=product&#038;p=2900"},"modified":"2025-12-03T12:51:34","modified_gmt":"2025-12-03T12:51:34","slug":"crack-kokaina","status":"publish","type":"product","link":"https:\/\/legitgrams.com\/pl\/produkt\/crack-kokaina\/","title":{"rendered":"Kup Crack Cocaine online"},"content":{"rendered":"<h2>Znajd\u017a LegitGrams, najlepsze miejsce do zakupu cracku<\/h2>\n<p>We at LegitGrams take pleasure in being your discreet and dependable online supplier for <a href=\"https:\/\/www.bing.com\/search?q=Crack%20Cocaine&amp;qs=n&amp;form=QBRE&amp;sp=-1&amp;lq=0&amp;pq=crack%20cocaine&amp;sc=13-13&amp;sk=&amp;cvid=3C606F73694F47B39F153354DFF4D638&amp;ghsh=0&amp;ghacc=0&amp;ghpl=\">kokaina crack premium<\/a>My w LegitGrams z przyjemno\u015bci\u0105 jeste\u015bmy dyskretnym i niezawodnym dostawc\u0105 online dla kokainy crack premium. Zapewniamy p\u0142ynne zamawianie i gwarantujemy terminow\u0105 dostaw\u0119 pod Twoje drzwi, jednocze\u015bnie dbaj\u0105c o zadowolenie i bezpiecze\u0144stwo klient\u00f3w.<\/p>\n<h3>Powody, dla kt\u00f3rych warto wybra\u0107 LegitGrams w celu zaspokojenia potrzeb zwi\u0105zanych z kokain\u0105 crack<\/h3>\n<p>Mo\u017cesz by\u0107 pewien, \u017ce kupujesz produkt wysokiej jako\u015bci, kt\u00f3ry zosta\u0142 starannie pozyskany i przetestowany, gdy kupujesz crack kokain\u0119 online od LegitGrams. Ka\u017cda partia <a href=\"https:\/\/en.wikipedia.org\/wiki\/Crack_cocaine\">crack kokaina<\/a> Produkty, kt\u00f3re oferujemy w sprzeda\u017cy online, spe\u0142niaj\u0105 surowe kryteria dzi\u0119ki naszemu zaanga\u017cowaniu w jako\u015b\u0107, zapewniaj\u0105c Ci spok\u00f3j ducha przy ka\u017cdej transakcji.<\/p>\n<h3>Jak kupi\u0107 crack od Gramsa<\/h3>\n<p>It&#8217;s simple to <a href=\"https:\/\/www.google.com\/search?q=Crack+Cocaine&amp;num=10&amp;sca_esv=1a2a07081c7891bb&amp;rlz=1C1RXQR_enIN1098IN1098&amp;sxsrf=AHTn8zoZAj4uBbafcvRtFJ7TyQpac-TeIA%3A1741161873220&amp;ei=kQXIZ-qUDbSNseMPlqvJkQY&amp;ved=0ahUKEwiqocy3vfKLAxW0RmwGHZZVMmIQ4dUDCBA&amp;uact=5&amp;oq=Crack+Cocaine&amp;gs_lp=Egxnd3Mtd2l6LXNlcnAiDUNyYWNrIENvY2FpbmUyChAjGIAEGCcYigUyBRAAGIAEMgUQLhiABDIFEAAYgAQyBRAAGIAEMgUQABiABDIIEAAYgAQYxwMyChAAGIAEGBQYhwIyBRAAGIAEMgUQABiABEj3CFCiBViiBXABeACQAQCYAdYBoAHWAaoBAzItMbgBA8gBAPgBAvgBAZgCAaAC4AGYAwCIBgGSBwMyLTGgB7MJ&amp;sclient=gws-wiz-serp\">order crack cocaine<\/a> from LegitGrams. It&#8217;s simple and quick to order crack cocaine from <a href=\"https:\/\/legitgrams.com\/pl\/\">LegitGrams<\/a>. Wystarczy przejrze\u0107 nasz asortyment i umie\u015bci\u0107 w koszyku rzeczy, kt\u00f3re chcesz. Dla Twojej wygody akceptujemy wiele sposob\u00f3w p\u0142atno\u015bci, a nasz bezpieczny proces realizacji transakcji gwarantuje, \u017ce Twoje dane pozostan\u0105 prywatne.<\/p>\n<h3>Zalety zakup\u00f3w cracku online<\/h3>\n<p>Kupuj\u0105c crack w sklepie LegitGrams online, zyskujesz szereg korzy\u015bci:<\/p>\n<p>Wygoda: Z\u0142\u00f3\u017c zam\u00f3wienie, nie wychodz\u0105c z domu, i uniknij konieczno\u015bci udania si\u0119 do sklepu.<br \/>\nDyskretne opakowanie: Nasze opakowania s\u0105 zaprojektowane tak, aby nie pozostawia\u0142y \u015blad\u00f3w i by\u0142y dyskretne, poniewa\u017c zdajemy sobie spraw\u0119, jak wa\u017cna jest prywatno\u015b\u0107.<br \/>\nQuality Control: To ensure potency and purity, our <a href=\"https:\/\/duckduckgo.com\/?q=Crack+Cocaine&amp;t=h_&amp;ia=web\">crack kokaina<\/a> is put through a rigorous testing process.<br \/>\nSzybka dostawa: Dok\u0142adamy wszelkich stara\u0144, aby przetwarza\u0107 i wysy\u0142a\u0107 zam\u00f3wienia najszybciej, jak to mo\u017cliwe, aby\u015b m\u00f3g\u0142 otrzyma\u0107 swoje rzeczy na czas.<\/p>\n<h3>Zapoznaj si\u0119 z nasz\u0105 ofert\u0105 produkt\u00f3w Crack Cocaine<\/h3>\n<p>Aby sprosta\u0107 Twoim wyj\u0105tkowym wymaganiom i gustom, Legit Grams oferuje szerok\u0105 gam\u0119 <a href=\"https:\/\/legitgrams.com\/pl\/produkt\/crack-kokaina\/\">Crack Kokaina<\/a> pozycje. Oferujemy opcje, kt\u00f3re spe\u0142niaj\u0105 potrzeby ka\u017cdego klienta, niezale\u017cnie od preferowanej mocy lub ilo\u015bci.<\/p>\n<h3>Jak z\u0142o\u017cy\u0107 zam\u00f3wienie na crack kokain\u0119 LegitGrams<\/h3>\n<p>Use these easy steps to place an order for <a href=\"https:\/\/duckduckgo.com\/?q=Crack+Cocaine&amp;t=h_&amp;ia=web\">Crack Kokaina<\/a> od LegitGrams:<\/p>\n<ul>\n<li>Przejrzyj i wybierz to, czego chcesz.<\/li>\n<li>Po dodaniu produkt\u00f3w do koszyka, przejd\u017a do kasy.<\/li>\n<li>Wprowad\u017a szczeg\u00f3\u0142y p\u0142atno\u015bci i wysy\u0142ki.<\/li>\n<li>Wystarczy, \u017ce z\u0142o\u017cysz zam\u00f3wienie, a my zajmiemy si\u0119 reszt\u0105!<\/li>\n<\/ul>\n<h3>Zaufaj LegitGrams, aby kupi\u0107 crack<\/h3>\n<p>LegitGrams is your go-to resource for purchasing <a href=\"https:\/\/www.google.com\/search?q=Crack+Cocaine&amp;num=10&amp;sca_esv=1a2a07081c7891bb&amp;rlz=1C1RXQR_enIN1098IN1098&amp;sxsrf=AHTn8zoZAj4uBbafcvRtFJ7TyQpac-TeIA%3A1741161873220&amp;ei=kQXIZ-qUDbSNseMPlqvJkQY&amp;ved=0ahUKEwiqocy3vfKLAxW0RmwGHZZVMmIQ4dUDCBA&amp;uact=5&amp;oq=Crack+Cocaine&amp;gs_lp=Egxnd3Mtd2l6LXNlcnAiDUNyYWNrIENvY2FpbmUyChAjGIAEGCcYigUyBRAAGIAEMgUQLhiABDIFEAAYgAQyBRAAGIAEMgUQABiABDIIEAAYgAQYxwMyChAAGIAEGBQYhwIyBRAAGIAEMgUQABiABEj3CFCiBViiBXABeACQAQCYAdYBoAHWAaoBAzItMbgBA8gBAPgBAvgBAZgCAaAC4AGYAwCIBgGSBwMyLTGgB7MJ&amp;sclient=gws-wiz-serp\">crack cocaine online<\/a>LegitGrams to Twoje \u017ar\u00f3d\u0142o do zakupu cracku online. Wyr\u00f3\u017cniamy si\u0119 jako niezawodny dostawca w bran\u017cy dzi\u0119ki naszemu zaanga\u017cowaniu w jako\u015b\u0107, tajemnic\u0119 i zadowolenie klienta. Odkryj, jak \u0142atwo jest kupi\u0107 u nas ju\u017c teraz!<\/p>\n<p>&nbsp;<\/p>\n<p>&nbsp;<\/p>","protected":false},"excerpt":{"rendered":"<p>Find LegitGrams, the Best Place to Buy Crack Cocaine We at LegitGrams take pleasure in being your discreet and dependable online supplier for premium crack cocaine. We provide a smooth ordering experience and guarantee timely delivery to your door, all while maintaining a dedication to customer happiness and safety. Reasons to Select LegitGrams for Your &hellip;<\/p>\n<p class=\"read-more\"> <a class=\"\" href=\"https:\/\/legitgrams.com\/pl\/produkt\/crack-kokaina\/\"> <span class=\"screen-reader-text\">Kup Crack Cocaine online<\/span> Czytaj wi\u0119cej \"<\/a><\/p>","protected":false},"featured_media":2911,"comment_status":"open","ping_status":"closed","template":"","meta":{"_uag_custom_page_level_css":"","site-sidebar-layout":"default","site-content-layout":"default","ast-global-header-display":"","ast-main-header-display":"","ast-hfb-above-header-display":"","ast-hfb-below-header-display":"","ast-hfb-mobile-header-display":"","site-post-title":"","ast-breadcrumbs-content":"","ast-featured-img":"","footer-sml-layout":"","theme-transparent-header-meta":"default","adv-header-id-meta":"","stick-header-meta":"default","header-above-stick-meta":"","header-main-stick-meta":"","header-below-stick-meta":"","_joinchat":[]},"product_brand":[],"product_cat":[70],"product_tag":[71,72,73,74,75,76,77,78,79,80,81,82,83,84,85,86],"class_list":{"0":"post-2900","1":"product","2":"type-product","3":"status-publish","4":"has-post-thumbnail","6":"product_cat-cocaine","7":"product_tag-benefits-of-crack-cocaine","8":"product_tag-best-place-to-order-crack-cocaine","9":"product_tag-buy-crack-cocaine-legally","10":"product_tag-buy-crack-cocaine-online-australia","11":"product_tag-buy-crack-cocaine-online-near-me","12":"product_tag-buy-crack-cocaine-online-usa","13":"product_tag-cheap-crack-cocaine","14":"product_tag-crack-cocaine-for-sale","15":"product_tag-crack-cocaine-price","16":"product_tag-crack-cocaine-wholesale","17":"product_tag-how-can-i-get-the-best-crack-cocaine","18":"product_tag-how-to-order-crack-cocaine","19":"product_tag-legit-crack-cocaine-online","20":"product_tag-what-is-crack-cocaine","21":"product_tag-where-can-i-buy-crack-cocaine","22":"product_tag-where-to-buy-crack-cocaine","23":"desktop-align-left","24":"tablet-align-left","25":"mobile-align-left","26":"ast-product-gallery-layout-horizontal","27":"ast-product-gallery-with-no-image","28":"ast-product-single-variable","29":"ast-product-tabs-layout-horizontal","30":"ast-qv-on-image","32":"first","33":"instock","34":"featured","35":"shipping-taxable","36":"purchasable","37":"product-type-variable"},"yoast_head":"<!-- This site is optimized with the Yoast SEO plugin v25.9 - https:\/\/yoast.com\/wordpress\/plugins\/seo\/ -->\n<title>Crack Cocaine for Sale - Buy Crack Cocaine Online | LG<\/title>\n<meta name=\"description\" content=\"You can get in touch with our online store and buy Crack Cocaine online. We have Crack Cocaine for sale at cheap prices. Get yours at your place right away!\" \/>\n<meta name=\"robots\" content=\"index, follow, max-snippet:-1, max-image-preview:large, max-video-preview:-1\" \/>\n<link rel=\"canonical\" href=\"https:\/\/legitgrams.com\/pl\/produkt\/crack-kokaina\/\" \/>\n<meta property=\"og:locale\" content=\"pl_PL\" \/>\n<meta property=\"og:type\" content=\"article\" \/>\n<meta property=\"og:title\" content=\"Crack Cocaine for Sale - Buy Crack Cocaine Online | LG\" \/>\n<meta property=\"og:description\" content=\"You can get in touch with our online store and buy Crack Cocaine online. We have Crack Cocaine for sale at cheap prices. Get yours at your place right away!\" \/>\n<meta property=\"og:url\" content=\"https:\/\/legitgrams.com\/pl\/produkt\/crack-kokaina\/\" \/>\n<meta property=\"og:site_name\" content=\"Legit Grams\" \/>\n<meta property=\"article:modified_time\" content=\"2025-12-03T12:51:34+00:00\" \/>\n<meta property=\"og:image\" content=\"https:\/\/legitgrams.com\/wp-content\/uploads\/2024\/04\/crack-cocaine.jpg\" \/>\n\t<meta property=\"og:image:width\" content=\"600\" \/>\n\t<meta property=\"og:image:height\" content=\"600\" \/>\n\t<meta property=\"og:image:type\" content=\"image\/jpeg\" \/>\n<meta name=\"twitter:card\" content=\"summary_large_image\" \/>\n<meta name=\"twitter:label1\" content=\"Szacowany czas czytania\" \/>\n\t<meta name=\"twitter:data1\" content=\"3 minuty\" \/>\n<script type=\"application\/ld+json\" class=\"yoast-schema-graph\">{\"@context\":\"https:\/\/schema.org\",\"@graph\":[{\"@type\":\"WebPage\",\"@id\":\"https:\/\/legitgrams.com\/product\/crack-cocaine\/\",\"url\":\"https:\/\/legitgrams.com\/product\/crack-cocaine\/\",\"name\":\"Crack Cocaine for Sale - Buy Crack Cocaine Online | LG\",\"isPartOf\":{\"@id\":\"https:\/\/legitgrams.com\/#website\"},\"primaryImageOfPage\":{\"@id\":\"https:\/\/legitgrams.com\/product\/crack-cocaine\/#primaryimage\"},\"image\":{\"@id\":\"https:\/\/legitgrams.com\/product\/crack-cocaine\/#primaryimage\"},\"thumbnailUrl\":\"https:\/\/legitgrams.com\/wp-content\/uploads\/2024\/04\/crack-cocaine.jpg\",\"datePublished\":\"2024-04-01T10:28:41+00:00\",\"dateModified\":\"2025-12-03T12:51:34+00:00\",\"description\":\"You can get in touch with our online store and buy Crack Cocaine online. We have Crack Cocaine for sale at cheap prices. Get yours at your place right away!\",\"breadcrumb\":{\"@id\":\"https:\/\/legitgrams.com\/product\/crack-cocaine\/#breadcrumb\"},\"inLanguage\":\"pl-PL\",\"potentialAction\":[{\"@type\":\"ReadAction\",\"target\":[\"https:\/\/legitgrams.com\/product\/crack-cocaine\/\"]}]},{\"@type\":\"ImageObject\",\"inLanguage\":\"pl-PL\",\"@id\":\"https:\/\/legitgrams.com\/product\/crack-cocaine\/#primaryimage\",\"url\":\"https:\/\/legitgrams.com\/wp-content\/uploads\/2024\/04\/crack-cocaine.jpg\",\"contentUrl\":\"https:\/\/legitgrams.com\/wp-content\/uploads\/2024\/04\/crack-cocaine.jpg\",\"width\":600,\"height\":600,\"caption\":\"Crack Cocaine for Sale\"},{\"@type\":\"BreadcrumbList\",\"@id\":\"https:\/\/legitgrams.com\/product\/crack-cocaine\/#breadcrumb\",\"itemListElement\":[{\"@type\":\"ListItem\",\"position\":1,\"name\":\"Home\",\"item\":\"https:\/\/legitgrams.com\/\"},{\"@type\":\"ListItem\",\"position\":2,\"name\":\"Shop\",\"item\":\"https:\/\/legitgrams.com\/shop\/\"},{\"@type\":\"ListItem\",\"position\":3,\"name\":\"Buy Crack Cocaine Online\"}]},{\"@type\":\"WebSite\",\"@id\":\"https:\/\/legitgrams.com\/#website\",\"url\":\"https:\/\/legitgrams.com\/\",\"name\":\"Legit Grams\",\"description\":\"My WordPress Blog\",\"publisher\":{\"@id\":\"https:\/\/legitgrams.com\/#organization\"},\"potentialAction\":[{\"@type\":\"SearchAction\",\"target\":{\"@type\":\"EntryPoint\",\"urlTemplate\":\"https:\/\/legitgrams.com\/?s={search_term_string}\"},\"query-input\":{\"@type\":\"PropertyValueSpecification\",\"valueRequired\":true,\"valueName\":\"search_term_string\"}}],\"inLanguage\":\"pl-PL\"},{\"@type\":\"Organization\",\"@id\":\"https:\/\/legitgrams.com\/#organization\",\"name\":\"Legit Grams\",\"url\":\"https:\/\/legitgrams.com\/\",\"logo\":{\"@type\":\"ImageObject\",\"inLanguage\":\"pl-PL\",\"@id\":\"https:\/\/legitgrams.com\/#\/schema\/logo\/image\/\",\"url\":\"https:\/\/legitgrams.com\/wp-content\/uploads\/2024\/09\/main-logo.png\",\"contentUrl\":\"https:\/\/legitgrams.com\/wp-content\/uploads\/2024\/09\/main-logo.png\",\"width\":270,\"height\":75,\"caption\":\"Legit Grams\"},\"image\":{\"@id\":\"https:\/\/legitgrams.com\/#\/schema\/logo\/image\/\"}}]}<\/script>\n<!-- \/ Yoast SEO plugin. -->","yoast_head_json":{"title":"Crack Kokaina na Sprzeda\u017c - Kup Crack Kokain\u0119 Online | LG","description":"Mo\u017cesz skontaktowa\u0107 si\u0119 z naszym sklepem internetowym i kupi\u0107 Crack Cocaine online. Mamy Crack Kokaina na sprzeda\u017c w niskich cenach. Zdob\u0105d\u017a swoje miejsce od razu!","robots":{"index":"index","follow":"follow","max-snippet":"max-snippet:-1","max-image-preview":"max-image-preview:large","max-video-preview":"max-video-preview:-1"},"canonical":"https:\/\/legitgrams.com\/pl\/produkt\/crack-kokaina\/","og_locale":"pl_PL","og_type":"article","og_title":"Crack Cocaine for Sale - Buy Crack Cocaine Online | LG","og_description":"You can get in touch with our online store and buy Crack Cocaine online. We have Crack Cocaine for sale at cheap prices. Get yours at your place right away!","og_url":"https:\/\/legitgrams.com\/pl\/produkt\/crack-kokaina\/","og_site_name":"Legit Grams","article_modified_time":"2025-12-03T12:51:34+00:00","og_image":[{"width":600,"height":600,"url":"https:\/\/legitgrams.com\/wp-content\/uploads\/2024\/04\/crack-cocaine.jpg","type":"image\/jpeg"}],"twitter_card":"summary_large_image","twitter_misc":{"Szacowany czas czytania":"3 minuty"},"schema":{"@context":"https:\/\/schema.org","@graph":[{"@type":"WebPage","@id":"https:\/\/legitgrams.com\/product\/crack-cocaine\/","url":"https:\/\/legitgrams.com\/product\/crack-cocaine\/","name":"Crack Kokaina na Sprzeda\u017c - Kup Crack Kokain\u0119 Online | LG","isPartOf":{"@id":"https:\/\/legitgrams.com\/#website"},"primaryImageOfPage":{"@id":"https:\/\/legitgrams.com\/product\/crack-cocaine\/#primaryimage"},"image":{"@id":"https:\/\/legitgrams.com\/product\/crack-cocaine\/#primaryimage"},"thumbnailUrl":"https:\/\/legitgrams.com\/wp-content\/uploads\/2024\/04\/crack-cocaine.jpg","datePublished":"2024-04-01T10:28:41+00:00","dateModified":"2025-12-03T12:51:34+00:00","description":"Mo\u017cesz skontaktowa\u0107 si\u0119 z naszym sklepem internetowym i kupi\u0107 Crack Cocaine online. Mamy Crack Kokaina na sprzeda\u017c w niskich cenach. Zdob\u0105d\u017a swoje miejsce od razu!","breadcrumb":{"@id":"https:\/\/legitgrams.com\/product\/crack-cocaine\/#breadcrumb"},"inLanguage":"pl-PL","potentialAction":[{"@type":"ReadAction","target":["https:\/\/legitgrams.com\/product\/crack-cocaine\/"]}]},{"@type":"ImageObject","inLanguage":"pl-PL","@id":"https:\/\/legitgrams.com\/product\/crack-cocaine\/#primaryimage","url":"https:\/\/legitgrams.com\/wp-content\/uploads\/2024\/04\/crack-cocaine.jpg","contentUrl":"https:\/\/legitgrams.com\/wp-content\/uploads\/2024\/04\/crack-cocaine.jpg","width":600,"height":600,"caption":"Crack Cocaine for Sale"},{"@type":"BreadcrumbList","@id":"https:\/\/legitgrams.com\/product\/crack-cocaine\/#breadcrumb","itemListElement":[{"@type":"ListItem","position":1,"name":"Home","item":"https:\/\/legitgrams.com\/"},{"@type":"ListItem","position":2,"name":"Shop","item":"https:\/\/legitgrams.com\/shop\/"},{"@type":"ListItem","position":3,"name":"Buy Crack Cocaine Online"}]},{"@type":"WebSite","@id":"https:\/\/legitgrams.com\/#website","url":"https:\/\/legitgrams.com\/","name":"Legit Grams","description":"M\u00f3j blog WordPress","publisher":{"@id":"https:\/\/legitgrams.com\/#organization"},"potentialAction":[{"@type":"SearchAction","target":{"@type":"EntryPoint","urlTemplate":"https:\/\/legitgrams.com\/?s={search_term_string}"},"query-input":{"@type":"PropertyValueSpecification","valueRequired":true,"valueName":"search_term_string"}}],"inLanguage":"pl-PL"},{"@type":"Organization","@id":"https:\/\/legitgrams.com\/#organization","name":"Legit Grams","url":"https:\/\/legitgrams.com\/","logo":{"@type":"ImageObject","inLanguage":"pl-PL","@id":"https:\/\/legitgrams.com\/#\/schema\/logo\/image\/","url":"https:\/\/legitgrams.com\/wp-content\/uploads\/2024\/09\/main-logo.png","contentUrl":"https:\/\/legitgrams.com\/wp-content\/uploads\/2024\/09\/main-logo.png","width":270,"height":75,"caption":"Legit Grams"},"image":{"@id":"https:\/\/legitgrams.com\/#\/schema\/logo\/image\/"}}]}},"uagb_featured_image_src":{"full":["https:\/\/legitgrams.com\/wp-content\/uploads\/2024\/04\/crack-cocaine.jpg",600,600,false],"thumbnail":["https:\/\/legitgrams.com\/wp-content\/uploads\/2024\/04\/crack-cocaine-150x150.jpg",150,150,true],"medium":["https:\/\/legitgrams.com\/wp-content\/uploads\/2024\/04\/crack-cocaine-300x300.jpg",300,300,true],"medium_large":["https:\/\/legitgrams.com\/wp-content\/uploads\/2024\/04\/crack-cocaine.jpg",600,600,false],"large":["https:\/\/legitgrams.com\/wp-content\/uploads\/2024\/04\/crack-cocaine.jpg",600,600,false],"1536x1536":["https:\/\/legitgrams.com\/wp-content\/uploads\/2024\/04\/crack-cocaine.jpg",600,600,false],"2048x2048":["https:\/\/legitgrams.com\/wp-content\/uploads\/2024\/04\/crack-cocaine.jpg",600,600,false],"trp-custom-language-flag":["https:\/\/legitgrams.com\/wp-content\/uploads\/2024\/04\/crack-cocaine.jpg",12,12,false],"woocommerce_thumbnail":["https:\/\/legitgrams.com\/wp-content\/uploads\/2024\/04\/crack-cocaine-300x300.jpg",300,300,true],"woocommerce_single":["https:\/\/legitgrams.com\/wp-content\/uploads\/2024\/04\/crack-cocaine.jpg",600,600,false],"woocommerce_gallery_thumbnail":["https:\/\/legitgrams.com\/wp-content\/uploads\/2024\/04\/crack-cocaine-100x100.jpg",100,100,true]},"uagb_author_info":{"display_name":"cokeblog18","author_link":"https:\/\/legitgrams.com\/pl\/author\/"},"uagb_comment_info":2,"uagb_excerpt":"Find LegitGrams, the Best Place to Buy Crack Cocaine We at LegitGrams take pleasure in being your discreet and dependable online supplier for premium crack cocaine. We provide a smooth ordering experience and guarantee timely delivery to your door, all while maintaining a dedication to customer happiness and safety. Reasons to Select LegitGrams for Your&hellip;","_links":{"self":[{"href":"https:\/\/legitgrams.com\/pl\/wp-json\/wp\/v2\/product\/2900","targetHints":{"allow":["GET"]}}],"collection":[{"href":"https:\/\/legitgrams.com\/pl\/wp-json\/wp\/v2\/product"}],"about":[{"href":"https:\/\/legitgrams.com\/pl\/wp-json\/wp\/v2\/types\/product"}],"replies":[{"embeddable":true,"href":"https:\/\/legitgrams.com\/pl\/wp-json\/wp\/v2\/comments?post=2900"}],"wp:featuredmedia":[{"embeddable":true,"href":"https:\/\/legitgrams.com\/pl\/wp-json\/wp\/v2\/media\/2911"}],"wp:attachment":[{"href":"https:\/\/legitgrams.com\/pl\/wp-json\/wp\/v2\/media?parent=2900"}],"wp:term":[{"taxonomy":"product_brand","embeddable":true,"href":"https:\/\/legitgrams.com\/pl\/wp-json\/wp\/v2\/product_brand?post=2900"},{"taxonomy":"product_cat","embeddable":true,"href":"https:\/\/legitgrams.com\/pl\/wp-json\/wp\/v2\/product_cat?post=2900"},{"taxonomy":"product_tag","embeddable":true,"href":"https:\/\/legitgrams.com\/pl\/wp-json\/wp\/v2\/product_tag?post=2900"}],"curies":[{"name":"wp","href":"https:\/\/api.w.org\/{rel}","templated":true}]}}