{"id":2901,"date":"2024-04-01T10:28:41","date_gmt":"2024-04-01T10:28:41","guid":{"rendered":"https:\/\/unkrautmarkt.com\/coke\/?post_type=product&#038;p=2901"},"modified":"2025-03-08T05:06:33","modified_gmt":"2025-03-08T05:06:33","slug":"boliwia-kokaina","status":"publish","type":"product","link":"https:\/\/legitgrams.com\/pl\/produkt\/boliwia-kokaina\/","title":{"rendered":"Kup boliwijsk\u0105 kokain\u0119 online"},"content":{"rendered":"<h2>Sprawd\u017a Premium Boliwijsk\u0105 Kokain\u0119 LegitGrams na Sprzeda\u017c Online<\/h2>\n<p>Pozdrowienia z LegitGrams, najlepszego miejsca do zakupu wysokiej jako\u015bci <a href=\"https:\/\/legitgrams.com\/pl\/produkt\/boliwia-kokaina\/\">Boliwijska kokaina<\/a> online. We take pride in providing the <a href=\"https:\/\/www.bing.com\/search?q=Buy+Bolivia+Cocaine+Online&amp;qs=n&amp;form=QBRE&amp;sp=-1&amp;lq=0&amp;pq=buy+bolivia+cocaine+online&amp;sc=0-26&amp;sk=&amp;cvid=3C7E3A246BB7401697476B8CC6058BB9&amp;ghsh=0&amp;ghacc=0&amp;ghpl=\">highest quality cocaine for sale<\/a>online. Jeste\u015bmy dumni z dostarczania najwy\u017cszej jako\u015bci kokainy na sprzeda\u017c, dbaj\u0105c o to, aby nasi szanowni klienci mieli p\u0142ynne i prywatne do\u015bwiadczenie zakupowe. Nasza platforma spe\u0142nia wszystkie Twoje potrzeby zwi\u0105zane z kokain\u0105 w Boliwii, niezale\u017cnie od tego, czy jeste\u015b ekspertem, czy pocz\u0105tkuj\u0105cym kupuj\u0105cym.<\/p>\n<h3>Dlaczego warto zdecydowa\u0107 si\u0119 na legalne gramy kokainy z Boliwii?<\/h3>\n<p>Z wielu powod\u00f3w, <a href=\"https:\/\/legitgrams.com\/pl\/\">LegitGrams<\/a> is the greatest location to <a href=\"https:\/\/www.bing.com\/search?q=Buy+Bolivia+Cocaine+Online&amp;qs=n&amp;form=QBRE&amp;sp=-1&amp;lq=0&amp;pq=buy+bolivia+cocaine+online&amp;sc=0-26&amp;sk=&amp;cvid=3C7E3A246BB7401697476B8CC6058BB9&amp;ghsh=0&amp;ghacc=0&amp;ghpl=\">purchase Bolivian cocaine online<\/a>.<\/p>\n<p>Superior Products: We acquire our <a href=\"https:\/\/www.google.com\/search?q=Buy+Bolivia+Cocaine+Online&amp;num=10&amp;sca_esv=1a2a07081c7891bb&amp;rlz=1C1RXQR_enIN1098IN1098&amp;sxsrf=AHTn8zqpFfaaMcBhZ3pIfCYgJThID_meGA%3A1741341363421&amp;ei=s8LKZ5K6GeKWnesP7ZLziQQ&amp;ved=0ahUKEwjS35iL2veLAxViS2cHHW3JPEEQ4dUDCBA&amp;uact=5&amp;oq=Buy+Bolivia+Cocaine+Online&amp;gs_lp=Egxnd3Mtd2l6LXNlcnAiGkJ1eSBCb2xpdmlhIENvY2FpbmUgT25saW5lSLkIUIMEWIMEcAJ4AJABAJgBtwGgAbcBqgEDMC4xuAEDyAEA-AEC-AEBmAICoAIMwgILEAAYgAQYsAMYogTCAggQABiwAxjvBZgDAIgGAZAGApIHATKgB80B&amp;sclient=gws-wiz-serp\">Boliwijska kokaina<\/a> from reliable vendors, ensuring that every purchase is of the highest caliber.<br \/>\nBezpieczne zakupy online: Dzi\u0119ki naszym bezpiecznym kana\u0142om p\u0142atno\u015bci online mo\u017cesz mie\u0107 pewno\u015b\u0107, \u017ce Twoje transakcje s\u0105 bezpieczne.<br \/>\nDyskretne opakowanie: Zdajemy sobie spraw\u0119, jak wa\u017cna jest prywatno\u015b\u0107. Aby zapewni\u0107 anonimowo\u015b\u0107 podczas procesu wysy\u0142ki, dyskretnie pakujemy Twoj\u0105 boliwijsk\u0105 kokain\u0119. <a href=\"https:\/\/www.google.com\/search?q=Buy+Bolivia+Cocaine+Online&amp;num=10&amp;sca_esv=1a2a07081c7891bb&amp;rlz=1C1RXQR_enIN1098IN1098&amp;sxsrf=AHTn8zqpFfaaMcBhZ3pIfCYgJThID_meGA%3A1741341363421&amp;ei=s8LKZ5K6GeKWnesP7ZLziQQ&amp;ved=0ahUKEwjS35iL2veLAxViS2cHHW3JPEEQ4dUDCBA&amp;uact=5&amp;oq=Buy+Bolivia+Cocaine+Online&amp;gs_lp=Egxnd3Mtd2l6LXNlcnAiGkJ1eSBCb2xpdmlhIENvY2FpbmUgT25saW5lSLkIUIMEWIMEcAJ4AJABAJgBtwGgAbcBqgEDMC4xuAEDyAEA-AEC-AEBmAICoAIMwgILEAAYgAQYsAMYogTCAggQABiwAxjvBZgDAIgGAZAGApIHATKgB80B&amp;sclient=gws-wiz-serp\">Boliwijska kokaina<\/a>.<br \/>\nLiczne mo\u017cliwo\u015bci wyboru: Przegl\u0105daj r\u00f3\u017cnorodne boliwijskie produkty kokainowe, aby wybra\u0107 ten, kt\u00f3ry najlepiej odpowiada Twoim potrzebom i gustom.<\/p>\n<h3>LegitGrams oferuje sprzeda\u017c boliwijskiej kokainy online.<\/h3>\n<p>Are you trying to <a href=\"https:\/\/duckduckgo.com\/?q=Buy+Bolivia+Cocaine+Online&amp;t=h_&amp;ia=web\">purchase Bolivian cocaine online<\/a>Pr\u00f3bujesz kupi\u0107 boliwijsk\u0105 kokain\u0119 online? LegitGrams to jedyne miejsce, w kt\u00f3rym mo\u017cesz szuka\u0107. Wystarczy kilka klikni\u0119\u0107, aby przegl\u0105da\u0107, wybiera\u0107 i zamawia\u0107 preferowan\u0105 boliwijsk\u0105 kokain\u0119 dzi\u0119ki naszemu przyjaznemu u\u017cytkownikowi portalowi. Dostarczamy j\u0105 w formie proszku i kryszta\u0142u, w zale\u017cno\u015bci od Twoich preferencji.<\/p>\n<h3>Jak kupi\u0107 kokain\u0119 z Boliwii za pomoc\u0105 LegitGrams<\/h3>\n<p>The procedure for purchasing <a href=\"https:\/\/duckduckgo.com\/?q=Buy+Bolivia+Cocaine+Online&amp;t=h_&amp;ia=web\">Boliwijska kokaina<\/a> from LegitGrams is simple. To get started, take these easy steps:<\/p>\n<p>Przegl\u0105daj nasz\u0105 kolekcj\u0119: Przegl\u0105daj nasz szeroki wyb\u00f3r boliwijskich produkt\u00f3w kokainowych i<\/p>\n<p>Przegl\u0105daj nasz\u0105 kolekcj\u0119: Wybierz <a href=\"https:\/\/en.wikipedia.org\/wiki\/Coca_in_Bolivia\">Boliwia Kokaina<\/a> produkty, kt\u00f3re z naszej szerokiej oferty wzbudz\u0105 Twoje zainteresowanie.<br \/>\nDodaj do koszyka: Dodaj wybrane produkty do koszyka i przejd\u017a do kasy.<br \/>\nBezpieczna p\u0142atno\u015b\u0107: Wybierz opcj\u0119 p\u0142atno\u015bci i podaj dane do wysy\u0142ki. Mo\u017cesz by\u0107 pewien, \u017ce nasza procedura p\u0142atno\u015bci jest \u0142atwa i bezpieczna.<br \/>\nOdbierz swoje zam\u00f3wienie: Po potwierdzeniu zam\u00f3wienia mo\u017cesz si\u0119 zrelaksowa\u0107, podczas gdy my dyskretnie zapakujemy i przetransportujemy Twoj\u0105 boliwijsk\u0105 kokain\u0119 do Twojego domu.<\/p>\n<h3>Kup boliwijsk\u0105 kokain\u0119 online ju\u017c teraz<\/h3>\n<p>Czy jeste\u015b gotowy spr\u00f3bowa\u0107 najlepszej boliwijskiej kokainy dost\u0119pnej online? Zam\u00f3w z LegitGrams ju\u017c teraz, aby cieszy\u0107 si\u0119 najwy\u017csz\u0105 jako\u015bci\u0105 i szcz\u0119\u015bciem, jakie zapewniaj\u0105 nasze produkty. Dzi\u0119ki naszej prostej procedurze zamawiania i doskona\u0142ej obs\u0142udze klienta, zakup boliwijskiej kokainy jest tylko o klikni\u0119cie.<\/p>\n<p>Naszym celem w LegitGrams jest zapewnienie Ci najlepszych boliwijskich produkt\u00f3w i us\u0142ug kokainowych. Odkryj \u015bwiat jako\u015bci, niezawodno\u015bci i prywatno\u015bci, kupuj\u0105c boliwijsk\u0105 kokain\u0119 online od nas. Jeste\u015bmy najlepsz\u0105 opcj\u0105 dla wszystkich Twoich potrzeb zwi\u0105zanych z boliwijsk\u0105 kokain\u0105, poniewa\u017c stawiamy Twoj\u0105 satysfakcj\u0119 na pierwszym miejscu.<\/p>","protected":false},"excerpt":{"rendered":"<p>Check Out LegitGrams&#8217; Premium Bolivian Cocaine for Sale Online Greetings from LegitGrams, the best place to buy high-quality Bolivian cocaine online. We take pride in providing the highest quality cocaine for sale, making sure that our esteemed clients have a smooth and private buying experience. Our platform meets all of your Bolivia cocaine needs, regardless &hellip;<\/p>\n<p class=\"read-more\"> <a class=\"\" href=\"https:\/\/legitgrams.com\/pl\/produkt\/boliwia-kokaina\/\"> <span class=\"screen-reader-text\">Kup boliwijsk\u0105 kokain\u0119 online<\/span> Czytaj wi\u0119cej \"<\/a><\/p>","protected":false},"featured_media":2912,"comment_status":"open","ping_status":"closed","template":"","meta":{"_uag_custom_page_level_css":"","site-sidebar-layout":"default","site-content-layout":"default","ast-global-header-display":"","ast-main-header-display":"","ast-hfb-above-header-display":"","ast-hfb-below-header-display":"","ast-hfb-mobile-header-display":"","site-post-title":"","ast-breadcrumbs-content":"","ast-featured-img":"","footer-sml-layout":"","theme-transparent-header-meta":"default","adv-header-id-meta":"","stick-header-meta":"default","header-above-stick-meta":"","header-main-stick-meta":"","header-below-stick-meta":"","_joinchat":[]},"product_brand":[],"product_cat":[70],"product_tag":[87,88,89,90,91,92,93,94,95,96,97,98,99,100,101,102],"class_list":{"0":"post-2901","1":"product","2":"type-product","3":"status-publish","4":"has-post-thumbnail","6":"product_cat-cocaine","7":"product_tag-benefits-of-bolivia-cocaine","8":"product_tag-best-place-to-order-bolivia-cocaine","9":"product_tag-bolivia-cocaine-for-sale","10":"product_tag-bolivia-cocaine-price","11":"product_tag-bolivia-cocaine-wholesale","12":"product_tag-buy-bolivia-cocaine-legally","13":"product_tag-buy-bolivia-cocaine-online-australia","14":"product_tag-buy-bolivia-cocaine-online-near-me","15":"product_tag-buy-bolivia-cocaine-online-usa","16":"product_tag-cheap-bolivia-cocaine","17":"product_tag-how-can-i-get-the-best-bolivia-cocaine","18":"product_tag-how-to-order-bolivia-cocaine","19":"product_tag-legit-bolivia-cocaine-online","20":"product_tag-what-is-bolivia-cocaine","21":"product_tag-where-can-i-buy-bolivia-cocaine","22":"product_tag-where-to-buy-bolivia-cocaine","23":"desktop-align-left","24":"tablet-align-left","25":"mobile-align-left","26":"ast-product-gallery-layout-horizontal","27":"ast-product-gallery-with-no-image","28":"ast-product-single-variable","29":"ast-product-tabs-layout-horizontal","30":"ast-qv-on-image","32":"first","33":"instock","34":"shipping-taxable","35":"purchasable","36":"product-type-variable"},"yoast_head":"<!-- This site is optimized with the Yoast SEO plugin v25.9 - https:\/\/yoast.com\/wordpress\/plugins\/seo\/ -->\n<title>Buy Bolivia Cocaine Online - Bolivia Cocaine for Sale | LegitGrams<\/title>\n<meta name=\"description\" content=\"Looking for best cocaine store to buy Bolivia Cocaine online? Cokebricks.com is a leading supplier of Bolivia Cocaine. Order Bolivia Cocaine Powder Now!\" \/>\n<meta name=\"robots\" content=\"index, follow, max-snippet:-1, max-image-preview:large, max-video-preview:-1\" \/>\n<link rel=\"canonical\" href=\"https:\/\/legitgrams.com\/pl\/produkt\/boliwia-kokaina\/\" \/>\n<meta property=\"og:locale\" content=\"pl_PL\" \/>\n<meta property=\"og:type\" content=\"article\" \/>\n<meta property=\"og:title\" content=\"Buy Bolivia Cocaine Online - Bolivia Cocaine for Sale | LegitGrams\" \/>\n<meta property=\"og:description\" content=\"Looking for best cocaine store to buy Bolivia Cocaine online? Cokebricks.com is a leading supplier of Bolivia Cocaine. Order Bolivia Cocaine Powder Now!\" \/>\n<meta property=\"og:url\" content=\"https:\/\/legitgrams.com\/pl\/produkt\/boliwia-kokaina\/\" \/>\n<meta property=\"og:site_name\" content=\"Legit Grams\" \/>\n<meta property=\"article:modified_time\" content=\"2025-03-08T05:06:33+00:00\" \/>\n<meta property=\"og:image\" content=\"https:\/\/legitgrams.com\/wp-content\/uploads\/2024\/04\/bolivia-cocaine.jpg\" \/>\n\t<meta property=\"og:image:width\" content=\"600\" \/>\n\t<meta property=\"og:image:height\" content=\"600\" \/>\n\t<meta property=\"og:image:type\" content=\"image\/jpeg\" \/>\n<meta name=\"twitter:card\" content=\"summary_large_image\" \/>\n<meta name=\"twitter:label1\" content=\"Szacowany czas czytania\" \/>\n\t<meta name=\"twitter:data1\" content=\"3 minuty\" \/>\n<script type=\"application\/ld+json\" class=\"yoast-schema-graph\">{\"@context\":\"https:\/\/schema.org\",\"@graph\":[{\"@type\":\"WebPage\",\"@id\":\"https:\/\/legitgrams.com\/product\/bolivia-cocaine\/\",\"url\":\"https:\/\/legitgrams.com\/product\/bolivia-cocaine\/\",\"name\":\"Buy Bolivia Cocaine Online - Bolivia Cocaine for Sale | LegitGrams\",\"isPartOf\":{\"@id\":\"https:\/\/legitgrams.com\/#website\"},\"primaryImageOfPage\":{\"@id\":\"https:\/\/legitgrams.com\/product\/bolivia-cocaine\/#primaryimage\"},\"image\":{\"@id\":\"https:\/\/legitgrams.com\/product\/bolivia-cocaine\/#primaryimage\"},\"thumbnailUrl\":\"https:\/\/legitgrams.com\/wp-content\/uploads\/2024\/04\/bolivia-cocaine.jpg\",\"datePublished\":\"2024-04-01T10:28:41+00:00\",\"dateModified\":\"2025-03-08T05:06:33+00:00\",\"description\":\"Looking for best cocaine store to buy Bolivia Cocaine online? Cokebricks.com is a leading supplier of Bolivia Cocaine. Order Bolivia Cocaine Powder Now!\",\"breadcrumb\":{\"@id\":\"https:\/\/legitgrams.com\/product\/bolivia-cocaine\/#breadcrumb\"},\"inLanguage\":\"pl-PL\",\"potentialAction\":[{\"@type\":\"ReadAction\",\"target\":[\"https:\/\/legitgrams.com\/product\/bolivia-cocaine\/\"]}]},{\"@type\":\"ImageObject\",\"inLanguage\":\"pl-PL\",\"@id\":\"https:\/\/legitgrams.com\/product\/bolivia-cocaine\/#primaryimage\",\"url\":\"https:\/\/legitgrams.com\/wp-content\/uploads\/2024\/04\/bolivia-cocaine.jpg\",\"contentUrl\":\"https:\/\/legitgrams.com\/wp-content\/uploads\/2024\/04\/bolivia-cocaine.jpg\",\"width\":600,\"height\":600,\"caption\":\"Bolivia Cocaine for Sale\"},{\"@type\":\"BreadcrumbList\",\"@id\":\"https:\/\/legitgrams.com\/product\/bolivia-cocaine\/#breadcrumb\",\"itemListElement\":[{\"@type\":\"ListItem\",\"position\":1,\"name\":\"Home\",\"item\":\"https:\/\/legitgrams.com\/\"},{\"@type\":\"ListItem\",\"position\":2,\"name\":\"Shop\",\"item\":\"https:\/\/legitgrams.com\/shop\/\"},{\"@type\":\"ListItem\",\"position\":3,\"name\":\"Buy Bolivia Cocaine Online\"}]},{\"@type\":\"WebSite\",\"@id\":\"https:\/\/legitgrams.com\/#website\",\"url\":\"https:\/\/legitgrams.com\/\",\"name\":\"Legit Grams\",\"description\":\"My WordPress Blog\",\"publisher\":{\"@id\":\"https:\/\/legitgrams.com\/#organization\"},\"potentialAction\":[{\"@type\":\"SearchAction\",\"target\":{\"@type\":\"EntryPoint\",\"urlTemplate\":\"https:\/\/legitgrams.com\/?s={search_term_string}\"},\"query-input\":{\"@type\":\"PropertyValueSpecification\",\"valueRequired\":true,\"valueName\":\"search_term_string\"}}],\"inLanguage\":\"pl-PL\"},{\"@type\":\"Organization\",\"@id\":\"https:\/\/legitgrams.com\/#organization\",\"name\":\"Legit Grams\",\"url\":\"https:\/\/legitgrams.com\/\",\"logo\":{\"@type\":\"ImageObject\",\"inLanguage\":\"pl-PL\",\"@id\":\"https:\/\/legitgrams.com\/#\/schema\/logo\/image\/\",\"url\":\"https:\/\/legitgrams.com\/wp-content\/uploads\/2024\/09\/main-logo.png\",\"contentUrl\":\"https:\/\/legitgrams.com\/wp-content\/uploads\/2024\/09\/main-logo.png\",\"width\":270,\"height\":75,\"caption\":\"Legit Grams\"},\"image\":{\"@id\":\"https:\/\/legitgrams.com\/#\/schema\/logo\/image\/\"}}]}<\/script>\n<!-- \/ Yoast SEO plugin. -->","yoast_head_json":{"title":"Kup kokain\u0119 z Boliwii online - Kokaina z Boliwii na sprzeda\u017c | LegitGrams","description":"Szukasz najlepszego sklepu z kokain\u0105 do zakupu Bolivia Cocaine online? Cokebricks.com jest wiod\u0105cym dostawc\u0105 kokainy z Boliwii. Zam\u00f3w proszek kokainowy Boliwia ju\u017c teraz!","robots":{"index":"index","follow":"follow","max-snippet":"max-snippet:-1","max-image-preview":"max-image-preview:large","max-video-preview":"max-video-preview:-1"},"canonical":"https:\/\/legitgrams.com\/pl\/produkt\/boliwia-kokaina\/","og_locale":"pl_PL","og_type":"article","og_title":"Buy Bolivia Cocaine Online - Bolivia Cocaine for Sale | LegitGrams","og_description":"Looking for best cocaine store to buy Bolivia Cocaine online? Cokebricks.com is a leading supplier of Bolivia Cocaine. Order Bolivia Cocaine Powder Now!","og_url":"https:\/\/legitgrams.com\/pl\/produkt\/boliwia-kokaina\/","og_site_name":"Legit Grams","article_modified_time":"2025-03-08T05:06:33+00:00","og_image":[{"width":600,"height":600,"url":"https:\/\/legitgrams.com\/wp-content\/uploads\/2024\/04\/bolivia-cocaine.jpg","type":"image\/jpeg"}],"twitter_card":"summary_large_image","twitter_misc":{"Szacowany czas czytania":"3 minuty"},"schema":{"@context":"https:\/\/schema.org","@graph":[{"@type":"WebPage","@id":"https:\/\/legitgrams.com\/product\/bolivia-cocaine\/","url":"https:\/\/legitgrams.com\/product\/bolivia-cocaine\/","name":"Kup kokain\u0119 z Boliwii online - Kokaina z Boliwii na sprzeda\u017c | LegitGrams","isPartOf":{"@id":"https:\/\/legitgrams.com\/#website"},"primaryImageOfPage":{"@id":"https:\/\/legitgrams.com\/product\/bolivia-cocaine\/#primaryimage"},"image":{"@id":"https:\/\/legitgrams.com\/product\/bolivia-cocaine\/#primaryimage"},"thumbnailUrl":"https:\/\/legitgrams.com\/wp-content\/uploads\/2024\/04\/bolivia-cocaine.jpg","datePublished":"2024-04-01T10:28:41+00:00","dateModified":"2025-03-08T05:06:33+00:00","description":"Szukasz najlepszego sklepu z kokain\u0105 do zakupu Bolivia Cocaine online? Cokebricks.com jest wiod\u0105cym dostawc\u0105 kokainy z Boliwii. Zam\u00f3w proszek kokainowy Boliwia ju\u017c teraz!","breadcrumb":{"@id":"https:\/\/legitgrams.com\/product\/bolivia-cocaine\/#breadcrumb"},"inLanguage":"pl-PL","potentialAction":[{"@type":"ReadAction","target":["https:\/\/legitgrams.com\/product\/bolivia-cocaine\/"]}]},{"@type":"ImageObject","inLanguage":"pl-PL","@id":"https:\/\/legitgrams.com\/product\/bolivia-cocaine\/#primaryimage","url":"https:\/\/legitgrams.com\/wp-content\/uploads\/2024\/04\/bolivia-cocaine.jpg","contentUrl":"https:\/\/legitgrams.com\/wp-content\/uploads\/2024\/04\/bolivia-cocaine.jpg","width":600,"height":600,"caption":"Bolivia Cocaine for Sale"},{"@type":"BreadcrumbList","@id":"https:\/\/legitgrams.com\/product\/bolivia-cocaine\/#breadcrumb","itemListElement":[{"@type":"ListItem","position":1,"name":"Home","item":"https:\/\/legitgrams.com\/"},{"@type":"ListItem","position":2,"name":"Shop","item":"https:\/\/legitgrams.com\/shop\/"},{"@type":"ListItem","position":3,"name":"Buy Bolivia Cocaine Online"}]},{"@type":"WebSite","@id":"https:\/\/legitgrams.com\/#website","url":"https:\/\/legitgrams.com\/","name":"Legit Grams","description":"M\u00f3j blog WordPress","publisher":{"@id":"https:\/\/legitgrams.com\/#organization"},"potentialAction":[{"@type":"SearchAction","target":{"@type":"EntryPoint","urlTemplate":"https:\/\/legitgrams.com\/?s={search_term_string}"},"query-input":{"@type":"PropertyValueSpecification","valueRequired":true,"valueName":"search_term_string"}}],"inLanguage":"pl-PL"},{"@type":"Organization","@id":"https:\/\/legitgrams.com\/#organization","name":"Legit Grams","url":"https:\/\/legitgrams.com\/","logo":{"@type":"ImageObject","inLanguage":"pl-PL","@id":"https:\/\/legitgrams.com\/#\/schema\/logo\/image\/","url":"https:\/\/legitgrams.com\/wp-content\/uploads\/2024\/09\/main-logo.png","contentUrl":"https:\/\/legitgrams.com\/wp-content\/uploads\/2024\/09\/main-logo.png","width":270,"height":75,"caption":"Legit Grams"},"image":{"@id":"https:\/\/legitgrams.com\/#\/schema\/logo\/image\/"}}]}},"uagb_featured_image_src":{"full":["https:\/\/legitgrams.com\/wp-content\/uploads\/2024\/04\/bolivia-cocaine.jpg",600,600,false],"thumbnail":["https:\/\/legitgrams.com\/wp-content\/uploads\/2024\/04\/bolivia-cocaine-150x150.jpg",150,150,true],"medium":["https:\/\/legitgrams.com\/wp-content\/uploads\/2024\/04\/bolivia-cocaine-300x300.jpg",300,300,true],"medium_large":["https:\/\/legitgrams.com\/wp-content\/uploads\/2024\/04\/bolivia-cocaine.jpg",600,600,false],"large":["https:\/\/legitgrams.com\/wp-content\/uploads\/2024\/04\/bolivia-cocaine.jpg",600,600,false],"1536x1536":["https:\/\/legitgrams.com\/wp-content\/uploads\/2024\/04\/bolivia-cocaine.jpg",600,600,false],"2048x2048":["https:\/\/legitgrams.com\/wp-content\/uploads\/2024\/04\/bolivia-cocaine.jpg",600,600,false],"trp-custom-language-flag":["https:\/\/legitgrams.com\/wp-content\/uploads\/2024\/04\/bolivia-cocaine.jpg",12,12,false],"woocommerce_thumbnail":["https:\/\/legitgrams.com\/wp-content\/uploads\/2024\/04\/bolivia-cocaine-300x300.jpg",300,300,true],"woocommerce_single":["https:\/\/legitgrams.com\/wp-content\/uploads\/2024\/04\/bolivia-cocaine.jpg",600,600,false],"woocommerce_gallery_thumbnail":["https:\/\/legitgrams.com\/wp-content\/uploads\/2024\/04\/bolivia-cocaine-100x100.jpg",100,100,true]},"uagb_author_info":{"display_name":"cokeblog18","author_link":"https:\/\/legitgrams.com\/pl\/author\/"},"uagb_comment_info":11,"uagb_excerpt":"Check Out LegitGrams&#8217; Premium Bolivian Cocaine for Sale Online Greetings from LegitGrams, the best place to buy high-quality Bolivian cocaine online. We take pride in providing the highest quality cocaine for sale, making sure that our esteemed clients have a smooth and private buying experience. Our platform meets all of your Bolivia cocaine needs, regardless&hellip;","_links":{"self":[{"href":"https:\/\/legitgrams.com\/pl\/wp-json\/wp\/v2\/product\/2901","targetHints":{"allow":["GET"]}}],"collection":[{"href":"https:\/\/legitgrams.com\/pl\/wp-json\/wp\/v2\/product"}],"about":[{"href":"https:\/\/legitgrams.com\/pl\/wp-json\/wp\/v2\/types\/product"}],"replies":[{"embeddable":true,"href":"https:\/\/legitgrams.com\/pl\/wp-json\/wp\/v2\/comments?post=2901"}],"wp:featuredmedia":[{"embeddable":true,"href":"https:\/\/legitgrams.com\/pl\/wp-json\/wp\/v2\/media\/2912"}],"wp:attachment":[{"href":"https:\/\/legitgrams.com\/pl\/wp-json\/wp\/v2\/media?parent=2901"}],"wp:term":[{"taxonomy":"product_brand","embeddable":true,"href":"https:\/\/legitgrams.com\/pl\/wp-json\/wp\/v2\/product_brand?post=2901"},{"taxonomy":"product_cat","embeddable":true,"href":"https:\/\/legitgrams.com\/pl\/wp-json\/wp\/v2\/product_cat?post=2901"},{"taxonomy":"product_tag","embeddable":true,"href":"https:\/\/legitgrams.com\/pl\/wp-json\/wp\/v2\/product_tag?post=2901"}],"curies":[{"name":"wp","href":"https:\/\/api.w.org\/{rel}","templated":true}]}}