{"id":3130,"date":"2024-04-01T10:30:06","date_gmt":"2024-04-01T10:30:06","guid":{"rendered":"https:\/\/unkrautmarkt.com\/coke\/?post_type=product&#038;p=3130"},"modified":"2025-03-17T05:04:12","modified_gmt":"2025-03-17T05:04:12","slug":"2c-b-zakup-rozowej-kokainy","status":"publish","type":"product","link":"https:\/\/legitgrams.com\/pl\/produkt\/2c-b-zakup-rozowej-kokainy\/","title":{"rendered":"Kup 2C-B Pink Cocaine Online"},"content":{"rendered":"<h2>Przedstawiamy LegitGrams, najwi\u0119ksze \u017ar\u00f3d\u0142o r\u00f3\u017cowej kokainy 2C-B na sprzeda\u017c<\/h2>\n<p>Czy pr\u00f3bujesz znale\u017a\u0107 najlepsze <a href=\"https:\/\/legitgrams.com\/pl\/produkt\/2c-b-zakup-rozowej-kokainy\/\">2C-B R\u00f3\u017cowa kokaina<\/a>? Nie musisz szuka\u0107 dalej! Mo\u017cemy pom\u00f3c Ci we wszystkim, od wiedzy, jak kupi\u0107, po zalety wyboru zaufanego sprzedawcy, takiego jak LegitGrams.<\/p>\n<h3>Zrozumienie R\u00f3\u017cowej Kokainy 2C-B<\/h3>\n<p>Najpierw przyjrzyjmy si\u0119 temu, co <a href=\"https:\/\/www.bing.com\/search?q=Buy%202C-B%20Pink%20Cocaine%20Online&amp;qs=n&amp;form=QBRE&amp;sp=-1&amp;lq=0&amp;pq=buy%202c-b%20pink%20cocaine%20online&amp;sc=0-28&amp;sk=&amp;cvid=491C212C02304FEE8D665A36B27E3403&amp;ghsh=0&amp;ghacc=0&amp;ghpl=\">2C-B R\u00f3\u017cowa kokaina<\/a> jest przed om\u00f3wieniem, gdzie go kupi\u0107. Ze wzgl\u0119du na jego euforyczne efekty, <a href=\"https:\/\/www.bing.com\/search?q=Buy%202C-B%20Pink%20Cocaine%20Online&amp;qs=n&amp;form=QBRE&amp;sp=-1&amp;lq=0&amp;pq=buy%202c-b%20pink%20cocaine%20online&amp;sc=0-28&amp;sk=&amp;cvid=491C212C02304FEE8D665A36B27E3403&amp;ghsh=0&amp;ghacc=0&amp;ghpl=\">2C-B R\u00f3\u017cowa kokaina<\/a> Najpierw przyjrzyjmy si\u0119, czym jest 2C-B Pink Cocaine, zanim om\u00f3wimy, gdzie mo\u017cna j\u0105 kupi\u0107. Ze wzgl\u0119du na euforyczne dzia\u0142anie 2C-B Pink Cocaine jest szeroko poszukiwanym stymulantem. Ze wzgl\u0119du na swoje w\u0142a\u015bciwo\u015bci pobudzaj\u0105ce i poprawiaj\u0105ce nastr\u00f3j, jest cz\u0119sto stosowana w celach rekreacyjnych i wyst\u0119puje w postaci proszku.<\/p>\n<h3>Powody wyboru kokainy r\u00f3\u017cowej 2C-B firmy LegitGrams<\/h3>\n<p>LegitGrams to najlepszy wyb\u00f3r, je\u015bli chcesz kupi\u0107 2C-B Pink Cocaine online, i to z kilku powod\u00f3w.<\/p>\n<p>Produkt wysokiej jako\u015bci: LegitGrams sprzedaje produkty premium <a href=\"https:\/\/en.wikipedia.org\/wiki\/2C-B\">2C-B<\/a> R\u00f3\u017cowy proszek kokainowy online. Aby zagwarantowa\u0107 czysto\u015b\u0107 i moc oraz zapewni\u0107 konsumentom przyjemne i bezpieczne do\u015bwiadczenie, ich produkt przechodzi rygorystyczny proces testowania.<br \/>\nNiezawodna i bezpieczna przesy\u0142ka: LegitGrams oferuje dyskretn\u0105 i bezpieczn\u0105 przesy\u0142k\u0119 dla <a href=\"https:\/\/www.google.com\/search?q=Buy+2C-B+Pink+Cocaine+Online&amp;num=10&amp;sca_esv=1a2a07081c7891bb&amp;rlz=1C1RXQR_enIN1098IN1098&amp;sxsrf=AHTn8zrZPb-YaIn5MF-KcPZww3rwJWPDmA%3A1742187736286&amp;ei=2KzXZ5aaEYyb4-EPzMeouQY&amp;ved=0ahUKEwiW5pyJq5CMAxWMzTgGHcwjKmcQ4dUDCBA&amp;uact=5&amp;oq=Buy+2C-B+Pink+Cocaine+Online&amp;gs_lp=Egxnd3Mtd2l6LXNlcnAiHEJ1eSAyQy1CIFBpbmsgQ29jYWluZSBPbmxpbmVI1QdQkgRYkgRwA3gAkAEAmAHDAaABwwGqAQMwLjG4AQPIAQD4AQL4AQGYAgCgAgCYAwCIBgGSBwCgB9EB&amp;sclient=gws-wiz-serp\">2C-B Pink Cocaine powder<\/a> zakupy online. Prywatno\u015b\u0107 klient\u00f3w jest dla nich priorytetem i dbaj\u0105 o to, aby zam\u00f3wienia by\u0142y dostarczane bezpiecznie i na czas.<br \/>\nSimple Ordering Procedure: It&#8217;s easy to <a href=\"https:\/\/www.google.com\/search?q=Buy+2C-B+Pink+Cocaine+Online&amp;num=10&amp;sca_esv=1a2a07081c7891bb&amp;rlz=1C1RXQR_enIN1098IN1098&amp;sxsrf=AHTn8zrZPb-YaIn5MF-KcPZww3rwJWPDmA%3A1742187736286&amp;ei=2KzXZ5aaEYyb4-EPzMeouQY&amp;ved=0ahUKEwiW5pyJq5CMAxWMzTgGHcwjKmcQ4dUDCBA&amp;uact=5&amp;oq=Buy+2C-B+Pink+Cocaine+Online&amp;gs_lp=Egxnd3Mtd2l6LXNlcnAiHEJ1eSAyQy1CIFBpbmsgQ29jYWluZSBPbmxpbmVI1QdQkgRYkgRwA3gAkAEAmAHDAaABwwGqAQMwLjG4AQPIAQD4AQL4AQGYAgCgAgCYAwCIBgGSBwCgB9EB&amp;sclient=gws-wiz-serp\">zam\u00f3w 2C-B Pink Cocaine<\/a> from LegitGrams. You can easily browse products, place orders, and follow shipments with their user-friendly website.<\/p>\n<h3>LegitGrams: Jak kupi\u0107 2C-B Pink Cocaine<\/h3>\n<p>Do <a href=\"https:\/\/duckduckgo.com\/?q=Buy+2C-B+Pink+Cocaine+Online&amp;t=h_&amp;ia=web\">buy 2C-B Pink Cocaine powder<\/a> from LegitGrams, take the following actions:<\/p>\n<p>Przegl\u0105daj asortyment produkt\u00f3w Pink Cocaine firmy 2C-B.<br \/>\nUmie\u015b\u0107 rzeczy, kt\u00f3re chcesz, w koszyku.<\/p>\n<p>Zako\u0144cz proces realizacji zam\u00f3wienia i podaj dane do wysy\u0142ki.<br \/>\nPo wybraniu opcji p\u0142atno\u015bci zako\u0144cz transakcj\u0119.<\/p>\n<h3>Zalety zakup\u00f3w w LegitGrams<\/h3>\n<p>Kupuj\u0105c 2C-B Pink Cocaine online w sklepie LegitGrams zyskujesz nast\u0119puj\u0105ce korzy\u015bci:<\/p>\n<p>LegitGrams guarantees the highest grade <a href=\"https:\/\/duckduckgo.com\/?q=Buy+2C-B+Pink+Cocaine+Online&amp;t=h_&amp;ia=web\">2C-B R\u00f3\u017cowa kokaina<\/a> that is devoid of contaminants and impurities.<br \/>\nDyskretne opakowanie: Aby zachowa\u0107 Twoj\u0105 prywatno\u015b\u0107 podczas wysy\u0142ki, Twoje zam\u00f3wienie jest dyskretnie zapakowane.<br \/>\nBezpieczne transakcje: Aby chroni\u0107 Twoje dane finansowe, Legit Grams korzysta z bezpiecznych metod p\u0142atno\u015bci.<\/p>\n<p>LegitGrams to najlepsze miejsce do zakupu 2C-B Pink Cocaine online. Mo\u017cesz polega\u0107 na LegitGrams, \u017ce zapewni\u0105 doskona\u0142e wra\u017cenia zakupowe dzi\u0119ki ich zaanga\u017cowaniu w jako\u015b\u0107, dyskretn\u0105 wysy\u0142k\u0119 i \u0142atwy proces zakupu. Nigdy nie akceptuj niczego gorszego ni\u017c najlepsze dla wszystkich Twoich potrzeb 2C-B Pink Cocaine. Ulepsz swoje zaj\u0119cia rekreacyjne w odpowiedzialny i bezpieczny spos\u00f3b, dokonuj\u0105c zakupu w LegitGrams ju\u017c teraz.<\/p>","protected":false},"excerpt":{"rendered":"<p>Introducing LegitGrams, the Greatest Source for 2C-B Pink Cocaine for Sale Are you trying to find the best 2C-B Pink Cocaine? You don&#8217;t need to search any farther! We can help you with anything from knowing how to buy it to the advantages of picking a trustworthy seller like LegitGrams. Comprehending Pink Cocaine 2C-B Let&#8217;s &hellip;<\/p>\n<p class=\"read-more\"> <a class=\"\" href=\"https:\/\/legitgrams.com\/pl\/produkt\/2c-b-zakup-rozowej-kokainy\/\"> <span class=\"screen-reader-text\">Kup 2C-B Pink Cocaine Online<\/span> Czytaj wi\u0119cej \"<\/a><\/p>","protected":false},"featured_media":3137,"comment_status":"open","ping_status":"closed","template":"","meta":{"_uag_custom_page_level_css":"","site-sidebar-layout":"default","site-content-layout":"default","ast-global-header-display":"","ast-main-header-display":"","ast-hfb-above-header-display":"","ast-hfb-below-header-display":"","ast-hfb-mobile-header-display":"","site-post-title":"","ast-breadcrumbs-content":"","ast-featured-img":"","footer-sml-layout":"","theme-transparent-header-meta":"default","adv-header-id-meta":"","stick-header-meta":"default","header-above-stick-meta":"","header-main-stick-meta":"","header-below-stick-meta":"","_joinchat":[]},"product_brand":[],"product_cat":[70],"product_tag":[180,181,182,183,184,185,186,187],"class_list":{"0":"post-3130","1":"product","2":"type-product","3":"status-publish","4":"has-post-thumbnail","6":"product_cat-cocaine","7":"product_tag-2c-b-pink-cocaine-for-sale","8":"product_tag-2c-b-pink-cocaine-powder-for-sale-europe","9":"product_tag-2c-b-pink-cocaine-powder-for-sale-in-netherland","10":"product_tag-2c-pink-cocaine-powder-for-sale","11":"product_tag-buy-2c-b-pink-cocaine","12":"product_tag-buy-2c-b-pink-powder-cocaine","13":"product_tag-buy-2c-pink-cocaine-powder","14":"product_tag-purchase-2c-b-pink-cocaine","15":"desktop-align-left","16":"tablet-align-left","17":"mobile-align-left","18":"ast-product-gallery-layout-horizontal","19":"ast-product-gallery-with-no-image","20":"ast-product-single-variable","21":"ast-product-tabs-layout-horizontal","22":"ast-qv-on-image","24":"first","25":"instock","26":"featured","27":"shipping-taxable","28":"purchasable","29":"product-type-variable"},"yoast_head":"<!-- This site is optimized with the Yoast SEO plugin v25.9 - https:\/\/yoast.com\/wordpress\/plugins\/seo\/ -->\n<title>2C-B Pink Cocaine for Sale - Buy 2C-B Pink Cocaine Online<\/title>\n<meta name=\"description\" content=\"Your order for 2C-B Pink Cocaine for sale is our responsibility. We will take your request to buy 2C-B Pink Cocaine powder online into consideration and reach you in a short period. Find Best deals Now!\" \/>\n<meta name=\"robots\" content=\"index, follow, max-snippet:-1, max-image-preview:large, max-video-preview:-1\" \/>\n<link rel=\"canonical\" href=\"https:\/\/legitgrams.com\/pl\/produkt\/2c-b-zakup-rozowej-kokainy\/\" \/>\n<meta property=\"og:locale\" content=\"pl_PL\" \/>\n<meta property=\"og:type\" content=\"article\" \/>\n<meta property=\"og:title\" content=\"2C-B Pink Cocaine for Sale - Buy 2C-B Pink Cocaine Online\" \/>\n<meta property=\"og:description\" content=\"Your order for 2C-B Pink Cocaine for sale is our responsibility. We will take your request to buy 2C-B Pink Cocaine powder online into consideration and reach you in a short period. Find Best deals Now!\" \/>\n<meta property=\"og:url\" content=\"https:\/\/legitgrams.com\/pl\/produkt\/2c-b-zakup-rozowej-kokainy\/\" \/>\n<meta property=\"og:site_name\" content=\"Legit Grams\" \/>\n<meta property=\"article:modified_time\" content=\"2025-03-17T05:04:12+00:00\" \/>\n<meta property=\"og:image\" content=\"https:\/\/legitgrams.com\/wp-content\/uploads\/2024\/04\/2cb-powder.webp\" \/>\n\t<meta property=\"og:image:width\" content=\"768\" \/>\n\t<meta property=\"og:image:height\" content=\"841\" \/>\n\t<meta property=\"og:image:type\" content=\"image\/webp\" \/>\n<meta name=\"twitter:card\" content=\"summary_large_image\" \/>\n<meta name=\"twitter:label1\" content=\"Szacowany czas czytania\" \/>\n\t<meta name=\"twitter:data1\" content=\"2 minuty\" \/>\n<script type=\"application\/ld+json\" class=\"yoast-schema-graph\">{\"@context\":\"https:\/\/schema.org\",\"@graph\":[{\"@type\":\"WebPage\",\"@id\":\"https:\/\/legitgrams.com\/product\/2c-b-pink-cocaine\/\",\"url\":\"https:\/\/legitgrams.com\/product\/2c-b-pink-cocaine\/\",\"name\":\"2C-B Pink Cocaine for Sale - Buy 2C-B Pink Cocaine Online\",\"isPartOf\":{\"@id\":\"https:\/\/legitgrams.com\/#website\"},\"primaryImageOfPage\":{\"@id\":\"https:\/\/legitgrams.com\/product\/2c-b-pink-cocaine\/#primaryimage\"},\"image\":{\"@id\":\"https:\/\/legitgrams.com\/product\/2c-b-pink-cocaine\/#primaryimage\"},\"thumbnailUrl\":\"https:\/\/legitgrams.com\/wp-content\/uploads\/2024\/04\/2cb-powder.webp\",\"datePublished\":\"2024-04-01T10:30:06+00:00\",\"dateModified\":\"2025-03-17T05:04:12+00:00\",\"description\":\"Your order for 2C-B Pink Cocaine for sale is our responsibility. We will take your request to buy 2C-B Pink Cocaine powder online into consideration and reach you in a short period. Find Best deals Now!\",\"breadcrumb\":{\"@id\":\"https:\/\/legitgrams.com\/product\/2c-b-pink-cocaine\/#breadcrumb\"},\"inLanguage\":\"pl-PL\",\"potentialAction\":[{\"@type\":\"ReadAction\",\"target\":[\"https:\/\/legitgrams.com\/product\/2c-b-pink-cocaine\/\"]}]},{\"@type\":\"ImageObject\",\"inLanguage\":\"pl-PL\",\"@id\":\"https:\/\/legitgrams.com\/product\/2c-b-pink-cocaine\/#primaryimage\",\"url\":\"https:\/\/legitgrams.com\/wp-content\/uploads\/2024\/04\/2cb-powder.webp\",\"contentUrl\":\"https:\/\/legitgrams.com\/wp-content\/uploads\/2024\/04\/2cb-powder.webp\",\"width\":768,\"height\":841,\"caption\":\"2C-B Pink Cocaine for Sale\"},{\"@type\":\"BreadcrumbList\",\"@id\":\"https:\/\/legitgrams.com\/product\/2c-b-pink-cocaine\/#breadcrumb\",\"itemListElement\":[{\"@type\":\"ListItem\",\"position\":1,\"name\":\"Home\",\"item\":\"https:\/\/legitgrams.com\/\"},{\"@type\":\"ListItem\",\"position\":2,\"name\":\"Shop\",\"item\":\"https:\/\/legitgrams.com\/shop\/\"},{\"@type\":\"ListItem\",\"position\":3,\"name\":\"Buy 2C-B Pink Cocaine Online\"}]},{\"@type\":\"WebSite\",\"@id\":\"https:\/\/legitgrams.com\/#website\",\"url\":\"https:\/\/legitgrams.com\/\",\"name\":\"Legit Grams\",\"description\":\"My WordPress Blog\",\"publisher\":{\"@id\":\"https:\/\/legitgrams.com\/#organization\"},\"potentialAction\":[{\"@type\":\"SearchAction\",\"target\":{\"@type\":\"EntryPoint\",\"urlTemplate\":\"https:\/\/legitgrams.com\/?s={search_term_string}\"},\"query-input\":{\"@type\":\"PropertyValueSpecification\",\"valueRequired\":true,\"valueName\":\"search_term_string\"}}],\"inLanguage\":\"pl-PL\"},{\"@type\":\"Organization\",\"@id\":\"https:\/\/legitgrams.com\/#organization\",\"name\":\"Legit Grams\",\"url\":\"https:\/\/legitgrams.com\/\",\"logo\":{\"@type\":\"ImageObject\",\"inLanguage\":\"pl-PL\",\"@id\":\"https:\/\/legitgrams.com\/#\/schema\/logo\/image\/\",\"url\":\"https:\/\/legitgrams.com\/wp-content\/uploads\/2024\/09\/main-logo.png\",\"contentUrl\":\"https:\/\/legitgrams.com\/wp-content\/uploads\/2024\/09\/main-logo.png\",\"width\":270,\"height\":75,\"caption\":\"Legit Grams\"},\"image\":{\"@id\":\"https:\/\/legitgrams.com\/#\/schema\/logo\/image\/\"}}]}<\/script>\n<!-- \/ Yoast SEO plugin. -->","yoast_head_json":{"title":"2C-B R\u00f3\u017cowa kokaina na sprzeda\u017c - Kup 2C-B R\u00f3\u017cowa kokaina online","description":"Twoje zam\u00f3wienie na 2C-B Pink Cocaine na sprzeda\u017c jest nasz\u0105 odpowiedzialno\u015bci\u0105. We\u017amiemy pod uwag\u0119 Twoj\u0105 pro\u015bb\u0119 o zakup 2C-B Pink Cocaine w proszku online i dotrzemy do Ciebie w kr\u00f3tkim czasie. Znajd\u017a najlepsze oferty teraz!","robots":{"index":"index","follow":"follow","max-snippet":"max-snippet:-1","max-image-preview":"max-image-preview:large","max-video-preview":"max-video-preview:-1"},"canonical":"https:\/\/legitgrams.com\/pl\/produkt\/2c-b-zakup-rozowej-kokainy\/","og_locale":"pl_PL","og_type":"article","og_title":"2C-B Pink Cocaine for Sale - Buy 2C-B Pink Cocaine Online","og_description":"Your order for 2C-B Pink Cocaine for sale is our responsibility. We will take your request to buy 2C-B Pink Cocaine powder online into consideration and reach you in a short period. Find Best deals Now!","og_url":"https:\/\/legitgrams.com\/pl\/produkt\/2c-b-zakup-rozowej-kokainy\/","og_site_name":"Legit Grams","article_modified_time":"2025-03-17T05:04:12+00:00","og_image":[{"width":768,"height":841,"url":"https:\/\/legitgrams.com\/wp-content\/uploads\/2024\/04\/2cb-powder.webp","type":"image\/webp"}],"twitter_card":"summary_large_image","twitter_misc":{"Szacowany czas czytania":"2 minuty"},"schema":{"@context":"https:\/\/schema.org","@graph":[{"@type":"WebPage","@id":"https:\/\/legitgrams.com\/product\/2c-b-pink-cocaine\/","url":"https:\/\/legitgrams.com\/product\/2c-b-pink-cocaine\/","name":"2C-B R\u00f3\u017cowa kokaina na sprzeda\u017c - Kup 2C-B R\u00f3\u017cowa kokaina online","isPartOf":{"@id":"https:\/\/legitgrams.com\/#website"},"primaryImageOfPage":{"@id":"https:\/\/legitgrams.com\/product\/2c-b-pink-cocaine\/#primaryimage"},"image":{"@id":"https:\/\/legitgrams.com\/product\/2c-b-pink-cocaine\/#primaryimage"},"thumbnailUrl":"https:\/\/legitgrams.com\/wp-content\/uploads\/2024\/04\/2cb-powder.webp","datePublished":"2024-04-01T10:30:06+00:00","dateModified":"2025-03-17T05:04:12+00:00","description":"Twoje zam\u00f3wienie na 2C-B Pink Cocaine na sprzeda\u017c jest nasz\u0105 odpowiedzialno\u015bci\u0105. We\u017amiemy pod uwag\u0119 Twoj\u0105 pro\u015bb\u0119 o zakup 2C-B Pink Cocaine w proszku online i dotrzemy do Ciebie w kr\u00f3tkim czasie. Znajd\u017a najlepsze oferty teraz!","breadcrumb":{"@id":"https:\/\/legitgrams.com\/product\/2c-b-pink-cocaine\/#breadcrumb"},"inLanguage":"pl-PL","potentialAction":[{"@type":"ReadAction","target":["https:\/\/legitgrams.com\/product\/2c-b-pink-cocaine\/"]}]},{"@type":"ImageObject","inLanguage":"pl-PL","@id":"https:\/\/legitgrams.com\/product\/2c-b-pink-cocaine\/#primaryimage","url":"https:\/\/legitgrams.com\/wp-content\/uploads\/2024\/04\/2cb-powder.webp","contentUrl":"https:\/\/legitgrams.com\/wp-content\/uploads\/2024\/04\/2cb-powder.webp","width":768,"height":841,"caption":"2C-B Pink Cocaine for Sale"},{"@type":"BreadcrumbList","@id":"https:\/\/legitgrams.com\/product\/2c-b-pink-cocaine\/#breadcrumb","itemListElement":[{"@type":"ListItem","position":1,"name":"Home","item":"https:\/\/legitgrams.com\/"},{"@type":"ListItem","position":2,"name":"Shop","item":"https:\/\/legitgrams.com\/shop\/"},{"@type":"ListItem","position":3,"name":"Buy 2C-B Pink Cocaine Online"}]},{"@type":"WebSite","@id":"https:\/\/legitgrams.com\/#website","url":"https:\/\/legitgrams.com\/","name":"Legit Grams","description":"M\u00f3j blog WordPress","publisher":{"@id":"https:\/\/legitgrams.com\/#organization"},"potentialAction":[{"@type":"SearchAction","target":{"@type":"EntryPoint","urlTemplate":"https:\/\/legitgrams.com\/?s={search_term_string}"},"query-input":{"@type":"PropertyValueSpecification","valueRequired":true,"valueName":"search_term_string"}}],"inLanguage":"pl-PL"},{"@type":"Organization","@id":"https:\/\/legitgrams.com\/#organization","name":"Legit Grams","url":"https:\/\/legitgrams.com\/","logo":{"@type":"ImageObject","inLanguage":"pl-PL","@id":"https:\/\/legitgrams.com\/#\/schema\/logo\/image\/","url":"https:\/\/legitgrams.com\/wp-content\/uploads\/2024\/09\/main-logo.png","contentUrl":"https:\/\/legitgrams.com\/wp-content\/uploads\/2024\/09\/main-logo.png","width":270,"height":75,"caption":"Legit Grams"},"image":{"@id":"https:\/\/legitgrams.com\/#\/schema\/logo\/image\/"}}]}},"uagb_featured_image_src":{"full":["https:\/\/legitgrams.com\/wp-content\/uploads\/2024\/04\/2cb-powder.webp",768,841,false],"thumbnail":["https:\/\/legitgrams.com\/wp-content\/uploads\/2024\/04\/2cb-powder-150x150.webp",150,150,true],"medium":["https:\/\/legitgrams.com\/wp-content\/uploads\/2024\/04\/2cb-powder-274x300.webp",274,300,true],"medium_large":["https:\/\/legitgrams.com\/wp-content\/uploads\/2024\/04\/2cb-powder.webp",768,841,false],"large":["https:\/\/legitgrams.com\/wp-content\/uploads\/2024\/04\/2cb-powder.webp",768,841,false],"1536x1536":["https:\/\/legitgrams.com\/wp-content\/uploads\/2024\/04\/2cb-powder.webp",768,841,false],"2048x2048":["https:\/\/legitgrams.com\/wp-content\/uploads\/2024\/04\/2cb-powder.webp",768,841,false],"trp-custom-language-flag":["https:\/\/legitgrams.com\/wp-content\/uploads\/2024\/04\/2cb-powder.webp",11,12,false],"woocommerce_thumbnail":["https:\/\/legitgrams.com\/wp-content\/uploads\/2024\/04\/2cb-powder-300x300.webp",300,300,true],"woocommerce_single":["https:\/\/legitgrams.com\/wp-content\/uploads\/2024\/04\/2cb-powder-600x657.webp",600,657,true],"woocommerce_gallery_thumbnail":["https:\/\/legitgrams.com\/wp-content\/uploads\/2024\/04\/2cb-powder-100x100.webp",100,100,true]},"uagb_author_info":{"display_name":"cokeblog18","author_link":"https:\/\/legitgrams.com\/pl\/author\/"},"uagb_comment_info":0,"uagb_excerpt":"Introducing LegitGrams, the Greatest Source for 2C-B Pink Cocaine for Sale Are you trying to find the best 2C-B Pink Cocaine? You don&#8217;t need to search any farther! We can help you with anything from knowing how to buy it to the advantages of picking a trustworthy seller like LegitGrams. Comprehending Pink Cocaine 2C-B Let&#8217;s&hellip;","_links":{"self":[{"href":"https:\/\/legitgrams.com\/pl\/wp-json\/wp\/v2\/product\/3130","targetHints":{"allow":["GET"]}}],"collection":[{"href":"https:\/\/legitgrams.com\/pl\/wp-json\/wp\/v2\/product"}],"about":[{"href":"https:\/\/legitgrams.com\/pl\/wp-json\/wp\/v2\/types\/product"}],"replies":[{"embeddable":true,"href":"https:\/\/legitgrams.com\/pl\/wp-json\/wp\/v2\/comments?post=3130"}],"wp:featuredmedia":[{"embeddable":true,"href":"https:\/\/legitgrams.com\/pl\/wp-json\/wp\/v2\/media\/3137"}],"wp:attachment":[{"href":"https:\/\/legitgrams.com\/pl\/wp-json\/wp\/v2\/media?parent=3130"}],"wp:term":[{"taxonomy":"product_brand","embeddable":true,"href":"https:\/\/legitgrams.com\/pl\/wp-json\/wp\/v2\/product_brand?post=3130"},{"taxonomy":"product_cat","embeddable":true,"href":"https:\/\/legitgrams.com\/pl\/wp-json\/wp\/v2\/product_cat?post=3130"},{"taxonomy":"product_tag","embeddable":true,"href":"https:\/\/legitgrams.com\/pl\/wp-json\/wp\/v2\/product_tag?post=3130"}],"curies":[{"name":"wp","href":"https:\/\/api.w.org\/{rel}","templated":true}]}}