{"id":3241,"date":"2024-08-03T05:18:39","date_gmt":"2024-08-03T05:18:39","guid":{"rendered":"https:\/\/cokebricks.com\/?post_type=product&#038;p=3241"},"modified":"2025-01-15T05:34:39","modified_gmt":"2025-01-15T05:34:39","slug":"sgt-263","status":"publish","type":"product","link":"https:\/\/legitgrams.com\/pl\/produkt\/sgt-263\/","title":{"rendered":"Sgt-263"},"content":{"rendered":"<h2>Kup SGT-263 online<\/h2>\n<p>W naszym kraju pochodzenia u\u017cywanie kannabinoidu SGT-263 jest zgodne z prawem. Obowi\u0105zkiem u\u017cytkownika jest znajomo\u015b\u0107 i przestrzeganie wszystkich obowi\u0105zuj\u0105cych przepis\u00f3w lokalnych, stanowych, federalnych, powiatowych i miejskich. W przypadku, gdy zdecydujesz si\u0119 z\u0142o\u017cy\u0107 zam\u00f3wienie, nie ponosimy \u017cadnej odpowiedzialno\u015bci za wyniki.<br \/>\nDlaczego warto kupi\u0107 nasz kannabinoid? <a href=\"https:\/\/legitgrams.com\/pl\/produkt\/sgt-263\/\">SGT-263<\/a>?<\/p>\n<p>Jeste\u015bmy godnym zaufania dostawc\u0105, poniewa\u017c od dawna oferujemy chemikalia badawcze.<\/p>\n<p>Czat na \u017cywo jest dost\u0119pny 24 godziny na dob\u0119, 7 dni w tygodniu i zach\u0119camy do zadawania pyta\u0144.<\/p>\n<p>R\u00f3\u017cne opcje p\u0142atno\u015bci, aby zaspokoi\u0107 Twoje potrzeby<\/p>\n<p>Je\u015bli zam\u00f3wienie zostanie z\u0142o\u017cone do godziny 16:00 czasu \u015brodkowoeuropejskiego, wysy\u0142amy je tego samego dnia.<\/p>\n<p>Szczere rekomendacje naszych klient\u00f3w daj\u0105 pewno\u015b\u0107 przy dokonywaniu zakup\u00f3w.<\/p>\n<p>B\u0119d\u0105c \u015bwiatowym autorytetem w dostarczaniu chemikali\u00f3w badawczych i LegitGrams.com, globalny producent chemikali\u00f3w badawczych, zosta\u0142 za\u0142o\u017cony w 2008 roku. Ci\u0119\u017cko pracujemy Nasze magazyny zlokalizowane w Hongkongu, Chinach, UE i na Ukrainie s\u0105 punktami wysy\u0142ki wszystkich produkt\u00f3w. Nasza szeroka sie\u0107 dystrybucji gwarantuje, \u017ce ka\u017cdy zam\u00f3wiony towar dotrze na czas, zostanie przetransportowany do wybranej lokalizacji w celu odbioru i dotrze do miejsca przeznaczenia na czas. Jeste\u015bmy niezawodnymi i terminowymi dostawcami. Zadowolenie naszych klient\u00f3w jest naszym najwa\u017cniejszym celem. Z tego powodu ci\u0119\u017cko pracujemy, aby zapewni\u0107 obs\u0142ug\u0119 klienta na najwy\u017cszym poziomie. Mo\u017cesz mie\u0107 pewno\u015b\u0107, \u017ce Twoje zam\u00f3wienie w Top Cannabinoids Shop zostanie dostarczone na czas pod wskazany adres. Ponadto zapewniamy r\u00f3\u017cnorodne opcje wysy\u0142ki, kt\u00f3re pozwalaj\u0105 nam dostarcza\u0107 towary naszym klientom na wielu rynkach i w wielu lokalizacjach na ca\u0142ym \u015bwiecie. Ka\u017cdy artyku\u0142 na tej stronie<\/p>\n<p>s\u0105 dost\u0119pne do zakupu wy\u0142\u0105cznie w celu finansowania edukacji i bada\u0144. Nie sprzedajemy \u017cadnych naszych produkt\u00f3w do spo\u017cycia przez ludzi lub zwierz\u0119ta, ani do u\u017cytku w jakikolwiek nielegalny spos\u00f3b.<\/p>\n<p>Jedn\u0105 z niezwykle silnych cz\u0105steczek jest 1-(5-fluoropentyl) lub SGT-263 (2-fenylopropan-2-ylo)-N-podobny do MMB-CHMINACA, -7-azaindolo-3-karboksyamid. Syntetyczna marihuana SGT-263 jest oparta na pirolo[2,3-b]pirydyno-3-karboksyamidzie i jest sprzedawana jako lek designerski.<\/p>\n<p>SGT-263 zosta\u0142 wyprodukowany dla LegitGrams i jest opatentowany przez presti\u017cowy zak\u0142ad w Nowych Chinach.<\/p>\n<p>Nowo\u015b\u0107 na rynku, SGT-263 to specjalny rodzaj marihuany, kt\u00f3ry jest legalny prawie wsz\u0119dzie, w tym w Niemczech.<\/p>\n<p>Ponadto SGT-263 mo\u017cna otrzyma\u0107 pod nazw\u0105 ipac 1-(5-fluoropentylo).2-aminopropan-2-yloN-3-karboksyamid -1H-pirolo[2,3-b]pirydyny.<\/p>\n<p>Kannabinoid 1-(5-fluoropentylo)-N-(2-fenylopropan-2-ylo)-7-azaindol-3-karboksyamid jest blisko spokrewniony z SGT-25. Co wi\u0119cej, moc cegie\u0142 koksowniczych jest obecnie legalna w ca\u0142ej Europie. Skr\u00f3t od nazwy ulicy to SGT-263. SGT-25 jest sk\u0142adnikiem znajduj\u0105cym si\u0119 w \"C-Liquid\", dodatku do p\u0142ynu do e-papieros\u00f3w i jest czasami u\u017cywany rekreacyjnie.<\/p>\n<p>Farmakologia: 1. (Fluoropentyl-5-)(2-fenylopropan-2-ylo)-N - syntetyczny kannabinoid nale\u017c\u0105cy do rodziny indazolo-3-karboksyamid\u00f3w, -7-azaindolo-3-karboksyamid ma skomplikowan\u0105 struktur\u0119 farmakologiczn\u0105. Oczekuje si\u0119, \u017ce jego selektywno\u015b\u0107 dla receptora CB1 b\u0119dzie oko\u0142o czterokrotnie wy\u017csza ni\u017c w przypadku <a href=\"https:\/\/en.wikipedia.org\/wiki\/5F-CUMYL-P7AICA\">5F-KUMYLO-PINAKA<\/a>.<\/p>\n<p>Por\u00f3wnywalne pozycje: 5F-SDB-006, MMB-CHMINACA i CUMYL-PICA<\/p>\n<p>- CUMYL-PINACA, CUMYL-THPINACA, SDB-006<\/p>\n<p>Przed dokonaniem zakupu nale\u017cy upewni\u0107 si\u0119, \u017ce jest si\u0119 odpowiednio przygotowanym do pracy z chemikaliami badawczymi, a miejsce pracy jest dobrze wentylowane. <a href=\"https:\/\/legitgrams.com\/pl\/\">LegitGrams<\/a><\/p>\n<p>&nbsp;<\/p>\n<p>&nbsp;<\/p>\n<p>&nbsp;<\/p>","protected":false},"excerpt":{"rendered":"<p>Purchase SGT-263 Online In our nation of origin, using SGT-263 Cannabinoid is lawful. It is your responsibility to know and abide by all applicable local, state, federal, county, and municipal laws. In the event that you choose to place an order, we assume no responsibility for the results. Why Should You Buy Our Cannabinoid SGT-263? &hellip;<\/p>\n<p class=\"read-more\"> <a class=\"\" href=\"https:\/\/legitgrams.com\/pl\/produkt\/sgt-263\/\"> <span class=\"screen-reader-text\">Sgt-263<\/span> Czytaj wi\u0119cej \"<\/a><\/p>","protected":false},"featured_media":3253,"comment_status":"open","ping_status":"closed","template":"","meta":{"_uag_custom_page_level_css":"","site-sidebar-layout":"default","site-content-layout":"default","ast-global-header-display":"","ast-main-header-display":"","ast-hfb-above-header-display":"","ast-hfb-below-header-display":"","ast-hfb-mobile-header-display":"","site-post-title":"","ast-breadcrumbs-content":"","ast-featured-img":"","footer-sml-layout":"","theme-transparent-header-meta":"default","adv-header-id-meta":"","stick-header-meta":"default","header-above-stick-meta":"","header-main-stick-meta":"","header-below-stick-meta":"","_joinchat":[]},"product_brand":[],"product_cat":[190],"product_tag":[465,466,237,461,467,468,469,470,471,472,473,474,475],"class_list":{"0":"post-3241","1":"product","2":"type-product","3":"status-publish","4":"has-post-thumbnail","6":"product_cat-cannabinoids","7":"product_tag-5f-cumyl-p7aica","8":"product_tag-5f-cumyl-pinaca","9":"product_tag-5f-mdmb-2201","10":"product_tag-5f-mdmb-2201-cayman","11":"product_tag-cumyl-cb-pinaca","12":"product_tag-sgt-263-dosage","13":"product_tag-sgt-263-erowid","14":"product_tag-sgt-67","15":"product_tag-sgt-151","16":"product_tag-sgt-263-psychonaut","17":"product_tag-sgt-263-reddit","18":"product_tag-sgt-263-wiki","19":"product_tag-sgt-78","20":"desktop-align-left","21":"tablet-align-left","22":"mobile-align-left","23":"ast-product-gallery-layout-horizontal","24":"ast-product-gallery-with-no-image","25":"ast-product-single-variable","26":"ast-product-tabs-layout-horizontal","27":"ast-qv-on-image","29":"first","30":"instock","31":"shipping-taxable","32":"purchasable","33":"product-type-variable"},"yoast_head":"<!-- This site is optimized with the Yoast SEO plugin v25.9 - https:\/\/yoast.com\/wordpress\/plugins\/seo\/ -->\n<title>Sgt-263 for Sale - Order Sgt-263 Powder Online | LegitGrams<\/title>\n<meta name=\"description\" content=\"Find premium Sgt-263 powder for sale at our online store, providing a secure platform to buy Sgt-263 online with ease, catering to your research needs. Hit your order now!\" \/>\n<meta name=\"robots\" content=\"index, follow, max-snippet:-1, max-image-preview:large, max-video-preview:-1\" \/>\n<link rel=\"canonical\" href=\"https:\/\/legitgrams.com\/pl\/produkt\/sgt-263\/\" \/>\n<meta property=\"og:locale\" content=\"pl_PL\" \/>\n<meta property=\"og:type\" content=\"article\" \/>\n<meta property=\"og:title\" content=\"Sgt-263 for Sale - Order Sgt-263 Powder Online | LegitGrams\" \/>\n<meta property=\"og:description\" content=\"Find premium Sgt-263 powder for sale at our online store, providing a secure platform to buy Sgt-263 online with ease, catering to your research needs. Hit your order now!\" \/>\n<meta property=\"og:url\" content=\"https:\/\/legitgrams.com\/pl\/produkt\/sgt-263\/\" \/>\n<meta property=\"og:site_name\" content=\"Legit Grams\" \/>\n<meta property=\"article:modified_time\" content=\"2025-01-15T05:34:39+00:00\" \/>\n<meta property=\"og:image\" content=\"https:\/\/legitgrams.com\/wp-content\/uploads\/2024\/08\/Sgt-263.gif\" \/>\n\t<meta property=\"og:image:width\" content=\"600\" \/>\n\t<meta property=\"og:image:height\" content=\"600\" \/>\n\t<meta property=\"og:image:type\" content=\"image\/gif\" \/>\n<meta name=\"twitter:card\" content=\"summary_large_image\" \/>\n<meta name=\"twitter:label1\" content=\"Szacowany czas czytania\" \/>\n\t<meta name=\"twitter:data1\" content=\"3 minuty\" \/>\n<script type=\"application\/ld+json\" class=\"yoast-schema-graph\">{\"@context\":\"https:\/\/schema.org\",\"@graph\":[{\"@type\":\"WebPage\",\"@id\":\"https:\/\/legitgrams.com\/product\/sgt-263\/\",\"url\":\"https:\/\/legitgrams.com\/product\/sgt-263\/\",\"name\":\"Sgt-263 for Sale - Order Sgt-263 Powder Online | LegitGrams\",\"isPartOf\":{\"@id\":\"https:\/\/legitgrams.com\/#website\"},\"primaryImageOfPage\":{\"@id\":\"https:\/\/legitgrams.com\/product\/sgt-263\/#primaryimage\"},\"image\":{\"@id\":\"https:\/\/legitgrams.com\/product\/sgt-263\/#primaryimage\"},\"thumbnailUrl\":\"https:\/\/legitgrams.com\/wp-content\/uploads\/2024\/08\/Sgt-263.gif\",\"datePublished\":\"2024-08-03T05:18:39+00:00\",\"dateModified\":\"2025-01-15T05:34:39+00:00\",\"description\":\"Find premium Sgt-263 powder for sale at our online store, providing a secure platform to buy Sgt-263 online with ease, catering to your research needs. Hit your order now!\",\"breadcrumb\":{\"@id\":\"https:\/\/legitgrams.com\/product\/sgt-263\/#breadcrumb\"},\"inLanguage\":\"pl-PL\",\"potentialAction\":[{\"@type\":\"ReadAction\",\"target\":[\"https:\/\/legitgrams.com\/product\/sgt-263\/\"]}]},{\"@type\":\"ImageObject\",\"inLanguage\":\"pl-PL\",\"@id\":\"https:\/\/legitgrams.com\/product\/sgt-263\/#primaryimage\",\"url\":\"https:\/\/legitgrams.com\/wp-content\/uploads\/2024\/08\/Sgt-263.gif\",\"contentUrl\":\"https:\/\/legitgrams.com\/wp-content\/uploads\/2024\/08\/Sgt-263.gif\",\"width\":600,\"height\":600,\"caption\":\"Sgt-263 for Sale\"},{\"@type\":\"BreadcrumbList\",\"@id\":\"https:\/\/legitgrams.com\/product\/sgt-263\/#breadcrumb\",\"itemListElement\":[{\"@type\":\"ListItem\",\"position\":1,\"name\":\"Home\",\"item\":\"https:\/\/legitgrams.com\/\"},{\"@type\":\"ListItem\",\"position\":2,\"name\":\"Shop\",\"item\":\"https:\/\/legitgrams.com\/shop\/\"},{\"@type\":\"ListItem\",\"position\":3,\"name\":\"Sgt-263\"}]},{\"@type\":\"WebSite\",\"@id\":\"https:\/\/legitgrams.com\/#website\",\"url\":\"https:\/\/legitgrams.com\/\",\"name\":\"Legit Grams\",\"description\":\"My WordPress Blog\",\"publisher\":{\"@id\":\"https:\/\/legitgrams.com\/#organization\"},\"potentialAction\":[{\"@type\":\"SearchAction\",\"target\":{\"@type\":\"EntryPoint\",\"urlTemplate\":\"https:\/\/legitgrams.com\/?s={search_term_string}\"},\"query-input\":{\"@type\":\"PropertyValueSpecification\",\"valueRequired\":true,\"valueName\":\"search_term_string\"}}],\"inLanguage\":\"pl-PL\"},{\"@type\":\"Organization\",\"@id\":\"https:\/\/legitgrams.com\/#organization\",\"name\":\"Legit Grams\",\"url\":\"https:\/\/legitgrams.com\/\",\"logo\":{\"@type\":\"ImageObject\",\"inLanguage\":\"pl-PL\",\"@id\":\"https:\/\/legitgrams.com\/#\/schema\/logo\/image\/\",\"url\":\"https:\/\/legitgrams.com\/wp-content\/uploads\/2024\/09\/main-logo.png\",\"contentUrl\":\"https:\/\/legitgrams.com\/wp-content\/uploads\/2024\/09\/main-logo.png\",\"width\":270,\"height\":75,\"caption\":\"Legit Grams\"},\"image\":{\"@id\":\"https:\/\/legitgrams.com\/#\/schema\/logo\/image\/\"}}]}<\/script>\n<!-- \/ Yoast SEO plugin. -->","yoast_head_json":{"title":"Sgt-263 na sprzeda\u017c - Zam\u00f3w proszek Sgt-263 online | LegitGrams","description":"Znajd\u017a wysokiej jako\u015bci proszek Sgt-263 na sprzeda\u017c w naszym sklepie internetowym, zapewniaj\u0105c bezpieczn\u0105 platform\u0119 do \u0142atwego zakupu Sgt-263 online, spe\u0142niaj\u0105c Twoje potrzeby badawcze. Z\u0142\u00f3\u017c zam\u00f3wienie ju\u017c teraz!","robots":{"index":"index","follow":"follow","max-snippet":"max-snippet:-1","max-image-preview":"max-image-preview:large","max-video-preview":"max-video-preview:-1"},"canonical":"https:\/\/legitgrams.com\/pl\/produkt\/sgt-263\/","og_locale":"pl_PL","og_type":"article","og_title":"Sgt-263 for Sale - Order Sgt-263 Powder Online | LegitGrams","og_description":"Find premium Sgt-263 powder for sale at our online store, providing a secure platform to buy Sgt-263 online with ease, catering to your research needs. Hit your order now!","og_url":"https:\/\/legitgrams.com\/pl\/produkt\/sgt-263\/","og_site_name":"Legit Grams","article_modified_time":"2025-01-15T05:34:39+00:00","og_image":[{"width":600,"height":600,"url":"https:\/\/legitgrams.com\/wp-content\/uploads\/2024\/08\/Sgt-263.gif","type":"image\/gif"}],"twitter_card":"summary_large_image","twitter_misc":{"Szacowany czas czytania":"3 minuty"},"schema":{"@context":"https:\/\/schema.org","@graph":[{"@type":"WebPage","@id":"https:\/\/legitgrams.com\/product\/sgt-263\/","url":"https:\/\/legitgrams.com\/product\/sgt-263\/","name":"Sgt-263 na sprzeda\u017c - Zam\u00f3w proszek Sgt-263 online | LegitGrams","isPartOf":{"@id":"https:\/\/legitgrams.com\/#website"},"primaryImageOfPage":{"@id":"https:\/\/legitgrams.com\/product\/sgt-263\/#primaryimage"},"image":{"@id":"https:\/\/legitgrams.com\/product\/sgt-263\/#primaryimage"},"thumbnailUrl":"https:\/\/legitgrams.com\/wp-content\/uploads\/2024\/08\/Sgt-263.gif","datePublished":"2024-08-03T05:18:39+00:00","dateModified":"2025-01-15T05:34:39+00:00","description":"Znajd\u017a wysokiej jako\u015bci proszek Sgt-263 na sprzeda\u017c w naszym sklepie internetowym, zapewniaj\u0105c bezpieczn\u0105 platform\u0119 do \u0142atwego zakupu Sgt-263 online, spe\u0142niaj\u0105c Twoje potrzeby badawcze. Z\u0142\u00f3\u017c zam\u00f3wienie ju\u017c teraz!","breadcrumb":{"@id":"https:\/\/legitgrams.com\/product\/sgt-263\/#breadcrumb"},"inLanguage":"pl-PL","potentialAction":[{"@type":"ReadAction","target":["https:\/\/legitgrams.com\/product\/sgt-263\/"]}]},{"@type":"ImageObject","inLanguage":"pl-PL","@id":"https:\/\/legitgrams.com\/product\/sgt-263\/#primaryimage","url":"https:\/\/legitgrams.com\/wp-content\/uploads\/2024\/08\/Sgt-263.gif","contentUrl":"https:\/\/legitgrams.com\/wp-content\/uploads\/2024\/08\/Sgt-263.gif","width":600,"height":600,"caption":"Sgt-263 for Sale"},{"@type":"BreadcrumbList","@id":"https:\/\/legitgrams.com\/product\/sgt-263\/#breadcrumb","itemListElement":[{"@type":"ListItem","position":1,"name":"Home","item":"https:\/\/legitgrams.com\/"},{"@type":"ListItem","position":2,"name":"Shop","item":"https:\/\/legitgrams.com\/shop\/"},{"@type":"ListItem","position":3,"name":"Sgt-263"}]},{"@type":"WebSite","@id":"https:\/\/legitgrams.com\/#website","url":"https:\/\/legitgrams.com\/","name":"Legit Grams","description":"M\u00f3j blog WordPress","publisher":{"@id":"https:\/\/legitgrams.com\/#organization"},"potentialAction":[{"@type":"SearchAction","target":{"@type":"EntryPoint","urlTemplate":"https:\/\/legitgrams.com\/?s={search_term_string}"},"query-input":{"@type":"PropertyValueSpecification","valueRequired":true,"valueName":"search_term_string"}}],"inLanguage":"pl-PL"},{"@type":"Organization","@id":"https:\/\/legitgrams.com\/#organization","name":"Legit Grams","url":"https:\/\/legitgrams.com\/","logo":{"@type":"ImageObject","inLanguage":"pl-PL","@id":"https:\/\/legitgrams.com\/#\/schema\/logo\/image\/","url":"https:\/\/legitgrams.com\/wp-content\/uploads\/2024\/09\/main-logo.png","contentUrl":"https:\/\/legitgrams.com\/wp-content\/uploads\/2024\/09\/main-logo.png","width":270,"height":75,"caption":"Legit Grams"},"image":{"@id":"https:\/\/legitgrams.com\/#\/schema\/logo\/image\/"}}]}},"uagb_featured_image_src":{"full":["https:\/\/legitgrams.com\/wp-content\/uploads\/2024\/08\/Sgt-263.gif",600,600,false],"thumbnail":["https:\/\/legitgrams.com\/wp-content\/uploads\/2024\/08\/Sgt-263-150x150.gif",150,150,true],"medium":["https:\/\/legitgrams.com\/wp-content\/uploads\/2024\/08\/Sgt-263-300x300.gif",300,300,true],"medium_large":["https:\/\/legitgrams.com\/wp-content\/uploads\/2024\/08\/Sgt-263.gif",600,600,false],"large":["https:\/\/legitgrams.com\/wp-content\/uploads\/2024\/08\/Sgt-263.gif",600,600,false],"1536x1536":["https:\/\/legitgrams.com\/wp-content\/uploads\/2024\/08\/Sgt-263.gif",600,600,false],"2048x2048":["https:\/\/legitgrams.com\/wp-content\/uploads\/2024\/08\/Sgt-263.gif",600,600,false],"trp-custom-language-flag":["https:\/\/legitgrams.com\/wp-content\/uploads\/2024\/08\/Sgt-263-12x12.gif",12,12,true],"woocommerce_thumbnail":["https:\/\/legitgrams.com\/wp-content\/uploads\/2024\/08\/Sgt-263-300x300.gif",300,300,true],"woocommerce_single":["https:\/\/legitgrams.com\/wp-content\/uploads\/2024\/08\/Sgt-263.gif",600,600,false],"woocommerce_gallery_thumbnail":["https:\/\/legitgrams.com\/wp-content\/uploads\/2024\/08\/Sgt-263-100x100.gif",100,100,true]},"uagb_author_info":{"display_name":"cokeblog18","author_link":"https:\/\/legitgrams.com\/pl\/author\/"},"uagb_comment_info":0,"uagb_excerpt":"Purchase SGT-263 Online In our nation of origin, using SGT-263 Cannabinoid is lawful. It is your responsibility to know and abide by all applicable local, state, federal, county, and municipal laws. In the event that you choose to place an order, we assume no responsibility for the results. Why Should You Buy Our Cannabinoid SGT-263?&hellip;","_links":{"self":[{"href":"https:\/\/legitgrams.com\/pl\/wp-json\/wp\/v2\/product\/3241","targetHints":{"allow":["GET"]}}],"collection":[{"href":"https:\/\/legitgrams.com\/pl\/wp-json\/wp\/v2\/product"}],"about":[{"href":"https:\/\/legitgrams.com\/pl\/wp-json\/wp\/v2\/types\/product"}],"replies":[{"embeddable":true,"href":"https:\/\/legitgrams.com\/pl\/wp-json\/wp\/v2\/comments?post=3241"}],"wp:featuredmedia":[{"embeddable":true,"href":"https:\/\/legitgrams.com\/pl\/wp-json\/wp\/v2\/media\/3253"}],"wp:attachment":[{"href":"https:\/\/legitgrams.com\/pl\/wp-json\/wp\/v2\/media?parent=3241"}],"wp:term":[{"taxonomy":"product_brand","embeddable":true,"href":"https:\/\/legitgrams.com\/pl\/wp-json\/wp\/v2\/product_brand?post=3241"},{"taxonomy":"product_cat","embeddable":true,"href":"https:\/\/legitgrams.com\/pl\/wp-json\/wp\/v2\/product_cat?post=3241"},{"taxonomy":"product_tag","embeddable":true,"href":"https:\/\/legitgrams.com\/pl\/wp-json\/wp\/v2\/product_tag?post=3241"}],"curies":[{"name":"wp","href":"https:\/\/api.w.org\/{rel}","templated":true}]}}