{"id":3242,"date":"2024-08-03T05:18:29","date_gmt":"2024-08-03T05:18:29","guid":{"rendered":"https:\/\/cokebricks.com\/?post_type=product&#038;p=3242"},"modified":"2026-01-10T19:28:10","modified_gmt":"2026-01-10T19:28:10","slug":"zakup-2fdck","status":"publish","type":"product","link":"https:\/\/legitgrams.com\/pl\/produkt\/zakup-2fdck\/","title":{"rendered":"Kup 2FDCK online"},"content":{"rendered":"<h2>2-FDCK @ Legit Grams na sprzeda\u017c<\/h2>\n<p>2fdck Anestetyk dysocjacyjny 2-Fl-2\u2032-Oxo-PCM znany jest r\u00f3wnie\u017c jako <a href=\"https:\/\/www.bing.com\/search?q=Buy+2FDCK+Online&amp;qs=n&amp;form=QBRE&amp;sp=-1&amp;lq=0&amp;pq=buy+2fdck+online&amp;sc=9-16&amp;sk=&amp;cvid=BD886A1EC0CB4EF78CCB3246D62CFD6A&amp;ghsh=0&amp;ghacc=0&amp;ghpl=\">Kup Fluoroketamin\u0119, 2-FDCK<\/a>2fdck Dysocjacyjny \u015brodek znieczulaj\u0105cy 2-Fl-2\u2032-Oxo-PCM jest r\u00f3wnie\u017c znany jako Buy, Fluoroketamina, 2-FDCK i 2-Fl-2\u2032-Oxo-PCM. Jest to analog ketaminy na bazie fluoru, jednak bez atomu chloru. Kup 2-FDCK online.<\/p>\n<p>Cz\u0142onek klasy arylocykloheksyloamin, 2-Fl-2\u2032-Oxo-PCM to wyj\u0105tkowy lek dysocjacyjny, znany r\u00f3wnie\u017c jako 2-Fluorodeschloroketamina, <a href=\"https:\/\/legitgrams.com\/pl\/produkt\/zakup-2fdck\/\">2-FDCK<\/a>, and, confusingly, 2-Fluroketamine, Buy <a href=\"https:\/\/en.wikipedia.org\/wiki\/2-Fluorodeschloroketamine\">2-Fluoroketamine<\/a> Online, and <a href=\"https:\/\/www.bing.com\/search?q=Buy+2FDCK+Online&amp;qs=n&amp;form=QBRE&amp;sp=-1&amp;lq=0&amp;pq=buy+2fdck+online&amp;sc=9-16&amp;sk=&amp;cvid=BD886A1EC0CB4EF78CCB3246D62CFD6A&amp;ghsh=0&amp;ghacc=0&amp;ghpl=\">2-FDCK<\/a>.<\/p>\n<p>Chemically, ketamine and <a href=\"https:\/\/www.google.com\/search?q=Buy+2FDCK+Online&amp;num=10&amp;sca_esv=1a2a07081c7891bb&amp;rlz=1C1RXQR_enIN1098IN1098&amp;sxsrf=AHTn8zoNTtLUdktkaf6nHYqZzywnu5dG8Q%3A1741251659724&amp;ei=S2TJZ_P0K8i_juMPg4GL4Q8&amp;ved=0ahUKEwizxpH1i_WLAxXIn2MGHYPAIvwQ4dUDCBA&amp;uact=5&amp;oq=Buy+2FDCK+Online&amp;gs_lp=Egxnd3Mtd2l6LXNlcnAiEEJ1eSAyRkRDSyBPbmxpbmVItgdQqANYqANwAngAkAEAmAGXAaABlwGqAQMwLjG4AQPIAQD4AQL4AQGYAgCgAgCYAwCIBgGSBwCgB0Q&amp;sclient=gws-wiz-serp\">deschloroketamine are linked (DCK)<\/a>. Although there are little studies on it, it is thought to function as an antagonist of NMDA receptors. Arylcyclohexylamines have a structure with <a href=\"https:\/\/www.google.com\/search?q=Buy+2FDCK+Online&amp;num=10&amp;sca_esv=1a2a07081c7891bb&amp;rlz=1C1RXQR_enIN1098IN1098&amp;sxsrf=AHTn8zoNTtLUdktkaf6nHYqZzywnu5dG8Q%3A1741251659724&amp;ei=S2TJZ_P0K8i_juMPg4GL4Q8&amp;ved=0ahUKEwizxpH1i_WLAxXIn2MGHYPAIvwQ4dUDCBA&amp;uact=5&amp;oq=Buy+2FDCK+Online&amp;gs_lp=Egxnd3Mtd2l6LXNlcnAiEEJ1eSAyRkRDSyBPbmxpbmVItgdQqANYqANwAngAkAEAmAGXAaABlwGqAQMwLjG4AQPIAQD4AQL4AQGYAgCgAgCYAwCIBgGSBwCgB0Q&amp;sclient=gws-wiz-serp\">2-FDCK<\/a>, which is based on the bonding of an amine group and an aromatic ring to a cyclohexane ring.<\/p>\n<p>Your greatest option for <a href=\"https:\/\/www.google.com\/search?q=Buy+2FDCK+Online&amp;num=10&amp;sca_esv=1a2a07081c7891bb&amp;rlz=1C1RXQR_enIN1098IN1098&amp;sxsrf=AHTn8zoNTtLUdktkaf6nHYqZzywnu5dG8Q%3A1741251659724&amp;ei=S2TJZ_P0K8i_juMPg4GL4Q8&amp;ved=0ahUKEwizxpH1i_WLAxXIn2MGHYPAIvwQ4dUDCBA&amp;uact=5&amp;oq=Buy+2FDCK+Online&amp;gs_lp=Egxnd3Mtd2l6LXNlcnAiEEJ1eSAyRkRDSyBPbmxpbmVItgdQqANYqANwAngAkAEAmAGXAaABlwGqAQMwLjG4AQPIAQD4AQL4AQGYAgCgAgCYAwCIBgGSBwCgB0Q&amp;sclient=gws-wiz-serp\">purchasing 2-FDCK online<\/a> is <a href=\"https:\/\/legitgrams.com\/pl\/\">LegitGrams<\/a>!<\/p>\n<h3>Jak wygl\u0105da proces zakupu 2fdck?<\/h3>\n<p>Nasz interfejs u\u017cytkownika jest \u0142atwy w obs\u0142udze i niezwykle responsywny.<\/p>\n<h3>Jak kupi\u0107 2fdck?<\/h3>\n<p>Nuestra interfaz de usuario es incre\u00edblemente r\u00e1pida, f\u00e1cil de usar y eficaz. Entregamos a todo el pa\u00eds, por lo que cualquier persona puede comprar el producto desde cualquier parte del mundo. Nuestra amplia experiencia en la industria qu\u00edmica nos convierte en un proveedor confiable. <a href=\"https:\/\/duckduckgo.com\/?q=Buy+2FDCK+Online&amp;t=h_&amp;ia=web\">2FDCK<\/a>. Simply sign in, look for the item, add it to your cart, and finish the checkout procedure. Just give us the information we need, such as your address or the location where you want it sent, and we&#8217;ll securely send it there while completing the required transaction. Purchase 2fdck in the US.<\/p>\n<h3>Jaki jest idealny wiek na zakup produkt\u00f3w 2fdck online?<\/h3>\n<p>Do <a href=\"https:\/\/duckduckgo.com\/?q=Buy+2FDCK+Online&amp;t=h_&amp;ia=web\">purchase 2fdck online<\/a>, you must be at least eighteen years old.<\/p>\n<p>Care jest dost\u0119pny, aby pom\u00f3c i odpowiedzie\u0107 na Twoje zapytania przez ca\u0142\u0105 dob\u0119, ka\u017cdego dnia tygodnia. Kup 2fdck po obni\u017conej cenie.<\/p>\n<h3>Jakie s\u0105 zalety 2fdck?<\/h3>\n<p>mo\u017ce pom\u00f3c w chwilowej redukcji stresu, l\u0119ku i depresji.<br \/>\nIt helps prevent suicide because it acts immediately.<\/p>\n<p>beneficial for boosting neuroplasticity<\/p>\n<h3>Jakie konsekwencje ma 2fdck?<\/h3>\n<p>Przy cz\u0119stym stosowaniu mo\u017ce dzia\u0142a\u0107 neurotoksycznie.<\/p>\n<p>mo\u017ce uszkodzi\u0107 pami\u0119\u0107, je\u015bli u\u017cywasz go cz\u0119sto lub uporczywie.<\/p>\n<p>mo\u017ce uszkodzi\u0107 nerki.<\/p>\n<p>2. The accessibility of FDCK<\/p>\n<p>Aby otrzyma\u0107 najlepszy 2-FDCK dost\u0119pny w sprzeda\u017cy, wybierz spo\u015br\u00f3d st\u0119\u017ce\u0144 500 mg, 1 mg, 2 mg, 5 mg, 10 mg, 20 mg i 50 mg.<\/p>\n<p>Conditions of storage for 2-FDCK<\/p>\n<p>Upon receipt of your 2-FDCK item,<\/p>\n<p>Keep your 2-FDCK item away of direct sunlight, dry, and between 20 and 25 degrees Celsius after it arrives.<\/p>\n<p>degrees Celsius. It is advised to use a vacuum sealing mechanism to maintain the highest possible 2-FDCK quality. If you have any questions, don&#8217;t be afraid to contact us.<\/p>\n<p>Keeping your 2-FDCK in check<\/p>\n<p>The use of great caution is strongly advised when handling your 2-FDCK hydrochloride. Think of wearing an FFP-2 mask or gloves.<\/p>\n<h3>Gdzie mo\u017cna legalnie kupi\u0107 2-FDCK online?<\/h3>\n<p>Mamy substancje badawcze, takie jak 2-FDCK na naszej stronie Coke Bricks. Ka\u017cdy z naszych zasob\u00f3w badawczych jest badany i testowany przed wprowadzeniem do sprzeda\u017cy. W przypadku naszego 2-FDCK nie ma innego sposobu, aby zagwarantowa\u0107 najlepsz\u0105 mo\u017cliw\u0105 jako\u015b\u0107.<\/p>\n<p>Nie wahaj si\u0119 skontaktowa\u0107 z nami, je\u015bli potrzebujesz dodatkowej pomocy lub wynik\u00f3w, nie wahaj si\u0119 skontaktowa\u0107 z nami. 2. Posiadamy wersje blotter\u00f3w i peletek kilku innych zwi\u0105zk\u00f3w badawczych, ale oferujemy tylko proszek FDCK.<\/p>\n<p>Oferujemy szerok\u0105 gam\u0119 wysoce skutecznych produkt\u00f3w, aby zaspokoi\u0107 Twoje potrzeby w zakresie chemikali\u00f3w badawczych. Od czasu naszego pierwszego uruchomienia dzia\u0142alno\u015bci, nadal utrzymujemy nasz\u0105 pozycj\u0119 jako wiod\u0105cy dostawca na rynku. Wype\u0142nij swoje zam\u00f3wienie 2-FDCK online, aby mie\u0107 pewno\u015b\u0107, \u017ce otrzymasz przesy\u0142k\u0119 tak szybko, jak to mo\u017cliwe.<\/p>\n<h3>Dlaczego warto kupi\u0107 2fdck LegitGrams?<\/h3>\n<p>Dostarczamy tylko najlepsze dost\u0119pne produkty, a nasze ceny s\u0105 konkurencyjne. Zapewniamy r\u00f3wnie\u017c doskona\u0142\u0105 obs\u0142ug\u0119 klienta i zawsze jeste\u015bmy tutaj, aby pom\u00f3c w przypadku jakichkolwiek problem\u00f3w lub odpowiedzie\u0107 na Twoje pytania. Legalnie kupuj 2fdck research chemical online.<\/p>\n<p>Skontaktuj si\u0119 z nami natychmiast i daj nam zna\u0107, jak mo\u017cemy pom\u00f3c, je\u015bli nadal nie jeste\u015b pewien. Z przyjemno\u015bci\u0105 odpowiemy na wszelkie pytania, kt\u00f3re mo\u017cesz mie\u0107.<\/p>\n<p>&nbsp;<\/p>\n<p>&nbsp;<\/p>\n<p>&nbsp;<\/p>\n<p>&nbsp;<\/p>\n<p>&nbsp;<\/p>","protected":false},"excerpt":{"rendered":"<p>2-FDCK @ Legit Grams for Sale 2fdck The dissociative anesthetic 2-Fl-2\u2032-Oxo-PCM is also known as Buy Fluoroketamine, 2-FDCK, and 2-Fl-2\u2032-Oxo-PCM. It is ketamine&#8217;s fluorine-based analog, however without the chlorine atom. Purchase 2-FDCK online. Member of the arylcyclohexylamine class, 2-Fl-2\u2032-Oxo-PCM is a unique dissociative medication that is also known as 2-Fluorodeschloroketamine, 2-FDCK, and, confusingly, 2-Fluroketamine, Buy &hellip;<\/p>\n<p class=\"read-more\"> <a class=\"\" href=\"https:\/\/legitgrams.com\/pl\/produkt\/zakup-2fdck\/\"> <span class=\"screen-reader-text\">Kup 2FDCK online<\/span> Czytaj wi\u0119cej \"<\/a><\/p>","protected":false},"featured_media":3250,"comment_status":"open","ping_status":"closed","template":"","meta":{"_uag_custom_page_level_css":"","site-sidebar-layout":"default","site-content-layout":"default","ast-global-header-display":"","ast-main-header-display":"","ast-hfb-above-header-display":"","ast-hfb-below-header-display":"","ast-hfb-mobile-header-display":"","site-post-title":"","ast-breadcrumbs-content":"","ast-featured-img":"","footer-sml-layout":"","theme-transparent-header-meta":"default","adv-header-id-meta":"","stick-header-meta":"default","header-above-stick-meta":"","header-main-stick-meta":"","header-below-stick-meta":"","_joinchat":[]},"product_brand":[],"product_cat":[190],"product_tag":[558,559,560,561,562,563,564,565,566,567,568,569,570,571,572,573],"class_list":{"0":"post-3242","1":"product","2":"type-product","3":"status-publish","4":"has-post-thumbnail","6":"product_cat-cannabinoids","7":"product_tag-2-fdck-australia","8":"product_tag-2-fdck-canada","9":"product_tag-2-fdck-for-sale-brazil","10":"product_tag-2-fdck-germany","11":"product_tag-2-fdck-mexico","12":"product_tag-2-fdck-russia","13":"product_tag-2-fdck-uk","14":"product_tag-2-fdck-usa","15":"product_tag-2-fluorodeschloroketamine","16":"product_tag-2fdck","17":"product_tag-best-ketamine-dispensary","18":"product_tag-buy-2fdck","19":"product_tag-buy-2fdck-2-fluorodeschloroketamine","20":"product_tag-buy-ketamine-online","21":"product_tag-for-sale-2-fdck","22":"product_tag-ketamine-for-sale","23":"desktop-align-left","24":"tablet-align-left","25":"mobile-align-left","26":"ast-product-gallery-layout-horizontal","27":"ast-product-gallery-with-no-image","28":"ast-product-single-variable","29":"ast-product-tabs-layout-horizontal","30":"ast-qv-on-image","32":"first","33":"instock","34":"featured","35":"shipping-taxable","36":"purchasable","37":"product-type-variable"},"yoast_head":"<!-- This site is optimized with the Yoast SEO plugin v25.9 - https:\/\/yoast.com\/wordpress\/plugins\/seo\/ -->\n<title>2-FDCK for Sale - Buy 2-FDCK Crystal Online | LegitGrams<\/title>\n<meta name=\"description\" content=\"If you wish to buy 2-FDCK crystal online our LegitGrams store can help. We have 2-FDCK for sale at the best rates here. Save More on 2-FDCK with our latest promotions. Shop Now!\" \/>\n<meta name=\"robots\" content=\"index, follow, max-snippet:-1, max-image-preview:large, max-video-preview:-1\" \/>\n<link rel=\"canonical\" href=\"https:\/\/legitgrams.com\/pl\/produkt\/zakup-2fdck\/\" \/>\n<meta property=\"og:locale\" content=\"pl_PL\" \/>\n<meta property=\"og:type\" content=\"article\" \/>\n<meta property=\"og:title\" content=\"2-FDCK for Sale - Buy 2-FDCK Crystal Online | LegitGrams\" \/>\n<meta property=\"og:description\" content=\"If you wish to buy 2-FDCK crystal online our LegitGrams store can help. We have 2-FDCK for sale at the best rates here. Save More on 2-FDCK with our latest promotions. Shop Now!\" \/>\n<meta property=\"og:url\" content=\"https:\/\/legitgrams.com\/pl\/produkt\/zakup-2fdck\/\" \/>\n<meta property=\"og:site_name\" content=\"Legit Grams\" \/>\n<meta property=\"article:modified_time\" content=\"2026-01-10T19:28:10+00:00\" \/>\n<meta property=\"og:image\" content=\"https:\/\/legitgrams.com\/wp-content\/uploads\/2024\/08\/2fdck-new.gif\" \/>\n\t<meta property=\"og:image:width\" content=\"600\" \/>\n\t<meta property=\"og:image:height\" content=\"600\" \/>\n\t<meta property=\"og:image:type\" content=\"image\/gif\" \/>\n<meta name=\"twitter:card\" content=\"summary_large_image\" \/>\n<meta name=\"twitter:label1\" content=\"Szacowany czas czytania\" \/>\n\t<meta name=\"twitter:data1\" content=\"4 minuty\" \/>\n<script type=\"application\/ld+json\" class=\"yoast-schema-graph\">{\"@context\":\"https:\/\/schema.org\",\"@graph\":[{\"@type\":\"WebPage\",\"@id\":\"https:\/\/legitgrams.com\/product\/2fdck\/\",\"url\":\"https:\/\/legitgrams.com\/product\/2fdck\/\",\"name\":\"2-FDCK for Sale - Buy 2-FDCK Crystal Online | LegitGrams\",\"isPartOf\":{\"@id\":\"https:\/\/legitgrams.com\/#website\"},\"primaryImageOfPage\":{\"@id\":\"https:\/\/legitgrams.com\/product\/2fdck\/#primaryimage\"},\"image\":{\"@id\":\"https:\/\/legitgrams.com\/product\/2fdck\/#primaryimage\"},\"thumbnailUrl\":\"https:\/\/legitgrams.com\/wp-content\/uploads\/2024\/08\/2fdck-new.gif\",\"datePublished\":\"2024-08-03T05:18:29+00:00\",\"dateModified\":\"2026-01-10T19:28:10+00:00\",\"description\":\"If you wish to buy 2-FDCK crystal online our LegitGrams store can help. We have 2-FDCK for sale at the best rates here. Save More on 2-FDCK with our latest promotions. Shop Now!\",\"breadcrumb\":{\"@id\":\"https:\/\/legitgrams.com\/product\/2fdck\/#breadcrumb\"},\"inLanguage\":\"pl-PL\",\"potentialAction\":[{\"@type\":\"ReadAction\",\"target\":[\"https:\/\/legitgrams.com\/product\/2fdck\/\"]}]},{\"@type\":\"ImageObject\",\"inLanguage\":\"pl-PL\",\"@id\":\"https:\/\/legitgrams.com\/product\/2fdck\/#primaryimage\",\"url\":\"https:\/\/legitgrams.com\/wp-content\/uploads\/2024\/08\/2fdck-new.gif\",\"contentUrl\":\"https:\/\/legitgrams.com\/wp-content\/uploads\/2024\/08\/2fdck-new.gif\",\"width\":600,\"height\":600,\"caption\":\"2-FDCK for Sale\"},{\"@type\":\"BreadcrumbList\",\"@id\":\"https:\/\/legitgrams.com\/product\/2fdck\/#breadcrumb\",\"itemListElement\":[{\"@type\":\"ListItem\",\"position\":1,\"name\":\"Home\",\"item\":\"https:\/\/legitgrams.com\/\"},{\"@type\":\"ListItem\",\"position\":2,\"name\":\"Shop\",\"item\":\"https:\/\/legitgrams.com\/shop\/\"},{\"@type\":\"ListItem\",\"position\":3,\"name\":\"Buy 2FDCK Online\"}]},{\"@type\":\"WebSite\",\"@id\":\"https:\/\/legitgrams.com\/#website\",\"url\":\"https:\/\/legitgrams.com\/\",\"name\":\"Legit Grams\",\"description\":\"My WordPress Blog\",\"publisher\":{\"@id\":\"https:\/\/legitgrams.com\/#organization\"},\"potentialAction\":[{\"@type\":\"SearchAction\",\"target\":{\"@type\":\"EntryPoint\",\"urlTemplate\":\"https:\/\/legitgrams.com\/?s={search_term_string}\"},\"query-input\":{\"@type\":\"PropertyValueSpecification\",\"valueRequired\":true,\"valueName\":\"search_term_string\"}}],\"inLanguage\":\"pl-PL\"},{\"@type\":\"Organization\",\"@id\":\"https:\/\/legitgrams.com\/#organization\",\"name\":\"Legit Grams\",\"url\":\"https:\/\/legitgrams.com\/\",\"logo\":{\"@type\":\"ImageObject\",\"inLanguage\":\"pl-PL\",\"@id\":\"https:\/\/legitgrams.com\/#\/schema\/logo\/image\/\",\"url\":\"https:\/\/legitgrams.com\/wp-content\/uploads\/2024\/09\/main-logo.png\",\"contentUrl\":\"https:\/\/legitgrams.com\/wp-content\/uploads\/2024\/09\/main-logo.png\",\"width\":270,\"height\":75,\"caption\":\"Legit Grams\"},\"image\":{\"@id\":\"https:\/\/legitgrams.com\/#\/schema\/logo\/image\/\"}}]}<\/script>\n<!-- \/ Yoast SEO plugin. -->","yoast_head_json":{"title":"2-FDCK na sprzeda\u017c - Kup 2-FDCK Crystal Online | LegitGrams","description":"Je\u015bli chcesz kupi\u0107 kryszta\u0142 2-FDCK online, nasz sklep LegitGrams mo\u017ce Ci pom\u00f3c. Mamy 2-FDCK na sprzeda\u017c w najlepszych cenach tutaj. Zaoszcz\u0119d\u017a wi\u0119cej na 2-FDCK dzi\u0119ki naszym najnowszym promocjom. Kup teraz!","robots":{"index":"index","follow":"follow","max-snippet":"max-snippet:-1","max-image-preview":"max-image-preview:large","max-video-preview":"max-video-preview:-1"},"canonical":"https:\/\/legitgrams.com\/pl\/produkt\/zakup-2fdck\/","og_locale":"pl_PL","og_type":"article","og_title":"2-FDCK for Sale - Buy 2-FDCK Crystal Online | LegitGrams","og_description":"If you wish to buy 2-FDCK crystal online our LegitGrams store can help. We have 2-FDCK for sale at the best rates here. Save More on 2-FDCK with our latest promotions. Shop Now!","og_url":"https:\/\/legitgrams.com\/pl\/produkt\/zakup-2fdck\/","og_site_name":"Legit Grams","article_modified_time":"2026-01-10T19:28:10+00:00","og_image":[{"width":600,"height":600,"url":"https:\/\/legitgrams.com\/wp-content\/uploads\/2024\/08\/2fdck-new.gif","type":"image\/gif"}],"twitter_card":"summary_large_image","twitter_misc":{"Szacowany czas czytania":"4 minuty"},"schema":{"@context":"https:\/\/schema.org","@graph":[{"@type":"WebPage","@id":"https:\/\/legitgrams.com\/product\/2fdck\/","url":"https:\/\/legitgrams.com\/product\/2fdck\/","name":"2-FDCK na sprzeda\u017c - Kup 2-FDCK Crystal Online | LegitGrams","isPartOf":{"@id":"https:\/\/legitgrams.com\/#website"},"primaryImageOfPage":{"@id":"https:\/\/legitgrams.com\/product\/2fdck\/#primaryimage"},"image":{"@id":"https:\/\/legitgrams.com\/product\/2fdck\/#primaryimage"},"thumbnailUrl":"https:\/\/legitgrams.com\/wp-content\/uploads\/2024\/08\/2fdck-new.gif","datePublished":"2024-08-03T05:18:29+00:00","dateModified":"2026-01-10T19:28:10+00:00","description":"Je\u015bli chcesz kupi\u0107 kryszta\u0142 2-FDCK online, nasz sklep LegitGrams mo\u017ce Ci pom\u00f3c. Mamy 2-FDCK na sprzeda\u017c w najlepszych cenach tutaj. Zaoszcz\u0119d\u017a wi\u0119cej na 2-FDCK dzi\u0119ki naszym najnowszym promocjom. Kup teraz!","breadcrumb":{"@id":"https:\/\/legitgrams.com\/product\/2fdck\/#breadcrumb"},"inLanguage":"pl-PL","potentialAction":[{"@type":"ReadAction","target":["https:\/\/legitgrams.com\/product\/2fdck\/"]}]},{"@type":"ImageObject","inLanguage":"pl-PL","@id":"https:\/\/legitgrams.com\/product\/2fdck\/#primaryimage","url":"https:\/\/legitgrams.com\/wp-content\/uploads\/2024\/08\/2fdck-new.gif","contentUrl":"https:\/\/legitgrams.com\/wp-content\/uploads\/2024\/08\/2fdck-new.gif","width":600,"height":600,"caption":"2-FDCK for Sale"},{"@type":"BreadcrumbList","@id":"https:\/\/legitgrams.com\/product\/2fdck\/#breadcrumb","itemListElement":[{"@type":"ListItem","position":1,"name":"Home","item":"https:\/\/legitgrams.com\/"},{"@type":"ListItem","position":2,"name":"Shop","item":"https:\/\/legitgrams.com\/shop\/"},{"@type":"ListItem","position":3,"name":"Buy 2FDCK Online"}]},{"@type":"WebSite","@id":"https:\/\/legitgrams.com\/#website","url":"https:\/\/legitgrams.com\/","name":"Legit Grams","description":"M\u00f3j blog WordPress","publisher":{"@id":"https:\/\/legitgrams.com\/#organization"},"potentialAction":[{"@type":"SearchAction","target":{"@type":"EntryPoint","urlTemplate":"https:\/\/legitgrams.com\/?s={search_term_string}"},"query-input":{"@type":"PropertyValueSpecification","valueRequired":true,"valueName":"search_term_string"}}],"inLanguage":"pl-PL"},{"@type":"Organization","@id":"https:\/\/legitgrams.com\/#organization","name":"Legit Grams","url":"https:\/\/legitgrams.com\/","logo":{"@type":"ImageObject","inLanguage":"pl-PL","@id":"https:\/\/legitgrams.com\/#\/schema\/logo\/image\/","url":"https:\/\/legitgrams.com\/wp-content\/uploads\/2024\/09\/main-logo.png","contentUrl":"https:\/\/legitgrams.com\/wp-content\/uploads\/2024\/09\/main-logo.png","width":270,"height":75,"caption":"Legit Grams"},"image":{"@id":"https:\/\/legitgrams.com\/#\/schema\/logo\/image\/"}}]}},"uagb_featured_image_src":{"full":["https:\/\/legitgrams.com\/wp-content\/uploads\/2024\/08\/2fdck-new.gif",600,600,false],"thumbnail":["https:\/\/legitgrams.com\/wp-content\/uploads\/2024\/08\/2fdck-new-150x150.gif",150,150,true],"medium":["https:\/\/legitgrams.com\/wp-content\/uploads\/2024\/08\/2fdck-new-300x300.gif",300,300,true],"medium_large":["https:\/\/legitgrams.com\/wp-content\/uploads\/2024\/08\/2fdck-new.gif",600,600,false],"large":["https:\/\/legitgrams.com\/wp-content\/uploads\/2024\/08\/2fdck-new.gif",600,600,false],"1536x1536":["https:\/\/legitgrams.com\/wp-content\/uploads\/2024\/08\/2fdck-new.gif",600,600,false],"2048x2048":["https:\/\/legitgrams.com\/wp-content\/uploads\/2024\/08\/2fdck-new.gif",600,600,false],"trp-custom-language-flag":["https:\/\/legitgrams.com\/wp-content\/uploads\/2024\/08\/2fdck-new-12x12.gif",12,12,true],"woocommerce_thumbnail":["https:\/\/legitgrams.com\/wp-content\/uploads\/2024\/08\/2fdck-new-300x300.gif",300,300,true],"woocommerce_single":["https:\/\/legitgrams.com\/wp-content\/uploads\/2024\/08\/2fdck-new.gif",600,600,false],"woocommerce_gallery_thumbnail":["https:\/\/legitgrams.com\/wp-content\/uploads\/2024\/08\/2fdck-new-100x100.gif",100,100,true]},"uagb_author_info":{"display_name":"cokeblog18","author_link":"https:\/\/legitgrams.com\/pl\/author\/"},"uagb_comment_info":2,"uagb_excerpt":"2-FDCK @ Legit Grams for Sale 2fdck The dissociative anesthetic 2-Fl-2\u2032-Oxo-PCM is also known as Buy Fluoroketamine, 2-FDCK, and 2-Fl-2\u2032-Oxo-PCM. It is ketamine&#8217;s fluorine-based analog, however without the chlorine atom. Purchase 2-FDCK online. Member of the arylcyclohexylamine class, 2-Fl-2\u2032-Oxo-PCM is a unique dissociative medication that is also known as 2-Fluorodeschloroketamine, 2-FDCK, and, confusingly, 2-Fluroketamine, Buy&hellip;","_links":{"self":[{"href":"https:\/\/legitgrams.com\/pl\/wp-json\/wp\/v2\/product\/3242","targetHints":{"allow":["GET"]}}],"collection":[{"href":"https:\/\/legitgrams.com\/pl\/wp-json\/wp\/v2\/product"}],"about":[{"href":"https:\/\/legitgrams.com\/pl\/wp-json\/wp\/v2\/types\/product"}],"replies":[{"embeddable":true,"href":"https:\/\/legitgrams.com\/pl\/wp-json\/wp\/v2\/comments?post=3242"}],"wp:featuredmedia":[{"embeddable":true,"href":"https:\/\/legitgrams.com\/pl\/wp-json\/wp\/v2\/media\/3250"}],"wp:attachment":[{"href":"https:\/\/legitgrams.com\/pl\/wp-json\/wp\/v2\/media?parent=3242"}],"wp:term":[{"taxonomy":"product_brand","embeddable":true,"href":"https:\/\/legitgrams.com\/pl\/wp-json\/wp\/v2\/product_brand?post=3242"},{"taxonomy":"product_cat","embeddable":true,"href":"https:\/\/legitgrams.com\/pl\/wp-json\/wp\/v2\/product_cat?post=3242"},{"taxonomy":"product_tag","embeddable":true,"href":"https:\/\/legitgrams.com\/pl\/wp-json\/wp\/v2\/product_tag?post=3242"}],"curies":[{"name":"wp","href":"https:\/\/api.w.org\/{rel}","templated":true}]}}