{"id":3261,"date":"2024-08-03T05:26:55","date_gmt":"2024-08-03T05:26:55","guid":{"rendered":"https:\/\/cokebricks.com\/?post_type=product&#038;p=3261"},"modified":"2025-01-13T08:09:28","modified_gmt":"2025-01-13T08:09:28","slug":"dodac-b","status":"publish","type":"product","link":"https:\/\/legitgrams.com\/pl\/produkt\/dodac-b\/","title":{"rendered":"ADD-B"},"content":{"rendered":"<h2>Na sprzeda\u017c: ADD-B<\/h2>\n<p><a href=\"https:\/\/legitgrams.com\/pl\/produkt\/dodac-b\/\">ADD-B<\/a> mo\u017cna kupi\u0107 online. Jest to syntetyczna marihuana, kt\u00f3ra jest strukturalnie kategoryzowana i u\u017cywana jako standard odniesienia w analizie. Nie wiadomo, jakie s\u0105 w\u0142a\u015bciwo\u015bci fizjologiczne i toksykologiczne tej substancji chemicznej. 4. Cyan CUMYL-BUTINACA jest klasyfikowany jako substancja z Wykazu I w Stanach Zjednoczonych. Ten gad\u017cet jest przeznaczony do u\u017cytku w badaniach i aplikacjach kryminalistycznych.<\/p>\n<p>Zastosowanie: ADD-B jest stosowany g\u0142\u00f3wnie w celach badawczych i nie jest przeznaczony do spo\u017cycia przez ludzi ani zwierz\u0119ta.<\/p>\n<h3>Kup ADD-B online.<\/h3>\n<p><a href=\"https:\/\/en.wikipedia.org\/wiki\/ADB\">ADD-B<\/a> jest syntetycznym konopiem. Nale\u017cy do rodziny indazoli kannabinoid\u00f3w, konkretnie do podklasy znanej jako indazol-3-karboksamid. Jest blisko spokrewniony z klas\u0105 pokrewnych zwi\u0105zk\u00f3w opracowanych przez firm\u0119 Pfizer w 2009 roku. Pocz\u0105tkowo by\u0142y one opracowywane jako \u015brodki przeciwb\u00f3lowe. Jest to silny agonista CB1, podobny do wi\u0119kszo\u015bci syntetycznych kannabinoid\u00f3w zawieraj\u0105cych indazole. Oficjalnych statystyk jest niewiele, chocia\u017c anegdotyczne do\u015bwiadczenie sugeruje, \u017ce aktywna dawka wynosi zaledwie 1\/10 miligrama. Kup ADD-B online.<\/p>\n<h3>Dozwolone jest u\u017cywanie CN-BINACA-ADB.<\/h3>\n<p>Nale\u017cy pami\u0119ta\u0107, \u017ce \u017cadna uznana jurysdykcja nie uznaje ADD-B jako leku, terapii ani suplementu diety. Nigdy nie nale\u017cy go stosowa\u0107 w eksperymentach chemicznych in vivo ani spo\u017cywa\u0107 przez ludzi; jest dost\u0119pny wy\u0142\u0105cznie do u\u017cytku jako substancja chemiczna do bada\u0144. Jest dost\u0119pny wy\u0142\u0105cznie do kalibracji pr\u00f3bek i bada\u0144 in vitro. <a href=\"https:\/\/legitgrams.com\/pl\/\">LegitGrams<\/a><\/p>","protected":false},"excerpt":{"rendered":"<p>For Sale: ADD-B ADD-B can be bought online. It is a synthetic cannabis that is structurally categorized and used as a reference standard in analysis. It is unknown what the physiological and toxicological properties of this chemical are. 4. Cyan CUMYL-BUTINACA is categorized as a Schedule I substance in the United States. This gadget is &hellip;<\/p>\n<p class=\"read-more\"> <a class=\"\" href=\"https:\/\/legitgrams.com\/pl\/produkt\/dodac-b\/\"> <span class=\"screen-reader-text\">ADD-B<\/span> Czytaj wi\u0119cej \"<\/a><\/p>","protected":false},"featured_media":3273,"comment_status":"open","ping_status":"closed","template":"","meta":{"_uag_custom_page_level_css":"","site-sidebar-layout":"default","site-content-layout":"default","ast-global-header-display":"","ast-main-header-display":"","ast-hfb-above-header-display":"","ast-hfb-below-header-display":"","ast-hfb-mobile-header-display":"","site-post-title":"","ast-breadcrumbs-content":"","ast-featured-img":"","footer-sml-layout":"","theme-transparent-header-meta":"default","adv-header-id-meta":"","stick-header-meta":"default","header-above-stick-meta":"","header-main-stick-meta":"","header-below-stick-meta":"","_joinchat":[]},"product_brand":[],"product_cat":[190],"product_tag":[545,544,543,546,547,541,542],"class_list":{"0":"post-3261","1":"product","2":"type-product","3":"status-publish","4":"has-post-thumbnail","6":"product_cat-cannabinoids","7":"product_tag-add-b-cannabinoids-for-sale","8":"product_tag-add-b-crystals-for-sale","9":"product_tag-add-b-for-sale","10":"product_tag-add-b-for-sale-online","11":"product_tag-add-b-powder-for-sale","12":"product_tag-buy-add-b","13":"product_tag-buy-add-b-online","14":"desktop-align-left","15":"tablet-align-left","16":"mobile-align-left","17":"ast-product-gallery-layout-horizontal","18":"ast-product-gallery-with-no-image","19":"ast-product-single-variable","20":"ast-product-tabs-layout-horizontal","21":"ast-qv-on-image","23":"first","24":"instock","25":"shipping-taxable","26":"purchasable","27":"product-type-variable"},"yoast_head":"<!-- This site is optimized with the Yoast SEO plugin v25.9 - https:\/\/yoast.com\/wordpress\/plugins\/seo\/ -->\n<title>ADD-B for Sale - Order ADD-B Powder Online | LegitGrams<\/title>\n<meta name=\"description\" content=\"You can get add-b for sale at the best rates from our online store LegitGrams. We are here to help you buy add-b online. Order Today with Discreet Delivery!\" \/>\n<meta name=\"robots\" content=\"index, follow, max-snippet:-1, max-image-preview:large, max-video-preview:-1\" \/>\n<link rel=\"canonical\" href=\"https:\/\/legitgrams.com\/pl\/produkt\/dodac-b\/\" \/>\n<meta property=\"og:locale\" content=\"pl_PL\" \/>\n<meta property=\"og:type\" content=\"article\" \/>\n<meta property=\"og:title\" content=\"ADD-B for Sale - Order ADD-B Powder Online | LegitGrams\" \/>\n<meta property=\"og:description\" content=\"You can get add-b for sale at the best rates from our online store LegitGrams. We are here to help you buy add-b online. Order Today with Discreet Delivery!\" \/>\n<meta property=\"og:url\" content=\"https:\/\/legitgrams.com\/pl\/produkt\/dodac-b\/\" \/>\n<meta property=\"og:site_name\" content=\"Legit Grams\" \/>\n<meta property=\"article:modified_time\" content=\"2025-01-13T08:09:28+00:00\" \/>\n<meta property=\"og:image\" content=\"https:\/\/legitgrams.com\/wp-content\/uploads\/2024\/08\/Add-b.gif\" \/>\n\t<meta property=\"og:image:width\" content=\"600\" \/>\n\t<meta property=\"og:image:height\" content=\"600\" \/>\n\t<meta property=\"og:image:type\" content=\"image\/gif\" \/>\n<meta name=\"twitter:card\" content=\"summary_large_image\" \/>\n<meta name=\"twitter:label1\" content=\"Szacowany czas czytania\" \/>\n\t<meta name=\"twitter:data1\" content=\"2 minuty\" \/>\n<script type=\"application\/ld+json\" class=\"yoast-schema-graph\">{\"@context\":\"https:\/\/schema.org\",\"@graph\":[{\"@type\":\"WebPage\",\"@id\":\"https:\/\/legitgrams.com\/product\/add-b\/\",\"url\":\"https:\/\/legitgrams.com\/product\/add-b\/\",\"name\":\"ADD-B for Sale - Order ADD-B Powder Online | LegitGrams\",\"isPartOf\":{\"@id\":\"https:\/\/legitgrams.com\/#website\"},\"primaryImageOfPage\":{\"@id\":\"https:\/\/legitgrams.com\/product\/add-b\/#primaryimage\"},\"image\":{\"@id\":\"https:\/\/legitgrams.com\/product\/add-b\/#primaryimage\"},\"thumbnailUrl\":\"https:\/\/legitgrams.com\/wp-content\/uploads\/2024\/08\/Add-b.gif\",\"datePublished\":\"2024-08-03T05:26:55+00:00\",\"dateModified\":\"2025-01-13T08:09:28+00:00\",\"description\":\"You can get add-b for sale at the best rates from our online store LegitGrams. We are here to help you buy add-b online. Order Today with Discreet Delivery!\",\"breadcrumb\":{\"@id\":\"https:\/\/legitgrams.com\/product\/add-b\/#breadcrumb\"},\"inLanguage\":\"pl-PL\",\"potentialAction\":[{\"@type\":\"ReadAction\",\"target\":[\"https:\/\/legitgrams.com\/product\/add-b\/\"]}]},{\"@type\":\"ImageObject\",\"inLanguage\":\"pl-PL\",\"@id\":\"https:\/\/legitgrams.com\/product\/add-b\/#primaryimage\",\"url\":\"https:\/\/legitgrams.com\/wp-content\/uploads\/2024\/08\/Add-b.gif\",\"contentUrl\":\"https:\/\/legitgrams.com\/wp-content\/uploads\/2024\/08\/Add-b.gif\",\"width\":600,\"height\":600,\"caption\":\"ADD-B for Sale\"},{\"@type\":\"BreadcrumbList\",\"@id\":\"https:\/\/legitgrams.com\/product\/add-b\/#breadcrumb\",\"itemListElement\":[{\"@type\":\"ListItem\",\"position\":1,\"name\":\"Home\",\"item\":\"https:\/\/legitgrams.com\/\"},{\"@type\":\"ListItem\",\"position\":2,\"name\":\"Shop\",\"item\":\"https:\/\/legitgrams.com\/shop\/\"},{\"@type\":\"ListItem\",\"position\":3,\"name\":\"ADD-B\"}]},{\"@type\":\"WebSite\",\"@id\":\"https:\/\/legitgrams.com\/#website\",\"url\":\"https:\/\/legitgrams.com\/\",\"name\":\"Legit Grams\",\"description\":\"My WordPress Blog\",\"publisher\":{\"@id\":\"https:\/\/legitgrams.com\/#organization\"},\"potentialAction\":[{\"@type\":\"SearchAction\",\"target\":{\"@type\":\"EntryPoint\",\"urlTemplate\":\"https:\/\/legitgrams.com\/?s={search_term_string}\"},\"query-input\":{\"@type\":\"PropertyValueSpecification\",\"valueRequired\":true,\"valueName\":\"search_term_string\"}}],\"inLanguage\":\"pl-PL\"},{\"@type\":\"Organization\",\"@id\":\"https:\/\/legitgrams.com\/#organization\",\"name\":\"Legit Grams\",\"url\":\"https:\/\/legitgrams.com\/\",\"logo\":{\"@type\":\"ImageObject\",\"inLanguage\":\"pl-PL\",\"@id\":\"https:\/\/legitgrams.com\/#\/schema\/logo\/image\/\",\"url\":\"https:\/\/legitgrams.com\/wp-content\/uploads\/2024\/09\/main-logo.png\",\"contentUrl\":\"https:\/\/legitgrams.com\/wp-content\/uploads\/2024\/09\/main-logo.png\",\"width\":270,\"height\":75,\"caption\":\"Legit Grams\"},\"image\":{\"@id\":\"https:\/\/legitgrams.com\/#\/schema\/logo\/image\/\"}}]}<\/script>\n<!-- \/ Yoast SEO plugin. -->","yoast_head_json":{"title":"ADD-B na sprzeda\u017c - Zam\u00f3w ADD-B Powder Online | LegitGrams","description":"Mo\u017cesz dosta\u0107 add-b na sprzeda\u017c w najlepszych cenach w naszym sklepie internetowym LegitGrams. Jeste\u015bmy tutaj, aby pom\u00f3c Ci kupi\u0107 add-b online. Zam\u00f3w ju\u017c dzi\u015b z dyskretn\u0105 dostaw\u0105!","robots":{"index":"index","follow":"follow","max-snippet":"max-snippet:-1","max-image-preview":"max-image-preview:large","max-video-preview":"max-video-preview:-1"},"canonical":"https:\/\/legitgrams.com\/pl\/produkt\/dodac-b\/","og_locale":"pl_PL","og_type":"article","og_title":"ADD-B for Sale - Order ADD-B Powder Online | LegitGrams","og_description":"You can get add-b for sale at the best rates from our online store LegitGrams. We are here to help you buy add-b online. Order Today with Discreet Delivery!","og_url":"https:\/\/legitgrams.com\/pl\/produkt\/dodac-b\/","og_site_name":"Legit Grams","article_modified_time":"2025-01-13T08:09:28+00:00","og_image":[{"width":600,"height":600,"url":"https:\/\/legitgrams.com\/wp-content\/uploads\/2024\/08\/Add-b.gif","type":"image\/gif"}],"twitter_card":"summary_large_image","twitter_misc":{"Szacowany czas czytania":"2 minuty"},"schema":{"@context":"https:\/\/schema.org","@graph":[{"@type":"WebPage","@id":"https:\/\/legitgrams.com\/product\/add-b\/","url":"https:\/\/legitgrams.com\/product\/add-b\/","name":"ADD-B na sprzeda\u017c - Zam\u00f3w ADD-B Powder Online | LegitGrams","isPartOf":{"@id":"https:\/\/legitgrams.com\/#website"},"primaryImageOfPage":{"@id":"https:\/\/legitgrams.com\/product\/add-b\/#primaryimage"},"image":{"@id":"https:\/\/legitgrams.com\/product\/add-b\/#primaryimage"},"thumbnailUrl":"https:\/\/legitgrams.com\/wp-content\/uploads\/2024\/08\/Add-b.gif","datePublished":"2024-08-03T05:26:55+00:00","dateModified":"2025-01-13T08:09:28+00:00","description":"Mo\u017cesz dosta\u0107 add-b na sprzeda\u017c w najlepszych cenach w naszym sklepie internetowym LegitGrams. Jeste\u015bmy tutaj, aby pom\u00f3c Ci kupi\u0107 add-b online. Zam\u00f3w ju\u017c dzi\u015b z dyskretn\u0105 dostaw\u0105!","breadcrumb":{"@id":"https:\/\/legitgrams.com\/product\/add-b\/#breadcrumb"},"inLanguage":"pl-PL","potentialAction":[{"@type":"ReadAction","target":["https:\/\/legitgrams.com\/product\/add-b\/"]}]},{"@type":"ImageObject","inLanguage":"pl-PL","@id":"https:\/\/legitgrams.com\/product\/add-b\/#primaryimage","url":"https:\/\/legitgrams.com\/wp-content\/uploads\/2024\/08\/Add-b.gif","contentUrl":"https:\/\/legitgrams.com\/wp-content\/uploads\/2024\/08\/Add-b.gif","width":600,"height":600,"caption":"ADD-B for Sale"},{"@type":"BreadcrumbList","@id":"https:\/\/legitgrams.com\/product\/add-b\/#breadcrumb","itemListElement":[{"@type":"ListItem","position":1,"name":"Home","item":"https:\/\/legitgrams.com\/"},{"@type":"ListItem","position":2,"name":"Shop","item":"https:\/\/legitgrams.com\/shop\/"},{"@type":"ListItem","position":3,"name":"ADD-B"}]},{"@type":"WebSite","@id":"https:\/\/legitgrams.com\/#website","url":"https:\/\/legitgrams.com\/","name":"Legit Grams","description":"M\u00f3j blog WordPress","publisher":{"@id":"https:\/\/legitgrams.com\/#organization"},"potentialAction":[{"@type":"SearchAction","target":{"@type":"EntryPoint","urlTemplate":"https:\/\/legitgrams.com\/?s={search_term_string}"},"query-input":{"@type":"PropertyValueSpecification","valueRequired":true,"valueName":"search_term_string"}}],"inLanguage":"pl-PL"},{"@type":"Organization","@id":"https:\/\/legitgrams.com\/#organization","name":"Legit Grams","url":"https:\/\/legitgrams.com\/","logo":{"@type":"ImageObject","inLanguage":"pl-PL","@id":"https:\/\/legitgrams.com\/#\/schema\/logo\/image\/","url":"https:\/\/legitgrams.com\/wp-content\/uploads\/2024\/09\/main-logo.png","contentUrl":"https:\/\/legitgrams.com\/wp-content\/uploads\/2024\/09\/main-logo.png","width":270,"height":75,"caption":"Legit Grams"},"image":{"@id":"https:\/\/legitgrams.com\/#\/schema\/logo\/image\/"}}]}},"uagb_featured_image_src":{"full":["https:\/\/legitgrams.com\/wp-content\/uploads\/2024\/08\/Add-b.gif",600,600,false],"thumbnail":["https:\/\/legitgrams.com\/wp-content\/uploads\/2024\/08\/Add-b-150x150.gif",150,150,true],"medium":["https:\/\/legitgrams.com\/wp-content\/uploads\/2024\/08\/Add-b-300x300.gif",300,300,true],"medium_large":["https:\/\/legitgrams.com\/wp-content\/uploads\/2024\/08\/Add-b.gif",600,600,false],"large":["https:\/\/legitgrams.com\/wp-content\/uploads\/2024\/08\/Add-b.gif",600,600,false],"1536x1536":["https:\/\/legitgrams.com\/wp-content\/uploads\/2024\/08\/Add-b.gif",600,600,false],"2048x2048":["https:\/\/legitgrams.com\/wp-content\/uploads\/2024\/08\/Add-b.gif",600,600,false],"trp-custom-language-flag":["https:\/\/legitgrams.com\/wp-content\/uploads\/2024\/08\/Add-b-12x12.gif",12,12,true],"woocommerce_thumbnail":["https:\/\/legitgrams.com\/wp-content\/uploads\/2024\/08\/Add-b-300x300.gif",300,300,true],"woocommerce_single":["https:\/\/legitgrams.com\/wp-content\/uploads\/2024\/08\/Add-b.gif",600,600,false],"woocommerce_gallery_thumbnail":["https:\/\/legitgrams.com\/wp-content\/uploads\/2024\/08\/Add-b-100x100.gif",100,100,true]},"uagb_author_info":{"display_name":"cokeblog18","author_link":"https:\/\/legitgrams.com\/pl\/author\/"},"uagb_comment_info":0,"uagb_excerpt":"For Sale: ADD-B ADD-B can be bought online. It is a synthetic cannabis that is structurally categorized and used as a reference standard in analysis. It is unknown what the physiological and toxicological properties of this chemical are. 4. Cyan CUMYL-BUTINACA is categorized as a Schedule I substance in the United States. This gadget is&hellip;","_links":{"self":[{"href":"https:\/\/legitgrams.com\/pl\/wp-json\/wp\/v2\/product\/3261","targetHints":{"allow":["GET"]}}],"collection":[{"href":"https:\/\/legitgrams.com\/pl\/wp-json\/wp\/v2\/product"}],"about":[{"href":"https:\/\/legitgrams.com\/pl\/wp-json\/wp\/v2\/types\/product"}],"replies":[{"embeddable":true,"href":"https:\/\/legitgrams.com\/pl\/wp-json\/wp\/v2\/comments?post=3261"}],"wp:featuredmedia":[{"embeddable":true,"href":"https:\/\/legitgrams.com\/pl\/wp-json\/wp\/v2\/media\/3273"}],"wp:attachment":[{"href":"https:\/\/legitgrams.com\/pl\/wp-json\/wp\/v2\/media?parent=3261"}],"wp:term":[{"taxonomy":"product_brand","embeddable":true,"href":"https:\/\/legitgrams.com\/pl\/wp-json\/wp\/v2\/product_brand?post=3261"},{"taxonomy":"product_cat","embeddable":true,"href":"https:\/\/legitgrams.com\/pl\/wp-json\/wp\/v2\/product_cat?post=3261"},{"taxonomy":"product_tag","embeddable":true,"href":"https:\/\/legitgrams.com\/pl\/wp-json\/wp\/v2\/product_tag?post=3261"}],"curies":[{"name":"wp","href":"https:\/\/api.w.org\/{rel}","templated":true}]}}