{"id":3264,"date":"2024-08-03T05:27:02","date_gmt":"2024-08-03T05:27:02","guid":{"rendered":"https:\/\/cokebricks.com\/?post_type=product&#038;p=3264"},"modified":"2025-01-11T11:42:43","modified_gmt":"2025-01-11T11:42:43","slug":"5cakb48","status":"publish","type":"product","link":"https:\/\/legitgrams.com\/pl\/produkt\/5cakb48\/","title":{"rendered":"5cakb48"},"content":{"rendered":"<h2>Na sprzeda\u017c: 5C-AKB48 Powder<\/h2>\n<p><a href=\"https:\/\/legitgrams.com\/pl\/produkt\/5cakb48\/\">5C-AKB48<\/a> jest oparty na indazolach i jest r\u00f3wnie\u017c okre\u015blany jako <a href=\"https:\/\/en.wikipedia.org\/wiki\/5F-APINACA\">5F-AKB48<\/a> (5F-APINACA). Jest to skuteczny sk\u0142adnik, kt\u00f3ry nale\u017cy stosowa\u0107 najlepiej, jak to mo\u017cliwe, z wielu powod\u00f3w, poniewa\u017c jest on rozwijany z niesamowitego asortymentu r\u00f3\u017cnorodnych substancji. Co ciekawsze, ten sk\u0142adnik zawiera r\u00f3wnie\u017c receptory dla agonist\u00f3w konopi. Niesamowite jest, jak strukturalnie podobne s\u0105 5C-AKB48 i 5F-AKB48. Ponadto substancja ta jest rozpoznawana ze wzgl\u0119du na podobne efekty i si\u0142\u0119. Niemniej jednak ten sk\u0142adnik jest zwykle badany podobnie do innych syntetycznych kannabinoid\u00f3w. Oznaczenie dla niego to 5C-ABP. Jednak aby cieszy\u0107 si\u0119 niesamowitymi efektami 5C-AKB48, wi\u0119kszo\u015b\u0107 os\u00f3b na \u015bwiecie r\u00f3wnie\u017c u\u017cywa tych syntetycznych kannabinoid\u00f3w. <a href=\"https:\/\/legitgrams.com\/pl\/\">LegitGrams<\/a><\/p>\n<h3>Sk\u0142ad chemiczny 5C-AKB48<\/h3>\n<p>Wz\u00f3r chemiczny: C23H30CIN3O<\/p>\n<p>Pe\u0142na nazwa to N-(adamantan-1-yl).Indazolo-1-(5-chloropentylo)-1H3-karboksyamid<\/p>\n<p>Masa cz\u0105steczki: 400,00 g\/mol<\/p>\n<p>Czysto\u015b\u0107: powy\u017cej 98%<\/p>\n<h3>Gdzie mog\u0119 kupi\u0107 5C-AKB-48?<\/h3>\n<p>Najlepszy 5C-AKB48 na rynku to to, co mamy tutaj w Legit Grams. Chemical Planet zapewnia szybk\u0105, dyskretn\u0105 dostaw\u0119 do wielu kraj\u00f3w na ca\u0142ym \u015bwiecie i jest r\u00f3wnie\u017c zaufanym \u017ar\u00f3d\u0142em N1.<\/p>\n<p>Aby kupi\u0107 5C-AKB48, musisz mie\u0107 co najmniej osiemna\u015bcie lat. Akceptowane s\u0105 Bitcoiny i wszystkie g\u0142\u00f3wne karty kredytowe. Ka\u017cdy produkt, w tym 5C-AKB48, jest przeznaczony wy\u0142\u0105cznie do nauki i nie jest przeznaczony do spo\u017cycia przez ludzi.<\/p>\n<p>Efekty 5C-AKB48, o kt\u00f3rych powiniene\u015b wiedzie\u0107 Czy jeste\u015b ciekaw niekt\u00f3rych z najbardziej niesamowitych zalet, kt\u00f3re sprawiaj\u0105, \u017ce 5C-AKB48 jest cennym komponentem? Oto lista niekt\u00f3rych z najbardziej godnych uwagi reperkusji 5C-AKB48, kt\u00f3re powinny poprawi\u0107 twoje zrozumienie.<\/p>\n<p><strong>1. Ulg\u0119 w b\u00f3lu<\/strong><br \/>\nWi\u0119kszo\u015b\u0107 ludzi w pe\u0142ni korzysta z tej funkcji, aby skutecznie z\u0142agodzi\u0107 ataki paniki. Jednak, aby unikn\u0105\u0107 jakichkolwiek niepo\u017c\u0105danych skutk\u00f3w ubocznych, wa\u017cne jest, aby przyjmowa\u0107 ni\u017csz\u0105 dawk\u0119 5C-AKB48, gdy przyjmuje si\u0119 j\u0105 w celu z\u0142agodzenia b\u00f3lu.<\/p>\n<p><strong>2. Wi\u0119kszy apetyt<\/strong><br \/>\nPodobnie jak wszystkie inne kannabinoidy, 5C-AKB48 mo\u017ce zwi\u0119ksza\u0107 apetyt.<\/p>\n<p>W najpopularniejszych kulturach w Stanach Zjednoczonych i Wielkiej Brytanii jest to znane jako munchies. Twierdzi si\u0119, \u017ce wykorzystanie 5C-AKB48 szybko zwi\u0119kszy ciekawo\u015b\u0107 klienta i zadowolenie z posi\u0142k\u00f3w.<\/p>\n<p><strong>3. Spok\u00f3j<\/strong><br \/>\nZawsze wa\u017cne jest, aby czu\u0107 si\u0119 w doskona\u0142ym spokoju, aby trzyma\u0107 l\u0119k na dystans. Ta kombinacja ma uspokajaj\u0105cy wp\u0142yw. W zwi\u0105zku z tym jest stosowana przez osoby, kt\u00f3re chc\u0105 mie\u0107 tego rodzaju do\u015bwiadczenia psychiczne bardziej skutecznie.<\/p>\n<p><strong>4. Poczucie spokoju<\/strong><br \/>\nKlienci mog\u0105 uzyska\u0107 najbardziej relaksuj\u0105ce do\u015bwiadczenie z 5C-AKB48. U\u017cytkownik poczuje si\u0119 tak lekko, jak to mo\u017cliwe i poczuje si\u0119 niesamowicie w najlepszy mo\u017cliwy spos\u00f3b.<\/p>","protected":false},"excerpt":{"rendered":"<p>For Sale: 5C-AKB48 Powder 5C-AKB48 is based on indazoles and is also referred to as 5F-AKB48 (5F-APINACA). It is an effective component to use as best it can for a number of reasons because it is being developed from an amazing assortment of diverse substances. More interestingly, this component also contains receptors for cannabis agonists. &hellip;<\/p>\n<p class=\"read-more\"> <a class=\"\" href=\"https:\/\/legitgrams.com\/pl\/produkt\/5cakb48\/\"> <span class=\"screen-reader-text\">5cakb48<\/span> Czytaj wi\u0119cej \"<\/a><\/p>","protected":false},"featured_media":3274,"comment_status":"open","ping_status":"closed","template":"","meta":{"_uag_custom_page_level_css":"","site-sidebar-layout":"default","site-content-layout":"default","ast-global-header-display":"","ast-main-header-display":"","ast-hfb-above-header-display":"","ast-hfb-below-header-display":"","ast-hfb-mobile-header-display":"","site-post-title":"","ast-breadcrumbs-content":"","ast-featured-img":"","footer-sml-layout":"","theme-transparent-header-meta":"default","adv-header-id-meta":"","stick-header-meta":"default","header-above-stick-meta":"","header-main-stick-meta":"","header-below-stick-meta":"","_joinchat":[]},"product_brand":[],"product_cat":[190],"product_tag":[460,445,447,463,464,237,238,239,240,241,250],"class_list":{"0":"post-3264","1":"product","2":"type-product","3":"status-publish","4":"has-post-thumbnail","6":"product_cat-cannabinoids","7":"product_tag-5cakb48","8":"product_tag-5f-mdmb-2201-5f-mdmb-2201-cannabinoid","9":"product_tag-5f-mdmb-2201-psychonaut","10":"product_tag-5f-2201-cayman","11":"product_tag-5f-2201-wiki","12":"product_tag-5f-mdmb-2201","13":"product_tag-5f-mdmb-2201-dosage","14":"product_tag-5f-mdmb-2201-opinie","15":"product_tag-5f-mdmb-2201-reddit","16":"product_tag-5f-mdmb-2201-review","17":"product_tag-5fmdmb2201-5f-mdmb-2201-kannabinoid","18":"desktop-align-left","19":"tablet-align-left","20":"mobile-align-left","21":"ast-product-gallery-layout-horizontal","22":"ast-product-gallery-with-no-image","23":"ast-product-single-variable","24":"ast-product-tabs-layout-horizontal","25":"ast-qv-on-image","27":"first","28":"instock","29":"shipping-taxable","30":"purchasable","31":"product-type-variable"},"yoast_head":"<!-- This site is optimized with the Yoast SEO plugin v25.9 - https:\/\/yoast.com\/wordpress\/plugins\/seo\/ -->\n<title>5C-AKB48 Powder for Sale - Order 5cakb48 Online | LegitGrams<\/title>\n<meta name=\"description\" content=\"You can get 5cakb48 for sale at our online store and get it at your doorstep without any hassle. We help you buy 5cakb48 powder online. Order Today with Discreet Delivery Service!\" \/>\n<meta name=\"robots\" content=\"index, follow, max-snippet:-1, max-image-preview:large, max-video-preview:-1\" \/>\n<link rel=\"canonical\" href=\"https:\/\/legitgrams.com\/pl\/produkt\/5cakb48\/\" \/>\n<meta property=\"og:locale\" content=\"pl_PL\" \/>\n<meta property=\"og:type\" content=\"article\" \/>\n<meta property=\"og:title\" content=\"5C-AKB48 Powder for Sale - Order 5cakb48 Online | LegitGrams\" \/>\n<meta property=\"og:description\" content=\"You can get 5cakb48 for sale at our online store and get it at your doorstep without any hassle. We help you buy 5cakb48 powder online. Order Today with Discreet Delivery Service!\" \/>\n<meta property=\"og:url\" content=\"https:\/\/legitgrams.com\/pl\/produkt\/5cakb48\/\" \/>\n<meta property=\"og:site_name\" content=\"Legit Grams\" \/>\n<meta property=\"article:modified_time\" content=\"2025-01-11T11:42:43+00:00\" \/>\n<meta property=\"og:image\" content=\"https:\/\/legitgrams.com\/wp-content\/uploads\/2024\/08\/5cakb48.gif\" \/>\n\t<meta property=\"og:image:width\" content=\"600\" \/>\n\t<meta property=\"og:image:height\" content=\"600\" \/>\n\t<meta property=\"og:image:type\" content=\"image\/gif\" \/>\n<meta name=\"twitter:card\" content=\"summary_large_image\" \/>\n<meta name=\"twitter:label1\" content=\"Szacowany czas czytania\" \/>\n\t<meta name=\"twitter:data1\" content=\"3 minuty\" \/>\n<script type=\"application\/ld+json\" class=\"yoast-schema-graph\">{\"@context\":\"https:\/\/schema.org\",\"@graph\":[{\"@type\":\"WebPage\",\"@id\":\"https:\/\/legitgrams.com\/product\/5cakb48\/\",\"url\":\"https:\/\/legitgrams.com\/product\/5cakb48\/\",\"name\":\"5C-AKB48 Powder for Sale - Order 5cakb48 Online | LegitGrams\",\"isPartOf\":{\"@id\":\"https:\/\/legitgrams.com\/#website\"},\"primaryImageOfPage\":{\"@id\":\"https:\/\/legitgrams.com\/product\/5cakb48\/#primaryimage\"},\"image\":{\"@id\":\"https:\/\/legitgrams.com\/product\/5cakb48\/#primaryimage\"},\"thumbnailUrl\":\"https:\/\/legitgrams.com\/wp-content\/uploads\/2024\/08\/5cakb48.gif\",\"datePublished\":\"2024-08-03T05:27:02+00:00\",\"dateModified\":\"2025-01-11T11:42:43+00:00\",\"description\":\"You can get 5cakb48 for sale at our online store and get it at your doorstep without any hassle. We help you buy 5cakb48 powder online. Order Today with Discreet Delivery Service!\",\"breadcrumb\":{\"@id\":\"https:\/\/legitgrams.com\/product\/5cakb48\/#breadcrumb\"},\"inLanguage\":\"pl-PL\",\"potentialAction\":[{\"@type\":\"ReadAction\",\"target\":[\"https:\/\/legitgrams.com\/product\/5cakb48\/\"]}]},{\"@type\":\"ImageObject\",\"inLanguage\":\"pl-PL\",\"@id\":\"https:\/\/legitgrams.com\/product\/5cakb48\/#primaryimage\",\"url\":\"https:\/\/legitgrams.com\/wp-content\/uploads\/2024\/08\/5cakb48.gif\",\"contentUrl\":\"https:\/\/legitgrams.com\/wp-content\/uploads\/2024\/08\/5cakb48.gif\",\"width\":600,\"height\":600,\"caption\":\"5C-AKB48\"},{\"@type\":\"BreadcrumbList\",\"@id\":\"https:\/\/legitgrams.com\/product\/5cakb48\/#breadcrumb\",\"itemListElement\":[{\"@type\":\"ListItem\",\"position\":1,\"name\":\"Home\",\"item\":\"https:\/\/legitgrams.com\/\"},{\"@type\":\"ListItem\",\"position\":2,\"name\":\"Shop\",\"item\":\"https:\/\/legitgrams.com\/shop\/\"},{\"@type\":\"ListItem\",\"position\":3,\"name\":\"5cakb48\"}]},{\"@type\":\"WebSite\",\"@id\":\"https:\/\/legitgrams.com\/#website\",\"url\":\"https:\/\/legitgrams.com\/\",\"name\":\"Legit Grams\",\"description\":\"My WordPress Blog\",\"publisher\":{\"@id\":\"https:\/\/legitgrams.com\/#organization\"},\"potentialAction\":[{\"@type\":\"SearchAction\",\"target\":{\"@type\":\"EntryPoint\",\"urlTemplate\":\"https:\/\/legitgrams.com\/?s={search_term_string}\"},\"query-input\":{\"@type\":\"PropertyValueSpecification\",\"valueRequired\":true,\"valueName\":\"search_term_string\"}}],\"inLanguage\":\"pl-PL\"},{\"@type\":\"Organization\",\"@id\":\"https:\/\/legitgrams.com\/#organization\",\"name\":\"Legit Grams\",\"url\":\"https:\/\/legitgrams.com\/\",\"logo\":{\"@type\":\"ImageObject\",\"inLanguage\":\"pl-PL\",\"@id\":\"https:\/\/legitgrams.com\/#\/schema\/logo\/image\/\",\"url\":\"https:\/\/legitgrams.com\/wp-content\/uploads\/2024\/09\/main-logo.png\",\"contentUrl\":\"https:\/\/legitgrams.com\/wp-content\/uploads\/2024\/09\/main-logo.png\",\"width\":270,\"height\":75,\"caption\":\"Legit Grams\"},\"image\":{\"@id\":\"https:\/\/legitgrams.com\/#\/schema\/logo\/image\/\"}}]}<\/script>\n<!-- \/ Yoast SEO plugin. -->","yoast_head_json":{"title":"Proszek 5C-AKB48 na sprzeda\u017c - Zam\u00f3w 5cakb48 online | LegitGrams","description":"Mo\u017cesz dosta\u0107 5cakb48 na sprzeda\u017c w naszym sklepie internetowym i dosta\u0107 go pod swoje drzwi bez \u017cadnych k\u0142opot\u00f3w. Pomagamy kupi\u0107 proszek 5cakb48 online. Zam\u00f3w ju\u017c dzi\u015b z dyskretn\u0105 dostaw\u0105!","robots":{"index":"index","follow":"follow","max-snippet":"max-snippet:-1","max-image-preview":"max-image-preview:large","max-video-preview":"max-video-preview:-1"},"canonical":"https:\/\/legitgrams.com\/pl\/produkt\/5cakb48\/","og_locale":"pl_PL","og_type":"article","og_title":"5C-AKB48 Powder for Sale - Order 5cakb48 Online | LegitGrams","og_description":"You can get 5cakb48 for sale at our online store and get it at your doorstep without any hassle. We help you buy 5cakb48 powder online. Order Today with Discreet Delivery Service!","og_url":"https:\/\/legitgrams.com\/pl\/produkt\/5cakb48\/","og_site_name":"Legit Grams","article_modified_time":"2025-01-11T11:42:43+00:00","og_image":[{"width":600,"height":600,"url":"https:\/\/legitgrams.com\/wp-content\/uploads\/2024\/08\/5cakb48.gif","type":"image\/gif"}],"twitter_card":"summary_large_image","twitter_misc":{"Szacowany czas czytania":"3 minuty"},"schema":{"@context":"https:\/\/schema.org","@graph":[{"@type":"WebPage","@id":"https:\/\/legitgrams.com\/product\/5cakb48\/","url":"https:\/\/legitgrams.com\/product\/5cakb48\/","name":"Proszek 5C-AKB48 na sprzeda\u017c - Zam\u00f3w 5cakb48 online | LegitGrams","isPartOf":{"@id":"https:\/\/legitgrams.com\/#website"},"primaryImageOfPage":{"@id":"https:\/\/legitgrams.com\/product\/5cakb48\/#primaryimage"},"image":{"@id":"https:\/\/legitgrams.com\/product\/5cakb48\/#primaryimage"},"thumbnailUrl":"https:\/\/legitgrams.com\/wp-content\/uploads\/2024\/08\/5cakb48.gif","datePublished":"2024-08-03T05:27:02+00:00","dateModified":"2025-01-11T11:42:43+00:00","description":"Mo\u017cesz dosta\u0107 5cakb48 na sprzeda\u017c w naszym sklepie internetowym i dosta\u0107 go pod swoje drzwi bez \u017cadnych k\u0142opot\u00f3w. Pomagamy kupi\u0107 proszek 5cakb48 online. Zam\u00f3w ju\u017c dzi\u015b z dyskretn\u0105 dostaw\u0105!","breadcrumb":{"@id":"https:\/\/legitgrams.com\/product\/5cakb48\/#breadcrumb"},"inLanguage":"pl-PL","potentialAction":[{"@type":"ReadAction","target":["https:\/\/legitgrams.com\/product\/5cakb48\/"]}]},{"@type":"ImageObject","inLanguage":"pl-PL","@id":"https:\/\/legitgrams.com\/product\/5cakb48\/#primaryimage","url":"https:\/\/legitgrams.com\/wp-content\/uploads\/2024\/08\/5cakb48.gif","contentUrl":"https:\/\/legitgrams.com\/wp-content\/uploads\/2024\/08\/5cakb48.gif","width":600,"height":600,"caption":"5C-AKB48"},{"@type":"BreadcrumbList","@id":"https:\/\/legitgrams.com\/product\/5cakb48\/#breadcrumb","itemListElement":[{"@type":"ListItem","position":1,"name":"Home","item":"https:\/\/legitgrams.com\/"},{"@type":"ListItem","position":2,"name":"Shop","item":"https:\/\/legitgrams.com\/shop\/"},{"@type":"ListItem","position":3,"name":"5cakb48"}]},{"@type":"WebSite","@id":"https:\/\/legitgrams.com\/#website","url":"https:\/\/legitgrams.com\/","name":"Legit Grams","description":"M\u00f3j blog WordPress","publisher":{"@id":"https:\/\/legitgrams.com\/#organization"},"potentialAction":[{"@type":"SearchAction","target":{"@type":"EntryPoint","urlTemplate":"https:\/\/legitgrams.com\/?s={search_term_string}"},"query-input":{"@type":"PropertyValueSpecification","valueRequired":true,"valueName":"search_term_string"}}],"inLanguage":"pl-PL"},{"@type":"Organization","@id":"https:\/\/legitgrams.com\/#organization","name":"Legit Grams","url":"https:\/\/legitgrams.com\/","logo":{"@type":"ImageObject","inLanguage":"pl-PL","@id":"https:\/\/legitgrams.com\/#\/schema\/logo\/image\/","url":"https:\/\/legitgrams.com\/wp-content\/uploads\/2024\/09\/main-logo.png","contentUrl":"https:\/\/legitgrams.com\/wp-content\/uploads\/2024\/09\/main-logo.png","width":270,"height":75,"caption":"Legit Grams"},"image":{"@id":"https:\/\/legitgrams.com\/#\/schema\/logo\/image\/"}}]}},"uagb_featured_image_src":{"full":["https:\/\/legitgrams.com\/wp-content\/uploads\/2024\/08\/5cakb48.gif",600,600,false],"thumbnail":["https:\/\/legitgrams.com\/wp-content\/uploads\/2024\/08\/5cakb48-150x150.gif",150,150,true],"medium":["https:\/\/legitgrams.com\/wp-content\/uploads\/2024\/08\/5cakb48-300x300.gif",300,300,true],"medium_large":["https:\/\/legitgrams.com\/wp-content\/uploads\/2024\/08\/5cakb48.gif",600,600,false],"large":["https:\/\/legitgrams.com\/wp-content\/uploads\/2024\/08\/5cakb48.gif",600,600,false],"1536x1536":["https:\/\/legitgrams.com\/wp-content\/uploads\/2024\/08\/5cakb48.gif",600,600,false],"2048x2048":["https:\/\/legitgrams.com\/wp-content\/uploads\/2024\/08\/5cakb48.gif",600,600,false],"trp-custom-language-flag":["https:\/\/legitgrams.com\/wp-content\/uploads\/2024\/08\/5cakb48-12x12.gif",12,12,true],"woocommerce_thumbnail":["https:\/\/legitgrams.com\/wp-content\/uploads\/2024\/08\/5cakb48-300x300.gif",300,300,true],"woocommerce_single":["https:\/\/legitgrams.com\/wp-content\/uploads\/2024\/08\/5cakb48.gif",600,600,false],"woocommerce_gallery_thumbnail":["https:\/\/legitgrams.com\/wp-content\/uploads\/2024\/08\/5cakb48-100x100.gif",100,100,true]},"uagb_author_info":{"display_name":"cokeblog18","author_link":"https:\/\/legitgrams.com\/pl\/author\/"},"uagb_comment_info":0,"uagb_excerpt":"For Sale: 5C-AKB48 Powder 5C-AKB48 is based on indazoles and is also referred to as 5F-AKB48 (5F-APINACA). It is an effective component to use as best it can for a number of reasons because it is being developed from an amazing assortment of diverse substances. More interestingly, this component also contains receptors for cannabis agonists.&hellip;","_links":{"self":[{"href":"https:\/\/legitgrams.com\/pl\/wp-json\/wp\/v2\/product\/3264","targetHints":{"allow":["GET"]}}],"collection":[{"href":"https:\/\/legitgrams.com\/pl\/wp-json\/wp\/v2\/product"}],"about":[{"href":"https:\/\/legitgrams.com\/pl\/wp-json\/wp\/v2\/types\/product"}],"replies":[{"embeddable":true,"href":"https:\/\/legitgrams.com\/pl\/wp-json\/wp\/v2\/comments?post=3264"}],"wp:featuredmedia":[{"embeddable":true,"href":"https:\/\/legitgrams.com\/pl\/wp-json\/wp\/v2\/media\/3274"}],"wp:attachment":[{"href":"https:\/\/legitgrams.com\/pl\/wp-json\/wp\/v2\/media?parent=3264"}],"wp:term":[{"taxonomy":"product_brand","embeddable":true,"href":"https:\/\/legitgrams.com\/pl\/wp-json\/wp\/v2\/product_brand?post=3264"},{"taxonomy":"product_cat","embeddable":true,"href":"https:\/\/legitgrams.com\/pl\/wp-json\/wp\/v2\/product_cat?post=3264"},{"taxonomy":"product_tag","embeddable":true,"href":"https:\/\/legitgrams.com\/pl\/wp-json\/wp\/v2\/product_tag?post=3264"}],"curies":[{"name":"wp","href":"https:\/\/api.w.org\/{rel}","templated":true}]}}