{"id":3265,"date":"2024-08-03T05:27:18","date_gmt":"2024-08-03T05:27:18","guid":{"rendered":"https:\/\/cokebricks.com\/?post_type=product&#038;p=3265"},"modified":"2025-01-11T11:14:41","modified_gmt":"2025-01-11T11:14:41","slug":"5cadb-b","status":"publish","type":"product","link":"https:\/\/legitgrams.com\/pl\/produkt\/5cadb-b\/","title":{"rendered":"5Cadb-B"},"content":{"rendered":"<h2>5Cadb-b na sprzeda\u017c<\/h2>\n<p>Zakup <a href=\"https:\/\/legitgrams.com\/pl\/produkt\/5cadb-b\/\">5CADB-B Powder online<\/a> i otrzymaj darmow\u0105 wysy\u0142k\u0119 do innych kraj\u00f3w. Ten syntetyczny kannabinoid, oparty na indazolach, nale\u017cy do klasy indazolo-3-karboksamid\u00f3w. 5CADB-B jest r\u00f3wnie\u017c znany jako 5F-MDMB-PINACA. Jest sk\u0142adnikiem dopalaczy, czyli syntetycznych produkt\u00f3w konopnych sprzedawanych online.<\/p>\n<p>CAS: N\/A<br \/>\nN\/A is the formula.<br \/>\n99.7% purity min<br \/>\nWeight of molecules: N\/A<br \/>\nLook: Powder<\/p>\n<h3>Geneza 5CADB-B<\/h3>\n<p>By\u0107 mo\u017ce w listopadzie 2014 r. sekcje zw\u0142ok zmar\u0142ej osoby, kt\u00f3ra u\u017cywa\u0142a produktu zawieraj\u0105cego ten sk\u0142adnik, dostarczy\u0142y pierwszego dowodu na to. Co zaskakuj\u0105ce, testy przeprowadzone na dziesi\u0119ciu innych osobach, kt\u00f3rych zgony nie zosta\u0142y wyja\u015bnione, wykaza\u0142y, \u017ce przyczyn\u0105 ich \u015bmierci by\u0142a ta sama substancja. Wszystkie te zgony by\u0142y spowodowane przedawkowaniem. Mimo to, chocia\u017c <a href=\"https:\/\/en.wikipedia.org\/wiki\/ADB-BINACA\">5CADB-B<\/a> jest silnym agonist\u0105 receptora CB1, nie jest jasne, czy jest selektywny dla tego receptora. Ze wzgl\u0119du na niewiarygodnie niski wska\u017anik wykrywania w tkankach cia\u0142a, 5CADB-B uwa\u017ca si\u0119 za niewiarygodnie silny. Wydaje si\u0119 r\u00f3wnie\u017c, \u017ce jest bardziej toksyczny ni\u017c jakikolwiek inny produkt konopny, kt\u00f3ry by\u0142 wcze\u015bniej sprzedawany. Kup proszek 5CADB-B online i otrzymaj bezp\u0142atn\u0105 wysy\u0142k\u0119 w dowolne miejsce na \u015bwiecie.<\/p>\n<h3>5CADB-B jest u\u017cywany nielegalnie i rozpowszechniany w Internecie.<\/h3>\n<p>Na chwil\u0119 obecn\u0105 5f-adb nie ma zastosowa\u0144 komercyjnych ani leczniczych. Kilka syntetycznych produkt\u00f3w konopnych (5CADB-B), kt\u00f3re s\u0105 palone w celu uzyskania psychodelicznego haju, zawiera go. Dane dotycz\u0105ce konsumpcji konsumenckiej w USA i innych krajach s\u0105 sk\u0105pe. Poniewa\u017c centra kontroli zatru\u0107 nadal zg\u0142aszaj\u0105 s\u0142abe wyniki, stosowanie syntetycznej marihuany pozostaje problemem zdrowia publicznego i bezpiecze\u0144stwa. skutki dla zdrowia. W okresie od wrze\u015bnia 2014 r. do listopada 2014 r. w Japonii odnotowano kilka zgon\u00f3w z powodu przedawkowania. 5f-adb mo\u017cna kupi\u0107 online. Tutaj r\u00f3wnie\u017c mo\u017cna kupi\u0107 dobre RC. <a href=\"https:\/\/legitgrams.com\/pl\/\">LegitGrams<\/a><\/p>\n<h3>Klasyfikacja 5CADB-B i cechy farmakologiczne<\/h3>\n<p>Lek ten nale\u017cy do klasy indazoli. Struktura rdzenia indazolu, kt\u00f3ra jest podstaw\u0105 5F-ADB, zast\u0119puje pozycje 1 i 3 uk\u0142adu pier\u015bcieni indazolowych. Liniowy \u0142a\u0144cuch pi\u0119ciow\u0119glowy zajmuje miejsce pierwszej pozycji pi\u0119ciu F-ADB.<\/p>\n<p>uzupe\u0142niony atomem fluoru (F). Pozycja 3 jest zmieniana za pomoc\u0105 \u0142\u0105cznika amidowego, a atom azotu (N)<\/p>\n<p>Ten \u0142\u0105cznik jest uzupe\u0142niony o dodatkowe grupy 1-metoksy-3,3-dimetylo-1-oksobutan-2-ylowe. 5F-ADB wi\u0105\u017ce si\u0119 z receptorem CB1 i dzia\u0142a tam jako agonista, zgodnie z wynikami bada\u0144 przedklinicznych. W eksperymentach z rozr\u00f3\u017cnianiem lek\u00f3w na szczurach, 5CADB-B uog\u00f3lni\u0142o si\u0119 do delta9-tetrahydrokannabinolu, co skutkowa\u0142o subiektywnymi reakcjami podobnymi do reakcji THC.<\/p>","protected":false},"excerpt":{"rendered":"<p>5Cadb-b for Sale Purchase 5CADB-B Powder online and get free shipping to other countries. Based on indazoles, this synthetic cannabinoid is a member of the indazole-3-carboxamide class. 5CADB-B is also known as 5F-MDMB-PINACA. It has been a component of designer drugs, which are synthetic cannabis products sold online. CAS: N\/A N\/A is the formula. 99.7% &hellip;<\/p>\n<p class=\"read-more\"> <a class=\"\" href=\"https:\/\/legitgrams.com\/pl\/produkt\/5cadb-b\/\"> <span class=\"screen-reader-text\">5Cadb-B<\/span> Czytaj wi\u0119cej \"<\/a><\/p>","protected":false},"featured_media":3277,"comment_status":"open","ping_status":"closed","template":"","meta":{"_uag_custom_page_level_css":"","site-sidebar-layout":"default","site-content-layout":"default","ast-global-header-display":"","ast-main-header-display":"","ast-hfb-above-header-display":"","ast-hfb-below-header-display":"","ast-hfb-mobile-header-display":"","site-post-title":"","ast-breadcrumbs-content":"","ast-featured-img":"","footer-sml-layout":"","theme-transparent-header-meta":"default","adv-header-id-meta":"","stick-header-meta":"default","header-above-stick-meta":"","header-main-stick-meta":"","header-below-stick-meta":"","_joinchat":[]},"product_brand":[],"product_cat":[190],"product_tag":[459,460,447,237,461,238,239,240,241,242,462,250],"class_list":{"0":"post-3265","1":"product","2":"type-product","3":"status-publish","4":"has-post-thumbnail","6":"product_cat-cannabinoids","7":"product_tag-5-cl-adb-a","8":"product_tag-5cakb48","9":"product_tag-5f-mdmb-2201-psychonaut","10":"product_tag-5f-mdmb-2201","11":"product_tag-5f-mdmb-2201-cayman","12":"product_tag-5f-mdmb-2201-dosage","13":"product_tag-5f-mdmb-2201-opinie","14":"product_tag-5f-mdmb-2201-reddit","15":"product_tag-5f-mdmb-2201-review","16":"product_tag-5f-mdmb-2201-wiki","17":"product_tag-5fmdmb2201-5f-mdmb-2201-cannabinoid","18":"product_tag-5fmdmb2201-5f-mdmb-2201-kannabinoid","19":"desktop-align-left","20":"tablet-align-left","21":"mobile-align-left","22":"ast-product-gallery-layout-horizontal","23":"ast-product-gallery-with-no-image","24":"ast-product-single-variable","25":"ast-product-tabs-layout-horizontal","26":"ast-qv-on-image","28":"first","29":"instock","30":"shipping-taxable","31":"purchasable","32":"product-type-variable"},"yoast_head":"<!-- This site is optimized with the Yoast SEO plugin v25.9 - https:\/\/yoast.com\/wordpress\/plugins\/seo\/ -->\n<title>5Cadb-b for Sale - Buy 5Cadb-b Powder Online @ Low Price<\/title>\n<meta name=\"description\" content=\"Your requirement to buy 5Cadb-b powder online can be fulfilled at our online store as we have 5Cadb-b for sale here. Place your order and get affordable deals every day. Order Now!\" \/>\n<meta name=\"robots\" content=\"index, follow, max-snippet:-1, max-image-preview:large, max-video-preview:-1\" \/>\n<link rel=\"canonical\" href=\"https:\/\/legitgrams.com\/pl\/produkt\/5cadb-b\/\" \/>\n<meta property=\"og:locale\" content=\"pl_PL\" \/>\n<meta property=\"og:type\" content=\"article\" \/>\n<meta property=\"og:title\" content=\"5Cadb-b for Sale - Buy 5Cadb-b Powder Online @ Low Price\" \/>\n<meta property=\"og:description\" content=\"Your requirement to buy 5Cadb-b powder online can be fulfilled at our online store as we have 5Cadb-b for sale here. Place your order and get affordable deals every day. Order Now!\" \/>\n<meta property=\"og:url\" content=\"https:\/\/legitgrams.com\/pl\/produkt\/5cadb-b\/\" \/>\n<meta property=\"og:site_name\" content=\"Legit Grams\" \/>\n<meta property=\"article:modified_time\" content=\"2025-01-11T11:14:41+00:00\" \/>\n<meta property=\"og:image\" content=\"https:\/\/legitgrams.com\/wp-content\/uploads\/2024\/08\/5cadb-b.gif\" \/>\n\t<meta property=\"og:image:width\" content=\"600\" \/>\n\t<meta property=\"og:image:height\" content=\"600\" \/>\n\t<meta property=\"og:image:type\" content=\"image\/gif\" \/>\n<meta name=\"twitter:card\" content=\"summary_large_image\" \/>\n<meta name=\"twitter:label1\" content=\"Szacowany czas czytania\" \/>\n\t<meta name=\"twitter:data1\" content=\"2 minuty\" \/>\n<script type=\"application\/ld+json\" class=\"yoast-schema-graph\">{\"@context\":\"https:\/\/schema.org\",\"@graph\":[{\"@type\":\"WebPage\",\"@id\":\"https:\/\/legitgrams.com\/product\/5cadb-b\/\",\"url\":\"https:\/\/legitgrams.com\/product\/5cadb-b\/\",\"name\":\"5Cadb-b for Sale - Buy 5Cadb-b Powder Online @ Low Price\",\"isPartOf\":{\"@id\":\"https:\/\/legitgrams.com\/#website\"},\"primaryImageOfPage\":{\"@id\":\"https:\/\/legitgrams.com\/product\/5cadb-b\/#primaryimage\"},\"image\":{\"@id\":\"https:\/\/legitgrams.com\/product\/5cadb-b\/#primaryimage\"},\"thumbnailUrl\":\"https:\/\/legitgrams.com\/wp-content\/uploads\/2024\/08\/5cadb-b.gif\",\"datePublished\":\"2024-08-03T05:27:18+00:00\",\"dateModified\":\"2025-01-11T11:14:41+00:00\",\"description\":\"Your requirement to buy 5Cadb-b powder online can be fulfilled at our online store as we have 5Cadb-b for sale here. Place your order and get affordable deals every day. Order Now!\",\"breadcrumb\":{\"@id\":\"https:\/\/legitgrams.com\/product\/5cadb-b\/#breadcrumb\"},\"inLanguage\":\"pl-PL\",\"potentialAction\":[{\"@type\":\"ReadAction\",\"target\":[\"https:\/\/legitgrams.com\/product\/5cadb-b\/\"]}]},{\"@type\":\"ImageObject\",\"inLanguage\":\"pl-PL\",\"@id\":\"https:\/\/legitgrams.com\/product\/5cadb-b\/#primaryimage\",\"url\":\"https:\/\/legitgrams.com\/wp-content\/uploads\/2024\/08\/5cadb-b.gif\",\"contentUrl\":\"https:\/\/legitgrams.com\/wp-content\/uploads\/2024\/08\/5cadb-b.gif\",\"width\":600,\"height\":600,\"caption\":\"5Cadb-b for Sale\"},{\"@type\":\"BreadcrumbList\",\"@id\":\"https:\/\/legitgrams.com\/product\/5cadb-b\/#breadcrumb\",\"itemListElement\":[{\"@type\":\"ListItem\",\"position\":1,\"name\":\"Home\",\"item\":\"https:\/\/legitgrams.com\/\"},{\"@type\":\"ListItem\",\"position\":2,\"name\":\"Shop\",\"item\":\"https:\/\/legitgrams.com\/shop\/\"},{\"@type\":\"ListItem\",\"position\":3,\"name\":\"5Cadb-B\"}]},{\"@type\":\"WebSite\",\"@id\":\"https:\/\/legitgrams.com\/#website\",\"url\":\"https:\/\/legitgrams.com\/\",\"name\":\"Legit Grams\",\"description\":\"My WordPress Blog\",\"publisher\":{\"@id\":\"https:\/\/legitgrams.com\/#organization\"},\"potentialAction\":[{\"@type\":\"SearchAction\",\"target\":{\"@type\":\"EntryPoint\",\"urlTemplate\":\"https:\/\/legitgrams.com\/?s={search_term_string}\"},\"query-input\":{\"@type\":\"PropertyValueSpecification\",\"valueRequired\":true,\"valueName\":\"search_term_string\"}}],\"inLanguage\":\"pl-PL\"},{\"@type\":\"Organization\",\"@id\":\"https:\/\/legitgrams.com\/#organization\",\"name\":\"Legit Grams\",\"url\":\"https:\/\/legitgrams.com\/\",\"logo\":{\"@type\":\"ImageObject\",\"inLanguage\":\"pl-PL\",\"@id\":\"https:\/\/legitgrams.com\/#\/schema\/logo\/image\/\",\"url\":\"https:\/\/legitgrams.com\/wp-content\/uploads\/2024\/09\/main-logo.png\",\"contentUrl\":\"https:\/\/legitgrams.com\/wp-content\/uploads\/2024\/09\/main-logo.png\",\"width\":270,\"height\":75,\"caption\":\"Legit Grams\"},\"image\":{\"@id\":\"https:\/\/legitgrams.com\/#\/schema\/logo\/image\/\"}}]}<\/script>\n<!-- \/ Yoast SEO plugin. -->","yoast_head_json":{"title":"5Cadb-b na sprzeda\u017c - Kup proszek 5Cadb-b online w niskiej cenie","description":"Twoje wymagania dotycz\u0105ce zakupu 5Cadb-b w proszku online mog\u0105 zosta\u0107 spe\u0142nione w naszym sklepie internetowym, poniewa\u017c mamy 5Cadb-b na sprzeda\u017c tutaj. Z\u0142\u00f3\u017c zam\u00f3wienie i uzyskaj przyst\u0119pne oferty ka\u017cdego dnia. Zam\u00f3w teraz!","robots":{"index":"index","follow":"follow","max-snippet":"max-snippet:-1","max-image-preview":"max-image-preview:large","max-video-preview":"max-video-preview:-1"},"canonical":"https:\/\/legitgrams.com\/pl\/produkt\/5cadb-b\/","og_locale":"pl_PL","og_type":"article","og_title":"5Cadb-b for Sale - Buy 5Cadb-b Powder Online @ Low Price","og_description":"Your requirement to buy 5Cadb-b powder online can be fulfilled at our online store as we have 5Cadb-b for sale here. Place your order and get affordable deals every day. Order Now!","og_url":"https:\/\/legitgrams.com\/pl\/produkt\/5cadb-b\/","og_site_name":"Legit Grams","article_modified_time":"2025-01-11T11:14:41+00:00","og_image":[{"width":600,"height":600,"url":"https:\/\/legitgrams.com\/wp-content\/uploads\/2024\/08\/5cadb-b.gif","type":"image\/gif"}],"twitter_card":"summary_large_image","twitter_misc":{"Szacowany czas czytania":"2 minuty"},"schema":{"@context":"https:\/\/schema.org","@graph":[{"@type":"WebPage","@id":"https:\/\/legitgrams.com\/product\/5cadb-b\/","url":"https:\/\/legitgrams.com\/product\/5cadb-b\/","name":"5Cadb-b na sprzeda\u017c - Kup proszek 5Cadb-b online w niskiej cenie","isPartOf":{"@id":"https:\/\/legitgrams.com\/#website"},"primaryImageOfPage":{"@id":"https:\/\/legitgrams.com\/product\/5cadb-b\/#primaryimage"},"image":{"@id":"https:\/\/legitgrams.com\/product\/5cadb-b\/#primaryimage"},"thumbnailUrl":"https:\/\/legitgrams.com\/wp-content\/uploads\/2024\/08\/5cadb-b.gif","datePublished":"2024-08-03T05:27:18+00:00","dateModified":"2025-01-11T11:14:41+00:00","description":"Twoje wymagania dotycz\u0105ce zakupu 5Cadb-b w proszku online mog\u0105 zosta\u0107 spe\u0142nione w naszym sklepie internetowym, poniewa\u017c mamy 5Cadb-b na sprzeda\u017c tutaj. Z\u0142\u00f3\u017c zam\u00f3wienie i uzyskaj przyst\u0119pne oferty ka\u017cdego dnia. Zam\u00f3w teraz!","breadcrumb":{"@id":"https:\/\/legitgrams.com\/product\/5cadb-b\/#breadcrumb"},"inLanguage":"pl-PL","potentialAction":[{"@type":"ReadAction","target":["https:\/\/legitgrams.com\/product\/5cadb-b\/"]}]},{"@type":"ImageObject","inLanguage":"pl-PL","@id":"https:\/\/legitgrams.com\/product\/5cadb-b\/#primaryimage","url":"https:\/\/legitgrams.com\/wp-content\/uploads\/2024\/08\/5cadb-b.gif","contentUrl":"https:\/\/legitgrams.com\/wp-content\/uploads\/2024\/08\/5cadb-b.gif","width":600,"height":600,"caption":"5Cadb-b for Sale"},{"@type":"BreadcrumbList","@id":"https:\/\/legitgrams.com\/product\/5cadb-b\/#breadcrumb","itemListElement":[{"@type":"ListItem","position":1,"name":"Home","item":"https:\/\/legitgrams.com\/"},{"@type":"ListItem","position":2,"name":"Shop","item":"https:\/\/legitgrams.com\/shop\/"},{"@type":"ListItem","position":3,"name":"5Cadb-B"}]},{"@type":"WebSite","@id":"https:\/\/legitgrams.com\/#website","url":"https:\/\/legitgrams.com\/","name":"Legit Grams","description":"M\u00f3j blog WordPress","publisher":{"@id":"https:\/\/legitgrams.com\/#organization"},"potentialAction":[{"@type":"SearchAction","target":{"@type":"EntryPoint","urlTemplate":"https:\/\/legitgrams.com\/?s={search_term_string}"},"query-input":{"@type":"PropertyValueSpecification","valueRequired":true,"valueName":"search_term_string"}}],"inLanguage":"pl-PL"},{"@type":"Organization","@id":"https:\/\/legitgrams.com\/#organization","name":"Legit Grams","url":"https:\/\/legitgrams.com\/","logo":{"@type":"ImageObject","inLanguage":"pl-PL","@id":"https:\/\/legitgrams.com\/#\/schema\/logo\/image\/","url":"https:\/\/legitgrams.com\/wp-content\/uploads\/2024\/09\/main-logo.png","contentUrl":"https:\/\/legitgrams.com\/wp-content\/uploads\/2024\/09\/main-logo.png","width":270,"height":75,"caption":"Legit Grams"},"image":{"@id":"https:\/\/legitgrams.com\/#\/schema\/logo\/image\/"}}]}},"uagb_featured_image_src":{"full":["https:\/\/legitgrams.com\/wp-content\/uploads\/2024\/08\/5cadb-b.gif",600,600,false],"thumbnail":["https:\/\/legitgrams.com\/wp-content\/uploads\/2024\/08\/5cadb-b-150x150.gif",150,150,true],"medium":["https:\/\/legitgrams.com\/wp-content\/uploads\/2024\/08\/5cadb-b-300x300.gif",300,300,true],"medium_large":["https:\/\/legitgrams.com\/wp-content\/uploads\/2024\/08\/5cadb-b.gif",600,600,false],"large":["https:\/\/legitgrams.com\/wp-content\/uploads\/2024\/08\/5cadb-b.gif",600,600,false],"1536x1536":["https:\/\/legitgrams.com\/wp-content\/uploads\/2024\/08\/5cadb-b.gif",600,600,false],"2048x2048":["https:\/\/legitgrams.com\/wp-content\/uploads\/2024\/08\/5cadb-b.gif",600,600,false],"trp-custom-language-flag":["https:\/\/legitgrams.com\/wp-content\/uploads\/2024\/08\/5cadb-b-12x12.gif",12,12,true],"woocommerce_thumbnail":["https:\/\/legitgrams.com\/wp-content\/uploads\/2024\/08\/5cadb-b-300x300.gif",300,300,true],"woocommerce_single":["https:\/\/legitgrams.com\/wp-content\/uploads\/2024\/08\/5cadb-b.gif",600,600,false],"woocommerce_gallery_thumbnail":["https:\/\/legitgrams.com\/wp-content\/uploads\/2024\/08\/5cadb-b-100x100.gif",100,100,true]},"uagb_author_info":{"display_name":"cokeblog18","author_link":"https:\/\/legitgrams.com\/pl\/author\/"},"uagb_comment_info":0,"uagb_excerpt":"5Cadb-b for Sale Purchase 5CADB-B Powder online and get free shipping to other countries. Based on indazoles, this synthetic cannabinoid is a member of the indazole-3-carboxamide class. 5CADB-B is also known as 5F-MDMB-PINACA. It has been a component of designer drugs, which are synthetic cannabis products sold online. CAS: N\/A N\/A is the formula. 99.7%&hellip;","_links":{"self":[{"href":"https:\/\/legitgrams.com\/pl\/wp-json\/wp\/v2\/product\/3265","targetHints":{"allow":["GET"]}}],"collection":[{"href":"https:\/\/legitgrams.com\/pl\/wp-json\/wp\/v2\/product"}],"about":[{"href":"https:\/\/legitgrams.com\/pl\/wp-json\/wp\/v2\/types\/product"}],"replies":[{"embeddable":true,"href":"https:\/\/legitgrams.com\/pl\/wp-json\/wp\/v2\/comments?post=3265"}],"wp:featuredmedia":[{"embeddable":true,"href":"https:\/\/legitgrams.com\/pl\/wp-json\/wp\/v2\/media\/3277"}],"wp:attachment":[{"href":"https:\/\/legitgrams.com\/pl\/wp-json\/wp\/v2\/media?parent=3265"}],"wp:term":[{"taxonomy":"product_brand","embeddable":true,"href":"https:\/\/legitgrams.com\/pl\/wp-json\/wp\/v2\/product_brand?post=3265"},{"taxonomy":"product_cat","embeddable":true,"href":"https:\/\/legitgrams.com\/pl\/wp-json\/wp\/v2\/product_cat?post=3265"},{"taxonomy":"product_tag","embeddable":true,"href":"https:\/\/legitgrams.com\/pl\/wp-json\/wp\/v2\/product_tag?post=3265"}],"curies":[{"name":"wp","href":"https:\/\/api.w.org\/{rel}","templated":true}]}}