{"id":3282,"date":"2024-08-03T05:38:35","date_gmt":"2024-08-03T05:38:35","guid":{"rendered":"https:\/\/cokebricks.com\/?post_type=product&#038;p=3282"},"modified":"2025-01-11T11:43:35","modified_gmt":"2025-01-11T11:43:35","slug":"5f-akb","status":"publish","type":"product","link":"https:\/\/legitgrams.com\/pl\/produkt\/5f-akb\/","title":{"rendered":"5f-AKB"},"content":{"rendered":"<h2>Sprzeda\u017c proszku 5F-AKB<\/h2>\n<p><a href=\"https:\/\/legitgrams.com\/pl\/produkt\/5f-akb\/\">Kup 5F-AKB48 online<\/a>. Ten silny szczep AKB-48 wchodzi w interakcje z receptorami kannabinoidowymi i jest kluczowym sk\u0142adnikiem wielu syntetycznych mieszanek konopi. Poniewa\u017c zawiera podstawiony indazol, 5F-AKB48, czasami okre\u015blany jako N-(adamantan-1-yl)-1-(5-fluoropentylo)-1H-indazolo-3-karboksyamid, jest syntetycznym indazolowym kannabinoidem.<\/p>\n<p>Podobnie jak w przypadku 5F-PB-22, ta reszta indazolu jest przekszta\u0142cana w \u0142a\u0144cuch fluoropentylowy w R1. Dodatkowo, grupa karboksyamidowa jest dodawana do indazolu w pozycji R3. Ko\u0144cowa grupa aminowa tej grupy karboksyamidowej ma grup\u0119 adamantanow\u0105 N-podstawion\u0105 ni\u0105. Diamentoid, unikalna struktura tej grupy, sk\u0142ada si\u0119 z czterech skondensowanych pier\u015bcieni cykloheksanowych. Zasada indazolowa jest u\u017cywana do zast\u0105pienia g\u0142\u00f3wnej struktury indolu w 5F-AKB48, homologu STS-135. <a href=\"https:\/\/legitgrams.com\/pl\/\">LegitGrams<\/a><\/p>\n<p>Buy the <a href=\"https:\/\/en.wikipedia.org\/wiki\/5F-APINACA\">5F-AKB48<\/a> online z 5F-AKB48 online. Chocia\u017c 5F-AKB48 nie zosta\u0142 dok\u0142adnie zbadany, badania strukturalne sugeruj\u0105, \u017ce dzieli wiele cech in vivo \u03949-THC i ma profil wi\u0105zania podobny do innych kannabinoid\u00f3w. Jednak jak te interakcje dzia\u0142aj\u0105 i jak przyczyniaj\u0105 si\u0119 do b\u0142ogo\u015bci, kt\u00f3r\u0105 wytwarzaj\u0105 konopie, nie s\u0105 jeszcze znane.<\/p>\n<p>Kup 5F-AKB48 online. Na podstawie subiektywnego wska\u017anika wp\u0142ywu i indywidualnych do\u015bwiadcze\u0144 wsp\u00f3\u0142pracownik\u00f3w PsychonautWiki, wp\u0142ywy s\u0105 opisane poni\u017cej. Wy\u017csze dawki maj\u0105 wi\u0119ksze prawdopodobie\u0144stwo wywo\u0142ania pe\u0142nego zakresu efekt\u00f3w, ale wa\u017cne jest, aby pami\u0119ta\u0107, \u017ce efekty te rzadko, je\u015bli w og\u00f3le, wyst\u0119puj\u0105 jednocze\u015bnie i nale\u017cy zachowa\u0107 ostro\u017cno\u015b\u0107.<\/p>\n<p>5C-AKB48 nadaje si\u0119 do podobnych bada\u0144 nad tym, jak zakazane agonisty wp\u0142ywaj\u0105 na receptory CB2. BAC oferuje. Kup 5F-AKB48 online. Nasz wysoko wykwalifikowany zesp\u00f3\u0142 badawczo-rozwojowy i surowe procedury kontroli jako\u015bci pozwalaj\u0105 nam zagwarantowa\u0107, \u017ce ka\u017cde zam\u00f3wienie b\u0119dzie skutkowa\u0107 dostaw\u0105 najwy\u017cszej jako\u015bci artyku\u0142\u00f3w do dowolnego miejsca na \u015bwiecie. Zawsze stawiaj na pierwszym miejscu swoj\u0105 reputacj\u0119 i klient\u00f3w. Ze wzgl\u0119du na nasz\u0105 doskona\u0142\u0105 reputacj\u0119 i jako\u015b\u0107 kontrolujemy rynek.<\/p>\n<p>Robimy wi\u0119cej ni\u017c tylko dajemy naszym klientom uczciwe ceny za towary, kt\u00f3re kupuj\u0105. Mo\u017cemy by\u0107 w stanie stworzy\u0107 owocn\u0105, d\u0142ugotrwa\u0142\u0105 wsp\u00f3\u0142prac\u0119, je\u015bli b\u0119dziemy posiada\u0107 wyj\u0105tkow\u0105 jako\u015b\u0107, konkurencyjne koszty i wiarygodno\u015b\u0107.<\/p>\n<p>5F-AKB48 mo\u017cna zam\u00f3wi\u0107 online. Naszym celem jest zapewnienie najszerszego wyboru wysokiej jako\u015bci chemikali\u00f3w badawczych, CBD, produkt\u00f3w z dodatkiem CBD i soli, ze szczeg\u00f3lnym uwzgl\u0119dnieniem ich wyj\u0105tkowej jako\u015bci, wyj\u0105tkowej warto\u015bci i naszej pierwszorz\u0119dnej obs\u0142ugi klienta. Poniewa\u017c szczerze wierzymy, \u017ce zadowolenie naszych klient\u00f3w jest kluczowe dla sukcesu naszej firmy, dok\u0142adamy wszelkich stara\u0144, aby pom\u00f3c im w ka\u017cdy mo\u017cliwy spos\u00f3b.<\/p>","protected":false},"excerpt":{"rendered":"<p>Sale of 5F-AKB Powder Buy 5F-AKB48 online. This potent strain of AKB-48 interacts with cannabinoid receptors and is a key ingredient in many synthetic cannabis mixtures. Because it contains a substituted indazole group, 5F-AKB48, sometimes referred to as N-(adamantan-1-yl)-1-(5-fluoropentyl)-1H-indazole-3-carboxamide, is a synthetic indazole cannabinoid. Similar to 5F-PB-22, this indazole residue is converted to a fluoropentyl &hellip;<\/p>\n<p class=\"read-more\"> <a class=\"\" href=\"https:\/\/legitgrams.com\/pl\/produkt\/5f-akb\/\"> <span class=\"screen-reader-text\">5f-AKB<\/span> Czytaj wi\u0119cej \"<\/a><\/p>","protected":false},"featured_media":3291,"comment_status":"open","ping_status":"closed","template":"","meta":{"_uag_custom_page_level_css":"","site-sidebar-layout":"default","site-content-layout":"default","ast-global-header-display":"","ast-main-header-display":"","ast-hfb-above-header-display":"","ast-hfb-below-header-display":"","ast-hfb-mobile-header-display":"","site-post-title":"","ast-breadcrumbs-content":"","ast-featured-img":"","footer-sml-layout":"","theme-transparent-header-meta":"default","adv-header-id-meta":"","stick-header-meta":"default","header-above-stick-meta":"","header-main-stick-meta":"","header-below-stick-meta":"","_joinchat":[]},"product_brand":[],"product_cat":[190],"product_tag":[428,427,426,429,430,424,425],"class_list":{"0":"post-3282","1":"product","2":"type-product","3":"status-publish","4":"has-post-thumbnail","6":"product_cat-cannabinoids","7":"product_tag-5f-akb-cannabinoids-for-sale","8":"product_tag-5f-akb-crystals-for-sale","9":"product_tag-5f-akb-for-sale","10":"product_tag-5f-akb-for-sale-online","11":"product_tag-5f-akb-powder-for-sale","12":"product_tag-buy-5f-akb","13":"product_tag-buy-5f-akb-crystals-online","14":"desktop-align-left","15":"tablet-align-left","16":"mobile-align-left","17":"ast-product-gallery-layout-horizontal","18":"ast-product-gallery-with-no-image","19":"ast-product-single-variable","20":"ast-product-tabs-layout-horizontal","21":"ast-qv-on-image","23":"first","24":"instock","25":"shipping-taxable","26":"purchasable","27":"product-type-variable"},"yoast_head":"<!-- This site is optimized with the Yoast SEO plugin v25.9 - https:\/\/yoast.com\/wordpress\/plugins\/seo\/ -->\n<title>5F-AKB Powder for Sale - Buy 5F-AKB Online @ Cheap Price<\/title>\n<meta name=\"description\" content=\"It is the best time to visit our online store and buy 5F-AKB powder online. We have high-quality 5F-AKB for sale here at most affordable price. Place Your Order Today!\" \/>\n<meta name=\"robots\" content=\"index, follow, max-snippet:-1, max-image-preview:large, max-video-preview:-1\" \/>\n<link rel=\"canonical\" href=\"https:\/\/legitgrams.com\/pl\/produkt\/5f-akb\/\" \/>\n<meta property=\"og:locale\" content=\"pl_PL\" \/>\n<meta property=\"og:type\" content=\"article\" \/>\n<meta property=\"og:title\" content=\"5F-AKB Powder for Sale - Buy 5F-AKB Online @ Cheap Price\" \/>\n<meta property=\"og:description\" content=\"It is the best time to visit our online store and buy 5F-AKB powder online. We have high-quality 5F-AKB for sale here at most affordable price. Place Your Order Today!\" \/>\n<meta property=\"og:url\" content=\"https:\/\/legitgrams.com\/pl\/produkt\/5f-akb\/\" \/>\n<meta property=\"og:site_name\" content=\"Legit Grams\" \/>\n<meta property=\"article:modified_time\" content=\"2025-01-11T11:43:35+00:00\" \/>\n<meta property=\"og:image\" content=\"https:\/\/legitgrams.com\/wp-content\/uploads\/2024\/08\/5f-AEB.gif\" \/>\n\t<meta property=\"og:image:width\" content=\"600\" \/>\n\t<meta property=\"og:image:height\" content=\"600\" \/>\n\t<meta property=\"og:image:type\" content=\"image\/gif\" \/>\n<meta name=\"twitter:card\" content=\"summary_large_image\" \/>\n<meta name=\"twitter:label1\" content=\"Szacowany czas czytania\" \/>\n\t<meta name=\"twitter:data1\" content=\"2 minuty\" \/>\n<script type=\"application\/ld+json\" class=\"yoast-schema-graph\">{\"@context\":\"https:\/\/schema.org\",\"@graph\":[{\"@type\":\"WebPage\",\"@id\":\"https:\/\/legitgrams.com\/product\/5f-akb\/\",\"url\":\"https:\/\/legitgrams.com\/product\/5f-akb\/\",\"name\":\"5F-AKB Powder for Sale - Buy 5F-AKB Online @ Cheap Price\",\"isPartOf\":{\"@id\":\"https:\/\/legitgrams.com\/#website\"},\"primaryImageOfPage\":{\"@id\":\"https:\/\/legitgrams.com\/product\/5f-akb\/#primaryimage\"},\"image\":{\"@id\":\"https:\/\/legitgrams.com\/product\/5f-akb\/#primaryimage\"},\"thumbnailUrl\":\"https:\/\/legitgrams.com\/wp-content\/uploads\/2024\/08\/5f-AEB.gif\",\"datePublished\":\"2024-08-03T05:38:35+00:00\",\"dateModified\":\"2025-01-11T11:43:35+00:00\",\"description\":\"It is the best time to visit our online store and buy 5F-AKB powder online. We have high-quality 5F-AKB for sale here at most affordable price. Place Your Order Today!\",\"breadcrumb\":{\"@id\":\"https:\/\/legitgrams.com\/product\/5f-akb\/#breadcrumb\"},\"inLanguage\":\"pl-PL\",\"potentialAction\":[{\"@type\":\"ReadAction\",\"target\":[\"https:\/\/legitgrams.com\/product\/5f-akb\/\"]}]},{\"@type\":\"ImageObject\",\"inLanguage\":\"pl-PL\",\"@id\":\"https:\/\/legitgrams.com\/product\/5f-akb\/#primaryimage\",\"url\":\"https:\/\/legitgrams.com\/wp-content\/uploads\/2024\/08\/5f-AEB.gif\",\"contentUrl\":\"https:\/\/legitgrams.com\/wp-content\/uploads\/2024\/08\/5f-AEB.gif\",\"width\":600,\"height\":600,\"caption\":\"5F-AKB Powder for Sale\"},{\"@type\":\"BreadcrumbList\",\"@id\":\"https:\/\/legitgrams.com\/product\/5f-akb\/#breadcrumb\",\"itemListElement\":[{\"@type\":\"ListItem\",\"position\":1,\"name\":\"Home\",\"item\":\"https:\/\/legitgrams.com\/\"},{\"@type\":\"ListItem\",\"position\":2,\"name\":\"Shop\",\"item\":\"https:\/\/legitgrams.com\/shop\/\"},{\"@type\":\"ListItem\",\"position\":3,\"name\":\"5f-AKB\"}]},{\"@type\":\"WebSite\",\"@id\":\"https:\/\/legitgrams.com\/#website\",\"url\":\"https:\/\/legitgrams.com\/\",\"name\":\"Legit Grams\",\"description\":\"My WordPress Blog\",\"publisher\":{\"@id\":\"https:\/\/legitgrams.com\/#organization\"},\"potentialAction\":[{\"@type\":\"SearchAction\",\"target\":{\"@type\":\"EntryPoint\",\"urlTemplate\":\"https:\/\/legitgrams.com\/?s={search_term_string}\"},\"query-input\":{\"@type\":\"PropertyValueSpecification\",\"valueRequired\":true,\"valueName\":\"search_term_string\"}}],\"inLanguage\":\"pl-PL\"},{\"@type\":\"Organization\",\"@id\":\"https:\/\/legitgrams.com\/#organization\",\"name\":\"Legit Grams\",\"url\":\"https:\/\/legitgrams.com\/\",\"logo\":{\"@type\":\"ImageObject\",\"inLanguage\":\"pl-PL\",\"@id\":\"https:\/\/legitgrams.com\/#\/schema\/logo\/image\/\",\"url\":\"https:\/\/legitgrams.com\/wp-content\/uploads\/2024\/09\/main-logo.png\",\"contentUrl\":\"https:\/\/legitgrams.com\/wp-content\/uploads\/2024\/09\/main-logo.png\",\"width\":270,\"height\":75,\"caption\":\"Legit Grams\"},\"image\":{\"@id\":\"https:\/\/legitgrams.com\/#\/schema\/logo\/image\/\"}}]}<\/script>\n<!-- \/ Yoast SEO plugin. -->","yoast_head_json":{"title":"5F-AKB Proszek na sprzeda\u017c - Kup 5F-AKB Online @ Niska cena","description":"To najlepszy czas, aby odwiedzi\u0107 nasz sklep internetowy i kupi\u0107 proszek 5F-AKB online. Mamy wysokiej jako\u015bci 5F-AKB na sprzeda\u017c tutaj w najbardziej przyst\u0119pnej cenie. Z\u0142\u00f3\u017c zam\u00f3wienie ju\u017c dzi\u015b!","robots":{"index":"index","follow":"follow","max-snippet":"max-snippet:-1","max-image-preview":"max-image-preview:large","max-video-preview":"max-video-preview:-1"},"canonical":"https:\/\/legitgrams.com\/pl\/produkt\/5f-akb\/","og_locale":"pl_PL","og_type":"article","og_title":"5F-AKB Powder for Sale - Buy 5F-AKB Online @ Cheap Price","og_description":"It is the best time to visit our online store and buy 5F-AKB powder online. We have high-quality 5F-AKB for sale here at most affordable price. Place Your Order Today!","og_url":"https:\/\/legitgrams.com\/pl\/produkt\/5f-akb\/","og_site_name":"Legit Grams","article_modified_time":"2025-01-11T11:43:35+00:00","og_image":[{"width":600,"height":600,"url":"https:\/\/legitgrams.com\/wp-content\/uploads\/2024\/08\/5f-AEB.gif","type":"image\/gif"}],"twitter_card":"summary_large_image","twitter_misc":{"Szacowany czas czytania":"2 minuty"},"schema":{"@context":"https:\/\/schema.org","@graph":[{"@type":"WebPage","@id":"https:\/\/legitgrams.com\/product\/5f-akb\/","url":"https:\/\/legitgrams.com\/product\/5f-akb\/","name":"5F-AKB Proszek na sprzeda\u017c - Kup 5F-AKB Online @ Niska cena","isPartOf":{"@id":"https:\/\/legitgrams.com\/#website"},"primaryImageOfPage":{"@id":"https:\/\/legitgrams.com\/product\/5f-akb\/#primaryimage"},"image":{"@id":"https:\/\/legitgrams.com\/product\/5f-akb\/#primaryimage"},"thumbnailUrl":"https:\/\/legitgrams.com\/wp-content\/uploads\/2024\/08\/5f-AEB.gif","datePublished":"2024-08-03T05:38:35+00:00","dateModified":"2025-01-11T11:43:35+00:00","description":"To najlepszy czas, aby odwiedzi\u0107 nasz sklep internetowy i kupi\u0107 proszek 5F-AKB online. Mamy wysokiej jako\u015bci 5F-AKB na sprzeda\u017c tutaj w najbardziej przyst\u0119pnej cenie. Z\u0142\u00f3\u017c zam\u00f3wienie ju\u017c dzi\u015b!","breadcrumb":{"@id":"https:\/\/legitgrams.com\/product\/5f-akb\/#breadcrumb"},"inLanguage":"pl-PL","potentialAction":[{"@type":"ReadAction","target":["https:\/\/legitgrams.com\/product\/5f-akb\/"]}]},{"@type":"ImageObject","inLanguage":"pl-PL","@id":"https:\/\/legitgrams.com\/product\/5f-akb\/#primaryimage","url":"https:\/\/legitgrams.com\/wp-content\/uploads\/2024\/08\/5f-AEB.gif","contentUrl":"https:\/\/legitgrams.com\/wp-content\/uploads\/2024\/08\/5f-AEB.gif","width":600,"height":600,"caption":"5F-AKB Powder for Sale"},{"@type":"BreadcrumbList","@id":"https:\/\/legitgrams.com\/product\/5f-akb\/#breadcrumb","itemListElement":[{"@type":"ListItem","position":1,"name":"Home","item":"https:\/\/legitgrams.com\/"},{"@type":"ListItem","position":2,"name":"Shop","item":"https:\/\/legitgrams.com\/shop\/"},{"@type":"ListItem","position":3,"name":"5f-AKB"}]},{"@type":"WebSite","@id":"https:\/\/legitgrams.com\/#website","url":"https:\/\/legitgrams.com\/","name":"Legit Grams","description":"M\u00f3j blog WordPress","publisher":{"@id":"https:\/\/legitgrams.com\/#organization"},"potentialAction":[{"@type":"SearchAction","target":{"@type":"EntryPoint","urlTemplate":"https:\/\/legitgrams.com\/?s={search_term_string}"},"query-input":{"@type":"PropertyValueSpecification","valueRequired":true,"valueName":"search_term_string"}}],"inLanguage":"pl-PL"},{"@type":"Organization","@id":"https:\/\/legitgrams.com\/#organization","name":"Legit Grams","url":"https:\/\/legitgrams.com\/","logo":{"@type":"ImageObject","inLanguage":"pl-PL","@id":"https:\/\/legitgrams.com\/#\/schema\/logo\/image\/","url":"https:\/\/legitgrams.com\/wp-content\/uploads\/2024\/09\/main-logo.png","contentUrl":"https:\/\/legitgrams.com\/wp-content\/uploads\/2024\/09\/main-logo.png","width":270,"height":75,"caption":"Legit Grams"},"image":{"@id":"https:\/\/legitgrams.com\/#\/schema\/logo\/image\/"}}]}},"uagb_featured_image_src":{"full":["https:\/\/legitgrams.com\/wp-content\/uploads\/2024\/08\/5f-AEB.gif",600,600,false],"thumbnail":["https:\/\/legitgrams.com\/wp-content\/uploads\/2024\/08\/5f-AEB-150x150.gif",150,150,true],"medium":["https:\/\/legitgrams.com\/wp-content\/uploads\/2024\/08\/5f-AEB-300x300.gif",300,300,true],"medium_large":["https:\/\/legitgrams.com\/wp-content\/uploads\/2024\/08\/5f-AEB.gif",600,600,false],"large":["https:\/\/legitgrams.com\/wp-content\/uploads\/2024\/08\/5f-AEB.gif",600,600,false],"1536x1536":["https:\/\/legitgrams.com\/wp-content\/uploads\/2024\/08\/5f-AEB.gif",600,600,false],"2048x2048":["https:\/\/legitgrams.com\/wp-content\/uploads\/2024\/08\/5f-AEB.gif",600,600,false],"trp-custom-language-flag":["https:\/\/legitgrams.com\/wp-content\/uploads\/2024\/08\/5f-AEB-12x12.gif",12,12,true],"woocommerce_thumbnail":["https:\/\/legitgrams.com\/wp-content\/uploads\/2024\/08\/5f-AEB-300x300.gif",300,300,true],"woocommerce_single":["https:\/\/legitgrams.com\/wp-content\/uploads\/2024\/08\/5f-AEB.gif",600,600,false],"woocommerce_gallery_thumbnail":["https:\/\/legitgrams.com\/wp-content\/uploads\/2024\/08\/5f-AEB-100x100.gif",100,100,true]},"uagb_author_info":{"display_name":"cokeblog18","author_link":"https:\/\/legitgrams.com\/pl\/author\/"},"uagb_comment_info":0,"uagb_excerpt":"Sale of 5F-AKB Powder Buy 5F-AKB48 online. This potent strain of AKB-48 interacts with cannabinoid receptors and is a key ingredient in many synthetic cannabis mixtures. Because it contains a substituted indazole group, 5F-AKB48, sometimes referred to as N-(adamantan-1-yl)-1-(5-fluoropentyl)-1H-indazole-3-carboxamide, is a synthetic indazole cannabinoid. Similar to 5F-PB-22, this indazole residue is converted to a fluoropentyl&hellip;","_links":{"self":[{"href":"https:\/\/legitgrams.com\/pl\/wp-json\/wp\/v2\/product\/3282","targetHints":{"allow":["GET"]}}],"collection":[{"href":"https:\/\/legitgrams.com\/pl\/wp-json\/wp\/v2\/product"}],"about":[{"href":"https:\/\/legitgrams.com\/pl\/wp-json\/wp\/v2\/types\/product"}],"replies":[{"embeddable":true,"href":"https:\/\/legitgrams.com\/pl\/wp-json\/wp\/v2\/comments?post=3282"}],"wp:featuredmedia":[{"embeddable":true,"href":"https:\/\/legitgrams.com\/pl\/wp-json\/wp\/v2\/media\/3291"}],"wp:attachment":[{"href":"https:\/\/legitgrams.com\/pl\/wp-json\/wp\/v2\/media?parent=3282"}],"wp:term":[{"taxonomy":"product_brand","embeddable":true,"href":"https:\/\/legitgrams.com\/pl\/wp-json\/wp\/v2\/product_brand?post=3282"},{"taxonomy":"product_cat","embeddable":true,"href":"https:\/\/legitgrams.com\/pl\/wp-json\/wp\/v2\/product_cat?post=3282"},{"taxonomy":"product_tag","embeddable":true,"href":"https:\/\/legitgrams.com\/pl\/wp-json\/wp\/v2\/product_tag?post=3282"}],"curies":[{"name":"wp","href":"https:\/\/api.w.org\/{rel}","templated":true}]}}