{"id":3285,"date":"2024-08-03T05:38:52","date_gmt":"2024-08-03T05:38:52","guid":{"rendered":"https:\/\/cokebricks.com\/?post_type=product&#038;p=3285"},"modified":"2025-01-14T10:19:07","modified_gmt":"2025-01-14T10:19:07","slug":"neh","status":"publish","type":"product","link":"https:\/\/legitgrams.com\/pl\/produkt\/neh\/","title":{"rendered":"NEH"},"content":{"rendered":"<h2>Kup proszek NEH online.<\/h2>\n<p>Kup NEH Powder to najwy\u017cszej jako\u015bci \u015brodek chemiczny do bada\u0144, kt\u00f3ry mo\u017cna kupi\u0107 online. Renomowany sprzedawca internetowy LegitGrams.com oferuje NDH Powder w obni\u017conej cenie.<\/p>\n<p>Z wielk\u0105 przyjemno\u015bci\u0105, Coke Bricks przedstawia <a href=\"https:\/\/en.wikipedia.org\/wiki\/Neh\">NEH<\/a> proszek, kt\u00f3ry jest dostarczany wy\u0142\u0105cznie do cel\u00f3w badawczych i nie powinien by\u0107 stosowany do diagnostyki in vivo, \u017cywno\u015bci, lek\u00f3w, sprz\u0119tu medycznego ani kosmetyk\u00f3w dla ludzi lub zwierz\u0105t.<\/p>\n<p>Przed zakupem tego produktu upewnij si\u0119, \u017ce posiadasz sprz\u0119t niezb\u0119dny do pracy z chemikaliami badawczymi i \u017ce w Twoim miejscu pracy jest wystarczaj\u0105ca wentylacja.<\/p>\n<p>Osiemna\u015bcie lat to minimalny wiek wymagany do zam\u00f3wienia tego produktu.<\/p>\n<p><a href=\"https:\/\/legitgrams.com\/pl\/produkt\/neh\/\">Proszek NEH<\/a> jest dozwolone w kraju, z kt\u00f3rego pochodzimy. U\u017cytkownik ponosi odpowiedzialno\u015b\u0107 za znajomo\u015b\u0107 i przestrzeganie przepis\u00f3w obowi\u0105zuj\u0105cych w jego kraju. Nie ponosimy odpowiedzialno\u015bci za jakiekolwiek dzia\u0142ania lub skutki wynikaj\u0105ce z zakupu lub korzystania z tego produktu.<\/p>\n<p><strong>T\u0142o kulturowe i historyczne<\/strong><\/p>\n<p>W listopadzie 2015 r. JRC otrzyma\u0142o od belgijskiego laboratorium celnego pr\u00f3bk\u0119 zawieraj\u0105c\u0105 <a href=\"https:\/\/en.wikipedia.org\/wiki\/Neh\">N-etyloheksedron<\/a>kt\u00f3ry zosta\u0142 pocz\u0105tkowo rozpoznany. JRC wykry\u0142o j\u0105 w pr\u00f3bce przekazanej przez francuskie s\u0142u\u017cby celne w styczniu 2016 roku. P\u00f3\u017aniej, w lutym 2016 r., powiadomienia o identyfikacji tej substancji zosta\u0142y przes\u0142ane do EMCDDA przez inne kraje, w tym S\u0142oweni\u0119, Szwecj\u0119, Holandi\u0119, Francj\u0119 i Belgi\u0119.<\/p>\n<h3>Chemia<\/h3>\n<p>Jedn\u0105 z cz\u0105steczek nale\u017c\u0105cych do klasy chemicznej katynonu jest n-etyloheksedron. \"Podstawiony katynon\" to og\u00f3lny termin okre\u015blaj\u0105cy r\u00f3\u017cne zwi\u0105zki pochodz\u0105ce od katynonu, g\u0142\u00f3wnego sk\u0142adnika aktywnego ro\u015bliny khat. Podstawowymi sk\u0142adnikami katynonu s\u0105 grupa tlenowa zwi\u0105zana z atomem w\u0119gla beta i j\u0105dro amfetaminy, kt\u00f3re jest j\u0105drem fenyloetyloaminy z grup\u0105 alkilow\u0105 po\u0142\u0105czon\u0105 z atomem w\u0119gla alfa. Katynony s\u0105 czasami okre\u015blane jako beta-ketonowe (\u03b2k) odpowiedniki amfetamin (podw\u00f3jnie zwi\u0105zany tlen przy atomie w\u0119gla \u03b2). <a href=\"https:\/\/legitgrams.com\/pl\/\">LegitGrams<\/a><\/p>\n<p>W szczeg\u00f3lno\u015bci istniej\u0105 trzy r\u00f3\u017cne miejsca na szkielecie katynonu, w kt\u00f3rych mo\u017cna dokonywa\u0107 modyfikacji w celu tworzenia setek r\u00f3\u017cnych zwi\u0105zk\u00f3w, w tym podstawnik\u00f3w, takich jak<\/p>\n<p>grupy aminowej, w\u0119gla alfa lub pier\u015bcienia aromatycznego.<\/p>\n<h3>narkotyki<\/h3>\n<p>Nie jest dobrze znane, w jaki spos\u00f3b n-etyloheksetron i inne podstawione katynony wp\u0142ywaj\u0105 na farmakokinetyk\u0119 i farmakodynamik\u0119 u ludzi. Poprzez zwi\u0119kszanie poziomu katecholamin, takich jak dopamina, serotonina i noradrenalina w synapsach, syntetyczne katynony, takie jak amfetaminy, dzia\u0142aj\u0105 jako stymulanty i sympatykomimetyki. Poprzez blokowanie transporter\u00f3w wychwytu zwrotnego monoamin, substancje te mog\u0105 zmniejszy\u0107 ilo\u015b\u0107 neuroprzeka\u017anik\u00f3w usuwanych z synaps. Ponadto posiadaj\u0105 zdolno\u015b\u0107 inicjowania uwalniania wewn\u0105trzkom\u00f3rkowych zapas\u00f3w amin biogennych.<\/p>\n<p>Syntetyczne katynony cz\u0119sto maj\u0105 ni\u017cszy wsp\u00f3\u0142czynnik przenikania przez barier\u0119 krew-m\u00f3zg ni\u017c amfetaminy ze wzgl\u0119du na zwi\u0119kszon\u0105 polarno\u015b\u0107 grupy beta-keto. Pochodne pirolidyny s\u0105 bardziej zdolne do przekraczania bariery krew-m\u00f3zg ni\u017c inne syntetyczne katynony ze wzgl\u0119du na nisk\u0105 polarno\u015b\u0107 pier\u015bcienia pirolidyny. Badania nad grupami alkilowymi pier\u015bcienia s\u0105 utleniane, grupa keto jest redukowana do hydroksylowej, a katynon jest n-demetylowany, zgodnie z analiz\u0105 metabolizmu syntetycznego katynonu przeprowadzon\u0105 przez firmy farmaceutyczne.<\/p>\n<p>&nbsp;<\/p>","protected":false},"excerpt":{"rendered":"<p>Purchase NEH powder online. Buy NEH Powder is a premium research chemical that can be purchased online. Reputable online merchant LegitGrams.com offers NDH Powder at a discounted price. With great pleasure, Coke Bricks introduces NEH powder, which is provided just for research purposes and should not be used for in vivo diagnostics, food, medication, medical &hellip;<\/p>\n<p class=\"read-more\"> <a class=\"\" href=\"https:\/\/legitgrams.com\/pl\/produkt\/neh\/\"> <span class=\"screen-reader-text\">NEH<\/span> Czytaj wi\u0119cej \"<\/a><\/p>","protected":false},"featured_media":3294,"comment_status":"open","ping_status":"closed","template":"","meta":{"_uag_custom_page_level_css":"","site-sidebar-layout":"default","site-content-layout":"default","ast-global-header-display":"","ast-main-header-display":"","ast-hfb-above-header-display":"","ast-hfb-below-header-display":"","ast-hfb-mobile-header-display":"","site-post-title":"","ast-breadcrumbs-content":"","ast-featured-img":"","footer-sml-layout":"","theme-transparent-header-meta":"default","adv-header-id-meta":"","stick-header-meta":"default","header-above-stick-meta":"","header-main-stick-meta":"","header-below-stick-meta":"","_joinchat":[]},"product_brand":[],"product_cat":[190],"product_tag":[413,414,415,416,405,406,407,408,409,410,411,412],"class_list":{"0":"post-3285","1":"product","2":"type-product","3":"status-publish","4":"has-post-thumbnail","6":"product_cat-cannabinoids","7":"product_tag-neh-cannabinoids","8":"product_tag-neh-cannabinoids-for-sale","9":"product_tag-neh-cannabinoids-reddit","10":"product_tag-neh-chemical","11":"product_tag-neh-powder-australia","12":"product_tag-neh-powder-canada","13":"product_tag-neh-powder-greece","14":"product_tag-neh-powder-kuwait","15":"product_tag-neh-powder-review","16":"product_tag-neh-powder-spain","17":"product_tag-neh-powder-uk","18":"product_tag-neh-powder-usa","19":"desktop-align-left","20":"tablet-align-left","21":"mobile-align-left","22":"ast-product-gallery-layout-horizontal","23":"ast-product-gallery-with-no-image","24":"ast-product-single-variable","25":"ast-product-tabs-layout-horizontal","26":"ast-qv-on-image","28":"first","29":"instock","30":"shipping-taxable","31":"purchasable","32":"product-type-variable"},"yoast_head":"<!-- This site is optimized with the Yoast SEO plugin v25.9 - https:\/\/yoast.com\/wordpress\/plugins\/seo\/ -->\n<title>NEH for Sale - Order NEH Online with Discreet Shipping | LG<\/title>\n<meta name=\"description\" content=\"Looking to Buy NEH Online? Discover a seamless platform at our online store where you can buy NEH , ensuring top-grade quality for your research needs.\" \/>\n<meta name=\"robots\" content=\"index, follow, max-snippet:-1, max-image-preview:large, max-video-preview:-1\" \/>\n<link rel=\"canonical\" href=\"https:\/\/legitgrams.com\/pl\/produkt\/neh\/\" \/>\n<meta property=\"og:locale\" content=\"pl_PL\" \/>\n<meta property=\"og:type\" content=\"article\" \/>\n<meta property=\"og:title\" content=\"NEH for Sale - Order NEH Online with Discreet Shipping | LG\" \/>\n<meta property=\"og:description\" content=\"Looking to Buy NEH Online? Discover a seamless platform at our online store where you can buy NEH , ensuring top-grade quality for your research needs.\" \/>\n<meta property=\"og:url\" content=\"https:\/\/legitgrams.com\/pl\/produkt\/neh\/\" \/>\n<meta property=\"og:site_name\" content=\"Legit Grams\" \/>\n<meta property=\"article:modified_time\" content=\"2025-01-14T10:19:07+00:00\" \/>\n<meta property=\"og:image\" content=\"https:\/\/legitgrams.com\/wp-content\/uploads\/2024\/08\/NEH.gif\" \/>\n\t<meta property=\"og:image:width\" content=\"600\" \/>\n\t<meta property=\"og:image:height\" content=\"600\" \/>\n\t<meta property=\"og:image:type\" content=\"image\/gif\" \/>\n<meta name=\"twitter:card\" content=\"summary_large_image\" \/>\n<meta name=\"twitter:label1\" content=\"Szacowany czas czytania\" \/>\n\t<meta name=\"twitter:data1\" content=\"3 minuty\" \/>\n<script type=\"application\/ld+json\" class=\"yoast-schema-graph\">{\"@context\":\"https:\/\/schema.org\",\"@graph\":[{\"@type\":\"WebPage\",\"@id\":\"https:\/\/legitgrams.com\/product\/neh\/\",\"url\":\"https:\/\/legitgrams.com\/product\/neh\/\",\"name\":\"NEH for Sale - Order NEH Online with Discreet Shipping | LG\",\"isPartOf\":{\"@id\":\"https:\/\/legitgrams.com\/#website\"},\"primaryImageOfPage\":{\"@id\":\"https:\/\/legitgrams.com\/product\/neh\/#primaryimage\"},\"image\":{\"@id\":\"https:\/\/legitgrams.com\/product\/neh\/#primaryimage\"},\"thumbnailUrl\":\"https:\/\/legitgrams.com\/wp-content\/uploads\/2024\/08\/NEH.gif\",\"datePublished\":\"2024-08-03T05:38:52+00:00\",\"dateModified\":\"2025-01-14T10:19:07+00:00\",\"description\":\"Looking to Buy NEH Online? Discover a seamless platform at our online store where you can buy NEH , ensuring top-grade quality for your research needs.\",\"breadcrumb\":{\"@id\":\"https:\/\/legitgrams.com\/product\/neh\/#breadcrumb\"},\"inLanguage\":\"pl-PL\",\"potentialAction\":[{\"@type\":\"ReadAction\",\"target\":[\"https:\/\/legitgrams.com\/product\/neh\/\"]}]},{\"@type\":\"ImageObject\",\"inLanguage\":\"pl-PL\",\"@id\":\"https:\/\/legitgrams.com\/product\/neh\/#primaryimage\",\"url\":\"https:\/\/legitgrams.com\/wp-content\/uploads\/2024\/08\/NEH.gif\",\"contentUrl\":\"https:\/\/legitgrams.com\/wp-content\/uploads\/2024\/08\/NEH.gif\",\"width\":600,\"height\":600,\"caption\":\"NEH for Sale\"},{\"@type\":\"BreadcrumbList\",\"@id\":\"https:\/\/legitgrams.com\/product\/neh\/#breadcrumb\",\"itemListElement\":[{\"@type\":\"ListItem\",\"position\":1,\"name\":\"Home\",\"item\":\"https:\/\/legitgrams.com\/\"},{\"@type\":\"ListItem\",\"position\":2,\"name\":\"Shop\",\"item\":\"https:\/\/legitgrams.com\/shop\/\"},{\"@type\":\"ListItem\",\"position\":3,\"name\":\"NEH\"}]},{\"@type\":\"WebSite\",\"@id\":\"https:\/\/legitgrams.com\/#website\",\"url\":\"https:\/\/legitgrams.com\/\",\"name\":\"Legit Grams\",\"description\":\"My WordPress Blog\",\"publisher\":{\"@id\":\"https:\/\/legitgrams.com\/#organization\"},\"potentialAction\":[{\"@type\":\"SearchAction\",\"target\":{\"@type\":\"EntryPoint\",\"urlTemplate\":\"https:\/\/legitgrams.com\/?s={search_term_string}\"},\"query-input\":{\"@type\":\"PropertyValueSpecification\",\"valueRequired\":true,\"valueName\":\"search_term_string\"}}],\"inLanguage\":\"pl-PL\"},{\"@type\":\"Organization\",\"@id\":\"https:\/\/legitgrams.com\/#organization\",\"name\":\"Legit Grams\",\"url\":\"https:\/\/legitgrams.com\/\",\"logo\":{\"@type\":\"ImageObject\",\"inLanguage\":\"pl-PL\",\"@id\":\"https:\/\/legitgrams.com\/#\/schema\/logo\/image\/\",\"url\":\"https:\/\/legitgrams.com\/wp-content\/uploads\/2024\/09\/main-logo.png\",\"contentUrl\":\"https:\/\/legitgrams.com\/wp-content\/uploads\/2024\/09\/main-logo.png\",\"width\":270,\"height\":75,\"caption\":\"Legit Grams\"},\"image\":{\"@id\":\"https:\/\/legitgrams.com\/#\/schema\/logo\/image\/\"}}]}<\/script>\n<!-- \/ Yoast SEO plugin. -->","yoast_head_json":{"title":"NEH na sprzeda\u017c - Zam\u00f3w NEH online z dyskretn\u0105 wysy\u0142k\u0105 | LG","description":"Chcesz kupi\u0107 NEH online? Odkryj bezproblemow\u0105 platform\u0119 w naszym sklepie internetowym, w kt\u00f3rym mo\u017cesz kupi\u0107 NEH, zapewniaj\u0105c najwy\u017csz\u0105 jako\u015b\u0107 dla swoich potrzeb badawczych.","robots":{"index":"index","follow":"follow","max-snippet":"max-snippet:-1","max-image-preview":"max-image-preview:large","max-video-preview":"max-video-preview:-1"},"canonical":"https:\/\/legitgrams.com\/pl\/produkt\/neh\/","og_locale":"pl_PL","og_type":"article","og_title":"NEH for Sale - Order NEH Online with Discreet Shipping | LG","og_description":"Looking to Buy NEH Online? Discover a seamless platform at our online store where you can buy NEH , ensuring top-grade quality for your research needs.","og_url":"https:\/\/legitgrams.com\/pl\/produkt\/neh\/","og_site_name":"Legit Grams","article_modified_time":"2025-01-14T10:19:07+00:00","og_image":[{"width":600,"height":600,"url":"https:\/\/legitgrams.com\/wp-content\/uploads\/2024\/08\/NEH.gif","type":"image\/gif"}],"twitter_card":"summary_large_image","twitter_misc":{"Szacowany czas czytania":"3 minuty"},"schema":{"@context":"https:\/\/schema.org","@graph":[{"@type":"WebPage","@id":"https:\/\/legitgrams.com\/product\/neh\/","url":"https:\/\/legitgrams.com\/product\/neh\/","name":"NEH na sprzeda\u017c - Zam\u00f3w NEH online z dyskretn\u0105 wysy\u0142k\u0105 | LG","isPartOf":{"@id":"https:\/\/legitgrams.com\/#website"},"primaryImageOfPage":{"@id":"https:\/\/legitgrams.com\/product\/neh\/#primaryimage"},"image":{"@id":"https:\/\/legitgrams.com\/product\/neh\/#primaryimage"},"thumbnailUrl":"https:\/\/legitgrams.com\/wp-content\/uploads\/2024\/08\/NEH.gif","datePublished":"2024-08-03T05:38:52+00:00","dateModified":"2025-01-14T10:19:07+00:00","description":"Chcesz kupi\u0107 NEH online? Odkryj bezproblemow\u0105 platform\u0119 w naszym sklepie internetowym, w kt\u00f3rym mo\u017cesz kupi\u0107 NEH, zapewniaj\u0105c najwy\u017csz\u0105 jako\u015b\u0107 dla swoich potrzeb badawczych.","breadcrumb":{"@id":"https:\/\/legitgrams.com\/product\/neh\/#breadcrumb"},"inLanguage":"pl-PL","potentialAction":[{"@type":"ReadAction","target":["https:\/\/legitgrams.com\/product\/neh\/"]}]},{"@type":"ImageObject","inLanguage":"pl-PL","@id":"https:\/\/legitgrams.com\/product\/neh\/#primaryimage","url":"https:\/\/legitgrams.com\/wp-content\/uploads\/2024\/08\/NEH.gif","contentUrl":"https:\/\/legitgrams.com\/wp-content\/uploads\/2024\/08\/NEH.gif","width":600,"height":600,"caption":"NEH for Sale"},{"@type":"BreadcrumbList","@id":"https:\/\/legitgrams.com\/product\/neh\/#breadcrumb","itemListElement":[{"@type":"ListItem","position":1,"name":"Home","item":"https:\/\/legitgrams.com\/"},{"@type":"ListItem","position":2,"name":"Shop","item":"https:\/\/legitgrams.com\/shop\/"},{"@type":"ListItem","position":3,"name":"NEH"}]},{"@type":"WebSite","@id":"https:\/\/legitgrams.com\/#website","url":"https:\/\/legitgrams.com\/","name":"Legit Grams","description":"M\u00f3j blog WordPress","publisher":{"@id":"https:\/\/legitgrams.com\/#organization"},"potentialAction":[{"@type":"SearchAction","target":{"@type":"EntryPoint","urlTemplate":"https:\/\/legitgrams.com\/?s={search_term_string}"},"query-input":{"@type":"PropertyValueSpecification","valueRequired":true,"valueName":"search_term_string"}}],"inLanguage":"pl-PL"},{"@type":"Organization","@id":"https:\/\/legitgrams.com\/#organization","name":"Legit Grams","url":"https:\/\/legitgrams.com\/","logo":{"@type":"ImageObject","inLanguage":"pl-PL","@id":"https:\/\/legitgrams.com\/#\/schema\/logo\/image\/","url":"https:\/\/legitgrams.com\/wp-content\/uploads\/2024\/09\/main-logo.png","contentUrl":"https:\/\/legitgrams.com\/wp-content\/uploads\/2024\/09\/main-logo.png","width":270,"height":75,"caption":"Legit Grams"},"image":{"@id":"https:\/\/legitgrams.com\/#\/schema\/logo\/image\/"}}]}},"uagb_featured_image_src":{"full":["https:\/\/legitgrams.com\/wp-content\/uploads\/2024\/08\/NEH.gif",600,600,false],"thumbnail":["https:\/\/legitgrams.com\/wp-content\/uploads\/2024\/08\/NEH-150x150.gif",150,150,true],"medium":["https:\/\/legitgrams.com\/wp-content\/uploads\/2024\/08\/NEH-300x300.gif",300,300,true],"medium_large":["https:\/\/legitgrams.com\/wp-content\/uploads\/2024\/08\/NEH.gif",600,600,false],"large":["https:\/\/legitgrams.com\/wp-content\/uploads\/2024\/08\/NEH.gif",600,600,false],"1536x1536":["https:\/\/legitgrams.com\/wp-content\/uploads\/2024\/08\/NEH.gif",600,600,false],"2048x2048":["https:\/\/legitgrams.com\/wp-content\/uploads\/2024\/08\/NEH.gif",600,600,false],"trp-custom-language-flag":["https:\/\/legitgrams.com\/wp-content\/uploads\/2024\/08\/NEH-12x12.gif",12,12,true],"woocommerce_thumbnail":["https:\/\/legitgrams.com\/wp-content\/uploads\/2024\/08\/NEH-300x300.gif",300,300,true],"woocommerce_single":["https:\/\/legitgrams.com\/wp-content\/uploads\/2024\/08\/NEH.gif",600,600,false],"woocommerce_gallery_thumbnail":["https:\/\/legitgrams.com\/wp-content\/uploads\/2024\/08\/NEH-100x100.gif",100,100,true]},"uagb_author_info":{"display_name":"cokeblog18","author_link":"https:\/\/legitgrams.com\/pl\/author\/"},"uagb_comment_info":0,"uagb_excerpt":"Purchase NEH powder online. Buy NEH Powder is a premium research chemical that can be purchased online. Reputable online merchant LegitGrams.com offers NDH Powder at a discounted price. With great pleasure, Coke Bricks introduces NEH powder, which is provided just for research purposes and should not be used for in vivo diagnostics, food, medication, medical&hellip;","_links":{"self":[{"href":"https:\/\/legitgrams.com\/pl\/wp-json\/wp\/v2\/product\/3285","targetHints":{"allow":["GET"]}}],"collection":[{"href":"https:\/\/legitgrams.com\/pl\/wp-json\/wp\/v2\/product"}],"about":[{"href":"https:\/\/legitgrams.com\/pl\/wp-json\/wp\/v2\/types\/product"}],"replies":[{"embeddable":true,"href":"https:\/\/legitgrams.com\/pl\/wp-json\/wp\/v2\/comments?post=3285"}],"wp:featuredmedia":[{"embeddable":true,"href":"https:\/\/legitgrams.com\/pl\/wp-json\/wp\/v2\/media\/3294"}],"wp:attachment":[{"href":"https:\/\/legitgrams.com\/pl\/wp-json\/wp\/v2\/media?parent=3285"}],"wp:term":[{"taxonomy":"product_brand","embeddable":true,"href":"https:\/\/legitgrams.com\/pl\/wp-json\/wp\/v2\/product_brand?post=3285"},{"taxonomy":"product_cat","embeddable":true,"href":"https:\/\/legitgrams.com\/pl\/wp-json\/wp\/v2\/product_cat?post=3285"},{"taxonomy":"product_tag","embeddable":true,"href":"https:\/\/legitgrams.com\/pl\/wp-json\/wp\/v2\/product_tag?post=3285"}],"curies":[{"name":"wp","href":"https:\/\/api.w.org\/{rel}","templated":true}]}}