{"id":3303,"date":"2024-08-03T05:48:45","date_gmt":"2024-08-03T05:48:45","guid":{"rendered":"https:\/\/cokebricks.com\/?post_type=product&#038;p=3303"},"modified":"2026-02-23T11:56:07","modified_gmt":"2026-02-23T11:56:07","slug":"mdma","status":"publish","type":"product","link":"https:\/\/legitgrams.com\/pl\/produkt\/mdma\/","title":{"rendered":"Kup MDMA online"},"content":{"rendered":"<h2>Kryszta\u0142y MDMA do kupienia w Internecie<br \/>\nMDMA: Co to jest?<\/h2>\n<p>Uwaga: <a href=\"https:\/\/www.bing.com\/search?q=MDMA&amp;qs=n&amp;form=QBRE&amp;sp=-1&amp;ghc=1&amp;lq=0&amp;pq=mdma&amp;sc=12-4&amp;sk=&amp;cvid=9D97401EC942471BA70F3A26D7B93A92&amp;ghsh=0&amp;ghacc=0&amp;ghpl=\">Metenodioksymetamfetamina (MDMA)<\/a> mo\u017ce nie by\u0107 obecny w narkotykach sprzedawanych jako MDMA (ecstasy); zamiast tego mog\u0105 one zawiera\u0107 kombinacj\u0119 amfetaminy, parametryloamfetaminy (PMA), ketaminy, NBOMe, syntetycznych katynon\u00f3w lub innych substancji chemicznych.<\/p>\n<p>Metylenodioksymetamfetamina, lub <a href=\"https:\/\/www.bing.com\/search?q=MDMA&amp;qs=n&amp;form=QBRE&amp;sp=-1&amp;ghc=1&amp;lq=0&amp;pq=mdma&amp;sc=12-4&amp;sk=&amp;cvid=9D97401EC942471BA70F3A26D7B93A92&amp;ghsh=0&amp;ghacc=0&amp;ghpl=\">MDMA<\/a>jest empatogenem, kt\u00f3ry zwi\u0119ksza poczucie ciep\u0142a i empatii, a tak\u017ce poczucie akceptacji spo\u0142ecznej i wi\u0119zi z innymi1.<\/p>\n<p>Ecstasy to inna nazwa dla <a href=\"https:\/\/www.google.com\/search?q=MDMA&amp;num=10&amp;sca_esv=1a2a07081c7891bb&amp;rlz=1C1RXQR_enIN1098IN1098&amp;sxsrf=AHTn8zoBhguvaRp4lTsLc60MnIthJ0eUtA%3A1741161240483&amp;ei=GAPIZ9CQHfCE4-EP9fjW-A8&amp;ved=0ahUKEwjQ_PCJu_KLAxVwwjgGHXW8Ff8Q4dUDCBA&amp;uact=5&amp;oq=MDMA&amp;gs_lp=Egxnd3Mtd2l6LXNlcnAiBE1ETUEyChAjGIAEGCcYigUyCxAAGIAEGJECGIoFMgsQABiABBiRAhiKBTIKEAAYgAQYFBiHAjIFEAAYgAQyBRAAGIAEMgUQABiABDIFEAAYgAQyBRAAGIAEMgUQABiABEiBB1CoA1ioA3ABeAGQAQCYAbsBoAG7AaoBAzAuMbgBA8gBAPgBAvgBAZgCAaACwwGYAwCIBgGSBwMwLjGgB-gF&amp;sclient=gws-wiz-serp\">MDMA.2.Nevertheless<\/a>Niekt\u00f3re leki sprzedawane jako ecstasy mog\u0105 zawiera\u0107 niewielkie ilo\u015bci lub nie zawiera\u0107 ich wcale. <a href=\"https:\/\/www.google.com\/search?q=MDMA&amp;num=10&amp;sca_esv=1a2a07081c7891bb&amp;rlz=1C1RXQR_enIN1098IN1098&amp;sxsrf=AHTn8zoBhguvaRp4lTsLc60MnIthJ0eUtA%3A1741161240483&amp;ei=GAPIZ9CQHfCE4-EP9fjW-A8&amp;ved=0ahUKEwjQ_PCJu_KLAxVwwjgGHXW8Ff8Q4dUDCBA&amp;uact=5&amp;oq=MDMA&amp;gs_lp=Egxnd3Mtd2l6LXNlcnAiBE1ETUEyChAjGIAEGCcYigUyCxAAGIAEGJECGIoFMgsQABiABBiRAhiKBTIKEAAYgAQYFBiHAjIFEAAYgAQyBRAAGIAEMgUQABiABDIFEAAYgAQyBRAAGIAEMgUQABiABEiBB1CoA1ioA3ABeAGQAQCYAbsBoAG7AaoBAzAuMbgBA8gBAPgBAvgBAZgCAaACwwGYAwCIBgGSBwMwLjGgB-gF&amp;sclient=gws-wiz-serp\">MDMA<\/a>. Zamiast tego cz\u0119sto stosuje si\u0119 \"wype\u0142niacze\" i inne leki. Utrudnia to przewidywanie, czy po spo\u017cyciu MDMA mog\u0105 wyst\u0105pi\u0107 niepo\u017c\u0105dane skutki uboczne lub reakcje.<\/p>\n<p><a href=\"https:\/\/legitgrams.com\/pl\/produkt\/mdma\/\">MDMA kupi\u0107 online<\/a>, inna nazwa 3,4-metylenodioksymetamfetaminy, jest substancj\u0105 psychoaktywn\u0105, kt\u00f3ra wzmacnia empati\u0119 i ekstazy. MDMA zosta\u0142o pierwotnie opracowane jako lek na recept\u0119 w leczeniu PTSD, czyli zespo\u0142u stresu pourazowego. Ze wzgl\u0119du na powszechne stosowanie jako narkotyk imprezowy, czyste MDMA, kt\u00f3re mo\u017cna \u0142atwo kupi\u0107, zyska\u0142o popularno\u015b\u0107 jako narkotyk rekreacyjny. Molly i ekstazy to inne nazwy tej substancji. Kryszta\u0142y MDMA, silny \u015brodek pobudzaj\u0105cy, kt\u00f3ry zmienia poziom serotoniny w m\u00f3zgu, mo\u017cna kupi\u0107 online. Prowadzi to do zwi\u0119kszonej witalno\u015bci, koncentracji i satysfakcji.<\/p>\n<h3>Kup MDMDA online od renomowanego dostawcy MDMDA, dostawcy kryszta\u0142\u00f3w MDMDA.<\/h3>\n<p>Substancja psychoaktywna znana jako metylenodioksymetamfetamina, czyli MDMA, sprawia, \u017ce \u200b\u200bu\u017cytkownicy czuj\u0105 si\u0119 szcz\u0119\u015bliwi, energiczni, empatyczni i towarzyscy. Kiedy MDMA zosta\u0142o po raz pierwszy wyprodukowane jako <a href=\"https:\/\/legitgrams.com\/pl\/\">LegitGrams<\/a><\/p>\n<p>Zosta\u0142 opracowany jako substancja badawcza w 1912 roku. Niemniej jednak w latach 70. nast\u0105pi\u0142 pierwszy wzrost zainteresowania MDMA w\u015br\u00f3d u\u017cytkownik\u00f3w rekreacyjnych. Obecnie MDMA jest nadal nielegalne na mocy ameryka\u0144skiej ustawy o substancjach kontrolowanych.<\/p>\n<h3>Gdzie mog\u0119 kupi\u0107 MDMA?<\/h3>\n<p>MDMA jest dost\u0119pne online u wielu sprzedawc\u00f3w. <a href=\"https:\/\/duckduckgo.com\/?q=MDMA&amp;t=h_&amp;ia=web\">MDMA<\/a> jest dost\u0119pny w naszych prywatnych firmach internetowych. Czy mo\u017cna kupi\u0107 MDMA online bez recepty? Tak, mo\u017cna uzyska\u0107 MDMA dyskretnie i bezpiecznie online od wiarygodnego sprzedawcy, takiego jak my.<\/p>\n<p>Jak mog\u0119 zdoby\u0107 MDMA online bez ryzyka? Czy kupowanie MDMA online jest legalne?<\/p>\n<p>Chocia\u017c zakup <a href=\"https:\/\/en.wikipedia.org\/wiki\/MDMA\">MDMA<\/a> online jest legalne, nadal musisz przestrzega\u0107 przepis\u00f3w stanowych. Sprawd\u017a, czy przestrzegasz prawa w swoim regionie, wyszukuj\u0105c. W wielu cz\u0119\u015bciach Europy, Azji, Australii i Ameryki P\u00f3\u0142nocnej zakup MDMA jest legalny, pomimo faktu, \u017ce jest og\u00f3lnie uwa\u017cany za nielegalny na ca\u0142ym \u015bwiecie.<\/p>\n<h3>Jak powstaje MDMA?<\/h3>\n<p>Chocia\u017c mo\u017cna go r\u00f3wnie\u017c znale\u017a\u0107 w postaci proszku lub kryszta\u0142u, <a href=\"https:\/\/duckduckgo.com\/?q=MDMA&amp;t=h_&amp;ia=web\">MDMA<\/a> jest najcz\u0119\u015bciej spotykany w postaci tabletek lub kapsu\u0142ek. Tabletki s\u0105 dost\u0119pne w r\u00f3\u017cnych kolorach i rozmiarach i cz\u0119sto maj\u0105 mark\u0119, emblemat lub wizerunek. Dwie tabletki z tym samym logo lub symbolem mog\u0105 mie\u0107 r\u00f3\u017cne dzia\u0142anie, gdy s\u0105 oferowane w postaci tabletek, poniewa\u017c mog\u0105 zawiera\u0107 r\u00f3\u017cne substancje i pochodzi\u0107 z r\u00f3\u017cnych \u017ar\u00f3de\u0142.<\/p>\n<p>Nazwy alternatywne: Caps, Eckies, E, XTC, pigu\u0142ki, flippers, pingers, bikkies, molly, M&amp;M i ecstasy<\/p>\n<p>&nbsp;<\/p>\n<p>&nbsp;<\/p>\n<h2><\/h2>\n<p>&nbsp;<\/p>","protected":false},"excerpt":{"rendered":"<p>MDMA Crystals for Internet Purchase MDMA: What is it? Note: Methenedioxymethamphetamine (MDMA) may not be present in drugs marketed as MDMA (ecstasy); instead, they may contain a combination of amphetamine, paramethoxyamphetamine (PMA), ketamine, NBOMe, synthetic cathinones, or other chemicals. Methylenedioxymethamphetamine, or MDMA, is an empathogen that heightens a person&#8217;s sense of warmth and empathy as &hellip;<\/p>\n<p class=\"read-more\"> <a class=\"\" href=\"https:\/\/legitgrams.com\/pl\/produkt\/mdma\/\"> <span class=\"screen-reader-text\">Kup MDMA online<\/span> Czytaj wi\u0119cej \"<\/a><\/p>","protected":false},"featured_media":3632,"comment_status":"open","ping_status":"closed","template":"","meta":{"_uag_custom_page_level_css":"","site-sidebar-layout":"default","site-content-layout":"default","ast-global-header-display":"","ast-main-header-display":"","ast-hfb-above-header-display":"","ast-hfb-below-header-display":"","ast-hfb-mobile-header-display":"","site-post-title":"","ast-breadcrumbs-content":"","ast-featured-img":"","footer-sml-layout":"","theme-transparent-header-meta":"default","adv-header-id-meta":"","stick-header-meta":"default","header-above-stick-meta":"","header-main-stick-meta":"","header-below-stick-meta":"","_joinchat":[]},"product_brand":[],"product_cat":[190],"product_tag":[323,324,325,326,327,328,329,330],"class_list":{"0":"post-3303","1":"product","2":"type-product","3":"status-publish","4":"has-post-thumbnail","6":"product_cat-cannabinoids","7":"product_tag-buy-mdma-crystals-online","8":"product_tag-mdma-crystals-for-sale","9":"product_tag-mdma-for-sale-australia","10":"product_tag-mdma-for-sale-canada","11":"product_tag-mdma-for-sale-france","12":"product_tag-mdma-for-sale-online","13":"product_tag-mdma-for-sale-uk","14":"product_tag-mdma-for-sale-usa","15":"desktop-align-left","16":"tablet-align-left","17":"mobile-align-left","18":"ast-product-gallery-layout-horizontal","19":"ast-product-gallery-with-no-image","20":"ast-product-single-variable","21":"ast-product-tabs-layout-horizontal","22":"ast-qv-on-image","24":"first","25":"instock","26":"shipping-taxable","27":"purchasable","28":"product-type-variable"},"yoast_head":"<!-- This site is optimized with the Yoast SEO plugin v25.9 - https:\/\/yoast.com\/wordpress\/plugins\/seo\/ -->\n<title>MDMA for Sale - Buy MDMA Online with Fastest Shipping<\/title>\n<meta name=\"description\" content=\"Your order for MDMA for sale is our responsibility. We will take your order to buy MDMA into consideration and reach you in a short period. Place bulk orders now!\" \/>\n<meta name=\"robots\" content=\"index, follow, max-snippet:-1, max-image-preview:large, max-video-preview:-1\" \/>\n<link rel=\"canonical\" href=\"https:\/\/legitgrams.com\/pl\/produkt\/mdma\/\" \/>\n<meta property=\"og:locale\" content=\"pl_PL\" \/>\n<meta property=\"og:type\" content=\"article\" \/>\n<meta property=\"og:title\" content=\"MDMA for Sale - Buy MDMA Online with Fastest Shipping\" \/>\n<meta property=\"og:description\" content=\"Your order for MDMA for sale is our responsibility. We will take your order to buy MDMA into consideration and reach you in a short period. Place bulk orders now!\" \/>\n<meta property=\"og:url\" content=\"https:\/\/legitgrams.com\/pl\/produkt\/mdma\/\" \/>\n<meta property=\"og:site_name\" content=\"Legit Grams\" \/>\n<meta property=\"article:modified_time\" content=\"2026-02-23T11:56:07+00:00\" \/>\n<meta property=\"og:image\" content=\"https:\/\/legitgrams.com\/wp-content\/uploads\/2024\/08\/mdma.png\" \/>\n\t<meta property=\"og:image:width\" content=\"1200\" \/>\n\t<meta property=\"og:image:height\" content=\"1200\" \/>\n\t<meta property=\"og:image:type\" content=\"image\/png\" \/>\n<meta name=\"twitter:card\" content=\"summary_large_image\" \/>\n<meta name=\"twitter:label1\" content=\"Szacowany czas czytania\" \/>\n\t<meta name=\"twitter:data1\" content=\"3 minuty\" \/>\n<script type=\"application\/ld+json\" class=\"yoast-schema-graph\">{\"@context\":\"https:\/\/schema.org\",\"@graph\":[{\"@type\":\"WebPage\",\"@id\":\"https:\/\/legitgrams.com\/product\/mdma\/\",\"url\":\"https:\/\/legitgrams.com\/product\/mdma\/\",\"name\":\"MDMA for Sale - Buy MDMA Online with Fastest Shipping\",\"isPartOf\":{\"@id\":\"https:\/\/legitgrams.com\/#website\"},\"primaryImageOfPage\":{\"@id\":\"https:\/\/legitgrams.com\/product\/mdma\/#primaryimage\"},\"image\":{\"@id\":\"https:\/\/legitgrams.com\/product\/mdma\/#primaryimage\"},\"thumbnailUrl\":\"https:\/\/legitgrams.com\/wp-content\/uploads\/2024\/08\/mdma.png\",\"datePublished\":\"2024-08-03T05:48:45+00:00\",\"dateModified\":\"2026-02-23T11:56:07+00:00\",\"description\":\"Your order for MDMA for sale is our responsibility. We will take your order to buy MDMA into consideration and reach you in a short period. Place bulk orders now!\",\"breadcrumb\":{\"@id\":\"https:\/\/legitgrams.com\/product\/mdma\/#breadcrumb\"},\"inLanguage\":\"pl-PL\",\"potentialAction\":[{\"@type\":\"ReadAction\",\"target\":[\"https:\/\/legitgrams.com\/product\/mdma\/\"]}]},{\"@type\":\"ImageObject\",\"inLanguage\":\"pl-PL\",\"@id\":\"https:\/\/legitgrams.com\/product\/mdma\/#primaryimage\",\"url\":\"https:\/\/legitgrams.com\/wp-content\/uploads\/2024\/08\/mdma.png\",\"contentUrl\":\"https:\/\/legitgrams.com\/wp-content\/uploads\/2024\/08\/mdma.png\",\"width\":1200,\"height\":1200,\"caption\":\"MDMA for Sale\"},{\"@type\":\"BreadcrumbList\",\"@id\":\"https:\/\/legitgrams.com\/product\/mdma\/#breadcrumb\",\"itemListElement\":[{\"@type\":\"ListItem\",\"position\":1,\"name\":\"Home\",\"item\":\"https:\/\/legitgrams.com\/\"},{\"@type\":\"ListItem\",\"position\":2,\"name\":\"Shop\",\"item\":\"https:\/\/legitgrams.com\/shop\/\"},{\"@type\":\"ListItem\",\"position\":3,\"name\":\"Buy MDMA Online\"}]},{\"@type\":\"WebSite\",\"@id\":\"https:\/\/legitgrams.com\/#website\",\"url\":\"https:\/\/legitgrams.com\/\",\"name\":\"Legit Grams\",\"description\":\"My WordPress Blog\",\"publisher\":{\"@id\":\"https:\/\/legitgrams.com\/#organization\"},\"potentialAction\":[{\"@type\":\"SearchAction\",\"target\":{\"@type\":\"EntryPoint\",\"urlTemplate\":\"https:\/\/legitgrams.com\/?s={search_term_string}\"},\"query-input\":{\"@type\":\"PropertyValueSpecification\",\"valueRequired\":true,\"valueName\":\"search_term_string\"}}],\"inLanguage\":\"pl-PL\"},{\"@type\":\"Organization\",\"@id\":\"https:\/\/legitgrams.com\/#organization\",\"name\":\"Legit Grams\",\"url\":\"https:\/\/legitgrams.com\/\",\"logo\":{\"@type\":\"ImageObject\",\"inLanguage\":\"pl-PL\",\"@id\":\"https:\/\/legitgrams.com\/#\/schema\/logo\/image\/\",\"url\":\"https:\/\/legitgrams.com\/wp-content\/uploads\/2024\/09\/main-logo.png\",\"contentUrl\":\"https:\/\/legitgrams.com\/wp-content\/uploads\/2024\/09\/main-logo.png\",\"width\":270,\"height\":75,\"caption\":\"Legit Grams\"},\"image\":{\"@id\":\"https:\/\/legitgrams.com\/#\/schema\/logo\/image\/\"}}]}<\/script>\n<!-- \/ Yoast SEO plugin. -->","yoast_head_json":{"title":"MDMA na sprzeda\u017c - kup MDMA online z najszybsz\u0105 wysy\u0142k\u0105","description":"Twoje zam\u00f3wienie na MDMA na sprzeda\u017c jest nasz\u0105 odpowiedzialno\u015bci\u0105. We\u017amiemy pod uwag\u0119 Twoje zam\u00f3wienie na MDMA i dotrzemy do Ciebie w kr\u00f3tkim czasie. Z\u0142\u00f3\u017c zam\u00f3wienie hurtowe ju\u017c teraz!","robots":{"index":"index","follow":"follow","max-snippet":"max-snippet:-1","max-image-preview":"max-image-preview:large","max-video-preview":"max-video-preview:-1"},"canonical":"https:\/\/legitgrams.com\/pl\/produkt\/mdma\/","og_locale":"pl_PL","og_type":"article","og_title":"MDMA for Sale - Buy MDMA Online with Fastest Shipping","og_description":"Your order for MDMA for sale is our responsibility. We will take your order to buy MDMA into consideration and reach you in a short period. Place bulk orders now!","og_url":"https:\/\/legitgrams.com\/pl\/produkt\/mdma\/","og_site_name":"Legit Grams","article_modified_time":"2026-02-23T11:56:07+00:00","og_image":[{"width":1200,"height":1200,"url":"https:\/\/legitgrams.com\/wp-content\/uploads\/2024\/08\/mdma.png","type":"image\/png"}],"twitter_card":"summary_large_image","twitter_misc":{"Szacowany czas czytania":"3 minuty"},"schema":{"@context":"https:\/\/schema.org","@graph":[{"@type":"WebPage","@id":"https:\/\/legitgrams.com\/product\/mdma\/","url":"https:\/\/legitgrams.com\/product\/mdma\/","name":"MDMA na sprzeda\u017c - kup MDMA online z najszybsz\u0105 wysy\u0142k\u0105","isPartOf":{"@id":"https:\/\/legitgrams.com\/#website"},"primaryImageOfPage":{"@id":"https:\/\/legitgrams.com\/product\/mdma\/#primaryimage"},"image":{"@id":"https:\/\/legitgrams.com\/product\/mdma\/#primaryimage"},"thumbnailUrl":"https:\/\/legitgrams.com\/wp-content\/uploads\/2024\/08\/mdma.png","datePublished":"2024-08-03T05:48:45+00:00","dateModified":"2026-02-23T11:56:07+00:00","description":"Twoje zam\u00f3wienie na MDMA na sprzeda\u017c jest nasz\u0105 odpowiedzialno\u015bci\u0105. We\u017amiemy pod uwag\u0119 Twoje zam\u00f3wienie na MDMA i dotrzemy do Ciebie w kr\u00f3tkim czasie. Z\u0142\u00f3\u017c zam\u00f3wienie hurtowe ju\u017c teraz!","breadcrumb":{"@id":"https:\/\/legitgrams.com\/product\/mdma\/#breadcrumb"},"inLanguage":"pl-PL","potentialAction":[{"@type":"ReadAction","target":["https:\/\/legitgrams.com\/product\/mdma\/"]}]},{"@type":"ImageObject","inLanguage":"pl-PL","@id":"https:\/\/legitgrams.com\/product\/mdma\/#primaryimage","url":"https:\/\/legitgrams.com\/wp-content\/uploads\/2024\/08\/mdma.png","contentUrl":"https:\/\/legitgrams.com\/wp-content\/uploads\/2024\/08\/mdma.png","width":1200,"height":1200,"caption":"MDMA for Sale"},{"@type":"BreadcrumbList","@id":"https:\/\/legitgrams.com\/product\/mdma\/#breadcrumb","itemListElement":[{"@type":"ListItem","position":1,"name":"Home","item":"https:\/\/legitgrams.com\/"},{"@type":"ListItem","position":2,"name":"Shop","item":"https:\/\/legitgrams.com\/shop\/"},{"@type":"ListItem","position":3,"name":"Buy MDMA Online"}]},{"@type":"WebSite","@id":"https:\/\/legitgrams.com\/#website","url":"https:\/\/legitgrams.com\/","name":"Legit Grams","description":"M\u00f3j blog WordPress","publisher":{"@id":"https:\/\/legitgrams.com\/#organization"},"potentialAction":[{"@type":"SearchAction","target":{"@type":"EntryPoint","urlTemplate":"https:\/\/legitgrams.com\/?s={search_term_string}"},"query-input":{"@type":"PropertyValueSpecification","valueRequired":true,"valueName":"search_term_string"}}],"inLanguage":"pl-PL"},{"@type":"Organization","@id":"https:\/\/legitgrams.com\/#organization","name":"Legit Grams","url":"https:\/\/legitgrams.com\/","logo":{"@type":"ImageObject","inLanguage":"pl-PL","@id":"https:\/\/legitgrams.com\/#\/schema\/logo\/image\/","url":"https:\/\/legitgrams.com\/wp-content\/uploads\/2024\/09\/main-logo.png","contentUrl":"https:\/\/legitgrams.com\/wp-content\/uploads\/2024\/09\/main-logo.png","width":270,"height":75,"caption":"Legit Grams"},"image":{"@id":"https:\/\/legitgrams.com\/#\/schema\/logo\/image\/"}}]}},"uagb_featured_image_src":{"full":["https:\/\/legitgrams.com\/wp-content\/uploads\/2024\/08\/mdma.png",1200,1200,false],"thumbnail":["https:\/\/legitgrams.com\/wp-content\/uploads\/2024\/08\/mdma-150x150.png",150,150,true],"medium":["https:\/\/legitgrams.com\/wp-content\/uploads\/2024\/08\/mdma-300x300.png",300,300,true],"medium_large":["https:\/\/legitgrams.com\/wp-content\/uploads\/2024\/08\/mdma-768x768.png",768,768,true],"large":["https:\/\/legitgrams.com\/wp-content\/uploads\/2024\/08\/mdma-1024x1024.png",1024,1024,true],"1536x1536":["https:\/\/legitgrams.com\/wp-content\/uploads\/2024\/08\/mdma.png",1200,1200,false],"2048x2048":["https:\/\/legitgrams.com\/wp-content\/uploads\/2024\/08\/mdma.png",1200,1200,false],"trp-custom-language-flag":["https:\/\/legitgrams.com\/wp-content\/uploads\/2024\/08\/mdma-12x12.png",12,12,true],"woocommerce_thumbnail":["https:\/\/legitgrams.com\/wp-content\/uploads\/2024\/08\/mdma-300x300.png",300,300,true],"woocommerce_single":["https:\/\/legitgrams.com\/wp-content\/uploads\/2024\/08\/mdma-600x600.png",600,600,true],"woocommerce_gallery_thumbnail":["https:\/\/legitgrams.com\/wp-content\/uploads\/2024\/08\/mdma-100x100.png",100,100,true]},"uagb_author_info":{"display_name":"cokeblog18","author_link":"https:\/\/legitgrams.com\/pl\/author\/"},"uagb_comment_info":6,"uagb_excerpt":"MDMA Crystals for Internet Purchase MDMA: What is it? Note: Methenedioxymethamphetamine (MDMA) may not be present in drugs marketed as MDMA (ecstasy); instead, they may contain a combination of amphetamine, paramethoxyamphetamine (PMA), ketamine, NBOMe, synthetic cathinones, or other chemicals. Methylenedioxymethamphetamine, or MDMA, is an empathogen that heightens a person&#8217;s sense of warmth and empathy as&hellip;","_links":{"self":[{"href":"https:\/\/legitgrams.com\/pl\/wp-json\/wp\/v2\/product\/3303","targetHints":{"allow":["GET"]}}],"collection":[{"href":"https:\/\/legitgrams.com\/pl\/wp-json\/wp\/v2\/product"}],"about":[{"href":"https:\/\/legitgrams.com\/pl\/wp-json\/wp\/v2\/types\/product"}],"replies":[{"embeddable":true,"href":"https:\/\/legitgrams.com\/pl\/wp-json\/wp\/v2\/comments?post=3303"}],"wp:featuredmedia":[{"embeddable":true,"href":"https:\/\/legitgrams.com\/pl\/wp-json\/wp\/v2\/media\/3632"}],"wp:attachment":[{"href":"https:\/\/legitgrams.com\/pl\/wp-json\/wp\/v2\/media?parent=3303"}],"wp:term":[{"taxonomy":"product_brand","embeddable":true,"href":"https:\/\/legitgrams.com\/pl\/wp-json\/wp\/v2\/product_brand?post=3303"},{"taxonomy":"product_cat","embeddable":true,"href":"https:\/\/legitgrams.com\/pl\/wp-json\/wp\/v2\/product_cat?post=3303"},{"taxonomy":"product_tag","embeddable":true,"href":"https:\/\/legitgrams.com\/pl\/wp-json\/wp\/v2\/product_tag?post=3303"}],"curies":[{"name":"wp","href":"https:\/\/api.w.org\/{rel}","templated":true}]}}