{"id":3310,"date":"2024-08-03T05:49:56","date_gmt":"2024-08-03T05:49:56","guid":{"rendered":"https:\/\/cokebricks.com\/?post_type=product&#038;p=3310"},"modified":"2025-03-08T05:52:58","modified_gmt":"2025-03-08T05:52:58","slug":"adbb","status":"publish","type":"product","link":"https:\/\/legitgrams.com\/pl\/produkt\/adbb\/","title":{"rendered":"Kup ADBB online"},"content":{"rendered":"<h2>Proszek ADBB na sprzeda\u017c<\/h2>\n<p><a href=\"https:\/\/en.wikipedia.org\/wiki\/ADB\">Kup ADBB online<\/a> Niekt\u00f3re syntetyczne produkty z konopi zawieraj\u0105 sk\u0142adniki nowo opracowanego syntetycznego narkotyku o nazwie <a href=\"https:\/\/www.bing.com\/search?q=Buy%20ADBB%20Online&amp;qs=n&amp;form=QBRE&amp;sp=-1&amp;lq=0&amp;pq=buy%20adbb%20online&amp;sc=10-15&amp;sk=&amp;cvid=E242E5DB1CF647E7817D78DD43004610&amp;ghsh=0&amp;ghacc=0&amp;ghpl=\">ADBB<\/a>S\u0105 to silne agonisty o warto\u015bciach EC50 odpowiednio 0,52 nM i 0,88 nM.<\/p>\n<p>receptor\u00f3w dla CB1 i CB2. Niemniej jednak nic nie wiadomo o fizjologicznych lub toksykologicznych w\u0142a\u015bciwo\u015bciach tego zwi\u0105zku.<\/p>\n<p>Do czego s\u0142u\u017cy ADBB?<\/p>\n<p>It is not appropriate for humans to consume the <a href=\"https:\/\/www.bing.com\/search?q=Buy%20ADBB%20Online&amp;qs=n&amp;form=QBRE&amp;sp=-1&amp;lq=0&amp;pq=buy%20adbb%20online&amp;sc=10-15&amp;sk=&amp;cvid=E242E5DB1CF647E7817D78DD43004610&amp;ghsh=0&amp;ghacc=0&amp;ghpl=\">ADBB<\/a> medication. Researchers at forensic labs utilize this substance as a study chemical.<\/p>\n<h3>Jakie negatywne konsekwencje ma ADBB?<\/h3>\n<p>The following adverse consequences could result from using <a href=\"https:\/\/www.google.com\/search?q=Buy+ADBB+Online&amp;num=10&amp;sca_esv=1a2a07081c7891bb&amp;rlz=1C1RXQR_enIN1098IN1098&amp;sxsrf=AHTn8zr-KHxTTLzGR5g6z-5wgoi7gWgkjA%3A1741412995864&amp;ei=g9rLZ7u2NMTg1e8P4ve-qQE&amp;ved=0ahUKEwj7g5r45PmLAxVEcPUHHeK7LxUQ4dUDCBI&amp;uact=5&amp;oq=Buy+ADBB+Online&amp;gs_lp=Egxnd3Mtd2l6LXNlcnAiD0J1eSBBREJCIE9ubGluZTIHEAAYgAQYDTILEAAYFhjHAxgKGB4yCBAAGAgYDRgeMggQABgIGA0YHjIIEAAYCBgNGB4yCBAAGAgYDRgeMggQABgIGA0YHjIIEAAYCBgNGB4yCBAAGAgYDRgeMggQABgIGA0YHkiICFCCBFiCBHACeACQAQCYAZ4BoAGeAaoBAzAuMbgBA8gBAPgBAvgBAZgCAaACrgGYAwCIBgGSBwMwLjGgB-gG&amp;sclient=gws-wiz-serp\">ADBB powder<\/a> over time:<\/p>\n<p>o Halucynacje<\/p>\n<p>o Kardiotoksyczno\u015b\u0107<\/p>\n<p>o Drgawki<\/p>\n<p>o Niska temperatura cia\u0142a<\/p>\n<h4>Jak dowiedzia\u0142e\u015b si\u0119 o Butinaca ADB?<\/h4>\n<p>Bez racjonalnego testowania <a href=\"https:\/\/www.google.com\/search?q=Buy+ADBB+Online&amp;num=10&amp;sca_esv=1a2a07081c7891bb&amp;rlz=1C1RXQR_enIN1098IN1098&amp;sxsrf=AHTn8zr-KHxTTLzGR5g6z-5wgoi7gWgkjA%3A1741412995864&amp;ei=g9rLZ7u2NMTg1e8P4ve-qQE&amp;ved=0ahUKEwj7g5r45PmLAxVEcPUHHeK7LxUQ4dUDCBI&amp;uact=5&amp;oq=Buy+ADBB+Online&amp;gs_lp=Egxnd3Mtd2l6LXNlcnAiD0J1eSBBREJCIE9ubGluZTIHEAAYgAQYDTILEAAYFhjHAxgKGB4yCBAAGAgYDRgeMggQABgIGA0YHjIIEAAYCBgNGB4yCBAAGAgYDRgeMggQABgIGA0YHjIIEAAYCBgNGB4yCBAAGAgYDRgeMggQABgIGA0YHkiICFCCBFiCBHACeACQAQCYAZ4BoAGeAaoBAzAuMbgBA8gBAPgBAvgBAZgCAaACrgGYAwCIBgGSBwMwLjGgB-gG&amp;sclient=gws-wiz-serp\">ADB Butinaca<\/a> Bez racjonalnych test\u00f3w trudno jest rozpozna\u0107 ADB Butinaca. Lubi miesza\u0107 si\u0119 z innymi ADB Butinaca, kt\u00f3re s\u0105 wprowadzane do sprzeda\u017cy i naturalnie wyst\u0119puj\u0105 jako jasnobr\u0105zowe lub \u017c\u00f3\u0142tawe cz\u0105stki. Identyfikacja staje si\u0119 trudna, gdy w degustatorze znajduje si\u0119 niewielka ilo\u015b\u0107 ADB Butinaca, poniewa\u017c r\u00f3\u017cne urz\u0105dzenia mog\u0105 u\u017cywa\u0107 identyfikator\u00f3w fasadowych, w tym koloru, zapachu i smaku. Dodatkowo, mog\u0105 one by\u0107 m\u00f3wione lub wampirzone. Ludzie wk\u0142adaj\u0105 zawarte pr\u00f3bki, kt\u00f3re s\u0105 sprzedawane jako uliczny narkotyk dla ADB Butinaca. Opinie klient\u00f3w na temat ADB Butinaca by\u0142y w wi\u0119kszo\u015bci pozytywne dopiero po skorzystaniu z us\u0142ug firmy. Naukowcy i mi\u0142o\u015bnicy chemii maj\u0105 fantastyczn\u0105 okazj\u0119 do przeprowadzenia fascynuj\u0105cych eksperyment\u00f3w i utorowania drogi w odkrywaniu w\u0142a\u015bciwo\u015bci chemicznych tego materia\u0142u, poniewa\u017c tak niewiele o nim wiadomo. <a href=\"https:\/\/www.google.com\/search?q=Buy+ADBB+Online&amp;num=10&amp;sca_esv=1a2a07081c7891bb&amp;rlz=1C1RXQR_enIN1098IN1098&amp;sxsrf=AHTn8zr-KHxTTLzGR5g6z-5wgoi7gWgkjA%3A1741412995864&amp;ei=g9rLZ7u2NMTg1e8P4ve-qQE&amp;ved=0ahUKEwj7g5r45PmLAxVEcPUHHeK7LxUQ4dUDCBI&amp;uact=5&amp;oq=Buy+ADBB+Online&amp;gs_lp=Egxnd3Mtd2l6LXNlcnAiD0J1eSBBREJCIE9ubGluZTIHEAAYgAQYDTILEAAYFhjHAxgKGB4yCBAAGAgYDRgeMggQABgIGA0YHjIIEAAYCBgNGB4yCBAAGAgYDRgeMggQABgIGA0YHjIIEAAYCBgNGB4yCBAAGAgYDRgeMggQABgIGA0YHkiICFCCBFiCBHACeACQAQCYAZ4BoAGeAaoBAzAuMbgBA8gBAPgBAvgBAZgCAaACrgGYAwCIBgGSBwMwLjGgB-gG&amp;sclient=gws-wiz-serp\">ADB Butinaca<\/a>. Customers&#8217; reviews of ADB Butinaca were largely positive only after they had used the company. Researchers and chemistry lovers have a fantastic opportunity to conduct fascinating experiments and pave the way in discovering the chemical characteristics of this material because so little is known about it.<\/p>\n<h4>Co sprawia, \u017ce ludzie kupuj\u0105 ADB Butinaca?<\/h4>\n<p>Mo\u017cna go znale\u017a\u0107 w niekt\u00f3rych sztucznych produktach z konopi indyjskich. Znana ameryka\u0144ska korporacja farmaceutyczna Pfizer stworzy\u0142a ten designerski lek z zamiarem wykorzystania go jako potencjalnego \u015brodka przeciwb\u00f3lowego. Je\u015bli jeste\u015b badaczem i chcesz wykorzysta\u0107 go do bada\u0144, powiniene\u015b by\u0107 \u015bwiadomy mo\u017cliwych zagro\u017ce\u0144 i skutk\u00f3w ubocznych. Ma w\u0142a\u015bciwo\u015bci psychotropowe, podobnie jak inne syntetyczne kannabinoidy. Ponadto z lekiem tym powi\u0105zano szereg negatywnych konsekwencji. Mo\u017cesz kupi\u0107 ten lek, aby uzyska\u0107 ADB Butinaca online od Orange Hems, niezawodnego sprzedawcy internetowego. <a href=\"https:\/\/duckduckgo.com\/?q=Buy+ADBB+Online&amp;t=h_&amp;ia=web\">ADB Butinaca online<\/a> from Orange Hems, a reliable online retailer.<\/p>\n<h4>Jakie konsekwencje ma ADB Butinaca?<\/h4>\n<p><a href=\"https:\/\/legitgrams.com\/pl\/produkt\/adbb\/\">ADB-BUTINACA<\/a> to nowy, silny materia\u0142, kt\u00f3ry jest zwykle wykorzystywany w badaniach. Te nowe syntetyczne kannabinoidy przy\u0142\u0105czaj\u0105 si\u0119 do receptor\u00f3w CB1 i CB2 w organizmie. S\u0105 to sztuczne substancje chemiczne.<\/p>\n<p>Receptory kannabinoidowe CB1 i CB2 s\u0105 zaanga\u017cowane w szeroki zakres funkcji fizjologicznych.<\/p>\n<p>M\u00f3zg i rdze\u0144 kr\u0119gowy zawieraj\u0105 CB1, kt\u00f3ry jest sk\u0142adnikiem naszego centralnego uk\u0142adu nerwowego, kt\u00f3ry pomaga w po\u015bredniczeniu w odurzaj\u0105cych skutkach marihuany.<a href=\"https:\/\/legitgrams.com\/pl\/\">Legitgramy<\/a><\/p>\n<p>Receptory CB2 na bia\u0142ych krwinkach kontroluj\u0105 funkcjonowanie kom\u00f3rek odporno\u015bciowych.<\/p>\n<p>Co wi\u0119cej, jest on wypowiadany na ni\u017cszym poziomie poznawczym. Kupowanie ADB Butinaca jest nielegalne, a produkty ADB-BIANCA s\u0105 s\u0142abo udokumentowane. Poniewa\u017c dzia\u0142aj\u0105 na ten sam akceptor rozliczeniowy w m\u00f3zgu, s\u0105 syntetycznie dopaminergiczne.<\/p>\n<p>jako TCH, psychoaktywny sk\u0142adnik konopi indyjskich, oraz zakup <a href=\"https:\/\/legitgrams.com\/pl\/produkt\/adbb\/\">ADB Butinaca<\/a>. U\u017cytkownik nie ponosi odpowiedzialno\u015bci za jakiekolwiek wydatki lub dzia\u0142ania wynikaj\u0105ce ze z\u0142o\u017cenia zam\u00f3wienia online na ADB Butinaca. <a href=\"https:\/\/duckduckgo.com\/?q=Buy+ADBB+Online&amp;t=h_&amp;ia=web\">order for ADB Butinaca<\/a>.<\/p>\n<p>Czy butinaca adb jest regulowany? zakup adb butinaca dea, zakup adb butinaca kajmany, zakup adb butinaca na sprzeda\u017c<\/p>\n<p>Gdzie mog\u0119 kupi\u0107 adb butinaca, jak mog\u0119 kupi\u0107 wysokiej jako\u015bci adb butinaca, gdzie mog\u0119 kupi\u0107 adb butinaca i gdzie mog\u0119 dosta\u0107 5f-adb?<\/p>\n<p>7-adb, trrcshop, 5f-adb-33n, adb-butinaca psychonauta, zastosowania, skutki uboczne i legalne \u017ar\u00f3d\u0142a zakupu adb butinaca<\/p>\n<p>&nbsp;<\/p>\n<p>&nbsp;<\/p>","protected":false},"excerpt":{"rendered":"<p>ADBB Powder for Sale Buy ADBB Online Certain synthetic cannabis products contain components of a newly developed synthetic narcotic called ADBB. They are the strong agonists with EC50 values of 0.52 nM and 0.88 nM, respectively. of receptors for CB1 and CB2. Nevertheless, nothing is known about this compound&#8217;s physiological or toxicological characteristics. What is &hellip;<\/p>\n<p class=\"read-more\"> <a class=\"\" href=\"https:\/\/legitgrams.com\/pl\/produkt\/adbb\/\"> <span class=\"screen-reader-text\">Kup ADBB online<\/span> Czytaj wi\u0119cej \"<\/a><\/p>","protected":false},"featured_media":3326,"comment_status":"open","ping_status":"closed","template":"","meta":{"_uag_custom_page_level_css":"","site-sidebar-layout":"default","site-content-layout":"default","ast-global-header-display":"","ast-main-header-display":"","ast-hfb-above-header-display":"","ast-hfb-below-header-display":"","ast-hfb-mobile-header-display":"","site-post-title":"","ast-breadcrumbs-content":"","ast-featured-img":"","footer-sml-layout":"","theme-transparent-header-meta":"default","adv-header-id-meta":"","stick-header-meta":"default","header-above-stick-meta":"","header-main-stick-meta":"","header-below-stick-meta":"","_joinchat":[]},"product_brand":[],"product_cat":[190],"product_tag":[191,192,193,194],"class_list":{"0":"post-3310","1":"product","2":"type-product","3":"status-publish","4":"has-post-thumbnail","6":"product_cat-cannabinoids","7":"product_tag-adb-powder-for-sale","8":"product_tag-buy-adbb","9":"product_tag-buy-adbb-powder-online","10":"product_tag-pure-adbb-powder-online-for-sale","11":"desktop-align-left","12":"tablet-align-left","13":"mobile-align-left","14":"ast-product-gallery-layout-horizontal","15":"ast-product-gallery-with-no-image","16":"ast-product-single-variable","17":"ast-product-tabs-layout-horizontal","18":"ast-qv-on-image","20":"first","21":"instock","22":"shipping-taxable","23":"purchasable","24":"product-type-variable"},"yoast_head":"<!-- This site is optimized with the Yoast SEO plugin v25.9 - https:\/\/yoast.com\/wordpress\/plugins\/seo\/ -->\n<title>ADBB for Sale - Order ADBB Online - Buy ADBB Powder Online<\/title>\n<meta name=\"description\" content=\"Where to buy adbb online at the best price? Find high-quality adbb for sale at our secure online store, catering to your research requirements. Order Now\" \/>\n<meta name=\"robots\" content=\"index, follow, max-snippet:-1, max-image-preview:large, max-video-preview:-1\" \/>\n<link rel=\"canonical\" href=\"https:\/\/legitgrams.com\/pl\/produkt\/adbb\/\" \/>\n<meta property=\"og:locale\" content=\"pl_PL\" \/>\n<meta property=\"og:type\" content=\"article\" \/>\n<meta property=\"og:title\" content=\"ADBB for Sale - Order ADBB Online - Buy ADBB Powder Online\" \/>\n<meta property=\"og:description\" content=\"Where to buy adbb online at the best price? Find high-quality adbb for sale at our secure online store, catering to your research requirements. Order Now\" \/>\n<meta property=\"og:url\" content=\"https:\/\/legitgrams.com\/pl\/produkt\/adbb\/\" \/>\n<meta property=\"og:site_name\" content=\"Legit Grams\" \/>\n<meta property=\"article:modified_time\" content=\"2025-03-08T05:52:58+00:00\" \/>\n<meta property=\"og:image\" content=\"https:\/\/legitgrams.com\/wp-content\/uploads\/2024\/08\/ADBB.gif\" \/>\n\t<meta property=\"og:image:width\" content=\"600\" \/>\n\t<meta property=\"og:image:height\" content=\"600\" \/>\n\t<meta property=\"og:image:type\" content=\"image\/gif\" \/>\n<meta name=\"twitter:card\" content=\"summary_large_image\" \/>\n<meta name=\"twitter:label1\" content=\"Szacowany czas czytania\" \/>\n\t<meta name=\"twitter:data1\" content=\"3 minuty\" \/>\n<script type=\"application\/ld+json\" class=\"yoast-schema-graph\">{\"@context\":\"https:\/\/schema.org\",\"@graph\":[{\"@type\":\"WebPage\",\"@id\":\"https:\/\/legitgrams.com\/product\/adbb\/\",\"url\":\"https:\/\/legitgrams.com\/product\/adbb\/\",\"name\":\"ADBB for Sale - Order ADBB Online - Buy ADBB Powder Online\",\"isPartOf\":{\"@id\":\"https:\/\/legitgrams.com\/#website\"},\"primaryImageOfPage\":{\"@id\":\"https:\/\/legitgrams.com\/product\/adbb\/#primaryimage\"},\"image\":{\"@id\":\"https:\/\/legitgrams.com\/product\/adbb\/#primaryimage\"},\"thumbnailUrl\":\"https:\/\/legitgrams.com\/wp-content\/uploads\/2024\/08\/ADBB.gif\",\"datePublished\":\"2024-08-03T05:49:56+00:00\",\"dateModified\":\"2025-03-08T05:52:58+00:00\",\"description\":\"Where to buy adbb online at the best price? Find high-quality adbb for sale at our secure online store, catering to your research requirements. Order Now\",\"breadcrumb\":{\"@id\":\"https:\/\/legitgrams.com\/product\/adbb\/#breadcrumb\"},\"inLanguage\":\"pl-PL\",\"potentialAction\":[{\"@type\":\"ReadAction\",\"target\":[\"https:\/\/legitgrams.com\/product\/adbb\/\"]}]},{\"@type\":\"ImageObject\",\"inLanguage\":\"pl-PL\",\"@id\":\"https:\/\/legitgrams.com\/product\/adbb\/#primaryimage\",\"url\":\"https:\/\/legitgrams.com\/wp-content\/uploads\/2024\/08\/ADBB.gif\",\"contentUrl\":\"https:\/\/legitgrams.com\/wp-content\/uploads\/2024\/08\/ADBB.gif\",\"width\":600,\"height\":600,\"caption\":\"ADBB Powder for Sale\"},{\"@type\":\"BreadcrumbList\",\"@id\":\"https:\/\/legitgrams.com\/product\/adbb\/#breadcrumb\",\"itemListElement\":[{\"@type\":\"ListItem\",\"position\":1,\"name\":\"Home\",\"item\":\"https:\/\/legitgrams.com\/\"},{\"@type\":\"ListItem\",\"position\":2,\"name\":\"Shop\",\"item\":\"https:\/\/legitgrams.com\/shop\/\"},{\"@type\":\"ListItem\",\"position\":3,\"name\":\"Buy ADBB Online\"}]},{\"@type\":\"WebSite\",\"@id\":\"https:\/\/legitgrams.com\/#website\",\"url\":\"https:\/\/legitgrams.com\/\",\"name\":\"Legit Grams\",\"description\":\"My WordPress Blog\",\"publisher\":{\"@id\":\"https:\/\/legitgrams.com\/#organization\"},\"potentialAction\":[{\"@type\":\"SearchAction\",\"target\":{\"@type\":\"EntryPoint\",\"urlTemplate\":\"https:\/\/legitgrams.com\/?s={search_term_string}\"},\"query-input\":{\"@type\":\"PropertyValueSpecification\",\"valueRequired\":true,\"valueName\":\"search_term_string\"}}],\"inLanguage\":\"pl-PL\"},{\"@type\":\"Organization\",\"@id\":\"https:\/\/legitgrams.com\/#organization\",\"name\":\"Legit Grams\",\"url\":\"https:\/\/legitgrams.com\/\",\"logo\":{\"@type\":\"ImageObject\",\"inLanguage\":\"pl-PL\",\"@id\":\"https:\/\/legitgrams.com\/#\/schema\/logo\/image\/\",\"url\":\"https:\/\/legitgrams.com\/wp-content\/uploads\/2024\/09\/main-logo.png\",\"contentUrl\":\"https:\/\/legitgrams.com\/wp-content\/uploads\/2024\/09\/main-logo.png\",\"width\":270,\"height\":75,\"caption\":\"Legit Grams\"},\"image\":{\"@id\":\"https:\/\/legitgrams.com\/#\/schema\/logo\/image\/\"}}]}<\/script>\n<!-- \/ Yoast SEO plugin. -->","yoast_head_json":{"title":"ADBB na sprzeda\u017c - Zam\u00f3w ADBB online - Kup proszek ADBB online","description":"Gdzie kupi\u0107 adbb online w najlepszej cenie? Znajd\u017a wysokiej jako\u015bci adbb na sprzeda\u017c w naszym bezpiecznym sklepie internetowym, spe\u0142niaj\u0105cym Twoje wymagania badawcze. Zam\u00f3w teraz","robots":{"index":"index","follow":"follow","max-snippet":"max-snippet:-1","max-image-preview":"max-image-preview:large","max-video-preview":"max-video-preview:-1"},"canonical":"https:\/\/legitgrams.com\/pl\/produkt\/adbb\/","og_locale":"pl_PL","og_type":"article","og_title":"ADBB for Sale - Order ADBB Online - Buy ADBB Powder Online","og_description":"Where to buy adbb online at the best price? Find high-quality adbb for sale at our secure online store, catering to your research requirements. Order Now","og_url":"https:\/\/legitgrams.com\/pl\/produkt\/adbb\/","og_site_name":"Legit Grams","article_modified_time":"2025-03-08T05:52:58+00:00","og_image":[{"width":600,"height":600,"url":"https:\/\/legitgrams.com\/wp-content\/uploads\/2024\/08\/ADBB.gif","type":"image\/gif"}],"twitter_card":"summary_large_image","twitter_misc":{"Szacowany czas czytania":"3 minuty"},"schema":{"@context":"https:\/\/schema.org","@graph":[{"@type":"WebPage","@id":"https:\/\/legitgrams.com\/product\/adbb\/","url":"https:\/\/legitgrams.com\/product\/adbb\/","name":"ADBB na sprzeda\u017c - Zam\u00f3w ADBB online - Kup proszek ADBB online","isPartOf":{"@id":"https:\/\/legitgrams.com\/#website"},"primaryImageOfPage":{"@id":"https:\/\/legitgrams.com\/product\/adbb\/#primaryimage"},"image":{"@id":"https:\/\/legitgrams.com\/product\/adbb\/#primaryimage"},"thumbnailUrl":"https:\/\/legitgrams.com\/wp-content\/uploads\/2024\/08\/ADBB.gif","datePublished":"2024-08-03T05:49:56+00:00","dateModified":"2025-03-08T05:52:58+00:00","description":"Gdzie kupi\u0107 adbb online w najlepszej cenie? Znajd\u017a wysokiej jako\u015bci adbb na sprzeda\u017c w naszym bezpiecznym sklepie internetowym, spe\u0142niaj\u0105cym Twoje wymagania badawcze. Zam\u00f3w teraz","breadcrumb":{"@id":"https:\/\/legitgrams.com\/product\/adbb\/#breadcrumb"},"inLanguage":"pl-PL","potentialAction":[{"@type":"ReadAction","target":["https:\/\/legitgrams.com\/product\/adbb\/"]}]},{"@type":"ImageObject","inLanguage":"pl-PL","@id":"https:\/\/legitgrams.com\/product\/adbb\/#primaryimage","url":"https:\/\/legitgrams.com\/wp-content\/uploads\/2024\/08\/ADBB.gif","contentUrl":"https:\/\/legitgrams.com\/wp-content\/uploads\/2024\/08\/ADBB.gif","width":600,"height":600,"caption":"ADBB Powder for Sale"},{"@type":"BreadcrumbList","@id":"https:\/\/legitgrams.com\/product\/adbb\/#breadcrumb","itemListElement":[{"@type":"ListItem","position":1,"name":"Home","item":"https:\/\/legitgrams.com\/"},{"@type":"ListItem","position":2,"name":"Shop","item":"https:\/\/legitgrams.com\/shop\/"},{"@type":"ListItem","position":3,"name":"Buy ADBB Online"}]},{"@type":"WebSite","@id":"https:\/\/legitgrams.com\/#website","url":"https:\/\/legitgrams.com\/","name":"Legit Grams","description":"M\u00f3j blog WordPress","publisher":{"@id":"https:\/\/legitgrams.com\/#organization"},"potentialAction":[{"@type":"SearchAction","target":{"@type":"EntryPoint","urlTemplate":"https:\/\/legitgrams.com\/?s={search_term_string}"},"query-input":{"@type":"PropertyValueSpecification","valueRequired":true,"valueName":"search_term_string"}}],"inLanguage":"pl-PL"},{"@type":"Organization","@id":"https:\/\/legitgrams.com\/#organization","name":"Legit Grams","url":"https:\/\/legitgrams.com\/","logo":{"@type":"ImageObject","inLanguage":"pl-PL","@id":"https:\/\/legitgrams.com\/#\/schema\/logo\/image\/","url":"https:\/\/legitgrams.com\/wp-content\/uploads\/2024\/09\/main-logo.png","contentUrl":"https:\/\/legitgrams.com\/wp-content\/uploads\/2024\/09\/main-logo.png","width":270,"height":75,"caption":"Legit Grams"},"image":{"@id":"https:\/\/legitgrams.com\/#\/schema\/logo\/image\/"}}]}},"uagb_featured_image_src":{"full":["https:\/\/legitgrams.com\/wp-content\/uploads\/2024\/08\/ADBB.gif",600,600,false],"thumbnail":["https:\/\/legitgrams.com\/wp-content\/uploads\/2024\/08\/ADBB-150x150.gif",150,150,true],"medium":["https:\/\/legitgrams.com\/wp-content\/uploads\/2024\/08\/ADBB-300x300.gif",300,300,true],"medium_large":["https:\/\/legitgrams.com\/wp-content\/uploads\/2024\/08\/ADBB.gif",600,600,false],"large":["https:\/\/legitgrams.com\/wp-content\/uploads\/2024\/08\/ADBB.gif",600,600,false],"1536x1536":["https:\/\/legitgrams.com\/wp-content\/uploads\/2024\/08\/ADBB.gif",600,600,false],"2048x2048":["https:\/\/legitgrams.com\/wp-content\/uploads\/2024\/08\/ADBB.gif",600,600,false],"trp-custom-language-flag":["https:\/\/legitgrams.com\/wp-content\/uploads\/2024\/08\/ADBB-12x12.gif",12,12,true],"woocommerce_thumbnail":["https:\/\/legitgrams.com\/wp-content\/uploads\/2024\/08\/ADBB-300x300.gif",300,300,true],"woocommerce_single":["https:\/\/legitgrams.com\/wp-content\/uploads\/2024\/08\/ADBB.gif",600,600,false],"woocommerce_gallery_thumbnail":["https:\/\/legitgrams.com\/wp-content\/uploads\/2024\/08\/ADBB-100x100.gif",100,100,true]},"uagb_author_info":{"display_name":"cokeblog18","author_link":"https:\/\/legitgrams.com\/pl\/author\/"},"uagb_comment_info":0,"uagb_excerpt":"ADBB Powder for Sale Buy ADBB Online Certain synthetic cannabis products contain components of a newly developed synthetic narcotic called ADBB. They are the strong agonists with EC50 values of 0.52 nM and 0.88 nM, respectively. of receptors for CB1 and CB2. Nevertheless, nothing is known about this compound&#8217;s physiological or toxicological characteristics. What is&hellip;","_links":{"self":[{"href":"https:\/\/legitgrams.com\/pl\/wp-json\/wp\/v2\/product\/3310","targetHints":{"allow":["GET"]}}],"collection":[{"href":"https:\/\/legitgrams.com\/pl\/wp-json\/wp\/v2\/product"}],"about":[{"href":"https:\/\/legitgrams.com\/pl\/wp-json\/wp\/v2\/types\/product"}],"replies":[{"embeddable":true,"href":"https:\/\/legitgrams.com\/pl\/wp-json\/wp\/v2\/comments?post=3310"}],"wp:featuredmedia":[{"embeddable":true,"href":"https:\/\/legitgrams.com\/pl\/wp-json\/wp\/v2\/media\/3326"}],"wp:attachment":[{"href":"https:\/\/legitgrams.com\/pl\/wp-json\/wp\/v2\/media?parent=3310"}],"wp:term":[{"taxonomy":"product_brand","embeddable":true,"href":"https:\/\/legitgrams.com\/pl\/wp-json\/wp\/v2\/product_brand?post=3310"},{"taxonomy":"product_cat","embeddable":true,"href":"https:\/\/legitgrams.com\/pl\/wp-json\/wp\/v2\/product_cat?post=3310"},{"taxonomy":"product_tag","embeddable":true,"href":"https:\/\/legitgrams.com\/pl\/wp-json\/wp\/v2\/product_tag?post=3310"}],"curies":[{"name":"wp","href":"https:\/\/api.w.org\/{rel}","templated":true}]}}