{"id":3312,"date":"2024-08-03T05:49:15","date_gmt":"2024-08-03T05:49:15","guid":{"rendered":"https:\/\/cokebricks.com\/?post_type=product&#038;p=3312"},"modified":"2025-01-11T11:05:33","modified_gmt":"2025-01-11T11:05:33","slug":"4fbca","status":"publish","type":"product","link":"https:\/\/legitgrams.com\/pl\/produkt\/4fbca\/","title":{"rendered":"4F-BCA"},"content":{"rendered":"<h2>4F-BCA na sprzeda\u017c od renomowanych ekspert\u00f3w w dziedzinie kannabinoid\u00f3w<\/h2>\n<p><a href=\"https:\/\/legitgrams.com\/pl\/produkt\/4fbca\/\">4F-BCA<\/a> jest jednym z najnowszych legalnych produkt\u00f3w konopnych. Badany zwi\u0105zek chemiczny jest \u017c\u00f3\u0142ty i czysty w 99,6%. Zwi\u0105zek chemiczny musi by\u0107 przechowywany w ch\u0142odnym, suchym miejscu. Lek dzia\u0142a podobnie do lek\u00f3w 4adb i 5adb.<\/p>\n<p>Gdy tylko 4f-adb zosta\u0142 zakazany w Chinach, opracowano 4f-BCA, aby go zast\u0105pi\u0107. Najnowsze eksperymentalne syntetyzowane cz\u0105steczki klasy konopi, kt\u00f3re s\u0105 na rynku, to 4f-BCA i 5f-aeb-2201. Ka\u017cda z nich zast\u0119puje oryginalne 4f-adb i 5f-mdm-2201 4f-adb i 5f-mdm-2201.<\/p>\n<p>Inny <a href=\"https:\/\/en.wikipedia.org\/\">LegitGrams<\/a> dla test\u00f3w logicznych wynosi 4fbca. <a href=\"https:\/\/en.wikipedia.org\/wiki\/BCA\">4FBCA<\/a> jest dobrze znanym, niedawno odkrytym kannabinoidem o silnej historii. Profesjonali\u015bci z odpowiednimi kwalifikacjami, kt\u00f3rzy niedawno mieli do czynienia z silnym syntetycznym konopiem indyjskim, mog\u0105<\/p>\n<h3>Znani eksperci w dziedzinie kannabinoid\u00f3w sprzedaj\u0105 4F-BCA<\/h3>\n<p>nabyj 4FBCA. Podobnie jak 4f-adb i 5f-adb, dzia\u0142a podobnie. 4fbca jest dost\u0119pny online u renomowanych dostawc\u00f3w, takich jak LegitGrams.<\/p>\n<p>Zainwestuj w 99,7% cnoty 4F-BCA. Dok\u0142adamy wszelkich stara\u0144, aby wszystkie nasze produkty, w tym konopie, kt\u00f3re od nas kupujesz, spe\u0142nia\u0142y najwy\u017csze mo\u017cliwe standardy. Innymi s\u0142owy, wystarczy poprosi\u0107 Legit Cannabis o 99,7% czystej medycznej marihuany.<\/p>\n<p>Jaki jest najlepszy sklep z 4F-BCA? 4F-BCA oferuje legalne kannabinoidy w rozs\u0105dnej cenie online. Nasze bogate do\u015bwiadczenie w tej dziedzinie pozwala nam zrozumie\u0107, co my\u015bl\u0105 klienci. Nasz zesp\u00f3\u0142 oddanych i pracowitych profesjonalist\u00f3w chce oferowa\u0107 nasze us\u0142ugi i produkty ka\u017cdemu, zapewniaj\u0105c, \u017ce jako\u015b\u0107 produktu ko\u0144cowego jest zgodna z Twoimi oczekiwaniami. W rezultacie nigdy nie idziemy na kompromis w tej kwestii. W dowolne miejsce na \u015bwiecie mo\u017cemy wys\u0142a\u0107 dowolny z naszych oryginalnych produkt\u00f3w. W\u015br\u00f3d cech, kt\u00f3re wyr\u00f3\u017cniaj\u0105 nasz\u0105 firm\u0119 na tle konkurencji, znajduj\u0105 si\u0119 dyskretne pakowanie, odpowiednie etykietowanie dawkowania, terminowa dostawa, najwy\u017cszej jako\u015bci 4F-BCA na sprzeda\u017c i bezpieczna wysy\u0142ka.<\/p>\n<p>Na naszej stronie internetowej udost\u0119pniamy Legit Grams dla bezpiecznych i prostych zakup\u00f3w online. Dok\u0142adamy wszelkich stara\u0144, aby chroni\u0107 wszystkie dane naszych klient\u00f3w w naszym systemie. Ponadto wszystkie nasze transakcje finansowe s\u0105 bezpieczne i chronione.<\/p>\n<h3>Technika u\u017cytkowania<\/h3>\n<p>Dok\u0142adniej rzecz bior\u0105c, obecnie nie ma dost\u0119pnych informacji na temat zastosowa\u0144 4F-BCA w sprzeda\u017cy. Czasami osoby bezdomne lub cierpi\u0105ce na silny niepok\u00f3j zwracaj\u0105 si\u0119 ku narkotykom jako procesowi uspokajaj\u0105cemu. Palenie jest najpopularniejsz\u0105 metod\u0105 przyjmowania, chocia\u017c mo\u017cna je r\u00f3wnie\u017c przyjmowa\u0107 doustnie. Wa\u017cniejsza od metody podawania jest dok\u0142adna ilo\u015b\u0107 i ilo\u015b\u0107 podawanego leku.<\/p>\n<p>Wi\u0119kszo\u015b\u0107 ludzi nie zdaje sobie sprawy z dok\u0142adnej ilo\u015bci lub sk\u0142adnika, kt\u00f3ry spo\u017cywaj\u0105. Zgodnie z wynikami bada\u0144 medycznych, leki te nie maj\u0105 zastosowania w handlu, przemy\u015ble ani medycynie.<\/p>\n<h3>Do czego s\u0142u\u017cy proszek 4F-BCA?<\/h3>\n<p>Zainwestuj w najwy\u017cszej jako\u015bci proszek 4F-BCA, jaki jest dost\u0119pny. Kupuj w r\u00f3\u017cnych ilo\u015bciach (10 g, 50 g, 100 g, 500 g, 1000 g). Przechowuj proszek w ch\u0142odnym i suchym miejscu, aby przed\u0142u\u017cy\u0107 jego przydatno\u015b\u0107 do spo\u017cycia. Podczas obchodzenia si\u0119 z chemikaliami badawczymi w laboratorium zawsze pami\u0119taj o podj\u0119ciu wymaganych \u015brodk\u00f3w ostro\u017cno\u015bci, takich jak noszenie r\u0119kawiczek, maski, odzie\u017cy ochronnej i czyszczenie powierzchni. Kup Genuine Grams 4F-BCA online. Aby z\u0142o\u017cy\u0107 zam\u00f3wienie online na 4F-BCA, skontaktuj si\u0119 z legitgrams!<\/p>\n<p>&nbsp;<\/p>","protected":false},"excerpt":{"rendered":"<p>4F-MDMB-BINACA, cz\u0119sto okre\u015blana jako MDMB-4F-BINACA, 4F-MDMB-BUTINACA lub 4F-ADB, to syntetyczny kannabinoid pochodz\u0105cy z indazoli i cz\u0142onek rodziny indazolo-3-karboksyamid\u00f3w. Jest on sprzedawany jako lek designerski od ko\u0144ca 2018 roku i stosowany jako aktywny sk\u0142adnik syntetycznych produkt\u00f3w z konopi indyjskich. Nie wiadomo, czy 4F-MDMB-BINACA jest selektywna dla receptora CB1, jednak jest agonist\u0105 tego receptora (EC50 = 7,39 nM). W grudniu 2019 r. UNODC opublikowa\u0142a zalecenia dotycz\u0105ce umieszczania 4F-MDMB-BINACA w wykazie II na ca\u0142ym \u015bwiecie.<\/p>","protected":false},"featured_media":5527,"comment_status":"open","ping_status":"closed","template":"","meta":{"_uag_custom_page_level_css":"","site-sidebar-layout":"default","site-content-layout":"default","ast-global-header-display":"","ast-main-header-display":"","ast-hfb-above-header-display":"","ast-hfb-below-header-display":"","ast-hfb-mobile-header-display":"","site-post-title":"","ast-breadcrumbs-content":"","ast-featured-img":"","footer-sml-layout":"","theme-transparent-header-meta":"default","adv-header-id-meta":"","stick-header-meta":"default","header-above-stick-meta":"","header-main-stick-meta":"","header-below-stick-meta":"","_joinchat":[]},"product_brand":[],"product_cat":[190],"product_tag":[233,234,235,236,237,238,239,240,241,242,243,244,245,246,247,248,249,250,251],"class_list":{"0":"post-3312","1":"product","2":"type-product","3":"status-publish","4":"has-post-thumbnail","6":"product_cat-cannabinoids","7":"product_tag-4f-adb-experience","8":"product_tag-4f-adb-reddit","9":"product_tag-4f-adb-review","10":"product_tag-4fadb-dosage-4f-adb-psychonaut","11":"product_tag-5f-mdmb-2201","12":"product_tag-5f-mdmb-2201-dosage","13":"product_tag-5f-mdmb-2201-opinie","14":"product_tag-5f-mdmb-2201-reddit","15":"product_tag-5f-mdmb-2201-review","16":"product_tag-5f-mdmb-2201-wiki","17":"product_tag-5f-mdmb2201-cannabinoid","18":"product_tag-5f-mdmbcayman","19":"product_tag-5fadb-cbf","20":"product_tag-5fadb-dosage","21":"product_tag-5fadb-toxicity","22":"product_tag-5fmbmb-2201","23":"product_tag-5fmdmb-2201-psychonaut","24":"product_tag-5fmdmb2201-5f-mdmb-2201-kannabinoid","25":"product_tag-buy-4f-adb","26":"desktop-align-left","27":"tablet-align-left","28":"mobile-align-left","29":"ast-product-gallery-layout-horizontal","30":"ast-product-gallery-with-no-image","31":"ast-product-single-variable","32":"ast-product-tabs-layout-horizontal","33":"ast-qv-on-image","35":"first","36":"instock","37":"shipping-taxable","38":"purchasable","39":"product-type-variable"},"yoast_head":"<!-- This site is optimized with the Yoast SEO plugin v25.9 - https:\/\/yoast.com\/wordpress\/plugins\/seo\/ -->\n<title>4F-BCA for Sale - Buy 4F-BCA Powder Online @ Best Price<\/title>\n<meta name=\"description\" content=\"Explore our online store for 4F-BCA powder for sale, offering high-quality 4F-BCA. Buy 4F-BCA online securely and embark on your research journey with confidence. Order Now!\" \/>\n<meta name=\"robots\" content=\"index, follow, max-snippet:-1, max-image-preview:large, max-video-preview:-1\" \/>\n<link rel=\"canonical\" href=\"https:\/\/legitgrams.com\/pl\/produkt\/4fbca\/\" \/>\n<meta property=\"og:locale\" content=\"pl_PL\" \/>\n<meta property=\"og:type\" content=\"article\" \/>\n<meta property=\"og:title\" content=\"4F-BCA for Sale - Buy 4F-BCA Powder Online @ Best Price\" \/>\n<meta property=\"og:description\" content=\"Explore our online store for 4F-BCA powder for sale, offering high-quality 4F-BCA. Buy 4F-BCA online securely and embark on your research journey with confidence. Order Now!\" \/>\n<meta property=\"og:url\" content=\"https:\/\/legitgrams.com\/pl\/produkt\/4fbca\/\" \/>\n<meta property=\"og:site_name\" content=\"Legit Grams\" \/>\n<meta property=\"article:modified_time\" content=\"2025-01-11T11:05:33+00:00\" \/>\n<meta property=\"og:image\" content=\"https:\/\/legitgrams.com\/wp-content\/uploads\/2024\/08\/4f-bca-1.gif\" \/>\n\t<meta property=\"og:image:width\" content=\"300\" \/>\n\t<meta property=\"og:image:height\" content=\"300\" \/>\n\t<meta property=\"og:image:type\" content=\"image\/gif\" \/>\n<meta name=\"twitter:card\" content=\"summary_large_image\" \/>\n<meta name=\"twitter:label1\" content=\"Szacowany czas czytania\" \/>\n\t<meta name=\"twitter:data1\" content=\"3 minuty\" \/>\n<script type=\"application\/ld+json\" class=\"yoast-schema-graph\">{\"@context\":\"https:\/\/schema.org\",\"@graph\":[{\"@type\":\"WebPage\",\"@id\":\"https:\/\/legitgrams.com\/product\/4fbca\/\",\"url\":\"https:\/\/legitgrams.com\/product\/4fbca\/\",\"name\":\"4F-BCA for Sale - Buy 4F-BCA Powder Online @ Best Price\",\"isPartOf\":{\"@id\":\"https:\/\/legitgrams.com\/#website\"},\"primaryImageOfPage\":{\"@id\":\"https:\/\/legitgrams.com\/product\/4fbca\/#primaryimage\"},\"image\":{\"@id\":\"https:\/\/legitgrams.com\/product\/4fbca\/#primaryimage\"},\"thumbnailUrl\":\"https:\/\/legitgrams.com\/wp-content\/uploads\/2024\/08\/4f-bca-1.gif\",\"datePublished\":\"2024-08-03T05:49:15+00:00\",\"dateModified\":\"2025-01-11T11:05:33+00:00\",\"description\":\"Explore our online store for 4F-BCA powder for sale, offering high-quality 4F-BCA. Buy 4F-BCA online securely and embark on your research journey with confidence. Order Now!\",\"breadcrumb\":{\"@id\":\"https:\/\/legitgrams.com\/product\/4fbca\/#breadcrumb\"},\"inLanguage\":\"pl-PL\",\"potentialAction\":[{\"@type\":\"ReadAction\",\"target\":[\"https:\/\/legitgrams.com\/product\/4fbca\/\"]}]},{\"@type\":\"ImageObject\",\"inLanguage\":\"pl-PL\",\"@id\":\"https:\/\/legitgrams.com\/product\/4fbca\/#primaryimage\",\"url\":\"https:\/\/legitgrams.com\/wp-content\/uploads\/2024\/08\/4f-bca-1.gif\",\"contentUrl\":\"https:\/\/legitgrams.com\/wp-content\/uploads\/2024\/08\/4f-bca-1.gif\",\"width\":300,\"height\":300,\"caption\":\"4F-BCA for Sale\"},{\"@type\":\"BreadcrumbList\",\"@id\":\"https:\/\/legitgrams.com\/product\/4fbca\/#breadcrumb\",\"itemListElement\":[{\"@type\":\"ListItem\",\"position\":1,\"name\":\"Home\",\"item\":\"https:\/\/legitgrams.com\/\"},{\"@type\":\"ListItem\",\"position\":2,\"name\":\"Shop\",\"item\":\"https:\/\/legitgrams.com\/shop\/\"},{\"@type\":\"ListItem\",\"position\":3,\"name\":\"4F-BCA\"}]},{\"@type\":\"WebSite\",\"@id\":\"https:\/\/legitgrams.com\/#website\",\"url\":\"https:\/\/legitgrams.com\/\",\"name\":\"Legit Grams\",\"description\":\"My WordPress Blog\",\"publisher\":{\"@id\":\"https:\/\/legitgrams.com\/#organization\"},\"potentialAction\":[{\"@type\":\"SearchAction\",\"target\":{\"@type\":\"EntryPoint\",\"urlTemplate\":\"https:\/\/legitgrams.com\/?s={search_term_string}\"},\"query-input\":{\"@type\":\"PropertyValueSpecification\",\"valueRequired\":true,\"valueName\":\"search_term_string\"}}],\"inLanguage\":\"pl-PL\"},{\"@type\":\"Organization\",\"@id\":\"https:\/\/legitgrams.com\/#organization\",\"name\":\"Legit Grams\",\"url\":\"https:\/\/legitgrams.com\/\",\"logo\":{\"@type\":\"ImageObject\",\"inLanguage\":\"pl-PL\",\"@id\":\"https:\/\/legitgrams.com\/#\/schema\/logo\/image\/\",\"url\":\"https:\/\/legitgrams.com\/wp-content\/uploads\/2024\/09\/main-logo.png\",\"contentUrl\":\"https:\/\/legitgrams.com\/wp-content\/uploads\/2024\/09\/main-logo.png\",\"width\":270,\"height\":75,\"caption\":\"Legit Grams\"},\"image\":{\"@id\":\"https:\/\/legitgrams.com\/#\/schema\/logo\/image\/\"}}]}<\/script>\n<!-- \/ Yoast SEO plugin. -->","yoast_head_json":{"title":"4F-BCA na sprzeda\u017c - Kup proszek 4F-BCA online w najlepszej cenie","description":"Zapoznaj si\u0119 z naszym sklepem internetowym z proszkiem 4F-BCA na sprzeda\u017c, oferuj\u0105cym wysokiej jako\u015bci 4F-BCA. Kupuj 4F-BCA online bezpiecznie i wyrusz w swoj\u0105 podr\u00f3\u017c badawcz\u0105 z pewno\u015bci\u0105 siebie. Zam\u00f3w teraz!","robots":{"index":"index","follow":"follow","max-snippet":"max-snippet:-1","max-image-preview":"max-image-preview:large","max-video-preview":"max-video-preview:-1"},"canonical":"https:\/\/legitgrams.com\/pl\/produkt\/4fbca\/","og_locale":"pl_PL","og_type":"article","og_title":"4F-BCA for Sale - Buy 4F-BCA Powder Online @ Best Price","og_description":"Explore our online store for 4F-BCA powder for sale, offering high-quality 4F-BCA. Buy 4F-BCA online securely and embark on your research journey with confidence. Order Now!","og_url":"https:\/\/legitgrams.com\/pl\/produkt\/4fbca\/","og_site_name":"Legit Grams","article_modified_time":"2025-01-11T11:05:33+00:00","og_image":[{"width":300,"height":300,"url":"https:\/\/legitgrams.com\/wp-content\/uploads\/2024\/08\/4f-bca-1.gif","type":"image\/gif"}],"twitter_card":"summary_large_image","twitter_misc":{"Szacowany czas czytania":"3 minuty"},"schema":{"@context":"https:\/\/schema.org","@graph":[{"@type":"WebPage","@id":"https:\/\/legitgrams.com\/product\/4fbca\/","url":"https:\/\/legitgrams.com\/product\/4fbca\/","name":"4F-BCA na sprzeda\u017c - Kup proszek 4F-BCA online w najlepszej cenie","isPartOf":{"@id":"https:\/\/legitgrams.com\/#website"},"primaryImageOfPage":{"@id":"https:\/\/legitgrams.com\/product\/4fbca\/#primaryimage"},"image":{"@id":"https:\/\/legitgrams.com\/product\/4fbca\/#primaryimage"},"thumbnailUrl":"https:\/\/legitgrams.com\/wp-content\/uploads\/2024\/08\/4f-bca-1.gif","datePublished":"2024-08-03T05:49:15+00:00","dateModified":"2025-01-11T11:05:33+00:00","description":"Zapoznaj si\u0119 z naszym sklepem internetowym z proszkiem 4F-BCA na sprzeda\u017c, oferuj\u0105cym wysokiej jako\u015bci 4F-BCA. Kupuj 4F-BCA online bezpiecznie i wyrusz w swoj\u0105 podr\u00f3\u017c badawcz\u0105 z pewno\u015bci\u0105 siebie. Zam\u00f3w teraz!","breadcrumb":{"@id":"https:\/\/legitgrams.com\/product\/4fbca\/#breadcrumb"},"inLanguage":"pl-PL","potentialAction":[{"@type":"ReadAction","target":["https:\/\/legitgrams.com\/product\/4fbca\/"]}]},{"@type":"ImageObject","inLanguage":"pl-PL","@id":"https:\/\/legitgrams.com\/product\/4fbca\/#primaryimage","url":"https:\/\/legitgrams.com\/wp-content\/uploads\/2024\/08\/4f-bca-1.gif","contentUrl":"https:\/\/legitgrams.com\/wp-content\/uploads\/2024\/08\/4f-bca-1.gif","width":300,"height":300,"caption":"4F-BCA for Sale"},{"@type":"BreadcrumbList","@id":"https:\/\/legitgrams.com\/product\/4fbca\/#breadcrumb","itemListElement":[{"@type":"ListItem","position":1,"name":"Home","item":"https:\/\/legitgrams.com\/"},{"@type":"ListItem","position":2,"name":"Shop","item":"https:\/\/legitgrams.com\/shop\/"},{"@type":"ListItem","position":3,"name":"4F-BCA"}]},{"@type":"WebSite","@id":"https:\/\/legitgrams.com\/#website","url":"https:\/\/legitgrams.com\/","name":"Legit Grams","description":"M\u00f3j blog WordPress","publisher":{"@id":"https:\/\/legitgrams.com\/#organization"},"potentialAction":[{"@type":"SearchAction","target":{"@type":"EntryPoint","urlTemplate":"https:\/\/legitgrams.com\/?s={search_term_string}"},"query-input":{"@type":"PropertyValueSpecification","valueRequired":true,"valueName":"search_term_string"}}],"inLanguage":"pl-PL"},{"@type":"Organization","@id":"https:\/\/legitgrams.com\/#organization","name":"Legit Grams","url":"https:\/\/legitgrams.com\/","logo":{"@type":"ImageObject","inLanguage":"pl-PL","@id":"https:\/\/legitgrams.com\/#\/schema\/logo\/image\/","url":"https:\/\/legitgrams.com\/wp-content\/uploads\/2024\/09\/main-logo.png","contentUrl":"https:\/\/legitgrams.com\/wp-content\/uploads\/2024\/09\/main-logo.png","width":270,"height":75,"caption":"Legit Grams"},"image":{"@id":"https:\/\/legitgrams.com\/#\/schema\/logo\/image\/"}}]}},"uagb_featured_image_src":{"full":["https:\/\/legitgrams.com\/wp-content\/uploads\/2024\/08\/4f-bca-1.gif",300,300,false],"thumbnail":["https:\/\/legitgrams.com\/wp-content\/uploads\/2024\/08\/4f-bca-1-150x150.gif",150,150,true],"medium":["https:\/\/legitgrams.com\/wp-content\/uploads\/2024\/08\/4f-bca-1.gif",300,300,false],"medium_large":["https:\/\/legitgrams.com\/wp-content\/uploads\/2024\/08\/4f-bca-1.gif",300,300,false],"large":["https:\/\/legitgrams.com\/wp-content\/uploads\/2024\/08\/4f-bca-1.gif",300,300,false],"1536x1536":["https:\/\/legitgrams.com\/wp-content\/uploads\/2024\/08\/4f-bca-1.gif",300,300,false],"2048x2048":["https:\/\/legitgrams.com\/wp-content\/uploads\/2024\/08\/4f-bca-1.gif",300,300,false],"trp-custom-language-flag":["https:\/\/legitgrams.com\/wp-content\/uploads\/2024\/08\/4f-bca-1-12x12.gif",12,12,true],"woocommerce_thumbnail":["https:\/\/legitgrams.com\/wp-content\/uploads\/2024\/08\/4f-bca-1.gif",300,300,false],"woocommerce_single":["https:\/\/legitgrams.com\/wp-content\/uploads\/2024\/08\/4f-bca-1.gif",300,300,false],"woocommerce_gallery_thumbnail":["https:\/\/legitgrams.com\/wp-content\/uploads\/2024\/08\/4f-bca-1-100x100.gif",100,100,true]},"uagb_author_info":{"display_name":"cokeblog18","author_link":"https:\/\/legitgrams.com\/pl\/author\/"},"uagb_comment_info":0,"uagb_excerpt":"4F-MDMB-BINACA, often referred to as MDMB-4F-BINACA, 4F-MDMB-BUTINACA, or 4F-ADB, is a synthetic cannabinoid derived from indazoles and a member of the indazole-3-carboxamide family. It has been marketed as a designer medication since late 2018 and used as an active component in synthetic cannabis products. It is unknown if 4F-MDMB-BINACA is selective for the CB1 receptor,&hellip;","_links":{"self":[{"href":"https:\/\/legitgrams.com\/pl\/wp-json\/wp\/v2\/product\/3312","targetHints":{"allow":["GET"]}}],"collection":[{"href":"https:\/\/legitgrams.com\/pl\/wp-json\/wp\/v2\/product"}],"about":[{"href":"https:\/\/legitgrams.com\/pl\/wp-json\/wp\/v2\/types\/product"}],"replies":[{"embeddable":true,"href":"https:\/\/legitgrams.com\/pl\/wp-json\/wp\/v2\/comments?post=3312"}],"wp:featuredmedia":[{"embeddable":true,"href":"https:\/\/legitgrams.com\/pl\/wp-json\/wp\/v2\/media\/5527"}],"wp:attachment":[{"href":"https:\/\/legitgrams.com\/pl\/wp-json\/wp\/v2\/media?parent=3312"}],"wp:term":[{"taxonomy":"product_brand","embeddable":true,"href":"https:\/\/legitgrams.com\/pl\/wp-json\/wp\/v2\/product_brand?post=3312"},{"taxonomy":"product_cat","embeddable":true,"href":"https:\/\/legitgrams.com\/pl\/wp-json\/wp\/v2\/product_cat?post=3312"},{"taxonomy":"product_tag","embeddable":true,"href":"https:\/\/legitgrams.com\/pl\/wp-json\/wp\/v2\/product_tag?post=3312"}],"curies":[{"name":"wp","href":"https:\/\/api.w.org\/{rel}","templated":true}]}}