{"id":3661,"date":"2024-09-19T09:47:14","date_gmt":"2024-09-19T09:47:14","guid":{"rendered":"https:\/\/legitgrams.com\/?post_type=product&#038;p=3661"},"modified":"2025-01-13T09:16:22","modified_gmt":"2025-01-13T09:16:22","slug":"odmiana-marihuany-apollo-11-1-2-uncje","status":"publish","type":"product","link":"https:\/\/legitgrams.com\/pl\/produkt\/odmiana-marihuany-apollo-11-1-2-uncje\/","title":{"rendered":"Odmiana marihuany Apollo 11 1\/2 uncji"},"content":{"rendered":"<h2>Apollo 11 Half-Oz Marihuana Strain na sprzeda\u017c<\/h2>\n<p>Kup p\u00f3\u0142 uncji <a href=\"https:\/\/legitgrams.com\/pl\/produkt\/odmiana-marihuany-apollo-11-1-2-uncje\/\">Szczep Apollo 11<\/a> marihuany. Odmiana Apollo 11 o przewadze sativy ma wysokie, jasnozielone kwiaty pokryte jasnymi w\u0142oskami. P\u0105ki maj\u0105 wysok\u0105 zawarto\u015b\u0107 \u017cywicy i s\u0105 lepkie w dotyku. Gdzie mog\u0119 kupi\u0107 marihuan\u0119 od Apollo 11?<\/p>\n<p>Kup 1\/2 uncji <a href=\"https:\/\/en.wikipedia.org\/wiki\/Apollo\">Apollo<\/a> 11 Marijuana Strain online: kup Marijuana Strain, kup 1\/2 uncji Apollo 11 Marijuana Strain online, Gdzie mog\u0119 kupi\u0107 1\/2 uncji Apollo 11 Marijuana Strain? Chcesz kupi\u0107 1\/2 uncji Apollo 11 Marijuana Strain? Gdzie mog\u0119 kupi\u0107 1\/2 uncji Apollo 11 Marijuana Strain online? Apollo 11 Marijuana Strain 1\/2 uncji jest dost\u0119pny do kupienia online, za po\u015brednictwem dostawc\u00f3w i bezpiecznie w USA, Kanadzie i Wielkiej Brytanii. dostawa, Apollo 11 Marijuana Strain jest nadal dost\u0119pny w 1\/2 uncji. Dodatkowo mo\u017cesz dowiedzie\u0107 si\u0119, jak zdoby\u0107 Apollo 11 Marijuana Strain 1\/2 uncji, czy jest legalny w Kanadzie i czy jest legalny w Stanach Zjednoczonych. <a href=\"https:\/\/legitgrams.com\/pl\/\">LegitGrams<\/a><\/p>","protected":false},"excerpt":{"rendered":"<p>Apollo 11 Half-Oz Marijuana Strain for Sale Buy half an ounce of the Apollo 11 strain of marijuana. The sativa-dominant strain Apollo 11 has towering, bright green blooms coated in light hair. The buds have a high resinous content and feel sticky to the touch. Where can I buy marijuana from Apollo 11? Buy 1\/2 &hellip;<\/p>\n<p class=\"read-more\"> <a class=\"\" href=\"https:\/\/legitgrams.com\/pl\/produkt\/odmiana-marihuany-apollo-11-1-2-uncje\/\"> <span class=\"screen-reader-text\">Odmiana marihuany Apollo 11 1\/2 uncji<\/span> Czytaj wi\u0119cej \"<\/a><\/p>","protected":false},"featured_media":5396,"comment_status":"open","ping_status":"closed","template":"","meta":{"_uag_custom_page_level_css":"","site-sidebar-layout":"default","site-content-layout":"default","ast-global-header-display":"","ast-main-header-display":"","ast-hfb-above-header-display":"","ast-hfb-below-header-display":"","ast-hfb-mobile-header-display":"","site-post-title":"","ast-breadcrumbs-content":"","ast-featured-img":"","footer-sml-layout":"","theme-transparent-header-meta":"default","adv-header-id-meta":"","stick-header-meta":"default","header-above-stick-meta":"","header-main-stick-meta":"","header-below-stick-meta":"","_joinchat":[]},"product_brand":[],"product_cat":[607],"product_tag":[5595,5599,5598,5606,5597,5607,5609,5616,5617,5615,5612,5614,5604,617,5596,5611,5608,5603,5601,5613,5610,625,5602,5605,5600],"class_list":{"0":"post-3661","1":"product","2":"type-product","3":"status-publish","4":"has-post-thumbnail","6":"product_cat-marijuana-cannabis","7":"product_tag-apollo-11-marijuana-strain-1-2-ounce","8":"product_tag-apollo-11-marijuana-strain-1-2-ounce-apollo-11-marijuana-strain-1-2-ounce-supplier","9":"product_tag-apollo-11-marijuana-strain-1-2-ounce-for-sale","10":"product_tag-apollo-11-marijuana-strain-1-2-ounce-legally","11":"product_tag-apollo-11-marijuana-strain-1-2-ounce-online","12":"product_tag-apollo-11-marijuana-strain-1-2-ounce-price","13":"product_tag-apollo-11-marijuana-strain-1-2-ounce-store","14":"product_tag-apollo-11-marijuana-strain-1-2-ounce-use","15":"product_tag-apollo-11-marijuana-strain-1-2-ounce-wiki","16":"product_tag-apollo-11-marijuana-strain-1-2-ounce-worldwide","17":"product_tag-apollo-11-marijuana-strain-1-2-ounces","18":"product_tag-best-cheap-price-apollo-11-marijuana-strain-1-2-ounce","19":"product_tag-best-place-to-buy-apollo-11-marijuana-strain-1-2-ounce","20":"product_tag-bulk-online","21":"product_tag-buy-apollo-11-marijuana-strain-1-2-ounce","22":"product_tag-cheap-apollo-11-marijuana-strain-1-2-ounce","23":"product_tag-high-quality-apollo-11-marijuana-strain-1-2-ounce","24":"product_tag-how-to-buy-apollo-11-marijuana-strain-1-2-ounce","25":"product_tag-order-apollo-11-marijuana-strain-1-2-ounce","26":"product_tag-purcharse-apollo-11-marijuana-strain-1-2-ounce","27":"product_tag-shop-apollo-11-marijuana-strain-1-2-ounce","28":"product_tag-top-quality","29":"product_tag-where-to-buy-apollo-11-marijuana-strain-1-2-ounce","30":"product_tag-where-to-order-apollo-11-marijuana-strain-1-2-ounce","31":"product_tag-wholesale-apollo-11-marijuana-strain-1-2-ounce","32":"desktop-align-left","33":"tablet-align-left","34":"mobile-align-left","35":"ast-product-gallery-layout-horizontal","36":"ast-product-gallery-with-no-image","37":"ast-product-single-variable","38":"ast-product-tabs-layout-horizontal","39":"ast-qv-on-image","41":"first","42":"instock","43":"shipping-taxable","44":"purchasable","45":"product-type-variable"},"yoast_head":"<!-- This site is optimized with the Yoast SEO plugin v25.9 - https:\/\/yoast.com\/wordpress\/plugins\/seo\/ -->\n<title>Apollo 11 Marijuana for Sale - Buy Apollo 11 Marijuana Online<\/title>\n<meta name=\"description\" content=\"Our online Legitgrams store has the best quality apollo 11 marijuana for sale. If you want to buy apollo 11 marijuana online, then we can help you from all ends. Order Today!\" \/>\n<meta name=\"robots\" content=\"index, follow, max-snippet:-1, max-image-preview:large, max-video-preview:-1\" \/>\n<link rel=\"canonical\" href=\"https:\/\/legitgrams.com\/pl\/produkt\/odmiana-marihuany-apollo-11-1-2-uncje\/\" \/>\n<meta property=\"og:locale\" content=\"pl_PL\" \/>\n<meta property=\"og:type\" content=\"article\" \/>\n<meta property=\"og:title\" content=\"Apollo 11 Marijuana for Sale - Buy Apollo 11 Marijuana Online\" \/>\n<meta property=\"og:description\" content=\"Our online Legitgrams store has the best quality apollo 11 marijuana for sale. If you want to buy apollo 11 marijuana online, then we can help you from all ends. Order Today!\" \/>\n<meta property=\"og:url\" content=\"https:\/\/legitgrams.com\/pl\/produkt\/odmiana-marihuany-apollo-11-1-2-uncje\/\" \/>\n<meta property=\"og:site_name\" content=\"Legit Grams\" \/>\n<meta property=\"article:modified_time\" content=\"2025-01-13T09:16:22+00:00\" \/>\n<meta property=\"og:image\" content=\"https:\/\/legitgrams.com\/wp-content\/uploads\/2024\/09\/Buy-Apollo-11-Marijuana-Strain.jpg\" \/>\n\t<meta property=\"og:image:width\" content=\"600\" \/>\n\t<meta property=\"og:image:height\" content=\"600\" \/>\n\t<meta property=\"og:image:type\" content=\"image\/jpeg\" \/>\n<meta name=\"twitter:card\" content=\"summary_large_image\" \/>\n<meta name=\"twitter:label1\" content=\"Szacowany czas czytania\" \/>\n\t<meta name=\"twitter:data1\" content=\"1 minuta\" \/>\n<script type=\"application\/ld+json\" class=\"yoast-schema-graph\">{\"@context\":\"https:\/\/schema.org\",\"@graph\":[{\"@type\":\"WebPage\",\"@id\":\"https:\/\/legitgrams.com\/product\/apollo-11-marijuana-strain-1-2-ounce\/\",\"url\":\"https:\/\/legitgrams.com\/product\/apollo-11-marijuana-strain-1-2-ounce\/\",\"name\":\"Apollo 11 Marijuana for Sale - Buy Apollo 11 Marijuana Online\",\"isPartOf\":{\"@id\":\"https:\/\/legitgrams.com\/#website\"},\"primaryImageOfPage\":{\"@id\":\"https:\/\/legitgrams.com\/product\/apollo-11-marijuana-strain-1-2-ounce\/#primaryimage\"},\"image\":{\"@id\":\"https:\/\/legitgrams.com\/product\/apollo-11-marijuana-strain-1-2-ounce\/#primaryimage\"},\"thumbnailUrl\":\"https:\/\/legitgrams.com\/wp-content\/uploads\/2024\/09\/Buy-Apollo-11-Marijuana-Strain.jpg\",\"datePublished\":\"2024-09-19T09:47:14+00:00\",\"dateModified\":\"2025-01-13T09:16:22+00:00\",\"description\":\"Our online Legitgrams store has the best quality apollo 11 marijuana for sale. If you want to buy apollo 11 marijuana online, then we can help you from all ends. Order Today!\",\"breadcrumb\":{\"@id\":\"https:\/\/legitgrams.com\/product\/apollo-11-marijuana-strain-1-2-ounce\/#breadcrumb\"},\"inLanguage\":\"pl-PL\",\"potentialAction\":[{\"@type\":\"ReadAction\",\"target\":[\"https:\/\/legitgrams.com\/product\/apollo-11-marijuana-strain-1-2-ounce\/\"]}]},{\"@type\":\"ImageObject\",\"inLanguage\":\"pl-PL\",\"@id\":\"https:\/\/legitgrams.com\/product\/apollo-11-marijuana-strain-1-2-ounce\/#primaryimage\",\"url\":\"https:\/\/legitgrams.com\/wp-content\/uploads\/2024\/09\/Buy-Apollo-11-Marijuana-Strain.jpg\",\"contentUrl\":\"https:\/\/legitgrams.com\/wp-content\/uploads\/2024\/09\/Buy-Apollo-11-Marijuana-Strain.jpg\",\"width\":600,\"height\":600,\"caption\":\"Apollo 11 Marijuana Strain 1\/2 ounce for Sale\"},{\"@type\":\"BreadcrumbList\",\"@id\":\"https:\/\/legitgrams.com\/product\/apollo-11-marijuana-strain-1-2-ounce\/#breadcrumb\",\"itemListElement\":[{\"@type\":\"ListItem\",\"position\":1,\"name\":\"Home\",\"item\":\"https:\/\/legitgrams.com\/\"},{\"@type\":\"ListItem\",\"position\":2,\"name\":\"Shop\",\"item\":\"https:\/\/legitgrams.com\/shop\/\"},{\"@type\":\"ListItem\",\"position\":3,\"name\":\"Apollo 11 Marijuana Strain 1\/2 ounce\"}]},{\"@type\":\"WebSite\",\"@id\":\"https:\/\/legitgrams.com\/#website\",\"url\":\"https:\/\/legitgrams.com\/\",\"name\":\"Legit Grams\",\"description\":\"My WordPress Blog\",\"publisher\":{\"@id\":\"https:\/\/legitgrams.com\/#organization\"},\"potentialAction\":[{\"@type\":\"SearchAction\",\"target\":{\"@type\":\"EntryPoint\",\"urlTemplate\":\"https:\/\/legitgrams.com\/?s={search_term_string}\"},\"query-input\":{\"@type\":\"PropertyValueSpecification\",\"valueRequired\":true,\"valueName\":\"search_term_string\"}}],\"inLanguage\":\"pl-PL\"},{\"@type\":\"Organization\",\"@id\":\"https:\/\/legitgrams.com\/#organization\",\"name\":\"Legit Grams\",\"url\":\"https:\/\/legitgrams.com\/\",\"logo\":{\"@type\":\"ImageObject\",\"inLanguage\":\"pl-PL\",\"@id\":\"https:\/\/legitgrams.com\/#\/schema\/logo\/image\/\",\"url\":\"https:\/\/legitgrams.com\/wp-content\/uploads\/2024\/09\/main-logo.png\",\"contentUrl\":\"https:\/\/legitgrams.com\/wp-content\/uploads\/2024\/09\/main-logo.png\",\"width\":270,\"height\":75,\"caption\":\"Legit Grams\"},\"image\":{\"@id\":\"https:\/\/legitgrams.com\/#\/schema\/logo\/image\/\"}}]}<\/script>\n<!-- \/ Yoast SEO plugin. -->","yoast_head_json":{"title":"Apollo 11 Marihuana na sprzeda\u017c - Kup Apollo 11 Marihuana online","description":"Nasz internetowy sklep Legitgrams ma na sprzeda\u017c najlepszej jako\u015bci marihuan\u0119 apollo 11. Je\u015bli chcesz kupi\u0107 marihuan\u0119 apollo 11 online, mo\u017cemy Ci pom\u00f3c ze wszystkich stron. Zam\u00f3w ju\u017c dzi\u015b!","robots":{"index":"index","follow":"follow","max-snippet":"max-snippet:-1","max-image-preview":"max-image-preview:large","max-video-preview":"max-video-preview:-1"},"canonical":"https:\/\/legitgrams.com\/pl\/produkt\/odmiana-marihuany-apollo-11-1-2-uncje\/","og_locale":"pl_PL","og_type":"article","og_title":"Apollo 11 Marijuana for Sale - Buy Apollo 11 Marijuana Online","og_description":"Our online Legitgrams store has the best quality apollo 11 marijuana for sale. If you want to buy apollo 11 marijuana online, then we can help you from all ends. Order Today!","og_url":"https:\/\/legitgrams.com\/pl\/produkt\/odmiana-marihuany-apollo-11-1-2-uncje\/","og_site_name":"Legit Grams","article_modified_time":"2025-01-13T09:16:22+00:00","og_image":[{"width":600,"height":600,"url":"https:\/\/legitgrams.com\/wp-content\/uploads\/2024\/09\/Buy-Apollo-11-Marijuana-Strain.jpg","type":"image\/jpeg"}],"twitter_card":"summary_large_image","twitter_misc":{"Szacowany czas czytania":"1 minuta"},"schema":{"@context":"https:\/\/schema.org","@graph":[{"@type":"WebPage","@id":"https:\/\/legitgrams.com\/product\/apollo-11-marijuana-strain-1-2-ounce\/","url":"https:\/\/legitgrams.com\/product\/apollo-11-marijuana-strain-1-2-ounce\/","name":"Apollo 11 Marihuana na sprzeda\u017c - Kup Apollo 11 Marihuana online","isPartOf":{"@id":"https:\/\/legitgrams.com\/#website"},"primaryImageOfPage":{"@id":"https:\/\/legitgrams.com\/product\/apollo-11-marijuana-strain-1-2-ounce\/#primaryimage"},"image":{"@id":"https:\/\/legitgrams.com\/product\/apollo-11-marijuana-strain-1-2-ounce\/#primaryimage"},"thumbnailUrl":"https:\/\/legitgrams.com\/wp-content\/uploads\/2024\/09\/Buy-Apollo-11-Marijuana-Strain.jpg","datePublished":"2024-09-19T09:47:14+00:00","dateModified":"2025-01-13T09:16:22+00:00","description":"Nasz internetowy sklep Legitgrams ma na sprzeda\u017c najlepszej jako\u015bci marihuan\u0119 apollo 11. Je\u015bli chcesz kupi\u0107 marihuan\u0119 apollo 11 online, mo\u017cemy Ci pom\u00f3c ze wszystkich stron. Zam\u00f3w ju\u017c dzi\u015b!","breadcrumb":{"@id":"https:\/\/legitgrams.com\/product\/apollo-11-marijuana-strain-1-2-ounce\/#breadcrumb"},"inLanguage":"pl-PL","potentialAction":[{"@type":"ReadAction","target":["https:\/\/legitgrams.com\/product\/apollo-11-marijuana-strain-1-2-ounce\/"]}]},{"@type":"ImageObject","inLanguage":"pl-PL","@id":"https:\/\/legitgrams.com\/product\/apollo-11-marijuana-strain-1-2-ounce\/#primaryimage","url":"https:\/\/legitgrams.com\/wp-content\/uploads\/2024\/09\/Buy-Apollo-11-Marijuana-Strain.jpg","contentUrl":"https:\/\/legitgrams.com\/wp-content\/uploads\/2024\/09\/Buy-Apollo-11-Marijuana-Strain.jpg","width":600,"height":600,"caption":"Apollo 11 Marijuana Strain 1\/2 ounce for Sale"},{"@type":"BreadcrumbList","@id":"https:\/\/legitgrams.com\/product\/apollo-11-marijuana-strain-1-2-ounce\/#breadcrumb","itemListElement":[{"@type":"ListItem","position":1,"name":"Home","item":"https:\/\/legitgrams.com\/"},{"@type":"ListItem","position":2,"name":"Shop","item":"https:\/\/legitgrams.com\/shop\/"},{"@type":"ListItem","position":3,"name":"Apollo 11 Marijuana Strain 1\/2 ounce"}]},{"@type":"WebSite","@id":"https:\/\/legitgrams.com\/#website","url":"https:\/\/legitgrams.com\/","name":"Legit Grams","description":"M\u00f3j blog WordPress","publisher":{"@id":"https:\/\/legitgrams.com\/#organization"},"potentialAction":[{"@type":"SearchAction","target":{"@type":"EntryPoint","urlTemplate":"https:\/\/legitgrams.com\/?s={search_term_string}"},"query-input":{"@type":"PropertyValueSpecification","valueRequired":true,"valueName":"search_term_string"}}],"inLanguage":"pl-PL"},{"@type":"Organization","@id":"https:\/\/legitgrams.com\/#organization","name":"Legit Grams","url":"https:\/\/legitgrams.com\/","logo":{"@type":"ImageObject","inLanguage":"pl-PL","@id":"https:\/\/legitgrams.com\/#\/schema\/logo\/image\/","url":"https:\/\/legitgrams.com\/wp-content\/uploads\/2024\/09\/main-logo.png","contentUrl":"https:\/\/legitgrams.com\/wp-content\/uploads\/2024\/09\/main-logo.png","width":270,"height":75,"caption":"Legit Grams"},"image":{"@id":"https:\/\/legitgrams.com\/#\/schema\/logo\/image\/"}}]}},"uagb_featured_image_src":{"full":["https:\/\/legitgrams.com\/wp-content\/uploads\/2024\/09\/Buy-Apollo-11-Marijuana-Strain.jpg",600,600,false],"thumbnail":["https:\/\/legitgrams.com\/wp-content\/uploads\/2024\/09\/Buy-Apollo-11-Marijuana-Strain-150x150.jpg",150,150,true],"medium":["https:\/\/legitgrams.com\/wp-content\/uploads\/2024\/09\/Buy-Apollo-11-Marijuana-Strain-300x300.jpg",300,300,true],"medium_large":["https:\/\/legitgrams.com\/wp-content\/uploads\/2024\/09\/Buy-Apollo-11-Marijuana-Strain.jpg",600,600,false],"large":["https:\/\/legitgrams.com\/wp-content\/uploads\/2024\/09\/Buy-Apollo-11-Marijuana-Strain.jpg",600,600,false],"1536x1536":["https:\/\/legitgrams.com\/wp-content\/uploads\/2024\/09\/Buy-Apollo-11-Marijuana-Strain.jpg",600,600,false],"2048x2048":["https:\/\/legitgrams.com\/wp-content\/uploads\/2024\/09\/Buy-Apollo-11-Marijuana-Strain.jpg",600,600,false],"trp-custom-language-flag":["https:\/\/legitgrams.com\/wp-content\/uploads\/2024\/09\/Buy-Apollo-11-Marijuana-Strain-12x12.jpg",12,12,true],"woocommerce_thumbnail":["https:\/\/legitgrams.com\/wp-content\/uploads\/2024\/09\/Buy-Apollo-11-Marijuana-Strain-300x300.jpg",300,300,true],"woocommerce_single":["https:\/\/legitgrams.com\/wp-content\/uploads\/2024\/09\/Buy-Apollo-11-Marijuana-Strain.jpg",600,600,false],"woocommerce_gallery_thumbnail":["https:\/\/legitgrams.com\/wp-content\/uploads\/2024\/09\/Buy-Apollo-11-Marijuana-Strain-100x100.jpg",100,100,true]},"uagb_author_info":{"display_name":"cokeblog18","author_link":"https:\/\/legitgrams.com\/pl\/author\/"},"uagb_comment_info":0,"uagb_excerpt":"Apollo 11 Half-Oz Marijuana Strain for Sale Buy half an ounce of the Apollo 11 strain of marijuana. The sativa-dominant strain Apollo 11 has towering, bright green blooms coated in light hair. The buds have a high resinous content and feel sticky to the touch. Where can I buy marijuana from Apollo 11? Buy 1\/2&hellip;","_links":{"self":[{"href":"https:\/\/legitgrams.com\/pl\/wp-json\/wp\/v2\/product\/3661","targetHints":{"allow":["GET"]}}],"collection":[{"href":"https:\/\/legitgrams.com\/pl\/wp-json\/wp\/v2\/product"}],"about":[{"href":"https:\/\/legitgrams.com\/pl\/wp-json\/wp\/v2\/types\/product"}],"replies":[{"embeddable":true,"href":"https:\/\/legitgrams.com\/pl\/wp-json\/wp\/v2\/comments?post=3661"}],"wp:featuredmedia":[{"embeddable":true,"href":"https:\/\/legitgrams.com\/pl\/wp-json\/wp\/v2\/media\/5396"}],"wp:attachment":[{"href":"https:\/\/legitgrams.com\/pl\/wp-json\/wp\/v2\/media?parent=3661"}],"wp:term":[{"taxonomy":"product_brand","embeddable":true,"href":"https:\/\/legitgrams.com\/pl\/wp-json\/wp\/v2\/product_brand?post=3661"},{"taxonomy":"product_cat","embeddable":true,"href":"https:\/\/legitgrams.com\/pl\/wp-json\/wp\/v2\/product_cat?post=3661"},{"taxonomy":"product_tag","embeddable":true,"href":"https:\/\/legitgrams.com\/pl\/wp-json\/wp\/v2\/product_tag?post=3661"}],"curies":[{"name":"wp","href":"https:\/\/api.w.org\/{rel}","templated":true}]}}