{"id":3782,"date":"2024-09-20T05:04:07","date_gmt":"2024-09-20T05:04:07","guid":{"rendered":"https:\/\/legitgrams.com\/?post_type=product&#038;p=3782"},"modified":"2025-01-14T10:52:52","modified_gmt":"2025-01-14T10:52:52","slug":"purple-dragon-cannabis-aaaaa","status":"publish","type":"product","link":"https:\/\/legitgrams.com\/pl\/produkt\/purple-dragon-cannabis-aaaaa\/","title":{"rendered":"Konopie Purple Dragon (AAAAA)"},"content":{"rendered":"<h2>Kup Purple Dragon Cannabis Online (AAAA)<\/h2>\n<p>Mieszanka Blue Dragon i Purple Urkle, Purple Dragon to silna hybryda o przewadze indica. Dobrze zr\u00f3wnowa\u017cony haj, kt\u00f3ry oferuje Purple Dragon, uspokaja i relaksuje cia\u0142o i umys\u0142. Ta odmiana ma bardzo przyjemny aromat, kt\u00f3ry \u0142\u0105czy pi\u017cmo i sza\u0142wi\u0119 z d\u0142ugotrwa\u0142ym kwiatowym smakiem. Umys\u0142 jest pobudzony i szcz\u0119\u015bliwy po cieszeniu si\u0119 tym napi\u0119ciem, kt\u00f3re szybko \u0142agodzi niepok\u00f3j i smutek. Korzy\u015bci p\u0142yn\u0105ce z Purple Dragon pocz\u0105tkowo zapewniaj\u0105 u\u017cytkownikowi pozytywn\u0105 i energetyzuj\u0105c\u0105 jasno\u015b\u0107 umys\u0142u, a nast\u0119pnie stopniowo dostarczaj\u0105 godzin \u0142agodzenia b\u00f3lu i uspokojenia. Gdy klient ostatecznie osi\u0105ga stan relaksu, kt\u00f3ry jest odczuwalny zar\u00f3wno w umy\u015ble, jak i ciele, b\u00f3le fizyczne na og\u00f3\u0142 ust\u0119puj\u0105. Liczne choroby, takie jak Purple Dragon, to doskona\u0142e leczenie problem\u00f3w, w tym l\u0119ku, depresji, zaburze\u0144 nastroju, zm\u0119czenia fizycznego, b\u00f3l\u00f3w g\u0142owy, migren, przewlek\u0142ego b\u00f3lu i utraty apetytu.<\/p>\n<p>The <a href=\"https:\/\/legitgrams.com\/pl\/produkt\/purple-dragon-cannabis-aaaaa\/\">Fioletowy smok<\/a> to silna hybryda, kt\u00f3ra jest g\u0142\u00f3wnie indica i jest krzy\u017c\u00f3wk\u0105 Blue Dragon i Purple Urkle. Purple Dragon zapewnia dobrze zbalansowany haj, kt\u00f3ry koi i relaksuje zar\u00f3wno cia\u0142o, jak i umys\u0142. Odmiana ta ma niezwykle przyjemny zapach, kt\u00f3ry \u0142\u0105czy w sobie sza\u0142wi\u0119 i pi\u017cmo z trwa\u0142ym kwiatowym aromatem. Niepok\u00f3j i rozpacz s\u0105 szybko \u0142agodzone po rozkoszowaniu si\u0119 tym napi\u0119ciem, kt\u00f3re pozostawia umys\u0142 pe\u0142en energii i ekstazy. Efekty Purple Dragon stopniowo zapewniaj\u0105 u\u017cytkownikowi ulg\u0119 w b\u00f3lu, ale najpierw daj\u0105 mu podnosz\u0105c\u0105 na duchu i o\u017cywcz\u0105 jasno\u015b\u0107 umys\u0142u. i godziny uspokojenia. W miar\u0119 jak konsument stopniowo wchodzi w stan relaksu, kt\u00f3ry wp\u0142ywa zar\u00f3wno na cia\u0142o, jak i psychik\u0119, znikaj\u0105 og\u00f3lne b\u00f3le cia\u0142a. Wiele dolegliwo\u015bci, w tym l\u0119k, smutek, zaburzenia nastroju, wyczerpanie fizyczne, migreny, b\u00f3le g\u0142owy, przewlek\u0142y b\u00f3l i utrata apetytu, mo\u017cna skutecznie leczy\u0107 za pomoc\u0105 purpurowego smoka. <a href=\"https:\/\/legitgrams.com\/pl\/\">LegitGrams<\/a><\/p>\n<p>Zakup Dragon <a href=\"https:\/\/en.wikipedia.org\/wiki\/Cannabis_(drug)\">konopie indyjskie<\/a>, zakup marihuany Purple Dragon (AAAAA), zakup marihuany Purple Dragon online, Gdzie mog\u0119 kupi\u0107 marihuan\u0119 Purple Dragon (AAAAA) online? Gdzie mog\u0119 kupi\u0107 konopie Purple Dragon (AAAAA) online? Gdzie mog\u0119 kupi\u0107 konopie Purple Dragon (AAAAA) online? Marihuana Purple Dragon (AAAAA) na sprzeda\u017c w Stanach Zjednoczonych, Kanadzie i Wielkiej Brytanii? kupi\u0107, online, dostawcy, bezpieczna dostawa, marihuana Purple Dragon (AAAAA) jest nadal dost\u0119pna. Czy konopie Purple Dragon (AAAAA) s\u0105 legalne w Kanadzie? Gdzie mog\u0119 kupi\u0107 Purple Dragon Cannabis (AAAAAA) online? Jak mog\u0119 z\u0142o\u017cy\u0107 zam\u00f3wienie na Purple Dragon Cannabis (AAAAAA)?<\/p>","protected":false},"excerpt":{"rendered":"<p>Purchase Purple Dragon Cannabis Online (AAAAA) A mix between the Blue Dragon and the Purple Urkle, the Purple Dragon is a strong indica-dominant hybrid. The well-balanced high that Purple Dragon offers calms and relaxes the body and mind. This strain has a very pleasant aroma that combines musk and sage with a lingering flowery taste. &hellip;<\/p>\n<p class=\"read-more\"> <a class=\"\" href=\"https:\/\/legitgrams.com\/pl\/produkt\/purple-dragon-cannabis-aaaaa\/\"> <span class=\"screen-reader-text\">Konopie Purple Dragon (AAAAA)<\/span> Czytaj wi\u0119cej \"<\/a><\/p>","protected":false},"featured_media":5417,"comment_status":"open","ping_status":"closed","template":"","meta":{"_uag_custom_page_level_css":"","site-sidebar-layout":"default","site-content-layout":"default","ast-global-header-display":"","ast-main-header-display":"","ast-hfb-above-header-display":"","ast-hfb-below-header-display":"","ast-hfb-mobile-header-display":"","site-post-title":"","ast-breadcrumbs-content":"","ast-featured-img":"","footer-sml-layout":"","theme-transparent-header-meta":"default","adv-header-id-meta":"","stick-header-meta":"default","header-above-stick-meta":"","header-main-stick-meta":"","header-below-stick-meta":"","_joinchat":[]},"product_brand":[],"product_cat":[607],"product_tag":[5269,5259,617,5251,5266,5263,5258,5256,5268,5250,5253,5261,5252,5262,5254,5264,5271,5272,5270,5267,5265,625,5257,5260,5255],"class_list":{"0":"post-3782","1":"product","2":"type-product","3":"status-publish","4":"has-post-thumbnail","6":"product_cat-marijuana-cannabis","7":"product_tag-best-cheap-price-purple-dragon-cannabis-aaaaa","8":"product_tag-best-place-to-buy-purple-dragon-cannabis-aaaaa","9":"product_tag-bulk-online","10":"product_tag-buy-purple-dragon-cannabis-aaaaa","11":"product_tag-cheap-purple-dragon-cannabis-aaaaa","12":"product_tag-high-quality-purple-dragon-cannabis-aaaaa","13":"product_tag-how-to-buy-purple-dragon-cannabis-aaaaa","14":"product_tag-order-purple-dragon-cannabis-aaaaa","15":"product_tag-purcharse-purple-dragon-cannabis-aaaaa","16":"product_tag-purple-dragon-cannabis-aaaaa","17":"product_tag-purple-dragon-cannabis-aaaaa-for-sale","18":"product_tag-purple-dragon-cannabis-aaaaa-legally","19":"product_tag-purple-dragon-cannabis-aaaaa-online","20":"product_tag-purple-dragon-cannabis-aaaaa-price","21":"product_tag-purple-dragon-cannabis-aaaaa-purple-dragon-cannabis-aaaaa-supplier","22":"product_tag-purple-dragon-cannabis-aaaaa-store","23":"product_tag-purple-dragon-cannabis-aaaaa-use","24":"product_tag-purple-dragon-cannabis-aaaaa-wiki","25":"product_tag-purple-dragon-cannabis-aaaaa-worldwide","26":"product_tag-purple-dragon-cannabis-aaaaas","27":"product_tag-shop-purple-dragon-cannabis-aaaaa","28":"product_tag-top-quality","29":"product_tag-where-to-buy-purple-dragon-cannabis-aaaaa","30":"product_tag-where-to-order-purple-dragon-cannabis-aaaaa","31":"product_tag-wholesale-purple-dragon-cannabis-aaaaa","32":"desktop-align-left","33":"tablet-align-left","34":"mobile-align-left","35":"ast-product-gallery-layout-horizontal","36":"ast-product-gallery-with-no-image","37":"ast-product-single-variable","38":"ast-product-tabs-layout-horizontal","39":"ast-qv-on-image","41":"first","42":"instock","43":"shipping-taxable","44":"purchasable","45":"product-type-variable"},"yoast_head":"<!-- This site is optimized with the Yoast SEO plugin v25.9 - https:\/\/yoast.com\/wordpress\/plugins\/seo\/ -->\n<title>Purple Dragon cannabis (AAAAA) for Sale at LegitGrams<\/title>\n<meta name=\"description\" content=\"Find premium purple dragon cannabis (AAAAA) for sale at our online store, providing a secure platform to buy purple dragon cannabis (AAAAA) online with ease, catering to your research needs. Hit your order now!\" \/>\n<meta name=\"robots\" content=\"index, follow, max-snippet:-1, max-image-preview:large, max-video-preview:-1\" \/>\n<link rel=\"canonical\" href=\"https:\/\/legitgrams.com\/pl\/produkt\/purple-dragon-cannabis-aaaaa\/\" \/>\n<meta property=\"og:locale\" content=\"pl_PL\" \/>\n<meta property=\"og:type\" content=\"article\" \/>\n<meta property=\"og:title\" content=\"Purple Dragon cannabis (AAAAA) for Sale at LegitGrams\" \/>\n<meta property=\"og:description\" content=\"Find premium purple dragon cannabis (AAAAA) for sale at our online store, providing a secure platform to buy purple dragon cannabis (AAAAA) online with ease, catering to your research needs. Hit your order now!\" \/>\n<meta property=\"og:url\" content=\"https:\/\/legitgrams.com\/pl\/produkt\/purple-dragon-cannabis-aaaaa\/\" \/>\n<meta property=\"og:site_name\" content=\"Legit Grams\" \/>\n<meta property=\"article:modified_time\" content=\"2025-01-14T10:52:52+00:00\" \/>\n<meta property=\"og:image\" content=\"https:\/\/legitgrams.com\/wp-content\/uploads\/2024\/09\/Buy-Purple-Dragon-cannabis-AAAAA.jpg\" \/>\n\t<meta property=\"og:image:width\" content=\"600\" \/>\n\t<meta property=\"og:image:height\" content=\"600\" \/>\n\t<meta property=\"og:image:type\" content=\"image\/jpeg\" \/>\n<meta name=\"twitter:card\" content=\"summary_large_image\" \/>\n<meta name=\"twitter:label1\" content=\"Szacowany czas czytania\" \/>\n\t<meta name=\"twitter:data1\" content=\"2 minuty\" \/>\n<script type=\"application\/ld+json\" class=\"yoast-schema-graph\">{\"@context\":\"https:\/\/schema.org\",\"@graph\":[{\"@type\":\"WebPage\",\"@id\":\"https:\/\/legitgrams.com\/product\/purple-dragon-cannabis-aaaaa\/\",\"url\":\"https:\/\/legitgrams.com\/product\/purple-dragon-cannabis-aaaaa\/\",\"name\":\"Purple Dragon cannabis (AAAAA) for Sale at LegitGrams\",\"isPartOf\":{\"@id\":\"https:\/\/legitgrams.com\/#website\"},\"primaryImageOfPage\":{\"@id\":\"https:\/\/legitgrams.com\/product\/purple-dragon-cannabis-aaaaa\/#primaryimage\"},\"image\":{\"@id\":\"https:\/\/legitgrams.com\/product\/purple-dragon-cannabis-aaaaa\/#primaryimage\"},\"thumbnailUrl\":\"https:\/\/legitgrams.com\/wp-content\/uploads\/2024\/09\/Buy-Purple-Dragon-cannabis-AAAAA.jpg\",\"datePublished\":\"2024-09-20T05:04:07+00:00\",\"dateModified\":\"2025-01-14T10:52:52+00:00\",\"description\":\"Find premium purple dragon cannabis (AAAAA) for sale at our online store, providing a secure platform to buy purple dragon cannabis (AAAAA) online with ease, catering to your research needs. Hit your order now!\",\"breadcrumb\":{\"@id\":\"https:\/\/legitgrams.com\/product\/purple-dragon-cannabis-aaaaa\/#breadcrumb\"},\"inLanguage\":\"pl-PL\",\"potentialAction\":[{\"@type\":\"ReadAction\",\"target\":[\"https:\/\/legitgrams.com\/product\/purple-dragon-cannabis-aaaaa\/\"]}]},{\"@type\":\"ImageObject\",\"inLanguage\":\"pl-PL\",\"@id\":\"https:\/\/legitgrams.com\/product\/purple-dragon-cannabis-aaaaa\/#primaryimage\",\"url\":\"https:\/\/legitgrams.com\/wp-content\/uploads\/2024\/09\/Buy-Purple-Dragon-cannabis-AAAAA.jpg\",\"contentUrl\":\"https:\/\/legitgrams.com\/wp-content\/uploads\/2024\/09\/Buy-Purple-Dragon-cannabis-AAAAA.jpg\",\"width\":600,\"height\":600,\"caption\":\"Purple Dragon cannabis (AAAAA) for sale\"},{\"@type\":\"BreadcrumbList\",\"@id\":\"https:\/\/legitgrams.com\/product\/purple-dragon-cannabis-aaaaa\/#breadcrumb\",\"itemListElement\":[{\"@type\":\"ListItem\",\"position\":1,\"name\":\"Home\",\"item\":\"https:\/\/legitgrams.com\/\"},{\"@type\":\"ListItem\",\"position\":2,\"name\":\"Shop\",\"item\":\"https:\/\/legitgrams.com\/shop\/\"},{\"@type\":\"ListItem\",\"position\":3,\"name\":\"Purple Dragon cannabis (AAAAA)\"}]},{\"@type\":\"WebSite\",\"@id\":\"https:\/\/legitgrams.com\/#website\",\"url\":\"https:\/\/legitgrams.com\/\",\"name\":\"Legit Grams\",\"description\":\"My WordPress Blog\",\"publisher\":{\"@id\":\"https:\/\/legitgrams.com\/#organization\"},\"potentialAction\":[{\"@type\":\"SearchAction\",\"target\":{\"@type\":\"EntryPoint\",\"urlTemplate\":\"https:\/\/legitgrams.com\/?s={search_term_string}\"},\"query-input\":{\"@type\":\"PropertyValueSpecification\",\"valueRequired\":true,\"valueName\":\"search_term_string\"}}],\"inLanguage\":\"pl-PL\"},{\"@type\":\"Organization\",\"@id\":\"https:\/\/legitgrams.com\/#organization\",\"name\":\"Legit Grams\",\"url\":\"https:\/\/legitgrams.com\/\",\"logo\":{\"@type\":\"ImageObject\",\"inLanguage\":\"pl-PL\",\"@id\":\"https:\/\/legitgrams.com\/#\/schema\/logo\/image\/\",\"url\":\"https:\/\/legitgrams.com\/wp-content\/uploads\/2024\/09\/main-logo.png\",\"contentUrl\":\"https:\/\/legitgrams.com\/wp-content\/uploads\/2024\/09\/main-logo.png\",\"width\":270,\"height\":75,\"caption\":\"Legit Grams\"},\"image\":{\"@id\":\"https:\/\/legitgrams.com\/#\/schema\/logo\/image\/\"}}]}<\/script>\n<!-- \/ Yoast SEO plugin. -->","yoast_head_json":{"title":"Marihuana Purple Dragon (AAAAA) na sprzeda\u017c w LegitGrams","description":"Znajd\u017a marihuan\u0119 premium Purple Dragon (AAAAA) na sprzeda\u017c w naszym sklepie internetowym, zapewniaj\u0105c bezpieczn\u0105 platform\u0119 do \u0142atwego zakupu marihuany Purple Dragon (AAAAA) online, spe\u0142niaj\u0105c\u0105 Twoje potrzeby badawcze. Z\u0142\u00f3\u017c zam\u00f3wienie ju\u017c teraz!","robots":{"index":"index","follow":"follow","max-snippet":"max-snippet:-1","max-image-preview":"max-image-preview:large","max-video-preview":"max-video-preview:-1"},"canonical":"https:\/\/legitgrams.com\/pl\/produkt\/purple-dragon-cannabis-aaaaa\/","og_locale":"pl_PL","og_type":"article","og_title":"Purple Dragon cannabis (AAAAA) for Sale at LegitGrams","og_description":"Find premium purple dragon cannabis (AAAAA) for sale at our online store, providing a secure platform to buy purple dragon cannabis (AAAAA) online with ease, catering to your research needs. Hit your order now!","og_url":"https:\/\/legitgrams.com\/pl\/produkt\/purple-dragon-cannabis-aaaaa\/","og_site_name":"Legit Grams","article_modified_time":"2025-01-14T10:52:52+00:00","og_image":[{"width":600,"height":600,"url":"https:\/\/legitgrams.com\/wp-content\/uploads\/2024\/09\/Buy-Purple-Dragon-cannabis-AAAAA.jpg","type":"image\/jpeg"}],"twitter_card":"summary_large_image","twitter_misc":{"Szacowany czas czytania":"2 minuty"},"schema":{"@context":"https:\/\/schema.org","@graph":[{"@type":"WebPage","@id":"https:\/\/legitgrams.com\/product\/purple-dragon-cannabis-aaaaa\/","url":"https:\/\/legitgrams.com\/product\/purple-dragon-cannabis-aaaaa\/","name":"Marihuana Purple Dragon (AAAAA) na sprzeda\u017c w LegitGrams","isPartOf":{"@id":"https:\/\/legitgrams.com\/#website"},"primaryImageOfPage":{"@id":"https:\/\/legitgrams.com\/product\/purple-dragon-cannabis-aaaaa\/#primaryimage"},"image":{"@id":"https:\/\/legitgrams.com\/product\/purple-dragon-cannabis-aaaaa\/#primaryimage"},"thumbnailUrl":"https:\/\/legitgrams.com\/wp-content\/uploads\/2024\/09\/Buy-Purple-Dragon-cannabis-AAAAA.jpg","datePublished":"2024-09-20T05:04:07+00:00","dateModified":"2025-01-14T10:52:52+00:00","description":"Znajd\u017a marihuan\u0119 premium Purple Dragon (AAAAA) na sprzeda\u017c w naszym sklepie internetowym, zapewniaj\u0105c bezpieczn\u0105 platform\u0119 do \u0142atwego zakupu marihuany Purple Dragon (AAAAA) online, spe\u0142niaj\u0105c\u0105 Twoje potrzeby badawcze. Z\u0142\u00f3\u017c zam\u00f3wienie ju\u017c teraz!","breadcrumb":{"@id":"https:\/\/legitgrams.com\/product\/purple-dragon-cannabis-aaaaa\/#breadcrumb"},"inLanguage":"pl-PL","potentialAction":[{"@type":"ReadAction","target":["https:\/\/legitgrams.com\/product\/purple-dragon-cannabis-aaaaa\/"]}]},{"@type":"ImageObject","inLanguage":"pl-PL","@id":"https:\/\/legitgrams.com\/product\/purple-dragon-cannabis-aaaaa\/#primaryimage","url":"https:\/\/legitgrams.com\/wp-content\/uploads\/2024\/09\/Buy-Purple-Dragon-cannabis-AAAAA.jpg","contentUrl":"https:\/\/legitgrams.com\/wp-content\/uploads\/2024\/09\/Buy-Purple-Dragon-cannabis-AAAAA.jpg","width":600,"height":600,"caption":"Purple Dragon cannabis (AAAAA) for sale"},{"@type":"BreadcrumbList","@id":"https:\/\/legitgrams.com\/product\/purple-dragon-cannabis-aaaaa\/#breadcrumb","itemListElement":[{"@type":"ListItem","position":1,"name":"Home","item":"https:\/\/legitgrams.com\/"},{"@type":"ListItem","position":2,"name":"Shop","item":"https:\/\/legitgrams.com\/shop\/"},{"@type":"ListItem","position":3,"name":"Purple Dragon cannabis (AAAAA)"}]},{"@type":"WebSite","@id":"https:\/\/legitgrams.com\/#website","url":"https:\/\/legitgrams.com\/","name":"Legit Grams","description":"M\u00f3j blog WordPress","publisher":{"@id":"https:\/\/legitgrams.com\/#organization"},"potentialAction":[{"@type":"SearchAction","target":{"@type":"EntryPoint","urlTemplate":"https:\/\/legitgrams.com\/?s={search_term_string}"},"query-input":{"@type":"PropertyValueSpecification","valueRequired":true,"valueName":"search_term_string"}}],"inLanguage":"pl-PL"},{"@type":"Organization","@id":"https:\/\/legitgrams.com\/#organization","name":"Legit Grams","url":"https:\/\/legitgrams.com\/","logo":{"@type":"ImageObject","inLanguage":"pl-PL","@id":"https:\/\/legitgrams.com\/#\/schema\/logo\/image\/","url":"https:\/\/legitgrams.com\/wp-content\/uploads\/2024\/09\/main-logo.png","contentUrl":"https:\/\/legitgrams.com\/wp-content\/uploads\/2024\/09\/main-logo.png","width":270,"height":75,"caption":"Legit Grams"},"image":{"@id":"https:\/\/legitgrams.com\/#\/schema\/logo\/image\/"}}]}},"uagb_featured_image_src":{"full":["https:\/\/legitgrams.com\/wp-content\/uploads\/2024\/09\/Buy-Purple-Dragon-cannabis-AAAAA.jpg",600,600,false],"thumbnail":["https:\/\/legitgrams.com\/wp-content\/uploads\/2024\/09\/Buy-Purple-Dragon-cannabis-AAAAA-150x150.jpg",150,150,true],"medium":["https:\/\/legitgrams.com\/wp-content\/uploads\/2024\/09\/Buy-Purple-Dragon-cannabis-AAAAA-300x300.jpg",300,300,true],"medium_large":["https:\/\/legitgrams.com\/wp-content\/uploads\/2024\/09\/Buy-Purple-Dragon-cannabis-AAAAA.jpg",600,600,false],"large":["https:\/\/legitgrams.com\/wp-content\/uploads\/2024\/09\/Buy-Purple-Dragon-cannabis-AAAAA.jpg",600,600,false],"1536x1536":["https:\/\/legitgrams.com\/wp-content\/uploads\/2024\/09\/Buy-Purple-Dragon-cannabis-AAAAA.jpg",600,600,false],"2048x2048":["https:\/\/legitgrams.com\/wp-content\/uploads\/2024\/09\/Buy-Purple-Dragon-cannabis-AAAAA.jpg",600,600,false],"trp-custom-language-flag":["https:\/\/legitgrams.com\/wp-content\/uploads\/2024\/09\/Buy-Purple-Dragon-cannabis-AAAAA-12x12.jpg",12,12,true],"woocommerce_thumbnail":["https:\/\/legitgrams.com\/wp-content\/uploads\/2024\/09\/Buy-Purple-Dragon-cannabis-AAAAA-300x300.jpg",300,300,true],"woocommerce_single":["https:\/\/legitgrams.com\/wp-content\/uploads\/2024\/09\/Buy-Purple-Dragon-cannabis-AAAAA.jpg",600,600,false],"woocommerce_gallery_thumbnail":["https:\/\/legitgrams.com\/wp-content\/uploads\/2024\/09\/Buy-Purple-Dragon-cannabis-AAAAA-100x100.jpg",100,100,true]},"uagb_author_info":{"display_name":"cokeblog18","author_link":"https:\/\/legitgrams.com\/pl\/author\/"},"uagb_comment_info":0,"uagb_excerpt":"Purchase Purple Dragon Cannabis Online (AAAAA) A mix between the Blue Dragon and the Purple Urkle, the Purple Dragon is a strong indica-dominant hybrid. The well-balanced high that Purple Dragon offers calms and relaxes the body and mind. This strain has a very pleasant aroma that combines musk and sage with a lingering flowery taste.&hellip;","_links":{"self":[{"href":"https:\/\/legitgrams.com\/pl\/wp-json\/wp\/v2\/product\/3782","targetHints":{"allow":["GET"]}}],"collection":[{"href":"https:\/\/legitgrams.com\/pl\/wp-json\/wp\/v2\/product"}],"about":[{"href":"https:\/\/legitgrams.com\/pl\/wp-json\/wp\/v2\/types\/product"}],"replies":[{"embeddable":true,"href":"https:\/\/legitgrams.com\/pl\/wp-json\/wp\/v2\/comments?post=3782"}],"wp:featuredmedia":[{"embeddable":true,"href":"https:\/\/legitgrams.com\/pl\/wp-json\/wp\/v2\/media\/5417"}],"wp:attachment":[{"href":"https:\/\/legitgrams.com\/pl\/wp-json\/wp\/v2\/media?parent=3782"}],"wp:term":[{"taxonomy":"product_brand","embeddable":true,"href":"https:\/\/legitgrams.com\/pl\/wp-json\/wp\/v2\/product_brand?post=3782"},{"taxonomy":"product_cat","embeddable":true,"href":"https:\/\/legitgrams.com\/pl\/wp-json\/wp\/v2\/product_cat?post=3782"},{"taxonomy":"product_tag","embeddable":true,"href":"https:\/\/legitgrams.com\/pl\/wp-json\/wp\/v2\/product_tag?post=3782"}],"curies":[{"name":"wp","href":"https:\/\/api.w.org\/{rel}","templated":true}]}}