{"id":3801,"date":"2024-09-20T05:23:48","date_gmt":"2024-09-20T05:23:48","guid":{"rendered":"https:\/\/legitgrams.com\/?post_type=product&#038;p=3801"},"modified":"2025-04-13T09:16:31","modified_gmt":"2025-04-13T09:16:31","slug":"wysokiej-jakosci-odmiana-fondue-czekoladowego","status":"publish","type":"product","link":"https:\/\/legitgrams.com\/pl\/produkt\/wysokiej-jakosci-odmiana-fondue-czekoladowego\/","title":{"rendered":"Wysokiej jako\u015bci szczep Chocolate Fondue"},"content":{"rendered":"<h2>Kup Premium Chocolate Fondue Strain Online<\/h2>\n<h2>Informacje o odmianach fondue czekoladowego<\/h2>\n<p>Dzi\u0119ki hybrydzie z przewag\u0105 sativy firma DNA Genetics tworzy czekoladowe fondue, kt\u00f3re \u0142\u0105czy w sobie pobudzaj\u0105ce dzia\u0142anie szczepu Chocolope i relaksuj\u0105ce dzia\u0142anie szczepu Exodus Cheese.<\/p>\n<p><a href=\"https:\/\/legitgrams.com\/pl\/produkt\/wysokiej-jakosci-odmiana-fondue-czekoladowego\/\">Czekoladowe fondue<\/a> ma uspokajaj\u0105cy, uszcz\u0119\u015bliwiaj\u0105cy wp\u0142yw na cia\u0142o i psychik\u0119. Ta marihuana zachwyca zar\u00f3wno w dzie\u0144, jak i w nocy dzi\u0119ki bogatym perfumom i przyjemnemu zapachowi.<\/p>\n<h3>Korzy\u015bci terapeutyczne r\u00f3\u017cnych fondue czekoladowych<\/h3>\n<p>Korzystanie z r\u00f3\u017cnych odmian konopi ma wiele zalet. Oto sze\u015b\u0107 pierwszych korzy\u015bci p\u0142yn\u0105cych z jej u\u017cywania. Naturalnie poczujesz si\u0119 silniejszy, im wy\u017csza moc!<\/p>\n<p>1. \u0141agodzi d\u0142ugotrwa\u0142y dyskomfort<br \/>\nSubstancje chemiczne zawarte w marihuanie pomagaj\u0105 w \u0142agodzeniu b\u00f3lu. Zazwyczaj moc marihuany jest r\u00f3wnie\u017c okre\u015blana na podstawie jej koloru. Wiele os\u00f3b uwa\u017ca to za prawd\u0119.<\/p>\n<p>2. Zwi\u0119kszona pojemno\u015b\u0107 p\u0142uc<br \/>\nCzy jeste\u015b \u015bwiadomy? O wiele lepiej jest pali\u0107 marihuan\u0119 ni\u017c tyto\u0144. Pomo\u017ce ci r\u00f3wnie\u017c zwi\u0119kszy\u0107 pojemno\u015b\u0107 p\u0142uc.<\/p>\n<p>3. Utrata wagi<br \/>\nWi\u0119kszo\u015b\u0107 os\u00f3b u\u017cywaj\u0105cych marihuany nie ma problem\u00f3w z oty\u0142o\u015bci\u0105. Wynika to z faktu, \u017ce konsekwentne u\u017cywanie kwiat\u00f3w konopi indyjskich pomo\u017ce ci kontrolowa\u0107 spo\u017cycie kalorii.<\/p>\n<p>4-Zapobieganie cukrzycy<br \/>\nRaz rozwini\u0119ta cukrzyca jest chorob\u0105 na ca\u0142e \u017cycie. Mo\u017cna \u0142atwo kontrolowa\u0107 poziom cukru we krwi, aby zapobiec dalszym powik\u0142aniom. <a href=\"https:\/\/legitgrams.com\/pl\/\">LegitGrams<\/a><\/p>\n<p>Konopie indyjskie mog\u0105 pom\u00f3c obni\u017cy\u0107 ci\u015bnienie krwi i ustabilizowa\u0107 poziom cukru we krwi!<\/p>\n<p>5. Pomoc osobom cierpi\u0105cym na depresj\u0119<br \/>\nNie wiedz\u0105c o tym, depresja dotyka niekt\u00f3rych ludzi. Je\u015bli cierpisz na depresj\u0119, u\u017cywanie marihuany mo\u017ce pom\u00f3c ci poczu\u0107 si\u0119 lepiej.<\/p>\n<p>Gdzie w Kanadzie mo\u017cna znale\u017a\u0107 ten rodzaj czekoladowego fondue?<br \/>\nChocia\u017c czekoladowe fondue jest dost\u0119pne w wielu smakach w ca\u0142ej Kanadzie, nasza przychodnia po marihuanie oferuje jedne z najlepszych dost\u0119pnych.<\/p>\n<p>Obiecujemy dostarczy\u0107 towar wysokiej jako\u015bci lub zwr\u00f3ci\u0107 pieni\u0105dze! Dodatkowo, darmowa dostawa jest oferowana przy zam\u00f3wieniach powy\u017cej $100!<\/p>\n<p>Zakup najwy\u017cszej jako\u015bci <a href=\"https:\/\/en.wikipedia.org\/wiki\/List_of_fondues\">Odmiana Chocolate Fondue<\/a> Online - Zakup najwy\u017cszej jako\u015bci Chocolate Fondue Strain, zakup najwy\u017cszej jako\u015bci Chocolate Fondue Strain, zakup najwy\u017cszej jako\u015bci Chocolate Fondue Strain, gdzie kupi\u0107 najwy\u017cszej jako\u015bci Chocolate Fondue Strain, zakup najwy\u017cszej jako\u015bci Chocolate Fondue Strain, zakup najwy\u017cszej jako\u015bci Chocolate Fondue Strain online, zakup najwy\u017cszej jako\u015bci Chocolate Fondue Strain w USA, Kanadzie, Wielkiej Brytanii, zakup online, dostawcy, bezpieczna dostawa, wysokiej jako\u015bci Chocolate Fondue Strain jest nadal dost\u0119pny. Czy kupowanie Quality Chocolate Fondue Strain w Kanadzie jest legalne? Jak mog\u0119 naby\u0107 Quality Chocolate Fondue Strain? Czy mog\u0119 kupi\u0107 Quality Chocolate Fondue Strain online w Stanach Zjednoczonych?<\/p>","protected":false},"excerpt":{"rendered":"<p>Purchase Premium Chocolate Fondue Strain Online Information about a variety of chocolate fondue With a sativa-dominant hybrid, DNA Genetics creates a chocolate fondue that combines the uplifting effects of Chocolope and the relaxing effects of Exodus Cheese. Chocolate fondue has the calming, happy-making influence on the body and psyche. This cannabis is delightful both day &hellip;<\/p>\n<p class=\"read-more\"> <a class=\"\" href=\"https:\/\/legitgrams.com\/pl\/produkt\/wysokiej-jakosci-odmiana-fondue-czekoladowego\/\"> <span class=\"screen-reader-text\">Wysokiej jako\u015bci szczep Chocolate Fondue<\/span> Czytaj wi\u0119cej \"<\/a><\/p>","protected":false},"featured_media":5419,"comment_status":"open","ping_status":"closed","template":"","meta":{"_uag_custom_page_level_css":"","site-sidebar-layout":"default","site-content-layout":"default","ast-global-header-display":"","ast-main-header-display":"","ast-hfb-above-header-display":"","ast-hfb-below-header-display":"","ast-hfb-mobile-header-display":"","site-post-title":"","ast-breadcrumbs-content":"","ast-featured-img":"","footer-sml-layout":"","theme-transparent-header-meta":"default","adv-header-id-meta":"","stick-header-meta":"default","header-above-stick-meta":"","header-main-stick-meta":"","header-below-stick-meta":"","_joinchat":[]},"product_brand":[],"product_cat":[607],"product_tag":[5223,5213,617,5205,5220,5217,5212,5210,5222,5204,5207,5215,5206,5216,5208,5218,5225,5226,5224,5221,5219,625,5211,5214,5209],"class_list":{"0":"post-3801","1":"product","2":"type-product","3":"status-publish","4":"has-post-thumbnail","6":"product_cat-marijuana-cannabis","7":"product_tag-best-cheap-price-quality-chocolate-fondue-strain","8":"product_tag-best-place-to-buy-quality-chocolate-fondue-strain","9":"product_tag-bulk-online","10":"product_tag-buy-quality-chocolate-fondue-strain","11":"product_tag-cheap-quality-chocolate-fondue-strain","12":"product_tag-high-quality-quality-chocolate-fondue-strain","13":"product_tag-how-to-buy-quality-chocolate-fondue-strain","14":"product_tag-order-quality-chocolate-fondue-strain","15":"product_tag-purcharse-quality-chocolate-fondue-strain","16":"product_tag-quality-chocolate-fondue-strain","17":"product_tag-quality-chocolate-fondue-strain-for-sale","18":"product_tag-quality-chocolate-fondue-strain-legally","19":"product_tag-quality-chocolate-fondue-strain-online","20":"product_tag-quality-chocolate-fondue-strain-price","21":"product_tag-quality-chocolate-fondue-strain-quality-chocolate-fondue-strain-supplier","22":"product_tag-quality-chocolate-fondue-strain-store","23":"product_tag-quality-chocolate-fondue-strain-use","24":"product_tag-quality-chocolate-fondue-strain-wiki","25":"product_tag-quality-chocolate-fondue-strain-worldwide","26":"product_tag-quality-chocolate-fondue-strains","27":"product_tag-shop-quality-chocolate-fondue-strain","28":"product_tag-top-quality","29":"product_tag-where-to-buy-quality-chocolate-fondue-strain","30":"product_tag-where-to-order-quality-chocolate-fondue-strain","31":"product_tag-wholesale-quality-chocolate-fondue-strain","32":"desktop-align-left","33":"tablet-align-left","34":"mobile-align-left","35":"ast-product-gallery-layout-horizontal","36":"ast-product-gallery-with-no-image","37":"ast-product-single-variable","38":"ast-product-tabs-layout-horizontal","39":"ast-qv-on-image","41":"first","42":"instock","43":"shipping-taxable","44":"purchasable","45":"product-type-variable"},"yoast_head":"<!-- This site is optimized with the Yoast SEO plugin v25.9 - https:\/\/yoast.com\/wordpress\/plugins\/seo\/ -->\n<title>Order Quality Chocolate Fondue Strain Online @ Best Price<\/title>\n<meta name=\"description\" content=\"Find premium quality chocolate fondue strain for sale at our online store, providing a secure platform to buy quality chocolate fondue strain online with ease, catering to your research needs.\" \/>\n<meta name=\"robots\" content=\"index, follow, max-snippet:-1, max-image-preview:large, max-video-preview:-1\" \/>\n<link rel=\"canonical\" href=\"https:\/\/legitgrams.com\/pl\/produkt\/wysokiej-jakosci-odmiana-fondue-czekoladowego\/\" \/>\n<meta property=\"og:locale\" content=\"pl_PL\" \/>\n<meta property=\"og:type\" content=\"article\" \/>\n<meta property=\"og:title\" content=\"Order Quality Chocolate Fondue Strain Online @ Best Price\" \/>\n<meta property=\"og:description\" content=\"Find premium quality chocolate fondue strain for sale at our online store, providing a secure platform to buy quality chocolate fondue strain online with ease, catering to your research needs.\" \/>\n<meta property=\"og:url\" content=\"https:\/\/legitgrams.com\/pl\/produkt\/wysokiej-jakosci-odmiana-fondue-czekoladowego\/\" \/>\n<meta property=\"og:site_name\" content=\"Legit Grams\" \/>\n<meta property=\"article:modified_time\" content=\"2025-04-13T09:16:31+00:00\" \/>\n<meta property=\"og:image\" content=\"https:\/\/legitgrams.com\/wp-content\/uploads\/2024\/09\/Buy-Quality-Chocolate-Fondue-Strain-online.jpg\" \/>\n\t<meta property=\"og:image:width\" content=\"600\" \/>\n\t<meta property=\"og:image:height\" content=\"600\" \/>\n\t<meta property=\"og:image:type\" content=\"image\/jpeg\" \/>\n<meta name=\"twitter:card\" content=\"summary_large_image\" \/>\n<meta name=\"twitter:label1\" content=\"Szacowany czas czytania\" \/>\n\t<meta name=\"twitter:data1\" content=\"2 minuty\" \/>\n<script type=\"application\/ld+json\" class=\"yoast-schema-graph\">{\"@context\":\"https:\/\/schema.org\",\"@graph\":[{\"@type\":\"WebPage\",\"@id\":\"https:\/\/legitgrams.com\/product\/quality-chocolate-fondue-strain\/\",\"url\":\"https:\/\/legitgrams.com\/product\/quality-chocolate-fondue-strain\/\",\"name\":\"Order Quality Chocolate Fondue Strain Online @ Best Price\",\"isPartOf\":{\"@id\":\"https:\/\/legitgrams.com\/#website\"},\"primaryImageOfPage\":{\"@id\":\"https:\/\/legitgrams.com\/product\/quality-chocolate-fondue-strain\/#primaryimage\"},\"image\":{\"@id\":\"https:\/\/legitgrams.com\/product\/quality-chocolate-fondue-strain\/#primaryimage\"},\"thumbnailUrl\":\"https:\/\/legitgrams.com\/wp-content\/uploads\/2024\/09\/Buy-Quality-Chocolate-Fondue-Strain-online.jpg\",\"datePublished\":\"2024-09-20T05:23:48+00:00\",\"dateModified\":\"2025-04-13T09:16:31+00:00\",\"description\":\"Find premium quality chocolate fondue strain for sale at our online store, providing a secure platform to buy quality chocolate fondue strain online with ease, catering to your research needs.\",\"breadcrumb\":{\"@id\":\"https:\/\/legitgrams.com\/product\/quality-chocolate-fondue-strain\/#breadcrumb\"},\"inLanguage\":\"pl-PL\",\"potentialAction\":[{\"@type\":\"ReadAction\",\"target\":[\"https:\/\/legitgrams.com\/product\/quality-chocolate-fondue-strain\/\"]}]},{\"@type\":\"ImageObject\",\"inLanguage\":\"pl-PL\",\"@id\":\"https:\/\/legitgrams.com\/product\/quality-chocolate-fondue-strain\/#primaryimage\",\"url\":\"https:\/\/legitgrams.com\/wp-content\/uploads\/2024\/09\/Buy-Quality-Chocolate-Fondue-Strain-online.jpg\",\"contentUrl\":\"https:\/\/legitgrams.com\/wp-content\/uploads\/2024\/09\/Buy-Quality-Chocolate-Fondue-Strain-online.jpg\",\"width\":600,\"height\":600,\"caption\":\"Quality Chocolate Fondue Strain for Sale\"},{\"@type\":\"BreadcrumbList\",\"@id\":\"https:\/\/legitgrams.com\/product\/quality-chocolate-fondue-strain\/#breadcrumb\",\"itemListElement\":[{\"@type\":\"ListItem\",\"position\":1,\"name\":\"Home\",\"item\":\"https:\/\/legitgrams.com\/\"},{\"@type\":\"ListItem\",\"position\":2,\"name\":\"Shop\",\"item\":\"https:\/\/legitgrams.com\/shop\/\"},{\"@type\":\"ListItem\",\"position\":3,\"name\":\"Quality Chocolate Fondue Strain\"}]},{\"@type\":\"WebSite\",\"@id\":\"https:\/\/legitgrams.com\/#website\",\"url\":\"https:\/\/legitgrams.com\/\",\"name\":\"Legit Grams\",\"description\":\"My WordPress Blog\",\"publisher\":{\"@id\":\"https:\/\/legitgrams.com\/#organization\"},\"potentialAction\":[{\"@type\":\"SearchAction\",\"target\":{\"@type\":\"EntryPoint\",\"urlTemplate\":\"https:\/\/legitgrams.com\/?s={search_term_string}\"},\"query-input\":{\"@type\":\"PropertyValueSpecification\",\"valueRequired\":true,\"valueName\":\"search_term_string\"}}],\"inLanguage\":\"pl-PL\"},{\"@type\":\"Organization\",\"@id\":\"https:\/\/legitgrams.com\/#organization\",\"name\":\"Legit Grams\",\"url\":\"https:\/\/legitgrams.com\/\",\"logo\":{\"@type\":\"ImageObject\",\"inLanguage\":\"pl-PL\",\"@id\":\"https:\/\/legitgrams.com\/#\/schema\/logo\/image\/\",\"url\":\"https:\/\/legitgrams.com\/wp-content\/uploads\/2024\/09\/main-logo.png\",\"contentUrl\":\"https:\/\/legitgrams.com\/wp-content\/uploads\/2024\/09\/main-logo.png\",\"width\":270,\"height\":75,\"caption\":\"Legit Grams\"},\"image\":{\"@id\":\"https:\/\/legitgrams.com\/#\/schema\/logo\/image\/\"}}]}<\/script>\n<!-- \/ Yoast SEO plugin. -->","yoast_head_json":{"title":"Zam\u00f3w wysokiej jako\u015bci Chocolate Fondue Strain online w najlepszej cenie","description":"Znajd\u017a najwy\u017cszej jako\u015bci czekoladow\u0105 odmian\u0119 fondue na sprzeda\u017c w naszym sklepie internetowym, zapewniaj\u0105c bezpieczn\u0105 platform\u0119 do \u0142atwego zakupu wysokiej jako\u015bci czekoladowej odmiany fondue online, spe\u0142niaj\u0105c Twoje potrzeby badawcze.","robots":{"index":"index","follow":"follow","max-snippet":"max-snippet:-1","max-image-preview":"max-image-preview:large","max-video-preview":"max-video-preview:-1"},"canonical":"https:\/\/legitgrams.com\/pl\/produkt\/wysokiej-jakosci-odmiana-fondue-czekoladowego\/","og_locale":"pl_PL","og_type":"article","og_title":"Order Quality Chocolate Fondue Strain Online @ Best Price","og_description":"Find premium quality chocolate fondue strain for sale at our online store, providing a secure platform to buy quality chocolate fondue strain online with ease, catering to your research needs.","og_url":"https:\/\/legitgrams.com\/pl\/produkt\/wysokiej-jakosci-odmiana-fondue-czekoladowego\/","og_site_name":"Legit Grams","article_modified_time":"2025-04-13T09:16:31+00:00","og_image":[{"width":600,"height":600,"url":"https:\/\/legitgrams.com\/wp-content\/uploads\/2024\/09\/Buy-Quality-Chocolate-Fondue-Strain-online.jpg","type":"image\/jpeg"}],"twitter_card":"summary_large_image","twitter_misc":{"Szacowany czas czytania":"2 minuty"},"schema":{"@context":"https:\/\/schema.org","@graph":[{"@type":"WebPage","@id":"https:\/\/legitgrams.com\/product\/quality-chocolate-fondue-strain\/","url":"https:\/\/legitgrams.com\/product\/quality-chocolate-fondue-strain\/","name":"Zam\u00f3w wysokiej jako\u015bci Chocolate Fondue Strain online w najlepszej cenie","isPartOf":{"@id":"https:\/\/legitgrams.com\/#website"},"primaryImageOfPage":{"@id":"https:\/\/legitgrams.com\/product\/quality-chocolate-fondue-strain\/#primaryimage"},"image":{"@id":"https:\/\/legitgrams.com\/product\/quality-chocolate-fondue-strain\/#primaryimage"},"thumbnailUrl":"https:\/\/legitgrams.com\/wp-content\/uploads\/2024\/09\/Buy-Quality-Chocolate-Fondue-Strain-online.jpg","datePublished":"2024-09-20T05:23:48+00:00","dateModified":"2025-04-13T09:16:31+00:00","description":"Znajd\u017a najwy\u017cszej jako\u015bci czekoladow\u0105 odmian\u0119 fondue na sprzeda\u017c w naszym sklepie internetowym, zapewniaj\u0105c bezpieczn\u0105 platform\u0119 do \u0142atwego zakupu wysokiej jako\u015bci czekoladowej odmiany fondue online, spe\u0142niaj\u0105c Twoje potrzeby badawcze.","breadcrumb":{"@id":"https:\/\/legitgrams.com\/product\/quality-chocolate-fondue-strain\/#breadcrumb"},"inLanguage":"pl-PL","potentialAction":[{"@type":"ReadAction","target":["https:\/\/legitgrams.com\/product\/quality-chocolate-fondue-strain\/"]}]},{"@type":"ImageObject","inLanguage":"pl-PL","@id":"https:\/\/legitgrams.com\/product\/quality-chocolate-fondue-strain\/#primaryimage","url":"https:\/\/legitgrams.com\/wp-content\/uploads\/2024\/09\/Buy-Quality-Chocolate-Fondue-Strain-online.jpg","contentUrl":"https:\/\/legitgrams.com\/wp-content\/uploads\/2024\/09\/Buy-Quality-Chocolate-Fondue-Strain-online.jpg","width":600,"height":600,"caption":"Quality Chocolate Fondue Strain for Sale"},{"@type":"BreadcrumbList","@id":"https:\/\/legitgrams.com\/product\/quality-chocolate-fondue-strain\/#breadcrumb","itemListElement":[{"@type":"ListItem","position":1,"name":"Home","item":"https:\/\/legitgrams.com\/"},{"@type":"ListItem","position":2,"name":"Shop","item":"https:\/\/legitgrams.com\/shop\/"},{"@type":"ListItem","position":3,"name":"Quality Chocolate Fondue Strain"}]},{"@type":"WebSite","@id":"https:\/\/legitgrams.com\/#website","url":"https:\/\/legitgrams.com\/","name":"Legit Grams","description":"M\u00f3j blog WordPress","publisher":{"@id":"https:\/\/legitgrams.com\/#organization"},"potentialAction":[{"@type":"SearchAction","target":{"@type":"EntryPoint","urlTemplate":"https:\/\/legitgrams.com\/?s={search_term_string}"},"query-input":{"@type":"PropertyValueSpecification","valueRequired":true,"valueName":"search_term_string"}}],"inLanguage":"pl-PL"},{"@type":"Organization","@id":"https:\/\/legitgrams.com\/#organization","name":"Legit Grams","url":"https:\/\/legitgrams.com\/","logo":{"@type":"ImageObject","inLanguage":"pl-PL","@id":"https:\/\/legitgrams.com\/#\/schema\/logo\/image\/","url":"https:\/\/legitgrams.com\/wp-content\/uploads\/2024\/09\/main-logo.png","contentUrl":"https:\/\/legitgrams.com\/wp-content\/uploads\/2024\/09\/main-logo.png","width":270,"height":75,"caption":"Legit Grams"},"image":{"@id":"https:\/\/legitgrams.com\/#\/schema\/logo\/image\/"}}]}},"uagb_featured_image_src":{"full":["https:\/\/legitgrams.com\/wp-content\/uploads\/2024\/09\/Buy-Quality-Chocolate-Fondue-Strain-online.jpg",600,600,false],"thumbnail":["https:\/\/legitgrams.com\/wp-content\/uploads\/2024\/09\/Buy-Quality-Chocolate-Fondue-Strain-online-150x150.jpg",150,150,true],"medium":["https:\/\/legitgrams.com\/wp-content\/uploads\/2024\/09\/Buy-Quality-Chocolate-Fondue-Strain-online-300x300.jpg",300,300,true],"medium_large":["https:\/\/legitgrams.com\/wp-content\/uploads\/2024\/09\/Buy-Quality-Chocolate-Fondue-Strain-online.jpg",600,600,false],"large":["https:\/\/legitgrams.com\/wp-content\/uploads\/2024\/09\/Buy-Quality-Chocolate-Fondue-Strain-online.jpg",600,600,false],"1536x1536":["https:\/\/legitgrams.com\/wp-content\/uploads\/2024\/09\/Buy-Quality-Chocolate-Fondue-Strain-online.jpg",600,600,false],"2048x2048":["https:\/\/legitgrams.com\/wp-content\/uploads\/2024\/09\/Buy-Quality-Chocolate-Fondue-Strain-online.jpg",600,600,false],"trp-custom-language-flag":["https:\/\/legitgrams.com\/wp-content\/uploads\/2024\/09\/Buy-Quality-Chocolate-Fondue-Strain-online-12x12.jpg",12,12,true],"woocommerce_thumbnail":["https:\/\/legitgrams.com\/wp-content\/uploads\/2024\/09\/Buy-Quality-Chocolate-Fondue-Strain-online-300x300.jpg",300,300,true],"woocommerce_single":["https:\/\/legitgrams.com\/wp-content\/uploads\/2024\/09\/Buy-Quality-Chocolate-Fondue-Strain-online.jpg",600,600,false],"woocommerce_gallery_thumbnail":["https:\/\/legitgrams.com\/wp-content\/uploads\/2024\/09\/Buy-Quality-Chocolate-Fondue-Strain-online-100x100.jpg",100,100,true]},"uagb_author_info":{"display_name":"cokeblog18","author_link":"https:\/\/legitgrams.com\/pl\/author\/"},"uagb_comment_info":1,"uagb_excerpt":"Purchase Premium Chocolate Fondue Strain Online Information about a variety of chocolate fondue With a sativa-dominant hybrid, DNA Genetics creates a chocolate fondue that combines the uplifting effects of Chocolope and the relaxing effects of Exodus Cheese. Chocolate fondue has the calming, happy-making influence on the body and psyche. This cannabis is delightful both day&hellip;","_links":{"self":[{"href":"https:\/\/legitgrams.com\/pl\/wp-json\/wp\/v2\/product\/3801","targetHints":{"allow":["GET"]}}],"collection":[{"href":"https:\/\/legitgrams.com\/pl\/wp-json\/wp\/v2\/product"}],"about":[{"href":"https:\/\/legitgrams.com\/pl\/wp-json\/wp\/v2\/types\/product"}],"replies":[{"embeddable":true,"href":"https:\/\/legitgrams.com\/pl\/wp-json\/wp\/v2\/comments?post=3801"}],"wp:featuredmedia":[{"embeddable":true,"href":"https:\/\/legitgrams.com\/pl\/wp-json\/wp\/v2\/media\/5419"}],"wp:attachment":[{"href":"https:\/\/legitgrams.com\/pl\/wp-json\/wp\/v2\/media?parent=3801"}],"wp:term":[{"taxonomy":"product_brand","embeddable":true,"href":"https:\/\/legitgrams.com\/pl\/wp-json\/wp\/v2\/product_brand?post=3801"},{"taxonomy":"product_cat","embeddable":true,"href":"https:\/\/legitgrams.com\/pl\/wp-json\/wp\/v2\/product_cat?post=3801"},{"taxonomy":"product_tag","embeddable":true,"href":"https:\/\/legitgrams.com\/pl\/wp-json\/wp\/v2\/product_tag?post=3801"}],"curies":[{"name":"wp","href":"https:\/\/api.w.org\/{rel}","templated":true}]}}