{"id":3809,"date":"2024-09-20T05:34:15","date_gmt":"2024-09-20T05:34:15","guid":{"rendered":"https:\/\/legitgrams.com\/?post_type=product&#038;p=3809"},"modified":"2025-01-15T05:30:50","modified_gmt":"2025-01-15T05:30:50","slug":"odmiana-rocky-mountain-blueberry","status":"publish","type":"product","link":"https:\/\/legitgrams.com\/pl\/produkt\/odmiana-rocky-mountain-blueberry\/","title":{"rendered":"Odmiana Rocky Mountain Blueberry"},"content":{"rendered":"<h2>Kup odmian\u0119 Rocky Mountain Blueberry online<\/h2>\n<p>Limitowana odmiana z The Farm w Kolorado, Rocky Mountain Blueberry jest dobrze nazwana ze wzgl\u0119du na obszar, w kt\u00f3rym zosta\u0142a wyhodowana. Uznany za upraw\u0119 najwy\u017cszej klasy p\u0105k\u00f3w, tamtejszy zesp\u00f3\u0142 wyhodowa\u0142 Blueberry i Shishkaberry, aby stworzy\u0107 odmian\u0119 z dominacj\u0105 Indica o zr\u00f3wnowa\u017conym dzia\u0142aniu i niezwyk\u0142ych smakach.<\/p>\n<h3>Jagody z G\u00f3r Skalistych<\/h3>\n<p><a href=\"https:\/\/legitgrams.com\/pl\/produkt\/odmiana-rocky-mountain-blueberry\/\">Rocky Mountain Blueberry<\/a> ma niesamowit\u0105 moc 18% THC, dzi\u0119ki czemu jest idealna zar\u00f3wno dla nowych, jak i do\u015bwiadczonych u\u017cytkownik\u00f3w konopi, kt\u00f3rzy dopiero zanurzaj\u0105 palce w \u015bwiecie trawki, a tak\u017ce dla do\u015bwiadczonych u\u017cytkownik\u00f3w, kt\u00f3rzy potrzebuj\u0105 czego\u015b subtelnego. Trichomy w kolorze jasnofioletowym, z oliwkowozielonym odcieniem bazowym i niebieskimi odcieniami, nadaj\u0105 naprawd\u0119 grubym bry\u0142kom niesamowity wygl\u0105d. Tw\u00f3j zmys\u0142 smaku zostanie przyt\u0142oczony s\u0142odkim jagodowym aromatem, kt\u00f3ry przenika powietrze nutami mi\u0119ty, sosny i cytryny.<\/p>\n<p>Wa\u017cne jest, aby prawid\u0142owo zaplanowa\u0107 porcj\u0119, poniewa\u017c odmiana ta zapewnia intensywn\u0105 kolejk\u0119 g\u00f3rsk\u0105 efekt\u00f3w. Jej sativowa strona pocz\u0105tkowo wejdzie do gry z wylewem euforii i kreatywnej energii, kt\u00f3ra jest idealna do ko\u0144czenia zada\u0144 w pracy lub sp\u0119dzania czasu z przyjaci\u00f3\u0142mi. Wiele os\u00f3b decyduje si\u0119 na stosowanie tej odmiany podczas aktywno\u015bci na \u015bwie\u017cym powietrzu, ale nale\u017cy pami\u0119ta\u0107, \u017ce do\u015b\u0107 \u0142atwo b\u0119dzie si\u0119 zm\u0119czy\u0107 podczas d\u0142ugiej wspinaczki. Rough Mountain Blueberry zaczyna si\u0119 w sanktuariach i dzia\u0142a a\u017c do palc\u00f3w u st\u00f3p, \u0142agodz\u0105c dreszcze, kt\u00f3re s\u0105 niewygodne i napi\u0119te.<\/p>\n<p>Je\u015bli chodzi o ulg\u0119 terapeutyczn\u0105, ten p\u0105czek jest magikiem, poprawiaj\u0105cym nastr\u00f3j i bez wysi\u0142ku rozpraszaj\u0105cym stres i negatywne emocje. Chocia\u017c nie sprawi, \u017ce twoje problemy znikn\u0105 na zawsze, to kilka uderze\u0144 Rocky Mountain <a href=\"https:\/\/en.wikipedia.org\/wiki\/Blueberry\">Jagoda<\/a> sprawia, \u017ce wszystko wydaje si\u0119 nieco ja\u015bniejsze. Kiedy zaczynaj\u0105 si\u0119 dreszcze, przewlek\u0142e problemy fizyczne, a tak\u017ce przypadkowe odczucia, takie jak b\u00f3le g\u0142owy lub skurcze, r\u00f3wnie\u017c ust\u0119puj\u0105, a dla niekt\u00f3rych os\u00f3b wywo\u0142uje to r\u00f3wnie\u017c radosne uczucie.<\/p>\n<p>Ten rodzaj wymaga nieco wi\u0119cej uwagi ni\u017c wi\u0119kszo\u015b\u0107, mimo \u017ce w rzeczywisto\u015bci jest do\u015b\u0107 \u0142atwy w uprawie domowej. Ro\u015bliny s\u0105 do\u015b\u0107 rozga\u0142\u0119zione i kr\u00f3tkie, co wymaga od hodowc\u00f3w pilnowania ich i przycinania w r\u00f3\u017cny spos\u00f3b. Zapachy to kolejna rzecz, o kt\u00f3rej nale\u017cy pomy\u015ble\u0107. Poniewa\u017c Rocky Mountain Blueberry mo\u017ce by\u0107 uprawiana zar\u00f3wno w pomieszczeniach, jak i na zewn\u0105trz, jej jagodowy zapach jest wystarczaj\u0105co silny, aby przyci\u0105gn\u0105\u0107 niechcian\u0105 uwag\u0119.<\/p>\n<p>Kiedy b\u0119dziesz gotowy do dostrojenia jej osi czasu efekt\u00f3w, ta odmiana w ko\u0144cu stanie si\u0119 niezawodnym przyjacielem. Wypr\u00f3buj Rocky Mountain Blueberry pod koniec nocy, aby \u0142atwo zwalczy\u0107 zm\u0119czenie i skorzysta\u0107 z jej podprogowych efekt\u00f3w motywacyjnych. Nast\u0119pnie wr\u00f3\u0107 do domu, usi\u0105d\u017a w przytulnym fotelu lub luksusowym \u0142\u00f3\u017cku ze wspania\u0142ym partnerem i ciesz si\u0119 reszt\u0105 wieczoru. <a href=\"https:\/\/legitgrams.com\/pl\/\">LegitGrams<\/a><\/p>\n<p>Zakup Blueberry Strain online: Zakup Blueberry Strain online, zakup Rocky Mountain Blueberry Strain, zakup Blueberry Strain, Gdzie mog\u0119 kupi\u0107 Rocky Mountain Blueberry Strain? Gdzie mog\u0119 kupi\u0107 Rocky Mountain Blueberry Strain online? Gdzie mog\u0119 kupi\u0107 Rocky Mountain Blueberry Strain online? Gdzie mog\u0119 kupi\u0107 Rocky Mountain Blueberry Strain w USA, Kanadzie lub Wielkiej Brytanii? Gdzie mog\u0119 kupi\u0107 Rocky Mountain Blueberry Strain online? dostawcy? bezpieczna dostawa Pytania \"Czy Rocky Mountain Blueberry Strain jest legalny w Kanadzie?\" i \"Jak zam\u00f3wi\u0107 Rocky Mountain Blueberry Strain?\" s\u0105 nadal aktualne. Nadal mo\u017cesz kupi\u0107 Rocky Mountain Blueberry Strain online.<\/p>","protected":false},"excerpt":{"rendered":"<p>Purchase Rocky Mountain Blueberry Strain Online A limited variety from The Farm in Colorado, Rocky Mountain Blueberry is well called for the area in which she was grown. Recognized for cultivating top-notch buds, the team there bred Blueberry and Shishkaberry to create an indica-dominant strain with balanced effects and remarkable flavors. Blueberries from Rocky Mountain &hellip;<\/p>\n<p class=\"read-more\"> <a class=\"\" href=\"https:\/\/legitgrams.com\/pl\/produkt\/odmiana-rocky-mountain-blueberry\/\"> <span class=\"screen-reader-text\">Odmiana Rocky Mountain Blueberry<\/span> Czytaj wi\u0119cej \"<\/a><\/p>","protected":false},"featured_media":5420,"comment_status":"open","ping_status":"closed","template":"","meta":{"_uag_custom_page_level_css":"","site-sidebar-layout":"default","site-content-layout":"default","ast-global-header-display":"","ast-main-header-display":"","ast-hfb-above-header-display":"","ast-hfb-below-header-display":"","ast-hfb-mobile-header-display":"","site-post-title":"","ast-breadcrumbs-content":"","ast-featured-img":"","footer-sml-layout":"","theme-transparent-header-meta":"default","adv-header-id-meta":"","stick-header-meta":"default","header-above-stick-meta":"","header-main-stick-meta":"","header-below-stick-meta":"","_joinchat":[]},"product_brand":[],"product_cat":[607],"product_tag":[5200,5190,617,5182,5197,5194,5189,5187,5199,5181,5184,5192,5183,5193,5185,5195,5202,5203,5201,5198,5196,625,5188,5191,5186],"class_list":{"0":"post-3809","1":"product","2":"type-product","3":"status-publish","4":"has-post-thumbnail","6":"product_cat-marijuana-cannabis","7":"product_tag-best-cheap-price-rocky-mountain-blueberry-strain","8":"product_tag-best-place-to-buy-rocky-mountain-blueberry-strain","9":"product_tag-bulk-online","10":"product_tag-buy-rocky-mountain-blueberry-strain","11":"product_tag-cheap-rocky-mountain-blueberry-strain","12":"product_tag-high-quality-rocky-mountain-blueberry-strain","13":"product_tag-how-to-buy-rocky-mountain-blueberry-strain","14":"product_tag-order-rocky-mountain-blueberry-strain","15":"product_tag-purcharse-rocky-mountain-blueberry-strain","16":"product_tag-rocky-mountain-blueberry-strain","17":"product_tag-rocky-mountain-blueberry-strain-for-sale","18":"product_tag-rocky-mountain-blueberry-strain-legally","19":"product_tag-rocky-mountain-blueberry-strain-online","20":"product_tag-rocky-mountain-blueberry-strain-price","21":"product_tag-rocky-mountain-blueberry-strain-rocky-mountain-blueberry-strain-supplier","22":"product_tag-rocky-mountain-blueberry-strain-store","23":"product_tag-rocky-mountain-blueberry-strain-use","24":"product_tag-rocky-mountain-blueberry-strain-wiki","25":"product_tag-rocky-mountain-blueberry-strain-worldwide","26":"product_tag-rocky-mountain-blueberry-strains","27":"product_tag-shop-rocky-mountain-blueberry-strain","28":"product_tag-top-quality","29":"product_tag-where-to-buy-rocky-mountain-blueberry-strain","30":"product_tag-where-to-order-rocky-mountain-blueberry-strain","31":"product_tag-wholesale-rocky-mountain-blueberry-strain","32":"desktop-align-left","33":"tablet-align-left","34":"mobile-align-left","35":"ast-product-gallery-layout-horizontal","36":"ast-product-gallery-with-no-image","37":"ast-product-single-variable","38":"ast-product-tabs-layout-horizontal","39":"ast-qv-on-image","41":"first","42":"instock","43":"shipping-taxable","44":"purchasable","45":"product-type-variable"},"yoast_head":"<!-- This site is optimized with the Yoast SEO plugin v25.9 - https:\/\/yoast.com\/wordpress\/plugins\/seo\/ -->\n<title>Rocky Mountain Blueberry Strain for Sale @ Best Price Online<\/title>\n<meta name=\"description\" content=\"Find premium rocky mountain blueberry strain for sale at our online store, providing a secure platform to buy rocky mountain blueberry strain online with ease, catering to your research needs.\" \/>\n<meta name=\"robots\" content=\"index, follow, max-snippet:-1, max-image-preview:large, max-video-preview:-1\" \/>\n<link rel=\"canonical\" href=\"https:\/\/legitgrams.com\/pl\/produkt\/odmiana-rocky-mountain-blueberry\/\" \/>\n<meta property=\"og:locale\" content=\"pl_PL\" \/>\n<meta property=\"og:type\" content=\"article\" \/>\n<meta property=\"og:title\" content=\"Rocky Mountain Blueberry Strain for Sale @ Best Price Online\" \/>\n<meta property=\"og:description\" content=\"Find premium rocky mountain blueberry strain for sale at our online store, providing a secure platform to buy rocky mountain blueberry strain online with ease, catering to your research needs.\" \/>\n<meta property=\"og:url\" content=\"https:\/\/legitgrams.com\/pl\/produkt\/odmiana-rocky-mountain-blueberry\/\" \/>\n<meta property=\"og:site_name\" content=\"Legit Grams\" \/>\n<meta property=\"article:modified_time\" content=\"2025-01-15T05:30:50+00:00\" \/>\n<meta property=\"og:image\" content=\"https:\/\/legitgrams.com\/wp-content\/uploads\/2024\/09\/Buy-Rocky-Mountain-Blueberry-Strain-Online.jpg\" \/>\n\t<meta property=\"og:image:width\" content=\"600\" \/>\n\t<meta property=\"og:image:height\" content=\"600\" \/>\n\t<meta property=\"og:image:type\" content=\"image\/jpeg\" \/>\n<meta name=\"twitter:card\" content=\"summary_large_image\" \/>\n<meta name=\"twitter:label1\" content=\"Szacowany czas czytania\" \/>\n\t<meta name=\"twitter:data1\" content=\"3 minuty\" \/>\n<script type=\"application\/ld+json\" class=\"yoast-schema-graph\">{\"@context\":\"https:\/\/schema.org\",\"@graph\":[{\"@type\":\"WebPage\",\"@id\":\"https:\/\/legitgrams.com\/product\/rocky-mountain-blueberry-strain\/\",\"url\":\"https:\/\/legitgrams.com\/product\/rocky-mountain-blueberry-strain\/\",\"name\":\"Rocky Mountain Blueberry Strain for Sale @ Best Price Online\",\"isPartOf\":{\"@id\":\"https:\/\/legitgrams.com\/#website\"},\"primaryImageOfPage\":{\"@id\":\"https:\/\/legitgrams.com\/product\/rocky-mountain-blueberry-strain\/#primaryimage\"},\"image\":{\"@id\":\"https:\/\/legitgrams.com\/product\/rocky-mountain-blueberry-strain\/#primaryimage\"},\"thumbnailUrl\":\"https:\/\/legitgrams.com\/wp-content\/uploads\/2024\/09\/Buy-Rocky-Mountain-Blueberry-Strain-Online.jpg\",\"datePublished\":\"2024-09-20T05:34:15+00:00\",\"dateModified\":\"2025-01-15T05:30:50+00:00\",\"description\":\"Find premium rocky mountain blueberry strain for sale at our online store, providing a secure platform to buy rocky mountain blueberry strain online with ease, catering to your research needs.\",\"breadcrumb\":{\"@id\":\"https:\/\/legitgrams.com\/product\/rocky-mountain-blueberry-strain\/#breadcrumb\"},\"inLanguage\":\"pl-PL\",\"potentialAction\":[{\"@type\":\"ReadAction\",\"target\":[\"https:\/\/legitgrams.com\/product\/rocky-mountain-blueberry-strain\/\"]}]},{\"@type\":\"ImageObject\",\"inLanguage\":\"pl-PL\",\"@id\":\"https:\/\/legitgrams.com\/product\/rocky-mountain-blueberry-strain\/#primaryimage\",\"url\":\"https:\/\/legitgrams.com\/wp-content\/uploads\/2024\/09\/Buy-Rocky-Mountain-Blueberry-Strain-Online.jpg\",\"contentUrl\":\"https:\/\/legitgrams.com\/wp-content\/uploads\/2024\/09\/Buy-Rocky-Mountain-Blueberry-Strain-Online.jpg\",\"width\":600,\"height\":600,\"caption\":\"Rocky Mountain Blueberry Strain for Sale\"},{\"@type\":\"BreadcrumbList\",\"@id\":\"https:\/\/legitgrams.com\/product\/rocky-mountain-blueberry-strain\/#breadcrumb\",\"itemListElement\":[{\"@type\":\"ListItem\",\"position\":1,\"name\":\"Home\",\"item\":\"https:\/\/legitgrams.com\/\"},{\"@type\":\"ListItem\",\"position\":2,\"name\":\"Shop\",\"item\":\"https:\/\/legitgrams.com\/shop\/\"},{\"@type\":\"ListItem\",\"position\":3,\"name\":\"Rocky Mountain Blueberry Strain\"}]},{\"@type\":\"WebSite\",\"@id\":\"https:\/\/legitgrams.com\/#website\",\"url\":\"https:\/\/legitgrams.com\/\",\"name\":\"Legit Grams\",\"description\":\"My WordPress Blog\",\"publisher\":{\"@id\":\"https:\/\/legitgrams.com\/#organization\"},\"potentialAction\":[{\"@type\":\"SearchAction\",\"target\":{\"@type\":\"EntryPoint\",\"urlTemplate\":\"https:\/\/legitgrams.com\/?s={search_term_string}\"},\"query-input\":{\"@type\":\"PropertyValueSpecification\",\"valueRequired\":true,\"valueName\":\"search_term_string\"}}],\"inLanguage\":\"pl-PL\"},{\"@type\":\"Organization\",\"@id\":\"https:\/\/legitgrams.com\/#organization\",\"name\":\"Legit Grams\",\"url\":\"https:\/\/legitgrams.com\/\",\"logo\":{\"@type\":\"ImageObject\",\"inLanguage\":\"pl-PL\",\"@id\":\"https:\/\/legitgrams.com\/#\/schema\/logo\/image\/\",\"url\":\"https:\/\/legitgrams.com\/wp-content\/uploads\/2024\/09\/main-logo.png\",\"contentUrl\":\"https:\/\/legitgrams.com\/wp-content\/uploads\/2024\/09\/main-logo.png\",\"width\":270,\"height\":75,\"caption\":\"Legit Grams\"},\"image\":{\"@id\":\"https:\/\/legitgrams.com\/#\/schema\/logo\/image\/\"}}]}<\/script>\n<!-- \/ Yoast SEO plugin. -->","yoast_head_json":{"title":"Odmiana Rocky Mountain Blueberry na sprzeda\u017c w najlepszej cenie online","description":"Znajd\u017a najwy\u017cszej jako\u015bci odmian\u0119 rocky mountain blueberry na sprzeda\u017c w naszym sklepie internetowym, zapewniaj\u0105c bezpieczn\u0105 platform\u0119 do \u0142atwego zakupu odmiany rocky mountain blueberry online, spe\u0142niaj\u0105c Twoje potrzeby badawcze.","robots":{"index":"index","follow":"follow","max-snippet":"max-snippet:-1","max-image-preview":"max-image-preview:large","max-video-preview":"max-video-preview:-1"},"canonical":"https:\/\/legitgrams.com\/pl\/produkt\/odmiana-rocky-mountain-blueberry\/","og_locale":"pl_PL","og_type":"article","og_title":"Rocky Mountain Blueberry Strain for Sale @ Best Price Online","og_description":"Find premium rocky mountain blueberry strain for sale at our online store, providing a secure platform to buy rocky mountain blueberry strain online with ease, catering to your research needs.","og_url":"https:\/\/legitgrams.com\/pl\/produkt\/odmiana-rocky-mountain-blueberry\/","og_site_name":"Legit Grams","article_modified_time":"2025-01-15T05:30:50+00:00","og_image":[{"width":600,"height":600,"url":"https:\/\/legitgrams.com\/wp-content\/uploads\/2024\/09\/Buy-Rocky-Mountain-Blueberry-Strain-Online.jpg","type":"image\/jpeg"}],"twitter_card":"summary_large_image","twitter_misc":{"Szacowany czas czytania":"3 minuty"},"schema":{"@context":"https:\/\/schema.org","@graph":[{"@type":"WebPage","@id":"https:\/\/legitgrams.com\/product\/rocky-mountain-blueberry-strain\/","url":"https:\/\/legitgrams.com\/product\/rocky-mountain-blueberry-strain\/","name":"Odmiana Rocky Mountain Blueberry na sprzeda\u017c w najlepszej cenie online","isPartOf":{"@id":"https:\/\/legitgrams.com\/#website"},"primaryImageOfPage":{"@id":"https:\/\/legitgrams.com\/product\/rocky-mountain-blueberry-strain\/#primaryimage"},"image":{"@id":"https:\/\/legitgrams.com\/product\/rocky-mountain-blueberry-strain\/#primaryimage"},"thumbnailUrl":"https:\/\/legitgrams.com\/wp-content\/uploads\/2024\/09\/Buy-Rocky-Mountain-Blueberry-Strain-Online.jpg","datePublished":"2024-09-20T05:34:15+00:00","dateModified":"2025-01-15T05:30:50+00:00","description":"Znajd\u017a najwy\u017cszej jako\u015bci odmian\u0119 rocky mountain blueberry na sprzeda\u017c w naszym sklepie internetowym, zapewniaj\u0105c bezpieczn\u0105 platform\u0119 do \u0142atwego zakupu odmiany rocky mountain blueberry online, spe\u0142niaj\u0105c Twoje potrzeby badawcze.","breadcrumb":{"@id":"https:\/\/legitgrams.com\/product\/rocky-mountain-blueberry-strain\/#breadcrumb"},"inLanguage":"pl-PL","potentialAction":[{"@type":"ReadAction","target":["https:\/\/legitgrams.com\/product\/rocky-mountain-blueberry-strain\/"]}]},{"@type":"ImageObject","inLanguage":"pl-PL","@id":"https:\/\/legitgrams.com\/product\/rocky-mountain-blueberry-strain\/#primaryimage","url":"https:\/\/legitgrams.com\/wp-content\/uploads\/2024\/09\/Buy-Rocky-Mountain-Blueberry-Strain-Online.jpg","contentUrl":"https:\/\/legitgrams.com\/wp-content\/uploads\/2024\/09\/Buy-Rocky-Mountain-Blueberry-Strain-Online.jpg","width":600,"height":600,"caption":"Rocky Mountain Blueberry Strain for Sale"},{"@type":"BreadcrumbList","@id":"https:\/\/legitgrams.com\/product\/rocky-mountain-blueberry-strain\/#breadcrumb","itemListElement":[{"@type":"ListItem","position":1,"name":"Home","item":"https:\/\/legitgrams.com\/"},{"@type":"ListItem","position":2,"name":"Shop","item":"https:\/\/legitgrams.com\/shop\/"},{"@type":"ListItem","position":3,"name":"Rocky Mountain Blueberry Strain"}]},{"@type":"WebSite","@id":"https:\/\/legitgrams.com\/#website","url":"https:\/\/legitgrams.com\/","name":"Legit Grams","description":"M\u00f3j blog WordPress","publisher":{"@id":"https:\/\/legitgrams.com\/#organization"},"potentialAction":[{"@type":"SearchAction","target":{"@type":"EntryPoint","urlTemplate":"https:\/\/legitgrams.com\/?s={search_term_string}"},"query-input":{"@type":"PropertyValueSpecification","valueRequired":true,"valueName":"search_term_string"}}],"inLanguage":"pl-PL"},{"@type":"Organization","@id":"https:\/\/legitgrams.com\/#organization","name":"Legit Grams","url":"https:\/\/legitgrams.com\/","logo":{"@type":"ImageObject","inLanguage":"pl-PL","@id":"https:\/\/legitgrams.com\/#\/schema\/logo\/image\/","url":"https:\/\/legitgrams.com\/wp-content\/uploads\/2024\/09\/main-logo.png","contentUrl":"https:\/\/legitgrams.com\/wp-content\/uploads\/2024\/09\/main-logo.png","width":270,"height":75,"caption":"Legit Grams"},"image":{"@id":"https:\/\/legitgrams.com\/#\/schema\/logo\/image\/"}}]}},"uagb_featured_image_src":{"full":["https:\/\/legitgrams.com\/wp-content\/uploads\/2024\/09\/Buy-Rocky-Mountain-Blueberry-Strain-Online.jpg",600,600,false],"thumbnail":["https:\/\/legitgrams.com\/wp-content\/uploads\/2024\/09\/Buy-Rocky-Mountain-Blueberry-Strain-Online-150x150.jpg",150,150,true],"medium":["https:\/\/legitgrams.com\/wp-content\/uploads\/2024\/09\/Buy-Rocky-Mountain-Blueberry-Strain-Online-300x300.jpg",300,300,true],"medium_large":["https:\/\/legitgrams.com\/wp-content\/uploads\/2024\/09\/Buy-Rocky-Mountain-Blueberry-Strain-Online.jpg",600,600,false],"large":["https:\/\/legitgrams.com\/wp-content\/uploads\/2024\/09\/Buy-Rocky-Mountain-Blueberry-Strain-Online.jpg",600,600,false],"1536x1536":["https:\/\/legitgrams.com\/wp-content\/uploads\/2024\/09\/Buy-Rocky-Mountain-Blueberry-Strain-Online.jpg",600,600,false],"2048x2048":["https:\/\/legitgrams.com\/wp-content\/uploads\/2024\/09\/Buy-Rocky-Mountain-Blueberry-Strain-Online.jpg",600,600,false],"trp-custom-language-flag":["https:\/\/legitgrams.com\/wp-content\/uploads\/2024\/09\/Buy-Rocky-Mountain-Blueberry-Strain-Online-12x12.jpg",12,12,true],"woocommerce_thumbnail":["https:\/\/legitgrams.com\/wp-content\/uploads\/2024\/09\/Buy-Rocky-Mountain-Blueberry-Strain-Online-300x300.jpg",300,300,true],"woocommerce_single":["https:\/\/legitgrams.com\/wp-content\/uploads\/2024\/09\/Buy-Rocky-Mountain-Blueberry-Strain-Online.jpg",600,600,false],"woocommerce_gallery_thumbnail":["https:\/\/legitgrams.com\/wp-content\/uploads\/2024\/09\/Buy-Rocky-Mountain-Blueberry-Strain-Online-100x100.jpg",100,100,true]},"uagb_author_info":{"display_name":"cokeblog18","author_link":"https:\/\/legitgrams.com\/pl\/author\/"},"uagb_comment_info":0,"uagb_excerpt":"Purchase Rocky Mountain Blueberry Strain Online A limited variety from The Farm in Colorado, Rocky Mountain Blueberry is well called for the area in which she was grown. Recognized for cultivating top-notch buds, the team there bred Blueberry and Shishkaberry to create an indica-dominant strain with balanced effects and remarkable flavors. Blueberries from Rocky Mountain&hellip;","_links":{"self":[{"href":"https:\/\/legitgrams.com\/pl\/wp-json\/wp\/v2\/product\/3809","targetHints":{"allow":["GET"]}}],"collection":[{"href":"https:\/\/legitgrams.com\/pl\/wp-json\/wp\/v2\/product"}],"about":[{"href":"https:\/\/legitgrams.com\/pl\/wp-json\/wp\/v2\/types\/product"}],"replies":[{"embeddable":true,"href":"https:\/\/legitgrams.com\/pl\/wp-json\/wp\/v2\/comments?post=3809"}],"wp:featuredmedia":[{"embeddable":true,"href":"https:\/\/legitgrams.com\/pl\/wp-json\/wp\/v2\/media\/5420"}],"wp:attachment":[{"href":"https:\/\/legitgrams.com\/pl\/wp-json\/wp\/v2\/media?parent=3809"}],"wp:term":[{"taxonomy":"product_brand","embeddable":true,"href":"https:\/\/legitgrams.com\/pl\/wp-json\/wp\/v2\/product_brand?post=3809"},{"taxonomy":"product_cat","embeddable":true,"href":"https:\/\/legitgrams.com\/pl\/wp-json\/wp\/v2\/product_cat?post=3809"},{"taxonomy":"product_tag","embeddable":true,"href":"https:\/\/legitgrams.com\/pl\/wp-json\/wp\/v2\/product_tag?post=3809"}],"curies":[{"name":"wp","href":"https:\/\/api.w.org\/{rel}","templated":true}]}}