{"id":3823,"date":"2024-09-20T06:19:26","date_gmt":"2024-09-20T06:19:26","guid":{"rendered":"https:\/\/legitgrams.com\/?post_type=product&#038;p=3823"},"modified":"2025-01-13T08:10:48","modified_gmt":"2025-01-13T08:10:48","slug":"odmiana-marihuany-agent-orange","status":"publish","type":"product","link":"https:\/\/legitgrams.com\/pl\/produkt\/odmiana-marihuany-agent-orange\/","title":{"rendered":"Odmiana marihuany Agent Orange"},"content":{"rendered":"<h2>Na sprzeda\u017c: Odmiana konopi Agent Orange<\/h2>\n<p>Jednym ze sposob\u00f3w wizualizacji Azji jest zamkni\u0119cie oczu i wyobra\u017cenie sobie dalekich wybrze\u017cy, smutno brakuj\u0105cych przystani i jedzenia tak dobrego, \u017ce nie b\u0119dziesz chcia\u0142 je\u015b\u0107 niczego innego. Jako alternatyw\u0119, spr\u00f3buj tego niezwykle rzadkiego i orze\u017awiaj\u0105cego szczepu; mo\u017ce to by\u0107 fantazja, na kt\u00f3r\u0105 czeka\u0142e\u015b. Ze wzgl\u0119du na ich zagadkow\u0105 reprodukcj\u0119 i wysoce skryty sk\u0142ad genetyczny, azjatyckie pomara\u0144cze by\u0142y uwa\u017cane za wymar\u0142e przez d\u0142ugi czas. Jednak teraz wiadomo, \u017ce ta zagro\u017cona rasa nadal istnieje dzi\u0119ki kilku oddanym zwolennikom.<\/p>\n<p>Ustalono, \u017ce jest to niezawodna Sativa ze sta\u0142ym poziomem THC mi\u0119dzy 17% a 24%, nawet w przypadku braku potwierdzenia ojcostwa. Pomimo faktu, \u017ce nazwa szczepu \u201e<a href=\"https:\/\/en.wikipedia.org\/wiki\/Agent_Orange\">Azjatycka pomara\u0144cza<\/a>\u201d, co opisuje jego wzgl\u0119dn\u0105 nieznano\u015b\u0107, prawdopodobnie ma co\u015b wsp\u00f3lnego z azjatyckim dziedzictwem tego obszaru, a tak\u017ce z du\u017cymi, falistymi kwiatami pokrytymi ciemnoczerwonymi w\u0142oskami. Aromat sk\u00f3rki cytrynowej i kwasowo\u015bci zmieszanej ze s\u0142odycz\u0105 przenika te pyszne bry\u0142ki. Jego og\u00f3lna forma ma na\u015bladowa\u0107 haczyk na homara, co nadaje mu atrakcyjno\u015bci wizualnej i podnosi go ponad mokry kwiat. <a href=\"https:\/\/legitgrams.com\/pl\/\">LegitGrams<\/a><\/p>\n<p>Odczucie to charakteryzuje si\u0119 jako psychodeliczne, podnosz\u0105ce na duchu i m\u00f3zgowe. Twoja wyj\u0105tkowo\u015b\u0107 i osobowo\u015b\u0107 szybko wzrosn\u0105, powoduj\u0105c dreszcze przebiegaj\u0105ce wzd\u0142u\u017c kr\u0119gos\u0142upa od g\u0142owy do ko\u0144czyn. \u015awiat\u0142o rozprzestrzeni si\u0119 do twojego centrum, gdy twoje cia\u0142o zacznie si\u0119 ca\u0142kowicie relaksowa\u0107. W tym momencie normalne jest bycie entuzjastycznym. Je\u015bli jeste\u015b przekonany, ten rodzaj hiszpa\u0144skiej muchy jest doskona\u0142y. Ze wzgl\u0119du na silne fale i intensywn\u0105 psychoaktywno\u015b\u0107 szczepu, nie jest on zalecany osobom podatnym na loty umys\u0142owe lub nieufno\u015b\u0107.<\/p>\n<p>Zakup odmiany konopi Agent Orange online: <a href=\"https:\/\/legitgrams.com\/pl\/produkt\/odmiana-marihuany-agent-orange\/\">Kup pomara\u0144czow\u0105 marihuan\u0119<\/a>Acheter la vari\u00e9t\u00e9 de cannabis Agent Orange, Acheter la vari\u00e9t\u00e9 de cannabis Orange La vari\u00e9t\u00e9 de marijuana Agent Orange \u00e0 vendre, la vari\u00e9t\u00e9 de marijuana Agent Orange \u00e0 vendre, acheter la vari\u00e9t\u00e9 de marijuana en ligne, o\u00f9 acheter la vari\u00e9t\u00e9 de marijuana Agent Orange en ligne, fournisseurs, livraison s\u00e9curis\u00e9e, Am\u00e9rique, Canada et Royaume-Uni La vari\u00e9t\u00e9 de marijuana Agent Orange est toujours accessible. De plus, vous pouvez d\u00e9couvrir si elle est autoris\u00e9e au Canada, comment l'obtenir en ligne et si elle est l\u00e9gale aux \u00c9tats-Unis.<\/p>","protected":false},"excerpt":{"rendered":"<p>For Sale: Agent Orange Cannabis Strain One way to visualize Asia is to close your eyes and visualize far coastlines, sadly missing havens, and food so good you won&#8217;t want to eat anything else. As an alternative, try this incredibly uncommon and invigorating strain; it might be the fantasy you&#8217;ve been waiting for. Because of &hellip;<\/p>\n<p class=\"read-more\"> <a class=\"\" href=\"https:\/\/legitgrams.com\/pl\/produkt\/odmiana-marihuany-agent-orange\/\"> <span class=\"screen-reader-text\">Odmiana marihuany Agent Orange<\/span> Czytaj wi\u0119cej \"<\/a><\/p>","protected":false},"featured_media":5403,"comment_status":"open","ping_status":"closed","template":"","meta":{"_uag_custom_page_level_css":"","site-sidebar-layout":"default","site-content-layout":"default","ast-global-header-display":"","ast-main-header-display":"","ast-hfb-above-header-display":"","ast-hfb-below-header-display":"","ast-hfb-mobile-header-display":"","site-post-title":"","ast-breadcrumbs-content":"","ast-featured-img":"","footer-sml-layout":"","theme-transparent-header-meta":"default","adv-header-id-meta":"","stick-header-meta":"default","header-above-stick-meta":"","header-main-stick-meta":"","header-below-stick-meta":"","_joinchat":[]},"product_brand":[],"product_cat":[607],"product_tag":[4928,4932,4931,4939,4930,4940,4942,4949,4950,4948,4945,4947,4937,617,4929,4944,4941,4936,4934,4946,4943,625,4935,4938,4933],"class_list":{"0":"post-3823","1":"product","2":"type-product","3":"status-publish","4":"has-post-thumbnail","6":"product_cat-marijuana-cannabis","7":"product_tag-agent-orange-marijuana-strain","8":"product_tag-agent-orange-marijuana-strain-agent-orange-marijuana-strain-supplier","9":"product_tag-agent-orange-marijuana-strain-for-sale","10":"product_tag-agent-orange-marijuana-strain-legally","11":"product_tag-agent-orange-marijuana-strain-online","12":"product_tag-agent-orange-marijuana-strain-price","13":"product_tag-agent-orange-marijuana-strain-store","14":"product_tag-agent-orange-marijuana-strain-use","15":"product_tag-agent-orange-marijuana-strain-wiki","16":"product_tag-agent-orange-marijuana-strain-worldwide","17":"product_tag-agent-orange-marijuana-strains","18":"product_tag-best-cheap-price-agent-orange-marijuana-strain","19":"product_tag-best-place-to-buy-agent-orange-marijuana-strain","20":"product_tag-bulk-online","21":"product_tag-buy-agent-orange-marijuana-strain","22":"product_tag-cheap-agent-orange-marijuana-strain","23":"product_tag-high-quality-agent-orange-marijuana-strain","24":"product_tag-how-to-buy-agent-orange-marijuana-strain","25":"product_tag-order-agent-orange-marijuana-strain","26":"product_tag-purcharse-agent-orange-marijuana-strain","27":"product_tag-shop-agent-orange-marijuana-strain","28":"product_tag-top-quality","29":"product_tag-where-to-buy-agent-orange-marijuana-strain","30":"product_tag-where-to-order-agent-orange-marijuana-strain","31":"product_tag-wholesale-agent-orange-marijuana-strain","32":"desktop-align-left","33":"tablet-align-left","34":"mobile-align-left","35":"ast-product-gallery-layout-horizontal","36":"ast-product-gallery-with-no-image","37":"ast-product-single-variable","38":"ast-product-tabs-layout-horizontal","39":"ast-qv-on-image","41":"first","42":"instock","43":"shipping-taxable","44":"purchasable","45":"product-type-variable"},"yoast_head":"<!-- This site is optimized with the Yoast SEO plugin v25.9 - https:\/\/yoast.com\/wordpress\/plugins\/seo\/ -->\n<title>Agent Orange Marijuana for Sale - Order Agent Orange Online<\/title>\n<meta name=\"description\" content=\"If you have not tried agent orange marijuana strain from our store, then you are missing a lot. We will help you buy orange marijuana strain online at cheap rate. Get orange marijuana strain for sale today!\" \/>\n<meta name=\"robots\" content=\"index, follow, max-snippet:-1, max-image-preview:large, max-video-preview:-1\" \/>\n<link rel=\"canonical\" href=\"https:\/\/legitgrams.com\/pl\/produkt\/odmiana-marihuany-agent-orange\/\" \/>\n<meta property=\"og:locale\" content=\"pl_PL\" \/>\n<meta property=\"og:type\" content=\"article\" \/>\n<meta property=\"og:title\" content=\"Agent Orange Marijuana for Sale - Order Agent Orange Online\" \/>\n<meta property=\"og:description\" content=\"If you have not tried agent orange marijuana strain from our store, then you are missing a lot. We will help you buy orange marijuana strain online at cheap rate. Get orange marijuana strain for sale today!\" \/>\n<meta property=\"og:url\" content=\"https:\/\/legitgrams.com\/pl\/produkt\/odmiana-marihuany-agent-orange\/\" \/>\n<meta property=\"og:site_name\" content=\"Legit Grams\" \/>\n<meta property=\"article:modified_time\" content=\"2025-01-13T08:10:48+00:00\" \/>\n<meta property=\"og:image\" content=\"https:\/\/legitgrams.com\/wp-content\/uploads\/2024\/09\/Buy-Agent-Orange-Marijuana-Strain-Online-1.jpg\" \/>\n\t<meta property=\"og:image:width\" content=\"600\" \/>\n\t<meta property=\"og:image:height\" content=\"600\" \/>\n\t<meta property=\"og:image:type\" content=\"image\/jpeg\" \/>\n<meta name=\"twitter:card\" content=\"summary_large_image\" \/>\n<meta name=\"twitter:label1\" content=\"Szacowany czas czytania\" \/>\n\t<meta name=\"twitter:data1\" content=\"2 minuty\" \/>\n<script type=\"application\/ld+json\" class=\"yoast-schema-graph\">{\"@context\":\"https:\/\/schema.org\",\"@graph\":[{\"@type\":\"WebPage\",\"@id\":\"https:\/\/legitgrams.com\/product\/agent-orange-marijuana-strain\/\",\"url\":\"https:\/\/legitgrams.com\/product\/agent-orange-marijuana-strain\/\",\"name\":\"Agent Orange Marijuana for Sale - Order Agent Orange Online\",\"isPartOf\":{\"@id\":\"https:\/\/legitgrams.com\/#website\"},\"primaryImageOfPage\":{\"@id\":\"https:\/\/legitgrams.com\/product\/agent-orange-marijuana-strain\/#primaryimage\"},\"image\":{\"@id\":\"https:\/\/legitgrams.com\/product\/agent-orange-marijuana-strain\/#primaryimage\"},\"thumbnailUrl\":\"https:\/\/legitgrams.com\/wp-content\/uploads\/2024\/09\/Buy-Agent-Orange-Marijuana-Strain-Online-1.jpg\",\"datePublished\":\"2024-09-20T06:19:26+00:00\",\"dateModified\":\"2025-01-13T08:10:48+00:00\",\"description\":\"If you have not tried agent orange marijuana strain from our store, then you are missing a lot. We will help you buy orange marijuana strain online at cheap rate. Get orange marijuana strain for sale today!\",\"breadcrumb\":{\"@id\":\"https:\/\/legitgrams.com\/product\/agent-orange-marijuana-strain\/#breadcrumb\"},\"inLanguage\":\"pl-PL\",\"potentialAction\":[{\"@type\":\"ReadAction\",\"target\":[\"https:\/\/legitgrams.com\/product\/agent-orange-marijuana-strain\/\"]}]},{\"@type\":\"ImageObject\",\"inLanguage\":\"pl-PL\",\"@id\":\"https:\/\/legitgrams.com\/product\/agent-orange-marijuana-strain\/#primaryimage\",\"url\":\"https:\/\/legitgrams.com\/wp-content\/uploads\/2024\/09\/Buy-Agent-Orange-Marijuana-Strain-Online-1.jpg\",\"contentUrl\":\"https:\/\/legitgrams.com\/wp-content\/uploads\/2024\/09\/Buy-Agent-Orange-Marijuana-Strain-Online-1.jpg\",\"width\":600,\"height\":600,\"caption\":\"Agent Orange Marijuana Strain for Sale\"},{\"@type\":\"BreadcrumbList\",\"@id\":\"https:\/\/legitgrams.com\/product\/agent-orange-marijuana-strain\/#breadcrumb\",\"itemListElement\":[{\"@type\":\"ListItem\",\"position\":1,\"name\":\"Home\",\"item\":\"https:\/\/legitgrams.com\/\"},{\"@type\":\"ListItem\",\"position\":2,\"name\":\"Shop\",\"item\":\"https:\/\/legitgrams.com\/shop\/\"},{\"@type\":\"ListItem\",\"position\":3,\"name\":\"Agent Orange Marijuana Strain\"}]},{\"@type\":\"WebSite\",\"@id\":\"https:\/\/legitgrams.com\/#website\",\"url\":\"https:\/\/legitgrams.com\/\",\"name\":\"Legit Grams\",\"description\":\"My WordPress Blog\",\"publisher\":{\"@id\":\"https:\/\/legitgrams.com\/#organization\"},\"potentialAction\":[{\"@type\":\"SearchAction\",\"target\":{\"@type\":\"EntryPoint\",\"urlTemplate\":\"https:\/\/legitgrams.com\/?s={search_term_string}\"},\"query-input\":{\"@type\":\"PropertyValueSpecification\",\"valueRequired\":true,\"valueName\":\"search_term_string\"}}],\"inLanguage\":\"pl-PL\"},{\"@type\":\"Organization\",\"@id\":\"https:\/\/legitgrams.com\/#organization\",\"name\":\"Legit Grams\",\"url\":\"https:\/\/legitgrams.com\/\",\"logo\":{\"@type\":\"ImageObject\",\"inLanguage\":\"pl-PL\",\"@id\":\"https:\/\/legitgrams.com\/#\/schema\/logo\/image\/\",\"url\":\"https:\/\/legitgrams.com\/wp-content\/uploads\/2024\/09\/main-logo.png\",\"contentUrl\":\"https:\/\/legitgrams.com\/wp-content\/uploads\/2024\/09\/main-logo.png\",\"width\":270,\"height\":75,\"caption\":\"Legit Grams\"},\"image\":{\"@id\":\"https:\/\/legitgrams.com\/#\/schema\/logo\/image\/\"}}]}<\/script>\n<!-- \/ Yoast SEO plugin. -->","yoast_head_json":{"title":"Marihuana Agent Orange na sprzeda\u017c - Zam\u00f3w Agent Orange online","description":"Je\u015bli jeszcze nie wypr\u00f3bowa\u0142e\u015b pomara\u0144czowej odmiany marihuany z naszego sklepu, to wiele tracisz. Pomo\u017cemy Ci kupi\u0107 pomara\u0144czow\u0105 odmian\u0119 marihuany online po niskiej cenie. Zdob\u0105d\u017a pomara\u0144czow\u0105 odmian\u0119 marihuany na sprzeda\u017c ju\u017c dzi\u015b!","robots":{"index":"index","follow":"follow","max-snippet":"max-snippet:-1","max-image-preview":"max-image-preview:large","max-video-preview":"max-video-preview:-1"},"canonical":"https:\/\/legitgrams.com\/pl\/produkt\/odmiana-marihuany-agent-orange\/","og_locale":"pl_PL","og_type":"article","og_title":"Agent Orange Marijuana for Sale - Order Agent Orange Online","og_description":"If you have not tried agent orange marijuana strain from our store, then you are missing a lot. We will help you buy orange marijuana strain online at cheap rate. Get orange marijuana strain for sale today!","og_url":"https:\/\/legitgrams.com\/pl\/produkt\/odmiana-marihuany-agent-orange\/","og_site_name":"Legit Grams","article_modified_time":"2025-01-13T08:10:48+00:00","og_image":[{"width":600,"height":600,"url":"https:\/\/legitgrams.com\/wp-content\/uploads\/2024\/09\/Buy-Agent-Orange-Marijuana-Strain-Online-1.jpg","type":"image\/jpeg"}],"twitter_card":"summary_large_image","twitter_misc":{"Szacowany czas czytania":"2 minuty"},"schema":{"@context":"https:\/\/schema.org","@graph":[{"@type":"WebPage","@id":"https:\/\/legitgrams.com\/product\/agent-orange-marijuana-strain\/","url":"https:\/\/legitgrams.com\/product\/agent-orange-marijuana-strain\/","name":"Marihuana Agent Orange na sprzeda\u017c - Zam\u00f3w Agent Orange online","isPartOf":{"@id":"https:\/\/legitgrams.com\/#website"},"primaryImageOfPage":{"@id":"https:\/\/legitgrams.com\/product\/agent-orange-marijuana-strain\/#primaryimage"},"image":{"@id":"https:\/\/legitgrams.com\/product\/agent-orange-marijuana-strain\/#primaryimage"},"thumbnailUrl":"https:\/\/legitgrams.com\/wp-content\/uploads\/2024\/09\/Buy-Agent-Orange-Marijuana-Strain-Online-1.jpg","datePublished":"2024-09-20T06:19:26+00:00","dateModified":"2025-01-13T08:10:48+00:00","description":"Je\u015bli jeszcze nie wypr\u00f3bowa\u0142e\u015b pomara\u0144czowej odmiany marihuany z naszego sklepu, to wiele tracisz. Pomo\u017cemy Ci kupi\u0107 pomara\u0144czow\u0105 odmian\u0119 marihuany online po niskiej cenie. Zdob\u0105d\u017a pomara\u0144czow\u0105 odmian\u0119 marihuany na sprzeda\u017c ju\u017c dzi\u015b!","breadcrumb":{"@id":"https:\/\/legitgrams.com\/product\/agent-orange-marijuana-strain\/#breadcrumb"},"inLanguage":"pl-PL","potentialAction":[{"@type":"ReadAction","target":["https:\/\/legitgrams.com\/product\/agent-orange-marijuana-strain\/"]}]},{"@type":"ImageObject","inLanguage":"pl-PL","@id":"https:\/\/legitgrams.com\/product\/agent-orange-marijuana-strain\/#primaryimage","url":"https:\/\/legitgrams.com\/wp-content\/uploads\/2024\/09\/Buy-Agent-Orange-Marijuana-Strain-Online-1.jpg","contentUrl":"https:\/\/legitgrams.com\/wp-content\/uploads\/2024\/09\/Buy-Agent-Orange-Marijuana-Strain-Online-1.jpg","width":600,"height":600,"caption":"Agent Orange Marijuana Strain for Sale"},{"@type":"BreadcrumbList","@id":"https:\/\/legitgrams.com\/product\/agent-orange-marijuana-strain\/#breadcrumb","itemListElement":[{"@type":"ListItem","position":1,"name":"Home","item":"https:\/\/legitgrams.com\/"},{"@type":"ListItem","position":2,"name":"Shop","item":"https:\/\/legitgrams.com\/shop\/"},{"@type":"ListItem","position":3,"name":"Agent Orange Marijuana Strain"}]},{"@type":"WebSite","@id":"https:\/\/legitgrams.com\/#website","url":"https:\/\/legitgrams.com\/","name":"Legit Grams","description":"M\u00f3j blog WordPress","publisher":{"@id":"https:\/\/legitgrams.com\/#organization"},"potentialAction":[{"@type":"SearchAction","target":{"@type":"EntryPoint","urlTemplate":"https:\/\/legitgrams.com\/?s={search_term_string}"},"query-input":{"@type":"PropertyValueSpecification","valueRequired":true,"valueName":"search_term_string"}}],"inLanguage":"pl-PL"},{"@type":"Organization","@id":"https:\/\/legitgrams.com\/#organization","name":"Legit Grams","url":"https:\/\/legitgrams.com\/","logo":{"@type":"ImageObject","inLanguage":"pl-PL","@id":"https:\/\/legitgrams.com\/#\/schema\/logo\/image\/","url":"https:\/\/legitgrams.com\/wp-content\/uploads\/2024\/09\/main-logo.png","contentUrl":"https:\/\/legitgrams.com\/wp-content\/uploads\/2024\/09\/main-logo.png","width":270,"height":75,"caption":"Legit Grams"},"image":{"@id":"https:\/\/legitgrams.com\/#\/schema\/logo\/image\/"}}]}},"uagb_featured_image_src":{"full":["https:\/\/legitgrams.com\/wp-content\/uploads\/2024\/09\/Buy-Agent-Orange-Marijuana-Strain-Online-1.jpg",600,600,false],"thumbnail":["https:\/\/legitgrams.com\/wp-content\/uploads\/2024\/09\/Buy-Agent-Orange-Marijuana-Strain-Online-1-150x150.jpg",150,150,true],"medium":["https:\/\/legitgrams.com\/wp-content\/uploads\/2024\/09\/Buy-Agent-Orange-Marijuana-Strain-Online-1-300x300.jpg",300,300,true],"medium_large":["https:\/\/legitgrams.com\/wp-content\/uploads\/2024\/09\/Buy-Agent-Orange-Marijuana-Strain-Online-1.jpg",600,600,false],"large":["https:\/\/legitgrams.com\/wp-content\/uploads\/2024\/09\/Buy-Agent-Orange-Marijuana-Strain-Online-1.jpg",600,600,false],"1536x1536":["https:\/\/legitgrams.com\/wp-content\/uploads\/2024\/09\/Buy-Agent-Orange-Marijuana-Strain-Online-1.jpg",600,600,false],"2048x2048":["https:\/\/legitgrams.com\/wp-content\/uploads\/2024\/09\/Buy-Agent-Orange-Marijuana-Strain-Online-1.jpg",600,600,false],"trp-custom-language-flag":["https:\/\/legitgrams.com\/wp-content\/uploads\/2024\/09\/Buy-Agent-Orange-Marijuana-Strain-Online-1-12x12.jpg",12,12,true],"woocommerce_thumbnail":["https:\/\/legitgrams.com\/wp-content\/uploads\/2024\/09\/Buy-Agent-Orange-Marijuana-Strain-Online-1-300x300.jpg",300,300,true],"woocommerce_single":["https:\/\/legitgrams.com\/wp-content\/uploads\/2024\/09\/Buy-Agent-Orange-Marijuana-Strain-Online-1.jpg",600,600,false],"woocommerce_gallery_thumbnail":["https:\/\/legitgrams.com\/wp-content\/uploads\/2024\/09\/Buy-Agent-Orange-Marijuana-Strain-Online-1-100x100.jpg",100,100,true]},"uagb_author_info":{"display_name":"cokeblog18","author_link":"https:\/\/legitgrams.com\/pl\/author\/"},"uagb_comment_info":0,"uagb_excerpt":"For Sale: Agent Orange Cannabis Strain One way to visualize Asia is to close your eyes and visualize far coastlines, sadly missing havens, and food so good you won&#8217;t want to eat anything else. As an alternative, try this incredibly uncommon and invigorating strain; it might be the fantasy you&#8217;ve been waiting for. Because of&hellip;","_links":{"self":[{"href":"https:\/\/legitgrams.com\/pl\/wp-json\/wp\/v2\/product\/3823","targetHints":{"allow":["GET"]}}],"collection":[{"href":"https:\/\/legitgrams.com\/pl\/wp-json\/wp\/v2\/product"}],"about":[{"href":"https:\/\/legitgrams.com\/pl\/wp-json\/wp\/v2\/types\/product"}],"replies":[{"embeddable":true,"href":"https:\/\/legitgrams.com\/pl\/wp-json\/wp\/v2\/comments?post=3823"}],"wp:featuredmedia":[{"embeddable":true,"href":"https:\/\/legitgrams.com\/pl\/wp-json\/wp\/v2\/media\/5403"}],"wp:attachment":[{"href":"https:\/\/legitgrams.com\/pl\/wp-json\/wp\/v2\/media?parent=3823"}],"wp:term":[{"taxonomy":"product_brand","embeddable":true,"href":"https:\/\/legitgrams.com\/pl\/wp-json\/wp\/v2\/product_brand?post=3823"},{"taxonomy":"product_cat","embeddable":true,"href":"https:\/\/legitgrams.com\/pl\/wp-json\/wp\/v2\/product_cat?post=3823"},{"taxonomy":"product_tag","embeddable":true,"href":"https:\/\/legitgrams.com\/pl\/wp-json\/wp\/v2\/product_tag?post=3823"}],"curies":[{"name":"wp","href":"https:\/\/api.w.org\/{rel}","templated":true}]}}