{"id":3833,"date":"2024-09-20T07:04:59","date_gmt":"2024-09-20T07:04:59","guid":{"rendered":"https:\/\/legitgrams.com\/?post_type=product&#038;p=3833"},"modified":"2025-01-15T05:29:38","modified_gmt":"2025-01-15T05:29:38","slug":"restoril-30mg-temazepam","status":"publish","type":"product","link":"https:\/\/legitgrams.com\/pl\/produkt\/restoril-30mg-temazepam\/","title":{"rendered":"Restoril 30mg Temazepam tabletki"},"content":{"rendered":"<h2 class=\"product_title entry-title wd-entities-title\">Kup tabletki Restoril 30 mg Temazepam online<\/h2>\n<p>Temazepam - Restoril 30mg - Zakup <a href=\"https:\/\/legitgrams.com\/pl\/produkt\/restoril-30mg-temazepam\/\">Restoril<\/a> online bez recepty.<br \/>\nBenzodiazepin\u0105 jest Restoril (Temazepam) (ben-Zoe-dye-AZE-eh-peen). Temazepam modyfikuje chemi\u0119 m\u00f3zgu, kt\u00f3ra mo\u017ce by\u0107 niezr\u00f3wnowa\u017cona u os\u00f3b zmagaj\u0105cych si\u0119 z bezsenno\u015bci\u0105. Lek Restoril jest stosowany w leczeniu objaw\u00f3w bezsenno\u015bci, w tym trudno\u015bci z zasypianiem lub utrzymaniem snu. Restoril \u0142agodzi senno\u015b\u0107 i u\u0142atwia zasypianie poprzez spowolnienie o\u015brodkowego uk\u0142adu nerwowego lub m\u00f3zgu.<\/p>\n<h3>ZASTOSOWANIA RESTORILU:<\/h3>\n<p>Lek ten jest stosowany w leczeniu bezsenno\u015bci, szczeg\u00f3lnego rodzaju zaburze\u0144 snu. Aby pom\u00f3c w lepszym \u015bnie, mo\u017ce on umo\u017cliwi\u0107 wcze\u015bniejsze zasypianie, d\u0142u\u017csze zasypianie i rzadsze budzenie si\u0119. Temazepam nale\u017cy do klasy lek\u00f3w uspokajaj\u0105co-nasennych. Ma relaksuj\u0105cy wp\u0142yw na m\u00f3zg poprzez dzia\u0142anie.<\/p>\n<p>Zazwyczaj lek ten jest stosowany tylko w kr\u00f3tkich kuracjach trwaj\u0105cych nie d\u0142u\u017cej ni\u017c jeden lub dwa tygodnie. Je\u015bli bezsenno\u015b\u0107 utrzymuje si\u0119 przez d\u0142u\u017cszy czas, nale\u017cy skonsultowa\u0107 si\u0119 z lekarzem.<\/p>\n<h3>Jak stosowa\u0107 lek Restoril:<\/h3>\n<p>Przed rozpocz\u0119ciem stosowania temazepamu i za ka\u017cdym razem, gdy otrzymujesz do\u0142adowanie, przeczytaj Przewodnik po lekach dostarczony przez farmaceut\u0119. W razie jakichkolwiek w\u0105tpliwo\u015bci nale\u017cy skontaktowa\u0107 si\u0119 z lekarzem lub farmaceut\u0105.<br \/>\nZgodnie z zaleceniami lekarza lek nale\u017cy przyjmowa\u0107 doustnie, z posi\u0142kiem lub bez posi\u0142ku, najlepiej tu\u017c przed snem. Dawkowanie zale\u017cy od wieku, stanu zdrowia i reakcji na leczenie.<\/p>\n<p>Pomimo takiej mo\u017cliwo\u015bci, lek ten rzadko powoduje przej\u015bciow\u0105 utrat\u0119 pami\u0119ci kr\u00f3tkotrwa\u0142ej. Nie nale\u017cy przyjmowa\u0107 dawki leku przed przespaniem co najmniej 7 do 8 godzin, aby zmniejszy\u0107 prawdopodobie\u0144stwo wyst\u0105pienia takiej sytuacji. Mo\u017ce wyst\u0105pi\u0107 niewielka utrata pami\u0119ci, je\u015bli b\u0119dziesz musia\u0142 obudzi\u0107 si\u0119 wcze\u015bniej. <a href=\"https:\/\/legitgrams.com\/pl\/\">LegitGrams<\/a><\/p>\n<p>W niekt\u00f3rych sytuacjach nag\u0142e odstawienie tego leku mo\u017ce spowodowa\u0107 objawy odstawienia (takie jak nudno\u015bci, wymioty, zaczerwienienie, skurcze \u017co\u0142\u0105dka, niepok\u00f3j i dr\u017cenie). Lekarz mo\u017ce stopniowo zmniejsza\u0107 dawk\u0119, aby unikn\u0105\u0107 objaw\u00f3w odstawienia. Wi\u0119cej informacji mo\u017cna uzyska\u0107 od lekarza lub farmaceuty. Nale\u017cy r\u00f3wnie\u017c jak najszybciej zg\u0142osi\u0107 wszelkie objawy odstawienia.<br \/>\nJak z\u0142o\u017cy\u0107 wniosek<\/p>\n<h3>Je\u015bli dzia\u0142anie leku przestanie by\u0107 odczuwalne, nale\u017cy skonsultowa\u0107 si\u0119 z lekarzem.<\/h3>\n<p>Mimo \u017ce przynosi korzy\u015bci wielu osobom, lek ten mo\u017ce czasami prowadzi\u0107 do uzale\u017cnienia. Je\u015bli cierpisz na zaburzenia zwi\u0105zane z u\u017cywaniem substancji, takie jak uzale\u017cnienie od narkotyk\u00f3w lub alkoholu, ryzyko mo\u017ce by\u0107 zwi\u0119kszone. Aby zmniejszy\u0107 ryzyko uzale\u017cnienia, lek nale\u017cy przyjmowa\u0107 zgodnie z zaleceniami lekarza. Wi\u0119cej informacji mo\u017cna uzyska\u0107 od farmaceuty lub lekarza.<\/p>\n<p>Nale\u017cy poinformowa\u0107 lekarza, je\u015bli po up\u0142ywie siedmiu do dziesi\u0119ciu dni dolegliwo\u015bci nie ust\u0105pi\u0105 lub ulegn\u0105 pogorszeniu.<br \/>\nW ci\u0105gu pierwszych kilku nocy po odstawieniu leku mog\u0105 wyst\u0105pi\u0107 problemy z zasypianiem. Zwykle ust\u0119puj\u0105 one po nocy lub dw\u00f3ch. Je\u015bli efekt ten nie ust\u0105pi, nale\u017cy skontaktowa\u0107 si\u0119 z lekarzem.<br \/>\nGdzie kupi\u0107 <a href=\"https:\/\/en.wikipedia.org\/wiki\/Temazepam\">Restoril 30 mg<\/a> Online bez recepty | Renomowane sklepy internetowe sprzedaj\u0105ce Restoril 30 mg<\/p>\n<p>Jest on dost\u0119pny do bezpiecznego zakupu online bez recepty. Produkty s\u0105 autoryzowane przez FDA, najwy\u017cszej jako\u015bci i maj\u0105 oko\u0142o 98,98% czysto\u015bci. Dostawa odbywa si\u0119 szybko, z dyskretn\u0105 wysy\u0142k\u0105 100% i bezpiecznym opakowaniem. Na razie wysy\u0142amy za po\u015brednictwem UPS, FedEx i DHL.<\/p>\n<p>Aby z\u0142o\u017cy\u0107 u nas zam\u00f3wienie, recepta NIE jest wymagana. Zam\u00f3w teraz, a my dyskretnie wy\u015blemy Twoj\u0105 paczk\u0119 w dowolne miejsce na \u015bwiecie.<\/p>\n<p>&nbsp;<\/p>","protected":false},"excerpt":{"rendered":"<p>Purchase Restoril 30mg Temazepam pills Online Temazepam &#8211; Restoril 30mg &#8211; Purchase Restoril online without a prescription. A benzodiazepine is Restoril (Temazepam) (ben-Zoe-dye-AZE-eh-peen). Temazepam modifies brain chemistry that may be out of equilibrium in those who struggle with insomnia. The medication Restoril is used to treat symptoms of insomnia, including difficulty falling or staying asleep. &hellip;<\/p>\n<p class=\"read-more\"> <a class=\"\" href=\"https:\/\/legitgrams.com\/pl\/produkt\/restoril-30mg-temazepam\/\"> <span class=\"screen-reader-text\">Restoril 30mg Temazepam tabletki<\/span> Czytaj wi\u0119cej \"<\/a><\/p>","protected":false},"featured_media":5223,"comment_status":"open","ping_status":"closed","template":"","meta":{"_uag_custom_page_level_css":"","site-sidebar-layout":"default","site-content-layout":"default","ast-global-header-display":"","ast-main-header-display":"","ast-hfb-above-header-display":"","ast-hfb-below-header-display":"","ast-hfb-mobile-header-display":"","site-post-title":"","ast-breadcrumbs-content":"","ast-featured-img":"","footer-sml-layout":"","theme-transparent-header-meta":"default","adv-header-id-meta":"","stick-header-meta":"default","header-above-stick-meta":"","header-main-stick-meta":"","header-below-stick-meta":"","_joinchat":[]},"product_brand":[],"product_cat":[597,610],"product_tag":[3751,3741,617,3733,3748,3745,3740,3738,3750,3732,3735,3743,3734,3744,3736,3746,3753,3754,3752,3749,3747,625,3739,3742,3737],"class_list":{"0":"post-3833","1":"product","2":"type-product","3":"status-publish","4":"has-post-thumbnail","6":"product_cat-pain-sleeping-sex-pills","7":"product_cat-sleeping-pills","8":"product_tag-best-cheap-price-restoril-30mg-temazepam-pills","9":"product_tag-best-place-to-buy-restoril-30mg-temazepam-pills","10":"product_tag-bulk-online","11":"product_tag-buy-restoril-30mg-temazepam-pills","12":"product_tag-cheap-restoril-30mg-temazepam-pills","13":"product_tag-high-quality-restoril-30mg-temazepam-pills","14":"product_tag-how-to-buy-restoril-30mg-temazepam-pills","15":"product_tag-order-restoril-30mg-temazepam-pills","16":"product_tag-purcharse-restoril-30mg-temazepam-pills","17":"product_tag-restoril-30mg-temazepam-pills","18":"product_tag-restoril-30mg-temazepam-pills-for-sale","19":"product_tag-restoril-30mg-temazepam-pills-legally","20":"product_tag-restoril-30mg-temazepam-pills-online","21":"product_tag-restoril-30mg-temazepam-pills-price","22":"product_tag-restoril-30mg-temazepam-pills-restoril-30mg-temazepam-pills-supplier","23":"product_tag-restoril-30mg-temazepam-pills-store","24":"product_tag-restoril-30mg-temazepam-pills-use","25":"product_tag-restoril-30mg-temazepam-pills-wiki","26":"product_tag-restoril-30mg-temazepam-pills-worldwide","27":"product_tag-restoril-30mg-temazepam-pillss","28":"product_tag-shop-restoril-30mg-temazepam-pills","29":"product_tag-top-quality","30":"product_tag-where-to-buy-restoril-30mg-temazepam-pills","31":"product_tag-where-to-order-restoril-30mg-temazepam-pills","32":"product_tag-wholesale-restoril-30mg-temazepam-pills","33":"desktop-align-left","34":"tablet-align-left","35":"mobile-align-left","36":"ast-product-gallery-layout-horizontal","37":"ast-product-gallery-with-no-image","38":"ast-product-single-variable","39":"ast-product-tabs-layout-horizontal","40":"ast-qv-on-image","42":"first","43":"instock","44":"shipping-taxable","45":"purchasable","46":"product-type-variable"},"yoast_head":"<!-- This site is optimized with the Yoast SEO plugin v25.9 - https:\/\/yoast.com\/wordpress\/plugins\/seo\/ -->\n<title>Restoril 30mg Temazepam Pills for Sale Online | LegitGrams<\/title>\n<meta name=\"description\" content=\"Find premium restoril 30mg temazepam pills for sale at our online store, providing a secure platform to buy restoril 30mg temazepam pills online with ease, catering to your research needs. Hit your order now!\" \/>\n<meta name=\"robots\" content=\"index, follow, max-snippet:-1, max-image-preview:large, max-video-preview:-1\" \/>\n<link rel=\"canonical\" href=\"https:\/\/legitgrams.com\/pl\/produkt\/restoril-30mg-temazepam\/\" \/>\n<meta property=\"og:locale\" content=\"pl_PL\" \/>\n<meta property=\"og:type\" content=\"article\" \/>\n<meta property=\"og:title\" content=\"Restoril 30mg Temazepam Pills for Sale Online | LegitGrams\" \/>\n<meta property=\"og:description\" content=\"Find premium restoril 30mg temazepam pills for sale at our online store, providing a secure platform to buy restoril 30mg temazepam pills online with ease, catering to your research needs. Hit your order now!\" \/>\n<meta property=\"og:url\" content=\"https:\/\/legitgrams.com\/pl\/produkt\/restoril-30mg-temazepam\/\" \/>\n<meta property=\"og:site_name\" content=\"Legit Grams\" \/>\n<meta property=\"article:modified_time\" content=\"2025-01-15T05:29:38+00:00\" \/>\n<meta property=\"og:image\" content=\"https:\/\/legitgrams.com\/wp-content\/uploads\/2024\/09\/Buy-Restoril-30mg-Temezepam-pills-online.jpg\" \/>\n\t<meta property=\"og:image:width\" content=\"600\" \/>\n\t<meta property=\"og:image:height\" content=\"600\" \/>\n\t<meta property=\"og:image:type\" content=\"image\/jpeg\" \/>\n<meta name=\"twitter:card\" content=\"summary_large_image\" \/>\n<meta name=\"twitter:label1\" content=\"Szacowany czas czytania\" \/>\n\t<meta name=\"twitter:data1\" content=\"3 minuty\" \/>\n<script type=\"application\/ld+json\" class=\"yoast-schema-graph\">{\"@context\":\"https:\/\/schema.org\",\"@graph\":[{\"@type\":\"WebPage\",\"@id\":\"https:\/\/legitgrams.com\/product\/restoril-30mg-temazepam\/\",\"url\":\"https:\/\/legitgrams.com\/product\/restoril-30mg-temazepam\/\",\"name\":\"Restoril 30mg Temazepam Pills for Sale Online | LegitGrams\",\"isPartOf\":{\"@id\":\"https:\/\/legitgrams.com\/#website\"},\"primaryImageOfPage\":{\"@id\":\"https:\/\/legitgrams.com\/product\/restoril-30mg-temazepam\/#primaryimage\"},\"image\":{\"@id\":\"https:\/\/legitgrams.com\/product\/restoril-30mg-temazepam\/#primaryimage\"},\"thumbnailUrl\":\"https:\/\/legitgrams.com\/wp-content\/uploads\/2024\/09\/Buy-Restoril-30mg-Temezepam-pills-online.jpg\",\"datePublished\":\"2024-09-20T07:04:59+00:00\",\"dateModified\":\"2025-01-15T05:29:38+00:00\",\"description\":\"Find premium restoril 30mg temazepam pills for sale at our online store, providing a secure platform to buy restoril 30mg temazepam pills online with ease, catering to your research needs. Hit your order now!\",\"breadcrumb\":{\"@id\":\"https:\/\/legitgrams.com\/product\/restoril-30mg-temazepam\/#breadcrumb\"},\"inLanguage\":\"pl-PL\",\"potentialAction\":[{\"@type\":\"ReadAction\",\"target\":[\"https:\/\/legitgrams.com\/product\/restoril-30mg-temazepam\/\"]}]},{\"@type\":\"ImageObject\",\"inLanguage\":\"pl-PL\",\"@id\":\"https:\/\/legitgrams.com\/product\/restoril-30mg-temazepam\/#primaryimage\",\"url\":\"https:\/\/legitgrams.com\/wp-content\/uploads\/2024\/09\/Buy-Restoril-30mg-Temezepam-pills-online.jpg\",\"contentUrl\":\"https:\/\/legitgrams.com\/wp-content\/uploads\/2024\/09\/Buy-Restoril-30mg-Temezepam-pills-online.jpg\",\"width\":600,\"height\":600,\"caption\":\"Restoril 30mg Temazepam Pills for Sale\"},{\"@type\":\"BreadcrumbList\",\"@id\":\"https:\/\/legitgrams.com\/product\/restoril-30mg-temazepam\/#breadcrumb\",\"itemListElement\":[{\"@type\":\"ListItem\",\"position\":1,\"name\":\"Home\",\"item\":\"https:\/\/legitgrams.com\/\"},{\"@type\":\"ListItem\",\"position\":2,\"name\":\"Shop\",\"item\":\"https:\/\/legitgrams.com\/shop\/\"},{\"@type\":\"ListItem\",\"position\":3,\"name\":\"Restoril 30mg Temazepam pills\"}]},{\"@type\":\"WebSite\",\"@id\":\"https:\/\/legitgrams.com\/#website\",\"url\":\"https:\/\/legitgrams.com\/\",\"name\":\"Legit Grams\",\"description\":\"My WordPress Blog\",\"publisher\":{\"@id\":\"https:\/\/legitgrams.com\/#organization\"},\"potentialAction\":[{\"@type\":\"SearchAction\",\"target\":{\"@type\":\"EntryPoint\",\"urlTemplate\":\"https:\/\/legitgrams.com\/?s={search_term_string}\"},\"query-input\":{\"@type\":\"PropertyValueSpecification\",\"valueRequired\":true,\"valueName\":\"search_term_string\"}}],\"inLanguage\":\"pl-PL\"},{\"@type\":\"Organization\",\"@id\":\"https:\/\/legitgrams.com\/#organization\",\"name\":\"Legit Grams\",\"url\":\"https:\/\/legitgrams.com\/\",\"logo\":{\"@type\":\"ImageObject\",\"inLanguage\":\"pl-PL\",\"@id\":\"https:\/\/legitgrams.com\/#\/schema\/logo\/image\/\",\"url\":\"https:\/\/legitgrams.com\/wp-content\/uploads\/2024\/09\/main-logo.png\",\"contentUrl\":\"https:\/\/legitgrams.com\/wp-content\/uploads\/2024\/09\/main-logo.png\",\"width\":270,\"height\":75,\"caption\":\"Legit Grams\"},\"image\":{\"@id\":\"https:\/\/legitgrams.com\/#\/schema\/logo\/image\/\"}}]}<\/script>\n<!-- \/ Yoast SEO plugin. -->","yoast_head_json":{"title":"Restoril 30mg Temazepam Tabletki na sprzeda\u017c online | LegitGrams","description":"Znajd\u017a wysokiej jako\u015bci tabletki restoril 30mg temazepam na sprzeda\u017c w naszym sklepie internetowym, zapewniaj\u0105c bezpieczn\u0105 platform\u0119 do \u0142atwego zakupu tabletek restoril 30mg temazepam online, zaspokajaj\u0105c Twoje potrzeby badawcze. Z\u0142\u00f3\u017c zam\u00f3wienie ju\u017c teraz!","robots":{"index":"index","follow":"follow","max-snippet":"max-snippet:-1","max-image-preview":"max-image-preview:large","max-video-preview":"max-video-preview:-1"},"canonical":"https:\/\/legitgrams.com\/pl\/produkt\/restoril-30mg-temazepam\/","og_locale":"pl_PL","og_type":"article","og_title":"Restoril 30mg Temazepam Pills for Sale Online | LegitGrams","og_description":"Find premium restoril 30mg temazepam pills for sale at our online store, providing a secure platform to buy restoril 30mg temazepam pills online with ease, catering to your research needs. Hit your order now!","og_url":"https:\/\/legitgrams.com\/pl\/produkt\/restoril-30mg-temazepam\/","og_site_name":"Legit Grams","article_modified_time":"2025-01-15T05:29:38+00:00","og_image":[{"width":600,"height":600,"url":"https:\/\/legitgrams.com\/wp-content\/uploads\/2024\/09\/Buy-Restoril-30mg-Temezepam-pills-online.jpg","type":"image\/jpeg"}],"twitter_card":"summary_large_image","twitter_misc":{"Szacowany czas czytania":"3 minuty"},"schema":{"@context":"https:\/\/schema.org","@graph":[{"@type":"WebPage","@id":"https:\/\/legitgrams.com\/product\/restoril-30mg-temazepam\/","url":"https:\/\/legitgrams.com\/product\/restoril-30mg-temazepam\/","name":"Restoril 30mg Temazepam Tabletki na sprzeda\u017c online | LegitGrams","isPartOf":{"@id":"https:\/\/legitgrams.com\/#website"},"primaryImageOfPage":{"@id":"https:\/\/legitgrams.com\/product\/restoril-30mg-temazepam\/#primaryimage"},"image":{"@id":"https:\/\/legitgrams.com\/product\/restoril-30mg-temazepam\/#primaryimage"},"thumbnailUrl":"https:\/\/legitgrams.com\/wp-content\/uploads\/2024\/09\/Buy-Restoril-30mg-Temezepam-pills-online.jpg","datePublished":"2024-09-20T07:04:59+00:00","dateModified":"2025-01-15T05:29:38+00:00","description":"Znajd\u017a wysokiej jako\u015bci tabletki restoril 30mg temazepam na sprzeda\u017c w naszym sklepie internetowym, zapewniaj\u0105c bezpieczn\u0105 platform\u0119 do \u0142atwego zakupu tabletek restoril 30mg temazepam online, zaspokajaj\u0105c Twoje potrzeby badawcze. Z\u0142\u00f3\u017c zam\u00f3wienie ju\u017c teraz!","breadcrumb":{"@id":"https:\/\/legitgrams.com\/product\/restoril-30mg-temazepam\/#breadcrumb"},"inLanguage":"pl-PL","potentialAction":[{"@type":"ReadAction","target":["https:\/\/legitgrams.com\/product\/restoril-30mg-temazepam\/"]}]},{"@type":"ImageObject","inLanguage":"pl-PL","@id":"https:\/\/legitgrams.com\/product\/restoril-30mg-temazepam\/#primaryimage","url":"https:\/\/legitgrams.com\/wp-content\/uploads\/2024\/09\/Buy-Restoril-30mg-Temezepam-pills-online.jpg","contentUrl":"https:\/\/legitgrams.com\/wp-content\/uploads\/2024\/09\/Buy-Restoril-30mg-Temezepam-pills-online.jpg","width":600,"height":600,"caption":"Restoril 30mg Temazepam Pills for Sale"},{"@type":"BreadcrumbList","@id":"https:\/\/legitgrams.com\/product\/restoril-30mg-temazepam\/#breadcrumb","itemListElement":[{"@type":"ListItem","position":1,"name":"Home","item":"https:\/\/legitgrams.com\/"},{"@type":"ListItem","position":2,"name":"Shop","item":"https:\/\/legitgrams.com\/shop\/"},{"@type":"ListItem","position":3,"name":"Restoril 30mg Temazepam pills"}]},{"@type":"WebSite","@id":"https:\/\/legitgrams.com\/#website","url":"https:\/\/legitgrams.com\/","name":"Legit Grams","description":"M\u00f3j blog WordPress","publisher":{"@id":"https:\/\/legitgrams.com\/#organization"},"potentialAction":[{"@type":"SearchAction","target":{"@type":"EntryPoint","urlTemplate":"https:\/\/legitgrams.com\/?s={search_term_string}"},"query-input":{"@type":"PropertyValueSpecification","valueRequired":true,"valueName":"search_term_string"}}],"inLanguage":"pl-PL"},{"@type":"Organization","@id":"https:\/\/legitgrams.com\/#organization","name":"Legit Grams","url":"https:\/\/legitgrams.com\/","logo":{"@type":"ImageObject","inLanguage":"pl-PL","@id":"https:\/\/legitgrams.com\/#\/schema\/logo\/image\/","url":"https:\/\/legitgrams.com\/wp-content\/uploads\/2024\/09\/main-logo.png","contentUrl":"https:\/\/legitgrams.com\/wp-content\/uploads\/2024\/09\/main-logo.png","width":270,"height":75,"caption":"Legit Grams"},"image":{"@id":"https:\/\/legitgrams.com\/#\/schema\/logo\/image\/"}}]}},"uagb_featured_image_src":{"full":["https:\/\/legitgrams.com\/wp-content\/uploads\/2024\/09\/Buy-Restoril-30mg-Temezepam-pills-online.jpg",600,600,false],"thumbnail":["https:\/\/legitgrams.com\/wp-content\/uploads\/2024\/09\/Buy-Restoril-30mg-Temezepam-pills-online-150x150.jpg",150,150,true],"medium":["https:\/\/legitgrams.com\/wp-content\/uploads\/2024\/09\/Buy-Restoril-30mg-Temezepam-pills-online-300x300.jpg",300,300,true],"medium_large":["https:\/\/legitgrams.com\/wp-content\/uploads\/2024\/09\/Buy-Restoril-30mg-Temezepam-pills-online.jpg",600,600,false],"large":["https:\/\/legitgrams.com\/wp-content\/uploads\/2024\/09\/Buy-Restoril-30mg-Temezepam-pills-online.jpg",600,600,false],"1536x1536":["https:\/\/legitgrams.com\/wp-content\/uploads\/2024\/09\/Buy-Restoril-30mg-Temezepam-pills-online.jpg",600,600,false],"2048x2048":["https:\/\/legitgrams.com\/wp-content\/uploads\/2024\/09\/Buy-Restoril-30mg-Temezepam-pills-online.jpg",600,600,false],"trp-custom-language-flag":["https:\/\/legitgrams.com\/wp-content\/uploads\/2024\/09\/Buy-Restoril-30mg-Temezepam-pills-online-12x12.jpg",12,12,true],"woocommerce_thumbnail":["https:\/\/legitgrams.com\/wp-content\/uploads\/2024\/09\/Buy-Restoril-30mg-Temezepam-pills-online-300x300.jpg",300,300,true],"woocommerce_single":["https:\/\/legitgrams.com\/wp-content\/uploads\/2024\/09\/Buy-Restoril-30mg-Temezepam-pills-online.jpg",600,600,false],"woocommerce_gallery_thumbnail":["https:\/\/legitgrams.com\/wp-content\/uploads\/2024\/09\/Buy-Restoril-30mg-Temezepam-pills-online-100x100.jpg",100,100,true]},"uagb_author_info":{"display_name":"cokeblog18","author_link":"https:\/\/legitgrams.com\/pl\/author\/"},"uagb_comment_info":0,"uagb_excerpt":"Purchase Restoril 30mg Temazepam pills Online Temazepam &#8211; Restoril 30mg &#8211; Purchase Restoril online without a prescription. A benzodiazepine is Restoril (Temazepam) (ben-Zoe-dye-AZE-eh-peen). Temazepam modifies brain chemistry that may be out of equilibrium in those who struggle with insomnia. The medication Restoril is used to treat symptoms of insomnia, including difficulty falling or staying asleep.&hellip;","_links":{"self":[{"href":"https:\/\/legitgrams.com\/pl\/wp-json\/wp\/v2\/product\/3833","targetHints":{"allow":["GET"]}}],"collection":[{"href":"https:\/\/legitgrams.com\/pl\/wp-json\/wp\/v2\/product"}],"about":[{"href":"https:\/\/legitgrams.com\/pl\/wp-json\/wp\/v2\/types\/product"}],"replies":[{"embeddable":true,"href":"https:\/\/legitgrams.com\/pl\/wp-json\/wp\/v2\/comments?post=3833"}],"wp:featuredmedia":[{"embeddable":true,"href":"https:\/\/legitgrams.com\/pl\/wp-json\/wp\/v2\/media\/5223"}],"wp:attachment":[{"href":"https:\/\/legitgrams.com\/pl\/wp-json\/wp\/v2\/media?parent=3833"}],"wp:term":[{"taxonomy":"product_brand","embeddable":true,"href":"https:\/\/legitgrams.com\/pl\/wp-json\/wp\/v2\/product_brand?post=3833"},{"taxonomy":"product_cat","embeddable":true,"href":"https:\/\/legitgrams.com\/pl\/wp-json\/wp\/v2\/product_cat?post=3833"},{"taxonomy":"product_tag","embeddable":true,"href":"https:\/\/legitgrams.com\/pl\/wp-json\/wp\/v2\/product_tag?post=3833"}],"curies":[{"name":"wp","href":"https:\/\/api.w.org\/{rel}","templated":true}]}}