{"id":3834,"date":"2024-09-20T06:32:23","date_gmt":"2024-09-20T06:32:23","guid":{"rendered":"https:\/\/legitgrams.com\/?post_type=product&#038;p=3834"},"modified":"2025-03-07T04:57:10","modified_gmt":"2025-03-07T04:57:10","slug":"1p-lsd-100mcg-blotters-tanio","status":"publish","type":"product","link":"https:\/\/legitgrams.com\/pl\/produkt\/1p-lsd-100mcg-blotters-tanio\/","title":{"rendered":"Kup 1P-LSD 100mcg Blotters tanio online"},"content":{"rendered":"<h2>Tanie 100mcg 1P-LSD Blotters na sprzeda\u017c<\/h2>\n<p>Odmiana z przewag\u0105 gen\u00f3w Indica <a href=\"https:\/\/legitgrams.com\/pl\/produkt\/1p-lsd-100mcg-blotters-tanio\/\">L.S.D<\/a>. zosta\u0142a nazwana na cze\u015b\u0107 silnej substancji halucynogennej ze wzgl\u0119du na jej niezwykle intelektualne i <a href=\"https:\/\/www.bing.com\/search?q=Buy%201P-LSD%20100mcg%20Blotters%20cheap%20Online&amp;qs=n&amp;form=QBRE&amp;sp=-1&amp;lq=0&amp;pq=buy%201p-lsd%20100mcg%20blotters%20cheap%20online&amp;sc=0-39&amp;sk=&amp;cvid=CB9D41D5B6F844BEAAD6316CF564FD0F&amp;ghsh=0&amp;ghacc=0&amp;ghpl=\">psychedelic<\/a> wysoki. Przed obci\u0105\u017ceniem wyst\u0119puje uczucie wysokiej energii, rado\u015bci, kt\u00f3re mo\u017ce wywo\u0142a\u0107 mg\u0142\u0119 psychologiczn\u0105, pozostawiaj\u0105c niekt\u00f3rych ludzi ca\u0142kowicie zdezorientowanych i \u201eintelektualnie zablokowanych\u201d. Kilku klient\u00f3w zg\u0142asza, \u017ce \u200b\u200bkorzystanie <a href=\"https:\/\/www.bing.com\/search?q=Buy%201P-LSD%20100mcg%20Blotters%20cheap%20Online&amp;qs=n&amp;form=QBRE&amp;sp=-1&amp;lq=0&amp;pq=buy%201p-lsd%20100mcg%20blotters%20cheap%20online&amp;sc=0-39&amp;sk=&amp;cvid=CB9D41D5B6F844BEAAD6316CF564FD0F&amp;ghsh=0&amp;ghacc=0&amp;ghpl=\">LSD<\/a> sprawia, \u017ce \u200b\u200bczuj\u0105 si\u0119 bardziej kreatywni i towarzyscy, pomimo intensywnej stymulacji m\u00f3zgu.<\/p>\n<h3>Kup 1P-LSD Tanie 100mcg Blotters Online<\/h3>\n<p>Jak na odmian\u0119 Indica, ten stopie\u0144 stymulacji umys\u0142owej jest naprawd\u0119 niezwyk\u0142y. <a href=\"https:\/\/www.google.com\/search?q=Buy+1P-LSD+100mcg+Blotters+cheap+Online&amp;num=10&amp;sca_esv=1a2a07081c7891bb&amp;rlz=1C1RXQR_enIN1098IN1098&amp;sxsrf=AHTn8zr4KiQqQMeBWxMyIh4N-_SnSv1Bvg%3A1741323239722&amp;ei=53vKZ8jnK-3jseMP8MuJuQ8&amp;ved=0ahUKEwiI95HJlveLAxXtcWwGHfBlIvcQ4dUDCBA&amp;uact=5&amp;oq=Buy+1P-LSD+100mcg+Blotters+cheap+Online&amp;gs_lp=Egxnd3Mtd2l6LXNlcnAiJ0J1eSAxUC1MU0QgMTAwbWNnIEJsb3R0ZXJzIGNoZWFwIE9ubGluZUjTBlCMA1iMA3ACeACQAQCYAfsBoAH7AaoBAzItMbgBA8gBAPgBAvgBAZgCAKACAJgDAIgGAZIHAKAH8gE&amp;sclient=gws-wiz-serp\">L.S.D<\/a>Ten rodzaj stymulacji umys\u0142owej jest naprawd\u0119 niezwyk\u0142y dla Indica. Jak mo\u017cna si\u0119 spodziewa\u0107, LSD ma r\u00f3wnie\u017c typowe dla Indica fizyczne efekty. Klienci cz\u0119sto do\u015bwiadczaj\u0105 rewolucyjnych efekt\u00f3w odczulaj\u0105cych cia\u0142o jedn\u0105 do dw\u00f3ch godzin po spo\u017cyciu, po tym jak wi\u0119kszo\u015b\u0107 efekt\u00f3w m\u00f3zgowych ust\u0105pi. Bawe\u0142na mo\u017ce by\u0107 jedn\u0105 z szkodliwych konsekwencji, w tym b\u00f3lami g\u0142owy, senno\u015bci\u0105, sucho\u015bci\u0105 oczu, ust i lekkim podejrzeniem.<\/p>\n<p>U wi\u0119kszo\u015bci os\u00f3b szczep ten mo\u017ce pom\u00f3c z\u0142agodzi\u0107 przewlek\u0142y, pulsuj\u0105cy b\u00f3l o ka\u017cdej porze dnia. <a href=\"https:\/\/www.google.com\/search?q=Buy+1P-LSD+100mcg+Blotters+cheap+Online&amp;num=10&amp;sca_esv=1a2a07081c7891bb&amp;rlz=1C1RXQR_enIN1098IN1098&amp;sxsrf=AHTn8zr4KiQqQMeBWxMyIh4N-_SnSv1Bvg%3A1741323239722&amp;ei=53vKZ8jnK-3jseMP8MuJuQ8&amp;ved=0ahUKEwiI95HJlveLAxXtcWwGHfBlIvcQ4dUDCBA&amp;uact=5&amp;oq=Buy+1P-LSD+100mcg+Blotters+cheap+Online&amp;gs_lp=Egxnd3Mtd2l6LXNlcnAiJ0J1eSAxUC1MU0QgMTAwbWNnIEJsb3R0ZXJzIGNoZWFwIE9ubGluZUjTBlCMA1iMA3ACeACQAQCYAfsBoAH7AaoBAzItMbgBA8gBAPgBAvgBAZgCAKACAJgDAIgGAZIHAKAH8gE&amp;sclient=gws-wiz-serp\">LSD<\/a> Dla wi\u0119kszo\u015bci os\u00f3b ten szczep mo\u017ce pom\u00f3c z\u0142agodzi\u0107 przewlek\u0142y pulsuj\u0105cy b\u00f3l o ka\u017cdej porze dnia. LSD jest cz\u0119sto zalecane w leczeniu melancholii, l\u0119ku lub napi\u0119cia. Niekt\u00f3rzy ludzie stosuj\u0105 ten szczep w leczeniu b\u00f3l\u00f3w g\u0142owy, podczas gdy inni u\u017cywaj\u0105 go w leczeniu problem\u00f3w ze snem.<\/p>\n<p><a href=\"https:\/\/en.wikipedia.org\/wiki\/1P-LSD\">L.S.D.<\/a> jest hybryd\u0105 Mazar i Skunk #1, staro\u017cytnej rasy skunks\u00f3w Barney\u2019s Farm. Poniewa\u017c mo\u017cna j\u0105 uprawia\u0107 zar\u00f3wno w pomieszczeniach, jak i na zewn\u0105trz oraz jest odporna na wiele chor\u00f3b, odmiana ta jest bardzo \u0142atwa w uprawie, cho\u0107 nie jest polecana niedo\u015bwiadczonym ogrodnikom. Kwiaty o d\u0142ugim okresie kwitnienia wynosz\u0105cym 65\u201378 dni mo\u017cna wyprodukowa\u0107 za pomoc\u0105 L.S.D. co najmniej 650 gram\u00f3w na metr kwadratowy. Odmiana ta zwykle ko\u0144czy kwitnienie w pa\u017adzierniku w regionie arktycznym i kwietniu w regionie tropikalnym, rzadko przekraczaj\u0105c 60 centymetr\u00f3w. Ta odmiana ma st\u0119\u017cenie THC do 24%. <a href=\"https:\/\/duckduckgo.com\/?q=Buy+1P-LSD+100mcg+Blotters+cheap+Online&amp;t=h_&amp;ia=web\">L.S.D.<\/a> co najmniej 650 gram\u00f3w na metr kwadratowy. Odmiana ta zwykle zatrzymuje si\u0119 w pa\u017adzierniku w regionie arktycznym i kwietniu w regionie tropikalnym, rzadko przekraczaj\u0105c 60 centymetr\u00f3w. Ta odmiana ma st\u0119\u017cenie THC do 24%.<\/p>\n<p>Kupuj tanie 100mcg blottery 1P-LSD online \u2013 Kup 1P-LSD, Kupuj tanie 100mcg blottery, <a href=\"https:\/\/duckduckgo.com\/?q=Buy+1P-LSD+100mcg+Blotters+cheap+Online&amp;t=h_&amp;ia=web\">Kup 1P-LSD Blotters online<\/a>Kup tanie 100mcg blottery 1P-LSD online \u2013 Kup 1P-LSD, Kup tanie 100mcg blottery, Kup 1P-LSD blottery online, Gdzie kupi\u0107 tanie 100mcg blottery, Kup tanie 100mcg blottery, Kup tanie 100mcg blottery, Kup tanie 100mcg blottery w USA, Kanadzie, Wielkiej Brytanii, Kup online, Dostawcy, Bezpieczna dostawa, Dowiedz si\u0119, czy tanie 100mcg blottery 1P-LSD s\u0105 legalne w USA, jak je zdoby\u0107, czy s\u0105 legalne w Kanadzie i czy nadal mo\u017cna je kupi\u0107 online.<\/p>","protected":false},"excerpt":{"rendered":"<p>Cheap 100mcg 1P-LSD Blotters for Sale The Indica dominating strain L.S.D. was named after a strong hallucinogenic substance because of its incredibly intellectual and psychedelic high. Before the strain, there is a high-energy, joyful feeling that can induce psychological fog, leaving some people entirely confused and &#8220;intellectually stuck.&#8221; Several clients report that using LSD makes &hellip;<\/p>\n<p class=\"read-more\"> <a class=\"\" href=\"https:\/\/legitgrams.com\/pl\/produkt\/1p-lsd-100mcg-blotters-tanio\/\"> <span class=\"screen-reader-text\">Kup 1P-LSD 100mcg Blotters tanio online<\/span> Czytaj wi\u0119cej \"<\/a><\/p>","protected":false},"featured_media":5177,"comment_status":"open","ping_status":"closed","template":"","meta":{"_uag_custom_page_level_css":"","site-sidebar-layout":"default","site-content-layout":"default","ast-global-header-display":"","ast-main-header-display":"","ast-hfb-above-header-display":"","ast-hfb-below-header-display":"","ast-hfb-mobile-header-display":"","site-post-title":"","ast-breadcrumbs-content":"","ast-featured-img":"","footer-sml-layout":"","theme-transparent-header-meta":"default","adv-header-id-meta":"","stick-header-meta":"default","header-above-stick-meta":"","header-main-stick-meta":"","header-below-stick-meta":"","_joinchat":[]},"product_brand":[],"product_cat":[595],"product_tag":[4882,4886,4885,4893,4884,4894,4896,4903,4904,4902,4899,4901,4891,617,4883,4898,4895,4890,4888,4900,4897,625,4889,4892,4887],"class_list":{"0":"post-3834","1":"product","2":"type-product","3":"status-publish","4":"has-post-thumbnail","6":"product_cat-psychedelic-drugs","7":"product_tag-1p-lsd-100mcg-blotters-cheap","8":"product_tag-1p-lsd-100mcg-blotters-cheap-1p-lsd-100mcg-blotters-cheap-supplier","9":"product_tag-1p-lsd-100mcg-blotters-cheap-for-sale","10":"product_tag-1p-lsd-100mcg-blotters-cheap-legally","11":"product_tag-1p-lsd-100mcg-blotters-cheap-online","12":"product_tag-1p-lsd-100mcg-blotters-cheap-price","13":"product_tag-1p-lsd-100mcg-blotters-cheap-store","14":"product_tag-1p-lsd-100mcg-blotters-cheap-use","15":"product_tag-1p-lsd-100mcg-blotters-cheap-wiki","16":"product_tag-1p-lsd-100mcg-blotters-cheap-worldwide","17":"product_tag-1p-lsd-100mcg-blotters-cheaps","18":"product_tag-best-cheap-price-1p-lsd-100mcg-blotters-cheap","19":"product_tag-best-place-to-buy-1p-lsd-100mcg-blotters-cheap","20":"product_tag-bulk-online","21":"product_tag-buy-1p-lsd-100mcg-blotters-cheap","22":"product_tag-cheap-1p-lsd-100mcg-blotters-cheap","23":"product_tag-high-quality-1p-lsd-100mcg-blotters-cheap","24":"product_tag-how-to-buy-1p-lsd-100mcg-blotters-cheap","25":"product_tag-order-1p-lsd-100mcg-blotters-cheap","26":"product_tag-purcharse-1p-lsd-100mcg-blotters-cheap","27":"product_tag-shop-1p-lsd-100mcg-blotters-cheap","28":"product_tag-top-quality","29":"product_tag-where-to-buy-1p-lsd-100mcg-blotters-cheap","30":"product_tag-where-to-order-1p-lsd-100mcg-blotters-cheap","31":"product_tag-wholesale-1p-lsd-100mcg-blotters-cheap","32":"desktop-align-left","33":"tablet-align-left","34":"mobile-align-left","35":"ast-product-gallery-layout-horizontal","36":"ast-product-gallery-with-no-image","37":"ast-product-single-variable","38":"ast-product-tabs-layout-horizontal","39":"ast-qv-on-image","41":"first","42":"instock","43":"shipping-taxable","44":"purchasable","45":"product-type-variable"},"yoast_head":"<!-- This site is optimized with the Yoast SEO plugin v25.9 - https:\/\/yoast.com\/wordpress\/plugins\/seo\/ -->\n<title>1P-LSD 100mcg Blotters for Sale - Buy 1P-LSD 100mcg Online<\/title>\n<meta name=\"description\" content=\"Looking for a reliable source to buy 1P-LSD 100mcg Blotters online? Your search ends here. Order 1P-LSD 100mcg Blotters for sale today and receive up to 50% off on selected items. Grab the deals Now!\" \/>\n<meta name=\"robots\" content=\"index, follow, max-snippet:-1, max-image-preview:large, max-video-preview:-1\" \/>\n<link rel=\"canonical\" href=\"https:\/\/legitgrams.com\/pl\/produkt\/1p-lsd-100mcg-blotters-tanio\/\" \/>\n<meta property=\"og:locale\" content=\"pl_PL\" \/>\n<meta property=\"og:type\" content=\"article\" \/>\n<meta property=\"og:title\" content=\"1P-LSD 100mcg Blotters for Sale - Buy 1P-LSD 100mcg Online\" \/>\n<meta property=\"og:description\" content=\"Looking for a reliable source to buy 1P-LSD 100mcg Blotters online? Your search ends here. Order 1P-LSD 100mcg Blotters for sale today and receive up to 50% off on selected items. Grab the deals Now!\" \/>\n<meta property=\"og:url\" content=\"https:\/\/legitgrams.com\/pl\/produkt\/1p-lsd-100mcg-blotters-tanio\/\" \/>\n<meta property=\"og:site_name\" content=\"Legit Grams\" \/>\n<meta property=\"article:modified_time\" content=\"2025-03-07T04:57:10+00:00\" \/>\n<meta property=\"og:image\" content=\"https:\/\/legitgrams.com\/wp-content\/uploads\/2024\/09\/Buy-1P-LSD-100mcg-Blotters-cheap-online.jpg\" \/>\n\t<meta property=\"og:image:width\" content=\"600\" \/>\n\t<meta property=\"og:image:height\" content=\"600\" \/>\n\t<meta property=\"og:image:type\" content=\"image\/jpeg\" \/>\n<meta name=\"twitter:card\" content=\"summary_large_image\" \/>\n<meta name=\"twitter:label1\" content=\"Szacowany czas czytania\" \/>\n\t<meta name=\"twitter:data1\" content=\"2 minuty\" \/>\n<script type=\"application\/ld+json\" class=\"yoast-schema-graph\">{\"@context\":\"https:\/\/schema.org\",\"@graph\":[{\"@type\":\"WebPage\",\"@id\":\"https:\/\/legitgrams.com\/product\/1p-lsd-100mcg-blotters-cheap\/\",\"url\":\"https:\/\/legitgrams.com\/product\/1p-lsd-100mcg-blotters-cheap\/\",\"name\":\"1P-LSD 100mcg Blotters for Sale - Buy 1P-LSD 100mcg Online\",\"isPartOf\":{\"@id\":\"https:\/\/legitgrams.com\/#website\"},\"primaryImageOfPage\":{\"@id\":\"https:\/\/legitgrams.com\/product\/1p-lsd-100mcg-blotters-cheap\/#primaryimage\"},\"image\":{\"@id\":\"https:\/\/legitgrams.com\/product\/1p-lsd-100mcg-blotters-cheap\/#primaryimage\"},\"thumbnailUrl\":\"https:\/\/legitgrams.com\/wp-content\/uploads\/2024\/09\/Buy-1P-LSD-100mcg-Blotters-cheap-online.jpg\",\"datePublished\":\"2024-09-20T06:32:23+00:00\",\"dateModified\":\"2025-03-07T04:57:10+00:00\",\"description\":\"Looking for a reliable source to buy 1P-LSD 100mcg Blotters online? Your search ends here. Order 1P-LSD 100mcg Blotters for sale today and receive up to 50% off on selected items. Grab the deals Now!\",\"breadcrumb\":{\"@id\":\"https:\/\/legitgrams.com\/product\/1p-lsd-100mcg-blotters-cheap\/#breadcrumb\"},\"inLanguage\":\"pl-PL\",\"potentialAction\":[{\"@type\":\"ReadAction\",\"target\":[\"https:\/\/legitgrams.com\/product\/1p-lsd-100mcg-blotters-cheap\/\"]}]},{\"@type\":\"ImageObject\",\"inLanguage\":\"pl-PL\",\"@id\":\"https:\/\/legitgrams.com\/product\/1p-lsd-100mcg-blotters-cheap\/#primaryimage\",\"url\":\"https:\/\/legitgrams.com\/wp-content\/uploads\/2024\/09\/Buy-1P-LSD-100mcg-Blotters-cheap-online.jpg\",\"contentUrl\":\"https:\/\/legitgrams.com\/wp-content\/uploads\/2024\/09\/Buy-1P-LSD-100mcg-Blotters-cheap-online.jpg\",\"width\":600,\"height\":600,\"caption\":\"1P-LSD 100mcg Blotters cheap for Sale\"},{\"@type\":\"BreadcrumbList\",\"@id\":\"https:\/\/legitgrams.com\/product\/1p-lsd-100mcg-blotters-cheap\/#breadcrumb\",\"itemListElement\":[{\"@type\":\"ListItem\",\"position\":1,\"name\":\"Home\",\"item\":\"https:\/\/legitgrams.com\/\"},{\"@type\":\"ListItem\",\"position\":2,\"name\":\"Shop\",\"item\":\"https:\/\/legitgrams.com\/shop\/\"},{\"@type\":\"ListItem\",\"position\":3,\"name\":\"Buy 1P-LSD 100mcg Blotters cheap Online\"}]},{\"@type\":\"WebSite\",\"@id\":\"https:\/\/legitgrams.com\/#website\",\"url\":\"https:\/\/legitgrams.com\/\",\"name\":\"Legit Grams\",\"description\":\"My WordPress Blog\",\"publisher\":{\"@id\":\"https:\/\/legitgrams.com\/#organization\"},\"potentialAction\":[{\"@type\":\"SearchAction\",\"target\":{\"@type\":\"EntryPoint\",\"urlTemplate\":\"https:\/\/legitgrams.com\/?s={search_term_string}\"},\"query-input\":{\"@type\":\"PropertyValueSpecification\",\"valueRequired\":true,\"valueName\":\"search_term_string\"}}],\"inLanguage\":\"pl-PL\"},{\"@type\":\"Organization\",\"@id\":\"https:\/\/legitgrams.com\/#organization\",\"name\":\"Legit Grams\",\"url\":\"https:\/\/legitgrams.com\/\",\"logo\":{\"@type\":\"ImageObject\",\"inLanguage\":\"pl-PL\",\"@id\":\"https:\/\/legitgrams.com\/#\/schema\/logo\/image\/\",\"url\":\"https:\/\/legitgrams.com\/wp-content\/uploads\/2024\/09\/main-logo.png\",\"contentUrl\":\"https:\/\/legitgrams.com\/wp-content\/uploads\/2024\/09\/main-logo.png\",\"width\":270,\"height\":75,\"caption\":\"Legit Grams\"},\"image\":{\"@id\":\"https:\/\/legitgrams.com\/#\/schema\/logo\/image\/\"}}]}<\/script>\n<!-- \/ Yoast SEO plugin. -->","yoast_head_json":{"title":"1P-LSD 100mcg Blotters na sprzeda\u017c - Kup 1P-LSD 100mcg online","description":"Szukasz wiarygodnego \u017ar\u00f3d\u0142a, aby kupi\u0107 1P-LSD 100mcg Blotters online? Twoje poszukiwania ko\u0144cz\u0105 si\u0119 tutaj. Zam\u00f3w 1P-LSD 100mcg Blotters na sprzeda\u017c ju\u017c dzi\u015b i otrzymaj do 50% rabatu na wybrane produkty. Skorzystaj z okazji ju\u017c teraz!","robots":{"index":"index","follow":"follow","max-snippet":"max-snippet:-1","max-image-preview":"max-image-preview:large","max-video-preview":"max-video-preview:-1"},"canonical":"https:\/\/legitgrams.com\/pl\/produkt\/1p-lsd-100mcg-blotters-tanio\/","og_locale":"pl_PL","og_type":"article","og_title":"1P-LSD 100mcg Blotters for Sale - Buy 1P-LSD 100mcg Online","og_description":"Looking for a reliable source to buy 1P-LSD 100mcg Blotters online? Your search ends here. Order 1P-LSD 100mcg Blotters for sale today and receive up to 50% off on selected items. Grab the deals Now!","og_url":"https:\/\/legitgrams.com\/pl\/produkt\/1p-lsd-100mcg-blotters-tanio\/","og_site_name":"Legit Grams","article_modified_time":"2025-03-07T04:57:10+00:00","og_image":[{"width":600,"height":600,"url":"https:\/\/legitgrams.com\/wp-content\/uploads\/2024\/09\/Buy-1P-LSD-100mcg-Blotters-cheap-online.jpg","type":"image\/jpeg"}],"twitter_card":"summary_large_image","twitter_misc":{"Szacowany czas czytania":"2 minuty"},"schema":{"@context":"https:\/\/schema.org","@graph":[{"@type":"WebPage","@id":"https:\/\/legitgrams.com\/product\/1p-lsd-100mcg-blotters-cheap\/","url":"https:\/\/legitgrams.com\/product\/1p-lsd-100mcg-blotters-cheap\/","name":"1P-LSD 100mcg Blotters na sprzeda\u017c - Kup 1P-LSD 100mcg online","isPartOf":{"@id":"https:\/\/legitgrams.com\/#website"},"primaryImageOfPage":{"@id":"https:\/\/legitgrams.com\/product\/1p-lsd-100mcg-blotters-cheap\/#primaryimage"},"image":{"@id":"https:\/\/legitgrams.com\/product\/1p-lsd-100mcg-blotters-cheap\/#primaryimage"},"thumbnailUrl":"https:\/\/legitgrams.com\/wp-content\/uploads\/2024\/09\/Buy-1P-LSD-100mcg-Blotters-cheap-online.jpg","datePublished":"2024-09-20T06:32:23+00:00","dateModified":"2025-03-07T04:57:10+00:00","description":"Szukasz wiarygodnego \u017ar\u00f3d\u0142a, aby kupi\u0107 1P-LSD 100mcg Blotters online? Twoje poszukiwania ko\u0144cz\u0105 si\u0119 tutaj. Zam\u00f3w 1P-LSD 100mcg Blotters na sprzeda\u017c ju\u017c dzi\u015b i otrzymaj do 50% rabatu na wybrane produkty. Skorzystaj z okazji ju\u017c teraz!","breadcrumb":{"@id":"https:\/\/legitgrams.com\/product\/1p-lsd-100mcg-blotters-cheap\/#breadcrumb"},"inLanguage":"pl-PL","potentialAction":[{"@type":"ReadAction","target":["https:\/\/legitgrams.com\/product\/1p-lsd-100mcg-blotters-cheap\/"]}]},{"@type":"ImageObject","inLanguage":"pl-PL","@id":"https:\/\/legitgrams.com\/product\/1p-lsd-100mcg-blotters-cheap\/#primaryimage","url":"https:\/\/legitgrams.com\/wp-content\/uploads\/2024\/09\/Buy-1P-LSD-100mcg-Blotters-cheap-online.jpg","contentUrl":"https:\/\/legitgrams.com\/wp-content\/uploads\/2024\/09\/Buy-1P-LSD-100mcg-Blotters-cheap-online.jpg","width":600,"height":600,"caption":"1P-LSD 100mcg Blotters cheap for Sale"},{"@type":"BreadcrumbList","@id":"https:\/\/legitgrams.com\/product\/1p-lsd-100mcg-blotters-cheap\/#breadcrumb","itemListElement":[{"@type":"ListItem","position":1,"name":"Home","item":"https:\/\/legitgrams.com\/"},{"@type":"ListItem","position":2,"name":"Shop","item":"https:\/\/legitgrams.com\/shop\/"},{"@type":"ListItem","position":3,"name":"Buy 1P-LSD 100mcg Blotters cheap Online"}]},{"@type":"WebSite","@id":"https:\/\/legitgrams.com\/#website","url":"https:\/\/legitgrams.com\/","name":"Legit Grams","description":"M\u00f3j blog WordPress","publisher":{"@id":"https:\/\/legitgrams.com\/#organization"},"potentialAction":[{"@type":"SearchAction","target":{"@type":"EntryPoint","urlTemplate":"https:\/\/legitgrams.com\/?s={search_term_string}"},"query-input":{"@type":"PropertyValueSpecification","valueRequired":true,"valueName":"search_term_string"}}],"inLanguage":"pl-PL"},{"@type":"Organization","@id":"https:\/\/legitgrams.com\/#organization","name":"Legit Grams","url":"https:\/\/legitgrams.com\/","logo":{"@type":"ImageObject","inLanguage":"pl-PL","@id":"https:\/\/legitgrams.com\/#\/schema\/logo\/image\/","url":"https:\/\/legitgrams.com\/wp-content\/uploads\/2024\/09\/main-logo.png","contentUrl":"https:\/\/legitgrams.com\/wp-content\/uploads\/2024\/09\/main-logo.png","width":270,"height":75,"caption":"Legit Grams"},"image":{"@id":"https:\/\/legitgrams.com\/#\/schema\/logo\/image\/"}}]}},"uagb_featured_image_src":{"full":["https:\/\/legitgrams.com\/wp-content\/uploads\/2024\/09\/Buy-1P-LSD-100mcg-Blotters-cheap-online.jpg",600,600,false],"thumbnail":["https:\/\/legitgrams.com\/wp-content\/uploads\/2024\/09\/Buy-1P-LSD-100mcg-Blotters-cheap-online-150x150.jpg",150,150,true],"medium":["https:\/\/legitgrams.com\/wp-content\/uploads\/2024\/09\/Buy-1P-LSD-100mcg-Blotters-cheap-online-300x300.jpg",300,300,true],"medium_large":["https:\/\/legitgrams.com\/wp-content\/uploads\/2024\/09\/Buy-1P-LSD-100mcg-Blotters-cheap-online.jpg",600,600,false],"large":["https:\/\/legitgrams.com\/wp-content\/uploads\/2024\/09\/Buy-1P-LSD-100mcg-Blotters-cheap-online.jpg",600,600,false],"1536x1536":["https:\/\/legitgrams.com\/wp-content\/uploads\/2024\/09\/Buy-1P-LSD-100mcg-Blotters-cheap-online.jpg",600,600,false],"2048x2048":["https:\/\/legitgrams.com\/wp-content\/uploads\/2024\/09\/Buy-1P-LSD-100mcg-Blotters-cheap-online.jpg",600,600,false],"trp-custom-language-flag":["https:\/\/legitgrams.com\/wp-content\/uploads\/2024\/09\/Buy-1P-LSD-100mcg-Blotters-cheap-online-12x12.jpg",12,12,true],"woocommerce_thumbnail":["https:\/\/legitgrams.com\/wp-content\/uploads\/2024\/09\/Buy-1P-LSD-100mcg-Blotters-cheap-online-300x300.jpg",300,300,true],"woocommerce_single":["https:\/\/legitgrams.com\/wp-content\/uploads\/2024\/09\/Buy-1P-LSD-100mcg-Blotters-cheap-online.jpg",600,600,false],"woocommerce_gallery_thumbnail":["https:\/\/legitgrams.com\/wp-content\/uploads\/2024\/09\/Buy-1P-LSD-100mcg-Blotters-cheap-online-100x100.jpg",100,100,true]},"uagb_author_info":{"display_name":"cokeblog18","author_link":"https:\/\/legitgrams.com\/pl\/author\/"},"uagb_comment_info":0,"uagb_excerpt":"Cheap 100mcg 1P-LSD Blotters for Sale The Indica dominating strain L.S.D. was named after a strong hallucinogenic substance because of its incredibly intellectual and psychedelic high. Before the strain, there is a high-energy, joyful feeling that can induce psychological fog, leaving some people entirely confused and &#8220;intellectually stuck.&#8221; Several clients report that using LSD makes&hellip;","_links":{"self":[{"href":"https:\/\/legitgrams.com\/pl\/wp-json\/wp\/v2\/product\/3834","targetHints":{"allow":["GET"]}}],"collection":[{"href":"https:\/\/legitgrams.com\/pl\/wp-json\/wp\/v2\/product"}],"about":[{"href":"https:\/\/legitgrams.com\/pl\/wp-json\/wp\/v2\/types\/product"}],"replies":[{"embeddable":true,"href":"https:\/\/legitgrams.com\/pl\/wp-json\/wp\/v2\/comments?post=3834"}],"wp:featuredmedia":[{"embeddable":true,"href":"https:\/\/legitgrams.com\/pl\/wp-json\/wp\/v2\/media\/5177"}],"wp:attachment":[{"href":"https:\/\/legitgrams.com\/pl\/wp-json\/wp\/v2\/media?parent=3834"}],"wp:term":[{"taxonomy":"product_brand","embeddable":true,"href":"https:\/\/legitgrams.com\/pl\/wp-json\/wp\/v2\/product_brand?post=3834"},{"taxonomy":"product_cat","embeddable":true,"href":"https:\/\/legitgrams.com\/pl\/wp-json\/wp\/v2\/product_cat?post=3834"},{"taxonomy":"product_tag","embeddable":true,"href":"https:\/\/legitgrams.com\/pl\/wp-json\/wp\/v2\/product_tag?post=3834"}],"curies":[{"name":"wp","href":"https:\/\/api.w.org\/{rel}","templated":true}]}}