{"id":3839,"date":"2024-09-20T06:41:19","date_gmt":"2024-09-20T06:41:19","guid":{"rendered":"https:\/\/legitgrams.com\/?post_type=product&#038;p=3839"},"modified":"2025-01-14T10:04:24","modified_gmt":"2025-01-14T10:04:24","slug":"mogadon-nitrazepam-5mg-tabletki","status":"publish","type":"product","link":"https:\/\/legitgrams.com\/pl\/produkt\/mogadon-nitrazepam-5mg-tabletki\/","title":{"rendered":"Tabletki Mogadon Nitrazepam 5 mg"},"content":{"rendered":"<h2>Kup tabletki Mogadon Nitrazepam 5 mg online.<\/h2>\n<p>Opr\u00f3cz leczenia bezsenno\u015bci, mogadon, lek benzodiazepinowy, jest czasami stosowany w leczeniu silnego l\u0119ku. Poniewa\u017c jego uspokajaj\u0105ce i relaksuj\u0105ce dzia\u0142anie mo\u017ce by\u0107 nadu\u017cywane, jest to \u015brodek uspokajaj\u0105cy, kt\u00f3ry powinien by\u0107 stosowany tylko tymczasowo. <a href=\"https:\/\/legitgrams.com\/pl\/\">LegitGrams<\/a><\/p>\n<h3>Zaopatrz si\u0119 w tabletki Mogadon Nitrazepam (5 mg).<\/h3>\n<p>Zakup online 5 mg Mogadon <a href=\"https:\/\/legitgrams.com\/pl\/produkt\/mogadon-nitrazepam-5mg-tabletki\/\">Tabletki nitrazepamu<\/a>: kup Nitrazepam, kup tabletki Mogadon Nitrazepam 5 mg, kup Mogadon Nitrazepam online Gdzie mog\u0119 kupi\u0107 tabletki Mogadon Nitrazepam w dawce 5 mg? Gdzie mog\u0119 kupi\u0107 tabletki Mogadon Nitrazepam w dawce 5 mg online? Gdzie mog\u0119 kupi\u0107 tabletki Mogadon Nitrazepam w dawce 5 mg online? Gdzie mog\u0119 kupi\u0107 tabletki Mogadon Nitrazepam w dawce 5 mg online? Kupuj online, znajd\u017a dostawc\u00f3w i bezpiecznie dostarcz zam\u00f3wienie, aby uzyska\u0107 tabletki Mogadon Nitrazepam 5 mg. Czy Amerykanie mog\u0105 legalnie kupi\u0107 tabletki Mogadon 5 mg <a href=\"https:\/\/en.wikipedia.org\/wiki\/Nitrazepam\">Nitrazepam<\/a> tabletki online? Jak mog\u0119 uzyska\u0107 5 mg tabletki Mogadon Nitrazepam? Czy kupowanie 5 mg tabletek Mogadon Nitrazepam jest legalne w Kanadzie?<\/p>\n<h2><\/h2>\n<p>&nbsp;<\/p>","protected":false},"excerpt":{"rendered":"<p>Purchase 5 mg pills of Mogadon Nitrazepam online. In addition to treating sleeplessness, mogadon, a benzodiazepine drug, is occasionally used to treat severe anxiety. Because its calming and relaxing effects can be abused, it is a sedative that should only be used temporarily. LegitGrams Obtain tablets of Mogadon Nitrazepam (5 mg). Online purchase of 5 &hellip;<\/p>\n<p class=\"read-more\"> <a class=\"\" href=\"https:\/\/legitgrams.com\/pl\/produkt\/mogadon-nitrazepam-5mg-tabletki\/\"> <span class=\"screen-reader-text\">Tabletki Mogadon Nitrazepam 5 mg<\/span> Czytaj wi\u0119cej \"<\/a><\/p>","protected":false},"featured_media":5236,"comment_status":"open","ping_status":"closed","template":"","meta":{"_uag_custom_page_level_css":"","site-sidebar-layout":"default","site-content-layout":"default","ast-global-header-display":"","ast-main-header-display":"","ast-hfb-above-header-display":"","ast-hfb-below-header-display":"","ast-hfb-mobile-header-display":"","site-post-title":"","ast-breadcrumbs-content":"","ast-featured-img":"","footer-sml-layout":"","theme-transparent-header-meta":"default","adv-header-id-meta":"","stick-header-meta":"default","header-above-stick-meta":"","header-main-stick-meta":"","header-below-stick-meta":"","_joinchat":[]},"product_brand":[],"product_cat":[597,610],"product_tag":[4832,4822,617,4814,4829,4826,4821,4813,4816,4824,4817,4815,4825,4827,4834,4835,4833,4830,4819,4831,4828,625,4820,4823,4818],"class_list":{"0":"post-3839","1":"product","2":"type-product","3":"status-publish","4":"has-post-thumbnail","6":"product_cat-pain-sleeping-sex-pills","7":"product_cat-sleeping-pills","8":"product_tag-best-cheap-price-mogadon-nitrazepam-5mg-pills","9":"product_tag-best-place-to-buy-mogadon-nitrazepam-5mg-pills","10":"product_tag-bulk-online","11":"product_tag-buy-mogadon-nitrazepam-5mg-pills","12":"product_tag-cheap-mogadon-nitrazepam-5mg-pills","13":"product_tag-high-quality-mogadon-nitrazepam-5mg-pills","14":"product_tag-how-to-buy-mogadon-nitrazepam-5mg-pills","15":"product_tag-mogadon-nitrazepam-5mg-pills","16":"product_tag-mogadon-nitrazepam-5mg-pills-for-sale","17":"product_tag-mogadon-nitrazepam-5mg-pills-legally","18":"product_tag-mogadon-nitrazepam-5mg-pills-mogadon-nitrazepam-5mg-pills-supplier","19":"product_tag-mogadon-nitrazepam-5mg-pills-online","20":"product_tag-mogadon-nitrazepam-5mg-pills-price","21":"product_tag-mogadon-nitrazepam-5mg-pills-store","22":"product_tag-mogadon-nitrazepam-5mg-pills-use","23":"product_tag-mogadon-nitrazepam-5mg-pills-wiki","24":"product_tag-mogadon-nitrazepam-5mg-pills-worldwide","25":"product_tag-mogadon-nitrazepam-5mg-pillss","26":"product_tag-order-mogadon-nitrazepam-5mg-pills","27":"product_tag-purcharse-mogadon-nitrazepam-5mg-pills","28":"product_tag-shop-mogadon-nitrazepam-5mg-pills","29":"product_tag-top-quality","30":"product_tag-where-to-buy-mogadon-nitrazepam-5mg-pills","31":"product_tag-where-to-order-mogadon-nitrazepam-5mg-pills","32":"product_tag-wholesale-mogadon-nitrazepam-5mg-pills","33":"desktop-align-left","34":"tablet-align-left","35":"mobile-align-left","36":"ast-product-gallery-layout-horizontal","37":"ast-product-gallery-with-no-image","38":"ast-product-single-variable","39":"ast-product-tabs-layout-horizontal","40":"ast-qv-on-image","42":"first","43":"instock","44":"shipping-taxable","45":"purchasable","46":"product-type-variable"},"yoast_head":"<!-- This site is optimized with the Yoast SEO plugin v25.9 - https:\/\/yoast.com\/wordpress\/plugins\/seo\/ -->\n<title>Mogadon Nitrazepam 5mg Pills for Sale @ Best Price | LegitGrams<\/title>\n<meta name=\"description\" content=\"If you want to buy Mogadon Nitrazepam 5mg pills online and looking for a reliable online shop, then buy here. We offer only high-quality Mogadon Nitrazepam 5mg pills for sale at an affordable price. Order Bubble Hash Now!\" \/>\n<meta name=\"robots\" content=\"index, follow, max-snippet:-1, max-image-preview:large, max-video-preview:-1\" \/>\n<link rel=\"canonical\" href=\"https:\/\/legitgrams.com\/pl\/produkt\/mogadon-nitrazepam-5mg-tabletki\/\" \/>\n<meta property=\"og:locale\" content=\"pl_PL\" \/>\n<meta property=\"og:type\" content=\"article\" \/>\n<meta property=\"og:title\" content=\"Mogadon Nitrazepam 5mg Pills for Sale @ Best Price | LegitGrams\" \/>\n<meta property=\"og:description\" content=\"If you want to buy Mogadon Nitrazepam 5mg pills online and looking for a reliable online shop, then buy here. We offer only high-quality Mogadon Nitrazepam 5mg pills for sale at an affordable price. Order Bubble Hash Now!\" \/>\n<meta property=\"og:url\" content=\"https:\/\/legitgrams.com\/pl\/produkt\/mogadon-nitrazepam-5mg-tabletki\/\" \/>\n<meta property=\"og:site_name\" content=\"Legit Grams\" \/>\n<meta property=\"article:modified_time\" content=\"2025-01-14T10:04:24+00:00\" \/>\n<meta property=\"og:image\" content=\"https:\/\/legitgrams.com\/wp-content\/uploads\/2024\/09\/buy-mogadon-nitrazepam-5mg-pills-online.jpg\" \/>\n\t<meta property=\"og:image:width\" content=\"600\" \/>\n\t<meta property=\"og:image:height\" content=\"600\" \/>\n\t<meta property=\"og:image:type\" content=\"image\/jpeg\" \/>\n<meta name=\"twitter:card\" content=\"summary_large_image\" \/>\n<meta name=\"twitter:label1\" content=\"Szacowany czas czytania\" \/>\n\t<meta name=\"twitter:data1\" content=\"2 minuty\" \/>\n<script type=\"application\/ld+json\" class=\"yoast-schema-graph\">{\"@context\":\"https:\/\/schema.org\",\"@graph\":[{\"@type\":\"WebPage\",\"@id\":\"https:\/\/legitgrams.com\/product\/mogadon-nitrazepam-5mg-pills\/\",\"url\":\"https:\/\/legitgrams.com\/product\/mogadon-nitrazepam-5mg-pills\/\",\"name\":\"Mogadon Nitrazepam 5mg Pills for Sale @ Best Price | LegitGrams\",\"isPartOf\":{\"@id\":\"https:\/\/legitgrams.com\/#website\"},\"primaryImageOfPage\":{\"@id\":\"https:\/\/legitgrams.com\/product\/mogadon-nitrazepam-5mg-pills\/#primaryimage\"},\"image\":{\"@id\":\"https:\/\/legitgrams.com\/product\/mogadon-nitrazepam-5mg-pills\/#primaryimage\"},\"thumbnailUrl\":\"https:\/\/legitgrams.com\/wp-content\/uploads\/2024\/09\/buy-mogadon-nitrazepam-5mg-pills-online.jpg\",\"datePublished\":\"2024-09-20T06:41:19+00:00\",\"dateModified\":\"2025-01-14T10:04:24+00:00\",\"description\":\"If you want to buy Mogadon Nitrazepam 5mg pills online and looking for a reliable online shop, then buy here. We offer only high-quality Mogadon Nitrazepam 5mg pills for sale at an affordable price. Order Bubble Hash Now!\",\"breadcrumb\":{\"@id\":\"https:\/\/legitgrams.com\/product\/mogadon-nitrazepam-5mg-pills\/#breadcrumb\"},\"inLanguage\":\"pl-PL\",\"potentialAction\":[{\"@type\":\"ReadAction\",\"target\":[\"https:\/\/legitgrams.com\/product\/mogadon-nitrazepam-5mg-pills\/\"]}]},{\"@type\":\"ImageObject\",\"inLanguage\":\"pl-PL\",\"@id\":\"https:\/\/legitgrams.com\/product\/mogadon-nitrazepam-5mg-pills\/#primaryimage\",\"url\":\"https:\/\/legitgrams.com\/wp-content\/uploads\/2024\/09\/buy-mogadon-nitrazepam-5mg-pills-online.jpg\",\"contentUrl\":\"https:\/\/legitgrams.com\/wp-content\/uploads\/2024\/09\/buy-mogadon-nitrazepam-5mg-pills-online.jpg\",\"width\":600,\"height\":600,\"caption\":\"Mogadon Nitrazepam 5mg Pills for Sale\"},{\"@type\":\"BreadcrumbList\",\"@id\":\"https:\/\/legitgrams.com\/product\/mogadon-nitrazepam-5mg-pills\/#breadcrumb\",\"itemListElement\":[{\"@type\":\"ListItem\",\"position\":1,\"name\":\"Home\",\"item\":\"https:\/\/legitgrams.com\/\"},{\"@type\":\"ListItem\",\"position\":2,\"name\":\"Shop\",\"item\":\"https:\/\/legitgrams.com\/shop\/\"},{\"@type\":\"ListItem\",\"position\":3,\"name\":\"Mogadon Nitrazepam 5mg pills\"}]},{\"@type\":\"WebSite\",\"@id\":\"https:\/\/legitgrams.com\/#website\",\"url\":\"https:\/\/legitgrams.com\/\",\"name\":\"Legit Grams\",\"description\":\"My WordPress Blog\",\"publisher\":{\"@id\":\"https:\/\/legitgrams.com\/#organization\"},\"potentialAction\":[{\"@type\":\"SearchAction\",\"target\":{\"@type\":\"EntryPoint\",\"urlTemplate\":\"https:\/\/legitgrams.com\/?s={search_term_string}\"},\"query-input\":{\"@type\":\"PropertyValueSpecification\",\"valueRequired\":true,\"valueName\":\"search_term_string\"}}],\"inLanguage\":\"pl-PL\"},{\"@type\":\"Organization\",\"@id\":\"https:\/\/legitgrams.com\/#organization\",\"name\":\"Legit Grams\",\"url\":\"https:\/\/legitgrams.com\/\",\"logo\":{\"@type\":\"ImageObject\",\"inLanguage\":\"pl-PL\",\"@id\":\"https:\/\/legitgrams.com\/#\/schema\/logo\/image\/\",\"url\":\"https:\/\/legitgrams.com\/wp-content\/uploads\/2024\/09\/main-logo.png\",\"contentUrl\":\"https:\/\/legitgrams.com\/wp-content\/uploads\/2024\/09\/main-logo.png\",\"width\":270,\"height\":75,\"caption\":\"Legit Grams\"},\"image\":{\"@id\":\"https:\/\/legitgrams.com\/#\/schema\/logo\/image\/\"}}]}<\/script>\n<!-- \/ Yoast SEO plugin. -->","yoast_head_json":{"title":"Mogadon Nitrazepam 5mg Tabletki na sprzeda\u017c w najlepszej cenie | LegitGrams","description":"Je\u015bli chcesz kupi\u0107 tabletki Mogadon Nitrazepam 5mg online i szukasz niezawodnego sklepu internetowego, kup tutaj. Oferujemy tylko wysokiej jako\u015bci tabletki Mogadon Nitrazepam 5mg na sprzeda\u017c w przyst\u0119pnej cenie. Zam\u00f3w Bubble Hash ju\u017c teraz!","robots":{"index":"index","follow":"follow","max-snippet":"max-snippet:-1","max-image-preview":"max-image-preview:large","max-video-preview":"max-video-preview:-1"},"canonical":"https:\/\/legitgrams.com\/pl\/produkt\/mogadon-nitrazepam-5mg-tabletki\/","og_locale":"pl_PL","og_type":"article","og_title":"Mogadon Nitrazepam 5mg Pills for Sale @ Best Price | LegitGrams","og_description":"If you want to buy Mogadon Nitrazepam 5mg pills online and looking for a reliable online shop, then buy here. We offer only high-quality Mogadon Nitrazepam 5mg pills for sale at an affordable price. Order Bubble Hash Now!","og_url":"https:\/\/legitgrams.com\/pl\/produkt\/mogadon-nitrazepam-5mg-tabletki\/","og_site_name":"Legit Grams","article_modified_time":"2025-01-14T10:04:24+00:00","og_image":[{"width":600,"height":600,"url":"https:\/\/legitgrams.com\/wp-content\/uploads\/2024\/09\/buy-mogadon-nitrazepam-5mg-pills-online.jpg","type":"image\/jpeg"}],"twitter_card":"summary_large_image","twitter_misc":{"Szacowany czas czytania":"2 minuty"},"schema":{"@context":"https:\/\/schema.org","@graph":[{"@type":"WebPage","@id":"https:\/\/legitgrams.com\/product\/mogadon-nitrazepam-5mg-pills\/","url":"https:\/\/legitgrams.com\/product\/mogadon-nitrazepam-5mg-pills\/","name":"Mogadon Nitrazepam 5mg Tabletki na sprzeda\u017c w najlepszej cenie | LegitGrams","isPartOf":{"@id":"https:\/\/legitgrams.com\/#website"},"primaryImageOfPage":{"@id":"https:\/\/legitgrams.com\/product\/mogadon-nitrazepam-5mg-pills\/#primaryimage"},"image":{"@id":"https:\/\/legitgrams.com\/product\/mogadon-nitrazepam-5mg-pills\/#primaryimage"},"thumbnailUrl":"https:\/\/legitgrams.com\/wp-content\/uploads\/2024\/09\/buy-mogadon-nitrazepam-5mg-pills-online.jpg","datePublished":"2024-09-20T06:41:19+00:00","dateModified":"2025-01-14T10:04:24+00:00","description":"Je\u015bli chcesz kupi\u0107 tabletki Mogadon Nitrazepam 5mg online i szukasz niezawodnego sklepu internetowego, kup tutaj. Oferujemy tylko wysokiej jako\u015bci tabletki Mogadon Nitrazepam 5mg na sprzeda\u017c w przyst\u0119pnej cenie. Zam\u00f3w Bubble Hash ju\u017c teraz!","breadcrumb":{"@id":"https:\/\/legitgrams.com\/product\/mogadon-nitrazepam-5mg-pills\/#breadcrumb"},"inLanguage":"pl-PL","potentialAction":[{"@type":"ReadAction","target":["https:\/\/legitgrams.com\/product\/mogadon-nitrazepam-5mg-pills\/"]}]},{"@type":"ImageObject","inLanguage":"pl-PL","@id":"https:\/\/legitgrams.com\/product\/mogadon-nitrazepam-5mg-pills\/#primaryimage","url":"https:\/\/legitgrams.com\/wp-content\/uploads\/2024\/09\/buy-mogadon-nitrazepam-5mg-pills-online.jpg","contentUrl":"https:\/\/legitgrams.com\/wp-content\/uploads\/2024\/09\/buy-mogadon-nitrazepam-5mg-pills-online.jpg","width":600,"height":600,"caption":"Mogadon Nitrazepam 5mg Pills for Sale"},{"@type":"BreadcrumbList","@id":"https:\/\/legitgrams.com\/product\/mogadon-nitrazepam-5mg-pills\/#breadcrumb","itemListElement":[{"@type":"ListItem","position":1,"name":"Home","item":"https:\/\/legitgrams.com\/"},{"@type":"ListItem","position":2,"name":"Shop","item":"https:\/\/legitgrams.com\/shop\/"},{"@type":"ListItem","position":3,"name":"Mogadon Nitrazepam 5mg pills"}]},{"@type":"WebSite","@id":"https:\/\/legitgrams.com\/#website","url":"https:\/\/legitgrams.com\/","name":"Legit Grams","description":"M\u00f3j blog WordPress","publisher":{"@id":"https:\/\/legitgrams.com\/#organization"},"potentialAction":[{"@type":"SearchAction","target":{"@type":"EntryPoint","urlTemplate":"https:\/\/legitgrams.com\/?s={search_term_string}"},"query-input":{"@type":"PropertyValueSpecification","valueRequired":true,"valueName":"search_term_string"}}],"inLanguage":"pl-PL"},{"@type":"Organization","@id":"https:\/\/legitgrams.com\/#organization","name":"Legit Grams","url":"https:\/\/legitgrams.com\/","logo":{"@type":"ImageObject","inLanguage":"pl-PL","@id":"https:\/\/legitgrams.com\/#\/schema\/logo\/image\/","url":"https:\/\/legitgrams.com\/wp-content\/uploads\/2024\/09\/main-logo.png","contentUrl":"https:\/\/legitgrams.com\/wp-content\/uploads\/2024\/09\/main-logo.png","width":270,"height":75,"caption":"Legit Grams"},"image":{"@id":"https:\/\/legitgrams.com\/#\/schema\/logo\/image\/"}}]}},"uagb_featured_image_src":{"full":["https:\/\/legitgrams.com\/wp-content\/uploads\/2024\/09\/buy-mogadon-nitrazepam-5mg-pills-online.jpg",600,600,false],"thumbnail":["https:\/\/legitgrams.com\/wp-content\/uploads\/2024\/09\/buy-mogadon-nitrazepam-5mg-pills-online-150x150.jpg",150,150,true],"medium":["https:\/\/legitgrams.com\/wp-content\/uploads\/2024\/09\/buy-mogadon-nitrazepam-5mg-pills-online-300x300.jpg",300,300,true],"medium_large":["https:\/\/legitgrams.com\/wp-content\/uploads\/2024\/09\/buy-mogadon-nitrazepam-5mg-pills-online.jpg",600,600,false],"large":["https:\/\/legitgrams.com\/wp-content\/uploads\/2024\/09\/buy-mogadon-nitrazepam-5mg-pills-online.jpg",600,600,false],"1536x1536":["https:\/\/legitgrams.com\/wp-content\/uploads\/2024\/09\/buy-mogadon-nitrazepam-5mg-pills-online.jpg",600,600,false],"2048x2048":["https:\/\/legitgrams.com\/wp-content\/uploads\/2024\/09\/buy-mogadon-nitrazepam-5mg-pills-online.jpg",600,600,false],"trp-custom-language-flag":["https:\/\/legitgrams.com\/wp-content\/uploads\/2024\/09\/buy-mogadon-nitrazepam-5mg-pills-online-12x12.jpg",12,12,true],"woocommerce_thumbnail":["https:\/\/legitgrams.com\/wp-content\/uploads\/2024\/09\/buy-mogadon-nitrazepam-5mg-pills-online-300x300.jpg",300,300,true],"woocommerce_single":["https:\/\/legitgrams.com\/wp-content\/uploads\/2024\/09\/buy-mogadon-nitrazepam-5mg-pills-online.jpg",600,600,false],"woocommerce_gallery_thumbnail":["https:\/\/legitgrams.com\/wp-content\/uploads\/2024\/09\/buy-mogadon-nitrazepam-5mg-pills-online-100x100.jpg",100,100,true]},"uagb_author_info":{"display_name":"cokeblog18","author_link":"https:\/\/legitgrams.com\/pl\/author\/"},"uagb_comment_info":0,"uagb_excerpt":"Purchase 5 mg pills of Mogadon Nitrazepam online. In addition to treating sleeplessness, mogadon, a benzodiazepine drug, is occasionally used to treat severe anxiety. Because its calming and relaxing effects can be abused, it is a sedative that should only be used temporarily. LegitGrams Obtain tablets of Mogadon Nitrazepam (5 mg). Online purchase of 5&hellip;","_links":{"self":[{"href":"https:\/\/legitgrams.com\/pl\/wp-json\/wp\/v2\/product\/3839","targetHints":{"allow":["GET"]}}],"collection":[{"href":"https:\/\/legitgrams.com\/pl\/wp-json\/wp\/v2\/product"}],"about":[{"href":"https:\/\/legitgrams.com\/pl\/wp-json\/wp\/v2\/types\/product"}],"replies":[{"embeddable":true,"href":"https:\/\/legitgrams.com\/pl\/wp-json\/wp\/v2\/comments?post=3839"}],"wp:featuredmedia":[{"embeddable":true,"href":"https:\/\/legitgrams.com\/pl\/wp-json\/wp\/v2\/media\/5236"}],"wp:attachment":[{"href":"https:\/\/legitgrams.com\/pl\/wp-json\/wp\/v2\/media?parent=3839"}],"wp:term":[{"taxonomy":"product_brand","embeddable":true,"href":"https:\/\/legitgrams.com\/pl\/wp-json\/wp\/v2\/product_brand?post=3839"},{"taxonomy":"product_cat","embeddable":true,"href":"https:\/\/legitgrams.com\/pl\/wp-json\/wp\/v2\/product_cat?post=3839"},{"taxonomy":"product_tag","embeddable":true,"href":"https:\/\/legitgrams.com\/pl\/wp-json\/wp\/v2\/product_tag?post=3839"}],"curies":[{"name":"wp","href":"https:\/\/api.w.org\/{rel}","templated":true}]}}