{"id":3841,"date":"2024-09-20T06:49:33","date_gmt":"2024-09-20T06:49:33","guid":{"rendered":"https:\/\/legitgrams.com\/?post_type=product&#038;p=3841"},"modified":"2025-01-14T10:15:15","modified_gmt":"2025-01-14T10:15:15","slug":"naze-2mg-tabletki-klonazepamu","status":"publish","type":"product","link":"https:\/\/legitgrams.com\/pl\/produkt\/naze-2mg-tabletki-klonazepamu\/","title":{"rendered":"Tabletki Naze 2mg Clonazepam"},"content":{"rendered":"<h2>Kup online tabletki Naze 2mg Clonazepam.<\/h2>\n<p><a href=\"https:\/\/legitgrams.com\/pl\/produkt\/naze-2mg-tabletki-klonazepamu\/\">Naze tabletka 2 mg<\/a> jest lekiem wydawanym na recept\u0119, stosowanym w leczeniu padaczki (drgawek) i zaburze\u0144 l\u0119kowych. Pomaga uspokoi\u0107 m\u00f3zg i zmniejszy\u0107 nadmiern\u0105 i nieprawid\u0142ow\u0105 aktywno\u015b\u0107 kom\u00f3rek nerwowych.<\/p>\n<p>Dwie tabletki naze o masie cz\u0105steczkowej miligrama mo\u017cna przyjmowa\u0107 z jedzeniem lub bez. Lek nale\u017cy przyjmowa\u0107 o tej samej porze ka\u017cdego dnia, aby utrzyma\u0107 sta\u0142y poziom leku w organizmie. Lek nale\u017cy przyjmowa\u0107 dok\u0142adnie wed\u0142ug wskaza\u0144 lekarza, w tym dawki i czasu trwania, poniewa\u017c ma on du\u017cy potencja\u0142 wywo\u0142ywania nawyk\u00f3w. Je\u015bli zapomnisz przyj\u0105\u0107 dawk\u0119, przyjmij j\u0105 tak szybko, jak sobie o niej przypomnisz, i przesta\u0144 przyjmowa\u0107 lek przez ca\u0142y okres, nawet je\u015bli poczujesz si\u0119 lepiej. Nie jest dobrym pomys\u0142em nag\u0142e przerwanie przyjmowania leku bez wcze\u015bniejszej konsultacji z lekarzem, poniewa\u017c mo\u017ce on powodowa\u0107 objawy grypopodobne, b\u00f3le mi\u0119\u015bni, nudno\u015bci, niepok\u00f3j i zwi\u0119kszon\u0105 cz\u0119sto\u015b\u0107 wyst\u0119powania drgawek. <a href=\"https:\/\/legitgrams.com\/pl\/\">LegitGrams<\/a><\/p>\n<p>Kup Naze 2 mg online: kup <a href=\"https:\/\/en.wikipedia.org\/wiki\/Nitrazepam\">Naze<\/a> 2 mg, kup tabletki Clonazepam, kup tabletki Clonazepam online, Gdzie mog\u0119 kupi\u0107 tabletki 2 mg klonazepamu online? Gdzie mog\u0119 kupi\u0107 tabletki 2 mg klonazepamu online? Gdzie mog\u0119 kupi\u0107 tabletki 2 mg klonazepamu online? Gdzie mog\u0119 kupi\u0107 tabletki 2 mg klonazepamu online? Gdzie mog\u0119 kupi\u0107 tabletki 2 mg klonazepamu online? USA, Kanada, Wielka Brytania, zakupy online, sprzedawcy, bezpieczna wysy\u0142ka, Nadal dost\u0119pne s\u0105 tabletki Naze 2 mg Clonazepam. Ponadto mo\u017cesz ustali\u0107, czy tabletki Naze 2 mg Clonazepam s\u0105 legalne, je\u015bli tabletki Naze 2 mg Clonazepam s\u0105 dozwolone w Kanadzie i jak je zdoby\u0107 w USA.<\/p>\n<h2><\/h2>\n<p>&nbsp;<\/p>","protected":false},"excerpt":{"rendered":"<p>Purchase online Naze 2mg Clonazepam tablets. Naze tablet 2 mg is a prescription medication used to treat epilepsy (seizures) and anxiety disorders. helps to calm the brain and lessen excessive and abnormal nerve cell activity. Two milligram naze tablets can be taken with or without food. Take the medication at the same time each day &hellip;<\/p>\n<p class=\"read-more\"> <a class=\"\" href=\"https:\/\/legitgrams.com\/pl\/produkt\/naze-2mg-tabletki-klonazepamu\/\"> <span class=\"screen-reader-text\">Tabletki Naze 2mg Clonazepam<\/span> Czytaj wi\u0119cej \"<\/a><\/p>","protected":false},"featured_media":5216,"comment_status":"open","ping_status":"closed","template":"","meta":{"_uag_custom_page_level_css":"","site-sidebar-layout":"default","site-content-layout":"default","ast-global-header-display":"","ast-main-header-display":"","ast-hfb-above-header-display":"","ast-hfb-below-header-display":"","ast-hfb-mobile-header-display":"","site-post-title":"","ast-breadcrumbs-content":"","ast-featured-img":"","footer-sml-layout":"","theme-transparent-header-meta":"default","adv-header-id-meta":"","stick-header-meta":"default","header-above-stick-meta":"","header-main-stick-meta":"","header-below-stick-meta":"","_joinchat":[]},"product_brand":[],"product_cat":[608,597,609,610],"product_tag":[4786,4776,617,4768,4783,4780,4775,4767,4770,4778,4771,4769,4779,4781,4788,4789,4787,4784,4773,4785,4782,625,4774,4777,4772],"class_list":{"0":"post-3841","1":"product","2":"type-product","3":"status-publish","4":"has-post-thumbnail","6":"product_cat-pain-pills","7":"product_cat-pain-sleeping-sex-pills","8":"product_cat-sex-pills","9":"product_cat-sleeping-pills","10":"product_tag-best-cheap-price-naze-2mg-clonazepam-pills","11":"product_tag-best-place-to-buy-naze-2mg-clonazepam-pills","12":"product_tag-bulk-online","13":"product_tag-buy-naze-2mg-clonazepam-pills","14":"product_tag-cheap-naze-2mg-clonazepam-pills","15":"product_tag-high-quality-naze-2mg-clonazepam-pills","16":"product_tag-how-to-buy-naze-2mg-clonazepam-pills","17":"product_tag-naze-2mg-clonazepam-pills","18":"product_tag-naze-2mg-clonazepam-pills-for-sale","19":"product_tag-naze-2mg-clonazepam-pills-legally","20":"product_tag-naze-2mg-clonazepam-pills-naze-2mg-clonazepam-pills-supplier","21":"product_tag-naze-2mg-clonazepam-pills-online","22":"product_tag-naze-2mg-clonazepam-pills-price","23":"product_tag-naze-2mg-clonazepam-pills-store","24":"product_tag-naze-2mg-clonazepam-pills-use","25":"product_tag-naze-2mg-clonazepam-pills-wiki","26":"product_tag-naze-2mg-clonazepam-pills-worldwide","27":"product_tag-naze-2mg-clonazepam-pillss","28":"product_tag-order-naze-2mg-clonazepam-pills","29":"product_tag-purcharse-naze-2mg-clonazepam-pills","30":"product_tag-shop-naze-2mg-clonazepam-pills","31":"product_tag-top-quality","32":"product_tag-where-to-buy-naze-2mg-clonazepam-pills","33":"product_tag-where-to-order-naze-2mg-clonazepam-pills","34":"product_tag-wholesale-naze-2mg-clonazepam-pills","35":"desktop-align-left","36":"tablet-align-left","37":"mobile-align-left","38":"ast-product-gallery-layout-horizontal","39":"ast-product-gallery-with-no-image","40":"ast-product-single-variable","41":"ast-product-tabs-layout-horizontal","42":"ast-qv-on-image","44":"first","45":"instock","46":"shipping-taxable","47":"purchasable","48":"product-type-variable"},"yoast_head":"<!-- This site is optimized with the Yoast SEO plugin v25.9 - https:\/\/yoast.com\/wordpress\/plugins\/seo\/ -->\n<title>Naze 2mg Clonazepam Pills for Sale @ Best Price | LegitGrams<\/title>\n<meta name=\"description\" content=\"Find premium Naze 2mg Clonazepam pills for sale at our online store, providing a secure platform to buy Naze 2mg Clonazepam pills online with ease, catering to your research needs.\" \/>\n<meta name=\"robots\" content=\"index, follow, max-snippet:-1, max-image-preview:large, max-video-preview:-1\" \/>\n<link rel=\"canonical\" href=\"https:\/\/legitgrams.com\/pl\/produkt\/naze-2mg-tabletki-klonazepamu\/\" \/>\n<meta property=\"og:locale\" content=\"pl_PL\" \/>\n<meta property=\"og:type\" content=\"article\" \/>\n<meta property=\"og:title\" content=\"Naze 2mg Clonazepam Pills for Sale @ Best Price | LegitGrams\" \/>\n<meta property=\"og:description\" content=\"Find premium Naze 2mg Clonazepam pills for sale at our online store, providing a secure platform to buy Naze 2mg Clonazepam pills online with ease, catering to your research needs.\" \/>\n<meta property=\"og:url\" content=\"https:\/\/legitgrams.com\/pl\/produkt\/naze-2mg-tabletki-klonazepamu\/\" \/>\n<meta property=\"og:site_name\" content=\"Legit Grams\" \/>\n<meta property=\"article:modified_time\" content=\"2025-01-14T10:15:15+00:00\" \/>\n<meta property=\"og:image\" content=\"https:\/\/legitgrams.com\/wp-content\/uploads\/2024\/09\/buy-naze-2mg-clonazepam-pills-online.jpg\" \/>\n\t<meta property=\"og:image:width\" content=\"600\" \/>\n\t<meta property=\"og:image:height\" content=\"600\" \/>\n\t<meta property=\"og:image:type\" content=\"image\/jpeg\" \/>\n<meta name=\"twitter:card\" content=\"summary_large_image\" \/>\n<meta name=\"twitter:label1\" content=\"Szacowany czas czytania\" \/>\n\t<meta name=\"twitter:data1\" content=\"3 minuty\" \/>\n<script type=\"application\/ld+json\" class=\"yoast-schema-graph\">{\"@context\":\"https:\/\/schema.org\",\"@graph\":[{\"@type\":\"WebPage\",\"@id\":\"https:\/\/legitgrams.com\/product\/naze-2mg-clonazepam-pills\/\",\"url\":\"https:\/\/legitgrams.com\/product\/naze-2mg-clonazepam-pills\/\",\"name\":\"Naze 2mg Clonazepam Pills for Sale @ Best Price | LegitGrams\",\"isPartOf\":{\"@id\":\"https:\/\/legitgrams.com\/#website\"},\"primaryImageOfPage\":{\"@id\":\"https:\/\/legitgrams.com\/product\/naze-2mg-clonazepam-pills\/#primaryimage\"},\"image\":{\"@id\":\"https:\/\/legitgrams.com\/product\/naze-2mg-clonazepam-pills\/#primaryimage\"},\"thumbnailUrl\":\"https:\/\/legitgrams.com\/wp-content\/uploads\/2024\/09\/buy-naze-2mg-clonazepam-pills-online.jpg\",\"datePublished\":\"2024-09-20T06:49:33+00:00\",\"dateModified\":\"2025-01-14T10:15:15+00:00\",\"description\":\"Find premium Naze 2mg Clonazepam pills for sale at our online store, providing a secure platform to buy Naze 2mg Clonazepam pills online with ease, catering to your research needs.\",\"breadcrumb\":{\"@id\":\"https:\/\/legitgrams.com\/product\/naze-2mg-clonazepam-pills\/#breadcrumb\"},\"inLanguage\":\"pl-PL\",\"potentialAction\":[{\"@type\":\"ReadAction\",\"target\":[\"https:\/\/legitgrams.com\/product\/naze-2mg-clonazepam-pills\/\"]}]},{\"@type\":\"ImageObject\",\"inLanguage\":\"pl-PL\",\"@id\":\"https:\/\/legitgrams.com\/product\/naze-2mg-clonazepam-pills\/#primaryimage\",\"url\":\"https:\/\/legitgrams.com\/wp-content\/uploads\/2024\/09\/buy-naze-2mg-clonazepam-pills-online.jpg\",\"contentUrl\":\"https:\/\/legitgrams.com\/wp-content\/uploads\/2024\/09\/buy-naze-2mg-clonazepam-pills-online.jpg\",\"width\":600,\"height\":600,\"caption\":\"Naze 2mg Clonazepam Pills for Sale\"},{\"@type\":\"BreadcrumbList\",\"@id\":\"https:\/\/legitgrams.com\/product\/naze-2mg-clonazepam-pills\/#breadcrumb\",\"itemListElement\":[{\"@type\":\"ListItem\",\"position\":1,\"name\":\"Home\",\"item\":\"https:\/\/legitgrams.com\/\"},{\"@type\":\"ListItem\",\"position\":2,\"name\":\"Shop\",\"item\":\"https:\/\/legitgrams.com\/shop\/\"},{\"@type\":\"ListItem\",\"position\":3,\"name\":\"Naze 2mg Clonazepam pills\"}]},{\"@type\":\"WebSite\",\"@id\":\"https:\/\/legitgrams.com\/#website\",\"url\":\"https:\/\/legitgrams.com\/\",\"name\":\"Legit Grams\",\"description\":\"My WordPress Blog\",\"publisher\":{\"@id\":\"https:\/\/legitgrams.com\/#organization\"},\"potentialAction\":[{\"@type\":\"SearchAction\",\"target\":{\"@type\":\"EntryPoint\",\"urlTemplate\":\"https:\/\/legitgrams.com\/?s={search_term_string}\"},\"query-input\":{\"@type\":\"PropertyValueSpecification\",\"valueRequired\":true,\"valueName\":\"search_term_string\"}}],\"inLanguage\":\"pl-PL\"},{\"@type\":\"Organization\",\"@id\":\"https:\/\/legitgrams.com\/#organization\",\"name\":\"Legit Grams\",\"url\":\"https:\/\/legitgrams.com\/\",\"logo\":{\"@type\":\"ImageObject\",\"inLanguage\":\"pl-PL\",\"@id\":\"https:\/\/legitgrams.com\/#\/schema\/logo\/image\/\",\"url\":\"https:\/\/legitgrams.com\/wp-content\/uploads\/2024\/09\/main-logo.png\",\"contentUrl\":\"https:\/\/legitgrams.com\/wp-content\/uploads\/2024\/09\/main-logo.png\",\"width\":270,\"height\":75,\"caption\":\"Legit Grams\"},\"image\":{\"@id\":\"https:\/\/legitgrams.com\/#\/schema\/logo\/image\/\"}}]}<\/script>\n<!-- \/ Yoast SEO plugin. -->","yoast_head_json":{"title":"Naze 2mg Clonazepam Tabletki na sprzeda\u017c w najlepszej cenie | LegitGrams","description":"Znajd\u017a wysokiej jako\u015bci tabletki Naze 2mg Clonazepam na sprzeda\u017c w naszym sklepie internetowym, zapewniaj\u0105c bezpieczn\u0105 platform\u0119 do \u0142atwego kupowania tabletek Naze 2mg Clonazepam online, spe\u0142niaj\u0105c Twoje potrzeby badawcze.","robots":{"index":"index","follow":"follow","max-snippet":"max-snippet:-1","max-image-preview":"max-image-preview:large","max-video-preview":"max-video-preview:-1"},"canonical":"https:\/\/legitgrams.com\/pl\/produkt\/naze-2mg-tabletki-klonazepamu\/","og_locale":"pl_PL","og_type":"article","og_title":"Naze 2mg Clonazepam Pills for Sale @ Best Price | LegitGrams","og_description":"Find premium Naze 2mg Clonazepam pills for sale at our online store, providing a secure platform to buy Naze 2mg Clonazepam pills online with ease, catering to your research needs.","og_url":"https:\/\/legitgrams.com\/pl\/produkt\/naze-2mg-tabletki-klonazepamu\/","og_site_name":"Legit Grams","article_modified_time":"2025-01-14T10:15:15+00:00","og_image":[{"width":600,"height":600,"url":"https:\/\/legitgrams.com\/wp-content\/uploads\/2024\/09\/buy-naze-2mg-clonazepam-pills-online.jpg","type":"image\/jpeg"}],"twitter_card":"summary_large_image","twitter_misc":{"Szacowany czas czytania":"3 minuty"},"schema":{"@context":"https:\/\/schema.org","@graph":[{"@type":"WebPage","@id":"https:\/\/legitgrams.com\/product\/naze-2mg-clonazepam-pills\/","url":"https:\/\/legitgrams.com\/product\/naze-2mg-clonazepam-pills\/","name":"Naze 2mg Clonazepam Tabletki na sprzeda\u017c w najlepszej cenie | LegitGrams","isPartOf":{"@id":"https:\/\/legitgrams.com\/#website"},"primaryImageOfPage":{"@id":"https:\/\/legitgrams.com\/product\/naze-2mg-clonazepam-pills\/#primaryimage"},"image":{"@id":"https:\/\/legitgrams.com\/product\/naze-2mg-clonazepam-pills\/#primaryimage"},"thumbnailUrl":"https:\/\/legitgrams.com\/wp-content\/uploads\/2024\/09\/buy-naze-2mg-clonazepam-pills-online.jpg","datePublished":"2024-09-20T06:49:33+00:00","dateModified":"2025-01-14T10:15:15+00:00","description":"Znajd\u017a wysokiej jako\u015bci tabletki Naze 2mg Clonazepam na sprzeda\u017c w naszym sklepie internetowym, zapewniaj\u0105c bezpieczn\u0105 platform\u0119 do \u0142atwego kupowania tabletek Naze 2mg Clonazepam online, spe\u0142niaj\u0105c Twoje potrzeby badawcze.","breadcrumb":{"@id":"https:\/\/legitgrams.com\/product\/naze-2mg-clonazepam-pills\/#breadcrumb"},"inLanguage":"pl-PL","potentialAction":[{"@type":"ReadAction","target":["https:\/\/legitgrams.com\/product\/naze-2mg-clonazepam-pills\/"]}]},{"@type":"ImageObject","inLanguage":"pl-PL","@id":"https:\/\/legitgrams.com\/product\/naze-2mg-clonazepam-pills\/#primaryimage","url":"https:\/\/legitgrams.com\/wp-content\/uploads\/2024\/09\/buy-naze-2mg-clonazepam-pills-online.jpg","contentUrl":"https:\/\/legitgrams.com\/wp-content\/uploads\/2024\/09\/buy-naze-2mg-clonazepam-pills-online.jpg","width":600,"height":600,"caption":"Naze 2mg Clonazepam Pills for Sale"},{"@type":"BreadcrumbList","@id":"https:\/\/legitgrams.com\/product\/naze-2mg-clonazepam-pills\/#breadcrumb","itemListElement":[{"@type":"ListItem","position":1,"name":"Home","item":"https:\/\/legitgrams.com\/"},{"@type":"ListItem","position":2,"name":"Shop","item":"https:\/\/legitgrams.com\/shop\/"},{"@type":"ListItem","position":3,"name":"Naze 2mg Clonazepam pills"}]},{"@type":"WebSite","@id":"https:\/\/legitgrams.com\/#website","url":"https:\/\/legitgrams.com\/","name":"Legit Grams","description":"M\u00f3j blog WordPress","publisher":{"@id":"https:\/\/legitgrams.com\/#organization"},"potentialAction":[{"@type":"SearchAction","target":{"@type":"EntryPoint","urlTemplate":"https:\/\/legitgrams.com\/?s={search_term_string}"},"query-input":{"@type":"PropertyValueSpecification","valueRequired":true,"valueName":"search_term_string"}}],"inLanguage":"pl-PL"},{"@type":"Organization","@id":"https:\/\/legitgrams.com\/#organization","name":"Legit Grams","url":"https:\/\/legitgrams.com\/","logo":{"@type":"ImageObject","inLanguage":"pl-PL","@id":"https:\/\/legitgrams.com\/#\/schema\/logo\/image\/","url":"https:\/\/legitgrams.com\/wp-content\/uploads\/2024\/09\/main-logo.png","contentUrl":"https:\/\/legitgrams.com\/wp-content\/uploads\/2024\/09\/main-logo.png","width":270,"height":75,"caption":"Legit Grams"},"image":{"@id":"https:\/\/legitgrams.com\/#\/schema\/logo\/image\/"}}]}},"uagb_featured_image_src":{"full":["https:\/\/legitgrams.com\/wp-content\/uploads\/2024\/09\/buy-naze-2mg-clonazepam-pills-online.jpg",600,600,false],"thumbnail":["https:\/\/legitgrams.com\/wp-content\/uploads\/2024\/09\/buy-naze-2mg-clonazepam-pills-online-150x150.jpg",150,150,true],"medium":["https:\/\/legitgrams.com\/wp-content\/uploads\/2024\/09\/buy-naze-2mg-clonazepam-pills-online-300x300.jpg",300,300,true],"medium_large":["https:\/\/legitgrams.com\/wp-content\/uploads\/2024\/09\/buy-naze-2mg-clonazepam-pills-online.jpg",600,600,false],"large":["https:\/\/legitgrams.com\/wp-content\/uploads\/2024\/09\/buy-naze-2mg-clonazepam-pills-online.jpg",600,600,false],"1536x1536":["https:\/\/legitgrams.com\/wp-content\/uploads\/2024\/09\/buy-naze-2mg-clonazepam-pills-online.jpg",600,600,false],"2048x2048":["https:\/\/legitgrams.com\/wp-content\/uploads\/2024\/09\/buy-naze-2mg-clonazepam-pills-online.jpg",600,600,false],"trp-custom-language-flag":["https:\/\/legitgrams.com\/wp-content\/uploads\/2024\/09\/buy-naze-2mg-clonazepam-pills-online-12x12.jpg",12,12,true],"woocommerce_thumbnail":["https:\/\/legitgrams.com\/wp-content\/uploads\/2024\/09\/buy-naze-2mg-clonazepam-pills-online-300x300.jpg",300,300,true],"woocommerce_single":["https:\/\/legitgrams.com\/wp-content\/uploads\/2024\/09\/buy-naze-2mg-clonazepam-pills-online.jpg",600,600,false],"woocommerce_gallery_thumbnail":["https:\/\/legitgrams.com\/wp-content\/uploads\/2024\/09\/buy-naze-2mg-clonazepam-pills-online-100x100.jpg",100,100,true]},"uagb_author_info":{"display_name":"cokeblog18","author_link":"https:\/\/legitgrams.com\/pl\/author\/"},"uagb_comment_info":0,"uagb_excerpt":"Purchase online Naze 2mg Clonazepam tablets. Naze tablet 2 mg is a prescription medication used to treat epilepsy (seizures) and anxiety disorders. helps to calm the brain and lessen excessive and abnormal nerve cell activity. Two milligram naze tablets can be taken with or without food. Take the medication at the same time each day&hellip;","_links":{"self":[{"href":"https:\/\/legitgrams.com\/pl\/wp-json\/wp\/v2\/product\/3841","targetHints":{"allow":["GET"]}}],"collection":[{"href":"https:\/\/legitgrams.com\/pl\/wp-json\/wp\/v2\/product"}],"about":[{"href":"https:\/\/legitgrams.com\/pl\/wp-json\/wp\/v2\/types\/product"}],"replies":[{"embeddable":true,"href":"https:\/\/legitgrams.com\/pl\/wp-json\/wp\/v2\/comments?post=3841"}],"wp:featuredmedia":[{"embeddable":true,"href":"https:\/\/legitgrams.com\/pl\/wp-json\/wp\/v2\/media\/5216"}],"wp:attachment":[{"href":"https:\/\/legitgrams.com\/pl\/wp-json\/wp\/v2\/media?parent=3841"}],"wp:term":[{"taxonomy":"product_brand","embeddable":true,"href":"https:\/\/legitgrams.com\/pl\/wp-json\/wp\/v2\/product_brand?post=3841"},{"taxonomy":"product_cat","embeddable":true,"href":"https:\/\/legitgrams.com\/pl\/wp-json\/wp\/v2\/product_cat?post=3841"},{"taxonomy":"product_tag","embeddable":true,"href":"https:\/\/legitgrams.com\/pl\/wp-json\/wp\/v2\/product_tag?post=3841"}],"curies":[{"name":"wp","href":"https:\/\/api.w.org\/{rel}","templated":true}]}}