{"id":3843,"date":"2024-09-20T06:55:22","date_gmt":"2024-09-20T06:55:22","guid":{"rendered":"https:\/\/legitgrams.com\/?post_type=product&#038;p=3843"},"modified":"2025-01-14T10:31:05","modified_gmt":"2025-01-14T10:31:05","slug":"oksykodon-40mg-tabletki","status":"publish","type":"product","link":"https:\/\/legitgrams.com\/pl\/produkt\/oksykodon-40mg-tabletki\/","title":{"rendered":"Tabletki OxyCodone 40 mg"},"content":{"rendered":"<h2>Kup tabletki OxyCodone 40 mg online<\/h2>\n<p>Zam\u00f3w tabletki 40 mg <a href=\"https:\/\/legitgrams.com\/pl\/produkt\/oksykodon-40mg-tabletki\/\">OxyCodone online<\/a>. Sprzedajemy r\u00f3wnie\u017c kodein\u0119. Leki, w tym \u015brodki przeciwb\u00f3lowe, s\u0105 stosowane na ca\u0142ym \u015bwiecie.<\/p>\n<p>Oksykodon jest zalecany w leczeniu b\u00f3lu o nasileniu od umiarkowanego do silnego. W przypadku umiarkowanego lub silnego b\u00f3lu przewlek\u0142ego, kt\u00f3ry wymaga d\u0142ugo dzia\u0142aj\u0105cych opioidowych lek\u00f3w przeciwb\u00f3lowych, dost\u0119pne s\u0105 r\u00f3wnie\u017c preparaty o przed\u0142u\u017conym uwalnianiu. <a href=\"https:\/\/legitgrams.com\/pl\/\">LegitGrams<\/a><\/p>\n<p>Zakup OxyCodone 40 mg tabletki online - zakup OxyCodone, zakup OxyCodone 40 mg tabletki, zakup OxyCodone tabletki online, Gdzie kupi\u0107 OxyCodone 40mg tabletki: USA, Kanada, Wielka Brytania, zakup, online, dostawcy, bezpieczna dostawa, OxyCodone 40mg tabletki, OxyCodone na sprzeda\u017c, kupi\u0107 <a href=\"https:\/\/en.wikipedia.org\/wiki\/Oxycodone\">OxyCodone<\/a> 40mg online, gdzie kupi\u0107 tabletki OxyCodone 40mg online Tabletki OxyCodone 40mg s\u0105 nadal dost\u0119pne. Mo\u017cesz dowiedzie\u0107 si\u0119, czy tabletki OxyCodone 40mg s\u0105 legalne w Stanach Zjednoczonych, jak naby\u0107 tabletki OxyCodone 40mg i czy s\u0105 one legalne w Kanadzie.<\/p>","protected":false},"excerpt":{"rendered":"<p>Purchase OxyCodone 40mg pills online Order 40 mg tablets of OxyCodone online. We are also selling codeine. Medications, including painkillers, are used globally. Treatment for moderate to severe pain is recommended by oxycodone. Labeling For moderate to severe chronic pain that calls for long-acting opioid analgesics, there are also sustained-release formulations available. LegitGrams Purchase 40 &hellip;<\/p>\n<p class=\"read-more\"> <a class=\"\" href=\"https:\/\/legitgrams.com\/pl\/produkt\/oksykodon-40mg-tabletki\/\"> <span class=\"screen-reader-text\">Tabletki OxyCodone 40 mg<\/span> Czytaj wi\u0119cej \"<\/a><\/p>","protected":false},"featured_media":5218,"comment_status":"open","ping_status":"closed","template":"","meta":{"_uag_custom_page_level_css":"","site-sidebar-layout":"default","site-content-layout":"default","ast-global-header-display":"","ast-main-header-display":"","ast-hfb-above-header-display":"","ast-hfb-below-header-display":"","ast-hfb-mobile-header-display":"","site-post-title":"","ast-breadcrumbs-content":"","ast-featured-img":"","footer-sml-layout":"","theme-transparent-header-meta":"default","adv-header-id-meta":"","stick-header-meta":"default","header-above-stick-meta":"","header-main-stick-meta":"","header-below-stick-meta":"","_joinchat":[]},"product_brand":[],"product_cat":[608,597],"product_tag":[4740,4730,617,4722,4737,4734,4729,4727,4721,4724,4732,4723,4725,4733,4735,4742,4743,4741,4738,4739,4736,625,4728,4731,4726],"class_list":{"0":"post-3843","1":"product","2":"type-product","3":"status-publish","4":"has-post-thumbnail","6":"product_cat-pain-pills","7":"product_cat-pain-sleeping-sex-pills","8":"product_tag-best-cheap-price-oxycodone-40mg-pills","9":"product_tag-best-place-to-buy-oxycodone-40mg-pills","10":"product_tag-bulk-online","11":"product_tag-buy-oxycodone-40mg-pills","12":"product_tag-cheap-oxycodone-40mg-pills","13":"product_tag-high-quality-oxycodone-40mg-pills","14":"product_tag-how-to-buy-oxycodone-40mg-pills","15":"product_tag-order-oxycodone-40mg-pills","16":"product_tag-oxycodone-40mg-pills","17":"product_tag-oxycodone-40mg-pills-for-sale","18":"product_tag-oxycodone-40mg-pills-legally","19":"product_tag-oxycodone-40mg-pills-online","20":"product_tag-oxycodone-40mg-pills-oxycodone-40mg-pills-supplier","21":"product_tag-oxycodone-40mg-pills-price","22":"product_tag-oxycodone-40mg-pills-store","23":"product_tag-oxycodone-40mg-pills-use","24":"product_tag-oxycodone-40mg-pills-wiki","25":"product_tag-oxycodone-40mg-pills-worldwide","26":"product_tag-oxycodone-40mg-pillss","27":"product_tag-purcharse-oxycodone-40mg-pills","28":"product_tag-shop-oxycodone-40mg-pills","29":"product_tag-top-quality","30":"product_tag-where-to-buy-oxycodone-40mg-pills","31":"product_tag-where-to-order-oxycodone-40mg-pills","32":"product_tag-wholesale-oxycodone-40mg-pills","33":"desktop-align-left","34":"tablet-align-left","35":"mobile-align-left","36":"ast-product-gallery-layout-horizontal","37":"ast-product-gallery-with-no-image","38":"ast-product-single-variable","39":"ast-product-tabs-layout-horizontal","40":"ast-qv-on-image","42":"first","43":"instock","44":"shipping-taxable","45":"purchasable","46":"product-type-variable"},"yoast_head":"<!-- This site is optimized with the Yoast SEO plugin v25.9 - https:\/\/yoast.com\/wordpress\/plugins\/seo\/ -->\n<title>OxyCodone 40mg Pills for Sale - Buy OxyCodone Pills Online<\/title>\n<meta name=\"description\" content=\"Looking to Buy OxyCodone 40mg pills Online? Discover a seamless platform at our online store where you can buy LOxyCodone 40mg pills , ensuring top-grade quality for your research needs.\" \/>\n<meta name=\"robots\" content=\"index, follow, max-snippet:-1, max-image-preview:large, max-video-preview:-1\" \/>\n<link rel=\"canonical\" href=\"https:\/\/legitgrams.com\/pl\/produkt\/oksykodon-40mg-tabletki\/\" \/>\n<meta property=\"og:locale\" content=\"pl_PL\" \/>\n<meta property=\"og:type\" content=\"article\" \/>\n<meta property=\"og:title\" content=\"OxyCodone 40mg Pills for Sale - Buy OxyCodone Pills Online\" \/>\n<meta property=\"og:description\" content=\"Looking to Buy OxyCodone 40mg pills Online? Discover a seamless platform at our online store where you can buy LOxyCodone 40mg pills , ensuring top-grade quality for your research needs.\" \/>\n<meta property=\"og:url\" content=\"https:\/\/legitgrams.com\/pl\/produkt\/oksykodon-40mg-tabletki\/\" \/>\n<meta property=\"og:site_name\" content=\"Legit Grams\" \/>\n<meta property=\"article:modified_time\" content=\"2025-01-14T10:31:05+00:00\" \/>\n<meta property=\"og:image\" content=\"https:\/\/legitgrams.com\/wp-content\/uploads\/2024\/09\/buy-oxycodone-40mg-pills-online.jpg\" \/>\n\t<meta property=\"og:image:width\" content=\"600\" \/>\n\t<meta property=\"og:image:height\" content=\"600\" \/>\n\t<meta property=\"og:image:type\" content=\"image\/jpeg\" \/>\n<meta name=\"twitter:card\" content=\"summary_large_image\" \/>\n<meta name=\"twitter:label1\" content=\"Szacowany czas czytania\" \/>\n\t<meta name=\"twitter:data1\" content=\"1 minuta\" \/>\n<script type=\"application\/ld+json\" class=\"yoast-schema-graph\">{\"@context\":\"https:\/\/schema.org\",\"@graph\":[{\"@type\":\"WebPage\",\"@id\":\"https:\/\/legitgrams.com\/product\/oxycodone-40mg-pills\/\",\"url\":\"https:\/\/legitgrams.com\/product\/oxycodone-40mg-pills\/\",\"name\":\"OxyCodone 40mg Pills for Sale - Buy OxyCodone Pills Online\",\"isPartOf\":{\"@id\":\"https:\/\/legitgrams.com\/#website\"},\"primaryImageOfPage\":{\"@id\":\"https:\/\/legitgrams.com\/product\/oxycodone-40mg-pills\/#primaryimage\"},\"image\":{\"@id\":\"https:\/\/legitgrams.com\/product\/oxycodone-40mg-pills\/#primaryimage\"},\"thumbnailUrl\":\"https:\/\/legitgrams.com\/wp-content\/uploads\/2024\/09\/buy-oxycodone-40mg-pills-online.jpg\",\"datePublished\":\"2024-09-20T06:55:22+00:00\",\"dateModified\":\"2025-01-14T10:31:05+00:00\",\"description\":\"Looking to Buy OxyCodone 40mg pills Online? Discover a seamless platform at our online store where you can buy LOxyCodone 40mg pills , ensuring top-grade quality for your research needs.\",\"breadcrumb\":{\"@id\":\"https:\/\/legitgrams.com\/product\/oxycodone-40mg-pills\/#breadcrumb\"},\"inLanguage\":\"pl-PL\",\"potentialAction\":[{\"@type\":\"ReadAction\",\"target\":[\"https:\/\/legitgrams.com\/product\/oxycodone-40mg-pills\/\"]}]},{\"@type\":\"ImageObject\",\"inLanguage\":\"pl-PL\",\"@id\":\"https:\/\/legitgrams.com\/product\/oxycodone-40mg-pills\/#primaryimage\",\"url\":\"https:\/\/legitgrams.com\/wp-content\/uploads\/2024\/09\/buy-oxycodone-40mg-pills-online.jpg\",\"contentUrl\":\"https:\/\/legitgrams.com\/wp-content\/uploads\/2024\/09\/buy-oxycodone-40mg-pills-online.jpg\",\"width\":600,\"height\":600,\"caption\":\"OxyCodone 40mg Pills for Sale\"},{\"@type\":\"BreadcrumbList\",\"@id\":\"https:\/\/legitgrams.com\/product\/oxycodone-40mg-pills\/#breadcrumb\",\"itemListElement\":[{\"@type\":\"ListItem\",\"position\":1,\"name\":\"Home\",\"item\":\"https:\/\/legitgrams.com\/\"},{\"@type\":\"ListItem\",\"position\":2,\"name\":\"Shop\",\"item\":\"https:\/\/legitgrams.com\/shop\/\"},{\"@type\":\"ListItem\",\"position\":3,\"name\":\"OxyCodone 40mg pills\"}]},{\"@type\":\"WebSite\",\"@id\":\"https:\/\/legitgrams.com\/#website\",\"url\":\"https:\/\/legitgrams.com\/\",\"name\":\"Legit Grams\",\"description\":\"My WordPress Blog\",\"publisher\":{\"@id\":\"https:\/\/legitgrams.com\/#organization\"},\"potentialAction\":[{\"@type\":\"SearchAction\",\"target\":{\"@type\":\"EntryPoint\",\"urlTemplate\":\"https:\/\/legitgrams.com\/?s={search_term_string}\"},\"query-input\":{\"@type\":\"PropertyValueSpecification\",\"valueRequired\":true,\"valueName\":\"search_term_string\"}}],\"inLanguage\":\"pl-PL\"},{\"@type\":\"Organization\",\"@id\":\"https:\/\/legitgrams.com\/#organization\",\"name\":\"Legit Grams\",\"url\":\"https:\/\/legitgrams.com\/\",\"logo\":{\"@type\":\"ImageObject\",\"inLanguage\":\"pl-PL\",\"@id\":\"https:\/\/legitgrams.com\/#\/schema\/logo\/image\/\",\"url\":\"https:\/\/legitgrams.com\/wp-content\/uploads\/2024\/09\/main-logo.png\",\"contentUrl\":\"https:\/\/legitgrams.com\/wp-content\/uploads\/2024\/09\/main-logo.png\",\"width\":270,\"height\":75,\"caption\":\"Legit Grams\"},\"image\":{\"@id\":\"https:\/\/legitgrams.com\/#\/schema\/logo\/image\/\"}}]}<\/script>\n<!-- \/ Yoast SEO plugin. -->","yoast_head_json":{"title":"Tabletki OxyCodone 40 mg na sprzeda\u017c - Kup tabletki OxyCodone online","description":"Chcesz kupi\u0107 tabletki OxyCodone 40mg online? Odkryj p\u0142ynn\u0105 platform\u0119 w naszym sklepie internetowym, w kt\u00f3rym mo\u017cesz kupi\u0107 tabletki LOxyCodone 40 mg, zapewniaj\u0105c najwy\u017csz\u0105 jako\u015b\u0107 dla swoich potrzeb badawczych.","robots":{"index":"index","follow":"follow","max-snippet":"max-snippet:-1","max-image-preview":"max-image-preview:large","max-video-preview":"max-video-preview:-1"},"canonical":"https:\/\/legitgrams.com\/pl\/produkt\/oksykodon-40mg-tabletki\/","og_locale":"pl_PL","og_type":"article","og_title":"OxyCodone 40mg Pills for Sale - Buy OxyCodone Pills Online","og_description":"Looking to Buy OxyCodone 40mg pills Online? Discover a seamless platform at our online store where you can buy LOxyCodone 40mg pills , ensuring top-grade quality for your research needs.","og_url":"https:\/\/legitgrams.com\/pl\/produkt\/oksykodon-40mg-tabletki\/","og_site_name":"Legit Grams","article_modified_time":"2025-01-14T10:31:05+00:00","og_image":[{"width":600,"height":600,"url":"https:\/\/legitgrams.com\/wp-content\/uploads\/2024\/09\/buy-oxycodone-40mg-pills-online.jpg","type":"image\/jpeg"}],"twitter_card":"summary_large_image","twitter_misc":{"Szacowany czas czytania":"1 minuta"},"schema":{"@context":"https:\/\/schema.org","@graph":[{"@type":"WebPage","@id":"https:\/\/legitgrams.com\/product\/oxycodone-40mg-pills\/","url":"https:\/\/legitgrams.com\/product\/oxycodone-40mg-pills\/","name":"Tabletki OxyCodone 40 mg na sprzeda\u017c - Kup tabletki OxyCodone online","isPartOf":{"@id":"https:\/\/legitgrams.com\/#website"},"primaryImageOfPage":{"@id":"https:\/\/legitgrams.com\/product\/oxycodone-40mg-pills\/#primaryimage"},"image":{"@id":"https:\/\/legitgrams.com\/product\/oxycodone-40mg-pills\/#primaryimage"},"thumbnailUrl":"https:\/\/legitgrams.com\/wp-content\/uploads\/2024\/09\/buy-oxycodone-40mg-pills-online.jpg","datePublished":"2024-09-20T06:55:22+00:00","dateModified":"2025-01-14T10:31:05+00:00","description":"Chcesz kupi\u0107 tabletki OxyCodone 40mg online? Odkryj p\u0142ynn\u0105 platform\u0119 w naszym sklepie internetowym, w kt\u00f3rym mo\u017cesz kupi\u0107 tabletki LOxyCodone 40 mg, zapewniaj\u0105c najwy\u017csz\u0105 jako\u015b\u0107 dla swoich potrzeb badawczych.","breadcrumb":{"@id":"https:\/\/legitgrams.com\/product\/oxycodone-40mg-pills\/#breadcrumb"},"inLanguage":"pl-PL","potentialAction":[{"@type":"ReadAction","target":["https:\/\/legitgrams.com\/product\/oxycodone-40mg-pills\/"]}]},{"@type":"ImageObject","inLanguage":"pl-PL","@id":"https:\/\/legitgrams.com\/product\/oxycodone-40mg-pills\/#primaryimage","url":"https:\/\/legitgrams.com\/wp-content\/uploads\/2024\/09\/buy-oxycodone-40mg-pills-online.jpg","contentUrl":"https:\/\/legitgrams.com\/wp-content\/uploads\/2024\/09\/buy-oxycodone-40mg-pills-online.jpg","width":600,"height":600,"caption":"OxyCodone 40mg Pills for Sale"},{"@type":"BreadcrumbList","@id":"https:\/\/legitgrams.com\/product\/oxycodone-40mg-pills\/#breadcrumb","itemListElement":[{"@type":"ListItem","position":1,"name":"Home","item":"https:\/\/legitgrams.com\/"},{"@type":"ListItem","position":2,"name":"Shop","item":"https:\/\/legitgrams.com\/shop\/"},{"@type":"ListItem","position":3,"name":"OxyCodone 40mg pills"}]},{"@type":"WebSite","@id":"https:\/\/legitgrams.com\/#website","url":"https:\/\/legitgrams.com\/","name":"Legit Grams","description":"M\u00f3j blog WordPress","publisher":{"@id":"https:\/\/legitgrams.com\/#organization"},"potentialAction":[{"@type":"SearchAction","target":{"@type":"EntryPoint","urlTemplate":"https:\/\/legitgrams.com\/?s={search_term_string}"},"query-input":{"@type":"PropertyValueSpecification","valueRequired":true,"valueName":"search_term_string"}}],"inLanguage":"pl-PL"},{"@type":"Organization","@id":"https:\/\/legitgrams.com\/#organization","name":"Legit Grams","url":"https:\/\/legitgrams.com\/","logo":{"@type":"ImageObject","inLanguage":"pl-PL","@id":"https:\/\/legitgrams.com\/#\/schema\/logo\/image\/","url":"https:\/\/legitgrams.com\/wp-content\/uploads\/2024\/09\/main-logo.png","contentUrl":"https:\/\/legitgrams.com\/wp-content\/uploads\/2024\/09\/main-logo.png","width":270,"height":75,"caption":"Legit Grams"},"image":{"@id":"https:\/\/legitgrams.com\/#\/schema\/logo\/image\/"}}]}},"uagb_featured_image_src":{"full":["https:\/\/legitgrams.com\/wp-content\/uploads\/2024\/09\/buy-oxycodone-40mg-pills-online.jpg",600,600,false],"thumbnail":["https:\/\/legitgrams.com\/wp-content\/uploads\/2024\/09\/buy-oxycodone-40mg-pills-online-150x150.jpg",150,150,true],"medium":["https:\/\/legitgrams.com\/wp-content\/uploads\/2024\/09\/buy-oxycodone-40mg-pills-online-300x300.jpg",300,300,true],"medium_large":["https:\/\/legitgrams.com\/wp-content\/uploads\/2024\/09\/buy-oxycodone-40mg-pills-online.jpg",600,600,false],"large":["https:\/\/legitgrams.com\/wp-content\/uploads\/2024\/09\/buy-oxycodone-40mg-pills-online.jpg",600,600,false],"1536x1536":["https:\/\/legitgrams.com\/wp-content\/uploads\/2024\/09\/buy-oxycodone-40mg-pills-online.jpg",600,600,false],"2048x2048":["https:\/\/legitgrams.com\/wp-content\/uploads\/2024\/09\/buy-oxycodone-40mg-pills-online.jpg",600,600,false],"trp-custom-language-flag":["https:\/\/legitgrams.com\/wp-content\/uploads\/2024\/09\/buy-oxycodone-40mg-pills-online-12x12.jpg",12,12,true],"woocommerce_thumbnail":["https:\/\/legitgrams.com\/wp-content\/uploads\/2024\/09\/buy-oxycodone-40mg-pills-online-300x300.jpg",300,300,true],"woocommerce_single":["https:\/\/legitgrams.com\/wp-content\/uploads\/2024\/09\/buy-oxycodone-40mg-pills-online.jpg",600,600,false],"woocommerce_gallery_thumbnail":["https:\/\/legitgrams.com\/wp-content\/uploads\/2024\/09\/buy-oxycodone-40mg-pills-online-100x100.jpg",100,100,true]},"uagb_author_info":{"display_name":"cokeblog18","author_link":"https:\/\/legitgrams.com\/pl\/author\/"},"uagb_comment_info":0,"uagb_excerpt":"Purchase OxyCodone 40mg pills online Order 40 mg tablets of OxyCodone online. We are also selling codeine. Medications, including painkillers, are used globally. Treatment for moderate to severe pain is recommended by oxycodone. Labeling For moderate to severe chronic pain that calls for long-acting opioid analgesics, there are also sustained-release formulations available. LegitGrams Purchase 40&hellip;","_links":{"self":[{"href":"https:\/\/legitgrams.com\/pl\/wp-json\/wp\/v2\/product\/3843","targetHints":{"allow":["GET"]}}],"collection":[{"href":"https:\/\/legitgrams.com\/pl\/wp-json\/wp\/v2\/product"}],"about":[{"href":"https:\/\/legitgrams.com\/pl\/wp-json\/wp\/v2\/types\/product"}],"replies":[{"embeddable":true,"href":"https:\/\/legitgrams.com\/pl\/wp-json\/wp\/v2\/comments?post=3843"}],"wp:featuredmedia":[{"embeddable":true,"href":"https:\/\/legitgrams.com\/pl\/wp-json\/wp\/v2\/media\/5218"}],"wp:attachment":[{"href":"https:\/\/legitgrams.com\/pl\/wp-json\/wp\/v2\/media?parent=3843"}],"wp:term":[{"taxonomy":"product_brand","embeddable":true,"href":"https:\/\/legitgrams.com\/pl\/wp-json\/wp\/v2\/product_brand?post=3843"},{"taxonomy":"product_cat","embeddable":true,"href":"https:\/\/legitgrams.com\/pl\/wp-json\/wp\/v2\/product_cat?post=3843"},{"taxonomy":"product_tag","embeddable":true,"href":"https:\/\/legitgrams.com\/pl\/wp-json\/wp\/v2\/product_tag?post=3843"}],"curies":[{"name":"wp","href":"https:\/\/api.w.org\/{rel}","templated":true}]}}