{"id":3870,"date":"2024-09-20T09:31:11","date_gmt":"2024-09-20T09:31:11","guid":{"rendered":"https:\/\/legitgrams.com\/?post_type=product&#038;p=3870"},"modified":"2025-01-14T06:20:00","modified_gmt":"2025-01-14T06:20:00","slug":"imitrex-sumatriptan-100mg-tabletki","status":"publish","type":"product","link":"https:\/\/legitgrams.com\/pl\/produkt\/imitrex-sumatriptan-100mg-tabletki\/","title":{"rendered":"imitrex Sumatriptan 100mg tabletki"},"content":{"rendered":"<h2>Kup tabletki imitrex sumatriptan 100 mg online.<\/h2>\n<p>Czy pr\u00f3bujesz znale\u017a\u0107 szybsz\u0105 i skuteczniejsz\u0105 technik\u0119 pozbycia si\u0119 migren? Mo\u017cesz kupi\u0107 <a href=\"https:\/\/legitgrams.com\/pl\/produkt\/imitrex-sumatriptan-100mg-tabletki\/\">Sumatryptan<\/a> tabletki z naszej brytyjskiej apteki internetowej ju\u017c teraz i odbierz je nast\u0119pnego dnia w innej aptece. Tabletki sumatryptanu, generyczna wersja leku markowego Immigrant, s\u0105 najcz\u0119\u015bciej przepisywan\u0105 terapi\u0105 migreny w Wielkiej Brytanii.<\/p>\n<p>Po bezp\u0142atnej konsultacji oferujemy dawki 50 mg i 100 mg tabletek sumatryptanu do zakupu online. Sumatryptan przyjmowany prawid\u0142owo z lekami przeciwb\u00f3lowymi lub lekami przeciwchorobowymi mo\u017ce pom\u00f3c Ci szybko i skutecznie radzi\u0107 sobie z migrenami, dzi\u0119ki czemu mo\u017cesz kontynuowa\u0107 sw\u00f3j dzie\u0144. <a href=\"https:\/\/legitgrams.com\/pl\/\">LegitGrams<\/a><\/p>\n<p>Kup tabletki imitrex 100 mg online: kup 100 mg <a href=\"https:\/\/en.wikipedia.org\/wiki\/Sumatriptan\">imitrex<\/a> tabletki, kup imitrex, Kup tabletki imitrex 100 mg online \u2013 kup tabletki imitrex 100 mg, kup tabletki imitrex 100 mg, kup tabletki imitrex 100 mg, Gdzie kupi\u0107 tabletki imitrex 100 mg, Gdzie kupi\u0107 tabletki imitrex 100 mg, Tabletki Imitriptan 100 mg na sprzeda\u017c, Imitriptan na sprzeda\u017c, Kup tabletki Sumatriptan 100 mg, Gdzie kupi\u0107 tabletki imitrex 100 mg, Tabletki Imitriptan 100 mg na sprzeda\u017c w Stanach Zjednoczonych, Kanadzie, Wielkiej Brytanii, Zakup, Online, Dostawcy, Bezpieczna dostawa, Nadal mo\u017cesz dosta\u0107 tabletki imitrex 100 mg. Mo\u017cna r\u00f3wnie\u017c znale\u017a\u0107 informacje na temat tego, czy imitrex 100 mg jest legalny w Kanadzie, gdzie mo\u017cna kupi\u0107 tabletki imitrex 100 mg online w USA oraz jak zam\u00f3wi\u0107 tabletki imitrex 100 mg.<\/p>\n<h2><\/h2>\n<p>&nbsp;<\/p>","protected":false},"excerpt":{"rendered":"<p>Purchase 100 mg tablets of imitrex sumatriptan online. Are you trying to find a quicker and more effective technique to get rid of migraines? You can purchase Sumatriptan tablets from our UK-based online pharmacy now and have them delivered by a separate pharmacy the next day. Sumatriptan pills, the generic version of the Immigrant brand-name &hellip;<\/p>\n<p class=\"read-more\"> <a class=\"\" href=\"https:\/\/legitgrams.com\/pl\/produkt\/imitrex-sumatriptan-100mg-tabletki\/\"> <span class=\"screen-reader-text\">imitrex Sumatriptan 100mg tabletki<\/span> Czytaj wi\u0119cej \"<\/a><\/p>","protected":false},"featured_media":5213,"comment_status":"open","ping_status":"closed","template":"","meta":{"_uag_custom_page_level_css":"","site-sidebar-layout":"default","site-content-layout":"default","ast-global-header-display":"","ast-main-header-display":"","ast-hfb-above-header-display":"","ast-hfb-below-header-display":"","ast-hfb-mobile-header-display":"","site-post-title":"","ast-breadcrumbs-content":"","ast-featured-img":"","footer-sml-layout":"","theme-transparent-header-meta":"default","adv-header-id-meta":"","stick-header-meta":"default","header-above-stick-meta":"","header-main-stick-meta":"","header-below-stick-meta":"","_joinchat":[]},"product_brand":[],"product_cat":[608,597],"product_tag":[4464,4454,617,4446,4461,4458,4453,4445,4448,4449,4456,4447,4457,4459,4466,4467,4465,4462,4451,4463,4460,625,4452,4455,4450],"class_list":{"0":"post-3870","1":"product","2":"type-product","3":"status-publish","4":"has-post-thumbnail","6":"product_cat-pain-pills","7":"product_cat-pain-sleeping-sex-pills","8":"product_tag-best-cheap-price-imitrex-sumatriptan-100mg-pills","9":"product_tag-best-place-to-buy-imitrex-sumatriptan-100mg-pills","10":"product_tag-bulk-online","11":"product_tag-buy-imitrex-sumatriptan-100mg-pills","12":"product_tag-cheap-imitrex-sumatriptan-100mg-pills","13":"product_tag-high-quality-imitrex-sumatriptan-100mg-pills","14":"product_tag-how-to-buy-imitrex-sumatriptan-100mg-pills","15":"product_tag-imitrex-sumatriptan-100mg-pills","16":"product_tag-imitrex-sumatriptan-100mg-pills-for-sale","17":"product_tag-imitrex-sumatriptan-100mg-pills-imitrex-sumatriptan-100mg-pills-supplier","18":"product_tag-imitrex-sumatriptan-100mg-pills-legally","19":"product_tag-imitrex-sumatriptan-100mg-pills-online","20":"product_tag-imitrex-sumatriptan-100mg-pills-price","21":"product_tag-imitrex-sumatriptan-100mg-pills-store","22":"product_tag-imitrex-sumatriptan-100mg-pills-use","23":"product_tag-imitrex-sumatriptan-100mg-pills-wiki","24":"product_tag-imitrex-sumatriptan-100mg-pills-worldwide","25":"product_tag-imitrex-sumatriptan-100mg-pillss","26":"product_tag-order-imitrex-sumatriptan-100mg-pills","27":"product_tag-purcharse-imitrex-sumatriptan-100mg-pills","28":"product_tag-shop-imitrex-sumatriptan-100mg-pills","29":"product_tag-top-quality","30":"product_tag-where-to-buy-imitrex-sumatriptan-100mg-pills","31":"product_tag-where-to-order-imitrex-sumatriptan-100mg-pills","32":"product_tag-wholesale-imitrex-sumatriptan-100mg-pills","33":"desktop-align-left","34":"tablet-align-left","35":"mobile-align-left","36":"ast-product-gallery-layout-horizontal","37":"ast-product-gallery-with-no-image","38":"ast-product-single-variable","39":"ast-product-tabs-layout-horizontal","40":"ast-qv-on-image","42":"first","43":"instock","44":"shipping-taxable","45":"purchasable","46":"product-type-variable"},"yoast_head":"<!-- This site is optimized with the Yoast SEO plugin v25.9 - https:\/\/yoast.com\/wordpress\/plugins\/seo\/ -->\n<title>Imitrex Sumatriptan 100mg Pills for Sale @ Best Price | LegitGrams<\/title>\n<meta name=\"description\" content=\"You can get in touch with our Legitgrams store and buy Imitrex Sumatriptan online. We have Imitrex Sumatriptan for sale at cheap prices. Get yours at your place right away!\" \/>\n<meta name=\"robots\" content=\"index, follow, max-snippet:-1, max-image-preview:large, max-video-preview:-1\" \/>\n<link rel=\"canonical\" href=\"https:\/\/legitgrams.com\/pl\/produkt\/imitrex-sumatriptan-100mg-tabletki\/\" \/>\n<meta property=\"og:locale\" content=\"pl_PL\" \/>\n<meta property=\"og:type\" content=\"article\" \/>\n<meta property=\"og:title\" content=\"Imitrex Sumatriptan 100mg Pills for Sale @ Best Price | LegitGrams\" \/>\n<meta property=\"og:description\" content=\"You can get in touch with our Legitgrams store and buy Imitrex Sumatriptan online. We have Imitrex Sumatriptan for sale at cheap prices. Get yours at your place right away!\" \/>\n<meta property=\"og:url\" content=\"https:\/\/legitgrams.com\/pl\/produkt\/imitrex-sumatriptan-100mg-tabletki\/\" \/>\n<meta property=\"og:site_name\" content=\"Legit Grams\" \/>\n<meta property=\"article:modified_time\" content=\"2025-01-14T06:20:00+00:00\" \/>\n<meta property=\"og:image\" content=\"https:\/\/legitgrams.com\/wp-content\/uploads\/2024\/09\/buy-imitrex-sumatriptan-100mg-pills-online.jpg\" \/>\n\t<meta property=\"og:image:width\" content=\"600\" \/>\n\t<meta property=\"og:image:height\" content=\"600\" \/>\n\t<meta property=\"og:image:type\" content=\"image\/jpeg\" \/>\n<meta name=\"twitter:card\" content=\"summary_large_image\" \/>\n<meta name=\"twitter:label1\" content=\"Szacowany czas czytania\" \/>\n\t<meta name=\"twitter:data1\" content=\"3 minuty\" \/>\n<script type=\"application\/ld+json\" class=\"yoast-schema-graph\">{\"@context\":\"https:\/\/schema.org\",\"@graph\":[{\"@type\":\"WebPage\",\"@id\":\"https:\/\/legitgrams.com\/product\/imitrex-sumatriptan-100mg-pills\/\",\"url\":\"https:\/\/legitgrams.com\/product\/imitrex-sumatriptan-100mg-pills\/\",\"name\":\"Imitrex Sumatriptan 100mg Pills for Sale @ Best Price | LegitGrams\",\"isPartOf\":{\"@id\":\"https:\/\/legitgrams.com\/#website\"},\"primaryImageOfPage\":{\"@id\":\"https:\/\/legitgrams.com\/product\/imitrex-sumatriptan-100mg-pills\/#primaryimage\"},\"image\":{\"@id\":\"https:\/\/legitgrams.com\/product\/imitrex-sumatriptan-100mg-pills\/#primaryimage\"},\"thumbnailUrl\":\"https:\/\/legitgrams.com\/wp-content\/uploads\/2024\/09\/buy-imitrex-sumatriptan-100mg-pills-online.jpg\",\"datePublished\":\"2024-09-20T09:31:11+00:00\",\"dateModified\":\"2025-01-14T06:20:00+00:00\",\"description\":\"You can get in touch with our Legitgrams store and buy Imitrex Sumatriptan online. We have Imitrex Sumatriptan for sale at cheap prices. Get yours at your place right away!\",\"breadcrumb\":{\"@id\":\"https:\/\/legitgrams.com\/product\/imitrex-sumatriptan-100mg-pills\/#breadcrumb\"},\"inLanguage\":\"pl-PL\",\"potentialAction\":[{\"@type\":\"ReadAction\",\"target\":[\"https:\/\/legitgrams.com\/product\/imitrex-sumatriptan-100mg-pills\/\"]}]},{\"@type\":\"ImageObject\",\"inLanguage\":\"pl-PL\",\"@id\":\"https:\/\/legitgrams.com\/product\/imitrex-sumatriptan-100mg-pills\/#primaryimage\",\"url\":\"https:\/\/legitgrams.com\/wp-content\/uploads\/2024\/09\/buy-imitrex-sumatriptan-100mg-pills-online.jpg\",\"contentUrl\":\"https:\/\/legitgrams.com\/wp-content\/uploads\/2024\/09\/buy-imitrex-sumatriptan-100mg-pills-online.jpg\",\"width\":600,\"height\":600,\"caption\":\"Imitrex Sumatriptan 100mg Pills for Sale\"},{\"@type\":\"BreadcrumbList\",\"@id\":\"https:\/\/legitgrams.com\/product\/imitrex-sumatriptan-100mg-pills\/#breadcrumb\",\"itemListElement\":[{\"@type\":\"ListItem\",\"position\":1,\"name\":\"Home\",\"item\":\"https:\/\/legitgrams.com\/\"},{\"@type\":\"ListItem\",\"position\":2,\"name\":\"Shop\",\"item\":\"https:\/\/legitgrams.com\/shop\/\"},{\"@type\":\"ListItem\",\"position\":3,\"name\":\"imitrex Sumatriptan 100mg pills\"}]},{\"@type\":\"WebSite\",\"@id\":\"https:\/\/legitgrams.com\/#website\",\"url\":\"https:\/\/legitgrams.com\/\",\"name\":\"Legit Grams\",\"description\":\"My WordPress Blog\",\"publisher\":{\"@id\":\"https:\/\/legitgrams.com\/#organization\"},\"potentialAction\":[{\"@type\":\"SearchAction\",\"target\":{\"@type\":\"EntryPoint\",\"urlTemplate\":\"https:\/\/legitgrams.com\/?s={search_term_string}\"},\"query-input\":{\"@type\":\"PropertyValueSpecification\",\"valueRequired\":true,\"valueName\":\"search_term_string\"}}],\"inLanguage\":\"pl-PL\"},{\"@type\":\"Organization\",\"@id\":\"https:\/\/legitgrams.com\/#organization\",\"name\":\"Legit Grams\",\"url\":\"https:\/\/legitgrams.com\/\",\"logo\":{\"@type\":\"ImageObject\",\"inLanguage\":\"pl-PL\",\"@id\":\"https:\/\/legitgrams.com\/#\/schema\/logo\/image\/\",\"url\":\"https:\/\/legitgrams.com\/wp-content\/uploads\/2024\/09\/main-logo.png\",\"contentUrl\":\"https:\/\/legitgrams.com\/wp-content\/uploads\/2024\/09\/main-logo.png\",\"width\":270,\"height\":75,\"caption\":\"Legit Grams\"},\"image\":{\"@id\":\"https:\/\/legitgrams.com\/#\/schema\/logo\/image\/\"}}]}<\/script>\n<!-- \/ Yoast SEO plugin. -->","yoast_head_json":{"title":"Imitrex Sumatriptan 100mg Tabletki na sprzeda\u017c w najlepszej cenie | LegitGrams","description":"Mo\u017cesz skontaktowa\u0107 si\u0119 z naszym sklepem Legitgrams i kupi\u0107 Imitrex Sumatriptan online. Mamy Imitrex Sumatriptan na sprzeda\u017c w niskich cenach. Odbierz sw\u00f3j lek od razu!","robots":{"index":"index","follow":"follow","max-snippet":"max-snippet:-1","max-image-preview":"max-image-preview:large","max-video-preview":"max-video-preview:-1"},"canonical":"https:\/\/legitgrams.com\/pl\/produkt\/imitrex-sumatriptan-100mg-tabletki\/","og_locale":"pl_PL","og_type":"article","og_title":"Imitrex Sumatriptan 100mg Pills for Sale @ Best Price | LegitGrams","og_description":"You can get in touch with our Legitgrams store and buy Imitrex Sumatriptan online. We have Imitrex Sumatriptan for sale at cheap prices. Get yours at your place right away!","og_url":"https:\/\/legitgrams.com\/pl\/produkt\/imitrex-sumatriptan-100mg-tabletki\/","og_site_name":"Legit Grams","article_modified_time":"2025-01-14T06:20:00+00:00","og_image":[{"width":600,"height":600,"url":"https:\/\/legitgrams.com\/wp-content\/uploads\/2024\/09\/buy-imitrex-sumatriptan-100mg-pills-online.jpg","type":"image\/jpeg"}],"twitter_card":"summary_large_image","twitter_misc":{"Szacowany czas czytania":"3 minuty"},"schema":{"@context":"https:\/\/schema.org","@graph":[{"@type":"WebPage","@id":"https:\/\/legitgrams.com\/product\/imitrex-sumatriptan-100mg-pills\/","url":"https:\/\/legitgrams.com\/product\/imitrex-sumatriptan-100mg-pills\/","name":"Imitrex Sumatriptan 100mg Tabletki na sprzeda\u017c w najlepszej cenie | LegitGrams","isPartOf":{"@id":"https:\/\/legitgrams.com\/#website"},"primaryImageOfPage":{"@id":"https:\/\/legitgrams.com\/product\/imitrex-sumatriptan-100mg-pills\/#primaryimage"},"image":{"@id":"https:\/\/legitgrams.com\/product\/imitrex-sumatriptan-100mg-pills\/#primaryimage"},"thumbnailUrl":"https:\/\/legitgrams.com\/wp-content\/uploads\/2024\/09\/buy-imitrex-sumatriptan-100mg-pills-online.jpg","datePublished":"2024-09-20T09:31:11+00:00","dateModified":"2025-01-14T06:20:00+00:00","description":"Mo\u017cesz skontaktowa\u0107 si\u0119 z naszym sklepem Legitgrams i kupi\u0107 Imitrex Sumatriptan online. Mamy Imitrex Sumatriptan na sprzeda\u017c w niskich cenach. Odbierz sw\u00f3j lek od razu!","breadcrumb":{"@id":"https:\/\/legitgrams.com\/product\/imitrex-sumatriptan-100mg-pills\/#breadcrumb"},"inLanguage":"pl-PL","potentialAction":[{"@type":"ReadAction","target":["https:\/\/legitgrams.com\/product\/imitrex-sumatriptan-100mg-pills\/"]}]},{"@type":"ImageObject","inLanguage":"pl-PL","@id":"https:\/\/legitgrams.com\/product\/imitrex-sumatriptan-100mg-pills\/#primaryimage","url":"https:\/\/legitgrams.com\/wp-content\/uploads\/2024\/09\/buy-imitrex-sumatriptan-100mg-pills-online.jpg","contentUrl":"https:\/\/legitgrams.com\/wp-content\/uploads\/2024\/09\/buy-imitrex-sumatriptan-100mg-pills-online.jpg","width":600,"height":600,"caption":"Imitrex Sumatriptan 100mg Pills for Sale"},{"@type":"BreadcrumbList","@id":"https:\/\/legitgrams.com\/product\/imitrex-sumatriptan-100mg-pills\/#breadcrumb","itemListElement":[{"@type":"ListItem","position":1,"name":"Home","item":"https:\/\/legitgrams.com\/"},{"@type":"ListItem","position":2,"name":"Shop","item":"https:\/\/legitgrams.com\/shop\/"},{"@type":"ListItem","position":3,"name":"imitrex Sumatriptan 100mg pills"}]},{"@type":"WebSite","@id":"https:\/\/legitgrams.com\/#website","url":"https:\/\/legitgrams.com\/","name":"Legit Grams","description":"M\u00f3j blog WordPress","publisher":{"@id":"https:\/\/legitgrams.com\/#organization"},"potentialAction":[{"@type":"SearchAction","target":{"@type":"EntryPoint","urlTemplate":"https:\/\/legitgrams.com\/?s={search_term_string}"},"query-input":{"@type":"PropertyValueSpecification","valueRequired":true,"valueName":"search_term_string"}}],"inLanguage":"pl-PL"},{"@type":"Organization","@id":"https:\/\/legitgrams.com\/#organization","name":"Legit Grams","url":"https:\/\/legitgrams.com\/","logo":{"@type":"ImageObject","inLanguage":"pl-PL","@id":"https:\/\/legitgrams.com\/#\/schema\/logo\/image\/","url":"https:\/\/legitgrams.com\/wp-content\/uploads\/2024\/09\/main-logo.png","contentUrl":"https:\/\/legitgrams.com\/wp-content\/uploads\/2024\/09\/main-logo.png","width":270,"height":75,"caption":"Legit Grams"},"image":{"@id":"https:\/\/legitgrams.com\/#\/schema\/logo\/image\/"}}]}},"uagb_featured_image_src":{"full":["https:\/\/legitgrams.com\/wp-content\/uploads\/2024\/09\/buy-imitrex-sumatriptan-100mg-pills-online.jpg",600,600,false],"thumbnail":["https:\/\/legitgrams.com\/wp-content\/uploads\/2024\/09\/buy-imitrex-sumatriptan-100mg-pills-online-150x150.jpg",150,150,true],"medium":["https:\/\/legitgrams.com\/wp-content\/uploads\/2024\/09\/buy-imitrex-sumatriptan-100mg-pills-online-300x300.jpg",300,300,true],"medium_large":["https:\/\/legitgrams.com\/wp-content\/uploads\/2024\/09\/buy-imitrex-sumatriptan-100mg-pills-online.jpg",600,600,false],"large":["https:\/\/legitgrams.com\/wp-content\/uploads\/2024\/09\/buy-imitrex-sumatriptan-100mg-pills-online.jpg",600,600,false],"1536x1536":["https:\/\/legitgrams.com\/wp-content\/uploads\/2024\/09\/buy-imitrex-sumatriptan-100mg-pills-online.jpg",600,600,false],"2048x2048":["https:\/\/legitgrams.com\/wp-content\/uploads\/2024\/09\/buy-imitrex-sumatriptan-100mg-pills-online.jpg",600,600,false],"trp-custom-language-flag":["https:\/\/legitgrams.com\/wp-content\/uploads\/2024\/09\/buy-imitrex-sumatriptan-100mg-pills-online-12x12.jpg",12,12,true],"woocommerce_thumbnail":["https:\/\/legitgrams.com\/wp-content\/uploads\/2024\/09\/buy-imitrex-sumatriptan-100mg-pills-online-300x300.jpg",300,300,true],"woocommerce_single":["https:\/\/legitgrams.com\/wp-content\/uploads\/2024\/09\/buy-imitrex-sumatriptan-100mg-pills-online.jpg",600,600,false],"woocommerce_gallery_thumbnail":["https:\/\/legitgrams.com\/wp-content\/uploads\/2024\/09\/buy-imitrex-sumatriptan-100mg-pills-online-100x100.jpg",100,100,true]},"uagb_author_info":{"display_name":"cokeblog18","author_link":"https:\/\/legitgrams.com\/pl\/author\/"},"uagb_comment_info":0,"uagb_excerpt":"Purchase 100 mg tablets of imitrex sumatriptan online. Are you trying to find a quicker and more effective technique to get rid of migraines? You can purchase Sumatriptan tablets from our UK-based online pharmacy now and have them delivered by a separate pharmacy the next day. Sumatriptan pills, the generic version of the Immigrant brand-name&hellip;","_links":{"self":[{"href":"https:\/\/legitgrams.com\/pl\/wp-json\/wp\/v2\/product\/3870","targetHints":{"allow":["GET"]}}],"collection":[{"href":"https:\/\/legitgrams.com\/pl\/wp-json\/wp\/v2\/product"}],"about":[{"href":"https:\/\/legitgrams.com\/pl\/wp-json\/wp\/v2\/types\/product"}],"replies":[{"embeddable":true,"href":"https:\/\/legitgrams.com\/pl\/wp-json\/wp\/v2\/comments?post=3870"}],"wp:featuredmedia":[{"embeddable":true,"href":"https:\/\/legitgrams.com\/pl\/wp-json\/wp\/v2\/media\/5213"}],"wp:attachment":[{"href":"https:\/\/legitgrams.com\/pl\/wp-json\/wp\/v2\/media?parent=3870"}],"wp:term":[{"taxonomy":"product_brand","embeddable":true,"href":"https:\/\/legitgrams.com\/pl\/wp-json\/wp\/v2\/product_brand?post=3870"},{"taxonomy":"product_cat","embeddable":true,"href":"https:\/\/legitgrams.com\/pl\/wp-json\/wp\/v2\/product_cat?post=3870"},{"taxonomy":"product_tag","embeddable":true,"href":"https:\/\/legitgrams.com\/pl\/wp-json\/wp\/v2\/product_tag?post=3870"}],"curies":[{"name":"wp","href":"https:\/\/api.w.org\/{rel}","templated":true}]}}