{"id":3873,"date":"2024-09-20T09:34:40","date_gmt":"2024-09-20T09:34:40","guid":{"rendered":"https:\/\/legitgrams.com\/?post_type=product&#038;p=3873"},"modified":"2025-04-05T05:30:49","modified_gmt":"2025-04-05T05:30:49","slug":"imovane-zopiclone-tabletki","status":"publish","type":"product","link":"https:\/\/legitgrams.com\/pl\/produkt\/imovane-zopiclone-tabletki\/","title":{"rendered":"Kup tabletki Imovane Zopiclone online"},"content":{"rendered":"<h2>Kup tabletki Zopiclone z Imovane online.<\/h2>\n<p><a href=\"https:\/\/legitgrams.com\/pl\/produkt\/imovane-zopiclone-tabletki\/\">zopiklon<\/a> jest \u015brodkiem uspokajaj\u0105cym i hipnotyzuj\u0105cym, kt\u00f3ry nale\u017cy do tej samej klasy lek\u00f3w co <a href=\"https:\/\/www.bing.com\/search?q=Buy%20Imovane%20Zopiclone%20pills%20Online&amp;qs=n&amp;form=QBRE&amp;sp=-1&amp;lq=0&amp;pq=buy%20imovane%20zopiclone%20pills%20online&amp;sc=0-34&amp;sk=&amp;cvid=158030EE9FA44258ABF6C40A6F0385CB&amp;ghsh=0&amp;ghacc=0&amp;ghpl=\">benzodiazepiny<\/a>. Lek ten jest stosowany w celu tymczasowego z\u0142agodzenia bezsenno\u015bci i objaw\u00f3w wielu zaburze\u0144 snu. Mo\u017ce pom\u00f3c osobom, kt\u00f3re budz\u0105 si\u0119 wcze\u015bnie, maj\u0105 trudno\u015bci z zasypianiem lub cz\u0119sto budz\u0105 si\u0119 w nocy. Ponadto zopiklon ma w\u0142a\u015bciwo\u015bci uspokajaj\u0105ce, przeciwdrgawkowe, przeciwl\u0119kowe, amnezyjne i rozlu\u017aniaj\u0105ce mi\u0119\u015bnie centralne. <a href=\"https:\/\/legitgrams.com\/pl\/\">LegitGrams<\/a><\/p>\n<p><a href=\"https:\/\/www.google.com\/search?q=Buy+Imovane+Zopiclone+pills+Online&amp;num=10&amp;sca_esv=1a2a07081c7891bb&amp;rlz=1C1RXQR_enIN1098IN1098&amp;sxsrf=AHTn8zqNFVae8e1kYRgLn5IBo4ddxKRt5g%3A1741758872569&amp;ei=mCHRZ56mIvCW4-EP1f-i-Aw&amp;ved=0ahUKEwie0oi37YOMAxVwyzgGHdW_CM8Q4dUDCBA&amp;uact=5&amp;oq=Buy+Imovane+Zopiclone+pills+Online&amp;gs_lp=Egxnd3Mtd2l6LXNlcnAiIkJ1eSBJbW92YW5lIFpvcGljbG9uZSBwaWxscyBPbmxpbmVIgQhQ_gNY_gNwA3gAkAEAmAH9AaAB_QGqAQMyLTG4AQPIAQD4AQL4AQGYAgCgAgCYAwCIBgGSBwCgB1Y&amp;sclient=gws-wiz-serp\">Zakup Zopiclonu online<\/a>e: kup Zopiclone, kup tabletki Zopiclone, kup Zopiclone online, Gdzie mog\u0119 kupi\u0107 tabletki Zopiclone, gdzie mog\u0119 kupi\u0107 tabletki Zopiclone na sprzeda\u017c, gdzie mog\u0119 kupi\u0107 tabletki Zopiclone online? Gdzie kupi\u0107 tabletki Imovane Zopiclone, gdzie kupi\u0107 tabletki Zopiclone online, gdzie kupi\u0107 <a href=\"https:\/\/en.wikipedia.org\/wiki\/Zopiclone\">Imovane Zopiclone<\/a> pills in the US, Canada, and the UK, suppliers, safe delivery, There are still <a href=\"https:\/\/duckduckgo.com\/?q=Buy+Imovane+Zopiclone+pills+Online&amp;t=h_&amp;ia=web\">Imovane Zopiclone<\/a> tablets available. It is possible to determine whether they are legal in Canada, how to obtain them online, and whether they are legal in the United States.<\/p>\n<h2><\/h2>\n<p>&nbsp;<\/p>","protected":false},"excerpt":{"rendered":"<p>Purchase Zopiclone with Imovane tablets online. zopiclone is a sedative and hypnotist that is a member of the same pharmacological class as benzodiazepines. This drug is used to temporarily relieve insomnia and the symptoms of a number of sleep disorders. This can help people who wake up early, have a hard time falling asleep, or &hellip;<\/p>\n<p class=\"read-more\"> <a class=\"\" href=\"https:\/\/legitgrams.com\/pl\/produkt\/imovane-zopiclone-tabletki\/\"> <span class=\"screen-reader-text\">Kup tabletki Imovane Zopiclone online<\/span> Czytaj wi\u0119cej \"<\/a><\/p>","protected":false},"featured_media":5214,"comment_status":"open","ping_status":"closed","template":"","meta":{"_uag_custom_page_level_css":"","site-sidebar-layout":"default","site-content-layout":"default","ast-global-header-display":"","ast-main-header-display":"","ast-hfb-above-header-display":"","ast-hfb-below-header-display":"","ast-hfb-mobile-header-display":"","site-post-title":"","ast-breadcrumbs-content":"","ast-featured-img":"","footer-sml-layout":"","theme-transparent-header-meta":"default","adv-header-id-meta":"","stick-header-meta":"default","header-above-stick-meta":"","header-main-stick-meta":"","header-below-stick-meta":"","_joinchat":[]},"product_brand":[],"product_cat":[597,610],"product_tag":[4441,4431,617,4423,4438,4435,4430,4422,4425,4426,4433,4424,4434,4436,4443,4444,4442,4439,4428,4440,4437,625,4429,4432,4427],"class_list":{"0":"post-3873","1":"product","2":"type-product","3":"status-publish","4":"has-post-thumbnail","6":"product_cat-pain-sleeping-sex-pills","7":"product_cat-sleeping-pills","8":"product_tag-best-cheap-price-imovane-zopiclone-pills","9":"product_tag-best-place-to-buy-imovane-zopiclone-pills","10":"product_tag-bulk-online","11":"product_tag-buy-imovane-zopiclone-pills","12":"product_tag-cheap-imovane-zopiclone-pills","13":"product_tag-high-quality-imovane-zopiclone-pills","14":"product_tag-how-to-buy-imovane-zopiclone-pills","15":"product_tag-imovane-zopiclone-pills","16":"product_tag-imovane-zopiclone-pills-for-sale","17":"product_tag-imovane-zopiclone-pills-imovane-zopiclone-pills-supplier","18":"product_tag-imovane-zopiclone-pills-legally","19":"product_tag-imovane-zopiclone-pills-online","20":"product_tag-imovane-zopiclone-pills-price","21":"product_tag-imovane-zopiclone-pills-store","22":"product_tag-imovane-zopiclone-pills-use","23":"product_tag-imovane-zopiclone-pills-wiki","24":"product_tag-imovane-zopiclone-pills-worldwide","25":"product_tag-imovane-zopiclone-pillss","26":"product_tag-order-imovane-zopiclone-pills","27":"product_tag-purcharse-imovane-zopiclone-pills","28":"product_tag-shop-imovane-zopiclone-pills","29":"product_tag-top-quality","30":"product_tag-where-to-buy-imovane-zopiclone-pills","31":"product_tag-where-to-order-imovane-zopiclone-pills","32":"product_tag-wholesale-imovane-zopiclone-pills","33":"desktop-align-left","34":"tablet-align-left","35":"mobile-align-left","36":"ast-product-gallery-layout-horizontal","37":"ast-product-gallery-with-no-image","38":"ast-product-single-variable","39":"ast-product-tabs-layout-horizontal","40":"ast-qv-on-image","42":"first","43":"instock","44":"shipping-taxable","45":"purchasable","46":"product-type-variable"},"yoast_head":"<!-- This site is optimized with the Yoast SEO plugin v25.9 - https:\/\/yoast.com\/wordpress\/plugins\/seo\/ -->\n<title>Imovane Zopiclone Pills for Sale - Buy Imovane Zopiclone Online<\/title>\n<meta name=\"description\" content=\"Explore our online store for Imovane Zopiclone Pills for sale, offering high-quality Imovane Zopiclone Pills. Buy Imovane Zopiclone Pills online securely and embark on your research journey with confidence.\" \/>\n<meta name=\"robots\" content=\"index, follow, max-snippet:-1, max-image-preview:large, max-video-preview:-1\" \/>\n<link rel=\"canonical\" href=\"https:\/\/legitgrams.com\/pl\/produkt\/imovane-zopiclone-tabletki\/\" \/>\n<meta property=\"og:locale\" content=\"pl_PL\" \/>\n<meta property=\"og:type\" content=\"article\" \/>\n<meta property=\"og:title\" content=\"Imovane Zopiclone Pills for Sale - Buy Imovane Zopiclone Online\" \/>\n<meta property=\"og:description\" content=\"Explore our online store for Imovane Zopiclone Pills for sale, offering high-quality Imovane Zopiclone Pills. Buy Imovane Zopiclone Pills online securely and embark on your research journey with confidence.\" \/>\n<meta property=\"og:url\" content=\"https:\/\/legitgrams.com\/pl\/produkt\/imovane-zopiclone-tabletki\/\" \/>\n<meta property=\"og:site_name\" content=\"Legit Grams\" \/>\n<meta property=\"article:modified_time\" content=\"2025-04-05T05:30:49+00:00\" \/>\n<meta property=\"og:image\" content=\"https:\/\/legitgrams.com\/wp-content\/uploads\/2024\/09\/buy-imovane-zopiclone-pills-online.jpg\" \/>\n\t<meta property=\"og:image:width\" content=\"600\" \/>\n\t<meta property=\"og:image:height\" content=\"600\" \/>\n\t<meta property=\"og:image:type\" content=\"image\/jpeg\" \/>\n<meta name=\"twitter:card\" content=\"summary_large_image\" \/>\n<meta name=\"twitter:label1\" content=\"Szacowany czas czytania\" \/>\n\t<meta name=\"twitter:data1\" content=\"1 minuta\" \/>\n<script type=\"application\/ld+json\" class=\"yoast-schema-graph\">{\"@context\":\"https:\/\/schema.org\",\"@graph\":[{\"@type\":\"WebPage\",\"@id\":\"https:\/\/legitgrams.com\/product\/imovane-zopiclone-pills\/\",\"url\":\"https:\/\/legitgrams.com\/product\/imovane-zopiclone-pills\/\",\"name\":\"Imovane Zopiclone Pills for Sale - Buy Imovane Zopiclone Online\",\"isPartOf\":{\"@id\":\"https:\/\/legitgrams.com\/#website\"},\"primaryImageOfPage\":{\"@id\":\"https:\/\/legitgrams.com\/product\/imovane-zopiclone-pills\/#primaryimage\"},\"image\":{\"@id\":\"https:\/\/legitgrams.com\/product\/imovane-zopiclone-pills\/#primaryimage\"},\"thumbnailUrl\":\"https:\/\/legitgrams.com\/wp-content\/uploads\/2024\/09\/buy-imovane-zopiclone-pills-online.jpg\",\"datePublished\":\"2024-09-20T09:34:40+00:00\",\"dateModified\":\"2025-04-05T05:30:49+00:00\",\"description\":\"Explore our online store for Imovane Zopiclone Pills for sale, offering high-quality Imovane Zopiclone Pills. Buy Imovane Zopiclone Pills online securely and embark on your research journey with confidence.\",\"breadcrumb\":{\"@id\":\"https:\/\/legitgrams.com\/product\/imovane-zopiclone-pills\/#breadcrumb\"},\"inLanguage\":\"pl-PL\",\"potentialAction\":[{\"@type\":\"ReadAction\",\"target\":[\"https:\/\/legitgrams.com\/product\/imovane-zopiclone-pills\/\"]}]},{\"@type\":\"ImageObject\",\"inLanguage\":\"pl-PL\",\"@id\":\"https:\/\/legitgrams.com\/product\/imovane-zopiclone-pills\/#primaryimage\",\"url\":\"https:\/\/legitgrams.com\/wp-content\/uploads\/2024\/09\/buy-imovane-zopiclone-pills-online.jpg\",\"contentUrl\":\"https:\/\/legitgrams.com\/wp-content\/uploads\/2024\/09\/buy-imovane-zopiclone-pills-online.jpg\",\"width\":600,\"height\":600,\"caption\":\"Imovane Zopiclone Pills for Sale\"},{\"@type\":\"BreadcrumbList\",\"@id\":\"https:\/\/legitgrams.com\/product\/imovane-zopiclone-pills\/#breadcrumb\",\"itemListElement\":[{\"@type\":\"ListItem\",\"position\":1,\"name\":\"Home\",\"item\":\"https:\/\/legitgrams.com\/\"},{\"@type\":\"ListItem\",\"position\":2,\"name\":\"Shop\",\"item\":\"https:\/\/legitgrams.com\/shop\/\"},{\"@type\":\"ListItem\",\"position\":3,\"name\":\"Buy Imovane Zopiclone pills Online\"}]},{\"@type\":\"WebSite\",\"@id\":\"https:\/\/legitgrams.com\/#website\",\"url\":\"https:\/\/legitgrams.com\/\",\"name\":\"Legit Grams\",\"description\":\"My WordPress Blog\",\"publisher\":{\"@id\":\"https:\/\/legitgrams.com\/#organization\"},\"potentialAction\":[{\"@type\":\"SearchAction\",\"target\":{\"@type\":\"EntryPoint\",\"urlTemplate\":\"https:\/\/legitgrams.com\/?s={search_term_string}\"},\"query-input\":{\"@type\":\"PropertyValueSpecification\",\"valueRequired\":true,\"valueName\":\"search_term_string\"}}],\"inLanguage\":\"pl-PL\"},{\"@type\":\"Organization\",\"@id\":\"https:\/\/legitgrams.com\/#organization\",\"name\":\"Legit Grams\",\"url\":\"https:\/\/legitgrams.com\/\",\"logo\":{\"@type\":\"ImageObject\",\"inLanguage\":\"pl-PL\",\"@id\":\"https:\/\/legitgrams.com\/#\/schema\/logo\/image\/\",\"url\":\"https:\/\/legitgrams.com\/wp-content\/uploads\/2024\/09\/main-logo.png\",\"contentUrl\":\"https:\/\/legitgrams.com\/wp-content\/uploads\/2024\/09\/main-logo.png\",\"width\":270,\"height\":75,\"caption\":\"Legit Grams\"},\"image\":{\"@id\":\"https:\/\/legitgrams.com\/#\/schema\/logo\/image\/\"}}]}<\/script>\n<!-- \/ Yoast SEO plugin. -->","yoast_head_json":{"title":"Sprzeda\u017c tabletek Imovane Zopiklon - Kup Imovane Zopiklon online","description":"Poznaj nasz sklep internetowy dla Imovane Zopiclone Pills na sprzeda\u017c, oferuj\u0105cy wysokiej jako\u015bci Imovane Zopiclone Pills. Kup Imovane Zopiclone Pills bezpiecznie online i wyrusz w swoj\u0105 podr\u00f3\u017c badawcz\u0105 z pewno\u015bci\u0105.","robots":{"index":"index","follow":"follow","max-snippet":"max-snippet:-1","max-image-preview":"max-image-preview:large","max-video-preview":"max-video-preview:-1"},"canonical":"https:\/\/legitgrams.com\/pl\/produkt\/imovane-zopiclone-tabletki\/","og_locale":"pl_PL","og_type":"article","og_title":"Imovane Zopiclone Pills for Sale - Buy Imovane Zopiclone Online","og_description":"Explore our online store for Imovane Zopiclone Pills for sale, offering high-quality Imovane Zopiclone Pills. Buy Imovane Zopiclone Pills online securely and embark on your research journey with confidence.","og_url":"https:\/\/legitgrams.com\/pl\/produkt\/imovane-zopiclone-tabletki\/","og_site_name":"Legit Grams","article_modified_time":"2025-04-05T05:30:49+00:00","og_image":[{"width":600,"height":600,"url":"https:\/\/legitgrams.com\/wp-content\/uploads\/2024\/09\/buy-imovane-zopiclone-pills-online.jpg","type":"image\/jpeg"}],"twitter_card":"summary_large_image","twitter_misc":{"Szacowany czas czytania":"1 minuta"},"schema":{"@context":"https:\/\/schema.org","@graph":[{"@type":"WebPage","@id":"https:\/\/legitgrams.com\/product\/imovane-zopiclone-pills\/","url":"https:\/\/legitgrams.com\/product\/imovane-zopiclone-pills\/","name":"Sprzeda\u017c tabletek Imovane Zopiklon - Kup Imovane Zopiklon online","isPartOf":{"@id":"https:\/\/legitgrams.com\/#website"},"primaryImageOfPage":{"@id":"https:\/\/legitgrams.com\/product\/imovane-zopiclone-pills\/#primaryimage"},"image":{"@id":"https:\/\/legitgrams.com\/product\/imovane-zopiclone-pills\/#primaryimage"},"thumbnailUrl":"https:\/\/legitgrams.com\/wp-content\/uploads\/2024\/09\/buy-imovane-zopiclone-pills-online.jpg","datePublished":"2024-09-20T09:34:40+00:00","dateModified":"2025-04-05T05:30:49+00:00","description":"Poznaj nasz sklep internetowy dla Imovane Zopiclone Pills na sprzeda\u017c, oferuj\u0105cy wysokiej jako\u015bci Imovane Zopiclone Pills. Kup Imovane Zopiclone Pills bezpiecznie online i wyrusz w swoj\u0105 podr\u00f3\u017c badawcz\u0105 z pewno\u015bci\u0105.","breadcrumb":{"@id":"https:\/\/legitgrams.com\/product\/imovane-zopiclone-pills\/#breadcrumb"},"inLanguage":"pl-PL","potentialAction":[{"@type":"ReadAction","target":["https:\/\/legitgrams.com\/product\/imovane-zopiclone-pills\/"]}]},{"@type":"ImageObject","inLanguage":"pl-PL","@id":"https:\/\/legitgrams.com\/product\/imovane-zopiclone-pills\/#primaryimage","url":"https:\/\/legitgrams.com\/wp-content\/uploads\/2024\/09\/buy-imovane-zopiclone-pills-online.jpg","contentUrl":"https:\/\/legitgrams.com\/wp-content\/uploads\/2024\/09\/buy-imovane-zopiclone-pills-online.jpg","width":600,"height":600,"caption":"Imovane Zopiclone Pills for Sale"},{"@type":"BreadcrumbList","@id":"https:\/\/legitgrams.com\/product\/imovane-zopiclone-pills\/#breadcrumb","itemListElement":[{"@type":"ListItem","position":1,"name":"Home","item":"https:\/\/legitgrams.com\/"},{"@type":"ListItem","position":2,"name":"Shop","item":"https:\/\/legitgrams.com\/shop\/"},{"@type":"ListItem","position":3,"name":"Buy Imovane Zopiclone pills Online"}]},{"@type":"WebSite","@id":"https:\/\/legitgrams.com\/#website","url":"https:\/\/legitgrams.com\/","name":"Legit Grams","description":"M\u00f3j blog WordPress","publisher":{"@id":"https:\/\/legitgrams.com\/#organization"},"potentialAction":[{"@type":"SearchAction","target":{"@type":"EntryPoint","urlTemplate":"https:\/\/legitgrams.com\/?s={search_term_string}"},"query-input":{"@type":"PropertyValueSpecification","valueRequired":true,"valueName":"search_term_string"}}],"inLanguage":"pl-PL"},{"@type":"Organization","@id":"https:\/\/legitgrams.com\/#organization","name":"Legit Grams","url":"https:\/\/legitgrams.com\/","logo":{"@type":"ImageObject","inLanguage":"pl-PL","@id":"https:\/\/legitgrams.com\/#\/schema\/logo\/image\/","url":"https:\/\/legitgrams.com\/wp-content\/uploads\/2024\/09\/main-logo.png","contentUrl":"https:\/\/legitgrams.com\/wp-content\/uploads\/2024\/09\/main-logo.png","width":270,"height":75,"caption":"Legit Grams"},"image":{"@id":"https:\/\/legitgrams.com\/#\/schema\/logo\/image\/"}}]}},"uagb_featured_image_src":{"full":["https:\/\/legitgrams.com\/wp-content\/uploads\/2024\/09\/buy-imovane-zopiclone-pills-online.jpg",600,600,false],"thumbnail":["https:\/\/legitgrams.com\/wp-content\/uploads\/2024\/09\/buy-imovane-zopiclone-pills-online-150x150.jpg",150,150,true],"medium":["https:\/\/legitgrams.com\/wp-content\/uploads\/2024\/09\/buy-imovane-zopiclone-pills-online-300x300.jpg",300,300,true],"medium_large":["https:\/\/legitgrams.com\/wp-content\/uploads\/2024\/09\/buy-imovane-zopiclone-pills-online.jpg",600,600,false],"large":["https:\/\/legitgrams.com\/wp-content\/uploads\/2024\/09\/buy-imovane-zopiclone-pills-online.jpg",600,600,false],"1536x1536":["https:\/\/legitgrams.com\/wp-content\/uploads\/2024\/09\/buy-imovane-zopiclone-pills-online.jpg",600,600,false],"2048x2048":["https:\/\/legitgrams.com\/wp-content\/uploads\/2024\/09\/buy-imovane-zopiclone-pills-online.jpg",600,600,false],"trp-custom-language-flag":["https:\/\/legitgrams.com\/wp-content\/uploads\/2024\/09\/buy-imovane-zopiclone-pills-online-12x12.jpg",12,12,true],"woocommerce_thumbnail":["https:\/\/legitgrams.com\/wp-content\/uploads\/2024\/09\/buy-imovane-zopiclone-pills-online-300x300.jpg",300,300,true],"woocommerce_single":["https:\/\/legitgrams.com\/wp-content\/uploads\/2024\/09\/buy-imovane-zopiclone-pills-online.jpg",600,600,false],"woocommerce_gallery_thumbnail":["https:\/\/legitgrams.com\/wp-content\/uploads\/2024\/09\/buy-imovane-zopiclone-pills-online-100x100.jpg",100,100,true]},"uagb_author_info":{"display_name":"cokeblog18","author_link":"https:\/\/legitgrams.com\/pl\/author\/"},"uagb_comment_info":0,"uagb_excerpt":"Purchase Zopiclone with Imovane tablets online. zopiclone is a sedative and hypnotist that is a member of the same pharmacological class as benzodiazepines. This drug is used to temporarily relieve insomnia and the symptoms of a number of sleep disorders. This can help people who wake up early, have a hard time falling asleep, or&hellip;","_links":{"self":[{"href":"https:\/\/legitgrams.com\/pl\/wp-json\/wp\/v2\/product\/3873","targetHints":{"allow":["GET"]}}],"collection":[{"href":"https:\/\/legitgrams.com\/pl\/wp-json\/wp\/v2\/product"}],"about":[{"href":"https:\/\/legitgrams.com\/pl\/wp-json\/wp\/v2\/types\/product"}],"replies":[{"embeddable":true,"href":"https:\/\/legitgrams.com\/pl\/wp-json\/wp\/v2\/comments?post=3873"}],"wp:featuredmedia":[{"embeddable":true,"href":"https:\/\/legitgrams.com\/pl\/wp-json\/wp\/v2\/media\/5214"}],"wp:attachment":[{"href":"https:\/\/legitgrams.com\/pl\/wp-json\/wp\/v2\/media?parent=3873"}],"wp:term":[{"taxonomy":"product_brand","embeddable":true,"href":"https:\/\/legitgrams.com\/pl\/wp-json\/wp\/v2\/product_brand?post=3873"},{"taxonomy":"product_cat","embeddable":true,"href":"https:\/\/legitgrams.com\/pl\/wp-json\/wp\/v2\/product_cat?post=3873"},{"taxonomy":"product_tag","embeddable":true,"href":"https:\/\/legitgrams.com\/pl\/wp-json\/wp\/v2\/product_tag?post=3873"}],"curies":[{"name":"wp","href":"https:\/\/api.w.org\/{rel}","templated":true}]}}