{"id":3878,"date":"2024-09-20T09:46:41","date_gmt":"2024-09-20T09:46:41","guid":{"rendered":"https:\/\/legitgrams.com\/?post_type=product&#038;p=3878"},"modified":"2025-01-14T08:44:29","modified_gmt":"2025-01-14T08:44:29","slug":"magnus-mr-morphine-30mg","status":"publish","type":"product","link":"https:\/\/legitgrams.com\/pl\/produkt\/magnus-mr-morphine-30mg\/","title":{"rendered":"Magnus MR Morphine 30mg"},"content":{"rendered":"<h2>Kup 30 mg Magnus MR Morphine online.<\/h2>\n<p><a href=\"https:\/\/legitgrams.com\/pl\/produkt\/magnus-mr-morphine-30mg\/\">Magnus<\/a> jest lekiem przeciwb\u00f3lowym na bazie opioid\u00f3w. Opioidy s\u0105 czasami okre\u015blane jako leki. Magnus jest stosowany w leczeniu b\u00f3lu \u0142agodnego i silnego. Je\u015bli wymagany jest szybko dzia\u0142aj\u0105cy \u015brodek przeciwb\u00f3lowy, podaje si\u0119 go. Przewlek\u0142y b\u00f3l leczy si\u0119 op\u00f3\u017anionym typem Magnusa. Nie zaleca si\u0119 stosowania Magnusa w tej formie w przypadku odczuwania b\u00f3lu. <a href=\"https:\/\/legitgrams.com\/pl\/\">LegitGrams<\/a><\/p>\n<p>Kup Magnusa <a href=\"https:\/\/en.wikipedia.org\/wiki\/Morphine\">MR Morfina<\/a> 30 mg online: kup Magnus MR, kup Magnus MR Morphine 30 mg, kup Magnus online Gdzie mog\u0119 kupi\u0107 Magnus MR Morphine 30 mg online? Gdzie mog\u0119 kupi\u0107 Magnus MR Morphine 30 mg online? Gdzie mog\u0119 kupi\u0107 Magnus MR Morphine 30 mg online? W jakiej lokalizacji mog\u0119 kupi\u0107 30 mg Online Magnus MR Morphine? USA, Kanada, Wielka Brytania, dostawcy, zakupy online, bezpieczna dostawa, Nadal jest zapas Magnus MR Morphine 30 mg. Czy w USA legalne jest kupowanie Magnus MR Morphine 30 mg online? Jak mog\u0119 dosta\u0107 30 mg Magnus MR Morphine? Czy w Kanadzie Magnus MR Morphine 30 mg jest legalne?<\/p>\n<h2><\/h2>\n<p>&nbsp;<\/p>","protected":false},"excerpt":{"rendered":"<p>Purchase 30 mg of Magnus MR Morphine online. Magnus is an opioid-based analgesic. Opioids are occasionally referred to as drugs. Magnus is used to treat both mild and severe pain. If a quick-acting pain reliever is required, it is given. Chronic pain is treated with a retarded type of Magnus. It is not advised to &hellip;<\/p>\n<p class=\"read-more\"> <a class=\"\" href=\"https:\/\/legitgrams.com\/pl\/produkt\/magnus-mr-morphine-30mg\/\"> <span class=\"screen-reader-text\">Magnus MR Morphine 30mg<\/span> Czytaj wi\u0119cej \"<\/a><\/p>","protected":false},"featured_media":5235,"comment_status":"open","ping_status":"closed","template":"","meta":{"_uag_custom_page_level_css":"","site-sidebar-layout":"default","site-content-layout":"default","ast-global-header-display":"","ast-main-header-display":"","ast-hfb-above-header-display":"","ast-hfb-below-header-display":"","ast-hfb-mobile-header-display":"","site-post-title":"","ast-breadcrumbs-content":"","ast-featured-img":"","footer-sml-layout":"","theme-transparent-header-meta":"default","adv-header-id-meta":"","stick-header-meta":"default","header-above-stick-meta":"","header-main-stick-meta":"","header-below-stick-meta":"","_joinchat":[]},"product_brand":[],"product_cat":[608,597],"product_tag":[4326,4316,617,4308,4323,4320,4315,4307,4310,4318,4311,4309,4319,4321,4328,4329,4327,4324,4313,4325,4322,625,4314,4317,4312],"class_list":{"0":"post-3878","1":"product","2":"type-product","3":"status-publish","4":"has-post-thumbnail","6":"product_cat-pain-pills","7":"product_cat-pain-sleeping-sex-pills","8":"product_tag-best-cheap-price-magnus-mr-morphine-30mg","9":"product_tag-best-place-to-buy-magnus-mr-morphine-30mg","10":"product_tag-bulk-online","11":"product_tag-buy-magnus-mr-morphine-30mg","12":"product_tag-cheap-magnus-mr-morphine-30mg","13":"product_tag-high-quality-magnus-mr-morphine-30mg","14":"product_tag-how-to-buy-magnus-mr-morphine-30mg","15":"product_tag-magnus-mr-morphine-30mg","16":"product_tag-magnus-mr-morphine-30mg-for-sale","17":"product_tag-magnus-mr-morphine-30mg-legally","18":"product_tag-magnus-mr-morphine-30mg-magnus-mr-morphine-30mg-supplier","19":"product_tag-magnus-mr-morphine-30mg-online","20":"product_tag-magnus-mr-morphine-30mg-price","21":"product_tag-magnus-mr-morphine-30mg-store","22":"product_tag-magnus-mr-morphine-30mg-use","23":"product_tag-magnus-mr-morphine-30mg-wiki","24":"product_tag-magnus-mr-morphine-30mg-worldwide","25":"product_tag-magnus-mr-morphine-30mgs","26":"product_tag-order-magnus-mr-morphine-30mg","27":"product_tag-purcharse-magnus-mr-morphine-30mg","28":"product_tag-shop-magnus-mr-morphine-30mg","29":"product_tag-top-quality","30":"product_tag-where-to-buy-magnus-mr-morphine-30mg","31":"product_tag-where-to-order-magnus-mr-morphine-30mg","32":"product_tag-wholesale-magnus-mr-morphine-30mg","33":"desktop-align-left","34":"tablet-align-left","35":"mobile-align-left","36":"ast-product-gallery-layout-horizontal","37":"ast-product-gallery-with-no-image","38":"ast-product-single-variable","39":"ast-product-tabs-layout-horizontal","40":"ast-qv-on-image","42":"first","43":"instock","44":"shipping-taxable","45":"purchasable","46":"product-type-variable"},"yoast_head":"<!-- This site is optimized with the Yoast SEO plugin v25.9 - https:\/\/yoast.com\/wordpress\/plugins\/seo\/ -->\n<title>Magnus MR Morphine 30mg for Sale | LegitGrams<\/title>\n<meta name=\"description\" content=\"You can get Magnus MR Morphine 30mg for sale at our store and get it at your doorstep without any hassle. We will help you to buy Magnus MR Morphine 30mg online. Order now!\" \/>\n<meta name=\"robots\" content=\"index, follow, max-snippet:-1, max-image-preview:large, max-video-preview:-1\" \/>\n<link rel=\"canonical\" href=\"https:\/\/legitgrams.com\/pl\/produkt\/magnus-mr-morphine-30mg\/\" \/>\n<meta property=\"og:locale\" content=\"pl_PL\" \/>\n<meta property=\"og:type\" content=\"article\" \/>\n<meta property=\"og:title\" content=\"Magnus MR Morphine 30mg for Sale | LegitGrams\" \/>\n<meta property=\"og:description\" content=\"You can get Magnus MR Morphine 30mg for sale at our store and get it at your doorstep without any hassle. We will help you to buy Magnus MR Morphine 30mg online. Order now!\" \/>\n<meta property=\"og:url\" content=\"https:\/\/legitgrams.com\/pl\/produkt\/magnus-mr-morphine-30mg\/\" \/>\n<meta property=\"og:site_name\" content=\"Legit Grams\" \/>\n<meta property=\"article:modified_time\" content=\"2025-01-14T08:44:29+00:00\" \/>\n<meta property=\"og:image\" content=\"https:\/\/legitgrams.com\/wp-content\/uploads\/2024\/09\/buy-magnus-mr-morphine-30mg-online.jpg\" \/>\n\t<meta property=\"og:image:width\" content=\"600\" \/>\n\t<meta property=\"og:image:height\" content=\"600\" \/>\n\t<meta property=\"og:image:type\" content=\"image\/jpeg\" \/>\n<meta name=\"twitter:card\" content=\"summary_large_image\" \/>\n<meta name=\"twitter:label1\" content=\"Szacowany czas czytania\" \/>\n\t<meta name=\"twitter:data1\" content=\"2 minuty\" \/>\n<script type=\"application\/ld+json\" class=\"yoast-schema-graph\">{\"@context\":\"https:\/\/schema.org\",\"@graph\":[{\"@type\":\"WebPage\",\"@id\":\"https:\/\/legitgrams.com\/product\/magnus-mr-morphine-30mg\/\",\"url\":\"https:\/\/legitgrams.com\/product\/magnus-mr-morphine-30mg\/\",\"name\":\"Magnus MR Morphine 30mg for Sale | LegitGrams\",\"isPartOf\":{\"@id\":\"https:\/\/legitgrams.com\/#website\"},\"primaryImageOfPage\":{\"@id\":\"https:\/\/legitgrams.com\/product\/magnus-mr-morphine-30mg\/#primaryimage\"},\"image\":{\"@id\":\"https:\/\/legitgrams.com\/product\/magnus-mr-morphine-30mg\/#primaryimage\"},\"thumbnailUrl\":\"https:\/\/legitgrams.com\/wp-content\/uploads\/2024\/09\/buy-magnus-mr-morphine-30mg-online.jpg\",\"datePublished\":\"2024-09-20T09:46:41+00:00\",\"dateModified\":\"2025-01-14T08:44:29+00:00\",\"description\":\"You can get Magnus MR Morphine 30mg for sale at our store and get it at your doorstep without any hassle. We will help you to buy Magnus MR Morphine 30mg online. Order now!\",\"breadcrumb\":{\"@id\":\"https:\/\/legitgrams.com\/product\/magnus-mr-morphine-30mg\/#breadcrumb\"},\"inLanguage\":\"pl-PL\",\"potentialAction\":[{\"@type\":\"ReadAction\",\"target\":[\"https:\/\/legitgrams.com\/product\/magnus-mr-morphine-30mg\/\"]}]},{\"@type\":\"ImageObject\",\"inLanguage\":\"pl-PL\",\"@id\":\"https:\/\/legitgrams.com\/product\/magnus-mr-morphine-30mg\/#primaryimage\",\"url\":\"https:\/\/legitgrams.com\/wp-content\/uploads\/2024\/09\/buy-magnus-mr-morphine-30mg-online.jpg\",\"contentUrl\":\"https:\/\/legitgrams.com\/wp-content\/uploads\/2024\/09\/buy-magnus-mr-morphine-30mg-online.jpg\",\"width\":600,\"height\":600,\"caption\":\"Magnus MR Morphine 30mg for Sale\"},{\"@type\":\"BreadcrumbList\",\"@id\":\"https:\/\/legitgrams.com\/product\/magnus-mr-morphine-30mg\/#breadcrumb\",\"itemListElement\":[{\"@type\":\"ListItem\",\"position\":1,\"name\":\"Home\",\"item\":\"https:\/\/legitgrams.com\/\"},{\"@type\":\"ListItem\",\"position\":2,\"name\":\"Shop\",\"item\":\"https:\/\/legitgrams.com\/shop\/\"},{\"@type\":\"ListItem\",\"position\":3,\"name\":\"Magnus MR Morphine 30mg\"}]},{\"@type\":\"WebSite\",\"@id\":\"https:\/\/legitgrams.com\/#website\",\"url\":\"https:\/\/legitgrams.com\/\",\"name\":\"Legit Grams\",\"description\":\"My WordPress Blog\",\"publisher\":{\"@id\":\"https:\/\/legitgrams.com\/#organization\"},\"potentialAction\":[{\"@type\":\"SearchAction\",\"target\":{\"@type\":\"EntryPoint\",\"urlTemplate\":\"https:\/\/legitgrams.com\/?s={search_term_string}\"},\"query-input\":{\"@type\":\"PropertyValueSpecification\",\"valueRequired\":true,\"valueName\":\"search_term_string\"}}],\"inLanguage\":\"pl-PL\"},{\"@type\":\"Organization\",\"@id\":\"https:\/\/legitgrams.com\/#organization\",\"name\":\"Legit Grams\",\"url\":\"https:\/\/legitgrams.com\/\",\"logo\":{\"@type\":\"ImageObject\",\"inLanguage\":\"pl-PL\",\"@id\":\"https:\/\/legitgrams.com\/#\/schema\/logo\/image\/\",\"url\":\"https:\/\/legitgrams.com\/wp-content\/uploads\/2024\/09\/main-logo.png\",\"contentUrl\":\"https:\/\/legitgrams.com\/wp-content\/uploads\/2024\/09\/main-logo.png\",\"width\":270,\"height\":75,\"caption\":\"Legit Grams\"},\"image\":{\"@id\":\"https:\/\/legitgrams.com\/#\/schema\/logo\/image\/\"}}]}<\/script>\n<!-- \/ Yoast SEO plugin. -->","yoast_head_json":{"title":"Magnus MR Morphine 30mg na sprzeda\u017c | LegitGrams","description":"Mo\u017cesz dosta\u0107 Magnus MR Morphine 30mg na sprzeda\u017c w naszym sklepie i dosta\u0107 go na wyci\u0105gni\u0119cie r\u0119ki bez \u017cadnych k\u0142opot\u00f3w. Pomo\u017cemy Ci kupi\u0107 Magnus MR Morphine 30mg online. Zam\u00f3w teraz!","robots":{"index":"index","follow":"follow","max-snippet":"max-snippet:-1","max-image-preview":"max-image-preview:large","max-video-preview":"max-video-preview:-1"},"canonical":"https:\/\/legitgrams.com\/pl\/produkt\/magnus-mr-morphine-30mg\/","og_locale":"pl_PL","og_type":"article","og_title":"Magnus MR Morphine 30mg for Sale | LegitGrams","og_description":"You can get Magnus MR Morphine 30mg for sale at our store and get it at your doorstep without any hassle. We will help you to buy Magnus MR Morphine 30mg online. Order now!","og_url":"https:\/\/legitgrams.com\/pl\/produkt\/magnus-mr-morphine-30mg\/","og_site_name":"Legit Grams","article_modified_time":"2025-01-14T08:44:29+00:00","og_image":[{"width":600,"height":600,"url":"https:\/\/legitgrams.com\/wp-content\/uploads\/2024\/09\/buy-magnus-mr-morphine-30mg-online.jpg","type":"image\/jpeg"}],"twitter_card":"summary_large_image","twitter_misc":{"Szacowany czas czytania":"2 minuty"},"schema":{"@context":"https:\/\/schema.org","@graph":[{"@type":"WebPage","@id":"https:\/\/legitgrams.com\/product\/magnus-mr-morphine-30mg\/","url":"https:\/\/legitgrams.com\/product\/magnus-mr-morphine-30mg\/","name":"Magnus MR Morphine 30mg na sprzeda\u017c | LegitGrams","isPartOf":{"@id":"https:\/\/legitgrams.com\/#website"},"primaryImageOfPage":{"@id":"https:\/\/legitgrams.com\/product\/magnus-mr-morphine-30mg\/#primaryimage"},"image":{"@id":"https:\/\/legitgrams.com\/product\/magnus-mr-morphine-30mg\/#primaryimage"},"thumbnailUrl":"https:\/\/legitgrams.com\/wp-content\/uploads\/2024\/09\/buy-magnus-mr-morphine-30mg-online.jpg","datePublished":"2024-09-20T09:46:41+00:00","dateModified":"2025-01-14T08:44:29+00:00","description":"Mo\u017cesz dosta\u0107 Magnus MR Morphine 30mg na sprzeda\u017c w naszym sklepie i dosta\u0107 go na wyci\u0105gni\u0119cie r\u0119ki bez \u017cadnych k\u0142opot\u00f3w. Pomo\u017cemy Ci kupi\u0107 Magnus MR Morphine 30mg online. Zam\u00f3w teraz!","breadcrumb":{"@id":"https:\/\/legitgrams.com\/product\/magnus-mr-morphine-30mg\/#breadcrumb"},"inLanguage":"pl-PL","potentialAction":[{"@type":"ReadAction","target":["https:\/\/legitgrams.com\/product\/magnus-mr-morphine-30mg\/"]}]},{"@type":"ImageObject","inLanguage":"pl-PL","@id":"https:\/\/legitgrams.com\/product\/magnus-mr-morphine-30mg\/#primaryimage","url":"https:\/\/legitgrams.com\/wp-content\/uploads\/2024\/09\/buy-magnus-mr-morphine-30mg-online.jpg","contentUrl":"https:\/\/legitgrams.com\/wp-content\/uploads\/2024\/09\/buy-magnus-mr-morphine-30mg-online.jpg","width":600,"height":600,"caption":"Magnus MR Morphine 30mg for Sale"},{"@type":"BreadcrumbList","@id":"https:\/\/legitgrams.com\/product\/magnus-mr-morphine-30mg\/#breadcrumb","itemListElement":[{"@type":"ListItem","position":1,"name":"Home","item":"https:\/\/legitgrams.com\/"},{"@type":"ListItem","position":2,"name":"Shop","item":"https:\/\/legitgrams.com\/shop\/"},{"@type":"ListItem","position":3,"name":"Magnus MR Morphine 30mg"}]},{"@type":"WebSite","@id":"https:\/\/legitgrams.com\/#website","url":"https:\/\/legitgrams.com\/","name":"Legit Grams","description":"M\u00f3j blog WordPress","publisher":{"@id":"https:\/\/legitgrams.com\/#organization"},"potentialAction":[{"@type":"SearchAction","target":{"@type":"EntryPoint","urlTemplate":"https:\/\/legitgrams.com\/?s={search_term_string}"},"query-input":{"@type":"PropertyValueSpecification","valueRequired":true,"valueName":"search_term_string"}}],"inLanguage":"pl-PL"},{"@type":"Organization","@id":"https:\/\/legitgrams.com\/#organization","name":"Legit Grams","url":"https:\/\/legitgrams.com\/","logo":{"@type":"ImageObject","inLanguage":"pl-PL","@id":"https:\/\/legitgrams.com\/#\/schema\/logo\/image\/","url":"https:\/\/legitgrams.com\/wp-content\/uploads\/2024\/09\/main-logo.png","contentUrl":"https:\/\/legitgrams.com\/wp-content\/uploads\/2024\/09\/main-logo.png","width":270,"height":75,"caption":"Legit Grams"},"image":{"@id":"https:\/\/legitgrams.com\/#\/schema\/logo\/image\/"}}]}},"uagb_featured_image_src":{"full":["https:\/\/legitgrams.com\/wp-content\/uploads\/2024\/09\/buy-magnus-mr-morphine-30mg-online.jpg",600,600,false],"thumbnail":["https:\/\/legitgrams.com\/wp-content\/uploads\/2024\/09\/buy-magnus-mr-morphine-30mg-online-150x150.jpg",150,150,true],"medium":["https:\/\/legitgrams.com\/wp-content\/uploads\/2024\/09\/buy-magnus-mr-morphine-30mg-online-300x300.jpg",300,300,true],"medium_large":["https:\/\/legitgrams.com\/wp-content\/uploads\/2024\/09\/buy-magnus-mr-morphine-30mg-online.jpg",600,600,false],"large":["https:\/\/legitgrams.com\/wp-content\/uploads\/2024\/09\/buy-magnus-mr-morphine-30mg-online.jpg",600,600,false],"1536x1536":["https:\/\/legitgrams.com\/wp-content\/uploads\/2024\/09\/buy-magnus-mr-morphine-30mg-online.jpg",600,600,false],"2048x2048":["https:\/\/legitgrams.com\/wp-content\/uploads\/2024\/09\/buy-magnus-mr-morphine-30mg-online.jpg",600,600,false],"trp-custom-language-flag":["https:\/\/legitgrams.com\/wp-content\/uploads\/2024\/09\/buy-magnus-mr-morphine-30mg-online-12x12.jpg",12,12,true],"woocommerce_thumbnail":["https:\/\/legitgrams.com\/wp-content\/uploads\/2024\/09\/buy-magnus-mr-morphine-30mg-online-300x300.jpg",300,300,true],"woocommerce_single":["https:\/\/legitgrams.com\/wp-content\/uploads\/2024\/09\/buy-magnus-mr-morphine-30mg-online.jpg",600,600,false],"woocommerce_gallery_thumbnail":["https:\/\/legitgrams.com\/wp-content\/uploads\/2024\/09\/buy-magnus-mr-morphine-30mg-online-100x100.jpg",100,100,true]},"uagb_author_info":{"display_name":"cokeblog18","author_link":"https:\/\/legitgrams.com\/pl\/author\/"},"uagb_comment_info":0,"uagb_excerpt":"Purchase 30 mg of Magnus MR Morphine online. Magnus is an opioid-based analgesic. Opioids are occasionally referred to as drugs. Magnus is used to treat both mild and severe pain. If a quick-acting pain reliever is required, it is given. Chronic pain is treated with a retarded type of Magnus. It is not advised to&hellip;","_links":{"self":[{"href":"https:\/\/legitgrams.com\/pl\/wp-json\/wp\/v2\/product\/3878","targetHints":{"allow":["GET"]}}],"collection":[{"href":"https:\/\/legitgrams.com\/pl\/wp-json\/wp\/v2\/product"}],"about":[{"href":"https:\/\/legitgrams.com\/pl\/wp-json\/wp\/v2\/types\/product"}],"replies":[{"embeddable":true,"href":"https:\/\/legitgrams.com\/pl\/wp-json\/wp\/v2\/comments?post=3878"}],"wp:featuredmedia":[{"embeddable":true,"href":"https:\/\/legitgrams.com\/pl\/wp-json\/wp\/v2\/media\/5235"}],"wp:attachment":[{"href":"https:\/\/legitgrams.com\/pl\/wp-json\/wp\/v2\/media?parent=3878"}],"wp:term":[{"taxonomy":"product_brand","embeddable":true,"href":"https:\/\/legitgrams.com\/pl\/wp-json\/wp\/v2\/product_brand?post=3878"},{"taxonomy":"product_cat","embeddable":true,"href":"https:\/\/legitgrams.com\/pl\/wp-json\/wp\/v2\/product_cat?post=3878"},{"taxonomy":"product_tag","embeddable":true,"href":"https:\/\/legitgrams.com\/pl\/wp-json\/wp\/v2\/product_tag?post=3878"}],"curies":[{"name":"wp","href":"https:\/\/api.w.org\/{rel}","templated":true}]}}