{"id":3890,"date":"2024-09-20T10:09:25","date_gmt":"2024-09-20T10:09:25","guid":{"rendered":"https:\/\/legitgrams.com\/?post_type=product&#038;p=3890"},"modified":"2025-04-04T13:43:33","modified_gmt":"2025-04-04T13:43:33","slug":"grzyby-zazdrosci-penisa","status":"publish","type":"product","link":"https:\/\/legitgrams.com\/pl\/produkt\/grzyby-zazdrosci-penisa\/","title":{"rendered":"Kup Penis Envy Mushrooms online"},"content":{"rendered":"<h2>Kup Penis Envy Mushrooms Online: Penis Envy Cubensis na sprzeda\u017c<\/h2>\n<p>\"Co to jest <a href=\"https:\/\/legitgrams.com\/pl\/produkt\/grzyby-zazdrosci-penisa\/\">Penis Envy Cubensis<\/a>? Co z t\u0105 dziwn\u0105 nazw\u0105?\u201d mo\u017ce ci chodzi\u0107 po g\u0142owie. Sytuacja jest naprawd\u0119 prosta. Nie da si\u0119 obej\u015b\u0107 faktu, \u017ce ten halucynogenny grzyb przypomina penisa. Mo\u017cesz by\u0107 zaskoczony, dowiaduj\u0105c si\u0119, \u017ce ten grzyb ma jeden z najsilniejszych potencja\u0142\u00f3w psychodelicznych spo\u015br\u00f3d wszystkich znanych gatunk\u00f3w. Plotka g\u0142osi, \u017ce Terence McKenna z Psychonauts by\u0142 in\u017cynierem <a href=\"https:\/\/www.bing.com\/search?q=KupPenisEnvyMushroomsOnline&amp;qs=n&amp;form=QBRE&amp;sp=-1&amp;lq=0&amp;pq=kuppenisenvymushroomsonline&amp;sc=0-31&amp;sk=&amp;cvid=2D7935A676DD4FF89C88DF447DD37BA4&amp;ghsh=0&amp;ghacc=0&amp;ghpl=\">Penis Envy Cubensis<\/a>.<\/p>\n<p>Posiada mi\u0119sisty kapelusz, gruby, bulwiasty trzon i trzon, kt\u00f3ry nadal ro\u015bnie, nawet po otwarciu kapelusza. W przeciwie\u0144stwie do innych odmian Cubensis, ta ma bardzo du\u017c\u0105 g\u0119sto\u015b\u0107 grzyb\u00f3w. Uprawa tego rodzaju grzyb\u00f3w nie jest \u0142atwa. Pod mikroskopem zarodniki wygl\u0105daj\u0105 identycznie, ale proces ich generowania jest ca\u0142kowicie odmienny od procesu innych odmian. W istocie odciski zarodnik\u00f3w nie s\u0105 mo\u017cliwe, a strzykawki zarodnik\u00f3w s\u0105 jedynym sposobem na ich uzyskanie. <a href=\"https:\/\/www.google.com\/search?q=Kup+Penis+Envy+Mushrooms+Online&amp;sca_esv=eddefdb7b92e7545&amp;sxsrf=AHTn8zrKoVrU4kwCdHYonmWHgQYhj2qsWA1743774329989&amp;ei=eeLvZ-yHPKi60-kP_aO3sQ8&amp;ved=0ahUKEwisqIfMwb6MAxUo3TQHHf3RLfYQ4dUDCBA&amp;uact=5&amp;oq=Kup+Penis+Envy+Mushrooms+Online&amp;gs_lp=Egxnd3Mtd2l6LXNlcnAiH0t1cCBQZW5pcyBFbnZ5IE11c2hyb29tcyBPbmxpbmVI2gRQAFgAcAB4AJABAJgB4QGgAeEBqgEDMi0xuAEDyAEA-AEC-AEBmAIAoAIAmAMAkgcAoAdTsgcAuAcA&amp;sclient=gws-wiz-serp\">Penis Envy Cubensis<\/a> spores. <a href=\"https:\/\/legitgrams.com\/pl\/\">LegitGrams<\/a><\/p>\n<h3>Jakie efekty zapewnia ten grzyb?<\/h3>\n<p>Silnym grzybem na bazie psilocybiny jest Penis Envy Cubensis Canada. Najwyra\u017aniej aktywny sk\u0142adnik nazywa si\u0119 psilocybin\u0105 i ma r\u00f3\u017cne efekty fizjologiczne. Zasadniczo do\u015bwiadczysz czego\u015b mistycznego, co r\u00f3\u017cni si\u0119 w zale\u017cno\u015bci od osoby. Rodzaj do\u015bwiadczenia b\u0119dzie zale\u017ca\u0142 od ilo\u015bci przyj\u0119tej dawki.<\/p>\n<p>Na przyk\u0142ad, <a href=\"https:\/\/en.wikipedia.org\/wiki\/Penis_envy\">Penis Envy<\/a> Cubensis ma silne dzia\u0142anie, kt\u00f3re mo\u017ce by\u0107 por\u00f3wnywalne z dwoma lub trzema gramami s\u0142abszych grzyb\u00f3w na gram. Z tego powodu zalecamy rozpocz\u0119cie od mniejszej dawki, szczeg\u00f3lnie je\u015bli jeste\u015b nowym u\u017cytkownikiem. Dla pocz\u0105tkuj\u0105cego u\u017cytkownika g\u0142\u0119bokie i niepokoj\u0105ce efekty grzyb\u00f3w psilocybinowych mog\u0105 by\u0107 raczej niepokoj\u0105ce.<\/p>\n<h3>Przyjmowanie wi\u0119kszych dawek tego grzyba mo\u017ce powodowa\u0107 nast\u0119puj\u0105ce skutki:<\/h3>\n<p>Percepcje rozszerzania czasus<br \/>\nUrojenia<br \/>\nSynestezja to zdolno\u015b\u0107 postrzegania d\u017awi\u0119k\u00f3w i s\u0142yszenia kolor\u00f3w.<\/p>\n<p>Fraktalny surfing<br \/>\nB\u0142yski zdarze\u0144 i incydent\u00f3w, kt\u00f3re s\u0105 tak \u017cywe, \u017ce przejmuj\u0105 twoje my\u015bli, gdy patrzysz na cia\u0142a niebieskie<br \/>\nS\u0142owo \u201ezdrowy\u201d najlepiej podsumowuje wycieczk\u0119 z Penis Envy Cubensis. Ma\u0142o prawdopodobne, \u017ce poczujesz si\u0119 wyczerpany lub senny. Z drugiej strony, r\u00f3\u017cnorodno\u015b\u0107 bod\u017ac\u00f3w wzrokowych i s\u0142uchowych, kt\u00f3rych do\u015bwiadczysz podczas podr\u00f3\u017cy, powinna sprawi\u0107, \u017ce poczujesz si\u0119 pe\u0142en energii, euforyczny i ciekawy.<\/p>\n<h3>Czy s\u0105 jakie\u015b korzy\u015bci zdrowotne?<\/h3>\n<p>Spo\u017cycie psilocybiny cz\u0119sto wi\u0105\u017ce si\u0119 z dzia\u0142aniem antydepresyjnym, przeciwl\u0119kowym i antystresowym. Jest u\u017cywana przez ludzi na ca\u0142ym \u015bwiecie do leczenia r\u00f3\u017cnych problem\u00f3w, z kt\u00f3rymi si\u0119 borykaj\u0105. Najlepiej jednak spo\u017cywa\u0107 j\u0105 w granicach swojej strefy komfortu. Przyjmowane w nadmiarze, wiele rzeczy, kt\u00f3re mog\u0105 pom\u00f3c w radzeniu sobie z l\u0119kiem, mo\u017ce r\u00f3wnie\u017c sprawi\u0107, \u017ce poczujesz si\u0119 niespokojny, szczeg\u00f3lnie je\u015bli nigdy wcze\u015bniej nie bra\u0142e\u015b grzyb\u00f3w. Mo\u017cesz by\u0107 przera\u017cony dylatacj\u0105 czasu, zjawiskiem \u015bmierci ego i konsekwencjami zmieniaj\u0105cymi umys\u0142.<\/p>\n<p>Psylocybina mo\u017ce r\u00f3wnie\u017c mie\u0107 dzia\u0142anie neuroprotekcyjne i neurogenetyczne, zgodnie z kilkoma badaniami. M\u00f3wi\u0105c inaczej, grzyby psylocybinowe, takie jak te om\u00f3wione w tej recenzji <a href=\"https:\/\/duckduckgo.com\/?q=Kup+Penis+Envy+Mushrooms+Online&amp;t=h_&amp;ia=web\">Penis Envy Cubensis<\/a> will encourage neural genesis and stop your brain functions from declining. You should eat these mushrooms at least once in your lifetime for a variety of reasons. Better still if you like them and they help you.<\/p>\n<p>Je\u015bli kupisz Penis Envy Cubensis online, pokochasz go. Niezale\u017cnie od tego, czy chcesz wzi\u0105\u0107 wi\u0119ksz\u0105 dawk\u0119 i zaj\u0105\u0107 si\u0119 nierozwi\u0105zanymi kwestiami, z kt\u00f3rymi si\u0119 zmagasz, czy te\u017c chcesz mikrodawkowa\u0107 mniejsze ilo\u015bci na niepok\u00f3j i skupienie. Zamiast obsesji na punkcie trywialnych szczeg\u00f3\u0142\u00f3w i wype\u0142niania g\u0142owy niepokoj\u0105cymi pytaniami, pozw\u00f3l swoim pomys\u0142om p\u0142yn\u0105\u0107 i pozw\u00f3l swojej kreatywno\u015bci przekroczy\u0107 z g\u00f3ry przyj\u0119te wyobra\u017cenia. Wiele os\u00f3b uwa\u017ca, \u017ce grzyby psilocybinowe s\u0105 najlepszym sposobem na z\u0142agodzenie stresu i rozpaczy.<\/p>\n<h3>Niezwykle silny grzyb<\/h3>\n<p>Penis Envy Cubensis nie bez powodu uwa\u017cany jest za jeden z najsilniejszych grzyb\u00f3w na \u015bwiecie. Unikalny zestaw efekt\u00f3w psychoaktywnych wynika ze zwi\u0119kszonej si\u0142y dzia\u0142ania. Grzyb ten ro\u015bnie znacznie wolniej ni\u017c inne grzyby, co ma proste wyja\u015bnienie fizjologiczne. Umo\u017cliwia to zwi\u0119kszenie produkcji psilocybiny od stadium zarodnik\u00f3w do stadium doros\u0142ego.<\/p>\n<p>Potencja\u0142 halucynogenny Penis Envy Cubensis jest wi\u0119kszy ni\u017c w przypadku wi\u0119kszo\u015bci innych grzyb\u00f3w. Nale\u017cy zatem zachowa\u0107 ostro\u017cno\u015b\u0107 przy wyborze warunk\u00f3w i czasu stosowania tego grzyba. Wi\u0119ksze dawki niew\u0105tpliwie spowoduj\u0105 zmian\u0119 \u015bwiadomo\u015bci, a tak\u017ce halucynacje i poczucie zmiany czasu. Dodatkowo, fraktalny bodziec wizualny chwilowo ograniczy \u015bwiadomo\u015b\u0107 i zdolno\u015b\u0107 do podejmowania decyzji.<\/p>\n<h3>Zarodniki zazdro\u015bci o penisa na sprzeda\u017c<\/h3>\n<p>Penis Envy Cubensis online<br \/>\nPenis Envy Cubensis: Zakup online<\/p>\n<p>Penis Envy Cubensis: Zakup online<\/p>\n<p>Zakup Penis Envy<\/p>\n<p>Na sprzeda\u017c: zazdro\u015b\u0107 o penisa albinosa<\/p>\n<p>&nbsp;<\/p>","protected":false},"excerpt":{"rendered":"<p>Purchase Penis Envy Mushrooms Online: Penis Envy Cubensis for Sale &#8220;What is the Penis Envy Cubensis? What&#8217;s with the weird name?&#8221; may be on your mind. The situation really is straightforward. There&#8217;s no getting around the fact that this hallucinogenic fungus resembles a penis. You may be surprised to learn that this mushroom has some &hellip;<\/p>\n<p class=\"read-more\"> <a class=\"\" href=\"https:\/\/legitgrams.com\/pl\/produkt\/grzyby-zazdrosci-penisa\/\"> <span class=\"screen-reader-text\">Kup Penis Envy Mushrooms online<\/span> Czytaj wi\u0119cej \"<\/a><\/p>","protected":false},"featured_media":5241,"comment_status":"open","ping_status":"closed","template":"","meta":{"_uag_custom_page_level_css":"","site-sidebar-layout":"default","site-content-layout":"default","ast-global-header-display":"","ast-main-header-display":"","ast-hfb-above-header-display":"","ast-hfb-below-header-display":"","ast-hfb-mobile-header-display":"","site-post-title":"","ast-breadcrumbs-content":"","ast-featured-img":"","footer-sml-layout":"","theme-transparent-header-meta":"default","adv-header-id-meta":"","stick-header-meta":"default","header-above-stick-meta":"","header-main-stick-meta":"","header-below-stick-meta":"","_joinchat":[]},"product_brand":[],"product_cat":[599],"product_tag":[4234,4224,617,4216,4231,4228,4223,4221,4215,4218,4226,4217,4219,4227,4229,4236,4237,4235,4232,4233,4230,625,4222,4225,4220],"class_list":{"0":"post-3890","1":"product","2":"type-product","3":"status-publish","4":"has-post-thumbnail","6":"product_cat-psilocybin-or-magic-mushrooms","7":"product_tag-best-cheap-price-penis-envy-mushrooms","8":"product_tag-best-place-to-buy-penis-envy-mushrooms","9":"product_tag-bulk-online","10":"product_tag-buy-penis-envy-mushrooms","11":"product_tag-cheap-penis-envy-mushrooms","12":"product_tag-high-quality-penis-envy-mushrooms","13":"product_tag-how-to-buy-penis-envy-mushrooms","14":"product_tag-order-penis-envy-mushrooms","15":"product_tag-penis-envy-mushrooms","16":"product_tag-penis-envy-mushrooms-for-sale","17":"product_tag-penis-envy-mushrooms-legally","18":"product_tag-penis-envy-mushrooms-online","19":"product_tag-penis-envy-mushrooms-penis-envy-mushrooms-supplier","20":"product_tag-penis-envy-mushrooms-price","21":"product_tag-penis-envy-mushrooms-store","22":"product_tag-penis-envy-mushrooms-use","23":"product_tag-penis-envy-mushrooms-wiki","24":"product_tag-penis-envy-mushrooms-worldwide","25":"product_tag-penis-envy-mushroomss","26":"product_tag-purcharse-penis-envy-mushrooms","27":"product_tag-shop-penis-envy-mushrooms","28":"product_tag-top-quality","29":"product_tag-where-to-buy-penis-envy-mushrooms","30":"product_tag-where-to-order-penis-envy-mushrooms","31":"product_tag-wholesale-penis-envy-mushrooms","32":"desktop-align-left","33":"tablet-align-left","34":"mobile-align-left","35":"ast-product-gallery-layout-horizontal","36":"ast-product-gallery-with-no-image","37":"ast-product-single-variable","38":"ast-product-tabs-layout-horizontal","39":"ast-qv-on-image","41":"first","42":"instock","43":"featured","44":"shipping-taxable","45":"purchasable","46":"product-type-variable"},"yoast_head":"<!-- This site is optimized with the Yoast SEO plugin v25.9 - https:\/\/yoast.com\/wordpress\/plugins\/seo\/ -->\n<title>Penis Envy Mushrooms for Sale - Buy Penis Envy Mushrooms<\/title>\n<meta name=\"description\" content=\"Explore our online store for Penis Envy Mushrooms for sale, offering high-quality Penis Envy Mushrooms . Buy Penis Envy Mushrooms online securely and embark on your research journey with confidence. Place your order now!\" \/>\n<meta name=\"robots\" content=\"index, follow, max-snippet:-1, max-image-preview:large, max-video-preview:-1\" \/>\n<link rel=\"canonical\" href=\"https:\/\/legitgrams.com\/pl\/produkt\/grzyby-zazdrosci-penisa\/\" \/>\n<meta property=\"og:locale\" content=\"pl_PL\" \/>\n<meta property=\"og:type\" content=\"article\" \/>\n<meta property=\"og:title\" content=\"Penis Envy Mushrooms for Sale - Buy Penis Envy Mushrooms\" \/>\n<meta property=\"og:description\" content=\"Explore our online store for Penis Envy Mushrooms for sale, offering high-quality Penis Envy Mushrooms . Buy Penis Envy Mushrooms online securely and embark on your research journey with confidence. Place your order now!\" \/>\n<meta property=\"og:url\" content=\"https:\/\/legitgrams.com\/pl\/produkt\/grzyby-zazdrosci-penisa\/\" \/>\n<meta property=\"og:site_name\" content=\"Legit Grams\" \/>\n<meta property=\"article:modified_time\" content=\"2025-04-04T13:43:33+00:00\" \/>\n<meta property=\"og:image\" content=\"https:\/\/legitgrams.com\/wp-content\/uploads\/2024\/09\/penis-envy-for-salepsilocybin-or-magic-mushrooms.jpg\" \/>\n\t<meta property=\"og:image:width\" content=\"430\" \/>\n\t<meta property=\"og:image:height\" content=\"430\" \/>\n\t<meta property=\"og:image:type\" content=\"image\/jpeg\" \/>\n<meta name=\"twitter:card\" content=\"summary_large_image\" \/>\n<meta name=\"twitter:label1\" content=\"Szacowany czas czytania\" \/>\n\t<meta name=\"twitter:data1\" content=\"4 minuty\" \/>\n<script type=\"application\/ld+json\" class=\"yoast-schema-graph\">{\"@context\":\"https:\/\/schema.org\",\"@graph\":[{\"@type\":\"WebPage\",\"@id\":\"https:\/\/legitgrams.com\/product\/penis-envy-mushrooms\/\",\"url\":\"https:\/\/legitgrams.com\/product\/penis-envy-mushrooms\/\",\"name\":\"Penis Envy Mushrooms for Sale - Buy Penis Envy Mushrooms\",\"isPartOf\":{\"@id\":\"https:\/\/legitgrams.com\/#website\"},\"primaryImageOfPage\":{\"@id\":\"https:\/\/legitgrams.com\/product\/penis-envy-mushrooms\/#primaryimage\"},\"image\":{\"@id\":\"https:\/\/legitgrams.com\/product\/penis-envy-mushrooms\/#primaryimage\"},\"thumbnailUrl\":\"https:\/\/legitgrams.com\/wp-content\/uploads\/2024\/09\/penis-envy-for-salepsilocybin-or-magic-mushrooms.jpg\",\"datePublished\":\"2024-09-20T10:09:25+00:00\",\"dateModified\":\"2025-04-04T13:43:33+00:00\",\"description\":\"Explore our online store for Penis Envy Mushrooms for sale, offering high-quality Penis Envy Mushrooms . Buy Penis Envy Mushrooms online securely and embark on your research journey with confidence. Place your order now!\",\"breadcrumb\":{\"@id\":\"https:\/\/legitgrams.com\/product\/penis-envy-mushrooms\/#breadcrumb\"},\"inLanguage\":\"pl-PL\",\"potentialAction\":[{\"@type\":\"ReadAction\",\"target\":[\"https:\/\/legitgrams.com\/product\/penis-envy-mushrooms\/\"]}]},{\"@type\":\"ImageObject\",\"inLanguage\":\"pl-PL\",\"@id\":\"https:\/\/legitgrams.com\/product\/penis-envy-mushrooms\/#primaryimage\",\"url\":\"https:\/\/legitgrams.com\/wp-content\/uploads\/2024\/09\/penis-envy-for-salepsilocybin-or-magic-mushrooms.jpg\",\"contentUrl\":\"https:\/\/legitgrams.com\/wp-content\/uploads\/2024\/09\/penis-envy-for-salepsilocybin-or-magic-mushrooms.jpg\",\"width\":430,\"height\":430,\"caption\":\"Penis Envy Mushrooms for Sale\"},{\"@type\":\"BreadcrumbList\",\"@id\":\"https:\/\/legitgrams.com\/product\/penis-envy-mushrooms\/#breadcrumb\",\"itemListElement\":[{\"@type\":\"ListItem\",\"position\":1,\"name\":\"Home\",\"item\":\"https:\/\/legitgrams.com\/\"},{\"@type\":\"ListItem\",\"position\":2,\"name\":\"Shop\",\"item\":\"https:\/\/legitgrams.com\/shop\/\"},{\"@type\":\"ListItem\",\"position\":3,\"name\":\"Buy Penis Envy Mushrooms Online\"}]},{\"@type\":\"WebSite\",\"@id\":\"https:\/\/legitgrams.com\/#website\",\"url\":\"https:\/\/legitgrams.com\/\",\"name\":\"Legit Grams\",\"description\":\"My WordPress Blog\",\"publisher\":{\"@id\":\"https:\/\/legitgrams.com\/#organization\"},\"potentialAction\":[{\"@type\":\"SearchAction\",\"target\":{\"@type\":\"EntryPoint\",\"urlTemplate\":\"https:\/\/legitgrams.com\/?s={search_term_string}\"},\"query-input\":{\"@type\":\"PropertyValueSpecification\",\"valueRequired\":true,\"valueName\":\"search_term_string\"}}],\"inLanguage\":\"pl-PL\"},{\"@type\":\"Organization\",\"@id\":\"https:\/\/legitgrams.com\/#organization\",\"name\":\"Legit Grams\",\"url\":\"https:\/\/legitgrams.com\/\",\"logo\":{\"@type\":\"ImageObject\",\"inLanguage\":\"pl-PL\",\"@id\":\"https:\/\/legitgrams.com\/#\/schema\/logo\/image\/\",\"url\":\"https:\/\/legitgrams.com\/wp-content\/uploads\/2024\/09\/main-logo.png\",\"contentUrl\":\"https:\/\/legitgrams.com\/wp-content\/uploads\/2024\/09\/main-logo.png\",\"width\":270,\"height\":75,\"caption\":\"Legit Grams\"},\"image\":{\"@id\":\"https:\/\/legitgrams.com\/#\/schema\/logo\/image\/\"}}]}<\/script>\n<!-- \/ Yoast SEO plugin. -->","yoast_head_json":{"title":"Grzyby Penis Envy na sprzeda\u017c - Kup grzyby Penis Envy","description":"Poznaj nasz sklep internetowy dla Grzyby Penis Envy na sprzeda\u017c, oferuj\u0105cy wysokiej jako\u015bci Grzyby Penis Envy . Kupuj Penis Envy Mushrooms bezpiecznie online i wyrusz w swoj\u0105 podr\u00f3\u017c badawcz\u0105 z pewno\u015bci\u0105. Z\u0142\u00f3\u017c zam\u00f3wienie ju\u017c teraz!","robots":{"index":"index","follow":"follow","max-snippet":"max-snippet:-1","max-image-preview":"max-image-preview:large","max-video-preview":"max-video-preview:-1"},"canonical":"https:\/\/legitgrams.com\/pl\/produkt\/grzyby-zazdrosci-penisa\/","og_locale":"pl_PL","og_type":"article","og_title":"Penis Envy Mushrooms for Sale - Buy Penis Envy Mushrooms","og_description":"Explore our online store for Penis Envy Mushrooms for sale, offering high-quality Penis Envy Mushrooms . Buy Penis Envy Mushrooms online securely and embark on your research journey with confidence. Place your order now!","og_url":"https:\/\/legitgrams.com\/pl\/produkt\/grzyby-zazdrosci-penisa\/","og_site_name":"Legit Grams","article_modified_time":"2025-04-04T13:43:33+00:00","og_image":[{"width":430,"height":430,"url":"https:\/\/legitgrams.com\/wp-content\/uploads\/2024\/09\/penis-envy-for-salepsilocybin-or-magic-mushrooms.jpg","type":"image\/jpeg"}],"twitter_card":"summary_large_image","twitter_misc":{"Szacowany czas czytania":"4 minuty"},"schema":{"@context":"https:\/\/schema.org","@graph":[{"@type":"WebPage","@id":"https:\/\/legitgrams.com\/product\/penis-envy-mushrooms\/","url":"https:\/\/legitgrams.com\/product\/penis-envy-mushrooms\/","name":"Grzyby Penis Envy na sprzeda\u017c - Kup grzyby Penis Envy","isPartOf":{"@id":"https:\/\/legitgrams.com\/#website"},"primaryImageOfPage":{"@id":"https:\/\/legitgrams.com\/product\/penis-envy-mushrooms\/#primaryimage"},"image":{"@id":"https:\/\/legitgrams.com\/product\/penis-envy-mushrooms\/#primaryimage"},"thumbnailUrl":"https:\/\/legitgrams.com\/wp-content\/uploads\/2024\/09\/penis-envy-for-salepsilocybin-or-magic-mushrooms.jpg","datePublished":"2024-09-20T10:09:25+00:00","dateModified":"2025-04-04T13:43:33+00:00","description":"Poznaj nasz sklep internetowy dla Grzyby Penis Envy na sprzeda\u017c, oferuj\u0105cy wysokiej jako\u015bci Grzyby Penis Envy . Kupuj Penis Envy Mushrooms bezpiecznie online i wyrusz w swoj\u0105 podr\u00f3\u017c badawcz\u0105 z pewno\u015bci\u0105. Z\u0142\u00f3\u017c zam\u00f3wienie ju\u017c teraz!","breadcrumb":{"@id":"https:\/\/legitgrams.com\/product\/penis-envy-mushrooms\/#breadcrumb"},"inLanguage":"pl-PL","potentialAction":[{"@type":"ReadAction","target":["https:\/\/legitgrams.com\/product\/penis-envy-mushrooms\/"]}]},{"@type":"ImageObject","inLanguage":"pl-PL","@id":"https:\/\/legitgrams.com\/product\/penis-envy-mushrooms\/#primaryimage","url":"https:\/\/legitgrams.com\/wp-content\/uploads\/2024\/09\/penis-envy-for-salepsilocybin-or-magic-mushrooms.jpg","contentUrl":"https:\/\/legitgrams.com\/wp-content\/uploads\/2024\/09\/penis-envy-for-salepsilocybin-or-magic-mushrooms.jpg","width":430,"height":430,"caption":"Penis Envy Mushrooms for Sale"},{"@type":"BreadcrumbList","@id":"https:\/\/legitgrams.com\/product\/penis-envy-mushrooms\/#breadcrumb","itemListElement":[{"@type":"ListItem","position":1,"name":"Home","item":"https:\/\/legitgrams.com\/"},{"@type":"ListItem","position":2,"name":"Shop","item":"https:\/\/legitgrams.com\/shop\/"},{"@type":"ListItem","position":3,"name":"Buy Penis Envy Mushrooms Online"}]},{"@type":"WebSite","@id":"https:\/\/legitgrams.com\/#website","url":"https:\/\/legitgrams.com\/","name":"Legit Grams","description":"M\u00f3j blog WordPress","publisher":{"@id":"https:\/\/legitgrams.com\/#organization"},"potentialAction":[{"@type":"SearchAction","target":{"@type":"EntryPoint","urlTemplate":"https:\/\/legitgrams.com\/?s={search_term_string}"},"query-input":{"@type":"PropertyValueSpecification","valueRequired":true,"valueName":"search_term_string"}}],"inLanguage":"pl-PL"},{"@type":"Organization","@id":"https:\/\/legitgrams.com\/#organization","name":"Legit Grams","url":"https:\/\/legitgrams.com\/","logo":{"@type":"ImageObject","inLanguage":"pl-PL","@id":"https:\/\/legitgrams.com\/#\/schema\/logo\/image\/","url":"https:\/\/legitgrams.com\/wp-content\/uploads\/2024\/09\/main-logo.png","contentUrl":"https:\/\/legitgrams.com\/wp-content\/uploads\/2024\/09\/main-logo.png","width":270,"height":75,"caption":"Legit Grams"},"image":{"@id":"https:\/\/legitgrams.com\/#\/schema\/logo\/image\/"}}]}},"uagb_featured_image_src":{"full":["https:\/\/legitgrams.com\/wp-content\/uploads\/2024\/09\/penis-envy-for-salepsilocybin-or-magic-mushrooms.jpg",430,430,false],"thumbnail":["https:\/\/legitgrams.com\/wp-content\/uploads\/2024\/09\/penis-envy-for-salepsilocybin-or-magic-mushrooms-150x150.jpg",150,150,true],"medium":["https:\/\/legitgrams.com\/wp-content\/uploads\/2024\/09\/penis-envy-for-salepsilocybin-or-magic-mushrooms-300x300.jpg",300,300,true],"medium_large":["https:\/\/legitgrams.com\/wp-content\/uploads\/2024\/09\/penis-envy-for-salepsilocybin-or-magic-mushrooms.jpg",430,430,false],"large":["https:\/\/legitgrams.com\/wp-content\/uploads\/2024\/09\/penis-envy-for-salepsilocybin-or-magic-mushrooms.jpg",430,430,false],"1536x1536":["https:\/\/legitgrams.com\/wp-content\/uploads\/2024\/09\/penis-envy-for-salepsilocybin-or-magic-mushrooms.jpg",430,430,false],"2048x2048":["https:\/\/legitgrams.com\/wp-content\/uploads\/2024\/09\/penis-envy-for-salepsilocybin-or-magic-mushrooms.jpg",430,430,false],"trp-custom-language-flag":["https:\/\/legitgrams.com\/wp-content\/uploads\/2024\/09\/penis-envy-for-salepsilocybin-or-magic-mushrooms-12x12.jpg",12,12,true],"woocommerce_thumbnail":["https:\/\/legitgrams.com\/wp-content\/uploads\/2024\/09\/penis-envy-for-salepsilocybin-or-magic-mushrooms-300x300.jpg",300,300,true],"woocommerce_single":["https:\/\/legitgrams.com\/wp-content\/uploads\/2024\/09\/penis-envy-for-salepsilocybin-or-magic-mushrooms.jpg",430,430,false],"woocommerce_gallery_thumbnail":["https:\/\/legitgrams.com\/wp-content\/uploads\/2024\/09\/penis-envy-for-salepsilocybin-or-magic-mushrooms-100x100.jpg",100,100,true]},"uagb_author_info":{"display_name":"cokeblog18","author_link":"https:\/\/legitgrams.com\/pl\/author\/"},"uagb_comment_info":0,"uagb_excerpt":"Purchase Penis Envy Mushrooms Online: Penis Envy Cubensis for Sale &#8220;What is the Penis Envy Cubensis? What&#8217;s with the weird name?&#8221; may be on your mind. The situation really is straightforward. There&#8217;s no getting around the fact that this hallucinogenic fungus resembles a penis. You may be surprised to learn that this mushroom has some&hellip;","_links":{"self":[{"href":"https:\/\/legitgrams.com\/pl\/wp-json\/wp\/v2\/product\/3890","targetHints":{"allow":["GET"]}}],"collection":[{"href":"https:\/\/legitgrams.com\/pl\/wp-json\/wp\/v2\/product"}],"about":[{"href":"https:\/\/legitgrams.com\/pl\/wp-json\/wp\/v2\/types\/product"}],"replies":[{"embeddable":true,"href":"https:\/\/legitgrams.com\/pl\/wp-json\/wp\/v2\/comments?post=3890"}],"wp:featuredmedia":[{"embeddable":true,"href":"https:\/\/legitgrams.com\/pl\/wp-json\/wp\/v2\/media\/5241"}],"wp:attachment":[{"href":"https:\/\/legitgrams.com\/pl\/wp-json\/wp\/v2\/media?parent=3890"}],"wp:term":[{"taxonomy":"product_brand","embeddable":true,"href":"https:\/\/legitgrams.com\/pl\/wp-json\/wp\/v2\/product_brand?post=3890"},{"taxonomy":"product_cat","embeddable":true,"href":"https:\/\/legitgrams.com\/pl\/wp-json\/wp\/v2\/product_cat?post=3890"},{"taxonomy":"product_tag","embeddable":true,"href":"https:\/\/legitgrams.com\/pl\/wp-json\/wp\/v2\/product_tag?post=3890"}],"curies":[{"name":"wp","href":"https:\/\/api.w.org\/{rel}","templated":true}]}}