{"id":3895,"date":"2024-09-20T10:23:31","date_gmt":"2024-09-20T10:23:31","guid":{"rendered":"https:\/\/legitgrams.com\/?post_type=product&#038;p=3895"},"modified":"2025-01-11T09:01:34","modified_gmt":"2025-01-11T09:01:34","slug":"2-fea","status":"publish","type":"product","link":"https:\/\/legitgrams.com\/pl\/produkt\/2-fea\/","title":{"rendered":"2-FEA"},"content":{"rendered":"<h2>2. FEA na sprzeda\u017c<br \/>\n2. FEA: Co to jest?<\/h2>\n<p>2-FEA to skr\u00f3t od 2-fluoroetamfetaminy. Ta substancja badawcza jest stymulantem i nale\u017cy do klasy amfetamin. <a href=\"https:\/\/legitgrams.com\/pl\/produkt\/2-fea\/\">2-FEA<\/a> is quite similar to 3-FEA. 2. At comparatively modest dosages, FEA is very potent and can have notable results.<\/p>\n<p>Se deben seguir todas las medidas de seguridad necesarias para evitar accidentes durante las pruebas. 2. El an\u00e1lisis mejorado, la distorsi\u00f3n del tiempo, la aceleraci\u00f3n cognitiva, la deriva, las transformaciones, las alucinaciones, la excitaci\u00f3n, la euforia, la mejora t\u00e1ctil y una disminuci\u00f3n en la apreciaci\u00f3n musical se han asociado con el FEA.<\/p>\n<h3>Jak mog\u0119 uzyska\u0107 2-FEA?<\/h3>\n<p>Jak mog\u0119 uzyska\u0107 2-FEA? <a href=\"https:\/\/en.wikipedia.org\/wiki\/2-Fluoroamphetamine\">2-FEA<\/a> bezpo\u015brednio ze strony Chemical Planet. Oferujemy wysokiej jako\u015bci 2-FEA, zwykle w formie proszku. Daj nam zna\u0107, je\u015bli chcesz inn\u0105 form\u0119. Skontaktuj si\u0119 z nami. Aby kupi\u0107 od nas 2-FEA, musisz mie\u0107 co najmniej osiemna\u015bcie lat. Musisz r\u00f3wnie\u017c w pe\u0142ni przestrzega\u0107 zasad obowi\u0105zuj\u0105cych w Twoim kraju.<br \/>\nNasze zwi\u0105zki nie s\u0105 przeznaczone do stosowania przez ludzi ani zwierz\u0119ta. Tylko badania eksperymentalne s\u0105 przeznaczone do ich stosowania.<\/p>\n<h4>2. Legalno\u015b\u0107 FEA<\/h4>\n<p>2. FEA jest klasyfikowana jako substancja chemiczna klasy A w Wielkiej Brytanii. Podlega lekom z Wykazu I, poniewa\u017c w Kanadzie jest uwa\u017cana za analog amfetaminy. 2. W Nowej Zelandii FEA jest klasyfikowana jako substancja zakazana z Wykazu 3.<\/p>\n<p>Najbardziej powszechn\u0105 form\u0105 2-FEA (C11H16N, Mr 162g\/mol) jest drobny proszek. (Mr. C11H16N * HCl, 198g\/mol).<\/p>\n<p>Zawsze przechowuj w suchym, zimnym miejscu, aby zachowa\u0107 jak najwi\u0119ksz\u0105 trwa\u0142o\u015b\u0107. Ten produkt jest przeznaczony wy\u0142\u0105cznie do u\u017cytku w kontek\u015bcie bada\u0144 i medycyny s\u0105dowej. Dlatego nie jest przeznaczony do spo\u017cycia przez ludzi ani do test\u00f3w in vitro na \u017cadnym typie zwierz\u0119cia lub \u017cywego organizmu.<\/p>","protected":false},"excerpt":{"rendered":"<p>2. FEA for Sale 2. FEA: What is it? 2-FEA is the abbreviation for 2-fluoroethamphetamine. This research chemical is a stimulant and a member of the amphetamine class. 2-FEA is quite similar to 3-FEA. 2. At comparatively modest dosages, FEA is very potent and can have notable results. All required safety measures must be followed &hellip;<\/p>\n<p class=\"read-more\"> <a class=\"\" href=\"https:\/\/legitgrams.com\/pl\/produkt\/2-fea\/\"> <span class=\"screen-reader-text\">2-FEA<\/span> Czytaj wi\u0119cej \"<\/a><\/p>","protected":false},"featured_media":5434,"comment_status":"open","ping_status":"closed","template":"","meta":{"_uag_custom_page_level_css":"","site-sidebar-layout":"default","site-content-layout":"default","ast-global-header-display":"","ast-main-header-display":"","ast-hfb-above-header-display":"","ast-hfb-below-header-display":"","ast-hfb-mobile-header-display":"","site-post-title":"","ast-breadcrumbs-content":"","ast-featured-img":"","footer-sml-layout":"","theme-transparent-header-meta":"default","adv-header-id-meta":"","stick-header-meta":"default","header-above-stick-meta":"","header-main-stick-meta":"","header-below-stick-meta":"","_joinchat":[]},"product_brand":[],"product_cat":[598],"product_tag":[4100,4104,4103,4111,4102,4112,4114,4121,4122,4120,4117,4119,4109,617,4101,4116,4113,4108,4106,4118,4115,625,4107,4110,4105],"class_list":{"0":"post-3895","1":"product","2":"type-product","3":"status-publish","4":"has-post-thumbnail","6":"product_cat-stimulants","7":"product_tag-2-fea","8":"product_tag-2-fea-2-fea-supplier","9":"product_tag-2-fea-for-sale","10":"product_tag-2-fea-legally","11":"product_tag-2-fea-online","12":"product_tag-2-fea-price","13":"product_tag-2-fea-store","14":"product_tag-2-fea-use","15":"product_tag-2-fea-wiki","16":"product_tag-2-fea-worldwide","17":"product_tag-2-feas","18":"product_tag-best-cheap-price-2-fea","19":"product_tag-best-place-to-buy-2-fea","20":"product_tag-bulk-online","21":"product_tag-buy-2-fea","22":"product_tag-cheap-2-fea","23":"product_tag-high-quality-2-fea","24":"product_tag-how-to-buy-2-fea","25":"product_tag-order-2-fea","26":"product_tag-purcharse-2-fea","27":"product_tag-shop-2-fea","28":"product_tag-top-quality","29":"product_tag-where-to-buy-2-fea","30":"product_tag-where-to-order-2-fea","31":"product_tag-wholesale-2-fea","32":"desktop-align-left","33":"tablet-align-left","34":"mobile-align-left","35":"ast-product-gallery-layout-horizontal","36":"ast-product-gallery-with-no-image","37":"ast-product-single-variable","38":"ast-product-tabs-layout-horizontal","39":"ast-qv-on-image","41":"first","42":"instock","43":"shipping-taxable","44":"purchasable","45":"product-type-variable"},"yoast_head":"<!-- This site is optimized with the Yoast SEO plugin v25.9 - https:\/\/yoast.com\/wordpress\/plugins\/seo\/ -->\n<title>Get 2-FEA for sale - Order 2-FEA Online | LegitGrams<\/title>\n<meta name=\"description\" content=\"Discover top-notch 2-FEA for sale at our online store - buy 2-FEA conveniently and securely to fuel your research. Save More on 2-FEA with our latest promotions. Shop today and don&#039;t miss out.\" \/>\n<meta name=\"robots\" content=\"index, follow, max-snippet:-1, max-image-preview:large, max-video-preview:-1\" \/>\n<link rel=\"canonical\" href=\"https:\/\/legitgrams.com\/pl\/produkt\/2-fea\/\" \/>\n<meta property=\"og:locale\" content=\"pl_PL\" \/>\n<meta property=\"og:type\" content=\"article\" \/>\n<meta property=\"og:title\" content=\"Get 2-FEA for sale - Order 2-FEA Online | LegitGrams\" \/>\n<meta property=\"og:description\" content=\"Discover top-notch 2-FEA for sale at our online store - buy 2-FEA conveniently and securely to fuel your research. Save More on 2-FEA with our latest promotions. Shop today and don&#039;t miss out.\" \/>\n<meta property=\"og:url\" content=\"https:\/\/legitgrams.com\/pl\/produkt\/2-fea\/\" \/>\n<meta property=\"og:site_name\" content=\"Legit Grams\" \/>\n<meta property=\"article:modified_time\" content=\"2025-01-11T09:01:34+00:00\" \/>\n<meta property=\"og:image\" content=\"https:\/\/legitgrams.com\/wp-content\/uploads\/2024\/09\/2-fea.jpg\" \/>\n\t<meta property=\"og:image:width\" content=\"800\" \/>\n\t<meta property=\"og:image:height\" content=\"800\" \/>\n\t<meta property=\"og:image:type\" content=\"image\/jpeg\" \/>\n<meta name=\"twitter:card\" content=\"summary_large_image\" \/>\n<meta name=\"twitter:label1\" content=\"Szacowany czas czytania\" \/>\n\t<meta name=\"twitter:data1\" content=\"2 minuty\" \/>\n<script type=\"application\/ld+json\" class=\"yoast-schema-graph\">{\"@context\":\"https:\/\/schema.org\",\"@graph\":[{\"@type\":\"WebPage\",\"@id\":\"https:\/\/legitgrams.com\/product\/2-fea\/\",\"url\":\"https:\/\/legitgrams.com\/product\/2-fea\/\",\"name\":\"Get 2-FEA for sale - Order 2-FEA Online | LegitGrams\",\"isPartOf\":{\"@id\":\"https:\/\/legitgrams.com\/#website\"},\"primaryImageOfPage\":{\"@id\":\"https:\/\/legitgrams.com\/product\/2-fea\/#primaryimage\"},\"image\":{\"@id\":\"https:\/\/legitgrams.com\/product\/2-fea\/#primaryimage\"},\"thumbnailUrl\":\"https:\/\/legitgrams.com\/wp-content\/uploads\/2024\/09\/2-fea.jpg\",\"datePublished\":\"2024-09-20T10:23:31+00:00\",\"dateModified\":\"2025-01-11T09:01:34+00:00\",\"description\":\"Discover top-notch 2-FEA for sale at our online store - buy 2-FEA conveniently and securely to fuel your research. Save More on 2-FEA with our latest promotions. Shop today and don't miss out.\",\"breadcrumb\":{\"@id\":\"https:\/\/legitgrams.com\/product\/2-fea\/#breadcrumb\"},\"inLanguage\":\"pl-PL\",\"potentialAction\":[{\"@type\":\"ReadAction\",\"target\":[\"https:\/\/legitgrams.com\/product\/2-fea\/\"]}]},{\"@type\":\"ImageObject\",\"inLanguage\":\"pl-PL\",\"@id\":\"https:\/\/legitgrams.com\/product\/2-fea\/#primaryimage\",\"url\":\"https:\/\/legitgrams.com\/wp-content\/uploads\/2024\/09\/2-fea.jpg\",\"contentUrl\":\"https:\/\/legitgrams.com\/wp-content\/uploads\/2024\/09\/2-fea.jpg\",\"width\":800,\"height\":800,\"caption\":\"2-FEA\u00a0for Sale\"},{\"@type\":\"BreadcrumbList\",\"@id\":\"https:\/\/legitgrams.com\/product\/2-fea\/#breadcrumb\",\"itemListElement\":[{\"@type\":\"ListItem\",\"position\":1,\"name\":\"Home\",\"item\":\"https:\/\/legitgrams.com\/\"},{\"@type\":\"ListItem\",\"position\":2,\"name\":\"Shop\",\"item\":\"https:\/\/legitgrams.com\/shop\/\"},{\"@type\":\"ListItem\",\"position\":3,\"name\":\"2-FEA\"}]},{\"@type\":\"WebSite\",\"@id\":\"https:\/\/legitgrams.com\/#website\",\"url\":\"https:\/\/legitgrams.com\/\",\"name\":\"Legit Grams\",\"description\":\"My WordPress Blog\",\"publisher\":{\"@id\":\"https:\/\/legitgrams.com\/#organization\"},\"potentialAction\":[{\"@type\":\"SearchAction\",\"target\":{\"@type\":\"EntryPoint\",\"urlTemplate\":\"https:\/\/legitgrams.com\/?s={search_term_string}\"},\"query-input\":{\"@type\":\"PropertyValueSpecification\",\"valueRequired\":true,\"valueName\":\"search_term_string\"}}],\"inLanguage\":\"pl-PL\"},{\"@type\":\"Organization\",\"@id\":\"https:\/\/legitgrams.com\/#organization\",\"name\":\"Legit Grams\",\"url\":\"https:\/\/legitgrams.com\/\",\"logo\":{\"@type\":\"ImageObject\",\"inLanguage\":\"pl-PL\",\"@id\":\"https:\/\/legitgrams.com\/#\/schema\/logo\/image\/\",\"url\":\"https:\/\/legitgrams.com\/wp-content\/uploads\/2024\/09\/main-logo.png\",\"contentUrl\":\"https:\/\/legitgrams.com\/wp-content\/uploads\/2024\/09\/main-logo.png\",\"width\":270,\"height\":75,\"caption\":\"Legit Grams\"},\"image\":{\"@id\":\"https:\/\/legitgrams.com\/#\/schema\/logo\/image\/\"}}]}<\/script>\n<!-- \/ Yoast SEO plugin. -->","yoast_head_json":{"title":"Pobierz 2-FEA na sprzeda\u017c - Zam\u00f3w 2-FEA online | LegitGrams","description":"Odkryj najwy\u017cszej klasy 2-FEA na sprzeda\u017c w naszym sklepie internetowym - kup 2-FEA wygodnie i bezpiecznie, aby zasili\u0107 swoje badania. Zaoszcz\u0119d\u017a wi\u0119cej na 2-FEA dzi\u0119ki naszym najnowszym promocjom. Zr\u00f3b zakupy ju\u017c dzi\u015b i nie przegap okazji.","robots":{"index":"index","follow":"follow","max-snippet":"max-snippet:-1","max-image-preview":"max-image-preview:large","max-video-preview":"max-video-preview:-1"},"canonical":"https:\/\/legitgrams.com\/pl\/produkt\/2-fea\/","og_locale":"pl_PL","og_type":"article","og_title":"Get 2-FEA for sale - Order 2-FEA Online | LegitGrams","og_description":"Discover top-notch 2-FEA for sale at our online store - buy 2-FEA conveniently and securely to fuel your research. Save More on 2-FEA with our latest promotions. Shop today and don't miss out.","og_url":"https:\/\/legitgrams.com\/pl\/produkt\/2-fea\/","og_site_name":"Legit Grams","article_modified_time":"2025-01-11T09:01:34+00:00","og_image":[{"width":800,"height":800,"url":"https:\/\/legitgrams.com\/wp-content\/uploads\/2024\/09\/2-fea.jpg","type":"image\/jpeg"}],"twitter_card":"summary_large_image","twitter_misc":{"Szacowany czas czytania":"2 minuty"},"schema":{"@context":"https:\/\/schema.org","@graph":[{"@type":"WebPage","@id":"https:\/\/legitgrams.com\/product\/2-fea\/","url":"https:\/\/legitgrams.com\/product\/2-fea\/","name":"Pobierz 2-FEA na sprzeda\u017c - Zam\u00f3w 2-FEA online | LegitGrams","isPartOf":{"@id":"https:\/\/legitgrams.com\/#website"},"primaryImageOfPage":{"@id":"https:\/\/legitgrams.com\/product\/2-fea\/#primaryimage"},"image":{"@id":"https:\/\/legitgrams.com\/product\/2-fea\/#primaryimage"},"thumbnailUrl":"https:\/\/legitgrams.com\/wp-content\/uploads\/2024\/09\/2-fea.jpg","datePublished":"2024-09-20T10:23:31+00:00","dateModified":"2025-01-11T09:01:34+00:00","description":"Odkryj najwy\u017cszej klasy 2-FEA na sprzeda\u017c w naszym sklepie internetowym - kup 2-FEA wygodnie i bezpiecznie, aby zasili\u0107 swoje badania. Zaoszcz\u0119d\u017a wi\u0119cej na 2-FEA dzi\u0119ki naszym najnowszym promocjom. Zr\u00f3b zakupy ju\u017c dzi\u015b i nie przegap okazji.","breadcrumb":{"@id":"https:\/\/legitgrams.com\/product\/2-fea\/#breadcrumb"},"inLanguage":"pl-PL","potentialAction":[{"@type":"ReadAction","target":["https:\/\/legitgrams.com\/product\/2-fea\/"]}]},{"@type":"ImageObject","inLanguage":"pl-PL","@id":"https:\/\/legitgrams.com\/product\/2-fea\/#primaryimage","url":"https:\/\/legitgrams.com\/wp-content\/uploads\/2024\/09\/2-fea.jpg","contentUrl":"https:\/\/legitgrams.com\/wp-content\/uploads\/2024\/09\/2-fea.jpg","width":800,"height":800,"caption":"2-FEA\u00a0for Sale"},{"@type":"BreadcrumbList","@id":"https:\/\/legitgrams.com\/product\/2-fea\/#breadcrumb","itemListElement":[{"@type":"ListItem","position":1,"name":"Home","item":"https:\/\/legitgrams.com\/"},{"@type":"ListItem","position":2,"name":"Shop","item":"https:\/\/legitgrams.com\/shop\/"},{"@type":"ListItem","position":3,"name":"2-FEA"}]},{"@type":"WebSite","@id":"https:\/\/legitgrams.com\/#website","url":"https:\/\/legitgrams.com\/","name":"Legit Grams","description":"M\u00f3j blog WordPress","publisher":{"@id":"https:\/\/legitgrams.com\/#organization"},"potentialAction":[{"@type":"SearchAction","target":{"@type":"EntryPoint","urlTemplate":"https:\/\/legitgrams.com\/?s={search_term_string}"},"query-input":{"@type":"PropertyValueSpecification","valueRequired":true,"valueName":"search_term_string"}}],"inLanguage":"pl-PL"},{"@type":"Organization","@id":"https:\/\/legitgrams.com\/#organization","name":"Legit Grams","url":"https:\/\/legitgrams.com\/","logo":{"@type":"ImageObject","inLanguage":"pl-PL","@id":"https:\/\/legitgrams.com\/#\/schema\/logo\/image\/","url":"https:\/\/legitgrams.com\/wp-content\/uploads\/2024\/09\/main-logo.png","contentUrl":"https:\/\/legitgrams.com\/wp-content\/uploads\/2024\/09\/main-logo.png","width":270,"height":75,"caption":"Legit Grams"},"image":{"@id":"https:\/\/legitgrams.com\/#\/schema\/logo\/image\/"}}]}},"uagb_featured_image_src":{"full":["https:\/\/legitgrams.com\/wp-content\/uploads\/2024\/09\/2-fea.jpg",800,800,false],"thumbnail":["https:\/\/legitgrams.com\/wp-content\/uploads\/2024\/09\/2-fea-150x150.jpg",150,150,true],"medium":["https:\/\/legitgrams.com\/wp-content\/uploads\/2024\/09\/2-fea-300x300.jpg",300,300,true],"medium_large":["https:\/\/legitgrams.com\/wp-content\/uploads\/2024\/09\/2-fea-768x768.jpg",768,768,true],"large":["https:\/\/legitgrams.com\/wp-content\/uploads\/2024\/09\/2-fea.jpg",800,800,false],"1536x1536":["https:\/\/legitgrams.com\/wp-content\/uploads\/2024\/09\/2-fea.jpg",800,800,false],"2048x2048":["https:\/\/legitgrams.com\/wp-content\/uploads\/2024\/09\/2-fea.jpg",800,800,false],"trp-custom-language-flag":["https:\/\/legitgrams.com\/wp-content\/uploads\/2024\/09\/2-fea-12x12.jpg",12,12,true],"woocommerce_thumbnail":["https:\/\/legitgrams.com\/wp-content\/uploads\/2024\/09\/2-fea-300x300.jpg",300,300,true],"woocommerce_single":["https:\/\/legitgrams.com\/wp-content\/uploads\/2024\/09\/2-fea-600x600.jpg",600,600,true],"woocommerce_gallery_thumbnail":["https:\/\/legitgrams.com\/wp-content\/uploads\/2024\/09\/2-fea-100x100.jpg",100,100,true]},"uagb_author_info":{"display_name":"cokeblog18","author_link":"https:\/\/legitgrams.com\/pl\/author\/"},"uagb_comment_info":0,"uagb_excerpt":"2. FEA for Sale 2. FEA: What is it? 2-FEA is the abbreviation for 2-fluoroethamphetamine. This research chemical is a stimulant and a member of the amphetamine class. 2-FEA is quite similar to 3-FEA. 2. At comparatively modest dosages, FEA is very potent and can have notable results. All required safety measures must be followed&hellip;","_links":{"self":[{"href":"https:\/\/legitgrams.com\/pl\/wp-json\/wp\/v2\/product\/3895","targetHints":{"allow":["GET"]}}],"collection":[{"href":"https:\/\/legitgrams.com\/pl\/wp-json\/wp\/v2\/product"}],"about":[{"href":"https:\/\/legitgrams.com\/pl\/wp-json\/wp\/v2\/types\/product"}],"replies":[{"embeddable":true,"href":"https:\/\/legitgrams.com\/pl\/wp-json\/wp\/v2\/comments?post=3895"}],"wp:featuredmedia":[{"embeddable":true,"href":"https:\/\/legitgrams.com\/pl\/wp-json\/wp\/v2\/media\/5434"}],"wp:attachment":[{"href":"https:\/\/legitgrams.com\/pl\/wp-json\/wp\/v2\/media?parent=3895"}],"wp:term":[{"taxonomy":"product_brand","embeddable":true,"href":"https:\/\/legitgrams.com\/pl\/wp-json\/wp\/v2\/product_brand?post=3895"},{"taxonomy":"product_cat","embeddable":true,"href":"https:\/\/legitgrams.com\/pl\/wp-json\/wp\/v2\/product_cat?post=3895"},{"taxonomy":"product_tag","embeddable":true,"href":"https:\/\/legitgrams.com\/pl\/wp-json\/wp\/v2\/product_tag?post=3895"}],"curies":[{"name":"wp","href":"https:\/\/api.w.org\/{rel}","templated":true}]}}