{"id":3898,"date":"2024-09-20T10:27:39","date_gmt":"2024-09-20T10:27:39","guid":{"rendered":"https:\/\/legitgrams.com\/?post_type=product&#038;p=3898"},"modified":"2025-01-14T10:48:15","modified_gmt":"2025-01-14T10:48:15","slug":"psilocybe-semilanceata","status":"publish","type":"product","link":"https:\/\/legitgrams.com\/pl\/produkt\/psilocybe-semilanceata\/","title":{"rendered":"Psilocybe Semilanceata"},"content":{"rendered":"<h2>Kup Psilocybe Semilanceata online<\/h2>\n<h3>Magiczne grzyby na sprzeda\u017c: Psilocybe semilanceata.<\/h3>\n<p>Najcz\u0119stsze lokalizacje dla <a href=\"https:\/\/legitgrams.com\/pl\/produkt\/psilocybe-semilanceata\/\">Psilocybe semilanceata<\/a> wyst\u0119puj\u0105 w Anglii i Irlandii. Terminy \"semi\" i \"lanceata\", kt\u00f3re oznaczaj\u0105 odpowiednio \"p\u00f3\u0142\" i \"w\u0142\u00f3czni\u0119\", s\u0105 etymologi\u0105 tego s\u0142owa. Poniewa\u017c grzyby przypominaj\u0105 w\u0142\u00f3cznie, nazwa ca\u0142kiem dobrze pasuje do gatunku.<\/p>\n<p>Znany szwedzki mikolog Elias Magnus Fries dokona\u0142 pierwszego znanego zapisu tego szczeg\u00f3lnego gatunku. <a href=\"https:\/\/en.wikipedia.org\/wiki\/Psilocybe_semilanceata\">psilocybe<\/a> w oko\u0142o 1838 roku. Mikolog to osoba zajmuj\u0105ca si\u0119 badaniem grzyb\u00f3w.<\/p>\n<h3>Jak rozpozna\u0142by\u015b tego czarodziejskiego uzdrowiciela?<\/h3>\n<p>W stanie surowym kremowa korona ma \u015brednic\u0119 od 0,5 do 2 cm. Dodatkowo, na jej szczycie znajduje si\u0119 bardzo wyra\u017any sutek. Kolejn\u0105 zauwa\u017caln\u0105 cech\u0105 s\u0105 skrzela, kt\u00f3re maj\u0105 oliwkowo-szary kolor i staj\u0105 si\u0119 fioletowo-czarne, gdy zarodniki siniej\u0105 lub rozwijaj\u0105 si\u0119. Je\u015bli zdecydujesz si\u0119 na ich poszukiwanie, zr\u00f3b to jesieni\u0105, od wrze\u015bnia do grudnia. Alternatywnie, kup je od wiarygodnego sprzedawcy, takiego jak nasz rynek. <a href=\"https:\/\/legitgrams.com\/pl\/\">LegitGrams<\/a><\/p>\n<p>Liberty Caps s\u0105 jedynym grzybem zawieraj\u0105cym psilocybin\u0119 w Holandii, co jest kolejn\u0105 interesuj\u0105c\u0105 informacj\u0105.<\/p>\n<p>Najlepszym sposobem na opisanie efekt\u00f3w jest okre\u015blenie ich jako ca\u0142kiem przyjemnych. Nie ma znaczenia, czy we\u017amiesz dawk\u0119 rekreacyjn\u0105, czy mikrodawk\u0119; poziomy \u017cyczliwo\u015bci b\u0119d\u0105 si\u0119 r\u00f3\u017cni\u0107. Wi\u0119cej rozm\u00f3w, zachwytu i niekontrolowanego \u015bmiechu wskazuje na wi\u0119ksz\u0105 dawk\u0119. Zmniejszona dawka oznacza szcz\u0119\u015bliwsze, bardziej towarzyskie i ja\u015bniejsze my\u015blenie. Idealny w r\u00f3\u017cnych sytuacjach.<\/p>\n<h3>Internetowy sprzedawca psilocybe semilanceata w USA<\/h3>\n<p>Znany wi\u0119kszo\u015bci ludzi w Ameryce P\u00f3\u0142nocnej jako \"Liberty Cap\", jest najcz\u0119\u015bciej spotykany w Europie. Jest znany jako \"magiczny grzyb\" w ca\u0142ej Europie.<\/p>","protected":false},"excerpt":{"rendered":"<p>Purchase Psilocybe Semilanceata Online Magic mushrooms for sale: Psilocybe semilanceata. The most common locations for Psilocybe semilanceata are in England and Ireland. The terms &#8220;semi&#8221; and &#8220;lanceata,&#8221; which imply &#8220;half&#8221; and &#8220;spear-shaped,&#8221; respectively, are the etymologies of the word. Since the mushrooms resemble spears, the name fits the species quite well. The renowned Swedish mycologist &hellip;<\/p>\n<p class=\"read-more\"> <a class=\"\" href=\"https:\/\/legitgrams.com\/pl\/produkt\/psilocybe-semilanceata\/\"> <span class=\"screen-reader-text\">Psilocybe Semilanceata<\/span> Czytaj wi\u0119cej \"<\/a><\/p>","protected":false},"featured_media":5247,"comment_status":"open","ping_status":"closed","template":"","meta":{"_uag_custom_page_level_css":"","site-sidebar-layout":"default","site-content-layout":"default","ast-global-header-display":"","ast-main-header-display":"","ast-hfb-above-header-display":"","ast-hfb-below-header-display":"","ast-hfb-mobile-header-display":"","site-post-title":"","ast-breadcrumbs-content":"","ast-featured-img":"","footer-sml-layout":"","theme-transparent-header-meta":"default","adv-header-id-meta":"","stick-header-meta":"default","header-above-stick-meta":"","header-main-stick-meta":"","header-below-stick-meta":"","_joinchat":[]},"product_brand":[],"product_cat":[599],"product_tag":[4096,4086,617,4078,4093,4090,4085,4083,4077,4080,4088,4079,4089,4081,4091,4098,4099,4097,4094,4095,4092,625,4084,4087,4082],"class_list":{"0":"post-3898","1":"product","2":"type-product","3":"status-publish","4":"has-post-thumbnail","6":"product_cat-psilocybin-or-magic-mushrooms","7":"product_tag-best-cheap-price-psilocybe-semilanceata","8":"product_tag-best-place-to-buy-psilocybe-semilanceata","9":"product_tag-bulk-online","10":"product_tag-buy-psilocybe-semilanceata","11":"product_tag-cheap-psilocybe-semilanceata","12":"product_tag-high-quality-psilocybe-semilanceata","13":"product_tag-how-to-buy-psilocybe-semilanceata","14":"product_tag-order-psilocybe-semilanceata","15":"product_tag-psilocybe-semilanceata","16":"product_tag-psilocybe-semilanceata-for-sale","17":"product_tag-psilocybe-semilanceata-legally","18":"product_tag-psilocybe-semilanceata-online","19":"product_tag-psilocybe-semilanceata-price","20":"product_tag-psilocybe-semilanceata-psilocybe-semilanceata-supplier","21":"product_tag-psilocybe-semilanceata-store","22":"product_tag-psilocybe-semilanceata-use","23":"product_tag-psilocybe-semilanceata-wiki","24":"product_tag-psilocybe-semilanceata-worldwide","25":"product_tag-psilocybe-semilanceatas","26":"product_tag-purcharse-psilocybe-semilanceata","27":"product_tag-shop-psilocybe-semilanceata","28":"product_tag-top-quality","29":"product_tag-where-to-buy-psilocybe-semilanceata","30":"product_tag-where-to-order-psilocybe-semilanceata","31":"product_tag-wholesale-psilocybe-semilanceata","32":"desktop-align-left","33":"tablet-align-left","34":"mobile-align-left","35":"ast-product-gallery-layout-horizontal","36":"ast-product-gallery-with-no-image","37":"ast-product-single-variable","38":"ast-product-tabs-layout-horizontal","39":"ast-qv-on-image","41":"first","42":"instock","43":"shipping-taxable","44":"purchasable","45":"product-type-variable"},"yoast_head":"<!-- This site is optimized with the Yoast SEO plugin v25.9 - https:\/\/yoast.com\/wordpress\/plugins\/seo\/ -->\n<title>Psilocybe Semilanceata for Sale - Buy Psilocybe Semilanceata<\/title>\n<meta name=\"description\" content=\"Explore our online store for psilocybe semilanceata for sale, offering high-quality psilocybe semilanceata. Buy psilocybe semilanceata online securely and embark on your research journey with confidence.\" \/>\n<meta name=\"robots\" content=\"index, follow, max-snippet:-1, max-image-preview:large, max-video-preview:-1\" \/>\n<link rel=\"canonical\" href=\"https:\/\/legitgrams.com\/pl\/produkt\/psilocybe-semilanceata\/\" \/>\n<meta property=\"og:locale\" content=\"pl_PL\" \/>\n<meta property=\"og:type\" content=\"article\" \/>\n<meta property=\"og:title\" content=\"Psilocybe Semilanceata for Sale - Buy Psilocybe Semilanceata\" \/>\n<meta property=\"og:description\" content=\"Explore our online store for psilocybe semilanceata for sale, offering high-quality psilocybe semilanceata. Buy psilocybe semilanceata online securely and embark on your research journey with confidence.\" \/>\n<meta property=\"og:url\" content=\"https:\/\/legitgrams.com\/pl\/produkt\/psilocybe-semilanceata\/\" \/>\n<meta property=\"og:site_name\" content=\"Legit Grams\" \/>\n<meta property=\"article:modified_time\" content=\"2025-01-14T10:48:15+00:00\" \/>\n<meta property=\"og:image\" content=\"https:\/\/legitgrams.com\/wp-content\/uploads\/2024\/09\/psilocybe-semilanceatahome.jpg\" \/>\n\t<meta property=\"og:image:width\" content=\"430\" \/>\n\t<meta property=\"og:image:height\" content=\"430\" \/>\n\t<meta property=\"og:image:type\" content=\"image\/jpeg\" \/>\n<meta name=\"twitter:card\" content=\"summary_large_image\" \/>\n<meta name=\"twitter:label1\" content=\"Szacowany czas czytania\" \/>\n\t<meta name=\"twitter:data1\" content=\"2 minuty\" \/>\n<script type=\"application\/ld+json\" class=\"yoast-schema-graph\">{\"@context\":\"https:\/\/schema.org\",\"@graph\":[{\"@type\":\"WebPage\",\"@id\":\"https:\/\/legitgrams.com\/product\/psilocybe-semilanceata\/\",\"url\":\"https:\/\/legitgrams.com\/product\/psilocybe-semilanceata\/\",\"name\":\"Psilocybe Semilanceata for Sale - Buy Psilocybe Semilanceata\",\"isPartOf\":{\"@id\":\"https:\/\/legitgrams.com\/#website\"},\"primaryImageOfPage\":{\"@id\":\"https:\/\/legitgrams.com\/product\/psilocybe-semilanceata\/#primaryimage\"},\"image\":{\"@id\":\"https:\/\/legitgrams.com\/product\/psilocybe-semilanceata\/#primaryimage\"},\"thumbnailUrl\":\"https:\/\/legitgrams.com\/wp-content\/uploads\/2024\/09\/psilocybe-semilanceatahome.jpg\",\"datePublished\":\"2024-09-20T10:27:39+00:00\",\"dateModified\":\"2025-01-14T10:48:15+00:00\",\"description\":\"Explore our online store for psilocybe semilanceata for sale, offering high-quality psilocybe semilanceata. Buy psilocybe semilanceata online securely and embark on your research journey with confidence.\",\"breadcrumb\":{\"@id\":\"https:\/\/legitgrams.com\/product\/psilocybe-semilanceata\/#breadcrumb\"},\"inLanguage\":\"pl-PL\",\"potentialAction\":[{\"@type\":\"ReadAction\",\"target\":[\"https:\/\/legitgrams.com\/product\/psilocybe-semilanceata\/\"]}]},{\"@type\":\"ImageObject\",\"inLanguage\":\"pl-PL\",\"@id\":\"https:\/\/legitgrams.com\/product\/psilocybe-semilanceata\/#primaryimage\",\"url\":\"https:\/\/legitgrams.com\/wp-content\/uploads\/2024\/09\/psilocybe-semilanceatahome.jpg\",\"contentUrl\":\"https:\/\/legitgrams.com\/wp-content\/uploads\/2024\/09\/psilocybe-semilanceatahome.jpg\",\"width\":430,\"height\":430,\"caption\":\"Psilocybe Semilanceata for Sale\"},{\"@type\":\"BreadcrumbList\",\"@id\":\"https:\/\/legitgrams.com\/product\/psilocybe-semilanceata\/#breadcrumb\",\"itemListElement\":[{\"@type\":\"ListItem\",\"position\":1,\"name\":\"Home\",\"item\":\"https:\/\/legitgrams.com\/\"},{\"@type\":\"ListItem\",\"position\":2,\"name\":\"Shop\",\"item\":\"https:\/\/legitgrams.com\/shop\/\"},{\"@type\":\"ListItem\",\"position\":3,\"name\":\"Psilocybe Semilanceata\"}]},{\"@type\":\"WebSite\",\"@id\":\"https:\/\/legitgrams.com\/#website\",\"url\":\"https:\/\/legitgrams.com\/\",\"name\":\"Legit Grams\",\"description\":\"My WordPress Blog\",\"publisher\":{\"@id\":\"https:\/\/legitgrams.com\/#organization\"},\"potentialAction\":[{\"@type\":\"SearchAction\",\"target\":{\"@type\":\"EntryPoint\",\"urlTemplate\":\"https:\/\/legitgrams.com\/?s={search_term_string}\"},\"query-input\":{\"@type\":\"PropertyValueSpecification\",\"valueRequired\":true,\"valueName\":\"search_term_string\"}}],\"inLanguage\":\"pl-PL\"},{\"@type\":\"Organization\",\"@id\":\"https:\/\/legitgrams.com\/#organization\",\"name\":\"Legit Grams\",\"url\":\"https:\/\/legitgrams.com\/\",\"logo\":{\"@type\":\"ImageObject\",\"inLanguage\":\"pl-PL\",\"@id\":\"https:\/\/legitgrams.com\/#\/schema\/logo\/image\/\",\"url\":\"https:\/\/legitgrams.com\/wp-content\/uploads\/2024\/09\/main-logo.png\",\"contentUrl\":\"https:\/\/legitgrams.com\/wp-content\/uploads\/2024\/09\/main-logo.png\",\"width\":270,\"height\":75,\"caption\":\"Legit Grams\"},\"image\":{\"@id\":\"https:\/\/legitgrams.com\/#\/schema\/logo\/image\/\"}}]}<\/script>\n<!-- \/ Yoast SEO plugin. -->","yoast_head_json":{"title":"Psilocybe Semilanceata na sprzeda\u017c - Kup Psilocybe Semilanceata","description":"Poznaj nasz sklep internetowy dla psilocybe semilanceata na sprzeda\u017c, oferuj\u0105cy wysokiej jako\u015bci psilocybe semilanceata. Kupuj psilocybe semilanceata online bezpiecznie i wyrusz w swoj\u0105 podr\u00f3\u017c badawcz\u0105 z pewno\u015bci\u0105.","robots":{"index":"index","follow":"follow","max-snippet":"max-snippet:-1","max-image-preview":"max-image-preview:large","max-video-preview":"max-video-preview:-1"},"canonical":"https:\/\/legitgrams.com\/pl\/produkt\/psilocybe-semilanceata\/","og_locale":"pl_PL","og_type":"article","og_title":"Psilocybe Semilanceata for Sale - Buy Psilocybe Semilanceata","og_description":"Explore our online store for psilocybe semilanceata for sale, offering high-quality psilocybe semilanceata. Buy psilocybe semilanceata online securely and embark on your research journey with confidence.","og_url":"https:\/\/legitgrams.com\/pl\/produkt\/psilocybe-semilanceata\/","og_site_name":"Legit Grams","article_modified_time":"2025-01-14T10:48:15+00:00","og_image":[{"width":430,"height":430,"url":"https:\/\/legitgrams.com\/wp-content\/uploads\/2024\/09\/psilocybe-semilanceatahome.jpg","type":"image\/jpeg"}],"twitter_card":"summary_large_image","twitter_misc":{"Szacowany czas czytania":"2 minuty"},"schema":{"@context":"https:\/\/schema.org","@graph":[{"@type":"WebPage","@id":"https:\/\/legitgrams.com\/product\/psilocybe-semilanceata\/","url":"https:\/\/legitgrams.com\/product\/psilocybe-semilanceata\/","name":"Psilocybe Semilanceata na sprzeda\u017c - Kup Psilocybe Semilanceata","isPartOf":{"@id":"https:\/\/legitgrams.com\/#website"},"primaryImageOfPage":{"@id":"https:\/\/legitgrams.com\/product\/psilocybe-semilanceata\/#primaryimage"},"image":{"@id":"https:\/\/legitgrams.com\/product\/psilocybe-semilanceata\/#primaryimage"},"thumbnailUrl":"https:\/\/legitgrams.com\/wp-content\/uploads\/2024\/09\/psilocybe-semilanceatahome.jpg","datePublished":"2024-09-20T10:27:39+00:00","dateModified":"2025-01-14T10:48:15+00:00","description":"Poznaj nasz sklep internetowy dla psilocybe semilanceata na sprzeda\u017c, oferuj\u0105cy wysokiej jako\u015bci psilocybe semilanceata. Kupuj psilocybe semilanceata online bezpiecznie i wyrusz w swoj\u0105 podr\u00f3\u017c badawcz\u0105 z pewno\u015bci\u0105.","breadcrumb":{"@id":"https:\/\/legitgrams.com\/product\/psilocybe-semilanceata\/#breadcrumb"},"inLanguage":"pl-PL","potentialAction":[{"@type":"ReadAction","target":["https:\/\/legitgrams.com\/product\/psilocybe-semilanceata\/"]}]},{"@type":"ImageObject","inLanguage":"pl-PL","@id":"https:\/\/legitgrams.com\/product\/psilocybe-semilanceata\/#primaryimage","url":"https:\/\/legitgrams.com\/wp-content\/uploads\/2024\/09\/psilocybe-semilanceatahome.jpg","contentUrl":"https:\/\/legitgrams.com\/wp-content\/uploads\/2024\/09\/psilocybe-semilanceatahome.jpg","width":430,"height":430,"caption":"Psilocybe Semilanceata for Sale"},{"@type":"BreadcrumbList","@id":"https:\/\/legitgrams.com\/product\/psilocybe-semilanceata\/#breadcrumb","itemListElement":[{"@type":"ListItem","position":1,"name":"Home","item":"https:\/\/legitgrams.com\/"},{"@type":"ListItem","position":2,"name":"Shop","item":"https:\/\/legitgrams.com\/shop\/"},{"@type":"ListItem","position":3,"name":"Psilocybe Semilanceata"}]},{"@type":"WebSite","@id":"https:\/\/legitgrams.com\/#website","url":"https:\/\/legitgrams.com\/","name":"Legit Grams","description":"M\u00f3j blog WordPress","publisher":{"@id":"https:\/\/legitgrams.com\/#organization"},"potentialAction":[{"@type":"SearchAction","target":{"@type":"EntryPoint","urlTemplate":"https:\/\/legitgrams.com\/?s={search_term_string}"},"query-input":{"@type":"PropertyValueSpecification","valueRequired":true,"valueName":"search_term_string"}}],"inLanguage":"pl-PL"},{"@type":"Organization","@id":"https:\/\/legitgrams.com\/#organization","name":"Legit Grams","url":"https:\/\/legitgrams.com\/","logo":{"@type":"ImageObject","inLanguage":"pl-PL","@id":"https:\/\/legitgrams.com\/#\/schema\/logo\/image\/","url":"https:\/\/legitgrams.com\/wp-content\/uploads\/2024\/09\/main-logo.png","contentUrl":"https:\/\/legitgrams.com\/wp-content\/uploads\/2024\/09\/main-logo.png","width":270,"height":75,"caption":"Legit Grams"},"image":{"@id":"https:\/\/legitgrams.com\/#\/schema\/logo\/image\/"}}]}},"uagb_featured_image_src":{"full":["https:\/\/legitgrams.com\/wp-content\/uploads\/2024\/09\/psilocybe-semilanceatahome.jpg",430,430,false],"thumbnail":["https:\/\/legitgrams.com\/wp-content\/uploads\/2024\/09\/psilocybe-semilanceatahome-150x150.jpg",150,150,true],"medium":["https:\/\/legitgrams.com\/wp-content\/uploads\/2024\/09\/psilocybe-semilanceatahome-300x300.jpg",300,300,true],"medium_large":["https:\/\/legitgrams.com\/wp-content\/uploads\/2024\/09\/psilocybe-semilanceatahome.jpg",430,430,false],"large":["https:\/\/legitgrams.com\/wp-content\/uploads\/2024\/09\/psilocybe-semilanceatahome.jpg",430,430,false],"1536x1536":["https:\/\/legitgrams.com\/wp-content\/uploads\/2024\/09\/psilocybe-semilanceatahome.jpg",430,430,false],"2048x2048":["https:\/\/legitgrams.com\/wp-content\/uploads\/2024\/09\/psilocybe-semilanceatahome.jpg",430,430,false],"trp-custom-language-flag":["https:\/\/legitgrams.com\/wp-content\/uploads\/2024\/09\/psilocybe-semilanceatahome-12x12.jpg",12,12,true],"woocommerce_thumbnail":["https:\/\/legitgrams.com\/wp-content\/uploads\/2024\/09\/psilocybe-semilanceatahome-300x300.jpg",300,300,true],"woocommerce_single":["https:\/\/legitgrams.com\/wp-content\/uploads\/2024\/09\/psilocybe-semilanceatahome.jpg",430,430,false],"woocommerce_gallery_thumbnail":["https:\/\/legitgrams.com\/wp-content\/uploads\/2024\/09\/psilocybe-semilanceatahome-100x100.jpg",100,100,true]},"uagb_author_info":{"display_name":"cokeblog18","author_link":"https:\/\/legitgrams.com\/pl\/author\/"},"uagb_comment_info":0,"uagb_excerpt":"Purchase Psilocybe Semilanceata Online Magic mushrooms for sale: Psilocybe semilanceata. The most common locations for Psilocybe semilanceata are in England and Ireland. The terms &#8220;semi&#8221; and &#8220;lanceata,&#8221; which imply &#8220;half&#8221; and &#8220;spear-shaped,&#8221; respectively, are the etymologies of the word. Since the mushrooms resemble spears, the name fits the species quite well. The renowned Swedish mycologist&hellip;","_links":{"self":[{"href":"https:\/\/legitgrams.com\/pl\/wp-json\/wp\/v2\/product\/3898","targetHints":{"allow":["GET"]}}],"collection":[{"href":"https:\/\/legitgrams.com\/pl\/wp-json\/wp\/v2\/product"}],"about":[{"href":"https:\/\/legitgrams.com\/pl\/wp-json\/wp\/v2\/types\/product"}],"replies":[{"embeddable":true,"href":"https:\/\/legitgrams.com\/pl\/wp-json\/wp\/v2\/comments?post=3898"}],"wp:featuredmedia":[{"embeddable":true,"href":"https:\/\/legitgrams.com\/pl\/wp-json\/wp\/v2\/media\/5247"}],"wp:attachment":[{"href":"https:\/\/legitgrams.com\/pl\/wp-json\/wp\/v2\/media?parent=3898"}],"wp:term":[{"taxonomy":"product_brand","embeddable":true,"href":"https:\/\/legitgrams.com\/pl\/wp-json\/wp\/v2\/product_brand?post=3898"},{"taxonomy":"product_cat","embeddable":true,"href":"https:\/\/legitgrams.com\/pl\/wp-json\/wp\/v2\/product_cat?post=3898"},{"taxonomy":"product_tag","embeddable":true,"href":"https:\/\/legitgrams.com\/pl\/wp-json\/wp\/v2\/product_tag?post=3898"}],"curies":[{"name":"wp","href":"https:\/\/api.w.org\/{rel}","templated":true}]}}