{"id":3903,"date":"2024-09-20T10:44:22","date_gmt":"2024-09-20T10:44:22","guid":{"rendered":"https:\/\/legitgrams.com\/?post_type=product&#038;p=3903"},"modified":"2025-04-04T13:24:17","modified_gmt":"2025-04-04T13:24:17","slug":"psilocybe-cubensis","status":"publish","type":"product","link":"https:\/\/legitgrams.com\/pl\/produkt\/psilocybe-cubensis\/","title":{"rendered":"Kup Psilocybe Cubensis online"},"content":{"rendered":"<h2>\u00a0Psilocybe Cubensis na sprzeda\u017c<\/h2>\n<h3>Wiod\u0105cy dostawcy wszystkich grzyb\u00f3w psychodelicznych na sprzeda\u017c w Stanach Zjednoczonych<\/h3>\n<p><a href=\"https:\/\/legitgrams.com\/pl\/produkt\/psilocybe-cubensis\/\">Psylocybina i psylocyna<\/a> s\u0105 g\u0142\u00f3wnymi sk\u0142adnikami aktywnymi w psilocybe cubensis, rodzaju grzyba halucynogennego. Wcze\u015bniej znany jako <a href=\"https:\/\/www.bing.com\/search?q=KupPsilocybeCubensisOnline&amp;qs=n&amp;form=QBRE&amp;sp=-1&amp;lq=0&amp;pq=kupcharashashonline&amp;sc=4-22&amp;sk=&amp;cvid=E8AC0F9D00B448B2B2033240A1D420C0&amp;ghsh=0&amp;ghacc=0&amp;ghpl=\">Stropharia cubensis<\/a>Nale\u017cy do rodziny grzyb\u00f3w Hymenogastraceae i jest czasami nazywany grzybami halucynogennymi, kostkami lub z\u0142otymi kapeluszami.<\/p>\n<p>The hallucinogenic compounds psilocybin, psilocin, baeocystin, and norbaeocystin are found in <a href=\"https:\/\/www.google.com\/search?q=Buy+Psilocybe+Cubensis+Online&amp;num=10&amp;sca_esv=1a2a07081c7891bb&amp;rlz=1C1RXQR_enIN1098IN1098&amp;sxsrf=AHTn8zq576AYYGVMqPS9SOzXDVxldGWK2g%3A1741323155726&amp;ei=k3vKZ5vmK4rgseMP0rbV-Q8&amp;ved=0ahUKEwjb-4qhlveLAxUKcGwGHVJbNf8Q4dUDCBA&amp;uact=5&amp;oq=Buy+Psilocybe+Cubensis+Online&amp;gs_lp=Egxnd3Mtd2l6LXNlcnAiHUJ1eSBQc2lsb2N5YmUgQ3ViZW5zaXMgT25saW5lSNkIUPEDWPEDcAN4AJABAJgBqQGgAakBqgEDMC4xuAEDyAEA-AEC-AEBmAIAoAIAmAMAiAYBkgcAoAdR&amp;sclient=gws-wiz-serp\">grzyby psylocybinowe<\/a>.<\/p>\n<p>Mimo \u017ce pewne ilo\u015bci grzyb\u00f3w s\u0105 zakazane w wielu krajach, s\u0105 one zbierane i produkowane ze wzgl\u0119du na ich potencja\u0142 enteogenny i rekreacyjny. Rodzaj Psilocybe ma du\u017c\u0105 liczb\u0119 grzyb\u00f3w psilocybinowych, chocia\u017c leki te wyst\u0119puj\u0105 r\u00f3wnie\u017c w gatunkach z kilku innych rodzaj\u00f3w. <a href=\"https:\/\/legitgrams.com\/pl\/\">LegitGrams<\/a><\/p>\n<p><a href=\"https:\/\/duckduckgo.com\/?q=Kup+Psilocybe+Cubensis+online&amp;t=h_\">Grzyby Psilocybe cubensis<\/a> mo\u017cna uprawia\u0107 samodzielnie na wiele sposob\u00f3w, od bardzo prostej i ma\u0142oskalowej metody PF Tek, po r\u00f3\u017cne metody \u201eciastkowe\u201d, kt\u00f3re daj\u0105 niewielk\u0105 ilo\u015b\u0107 grzyb\u00f3w, a\u017c po zaawansowane podej\u015bcia, kt\u00f3re wykorzystuj\u0105 praktyki do\u015bwiadczonych hodowc\u00f3w grzyb\u00f3w.<\/p>\n<p>Podczas gdy te wyrafinowane techniki wymagaj\u0105 wi\u0119cej czasu, pieni\u0119dzy i wiedzy z g\u00f3ry, przynosz\u0105 one r\u00f3wnie\u017c znacznie wi\u0119ksze i bardziej niezawodne zbiory dla sumiennego kultywatora.<\/p>\n<h3>Psilocybe cubensis zyska\u0142 szczeg\u00f3ln\u0105 s\u0142aw\u0119, gdy Terence McKenna i jego brat Dennis wydali Psilocybin\u0119:<\/h3>\n<p>Po powrocie z amazo\u0144skiego lasu deszczowego w latach 1970. napisali \"Magiczny przewodnik hodowcy grzyb\u00f3w\", obiecuj\u0105c swoim odbiorcom, \u017ce <a href=\"https:\/\/en.wikipedia.org\/wiki\/Psilocybe_cubensis\">Psilocybe cubensis<\/a> by\u0142 jednym z naj\u0142atwiejszych do wyprodukowania grzyb\u00f3w zawieraj\u0105cych psilocybin\u0119 i oferowa\u0142 nowe metody produkcji grzyb\u00f3w psilocybinowych w oparciu o wcze\u015bniej istniej\u0105ce techniki.<\/p>\n<h3>Odciski zarodnik\u00f3w Psilocybe Cubensis<\/h3>\n<p>Posiadamy du\u017cy asortyment nadruk\u00f3w wykonanych z zarodnik\u00f3w grzyb\u00f3w. W miar\u0119 uzupe\u0142niania zapas\u00f3w, dost\u0119pne obecnie szczepy zmieniaj\u0105 si\u0119, wi\u0119c odwied\u017a nas ponownie, aby uzyska\u0107 dost\u0119p do nowych szczep\u00f3w. Odciski zarodnik\u00f3w s\u0105 wykorzystywane do tworzenia strzykawek z zarodnikami lub do bada\u0144 mikroskopowych. Ka\u017cdy pojedynczy zarodnik grzyba dostarczany przez Spores 101 jest sterylny w momencie wysy\u0142ki i posiada gwarancj\u0119 \u017cywotno\u015bci.<\/p>\n<p>Dla Twojej wygody oferujemy wysokiej jako\u015bci szczepy grzyb\u00f3w w folii aluminiowej.<\/p>\n<p>Psilocybe Cubensis Zakup online<\/p>\n<p>Psilocybe Cubensis Zam\u00f3w online<\/p>\n<p>Na sprzeda\u017c: Psilocybe Cubensis<\/p>\n<p>Kup psychodeliki online<\/p>\n<p>Sprzeda\u017c substancji psychodelicznych<\/p>","protected":false},"excerpt":{"rendered":"<p>\u00a0Psilocybe Cubensis for Sale Leading providers of all psychedelic mushrooms for sale in the United States Psilocybin and psilocin are the main active ingredients in psilocybe cubensis, a type of hallucinogenic mushroom. Previously known as Stropharia cubensis, it is a member of the Hymenogastraceae family of fungi and is sometimes referred to as shrooms, magic &hellip;<\/p>\n<p class=\"read-more\"> <a class=\"\" href=\"https:\/\/legitgrams.com\/pl\/produkt\/psilocybe-cubensis\/\"> <span class=\"screen-reader-text\">Kup Psilocybe Cubensis online<\/span> Czytaj wi\u0119cej \"<\/a><\/p>","protected":false},"featured_media":5244,"comment_status":"open","ping_status":"closed","template":"","meta":{"_uag_custom_page_level_css":"","site-sidebar-layout":"default","site-content-layout":"default","ast-global-header-display":"","ast-main-header-display":"","ast-hfb-above-header-display":"","ast-hfb-below-header-display":"","ast-hfb-mobile-header-display":"","site-post-title":"","ast-breadcrumbs-content":"","ast-featured-img":"","footer-sml-layout":"","theme-transparent-header-meta":"default","adv-header-id-meta":"","stick-header-meta":"default","header-above-stick-meta":"","header-main-stick-meta":"","header-below-stick-meta":"","_joinchat":[]},"product_brand":[],"product_cat":[599],"product_tag":[4050,4040,617,4032,4047,4044,4039,4037,4031,4034,4042,4033,4043,4035,4045,4052,4053,4051,4048,4049,4046,625,4038,4041,4036],"class_list":{"0":"post-3903","1":"product","2":"type-product","3":"status-publish","4":"has-post-thumbnail","6":"product_cat-psilocybin-or-magic-mushrooms","7":"product_tag-best-cheap-price-psilocybe-cubensis","8":"product_tag-best-place-to-buy-psilocybe-cubensis","9":"product_tag-bulk-online","10":"product_tag-buy-psilocybe-cubensis","11":"product_tag-cheap-psilocybe-cubensis","12":"product_tag-high-quality-psilocybe-cubensis","13":"product_tag-how-to-buy-psilocybe-cubensis","14":"product_tag-order-psilocybe-cubensis","15":"product_tag-psilocybe-cubensis","16":"product_tag-psilocybe-cubensis-for-sale","17":"product_tag-psilocybe-cubensis-legally","18":"product_tag-psilocybe-cubensis-online","19":"product_tag-psilocybe-cubensis-price","20":"product_tag-psilocybe-cubensis-psilocybe-cubensis-supplier","21":"product_tag-psilocybe-cubensis-store","22":"product_tag-psilocybe-cubensis-use","23":"product_tag-psilocybe-cubensis-wiki","24":"product_tag-psilocybe-cubensis-worldwide","25":"product_tag-psilocybe-cubensiss","26":"product_tag-purcharse-psilocybe-cubensis","27":"product_tag-shop-psilocybe-cubensis","28":"product_tag-top-quality","29":"product_tag-where-to-buy-psilocybe-cubensis","30":"product_tag-where-to-order-psilocybe-cubensis","31":"product_tag-wholesale-psilocybe-cubensis","32":"desktop-align-left","33":"tablet-align-left","34":"mobile-align-left","35":"ast-product-gallery-layout-horizontal","36":"ast-product-gallery-with-no-image","37":"ast-product-single-variable","38":"ast-product-tabs-layout-horizontal","39":"ast-qv-on-image","41":"first","42":"instock","43":"shipping-taxable","44":"purchasable","45":"product-type-variable"},"yoast_head":"<!-- This site is optimized with the Yoast SEO plugin v25.9 - https:\/\/yoast.com\/wordpress\/plugins\/seo\/ -->\n<title>Psilocybe Cubensis for Sale - Order Psilocybe Cubensis Online<\/title>\n<meta name=\"description\" content=\"Find premium Psilocybe Cubensis for sale at our online store, providing a secure platform to buy Psilocybe Cubensis online with ease, catering to your research needs. Hit your order now!\" \/>\n<meta name=\"robots\" content=\"index, follow, max-snippet:-1, max-image-preview:large, max-video-preview:-1\" \/>\n<link rel=\"canonical\" href=\"https:\/\/legitgrams.com\/pl\/produkt\/psilocybe-cubensis\/\" \/>\n<meta property=\"og:locale\" content=\"pl_PL\" \/>\n<meta property=\"og:type\" content=\"article\" \/>\n<meta property=\"og:title\" content=\"Psilocybe Cubensis for Sale - Order Psilocybe Cubensis Online\" \/>\n<meta property=\"og:description\" content=\"Find premium Psilocybe Cubensis for sale at our online store, providing a secure platform to buy Psilocybe Cubensis online with ease, catering to your research needs. Hit your order now!\" \/>\n<meta property=\"og:url\" content=\"https:\/\/legitgrams.com\/pl\/produkt\/psilocybe-cubensis\/\" \/>\n<meta property=\"og:site_name\" content=\"Legit Grams\" \/>\n<meta property=\"article:modified_time\" content=\"2025-04-04T13:24:17+00:00\" \/>\n<meta property=\"og:image\" content=\"https:\/\/legitgrams.com\/wp-content\/uploads\/2024\/09\/psilocybe-cubensispsilocybin-or-magic-mushrooms.jpg\" \/>\n\t<meta property=\"og:image:width\" content=\"430\" \/>\n\t<meta property=\"og:image:height\" content=\"430\" \/>\n\t<meta property=\"og:image:type\" content=\"image\/jpeg\" \/>\n<meta name=\"twitter:card\" content=\"summary_large_image\" \/>\n<meta name=\"twitter:label1\" content=\"Szacowany czas czytania\" \/>\n\t<meta name=\"twitter:data1\" content=\"2 minuty\" \/>\n<script type=\"application\/ld+json\" class=\"yoast-schema-graph\">{\"@context\":\"https:\/\/schema.org\",\"@graph\":[{\"@type\":\"WebPage\",\"@id\":\"https:\/\/legitgrams.com\/product\/psilocybe-cubensis\/\",\"url\":\"https:\/\/legitgrams.com\/product\/psilocybe-cubensis\/\",\"name\":\"Psilocybe Cubensis for Sale - Order Psilocybe Cubensis Online\",\"isPartOf\":{\"@id\":\"https:\/\/legitgrams.com\/#website\"},\"primaryImageOfPage\":{\"@id\":\"https:\/\/legitgrams.com\/product\/psilocybe-cubensis\/#primaryimage\"},\"image\":{\"@id\":\"https:\/\/legitgrams.com\/product\/psilocybe-cubensis\/#primaryimage\"},\"thumbnailUrl\":\"https:\/\/legitgrams.com\/wp-content\/uploads\/2024\/09\/psilocybe-cubensispsilocybin-or-magic-mushrooms.jpg\",\"datePublished\":\"2024-09-20T10:44:22+00:00\",\"dateModified\":\"2025-04-04T13:24:17+00:00\",\"description\":\"Find premium Psilocybe Cubensis for sale at our online store, providing a secure platform to buy Psilocybe Cubensis online with ease, catering to your research needs. Hit your order now!\",\"breadcrumb\":{\"@id\":\"https:\/\/legitgrams.com\/product\/psilocybe-cubensis\/#breadcrumb\"},\"inLanguage\":\"pl-PL\",\"potentialAction\":[{\"@type\":\"ReadAction\",\"target\":[\"https:\/\/legitgrams.com\/product\/psilocybe-cubensis\/\"]}]},{\"@type\":\"ImageObject\",\"inLanguage\":\"pl-PL\",\"@id\":\"https:\/\/legitgrams.com\/product\/psilocybe-cubensis\/#primaryimage\",\"url\":\"https:\/\/legitgrams.com\/wp-content\/uploads\/2024\/09\/psilocybe-cubensispsilocybin-or-magic-mushrooms.jpg\",\"contentUrl\":\"https:\/\/legitgrams.com\/wp-content\/uploads\/2024\/09\/psilocybe-cubensispsilocybin-or-magic-mushrooms.jpg\",\"width\":430,\"height\":430,\"caption\":\"Psilocybe Cubensis for Sale\"},{\"@type\":\"BreadcrumbList\",\"@id\":\"https:\/\/legitgrams.com\/product\/psilocybe-cubensis\/#breadcrumb\",\"itemListElement\":[{\"@type\":\"ListItem\",\"position\":1,\"name\":\"Home\",\"item\":\"https:\/\/legitgrams.com\/\"},{\"@type\":\"ListItem\",\"position\":2,\"name\":\"Shop\",\"item\":\"https:\/\/legitgrams.com\/shop\/\"},{\"@type\":\"ListItem\",\"position\":3,\"name\":\"Buy Psilocybe Cubensis Online\"}]},{\"@type\":\"WebSite\",\"@id\":\"https:\/\/legitgrams.com\/#website\",\"url\":\"https:\/\/legitgrams.com\/\",\"name\":\"Legit Grams\",\"description\":\"My WordPress Blog\",\"publisher\":{\"@id\":\"https:\/\/legitgrams.com\/#organization\"},\"potentialAction\":[{\"@type\":\"SearchAction\",\"target\":{\"@type\":\"EntryPoint\",\"urlTemplate\":\"https:\/\/legitgrams.com\/?s={search_term_string}\"},\"query-input\":{\"@type\":\"PropertyValueSpecification\",\"valueRequired\":true,\"valueName\":\"search_term_string\"}}],\"inLanguage\":\"pl-PL\"},{\"@type\":\"Organization\",\"@id\":\"https:\/\/legitgrams.com\/#organization\",\"name\":\"Legit Grams\",\"url\":\"https:\/\/legitgrams.com\/\",\"logo\":{\"@type\":\"ImageObject\",\"inLanguage\":\"pl-PL\",\"@id\":\"https:\/\/legitgrams.com\/#\/schema\/logo\/image\/\",\"url\":\"https:\/\/legitgrams.com\/wp-content\/uploads\/2024\/09\/main-logo.png\",\"contentUrl\":\"https:\/\/legitgrams.com\/wp-content\/uploads\/2024\/09\/main-logo.png\",\"width\":270,\"height\":75,\"caption\":\"Legit Grams\"},\"image\":{\"@id\":\"https:\/\/legitgrams.com\/#\/schema\/logo\/image\/\"}}]}<\/script>\n<!-- \/ Yoast SEO plugin. -->","yoast_head_json":{"title":"Psilocybe Cubensis na sprzeda\u017c - Zam\u00f3w Psilocybe Cubensis online","description":"Znajd\u017a najwy\u017cszej jako\u015bci Psilocybe Cubensis na sprzeda\u017c w naszym sklepie internetowym, zapewniaj\u0105c bezpieczn\u0105 platform\u0119 do \u0142atwego kupowania Psilocybe Cubensis online, spe\u0142niaj\u0105c Twoje potrzeby badawcze. Z\u0142\u00f3\u017c zam\u00f3wienie ju\u017c teraz!","robots":{"index":"index","follow":"follow","max-snippet":"max-snippet:-1","max-image-preview":"max-image-preview:large","max-video-preview":"max-video-preview:-1"},"canonical":"https:\/\/legitgrams.com\/pl\/produkt\/psilocybe-cubensis\/","og_locale":"pl_PL","og_type":"article","og_title":"Psilocybe Cubensis for Sale - Order Psilocybe Cubensis Online","og_description":"Find premium Psilocybe Cubensis for sale at our online store, providing a secure platform to buy Psilocybe Cubensis online with ease, catering to your research needs. Hit your order now!","og_url":"https:\/\/legitgrams.com\/pl\/produkt\/psilocybe-cubensis\/","og_site_name":"Legit Grams","article_modified_time":"2025-04-04T13:24:17+00:00","og_image":[{"width":430,"height":430,"url":"https:\/\/legitgrams.com\/wp-content\/uploads\/2024\/09\/psilocybe-cubensispsilocybin-or-magic-mushrooms.jpg","type":"image\/jpeg"}],"twitter_card":"summary_large_image","twitter_misc":{"Szacowany czas czytania":"2 minuty"},"schema":{"@context":"https:\/\/schema.org","@graph":[{"@type":"WebPage","@id":"https:\/\/legitgrams.com\/product\/psilocybe-cubensis\/","url":"https:\/\/legitgrams.com\/product\/psilocybe-cubensis\/","name":"Psilocybe Cubensis na sprzeda\u017c - Zam\u00f3w Psilocybe Cubensis online","isPartOf":{"@id":"https:\/\/legitgrams.com\/#website"},"primaryImageOfPage":{"@id":"https:\/\/legitgrams.com\/product\/psilocybe-cubensis\/#primaryimage"},"image":{"@id":"https:\/\/legitgrams.com\/product\/psilocybe-cubensis\/#primaryimage"},"thumbnailUrl":"https:\/\/legitgrams.com\/wp-content\/uploads\/2024\/09\/psilocybe-cubensispsilocybin-or-magic-mushrooms.jpg","datePublished":"2024-09-20T10:44:22+00:00","dateModified":"2025-04-04T13:24:17+00:00","description":"Znajd\u017a najwy\u017cszej jako\u015bci Psilocybe Cubensis na sprzeda\u017c w naszym sklepie internetowym, zapewniaj\u0105c bezpieczn\u0105 platform\u0119 do \u0142atwego kupowania Psilocybe Cubensis online, spe\u0142niaj\u0105c Twoje potrzeby badawcze. Z\u0142\u00f3\u017c zam\u00f3wienie ju\u017c teraz!","breadcrumb":{"@id":"https:\/\/legitgrams.com\/product\/psilocybe-cubensis\/#breadcrumb"},"inLanguage":"pl-PL","potentialAction":[{"@type":"ReadAction","target":["https:\/\/legitgrams.com\/product\/psilocybe-cubensis\/"]}]},{"@type":"ImageObject","inLanguage":"pl-PL","@id":"https:\/\/legitgrams.com\/product\/psilocybe-cubensis\/#primaryimage","url":"https:\/\/legitgrams.com\/wp-content\/uploads\/2024\/09\/psilocybe-cubensispsilocybin-or-magic-mushrooms.jpg","contentUrl":"https:\/\/legitgrams.com\/wp-content\/uploads\/2024\/09\/psilocybe-cubensispsilocybin-or-magic-mushrooms.jpg","width":430,"height":430,"caption":"Psilocybe Cubensis for Sale"},{"@type":"BreadcrumbList","@id":"https:\/\/legitgrams.com\/product\/psilocybe-cubensis\/#breadcrumb","itemListElement":[{"@type":"ListItem","position":1,"name":"Home","item":"https:\/\/legitgrams.com\/"},{"@type":"ListItem","position":2,"name":"Shop","item":"https:\/\/legitgrams.com\/shop\/"},{"@type":"ListItem","position":3,"name":"Buy Psilocybe Cubensis Online"}]},{"@type":"WebSite","@id":"https:\/\/legitgrams.com\/#website","url":"https:\/\/legitgrams.com\/","name":"Legit Grams","description":"M\u00f3j blog WordPress","publisher":{"@id":"https:\/\/legitgrams.com\/#organization"},"potentialAction":[{"@type":"SearchAction","target":{"@type":"EntryPoint","urlTemplate":"https:\/\/legitgrams.com\/?s={search_term_string}"},"query-input":{"@type":"PropertyValueSpecification","valueRequired":true,"valueName":"search_term_string"}}],"inLanguage":"pl-PL"},{"@type":"Organization","@id":"https:\/\/legitgrams.com\/#organization","name":"Legit Grams","url":"https:\/\/legitgrams.com\/","logo":{"@type":"ImageObject","inLanguage":"pl-PL","@id":"https:\/\/legitgrams.com\/#\/schema\/logo\/image\/","url":"https:\/\/legitgrams.com\/wp-content\/uploads\/2024\/09\/main-logo.png","contentUrl":"https:\/\/legitgrams.com\/wp-content\/uploads\/2024\/09\/main-logo.png","width":270,"height":75,"caption":"Legit Grams"},"image":{"@id":"https:\/\/legitgrams.com\/#\/schema\/logo\/image\/"}}]}},"uagb_featured_image_src":{"full":["https:\/\/legitgrams.com\/wp-content\/uploads\/2024\/09\/psilocybe-cubensispsilocybin-or-magic-mushrooms.jpg",430,430,false],"thumbnail":["https:\/\/legitgrams.com\/wp-content\/uploads\/2024\/09\/psilocybe-cubensispsilocybin-or-magic-mushrooms-150x150.jpg",150,150,true],"medium":["https:\/\/legitgrams.com\/wp-content\/uploads\/2024\/09\/psilocybe-cubensispsilocybin-or-magic-mushrooms-300x300.jpg",300,300,true],"medium_large":["https:\/\/legitgrams.com\/wp-content\/uploads\/2024\/09\/psilocybe-cubensispsilocybin-or-magic-mushrooms.jpg",430,430,false],"large":["https:\/\/legitgrams.com\/wp-content\/uploads\/2024\/09\/psilocybe-cubensispsilocybin-or-magic-mushrooms.jpg",430,430,false],"1536x1536":["https:\/\/legitgrams.com\/wp-content\/uploads\/2024\/09\/psilocybe-cubensispsilocybin-or-magic-mushrooms.jpg",430,430,false],"2048x2048":["https:\/\/legitgrams.com\/wp-content\/uploads\/2024\/09\/psilocybe-cubensispsilocybin-or-magic-mushrooms.jpg",430,430,false],"trp-custom-language-flag":["https:\/\/legitgrams.com\/wp-content\/uploads\/2024\/09\/psilocybe-cubensispsilocybin-or-magic-mushrooms-12x12.jpg",12,12,true],"woocommerce_thumbnail":["https:\/\/legitgrams.com\/wp-content\/uploads\/2024\/09\/psilocybe-cubensispsilocybin-or-magic-mushrooms-300x300.jpg",300,300,true],"woocommerce_single":["https:\/\/legitgrams.com\/wp-content\/uploads\/2024\/09\/psilocybe-cubensispsilocybin-or-magic-mushrooms.jpg",430,430,false],"woocommerce_gallery_thumbnail":["https:\/\/legitgrams.com\/wp-content\/uploads\/2024\/09\/psilocybe-cubensispsilocybin-or-magic-mushrooms-100x100.jpg",100,100,true]},"uagb_author_info":{"display_name":"cokeblog18","author_link":"https:\/\/legitgrams.com\/pl\/author\/"},"uagb_comment_info":8,"uagb_excerpt":"\u00a0Psilocybe Cubensis for Sale Leading providers of all psychedelic mushrooms for sale in the United States Psilocybin and psilocin are the main active ingredients in psilocybe cubensis, a type of hallucinogenic mushroom. Previously known as Stropharia cubensis, it is a member of the Hymenogastraceae family of fungi and is sometimes referred to as shrooms, magic&hellip;","_links":{"self":[{"href":"https:\/\/legitgrams.com\/pl\/wp-json\/wp\/v2\/product\/3903","targetHints":{"allow":["GET"]}}],"collection":[{"href":"https:\/\/legitgrams.com\/pl\/wp-json\/wp\/v2\/product"}],"about":[{"href":"https:\/\/legitgrams.com\/pl\/wp-json\/wp\/v2\/types\/product"}],"replies":[{"embeddable":true,"href":"https:\/\/legitgrams.com\/pl\/wp-json\/wp\/v2\/comments?post=3903"}],"wp:featuredmedia":[{"embeddable":true,"href":"https:\/\/legitgrams.com\/pl\/wp-json\/wp\/v2\/media\/5244"}],"wp:attachment":[{"href":"https:\/\/legitgrams.com\/pl\/wp-json\/wp\/v2\/media?parent=3903"}],"wp:term":[{"taxonomy":"product_brand","embeddable":true,"href":"https:\/\/legitgrams.com\/pl\/wp-json\/wp\/v2\/product_brand?post=3903"},{"taxonomy":"product_cat","embeddable":true,"href":"https:\/\/legitgrams.com\/pl\/wp-json\/wp\/v2\/product_cat?post=3903"},{"taxonomy":"product_tag","embeddable":true,"href":"https:\/\/legitgrams.com\/pl\/wp-json\/wp\/v2\/product_tag?post=3903"}],"curies":[{"name":"wp","href":"https:\/\/api.w.org\/{rel}","templated":true}]}}