{"id":3913,"date":"2024-09-20T10:55:19","date_gmt":"2024-09-20T10:55:19","guid":{"rendered":"https:\/\/legitgrams.com\/?post_type=product&#038;p=3913"},"modified":"2025-01-15T05:50:00","modified_gmt":"2025-01-15T05:50:00","slug":"w-18-proszek","status":"publish","type":"product","link":"https:\/\/legitgrams.com\/pl\/produkt\/w-18-proszek\/","title":{"rendered":"Proszek W-18"},"content":{"rendered":"<h2>Kup proch W-18 online.<\/h2>\n<p>Mo\u017cesz <a href=\"https:\/\/legitgrams.com\/pl\/produkt\/w-18-proszek\/\">kup proch W-18 online<\/a>Nie nale\u017cy spo\u017cywa\u0107 tej substancji; s\u0142u\u017cy ona jedynie celom badawczym.<\/p>\n<h3>Jako\u015bci<\/h3>\n<p>Produkt ten zosta\u0142 wyprodukowany i przetestowany zgodnie z normami ISO17025:2005 i Guide 34:2009.<\/p>\n<p>Celem tego produktu jest pe\u0142nienie funkcji analitycznego wzorca odniesienia.<br \/>\nMateria\u0142y do \u200b\u200bbada\u0144 naukowych na uznanych uniwersytetach s\u0105 dost\u0119pne w hurtowych ilo\u015bciach; aby pozna\u0107 cen\u0119, prosimy o kontakt z naszym dzia\u0142em sprzeda\u017cy.<br \/>\nMateria\u0142 odniesienia analitycznego W-18 (nr pozycji 15480). Wykazano, \u017ce jest wyj\u0105tkowo silnym \u015brodkiem przeciwb\u00f3lowym w te\u015bcie wicia si\u0119 myszy z fenylochinonem (IC50 = 3,7 ng\/kg, w przeciwie\u0144stwie do 38 \u00b5g\/kg dla morfiny).1. Toksyczno\u015b\u0107 i wp\u0142yw tej substancji na fizjologi\u0119 cz\u0142owieka s\u0105 niejasne. Ten gad\u017cet jest przeznaczony do u\u017cytku w badaniach i zastosowaniach kryminalistycznych.<\/p>\n<p>Zakup proszku W-18 online: zakup proszku W-18, zakup proszku W-18 w USA, zakup proszku W-18 online USA Gdzie mog\u0119 kupi\u0107 proszek W-18 online? Gdzie mog\u0119 kupi\u0107 proszek W-18 na sprzeda\u017c w USA, Kanadzie, Wielkiej Brytanii, kupi\u0107 online, dostawcy, bezpieczna dostawa, proszek W-18 na sprzeda\u017c, proszek W-18 na sprzeda\u017c blisko mnie, kup proszek W-18 online w pobli\u017cu Proszek W-18 jest nadal dost\u0119pny; czy jest to zgodne z prawem w Stanach Zjednoczonych?, czy mo\u017cna go kupi\u0107 online w Stanach Zjednoczonych?, jak mo\u017cna zam\u00f3wi\u0107 proszek W-18?, i czy jest to legalne w Kanadzie? <a href=\"https:\/\/legitgrams.com\/pl\/\">LegitGrams<\/a><\/p>","protected":false},"excerpt":{"rendered":"<p>Purchase W-18 powder online. You may buy W-18 powder online. Do not consume this substance; it is only for research reasons. Qualities This product was manufactured and tested in compliance with ISO17025:2005 and Guide 34:2009 standards. This product&#8217;s objective is to function as an analytical reference standard. Bulk materials are available for academic research at &hellip;<\/p>\n<p class=\"read-more\"> <a class=\"\" href=\"https:\/\/legitgrams.com\/pl\/produkt\/w-18-proszek\/\"> <span class=\"screen-reader-text\">Proszek W-18<\/span> Czytaj wi\u0119cej \"<\/a><\/p>","protected":false},"featured_media":5320,"comment_status":"open","ping_status":"closed","template":"","meta":{"_uag_custom_page_level_css":"","site-sidebar-layout":"default","site-content-layout":"default","ast-global-header-display":"","ast-main-header-display":"","ast-hfb-above-header-display":"","ast-hfb-below-header-display":"","ast-hfb-mobile-header-display":"","site-post-title":"","ast-breadcrumbs-content":"","ast-featured-img":"","footer-sml-layout":"","theme-transparent-header-meta":"default","adv-header-id-meta":"","stick-header-meta":"default","header-above-stick-meta":"","header-main-stick-meta":"","header-below-stick-meta":"","_joinchat":[]},"product_brand":[],"product_cat":[600],"product_tag":[3981,3971,617,3963,3978,3975,3970,3968,3980,3977,625,3962,3965,3973,3964,3974,3976,3983,3966,3984,3982,3979,3969,3972,3967],"class_list":{"0":"post-3913","1":"product","2":"type-product","3":"status-publish","4":"has-post-thumbnail","6":"product_cat-research-chemicals-and-bath-salt","7":"product_tag-best-cheap-price-w-18-powder","8":"product_tag-best-place-to-buy-w-18-powder","9":"product_tag-bulk-online","10":"product_tag-buy-w-18-powder","11":"product_tag-cheap-w-18-powder","12":"product_tag-high-quality-w-18-powder","13":"product_tag-how-to-buy-w-18-powder","14":"product_tag-order-w-18-powder","15":"product_tag-purcharse-w-18-powder","16":"product_tag-shop-w-18-powder","17":"product_tag-top-quality","18":"product_tag-w-18-powder","19":"product_tag-w-18-powder-for-sale","20":"product_tag-w-18-powder-legally","21":"product_tag-w-18-powder-online","22":"product_tag-w-18-powder-price","23":"product_tag-w-18-powder-store","24":"product_tag-w-18-powder-use","25":"product_tag-w-18-powder-w-18-powder-supplier","26":"product_tag-w-18-powder-wiki","27":"product_tag-w-18-powder-worldwide","28":"product_tag-w-18-powders","29":"product_tag-where-to-buy-w-18-powder","30":"product_tag-where-to-order-w-18-powder","31":"product_tag-wholesale-w-18-powder","32":"desktop-align-left","33":"tablet-align-left","34":"mobile-align-left","35":"ast-product-gallery-layout-horizontal","36":"ast-product-gallery-with-no-image","37":"ast-product-single-variable","38":"ast-product-tabs-layout-horizontal","39":"ast-qv-on-image","41":"first","42":"instock","43":"shipping-taxable","44":"purchasable","45":"product-type-variable"},"yoast_head":"<!-- This site is optimized with the Yoast SEO plugin v25.9 - https:\/\/yoast.com\/wordpress\/plugins\/seo\/ -->\n<title>W-18 Powder for sale - Order W-18 Powder Online | LegitGrams<\/title>\n<meta name=\"description\" content=\"Explore our online store to buy W-18 powder online, offering high-quality W-18 powder for sale securely and embark on your research journey with confidence.\" \/>\n<meta name=\"robots\" content=\"index, follow, max-snippet:-1, max-image-preview:large, max-video-preview:-1\" \/>\n<link rel=\"canonical\" href=\"https:\/\/legitgrams.com\/pl\/produkt\/w-18-proszek\/\" \/>\n<meta property=\"og:locale\" content=\"pl_PL\" \/>\n<meta property=\"og:type\" content=\"article\" \/>\n<meta property=\"og:title\" content=\"W-18 Powder for sale - Order W-18 Powder Online | LegitGrams\" \/>\n<meta property=\"og:description\" content=\"Explore our online store to buy W-18 powder online, offering high-quality W-18 powder for sale securely and embark on your research journey with confidence.\" \/>\n<meta property=\"og:url\" content=\"https:\/\/legitgrams.com\/pl\/produkt\/w-18-proszek\/\" \/>\n<meta property=\"og:site_name\" content=\"Legit Grams\" \/>\n<meta property=\"article:modified_time\" content=\"2025-01-15T05:50:00+00:00\" \/>\n<meta property=\"og:image\" content=\"https:\/\/legitgrams.com\/wp-content\/uploads\/2024\/09\/buy-w-18-powder-online.jpg\" \/>\n\t<meta property=\"og:image:width\" content=\"600\" \/>\n\t<meta property=\"og:image:height\" content=\"600\" \/>\n\t<meta property=\"og:image:type\" content=\"image\/jpeg\" \/>\n<meta name=\"twitter:card\" content=\"summary_large_image\" \/>\n<meta name=\"twitter:label1\" content=\"Szacowany czas czytania\" \/>\n\t<meta name=\"twitter:data1\" content=\"2 minuty\" \/>\n<script type=\"application\/ld+json\" class=\"yoast-schema-graph\">{\"@context\":\"https:\/\/schema.org\",\"@graph\":[{\"@type\":\"WebPage\",\"@id\":\"https:\/\/legitgrams.com\/product\/w-18-powder\/\",\"url\":\"https:\/\/legitgrams.com\/product\/w-18-powder\/\",\"name\":\"W-18 Powder for sale - Order W-18 Powder Online | LegitGrams\",\"isPartOf\":{\"@id\":\"https:\/\/legitgrams.com\/#website\"},\"primaryImageOfPage\":{\"@id\":\"https:\/\/legitgrams.com\/product\/w-18-powder\/#primaryimage\"},\"image\":{\"@id\":\"https:\/\/legitgrams.com\/product\/w-18-powder\/#primaryimage\"},\"thumbnailUrl\":\"https:\/\/legitgrams.com\/wp-content\/uploads\/2024\/09\/buy-w-18-powder-online.jpg\",\"datePublished\":\"2024-09-20T10:55:19+00:00\",\"dateModified\":\"2025-01-15T05:50:00+00:00\",\"description\":\"Explore our online store to buy W-18 powder online, offering high-quality W-18 powder for sale securely and embark on your research journey with confidence.\",\"breadcrumb\":{\"@id\":\"https:\/\/legitgrams.com\/product\/w-18-powder\/#breadcrumb\"},\"inLanguage\":\"pl-PL\",\"potentialAction\":[{\"@type\":\"ReadAction\",\"target\":[\"https:\/\/legitgrams.com\/product\/w-18-powder\/\"]}]},{\"@type\":\"ImageObject\",\"inLanguage\":\"pl-PL\",\"@id\":\"https:\/\/legitgrams.com\/product\/w-18-powder\/#primaryimage\",\"url\":\"https:\/\/legitgrams.com\/wp-content\/uploads\/2024\/09\/buy-w-18-powder-online.jpg\",\"contentUrl\":\"https:\/\/legitgrams.com\/wp-content\/uploads\/2024\/09\/buy-w-18-powder-online.jpg\",\"width\":600,\"height\":600,\"caption\":\"W-18 Powder for sale\"},{\"@type\":\"BreadcrumbList\",\"@id\":\"https:\/\/legitgrams.com\/product\/w-18-powder\/#breadcrumb\",\"itemListElement\":[{\"@type\":\"ListItem\",\"position\":1,\"name\":\"Home\",\"item\":\"https:\/\/legitgrams.com\/\"},{\"@type\":\"ListItem\",\"position\":2,\"name\":\"Shop\",\"item\":\"https:\/\/legitgrams.com\/shop\/\"},{\"@type\":\"ListItem\",\"position\":3,\"name\":\"W-18 powder\"}]},{\"@type\":\"WebSite\",\"@id\":\"https:\/\/legitgrams.com\/#website\",\"url\":\"https:\/\/legitgrams.com\/\",\"name\":\"Legit Grams\",\"description\":\"My WordPress Blog\",\"publisher\":{\"@id\":\"https:\/\/legitgrams.com\/#organization\"},\"potentialAction\":[{\"@type\":\"SearchAction\",\"target\":{\"@type\":\"EntryPoint\",\"urlTemplate\":\"https:\/\/legitgrams.com\/?s={search_term_string}\"},\"query-input\":{\"@type\":\"PropertyValueSpecification\",\"valueRequired\":true,\"valueName\":\"search_term_string\"}}],\"inLanguage\":\"pl-PL\"},{\"@type\":\"Organization\",\"@id\":\"https:\/\/legitgrams.com\/#organization\",\"name\":\"Legit Grams\",\"url\":\"https:\/\/legitgrams.com\/\",\"logo\":{\"@type\":\"ImageObject\",\"inLanguage\":\"pl-PL\",\"@id\":\"https:\/\/legitgrams.com\/#\/schema\/logo\/image\/\",\"url\":\"https:\/\/legitgrams.com\/wp-content\/uploads\/2024\/09\/main-logo.png\",\"contentUrl\":\"https:\/\/legitgrams.com\/wp-content\/uploads\/2024\/09\/main-logo.png\",\"width\":270,\"height\":75,\"caption\":\"Legit Grams\"},\"image\":{\"@id\":\"https:\/\/legitgrams.com\/#\/schema\/logo\/image\/\"}}]}<\/script>\n<!-- \/ Yoast SEO plugin. -->","yoast_head_json":{"title":"W-18 Powder na sprzeda\u017c - Zam\u00f3w W-18 Powder online | LegitGrams","description":"Zapoznaj si\u0119 z naszym sklepem internetowym, aby kupi\u0107 proszek W-18 online, oferuj\u0105c wysokiej jako\u015bci proszek W-18 na sprzeda\u017c bezpiecznie i wyrusz w podr\u00f3\u017c badawcz\u0105 z pewno\u015bci\u0105.","robots":{"index":"index","follow":"follow","max-snippet":"max-snippet:-1","max-image-preview":"max-image-preview:large","max-video-preview":"max-video-preview:-1"},"canonical":"https:\/\/legitgrams.com\/pl\/produkt\/w-18-proszek\/","og_locale":"pl_PL","og_type":"article","og_title":"W-18 Powder for sale - Order W-18 Powder Online | LegitGrams","og_description":"Explore our online store to buy W-18 powder online, offering high-quality W-18 powder for sale securely and embark on your research journey with confidence.","og_url":"https:\/\/legitgrams.com\/pl\/produkt\/w-18-proszek\/","og_site_name":"Legit Grams","article_modified_time":"2025-01-15T05:50:00+00:00","og_image":[{"width":600,"height":600,"url":"https:\/\/legitgrams.com\/wp-content\/uploads\/2024\/09\/buy-w-18-powder-online.jpg","type":"image\/jpeg"}],"twitter_card":"summary_large_image","twitter_misc":{"Szacowany czas czytania":"2 minuty"},"schema":{"@context":"https:\/\/schema.org","@graph":[{"@type":"WebPage","@id":"https:\/\/legitgrams.com\/product\/w-18-powder\/","url":"https:\/\/legitgrams.com\/product\/w-18-powder\/","name":"W-18 Powder na sprzeda\u017c - Zam\u00f3w W-18 Powder online | LegitGrams","isPartOf":{"@id":"https:\/\/legitgrams.com\/#website"},"primaryImageOfPage":{"@id":"https:\/\/legitgrams.com\/product\/w-18-powder\/#primaryimage"},"image":{"@id":"https:\/\/legitgrams.com\/product\/w-18-powder\/#primaryimage"},"thumbnailUrl":"https:\/\/legitgrams.com\/wp-content\/uploads\/2024\/09\/buy-w-18-powder-online.jpg","datePublished":"2024-09-20T10:55:19+00:00","dateModified":"2025-01-15T05:50:00+00:00","description":"Zapoznaj si\u0119 z naszym sklepem internetowym, aby kupi\u0107 proszek W-18 online, oferuj\u0105c wysokiej jako\u015bci proszek W-18 na sprzeda\u017c bezpiecznie i wyrusz w podr\u00f3\u017c badawcz\u0105 z pewno\u015bci\u0105.","breadcrumb":{"@id":"https:\/\/legitgrams.com\/product\/w-18-powder\/#breadcrumb"},"inLanguage":"pl-PL","potentialAction":[{"@type":"ReadAction","target":["https:\/\/legitgrams.com\/product\/w-18-powder\/"]}]},{"@type":"ImageObject","inLanguage":"pl-PL","@id":"https:\/\/legitgrams.com\/product\/w-18-powder\/#primaryimage","url":"https:\/\/legitgrams.com\/wp-content\/uploads\/2024\/09\/buy-w-18-powder-online.jpg","contentUrl":"https:\/\/legitgrams.com\/wp-content\/uploads\/2024\/09\/buy-w-18-powder-online.jpg","width":600,"height":600,"caption":"W-18 Powder for sale"},{"@type":"BreadcrumbList","@id":"https:\/\/legitgrams.com\/product\/w-18-powder\/#breadcrumb","itemListElement":[{"@type":"ListItem","position":1,"name":"Home","item":"https:\/\/legitgrams.com\/"},{"@type":"ListItem","position":2,"name":"Shop","item":"https:\/\/legitgrams.com\/shop\/"},{"@type":"ListItem","position":3,"name":"W-18 powder"}]},{"@type":"WebSite","@id":"https:\/\/legitgrams.com\/#website","url":"https:\/\/legitgrams.com\/","name":"Legit Grams","description":"M\u00f3j blog WordPress","publisher":{"@id":"https:\/\/legitgrams.com\/#organization"},"potentialAction":[{"@type":"SearchAction","target":{"@type":"EntryPoint","urlTemplate":"https:\/\/legitgrams.com\/?s={search_term_string}"},"query-input":{"@type":"PropertyValueSpecification","valueRequired":true,"valueName":"search_term_string"}}],"inLanguage":"pl-PL"},{"@type":"Organization","@id":"https:\/\/legitgrams.com\/#organization","name":"Legit Grams","url":"https:\/\/legitgrams.com\/","logo":{"@type":"ImageObject","inLanguage":"pl-PL","@id":"https:\/\/legitgrams.com\/#\/schema\/logo\/image\/","url":"https:\/\/legitgrams.com\/wp-content\/uploads\/2024\/09\/main-logo.png","contentUrl":"https:\/\/legitgrams.com\/wp-content\/uploads\/2024\/09\/main-logo.png","width":270,"height":75,"caption":"Legit Grams"},"image":{"@id":"https:\/\/legitgrams.com\/#\/schema\/logo\/image\/"}}]}},"uagb_featured_image_src":{"full":["https:\/\/legitgrams.com\/wp-content\/uploads\/2024\/09\/buy-w-18-powder-online.jpg",600,600,false],"thumbnail":["https:\/\/legitgrams.com\/wp-content\/uploads\/2024\/09\/buy-w-18-powder-online-150x150.jpg",150,150,true],"medium":["https:\/\/legitgrams.com\/wp-content\/uploads\/2024\/09\/buy-w-18-powder-online-300x300.jpg",300,300,true],"medium_large":["https:\/\/legitgrams.com\/wp-content\/uploads\/2024\/09\/buy-w-18-powder-online.jpg",600,600,false],"large":["https:\/\/legitgrams.com\/wp-content\/uploads\/2024\/09\/buy-w-18-powder-online.jpg",600,600,false],"1536x1536":["https:\/\/legitgrams.com\/wp-content\/uploads\/2024\/09\/buy-w-18-powder-online.jpg",600,600,false],"2048x2048":["https:\/\/legitgrams.com\/wp-content\/uploads\/2024\/09\/buy-w-18-powder-online.jpg",600,600,false],"trp-custom-language-flag":["https:\/\/legitgrams.com\/wp-content\/uploads\/2024\/09\/buy-w-18-powder-online-12x12.jpg",12,12,true],"woocommerce_thumbnail":["https:\/\/legitgrams.com\/wp-content\/uploads\/2024\/09\/buy-w-18-powder-online-300x300.jpg",300,300,true],"woocommerce_single":["https:\/\/legitgrams.com\/wp-content\/uploads\/2024\/09\/buy-w-18-powder-online.jpg",600,600,false],"woocommerce_gallery_thumbnail":["https:\/\/legitgrams.com\/wp-content\/uploads\/2024\/09\/buy-w-18-powder-online-100x100.jpg",100,100,true]},"uagb_author_info":{"display_name":"cokeblog18","author_link":"https:\/\/legitgrams.com\/pl\/author\/"},"uagb_comment_info":0,"uagb_excerpt":"Purchase W-18 powder online. You may buy W-18 powder online. Do not consume this substance; it is only for research reasons. Qualities This product was manufactured and tested in compliance with ISO17025:2005 and Guide 34:2009 standards. This product&#8217;s objective is to function as an analytical reference standard. Bulk materials are available for academic research at&hellip;","_links":{"self":[{"href":"https:\/\/legitgrams.com\/pl\/wp-json\/wp\/v2\/product\/3913","targetHints":{"allow":["GET"]}}],"collection":[{"href":"https:\/\/legitgrams.com\/pl\/wp-json\/wp\/v2\/product"}],"about":[{"href":"https:\/\/legitgrams.com\/pl\/wp-json\/wp\/v2\/types\/product"}],"replies":[{"embeddable":true,"href":"https:\/\/legitgrams.com\/pl\/wp-json\/wp\/v2\/comments?post=3913"}],"wp:featuredmedia":[{"embeddable":true,"href":"https:\/\/legitgrams.com\/pl\/wp-json\/wp\/v2\/media\/5320"}],"wp:attachment":[{"href":"https:\/\/legitgrams.com\/pl\/wp-json\/wp\/v2\/media?parent=3913"}],"wp:term":[{"taxonomy":"product_brand","embeddable":true,"href":"https:\/\/legitgrams.com\/pl\/wp-json\/wp\/v2\/product_brand?post=3913"},{"taxonomy":"product_cat","embeddable":true,"href":"https:\/\/legitgrams.com\/pl\/wp-json\/wp\/v2\/product_cat?post=3913"},{"taxonomy":"product_tag","embeddable":true,"href":"https:\/\/legitgrams.com\/pl\/wp-json\/wp\/v2\/product_tag?post=3913"}],"curies":[{"name":"wp","href":"https:\/\/api.w.org\/{rel}","templated":true}]}}