{"id":3915,"date":"2024-09-20T11:01:11","date_gmt":"2024-09-20T11:01:11","guid":{"rendered":"https:\/\/legitgrams.com\/?post_type=product&#038;p=3915"},"modified":"2025-01-14T08:50:05","modified_gmt":"2025-01-14T08:50:05","slug":"proszek-krystaliczny-mdai","status":"publish","type":"product","link":"https:\/\/legitgrams.com\/pl\/produkt\/proszek-krystaliczny-mdai\/","title":{"rendered":"Kryszta\u0142 i proszek MDAI"},"content":{"rendered":"<h2>Kup proszek i kryszta\u0142 MDAI w obni\u017conej cenie online<\/h2>\n<p>Naszym g\u0142\u00f3wnym celem jest oferowanie naszym klientom najnowocze\u015bniejszych informacji i us\u0142ug najwy\u017cszej klasy. LG mo\u017cna znale\u017a\u0107 w ilo\u015bci i jako\u015bci potrzebnej pe\u0142noprawnym kurtuazyjnym kreacjom i przedsi\u0119biorstwom eksploracyjnym. Tutaj odkryjesz dog\u0142\u0119bn\u0105 synops\u0119 LG, kt\u00f3ra spe\u0142ni wszystkie Twoje cele. Nasz zesp\u00f3\u0142 zaleca, aby sk\u0142adniki nap\u0119dowe \u015bwiata by\u0142y tworzone zgodnie z najnowszymi osi\u0105gni\u0119ciami technologicznymi. Nie przewiduje si\u0119 ludzkiego wykorzystania element\u00f3w z tej listy.<\/p>\n<p>Dopuszczalne jest stosowanie \u015brodk\u00f3w farmaceutycznych do cel\u00f3w badawczych, naukowych i laboratoryjnych. Mo\u017cna przeprowadza\u0107 wy\u0142\u0105cznie badania, testy i pr\u00f3by przy u\u017cyciu wymienionych zwi\u0105zk\u00f3w. Ostatnio wyprodukowane pakiety pochodz\u0105 z g\u0142\u00f3wnych chi\u0144skich o\u015brodk\u00f3w badawczych na rynku RC.<\/p>\n<p>Wy\u015blemy Twoj\u0105 paczk\u0119 w dowolne miejsce w Stanach Zjednoczonych, Europie lub na \u015bwiecie, je\u015bli dokonasz transakcji ju\u017c dzi\u015b. Aby rozwija\u0107 RC, nasza firma wsp\u00f3\u0142pracuje bezpo\u015brednio z wieloma dynamicznymi mi\u0119dzynarodowymi laboratoriami, a pozyskiwanie najlepszych odkry\u0107 jest jednym z naszych g\u0142\u00f3wnych cel\u00f3w. Twoja pro\u015bba jest z tego powodu naprawd\u0119 wa\u017cna. Nasz sprzedawca ma siedzib\u0119 w USA i prowadzi dzia\u0142alno\u015b\u0107 na ca\u0142ym \u015bwiecie. W Internecie klienci mog\u0105 szybko potwierdzi\u0107 dost\u0119pno\u015b\u0107 i szacunki LG. Aby dowiedzie\u0107 si\u0119, jak z\u0142o\u017cy\u0107 pro\u015bb\u0119, po prostu skontaktuj si\u0119 z nasz\u0105 pomocn\u0105 i wieloj\u0119zyczn\u0105 obs\u0142ug\u0105 klienta. Skontaktuj si\u0119 z nami, je\u015bli potrzebujesz dalszych informacji lub chcesz zam\u00f3wi\u0107 mieszane leki w du\u017cych ilo\u015bciach. <a href=\"https:\/\/legitgrams.com\/pl\/\">LegitGrams<\/a><\/p>\n<p>Cenimy naszych klient\u00f3w, wi\u0119c je\u015bli potrzebujesz pomocy w wyborze idealnego przedmiotu, nie b\u00f3j si\u0119 skontaktowa\u0107 z nami. Podczas pozyskiwania chemikali\u00f3w do bada\u0144 jako\u015b\u0107 jest niezb\u0119dna. Ka\u017cdego dnia lista przekazanych przedmiot\u00f3w staje si\u0119 d\u0142u\u017csza. BUYRESEARCHCHEMICALSUSA po\u015bwi\u0119ca si\u0119 oferowaniu klientom poprawy jako\u015bci, rozwoju i d\u0142ugoterminowej oceny. Ka\u017cdy klient ma najwy\u017csze zaufanie do wszystkich dostarczanych materia\u0142\u00f3w. Jeste\u015bmy miejscem, w kt\u00f3rym mo\u017cesz kupi\u0107 RC i dowiedzie\u0107 si\u0119 wszystkiego, co musisz o nich wiedzie\u0107, ich zaletach i odpowiednich lekach syntetycznych.<\/p>\n<p>Kup <a href=\"https:\/\/en.wikipedia.org\/wiki\/MDAI\">MDAI<\/a> Kryszta\u0142 i proszek online ze zni\u017ck\u0105 \u2013 Kup <a href=\"https:\/\/legitgrams.com\/pl\/produkt\/proszek-krystaliczny-mdai\/\">MDAI<\/a> Crystal and Powder Online ze zni\u017ck\u0105, Kup MDAI Crystal and Powder Online ze zni\u017ck\u0105, Gdzie kupi\u0107 MDAI Crystal and Powder ze zni\u017ck\u0105, MDAI Crystal and Cheap MDAI Crystal and Powder na sprzeda\u017c, Gdzie kupi\u0107 MDAI Crystal and Powder w niskich cenach, MDAI Crystal and Powder na sprzeda\u017c w niskich cenach w USA, Kanadzie i Wielkiej Brytanii, Kupuj online, Dostawcy, Bezpieczna dostawa, Dowiedz si\u0119, czy MDAI Crystal &amp; Powder Cheap jest legalne w USA, jak zam\u00f3wi\u0107 MDAI Crystal &amp; Powder Cheap, czy jest legalne w Kanadzie i jak kupi\u0107 MDAI Crystal &amp; Powder Cheap online.<\/p>\n<h2><\/h2>\n<h2><\/h2>\n<p>&nbsp;<\/p>","protected":false},"excerpt":{"rendered":"<p>Purchase MDAI Powder &amp; Crystal at a Discount Online Our primary goal is to offer our clients state-of-the-art information and first-rate services. LG can be found in the quantity and quality needed by full-fledged creation curtesies and exploration enterprises. Here, you will discover a thorough synopsis of LG that satisfies all of your objectives. Our &hellip;<\/p>\n<p class=\"read-more\"> <a class=\"\" href=\"https:\/\/legitgrams.com\/pl\/produkt\/proszek-krystaliczny-mdai\/\"> <span class=\"screen-reader-text\">Kryszta\u0142 i proszek MDAI<\/span> Czytaj wi\u0119cej \"<\/a><\/p>","protected":false},"featured_media":5286,"comment_status":"open","ping_status":"closed","template":"","meta":{"_uag_custom_page_level_css":"","site-sidebar-layout":"default","site-content-layout":"default","ast-global-header-display":"","ast-main-header-display":"","ast-hfb-above-header-display":"","ast-hfb-below-header-display":"","ast-hfb-mobile-header-display":"","site-post-title":"","ast-breadcrumbs-content":"","ast-featured-img":"","footer-sml-layout":"","theme-transparent-header-meta":"default","adv-header-id-meta":"","stick-header-meta":"default","header-above-stick-meta":"","header-main-stick-meta":"","header-below-stick-meta":"","_joinchat":[]},"product_brand":[],"product_cat":[600],"product_tag":[3935,3925,617,3917,3932,3929,3924,3916,3919,3927,3920,3918,3928,3930,3937,3938,3936,3933,3922,3934,3931,625,3923,3926,3921],"class_list":{"0":"post-3915","1":"product","2":"type-product","3":"status-publish","4":"has-post-thumbnail","6":"product_cat-research-chemicals-and-bath-salt","7":"product_tag-best-cheap-price-mdai-crystal-powder","8":"product_tag-best-place-to-buy-mdai-crystal-powder","9":"product_tag-bulk-online","10":"product_tag-buy-mdai-crystal-powder","11":"product_tag-cheap-mdai-crystal-powder","12":"product_tag-high-quality-mdai-crystal-powder","13":"product_tag-how-to-buy-mdai-crystal-powder","14":"product_tag-mdai-crystal-powder","15":"product_tag-mdai-crystal-powder-for-sale","16":"product_tag-mdai-crystal-powder-legally","17":"product_tag-mdai-crystal-powder-mdai-crystal-powder-supplier","18":"product_tag-mdai-crystal-powder-online","19":"product_tag-mdai-crystal-powder-price","20":"product_tag-mdai-crystal-powder-store","21":"product_tag-mdai-crystal-powder-use","22":"product_tag-mdai-crystal-powder-wiki","23":"product_tag-mdai-crystal-powder-worldwide","24":"product_tag-mdai-crystal-powders","25":"product_tag-order-mdai-crystal-powder","26":"product_tag-purcharse-mdai-crystal-powder","27":"product_tag-shop-mdai-crystal-powder","28":"product_tag-top-quality","29":"product_tag-where-to-buy-mdai-crystal-powder","30":"product_tag-where-to-order-mdai-crystal-powder","31":"product_tag-wholesale-mdai-crystal-powder","32":"desktop-align-left","33":"tablet-align-left","34":"mobile-align-left","35":"ast-product-gallery-layout-horizontal","36":"ast-product-gallery-with-no-image","37":"ast-product-single-variable","38":"ast-product-tabs-layout-horizontal","39":"ast-qv-on-image","41":"first","42":"instock","43":"shipping-taxable","44":"purchasable","45":"product-type-variable"},"yoast_head":"<!-- This site is optimized with the Yoast SEO plugin v25.9 - https:\/\/yoast.com\/wordpress\/plugins\/seo\/ -->\n<title>MDAI Crystal &amp; Powder for Sale - Buy MDAI Crystal Online<\/title>\n<meta name=\"description\" content=\"At our Legitgrams, you can get MDAI Crystal &amp; Powder for sale at cheap rates. We deal with A-grade quality products only. Buy MDAI Crystal &amp; Powder online from our store now with fast &amp; secure shipping service.\" \/>\n<meta name=\"robots\" content=\"index, follow, max-snippet:-1, max-image-preview:large, max-video-preview:-1\" \/>\n<link rel=\"canonical\" href=\"https:\/\/legitgrams.com\/pl\/produkt\/proszek-krystaliczny-mdai\/\" \/>\n<meta property=\"og:locale\" content=\"pl_PL\" \/>\n<meta property=\"og:type\" content=\"article\" \/>\n<meta property=\"og:title\" content=\"MDAI Crystal &amp; Powder for Sale - Buy MDAI Crystal Online\" \/>\n<meta property=\"og:description\" content=\"At our Legitgrams, you can get MDAI Crystal &amp; Powder for sale at cheap rates. We deal with A-grade quality products only. Buy MDAI Crystal &amp; Powder online from our store now with fast &amp; secure shipping service.\" \/>\n<meta property=\"og:url\" content=\"https:\/\/legitgrams.com\/pl\/produkt\/proszek-krystaliczny-mdai\/\" \/>\n<meta property=\"og:site_name\" content=\"Legit Grams\" \/>\n<meta property=\"article:modified_time\" content=\"2025-01-14T08:50:05+00:00\" \/>\n<meta property=\"og:image\" content=\"https:\/\/legitgrams.com\/wp-content\/uploads\/2024\/09\/buy-mdai-crystal-powder-cheap-online.jpg\" \/>\n\t<meta property=\"og:image:width\" content=\"600\" \/>\n\t<meta property=\"og:image:height\" content=\"600\" \/>\n\t<meta property=\"og:image:type\" content=\"image\/jpeg\" \/>\n<meta name=\"twitter:card\" content=\"summary_large_image\" \/>\n<meta name=\"twitter:label1\" content=\"Szacowany czas czytania\" \/>\n\t<meta name=\"twitter:data1\" content=\"5 minut\" \/>\n<script type=\"application\/ld+json\" class=\"yoast-schema-graph\">{\"@context\":\"https:\/\/schema.org\",\"@graph\":[{\"@type\":\"WebPage\",\"@id\":\"https:\/\/legitgrams.com\/product\/mdai-crystal-powder\/\",\"url\":\"https:\/\/legitgrams.com\/product\/mdai-crystal-powder\/\",\"name\":\"MDAI Crystal & Powder for Sale - Buy MDAI Crystal Online\",\"isPartOf\":{\"@id\":\"https:\/\/legitgrams.com\/#website\"},\"primaryImageOfPage\":{\"@id\":\"https:\/\/legitgrams.com\/product\/mdai-crystal-powder\/#primaryimage\"},\"image\":{\"@id\":\"https:\/\/legitgrams.com\/product\/mdai-crystal-powder\/#primaryimage\"},\"thumbnailUrl\":\"https:\/\/legitgrams.com\/wp-content\/uploads\/2024\/09\/buy-mdai-crystal-powder-cheap-online.jpg\",\"datePublished\":\"2024-09-20T11:01:11+00:00\",\"dateModified\":\"2025-01-14T08:50:05+00:00\",\"description\":\"At our Legitgrams, you can get MDAI Crystal & Powder for sale at cheap rates. We deal with A-grade quality products only. Buy MDAI Crystal & Powder online from our store now with fast & secure shipping service.\",\"breadcrumb\":{\"@id\":\"https:\/\/legitgrams.com\/product\/mdai-crystal-powder\/#breadcrumb\"},\"inLanguage\":\"pl-PL\",\"potentialAction\":[{\"@type\":\"ReadAction\",\"target\":[\"https:\/\/legitgrams.com\/product\/mdai-crystal-powder\/\"]}]},{\"@type\":\"ImageObject\",\"inLanguage\":\"pl-PL\",\"@id\":\"https:\/\/legitgrams.com\/product\/mdai-crystal-powder\/#primaryimage\",\"url\":\"https:\/\/legitgrams.com\/wp-content\/uploads\/2024\/09\/buy-mdai-crystal-powder-cheap-online.jpg\",\"contentUrl\":\"https:\/\/legitgrams.com\/wp-content\/uploads\/2024\/09\/buy-mdai-crystal-powder-cheap-online.jpg\",\"width\":600,\"height\":600,\"caption\":\"MDAI Crystal & Powder for Sale\"},{\"@type\":\"BreadcrumbList\",\"@id\":\"https:\/\/legitgrams.com\/product\/mdai-crystal-powder\/#breadcrumb\",\"itemListElement\":[{\"@type\":\"ListItem\",\"position\":1,\"name\":\"Home\",\"item\":\"https:\/\/legitgrams.com\/\"},{\"@type\":\"ListItem\",\"position\":2,\"name\":\"Shop\",\"item\":\"https:\/\/legitgrams.com\/shop\/\"},{\"@type\":\"ListItem\",\"position\":3,\"name\":\"MDAI Crystal &#038; Powder\"}]},{\"@type\":\"WebSite\",\"@id\":\"https:\/\/legitgrams.com\/#website\",\"url\":\"https:\/\/legitgrams.com\/\",\"name\":\"Legit Grams\",\"description\":\"My WordPress Blog\",\"publisher\":{\"@id\":\"https:\/\/legitgrams.com\/#organization\"},\"potentialAction\":[{\"@type\":\"SearchAction\",\"target\":{\"@type\":\"EntryPoint\",\"urlTemplate\":\"https:\/\/legitgrams.com\/?s={search_term_string}\"},\"query-input\":{\"@type\":\"PropertyValueSpecification\",\"valueRequired\":true,\"valueName\":\"search_term_string\"}}],\"inLanguage\":\"pl-PL\"},{\"@type\":\"Organization\",\"@id\":\"https:\/\/legitgrams.com\/#organization\",\"name\":\"Legit Grams\",\"url\":\"https:\/\/legitgrams.com\/\",\"logo\":{\"@type\":\"ImageObject\",\"inLanguage\":\"pl-PL\",\"@id\":\"https:\/\/legitgrams.com\/#\/schema\/logo\/image\/\",\"url\":\"https:\/\/legitgrams.com\/wp-content\/uploads\/2024\/09\/main-logo.png\",\"contentUrl\":\"https:\/\/legitgrams.com\/wp-content\/uploads\/2024\/09\/main-logo.png\",\"width\":270,\"height\":75,\"caption\":\"Legit Grams\"},\"image\":{\"@id\":\"https:\/\/legitgrams.com\/#\/schema\/logo\/image\/\"}}]}<\/script>\n<!-- \/ Yoast SEO plugin. -->","yoast_head_json":{"title":"Sprzedam kryszta\u0142 i proszek MDAI - Kup MDAI Crystal online","description":"W naszym Legitgrams mo\u017cna uzyska\u0107 MDAI Crystal &amp; Powder na sprzeda\u017c po niskich cenach. Zajmujemy si\u0119 wy\u0142\u0105cznie produktami o jako\u015bci A. Kup MDAI Crystal &amp; Powder online w naszym sklepie teraz z szybk\u0105 i bezpieczn\u0105 wysy\u0142k\u0105.","robots":{"index":"index","follow":"follow","max-snippet":"max-snippet:-1","max-image-preview":"max-image-preview:large","max-video-preview":"max-video-preview:-1"},"canonical":"https:\/\/legitgrams.com\/pl\/produkt\/proszek-krystaliczny-mdai\/","og_locale":"pl_PL","og_type":"article","og_title":"MDAI Crystal & Powder for Sale - Buy MDAI Crystal Online","og_description":"At our Legitgrams, you can get MDAI Crystal & Powder for sale at cheap rates. We deal with A-grade quality products only. Buy MDAI Crystal & Powder online from our store now with fast & secure shipping service.","og_url":"https:\/\/legitgrams.com\/pl\/produkt\/proszek-krystaliczny-mdai\/","og_site_name":"Legit Grams","article_modified_time":"2025-01-14T08:50:05+00:00","og_image":[{"width":600,"height":600,"url":"https:\/\/legitgrams.com\/wp-content\/uploads\/2024\/09\/buy-mdai-crystal-powder-cheap-online.jpg","type":"image\/jpeg"}],"twitter_card":"summary_large_image","twitter_misc":{"Szacowany czas czytania":"5 minut"},"schema":{"@context":"https:\/\/schema.org","@graph":[{"@type":"WebPage","@id":"https:\/\/legitgrams.com\/product\/mdai-crystal-powder\/","url":"https:\/\/legitgrams.com\/product\/mdai-crystal-powder\/","name":"Sprzedam kryszta\u0142 i proszek MDAI - Kup MDAI Crystal online","isPartOf":{"@id":"https:\/\/legitgrams.com\/#website"},"primaryImageOfPage":{"@id":"https:\/\/legitgrams.com\/product\/mdai-crystal-powder\/#primaryimage"},"image":{"@id":"https:\/\/legitgrams.com\/product\/mdai-crystal-powder\/#primaryimage"},"thumbnailUrl":"https:\/\/legitgrams.com\/wp-content\/uploads\/2024\/09\/buy-mdai-crystal-powder-cheap-online.jpg","datePublished":"2024-09-20T11:01:11+00:00","dateModified":"2025-01-14T08:50:05+00:00","description":"W naszym Legitgrams mo\u017cna uzyska\u0107 MDAI Crystal &amp; Powder na sprzeda\u017c po niskich cenach. Zajmujemy si\u0119 wy\u0142\u0105cznie produktami o jako\u015bci A. Kup MDAI Crystal &amp; Powder online w naszym sklepie teraz z szybk\u0105 i bezpieczn\u0105 wysy\u0142k\u0105.","breadcrumb":{"@id":"https:\/\/legitgrams.com\/product\/mdai-crystal-powder\/#breadcrumb"},"inLanguage":"pl-PL","potentialAction":[{"@type":"ReadAction","target":["https:\/\/legitgrams.com\/product\/mdai-crystal-powder\/"]}]},{"@type":"ImageObject","inLanguage":"pl-PL","@id":"https:\/\/legitgrams.com\/product\/mdai-crystal-powder\/#primaryimage","url":"https:\/\/legitgrams.com\/wp-content\/uploads\/2024\/09\/buy-mdai-crystal-powder-cheap-online.jpg","contentUrl":"https:\/\/legitgrams.com\/wp-content\/uploads\/2024\/09\/buy-mdai-crystal-powder-cheap-online.jpg","width":600,"height":600,"caption":"MDAI Crystal & Powder for Sale"},{"@type":"BreadcrumbList","@id":"https:\/\/legitgrams.com\/product\/mdai-crystal-powder\/#breadcrumb","itemListElement":[{"@type":"ListItem","position":1,"name":"Home","item":"https:\/\/legitgrams.com\/"},{"@type":"ListItem","position":2,"name":"Shop","item":"https:\/\/legitgrams.com\/shop\/"},{"@type":"ListItem","position":3,"name":"MDAI Crystal &#038; Powder"}]},{"@type":"WebSite","@id":"https:\/\/legitgrams.com\/#website","url":"https:\/\/legitgrams.com\/","name":"Legit Grams","description":"M\u00f3j blog WordPress","publisher":{"@id":"https:\/\/legitgrams.com\/#organization"},"potentialAction":[{"@type":"SearchAction","target":{"@type":"EntryPoint","urlTemplate":"https:\/\/legitgrams.com\/?s={search_term_string}"},"query-input":{"@type":"PropertyValueSpecification","valueRequired":true,"valueName":"search_term_string"}}],"inLanguage":"pl-PL"},{"@type":"Organization","@id":"https:\/\/legitgrams.com\/#organization","name":"Legit Grams","url":"https:\/\/legitgrams.com\/","logo":{"@type":"ImageObject","inLanguage":"pl-PL","@id":"https:\/\/legitgrams.com\/#\/schema\/logo\/image\/","url":"https:\/\/legitgrams.com\/wp-content\/uploads\/2024\/09\/main-logo.png","contentUrl":"https:\/\/legitgrams.com\/wp-content\/uploads\/2024\/09\/main-logo.png","width":270,"height":75,"caption":"Legit Grams"},"image":{"@id":"https:\/\/legitgrams.com\/#\/schema\/logo\/image\/"}}]}},"uagb_featured_image_src":{"full":["https:\/\/legitgrams.com\/wp-content\/uploads\/2024\/09\/buy-mdai-crystal-powder-cheap-online.jpg",600,600,false],"thumbnail":["https:\/\/legitgrams.com\/wp-content\/uploads\/2024\/09\/buy-mdai-crystal-powder-cheap-online-150x150.jpg",150,150,true],"medium":["https:\/\/legitgrams.com\/wp-content\/uploads\/2024\/09\/buy-mdai-crystal-powder-cheap-online-300x300.jpg",300,300,true],"medium_large":["https:\/\/legitgrams.com\/wp-content\/uploads\/2024\/09\/buy-mdai-crystal-powder-cheap-online.jpg",600,600,false],"large":["https:\/\/legitgrams.com\/wp-content\/uploads\/2024\/09\/buy-mdai-crystal-powder-cheap-online.jpg",600,600,false],"1536x1536":["https:\/\/legitgrams.com\/wp-content\/uploads\/2024\/09\/buy-mdai-crystal-powder-cheap-online.jpg",600,600,false],"2048x2048":["https:\/\/legitgrams.com\/wp-content\/uploads\/2024\/09\/buy-mdai-crystal-powder-cheap-online.jpg",600,600,false],"trp-custom-language-flag":["https:\/\/legitgrams.com\/wp-content\/uploads\/2024\/09\/buy-mdai-crystal-powder-cheap-online-12x12.jpg",12,12,true],"woocommerce_thumbnail":["https:\/\/legitgrams.com\/wp-content\/uploads\/2024\/09\/buy-mdai-crystal-powder-cheap-online-300x300.jpg",300,300,true],"woocommerce_single":["https:\/\/legitgrams.com\/wp-content\/uploads\/2024\/09\/buy-mdai-crystal-powder-cheap-online.jpg",600,600,false],"woocommerce_gallery_thumbnail":["https:\/\/legitgrams.com\/wp-content\/uploads\/2024\/09\/buy-mdai-crystal-powder-cheap-online-100x100.jpg",100,100,true]},"uagb_author_info":{"display_name":"cokeblog18","author_link":"https:\/\/legitgrams.com\/pl\/author\/"},"uagb_comment_info":0,"uagb_excerpt":"Purchase MDAI Powder &amp; Crystal at a Discount Online Our primary goal is to offer our clients state-of-the-art information and first-rate services. LG can be found in the quantity and quality needed by full-fledged creation curtesies and exploration enterprises. Here, you will discover a thorough synopsis of LG that satisfies all of your objectives. Our&hellip;","_links":{"self":[{"href":"https:\/\/legitgrams.com\/pl\/wp-json\/wp\/v2\/product\/3915","targetHints":{"allow":["GET"]}}],"collection":[{"href":"https:\/\/legitgrams.com\/pl\/wp-json\/wp\/v2\/product"}],"about":[{"href":"https:\/\/legitgrams.com\/pl\/wp-json\/wp\/v2\/types\/product"}],"replies":[{"embeddable":true,"href":"https:\/\/legitgrams.com\/pl\/wp-json\/wp\/v2\/comments?post=3915"}],"wp:featuredmedia":[{"embeddable":true,"href":"https:\/\/legitgrams.com\/pl\/wp-json\/wp\/v2\/media\/5286"}],"wp:attachment":[{"href":"https:\/\/legitgrams.com\/pl\/wp-json\/wp\/v2\/media?parent=3915"}],"wp:term":[{"taxonomy":"product_brand","embeddable":true,"href":"https:\/\/legitgrams.com\/pl\/wp-json\/wp\/v2\/product_brand?post=3915"},{"taxonomy":"product_cat","embeddable":true,"href":"https:\/\/legitgrams.com\/pl\/wp-json\/wp\/v2\/product_cat?post=3915"},{"taxonomy":"product_tag","embeddable":true,"href":"https:\/\/legitgrams.com\/pl\/wp-json\/wp\/v2\/product_tag?post=3915"}],"curies":[{"name":"wp","href":"https:\/\/api.w.org\/{rel}","templated":true}]}}