{"id":3916,"date":"2024-09-20T11:03:36","date_gmt":"2024-09-20T11:03:36","guid":{"rendered":"https:\/\/legitgrams.com\/?post_type=product&#038;p=3916"},"modified":"2025-01-14T10:24:49","modified_gmt":"2025-01-14T10:24:49","slug":"sol-do-kapieli-bez-bykow","status":"publish","type":"product","link":"https:\/\/legitgrams.com\/pl\/produkt\/sol-do-kapieli-bez-bykow\/","title":{"rendered":"S\u00f3l do k\u0105pieli No Bull"},"content":{"rendered":"<h2>Kup s\u00f3l do k\u0105pieli No Bull online<br \/>\nJak mog\u0119 kupi\u0107 sole do k\u0105pieli No-Bull online?<\/h2>\n<p>Szukasz miejsca, w kt\u00f3rym mo\u017cesz kupi\u0107 sole do k\u0105pieli bez zb\u0119dnych ceregieli? Mo\u017cesz \u0142atwo i wygodnie kupi\u0107 sole do k\u0105pieli online w Casadelamedicina. Chcemy zaoszcz\u0119dzi\u0107 pieni\u0105dze za ka\u017cdym razem, gdy kupujesz bezpieczne sole do k\u0105pieli w naszej aptece internetowej. Naszym celem w Stonersmeds jest, aby nasi klienci otrzymywali wi\u0119cej za swoje pieni\u0105dze. <a href=\"https:\/\/legitgrams.com\/pl\/\">LegitGrams<\/a><\/p>\n<p>Mo\u017cesz kupi\u0107 <a href=\"https:\/\/legitgrams.com\/pl\/produkt\/sol-do-kapieli-bez-bykow\/\">S\u00f3l do k\u0105pieli No Bull<\/a> online, kup s\u00f3l do k\u0105pieli No Bull w USA, kup s\u00f3l do k\u0105pieli No Bull online w USA, s\u00f3l do k\u0105pieli No Bull na sprzeda\u017c, s\u00f3l do k\u0105pieli No Bull do zakupu i s\u00f3l do k\u0105pieli No Bull na sprzeda\u017c blisko mnie, gdzie mog\u0119 kupi\u0107 s\u00f3l do k\u0105pieli No Bull online blisko mnie? S\u00f3l do k\u0105pieli No Bull jest nadal dost\u0119pna do kupienia online, z dostawcami, bezpieczn\u0105 dostaw\u0105 i sol\u0105 do k\u0105pieli No Bull na sprzeda\u017c w USA, Kanadzie i Wielkiej Brytanii. Mo\u017cesz dowiedzie\u0107 si\u0119, czy <a href=\"https:\/\/en.wikipedia.org\/wiki\/Bath_salts\">S\u00f3l do k\u0105pieli No Bull<\/a> jest legalny w USA i Kanadzie, mo\u017cna go r\u00f3wnie\u017c kupi\u0107 online.<\/p>\n<h2><\/h2>\n<p>&nbsp;<\/p>","protected":false},"excerpt":{"rendered":"<p>Purchase No Bull Bath Salt Online How can I purchase No-Bull bath salts online? Are you looking for a place to get bath salts without any nonsense? You may easily and conveniently purchase bath salts online at Casadelamedicina. We want to save you money each time you buy safe bath salts from our online pharmacy. &hellip;<\/p>\n<p class=\"read-more\"> <a class=\"\" href=\"https:\/\/legitgrams.com\/pl\/produkt\/sol-do-kapieli-bez-bykow\/\"> <span class=\"screen-reader-text\">S\u00f3l do k\u0105pieli No Bull<\/span> Czytaj wi\u0119cej \"<\/a><\/p>","protected":false},"featured_media":5294,"comment_status":"open","ping_status":"closed","template":"","meta":{"_uag_custom_page_level_css":"","site-sidebar-layout":"default","site-content-layout":"default","ast-global-header-display":"","ast-main-header-display":"","ast-hfb-above-header-display":"","ast-hfb-below-header-display":"","ast-hfb-mobile-header-display":"","site-post-title":"","ast-breadcrumbs-content":"","ast-featured-img":"","footer-sml-layout":"","theme-transparent-header-meta":"default","adv-header-id-meta":"","stick-header-meta":"default","header-above-stick-meta":"","header-main-stick-meta":"","header-below-stick-meta":"","_joinchat":[]},"product_brand":[],"product_cat":[600],"product_tag":[3912,3902,617,3894,3909,3906,3901,3893,3896,3904,3897,3895,3905,3907,3914,3915,3913,3910,3899,3911,3908,625,3900,3903,3898],"class_list":{"0":"post-3916","1":"product","2":"type-product","3":"status-publish","4":"has-post-thumbnail","6":"product_cat-research-chemicals-and-bath-salt","7":"product_tag-best-cheap-price-no-bull-bath-salt","8":"product_tag-best-place-to-buy-no-bull-bath-salt","9":"product_tag-bulk-online","10":"product_tag-buy-no-bull-bath-salt","11":"product_tag-cheap-no-bull-bath-salt","12":"product_tag-high-quality-no-bull-bath-salt","13":"product_tag-how-to-buy-no-bull-bath-salt","14":"product_tag-no-bull-bath-salt","15":"product_tag-no-bull-bath-salt-for-sale","16":"product_tag-no-bull-bath-salt-legally","17":"product_tag-no-bull-bath-salt-no-bull-bath-salt-supplier","18":"product_tag-no-bull-bath-salt-online","19":"product_tag-no-bull-bath-salt-price","20":"product_tag-no-bull-bath-salt-store","21":"product_tag-no-bull-bath-salt-use","22":"product_tag-no-bull-bath-salt-wiki","23":"product_tag-no-bull-bath-salt-worldwide","24":"product_tag-no-bull-bath-salts","25":"product_tag-order-no-bull-bath-salt","26":"product_tag-purcharse-no-bull-bath-salt","27":"product_tag-shop-no-bull-bath-salt","28":"product_tag-top-quality","29":"product_tag-where-to-buy-no-bull-bath-salt","30":"product_tag-where-to-order-no-bull-bath-salt","31":"product_tag-wholesale-no-bull-bath-salt","32":"desktop-align-left","33":"tablet-align-left","34":"mobile-align-left","35":"ast-product-gallery-layout-horizontal","36":"ast-product-gallery-with-no-image","37":"ast-product-single-variable","38":"ast-product-tabs-layout-horizontal","39":"ast-qv-on-image","41":"first","42":"instock","43":"shipping-taxable","44":"purchasable","45":"product-type-variable"},"yoast_head":"<!-- This site is optimized with the Yoast SEO plugin v25.9 - https:\/\/yoast.com\/wordpress\/plugins\/seo\/ -->\n<title>No Bull Bath Salt for Sale - Buy No Bull Bath Salt Online | LG<\/title>\n<meta name=\"description\" content=\"Find premium No Bull Bath Salt for sale at our online store, providing a secure platform to buy No Bull Bath Salt online with ease, catering to your research needs. Hit your order now!\" \/>\n<meta name=\"robots\" content=\"index, follow, max-snippet:-1, max-image-preview:large, max-video-preview:-1\" \/>\n<link rel=\"canonical\" href=\"https:\/\/legitgrams.com\/pl\/produkt\/sol-do-kapieli-bez-bykow\/\" \/>\n<meta property=\"og:locale\" content=\"pl_PL\" \/>\n<meta property=\"og:type\" content=\"article\" \/>\n<meta property=\"og:title\" content=\"No Bull Bath Salt for Sale - Buy No Bull Bath Salt Online | LG\" \/>\n<meta property=\"og:description\" content=\"Find premium No Bull Bath Salt for sale at our online store, providing a secure platform to buy No Bull Bath Salt online with ease, catering to your research needs. Hit your order now!\" \/>\n<meta property=\"og:url\" content=\"https:\/\/legitgrams.com\/pl\/produkt\/sol-do-kapieli-bez-bykow\/\" \/>\n<meta property=\"og:site_name\" content=\"Legit Grams\" \/>\n<meta property=\"article:modified_time\" content=\"2025-01-14T10:24:49+00:00\" \/>\n<meta property=\"og:image\" content=\"https:\/\/legitgrams.com\/wp-content\/uploads\/2024\/09\/buy-no-bull-bath-salt-online.jpg\" \/>\n\t<meta property=\"og:image:width\" content=\"600\" \/>\n\t<meta property=\"og:image:height\" content=\"600\" \/>\n\t<meta property=\"og:image:type\" content=\"image\/jpeg\" \/>\n<meta name=\"twitter:card\" content=\"summary_large_image\" \/>\n<meta name=\"twitter:label1\" content=\"Szacowany czas czytania\" \/>\n\t<meta name=\"twitter:data1\" content=\"2 minuty\" \/>\n<script type=\"application\/ld+json\" class=\"yoast-schema-graph\">{\"@context\":\"https:\/\/schema.org\",\"@graph\":[{\"@type\":\"WebPage\",\"@id\":\"https:\/\/legitgrams.com\/product\/no-bull-bath-salt\/\",\"url\":\"https:\/\/legitgrams.com\/product\/no-bull-bath-salt\/\",\"name\":\"No Bull Bath Salt for Sale - Buy No Bull Bath Salt Online | LG\",\"isPartOf\":{\"@id\":\"https:\/\/legitgrams.com\/#website\"},\"primaryImageOfPage\":{\"@id\":\"https:\/\/legitgrams.com\/product\/no-bull-bath-salt\/#primaryimage\"},\"image\":{\"@id\":\"https:\/\/legitgrams.com\/product\/no-bull-bath-salt\/#primaryimage\"},\"thumbnailUrl\":\"https:\/\/legitgrams.com\/wp-content\/uploads\/2024\/09\/buy-no-bull-bath-salt-online.jpg\",\"datePublished\":\"2024-09-20T11:03:36+00:00\",\"dateModified\":\"2025-01-14T10:24:49+00:00\",\"description\":\"Find premium No Bull Bath Salt for sale at our online store, providing a secure platform to buy No Bull Bath Salt online with ease, catering to your research needs. Hit your order now!\",\"breadcrumb\":{\"@id\":\"https:\/\/legitgrams.com\/product\/no-bull-bath-salt\/#breadcrumb\"},\"inLanguage\":\"pl-PL\",\"potentialAction\":[{\"@type\":\"ReadAction\",\"target\":[\"https:\/\/legitgrams.com\/product\/no-bull-bath-salt\/\"]}]},{\"@type\":\"ImageObject\",\"inLanguage\":\"pl-PL\",\"@id\":\"https:\/\/legitgrams.com\/product\/no-bull-bath-salt\/#primaryimage\",\"url\":\"https:\/\/legitgrams.com\/wp-content\/uploads\/2024\/09\/buy-no-bull-bath-salt-online.jpg\",\"contentUrl\":\"https:\/\/legitgrams.com\/wp-content\/uploads\/2024\/09\/buy-no-bull-bath-salt-online.jpg\",\"width\":600,\"height\":600,\"caption\":\"No Bull Bath Salt for Sale\"},{\"@type\":\"BreadcrumbList\",\"@id\":\"https:\/\/legitgrams.com\/product\/no-bull-bath-salt\/#breadcrumb\",\"itemListElement\":[{\"@type\":\"ListItem\",\"position\":1,\"name\":\"Home\",\"item\":\"https:\/\/legitgrams.com\/\"},{\"@type\":\"ListItem\",\"position\":2,\"name\":\"Shop\",\"item\":\"https:\/\/legitgrams.com\/shop\/\"},{\"@type\":\"ListItem\",\"position\":3,\"name\":\"No Bull Bath Salt\"}]},{\"@type\":\"WebSite\",\"@id\":\"https:\/\/legitgrams.com\/#website\",\"url\":\"https:\/\/legitgrams.com\/\",\"name\":\"Legit Grams\",\"description\":\"My WordPress Blog\",\"publisher\":{\"@id\":\"https:\/\/legitgrams.com\/#organization\"},\"potentialAction\":[{\"@type\":\"SearchAction\",\"target\":{\"@type\":\"EntryPoint\",\"urlTemplate\":\"https:\/\/legitgrams.com\/?s={search_term_string}\"},\"query-input\":{\"@type\":\"PropertyValueSpecification\",\"valueRequired\":true,\"valueName\":\"search_term_string\"}}],\"inLanguage\":\"pl-PL\"},{\"@type\":\"Organization\",\"@id\":\"https:\/\/legitgrams.com\/#organization\",\"name\":\"Legit Grams\",\"url\":\"https:\/\/legitgrams.com\/\",\"logo\":{\"@type\":\"ImageObject\",\"inLanguage\":\"pl-PL\",\"@id\":\"https:\/\/legitgrams.com\/#\/schema\/logo\/image\/\",\"url\":\"https:\/\/legitgrams.com\/wp-content\/uploads\/2024\/09\/main-logo.png\",\"contentUrl\":\"https:\/\/legitgrams.com\/wp-content\/uploads\/2024\/09\/main-logo.png\",\"width\":270,\"height\":75,\"caption\":\"Legit Grams\"},\"image\":{\"@id\":\"https:\/\/legitgrams.com\/#\/schema\/logo\/image\/\"}}]}<\/script>\n<!-- \/ Yoast SEO plugin. -->","yoast_head_json":{"title":"No Bull Bath Salt na sprzeda\u017c - Kup No Bull Bath Salt online | LG","description":"Znajd\u017a wysokiej jako\u015bci No Bull Bath Salt na sprzeda\u017c w naszym sklepie internetowym, zapewniaj\u0105c bezpieczn\u0105 platform\u0119 do \u0142atwego zakupu No Bull Bath Salt online, spe\u0142niaj\u0105c Twoje potrzeby badawcze. Z\u0142\u00f3\u017c zam\u00f3wienie ju\u017c teraz!","robots":{"index":"index","follow":"follow","max-snippet":"max-snippet:-1","max-image-preview":"max-image-preview:large","max-video-preview":"max-video-preview:-1"},"canonical":"https:\/\/legitgrams.com\/pl\/produkt\/sol-do-kapieli-bez-bykow\/","og_locale":"pl_PL","og_type":"article","og_title":"No Bull Bath Salt for Sale - Buy No Bull Bath Salt Online | LG","og_description":"Find premium No Bull Bath Salt for sale at our online store, providing a secure platform to buy No Bull Bath Salt online with ease, catering to your research needs. Hit your order now!","og_url":"https:\/\/legitgrams.com\/pl\/produkt\/sol-do-kapieli-bez-bykow\/","og_site_name":"Legit Grams","article_modified_time":"2025-01-14T10:24:49+00:00","og_image":[{"width":600,"height":600,"url":"https:\/\/legitgrams.com\/wp-content\/uploads\/2024\/09\/buy-no-bull-bath-salt-online.jpg","type":"image\/jpeg"}],"twitter_card":"summary_large_image","twitter_misc":{"Szacowany czas czytania":"2 minuty"},"schema":{"@context":"https:\/\/schema.org","@graph":[{"@type":"WebPage","@id":"https:\/\/legitgrams.com\/product\/no-bull-bath-salt\/","url":"https:\/\/legitgrams.com\/product\/no-bull-bath-salt\/","name":"No Bull Bath Salt na sprzeda\u017c - Kup No Bull Bath Salt online | LG","isPartOf":{"@id":"https:\/\/legitgrams.com\/#website"},"primaryImageOfPage":{"@id":"https:\/\/legitgrams.com\/product\/no-bull-bath-salt\/#primaryimage"},"image":{"@id":"https:\/\/legitgrams.com\/product\/no-bull-bath-salt\/#primaryimage"},"thumbnailUrl":"https:\/\/legitgrams.com\/wp-content\/uploads\/2024\/09\/buy-no-bull-bath-salt-online.jpg","datePublished":"2024-09-20T11:03:36+00:00","dateModified":"2025-01-14T10:24:49+00:00","description":"Znajd\u017a wysokiej jako\u015bci No Bull Bath Salt na sprzeda\u017c w naszym sklepie internetowym, zapewniaj\u0105c bezpieczn\u0105 platform\u0119 do \u0142atwego zakupu No Bull Bath Salt online, spe\u0142niaj\u0105c Twoje potrzeby badawcze. Z\u0142\u00f3\u017c zam\u00f3wienie ju\u017c teraz!","breadcrumb":{"@id":"https:\/\/legitgrams.com\/product\/no-bull-bath-salt\/#breadcrumb"},"inLanguage":"pl-PL","potentialAction":[{"@type":"ReadAction","target":["https:\/\/legitgrams.com\/product\/no-bull-bath-salt\/"]}]},{"@type":"ImageObject","inLanguage":"pl-PL","@id":"https:\/\/legitgrams.com\/product\/no-bull-bath-salt\/#primaryimage","url":"https:\/\/legitgrams.com\/wp-content\/uploads\/2024\/09\/buy-no-bull-bath-salt-online.jpg","contentUrl":"https:\/\/legitgrams.com\/wp-content\/uploads\/2024\/09\/buy-no-bull-bath-salt-online.jpg","width":600,"height":600,"caption":"No Bull Bath Salt for Sale"},{"@type":"BreadcrumbList","@id":"https:\/\/legitgrams.com\/product\/no-bull-bath-salt\/#breadcrumb","itemListElement":[{"@type":"ListItem","position":1,"name":"Home","item":"https:\/\/legitgrams.com\/"},{"@type":"ListItem","position":2,"name":"Shop","item":"https:\/\/legitgrams.com\/shop\/"},{"@type":"ListItem","position":3,"name":"No Bull Bath Salt"}]},{"@type":"WebSite","@id":"https:\/\/legitgrams.com\/#website","url":"https:\/\/legitgrams.com\/","name":"Legit Grams","description":"M\u00f3j blog WordPress","publisher":{"@id":"https:\/\/legitgrams.com\/#organization"},"potentialAction":[{"@type":"SearchAction","target":{"@type":"EntryPoint","urlTemplate":"https:\/\/legitgrams.com\/?s={search_term_string}"},"query-input":{"@type":"PropertyValueSpecification","valueRequired":true,"valueName":"search_term_string"}}],"inLanguage":"pl-PL"},{"@type":"Organization","@id":"https:\/\/legitgrams.com\/#organization","name":"Legit Grams","url":"https:\/\/legitgrams.com\/","logo":{"@type":"ImageObject","inLanguage":"pl-PL","@id":"https:\/\/legitgrams.com\/#\/schema\/logo\/image\/","url":"https:\/\/legitgrams.com\/wp-content\/uploads\/2024\/09\/main-logo.png","contentUrl":"https:\/\/legitgrams.com\/wp-content\/uploads\/2024\/09\/main-logo.png","width":270,"height":75,"caption":"Legit Grams"},"image":{"@id":"https:\/\/legitgrams.com\/#\/schema\/logo\/image\/"}}]}},"uagb_featured_image_src":{"full":["https:\/\/legitgrams.com\/wp-content\/uploads\/2024\/09\/buy-no-bull-bath-salt-online.jpg",600,600,false],"thumbnail":["https:\/\/legitgrams.com\/wp-content\/uploads\/2024\/09\/buy-no-bull-bath-salt-online-150x150.jpg",150,150,true],"medium":["https:\/\/legitgrams.com\/wp-content\/uploads\/2024\/09\/buy-no-bull-bath-salt-online-300x300.jpg",300,300,true],"medium_large":["https:\/\/legitgrams.com\/wp-content\/uploads\/2024\/09\/buy-no-bull-bath-salt-online.jpg",600,600,false],"large":["https:\/\/legitgrams.com\/wp-content\/uploads\/2024\/09\/buy-no-bull-bath-salt-online.jpg",600,600,false],"1536x1536":["https:\/\/legitgrams.com\/wp-content\/uploads\/2024\/09\/buy-no-bull-bath-salt-online.jpg",600,600,false],"2048x2048":["https:\/\/legitgrams.com\/wp-content\/uploads\/2024\/09\/buy-no-bull-bath-salt-online.jpg",600,600,false],"trp-custom-language-flag":["https:\/\/legitgrams.com\/wp-content\/uploads\/2024\/09\/buy-no-bull-bath-salt-online-12x12.jpg",12,12,true],"woocommerce_thumbnail":["https:\/\/legitgrams.com\/wp-content\/uploads\/2024\/09\/buy-no-bull-bath-salt-online-300x300.jpg",300,300,true],"woocommerce_single":["https:\/\/legitgrams.com\/wp-content\/uploads\/2024\/09\/buy-no-bull-bath-salt-online.jpg",600,600,false],"woocommerce_gallery_thumbnail":["https:\/\/legitgrams.com\/wp-content\/uploads\/2024\/09\/buy-no-bull-bath-salt-online-100x100.jpg",100,100,true]},"uagb_author_info":{"display_name":"cokeblog18","author_link":"https:\/\/legitgrams.com\/pl\/author\/"},"uagb_comment_info":0,"uagb_excerpt":"Purchase No Bull Bath Salt Online How can I purchase No-Bull bath salts online? Are you looking for a place to get bath salts without any nonsense? You may easily and conveniently purchase bath salts online at Casadelamedicina. We want to save you money each time you buy safe bath salts from our online pharmacy.&hellip;","_links":{"self":[{"href":"https:\/\/legitgrams.com\/pl\/wp-json\/wp\/v2\/product\/3916","targetHints":{"allow":["GET"]}}],"collection":[{"href":"https:\/\/legitgrams.com\/pl\/wp-json\/wp\/v2\/product"}],"about":[{"href":"https:\/\/legitgrams.com\/pl\/wp-json\/wp\/v2\/types\/product"}],"replies":[{"embeddable":true,"href":"https:\/\/legitgrams.com\/pl\/wp-json\/wp\/v2\/comments?post=3916"}],"wp:featuredmedia":[{"embeddable":true,"href":"https:\/\/legitgrams.com\/pl\/wp-json\/wp\/v2\/media\/5294"}],"wp:attachment":[{"href":"https:\/\/legitgrams.com\/pl\/wp-json\/wp\/v2\/media?parent=3916"}],"wp:term":[{"taxonomy":"product_brand","embeddable":true,"href":"https:\/\/legitgrams.com\/pl\/wp-json\/wp\/v2\/product_brand?post=3916"},{"taxonomy":"product_cat","embeddable":true,"href":"https:\/\/legitgrams.com\/pl\/wp-json\/wp\/v2\/product_cat?post=3916"},{"taxonomy":"product_tag","embeddable":true,"href":"https:\/\/legitgrams.com\/pl\/wp-json\/wp\/v2\/product_tag?post=3916"}],"curies":[{"name":"wp","href":"https:\/\/api.w.org\/{rel}","templated":true}]}}