{"id":3948,"date":"2024-09-20T12:21:03","date_gmt":"2024-09-20T12:21:03","guid":{"rendered":"https:\/\/legitgrams.com\/?post_type=product&#038;p=3948"},"modified":"2025-01-14T07:20:38","modified_gmt":"2025-01-14T07:20:38","slug":"kilokaina-w-proszku-o-czystosci-99","status":"publish","type":"product","link":"https:\/\/legitgrams.com\/pl\/produkt\/kilokaina-w-proszku-o-czystosci-99\/","title":{"rendered":"Kilokaina w proszku 99 Pure"},"content":{"rendered":"<h2>Kup 99 Pure Kilocaine Powder Online<br \/>\nKilokaina jest podobna do kokainy.<\/h2>\n<p>Kilokaina to nowy i interesuj\u0105cy zwi\u0105zek chemiczny b\u0119d\u0105cy przedmiotem bada\u0144, kt\u00f3ry zbiera dobre recenzje od momentu wprowadzenia na rynek.<\/p>\n<p>Te substancje badawcze s\u0105 r\u00f3wnie\u017c znane jako \u201enarkotyki projektowe\u201d. Nale\u017c\u0105 do nowej klasy narkotyk\u00f3w, kt\u00f3rych sk\u0142ad chemiczny zmieni\u0142 si\u0119 do tego stopnia, \u017ce \u200b\u200bnie s\u0105 one obj\u0119te ograniczeniami prawnymi. Cz\u0119sto okre\u015bla si\u0119 je jako \u201esole do k\u0105pieli\u201d lub \u201elegalne \u015brodki odurzaj\u0105ce\u201d, poniewa\u017c s\u0105 sprzedawane legalnie i zwykle maj\u0105 efekty niezwykle podobne do efekt\u00f3w g\u0142\u00f3wnych nielegalnych substancji, nawet je\u015bli same zwi\u0105zki badawcze s\u0105 nadal legalne i nieplanowane. Istnieje kilka powod\u00f3w, dla kt\u00f3rych jest to intryguj\u0105ce. <a href=\"https:\/\/legitgrams.com\/pl\/\">LegitGrams<\/a><\/p>\n<p>kup 99% czystego <a href=\"https:\/\/en.wikipedia.org\/wiki\/Cocaine\">Kilokaina<\/a> proszek online, kup proszek, kup proszek, kup proszek, kup proszek, kup proszek, kup proszek, kup proszek, Miejsca zakupu 99% czystego proszku Kilocaine online, Zakup 99% czystego proszku Kilocaine online, Zakup 99% czystego proszku Kilocaine online, USA, Kanada, Wielka Brytania, Zakup, Online, Dostawcy, Bezpieczna dostawa, 99% czysty proszek kilocaine jest nadal dost\u0119pny. Czy Amerykanom wolno kupowa\u0107 99% czysty <a href=\"https:\/\/legitgrams.com\/pl\/produkt\/kilokaina-w-proszku-o-czystosci-99\/\">kilokaina w proszku<\/a> online? Jak mog\u0119 kupi\u0107 sproszkowan\u0105 99% czyst\u0105 kilokain\u0119? Czy kupowanie 99% czystej kilokainy w proszku jest legalne w Kanadzie?<\/p>\n<h2><\/h2>\n<p>&nbsp;<\/p>","protected":false},"excerpt":{"rendered":"<p>Purchase 99 Pure Kilocaine Powder Online Kilocaine is similar to cocaine. Kilocaine is a new and interesting research chemical that has received good reviews since its introduction. These research substances are also known as &#8220;designer drugs.&#8221; They are part of a new class of drugs whose chemical composition has changed to the point where they &hellip;<\/p>\n<p class=\"read-more\"> <a class=\"\" href=\"https:\/\/legitgrams.com\/pl\/produkt\/kilokaina-w-proszku-o-czystosci-99\/\"> <span class=\"screen-reader-text\">Kilokaina w proszku 99 Pure<\/span> Czytaj wi\u0119cej \"<\/a><\/p>","protected":false},"featured_media":5283,"comment_status":"open","ping_status":"closed","template":"","meta":{"_uag_custom_page_level_css":"","site-sidebar-layout":"default","site-content-layout":"default","ast-global-header-display":"","ast-main-header-display":"","ast-hfb-above-header-display":"","ast-hfb-below-header-display":"","ast-hfb-mobile-header-display":"","site-post-title":"","ast-breadcrumbs-content":"","ast-featured-img":"","footer-sml-layout":"","theme-transparent-header-meta":"default","adv-header-id-meta":"","stick-header-meta":"default","header-above-stick-meta":"","header-main-stick-meta":"","header-below-stick-meta":"","_joinchat":[]},"product_brand":[],"product_cat":[600],"product_tag":[3590,3580,617,3572,3587,3584,3579,3571,3574,3575,3582,3573,3583,3585,3592,3593,3591,3588,3577,3589,3586,625,3578,3581,3576],"class_list":{"0":"post-3948","1":"product","2":"type-product","3":"status-publish","4":"has-post-thumbnail","6":"product_cat-research-chemicals-and-bath-salt","7":"product_tag-best-cheap-price-kilocaine-powder-99-pure","8":"product_tag-best-place-to-buy-kilocaine-powder-99-pure","9":"product_tag-bulk-online","10":"product_tag-buy-kilocaine-powder-99-pure","11":"product_tag-cheap-kilocaine-powder-99-pure","12":"product_tag-high-quality-kilocaine-powder-99-pure","13":"product_tag-how-to-buy-kilocaine-powder-99-pure","14":"product_tag-kilocaine-powder-99-pure","15":"product_tag-kilocaine-powder-99-pure-for-sale","16":"product_tag-kilocaine-powder-99-pure-kilocaine-powder-99-pure-supplier","17":"product_tag-kilocaine-powder-99-pure-legally","18":"product_tag-kilocaine-powder-99-pure-online","19":"product_tag-kilocaine-powder-99-pure-price","20":"product_tag-kilocaine-powder-99-pure-store","21":"product_tag-kilocaine-powder-99-pure-use","22":"product_tag-kilocaine-powder-99-pure-wiki","23":"product_tag-kilocaine-powder-99-pure-worldwide","24":"product_tag-kilocaine-powder-99-pures","25":"product_tag-order-kilocaine-powder-99-pure","26":"product_tag-purcharse-kilocaine-powder-99-pure","27":"product_tag-shop-kilocaine-powder-99-pure","28":"product_tag-top-quality","29":"product_tag-where-to-buy-kilocaine-powder-99-pure","30":"product_tag-where-to-order-kilocaine-powder-99-pure","31":"product_tag-wholesale-kilocaine-powder-99-pure","32":"desktop-align-left","33":"tablet-align-left","34":"mobile-align-left","35":"ast-product-gallery-layout-horizontal","36":"ast-product-gallery-with-no-image","37":"ast-product-single-variable","38":"ast-product-tabs-layout-horizontal","39":"ast-qv-on-image","41":"first","42":"instock","43":"shipping-taxable","44":"purchasable","45":"product-type-variable"},"yoast_head":"<!-- This site is optimized with the Yoast SEO plugin v25.9 - https:\/\/yoast.com\/wordpress\/plugins\/seo\/ -->\n<title>Kilocaine Powder 99 Pure for Sale - Buy Kilocaine Powder Online<\/title>\n<meta name=\"description\" content=\"You can buy Kilocaine Powder 99 Pure online at the best prices from our online store. We have cheap and high-quality Kilocaine Powder 99 Pure for sale and providing worldwide delivery. You can order from anytime, anywhere.\" \/>\n<meta name=\"robots\" content=\"index, follow, max-snippet:-1, max-image-preview:large, max-video-preview:-1\" \/>\n<link rel=\"canonical\" href=\"https:\/\/legitgrams.com\/pl\/produkt\/kilokaina-w-proszku-o-czystosci-99\/\" \/>\n<meta property=\"og:locale\" content=\"pl_PL\" \/>\n<meta property=\"og:type\" content=\"article\" \/>\n<meta property=\"og:title\" content=\"Kilocaine Powder 99 Pure for Sale - Buy Kilocaine Powder Online\" \/>\n<meta property=\"og:description\" content=\"You can buy Kilocaine Powder 99 Pure online at the best prices from our online store. We have cheap and high-quality Kilocaine Powder 99 Pure for sale and providing worldwide delivery. You can order from anytime, anywhere.\" \/>\n<meta property=\"og:url\" content=\"https:\/\/legitgrams.com\/pl\/produkt\/kilokaina-w-proszku-o-czystosci-99\/\" \/>\n<meta property=\"og:site_name\" content=\"Legit Grams\" \/>\n<meta property=\"article:modified_time\" content=\"2025-01-14T07:20:38+00:00\" \/>\n<meta property=\"og:image\" content=\"https:\/\/legitgrams.com\/wp-content\/uploads\/2024\/09\/Buy-Kilocaine-Powder-99-Pure-Online.jpg\" \/>\n\t<meta property=\"og:image:width\" content=\"600\" \/>\n\t<meta property=\"og:image:height\" content=\"600\" \/>\n\t<meta property=\"og:image:type\" content=\"image\/jpeg\" \/>\n<meta name=\"twitter:card\" content=\"summary_large_image\" \/>\n<meta name=\"twitter:label1\" content=\"Szacowany czas czytania\" \/>\n\t<meta name=\"twitter:data1\" content=\"2 minuty\" \/>\n<script type=\"application\/ld+json\" class=\"yoast-schema-graph\">{\"@context\":\"https:\/\/schema.org\",\"@graph\":[{\"@type\":\"WebPage\",\"@id\":\"https:\/\/legitgrams.com\/product\/kilocaine-powder-99-pure\/\",\"url\":\"https:\/\/legitgrams.com\/product\/kilocaine-powder-99-pure\/\",\"name\":\"Kilocaine Powder 99 Pure for Sale - Buy Kilocaine Powder Online\",\"isPartOf\":{\"@id\":\"https:\/\/legitgrams.com\/#website\"},\"primaryImageOfPage\":{\"@id\":\"https:\/\/legitgrams.com\/product\/kilocaine-powder-99-pure\/#primaryimage\"},\"image\":{\"@id\":\"https:\/\/legitgrams.com\/product\/kilocaine-powder-99-pure\/#primaryimage\"},\"thumbnailUrl\":\"https:\/\/legitgrams.com\/wp-content\/uploads\/2024\/09\/Buy-Kilocaine-Powder-99-Pure-Online.jpg\",\"datePublished\":\"2024-09-20T12:21:03+00:00\",\"dateModified\":\"2025-01-14T07:20:38+00:00\",\"description\":\"You can buy Kilocaine Powder 99 Pure online at the best prices from our online store. We have cheap and high-quality Kilocaine Powder 99 Pure for sale and providing worldwide delivery. You can order from anytime, anywhere.\",\"breadcrumb\":{\"@id\":\"https:\/\/legitgrams.com\/product\/kilocaine-powder-99-pure\/#breadcrumb\"},\"inLanguage\":\"pl-PL\",\"potentialAction\":[{\"@type\":\"ReadAction\",\"target\":[\"https:\/\/legitgrams.com\/product\/kilocaine-powder-99-pure\/\"]}]},{\"@type\":\"ImageObject\",\"inLanguage\":\"pl-PL\",\"@id\":\"https:\/\/legitgrams.com\/product\/kilocaine-powder-99-pure\/#primaryimage\",\"url\":\"https:\/\/legitgrams.com\/wp-content\/uploads\/2024\/09\/Buy-Kilocaine-Powder-99-Pure-Online.jpg\",\"contentUrl\":\"https:\/\/legitgrams.com\/wp-content\/uploads\/2024\/09\/Buy-Kilocaine-Powder-99-Pure-Online.jpg\",\"width\":600,\"height\":600,\"caption\":\"Kilocaine Powder 99 Pure for Sale\"},{\"@type\":\"BreadcrumbList\",\"@id\":\"https:\/\/legitgrams.com\/product\/kilocaine-powder-99-pure\/#breadcrumb\",\"itemListElement\":[{\"@type\":\"ListItem\",\"position\":1,\"name\":\"Home\",\"item\":\"https:\/\/legitgrams.com\/\"},{\"@type\":\"ListItem\",\"position\":2,\"name\":\"Shop\",\"item\":\"https:\/\/legitgrams.com\/shop\/\"},{\"@type\":\"ListItem\",\"position\":3,\"name\":\"Kilocaine Powder 99 Pure\"}]},{\"@type\":\"WebSite\",\"@id\":\"https:\/\/legitgrams.com\/#website\",\"url\":\"https:\/\/legitgrams.com\/\",\"name\":\"Legit Grams\",\"description\":\"My WordPress Blog\",\"publisher\":{\"@id\":\"https:\/\/legitgrams.com\/#organization\"},\"potentialAction\":[{\"@type\":\"SearchAction\",\"target\":{\"@type\":\"EntryPoint\",\"urlTemplate\":\"https:\/\/legitgrams.com\/?s={search_term_string}\"},\"query-input\":{\"@type\":\"PropertyValueSpecification\",\"valueRequired\":true,\"valueName\":\"search_term_string\"}}],\"inLanguage\":\"pl-PL\"},{\"@type\":\"Organization\",\"@id\":\"https:\/\/legitgrams.com\/#organization\",\"name\":\"Legit Grams\",\"url\":\"https:\/\/legitgrams.com\/\",\"logo\":{\"@type\":\"ImageObject\",\"inLanguage\":\"pl-PL\",\"@id\":\"https:\/\/legitgrams.com\/#\/schema\/logo\/image\/\",\"url\":\"https:\/\/legitgrams.com\/wp-content\/uploads\/2024\/09\/main-logo.png\",\"contentUrl\":\"https:\/\/legitgrams.com\/wp-content\/uploads\/2024\/09\/main-logo.png\",\"width\":270,\"height\":75,\"caption\":\"Legit Grams\"},\"image\":{\"@id\":\"https:\/\/legitgrams.com\/#\/schema\/logo\/image\/\"}}]}<\/script>\n<!-- \/ Yoast SEO plugin. -->","yoast_head_json":{"title":"Kilocaine Powder 99 Pure na sprzeda\u017c - Kup Kilocaine Powder online","description":"Mo\u017cesz kupi\u0107 Kilocaine Powder 99 Pure online w najlepszych cenach w naszym sklepie internetowym. Mamy tanie i wysokiej jako\u015bci Kilocaine Powder 99 Pure na sprzeda\u017c i zapewniamy dostaw\u0119 na ca\u0142y \u015bwiat. Mo\u017cesz z\u0142o\u017cy\u0107 zam\u00f3wienie w dowolnym miejscu i czasie.","robots":{"index":"index","follow":"follow","max-snippet":"max-snippet:-1","max-image-preview":"max-image-preview:large","max-video-preview":"max-video-preview:-1"},"canonical":"https:\/\/legitgrams.com\/pl\/produkt\/kilokaina-w-proszku-o-czystosci-99\/","og_locale":"pl_PL","og_type":"article","og_title":"Kilocaine Powder 99 Pure for Sale - Buy Kilocaine Powder Online","og_description":"You can buy Kilocaine Powder 99 Pure online at the best prices from our online store. We have cheap and high-quality Kilocaine Powder 99 Pure for sale and providing worldwide delivery. You can order from anytime, anywhere.","og_url":"https:\/\/legitgrams.com\/pl\/produkt\/kilokaina-w-proszku-o-czystosci-99\/","og_site_name":"Legit Grams","article_modified_time":"2025-01-14T07:20:38+00:00","og_image":[{"width":600,"height":600,"url":"https:\/\/legitgrams.com\/wp-content\/uploads\/2024\/09\/Buy-Kilocaine-Powder-99-Pure-Online.jpg","type":"image\/jpeg"}],"twitter_card":"summary_large_image","twitter_misc":{"Szacowany czas czytania":"2 minuty"},"schema":{"@context":"https:\/\/schema.org","@graph":[{"@type":"WebPage","@id":"https:\/\/legitgrams.com\/product\/kilocaine-powder-99-pure\/","url":"https:\/\/legitgrams.com\/product\/kilocaine-powder-99-pure\/","name":"Kilocaine Powder 99 Pure na sprzeda\u017c - Kup Kilocaine Powder online","isPartOf":{"@id":"https:\/\/legitgrams.com\/#website"},"primaryImageOfPage":{"@id":"https:\/\/legitgrams.com\/product\/kilocaine-powder-99-pure\/#primaryimage"},"image":{"@id":"https:\/\/legitgrams.com\/product\/kilocaine-powder-99-pure\/#primaryimage"},"thumbnailUrl":"https:\/\/legitgrams.com\/wp-content\/uploads\/2024\/09\/Buy-Kilocaine-Powder-99-Pure-Online.jpg","datePublished":"2024-09-20T12:21:03+00:00","dateModified":"2025-01-14T07:20:38+00:00","description":"Mo\u017cesz kupi\u0107 Kilocaine Powder 99 Pure online w najlepszych cenach w naszym sklepie internetowym. Mamy tanie i wysokiej jako\u015bci Kilocaine Powder 99 Pure na sprzeda\u017c i zapewniamy dostaw\u0119 na ca\u0142y \u015bwiat. Mo\u017cesz z\u0142o\u017cy\u0107 zam\u00f3wienie w dowolnym miejscu i czasie.","breadcrumb":{"@id":"https:\/\/legitgrams.com\/product\/kilocaine-powder-99-pure\/#breadcrumb"},"inLanguage":"pl-PL","potentialAction":[{"@type":"ReadAction","target":["https:\/\/legitgrams.com\/product\/kilocaine-powder-99-pure\/"]}]},{"@type":"ImageObject","inLanguage":"pl-PL","@id":"https:\/\/legitgrams.com\/product\/kilocaine-powder-99-pure\/#primaryimage","url":"https:\/\/legitgrams.com\/wp-content\/uploads\/2024\/09\/Buy-Kilocaine-Powder-99-Pure-Online.jpg","contentUrl":"https:\/\/legitgrams.com\/wp-content\/uploads\/2024\/09\/Buy-Kilocaine-Powder-99-Pure-Online.jpg","width":600,"height":600,"caption":"Kilocaine Powder 99 Pure for Sale"},{"@type":"BreadcrumbList","@id":"https:\/\/legitgrams.com\/product\/kilocaine-powder-99-pure\/#breadcrumb","itemListElement":[{"@type":"ListItem","position":1,"name":"Home","item":"https:\/\/legitgrams.com\/"},{"@type":"ListItem","position":2,"name":"Shop","item":"https:\/\/legitgrams.com\/shop\/"},{"@type":"ListItem","position":3,"name":"Kilocaine Powder 99 Pure"}]},{"@type":"WebSite","@id":"https:\/\/legitgrams.com\/#website","url":"https:\/\/legitgrams.com\/","name":"Legit Grams","description":"M\u00f3j blog WordPress","publisher":{"@id":"https:\/\/legitgrams.com\/#organization"},"potentialAction":[{"@type":"SearchAction","target":{"@type":"EntryPoint","urlTemplate":"https:\/\/legitgrams.com\/?s={search_term_string}"},"query-input":{"@type":"PropertyValueSpecification","valueRequired":true,"valueName":"search_term_string"}}],"inLanguage":"pl-PL"},{"@type":"Organization","@id":"https:\/\/legitgrams.com\/#organization","name":"Legit Grams","url":"https:\/\/legitgrams.com\/","logo":{"@type":"ImageObject","inLanguage":"pl-PL","@id":"https:\/\/legitgrams.com\/#\/schema\/logo\/image\/","url":"https:\/\/legitgrams.com\/wp-content\/uploads\/2024\/09\/main-logo.png","contentUrl":"https:\/\/legitgrams.com\/wp-content\/uploads\/2024\/09\/main-logo.png","width":270,"height":75,"caption":"Legit Grams"},"image":{"@id":"https:\/\/legitgrams.com\/#\/schema\/logo\/image\/"}}]}},"uagb_featured_image_src":{"full":["https:\/\/legitgrams.com\/wp-content\/uploads\/2024\/09\/Buy-Kilocaine-Powder-99-Pure-Online.jpg",600,600,false],"thumbnail":["https:\/\/legitgrams.com\/wp-content\/uploads\/2024\/09\/Buy-Kilocaine-Powder-99-Pure-Online-150x150.jpg",150,150,true],"medium":["https:\/\/legitgrams.com\/wp-content\/uploads\/2024\/09\/Buy-Kilocaine-Powder-99-Pure-Online-300x300.jpg",300,300,true],"medium_large":["https:\/\/legitgrams.com\/wp-content\/uploads\/2024\/09\/Buy-Kilocaine-Powder-99-Pure-Online.jpg",600,600,false],"large":["https:\/\/legitgrams.com\/wp-content\/uploads\/2024\/09\/Buy-Kilocaine-Powder-99-Pure-Online.jpg",600,600,false],"1536x1536":["https:\/\/legitgrams.com\/wp-content\/uploads\/2024\/09\/Buy-Kilocaine-Powder-99-Pure-Online.jpg",600,600,false],"2048x2048":["https:\/\/legitgrams.com\/wp-content\/uploads\/2024\/09\/Buy-Kilocaine-Powder-99-Pure-Online.jpg",600,600,false],"trp-custom-language-flag":["https:\/\/legitgrams.com\/wp-content\/uploads\/2024\/09\/Buy-Kilocaine-Powder-99-Pure-Online-12x12.jpg",12,12,true],"woocommerce_thumbnail":["https:\/\/legitgrams.com\/wp-content\/uploads\/2024\/09\/Buy-Kilocaine-Powder-99-Pure-Online-300x300.jpg",300,300,true],"woocommerce_single":["https:\/\/legitgrams.com\/wp-content\/uploads\/2024\/09\/Buy-Kilocaine-Powder-99-Pure-Online.jpg",600,600,false],"woocommerce_gallery_thumbnail":["https:\/\/legitgrams.com\/wp-content\/uploads\/2024\/09\/Buy-Kilocaine-Powder-99-Pure-Online-100x100.jpg",100,100,true]},"uagb_author_info":{"display_name":"cokeblog18","author_link":"https:\/\/legitgrams.com\/pl\/author\/"},"uagb_comment_info":0,"uagb_excerpt":"Purchase 99 Pure Kilocaine Powder Online Kilocaine is similar to cocaine. Kilocaine is a new and interesting research chemical that has received good reviews since its introduction. These research substances are also known as &#8220;designer drugs.&#8221; They are part of a new class of drugs whose chemical composition has changed to the point where they&hellip;","_links":{"self":[{"href":"https:\/\/legitgrams.com\/pl\/wp-json\/wp\/v2\/product\/3948","targetHints":{"allow":["GET"]}}],"collection":[{"href":"https:\/\/legitgrams.com\/pl\/wp-json\/wp\/v2\/product"}],"about":[{"href":"https:\/\/legitgrams.com\/pl\/wp-json\/wp\/v2\/types\/product"}],"replies":[{"embeddable":true,"href":"https:\/\/legitgrams.com\/pl\/wp-json\/wp\/v2\/comments?post=3948"}],"wp:featuredmedia":[{"embeddable":true,"href":"https:\/\/legitgrams.com\/pl\/wp-json\/wp\/v2\/media\/5283"}],"wp:attachment":[{"href":"https:\/\/legitgrams.com\/pl\/wp-json\/wp\/v2\/media?parent=3948"}],"wp:term":[{"taxonomy":"product_brand","embeddable":true,"href":"https:\/\/legitgrams.com\/pl\/wp-json\/wp\/v2\/product_brand?post=3948"},{"taxonomy":"product_cat","embeddable":true,"href":"https:\/\/legitgrams.com\/pl\/wp-json\/wp\/v2\/product_cat?post=3948"},{"taxonomy":"product_tag","embeddable":true,"href":"https:\/\/legitgrams.com\/pl\/wp-json\/wp\/v2\/product_tag?post=3948"}],"curies":[{"name":"wp","href":"https:\/\/api.w.org\/{rel}","templated":true}]}}