{"id":3962,"date":"2024-09-21T05:19:45","date_gmt":"2024-09-21T05:19:45","guid":{"rendered":"https:\/\/legitgrams.com\/?post_type=product&#038;p=3962"},"modified":"2025-01-14T09:47:20","modified_gmt":"2025-01-14T09:47:20","slug":"metoksetamina-mxe-proszek","status":"publish","type":"product","link":"https:\/\/legitgrams.com\/pl\/produkt\/metoksetamina-mxe-proszek\/","title":{"rendered":"Metoksetamina MXE w proszku"},"content":{"rendered":"<h2>Kupuj wysokiej jako\u015bci proszek metoksetaminy online<\/h2>\n<p>Metoksetamina, kt\u00f3ra jest promowana jako modny dodatek, jest stymulantem, kt\u00f3ry powoduje dysocjacj\u0119 i jest skondensowany jako MXE. W przeciwie\u0144stwie do wielu dysocjant\u00f3w, takich jak fencyklidyna (PCP) i ketamina, kt\u00f3re zosta\u0142y stworzone jako leki do stosowania jako og\u00f3lne \u015brodki uspokajaj\u0105ce, zosta\u0142a zaprojektowana do nielegalnej dystrybucji. Kup Metoksetamin\u0119 online<\/p>\n<p><a href=\"https:\/\/legitgrams.com\/pl\/produkt\/metoksetamina-mxe-proszek\/\">MXE<\/a> Uwa\u017ca si\u0119, \u017ce ma dzia\u0142anie podobne do ketaminy. Powszechnie uwa\u017cano, \u017ce ma w\u0142a\u015bciwo\u015bci narkotyczne ze wzgl\u0119du na swoje pierwotne podobie\u0144stwo do 3-HO-PCP; niemniej jednak badania pokazuj\u0105, \u017ce cz\u0105steczka ma nieznaczne powinowactwo do receptora \u00b5-narkotycznego. Rekreacyjne u\u017cywanie zosta\u0142o powi\u0105zane z hospitalizacjami w USA i Wielkiej Brytanii z powodu nadmiernego i \u0142\u0105czonego stosowania MXE. Trzy przypadki intensywnego odwracalnego uszkodzenia m\u00f3\u017cd\u017cku w klinice ratunkowej by\u0142y powi\u0105zane z potwierdzeniem przedawkowania MXE, a uszkodzenie to utrzymuje si\u0119 przez jeden do czterech dni po wyst\u0105pieniu objaw\u00f3w.<\/p>\n<p>Celem stworzenia MXE by\u0142o z\u0142agodzenie cz\u0119\u015bci urotoksyczno\u015bci zwi\u0105zanej z niew\u0142a\u015bciwym stosowaniem ketaminy. Wi\u0119ksza moc i zmniejszona obj\u0119to\u015b\u0107 zwi\u0105zku mia\u0142y zapobiec gromadzeniu si\u0119 urotoksycznych metabolit\u00f3w w p\u0119cherzu.<\/p>\n<p>Wykazano, \u017ce MXE wywo\u0142uje zapalenie p\u0119cherza moczowego i zw\u0142\u00f3knienie u szczur\u00f3w, gdy jest podawany w du\u017cych dawkach przez d\u0142u\u017cszy czas, podobnie jak ketamina (chocia\u017c zastosowane skale by\u0142y bardzo du\u017ce). W literaturze klinicznej nie ma obecnie doniesie\u0144 o uro-toksyczno\u015bci u ludzi. MXE mo\u017cna kupi\u0107 online. Zar\u00f3wno p\u0142ynne kadzid\u0142o K2, jak i p\u0142ynne kadzid\u0142o zio\u0142owe K2 s\u0105 na sprzeda\u017c.<\/p>\n<p>R\u00f3wnanie substancji metoksetaminy ujawni\u0142o, \u017ce jej dzia\u0142anie mo\u017ce by\u0107 podobne do PCP i ketaminy. Farmakologia zwi\u0105zku mo\u017ce r\u00f3wnie\u017c obejmowa\u0107 hamowanie wychwytu zwrotnego dopaminy przez bia\u0142ko no\u015bnikowe dopaminy, nadaj\u0105c mu w ten spos\u00f3b dzia\u0142anie przeciwb\u00f3lowe i przeciwl\u0119kowe. Metoksetamina na sprzeda\u017c, zakup mxe, kup mxe online, gdzie kupi\u0107 mxe, kup mxe, zam\u00f3w mxe online<\/p>\n<p>Nale\u017cy pami\u0119ta\u0107, \u017ce metylofenidat mo\u017ce by\u0107 koncentrowany tylko w okre\u015blonych warunkach laboratoryjnych, a eksperymenty na \u017cywych zwierz\u0119tach nie s\u0105 dozwolone w badaniach in vivo.<\/p>\n<p>Zakup wysokiej jako\u015bci metylofenidatu <a href=\"https:\/\/en.wikipedia.org\/wiki\/Metizolam\">MXE<\/a> proszek online, - zakup wysokiej jako\u015bci proszku MXE, zakup wysokiej jako\u015bci proszku MXE usa, zakup wysokiej jako\u015bci proszku MXE online USA, Gdzie kupi\u0107 wysokiej jako\u015bci proszek MXE, Wysokiej jako\u015bci proszek MXE na sprzeda\u017c, Wysokiej jako\u015bci proszek MXE na sprzeda\u017c w pobli\u017cu, Kup wysokiej jako\u015bci proszek MXE online blisko mnie, Gdzie kupi\u0107 wysokiej jako\u015bci proszek MXE online, Wysokiej jako\u015bci proszek MXE na sprzeda\u017c w USA, Kanadzie, Wielkiej Brytanii, kup, online, dostawcy, bezpieczna dostawa, Nadal mo\u017cna uzyska\u0107 wysokiej jako\u015bci proszek MXE, Jak uzyska\u0107 wysokiej jako\u015bci proszek metoksetaminy MXE, Czy wysokiej jako\u015bci proszek metoksetaminy MXE jest legalny w Kanadzie, Czy mog\u0119 kupi\u0107 wysokiej jako\u015bci proszek metoksetaminy MXE online w Stanach Zjednoczonych? <a href=\"https:\/\/legitgrams.com\/pl\/\">LegitGrams<\/a><\/p>","protected":false},"excerpt":{"rendered":"<p>Purchase High-Grade Methoxetamine Powder Online Methoxetamine, which is promoted as a fashion accessory, is a stimulant that produces dissociation and is condensed as MXE. In contrast to a number of dissociatives, like phencyclidine (PCP) and ketamine, which were created as medications for use as general sedatives, it was designed to be distributed illegally. Purchase Methoxetamine &hellip;<\/p>\n<p class=\"read-more\"> <a class=\"\" href=\"https:\/\/legitgrams.com\/pl\/produkt\/metoksetamina-mxe-proszek\/\"> <span class=\"screen-reader-text\">Metoksetamina MXE w proszku<\/span> Czytaj wi\u0119cej \"<\/a><\/p>","protected":false},"featured_media":5326,"comment_status":"open","ping_status":"closed","template":"","meta":{"_uag_custom_page_level_css":"","site-sidebar-layout":"default","site-content-layout":"default","ast-global-header-display":"","ast-main-header-display":"","ast-hfb-above-header-display":"","ast-hfb-below-header-display":"","ast-hfb-mobile-header-display":"","site-post-title":"","ast-breadcrumbs-content":"","ast-featured-img":"","footer-sml-layout":"","theme-transparent-header-meta":"default","adv-header-id-meta":"","stick-header-meta":"default","header-above-stick-meta":"","header-main-stick-meta":"","header-below-stick-meta":"","_joinchat":[]},"product_brand":[],"product_cat":[600],"product_tag":[3452,3442,617,3434,3449,3446,3441,3433,3436,3444,3437,3435,3445,3447,3454,3455,3453,3450,3439,3451,3448,625,3440,3443,3438],"class_list":{"0":"post-3962","1":"product","2":"type-product","3":"status-publish","4":"has-post-thumbnail","6":"product_cat-research-chemicals-and-bath-salt","7":"product_tag-best-cheap-price-methoxetamine-mxe-powder","8":"product_tag-best-place-to-buy-methoxetamine-mxe-powder","9":"product_tag-bulk-online","10":"product_tag-buy-methoxetamine-mxe-powder","11":"product_tag-cheap-methoxetamine-mxe-powder","12":"product_tag-high-quality-methoxetamine-mxe-powder","13":"product_tag-how-to-buy-methoxetamine-mxe-powder","14":"product_tag-methoxetamine-mxe-powder","15":"product_tag-methoxetamine-mxe-powder-for-sale","16":"product_tag-methoxetamine-mxe-powder-legally","17":"product_tag-methoxetamine-mxe-powder-methoxetamine-mxe-powder-supplier","18":"product_tag-methoxetamine-mxe-powder-online","19":"product_tag-methoxetamine-mxe-powder-price","20":"product_tag-methoxetamine-mxe-powder-store","21":"product_tag-methoxetamine-mxe-powder-use","22":"product_tag-methoxetamine-mxe-powder-wiki","23":"product_tag-methoxetamine-mxe-powder-worldwide","24":"product_tag-methoxetamine-mxe-powders","25":"product_tag-order-methoxetamine-mxe-powder","26":"product_tag-purcharse-methoxetamine-mxe-powder","27":"product_tag-shop-methoxetamine-mxe-powder","28":"product_tag-top-quality","29":"product_tag-where-to-buy-methoxetamine-mxe-powder","30":"product_tag-where-to-order-methoxetamine-mxe-powder","31":"product_tag-wholesale-methoxetamine-mxe-powder","32":"desktop-align-left","33":"tablet-align-left","34":"mobile-align-left","35":"ast-product-gallery-layout-horizontal","36":"ast-product-gallery-with-no-image","37":"ast-product-single-variable","38":"ast-product-tabs-layout-horizontal","39":"ast-qv-on-image","41":"first","42":"instock","43":"shipping-taxable","44":"purchasable","45":"product-type-variable"},"yoast_head":"<!-- This site is optimized with the Yoast SEO plugin v25.9 - https:\/\/yoast.com\/wordpress\/plugins\/seo\/ -->\n<title>Methoxetamine MXE Powder for Sale - Buy Methoxetamine Online<\/title>\n<meta name=\"description\" content=\"At our Legitgrams, you can get Methoxetamine MXE powder for sale at cheap rates. We deal with A-grade quality products only. Buy Methoxetamine online from our store now with fast &amp; secure shipping service.\" \/>\n<meta name=\"robots\" content=\"index, follow, max-snippet:-1, max-image-preview:large, max-video-preview:-1\" \/>\n<link rel=\"canonical\" href=\"https:\/\/legitgrams.com\/pl\/produkt\/metoksetamina-mxe-proszek\/\" \/>\n<meta property=\"og:locale\" content=\"pl_PL\" \/>\n<meta property=\"og:type\" content=\"article\" \/>\n<meta property=\"og:title\" content=\"Methoxetamine MXE Powder for Sale - Buy Methoxetamine Online\" \/>\n<meta property=\"og:description\" content=\"At our Legitgrams, you can get Methoxetamine MXE powder for sale at cheap rates. We deal with A-grade quality products only. Buy Methoxetamine online from our store now with fast &amp; secure shipping service.\" \/>\n<meta property=\"og:url\" content=\"https:\/\/legitgrams.com\/pl\/produkt\/metoksetamina-mxe-proszek\/\" \/>\n<meta property=\"og:site_name\" content=\"Legit Grams\" \/>\n<meta property=\"article:modified_time\" content=\"2025-01-14T09:47:20+00:00\" \/>\n<meta property=\"og:image\" content=\"https:\/\/legitgrams.com\/wp-content\/uploads\/2024\/09\/buy-mexedrone-mxe-power-crystal-online.jpg\" \/>\n\t<meta property=\"og:image:width\" content=\"600\" \/>\n\t<meta property=\"og:image:height\" content=\"600\" \/>\n\t<meta property=\"og:image:type\" content=\"image\/jpeg\" \/>\n<meta name=\"twitter:card\" content=\"summary_large_image\" \/>\n<meta name=\"twitter:label1\" content=\"Szacowany czas czytania\" \/>\n\t<meta name=\"twitter:data1\" content=\"3 minuty\" \/>\n<script type=\"application\/ld+json\" class=\"yoast-schema-graph\">{\"@context\":\"https:\/\/schema.org\",\"@graph\":[{\"@type\":\"WebPage\",\"@id\":\"https:\/\/legitgrams.com\/product\/methoxetamine-mxe-powder\/\",\"url\":\"https:\/\/legitgrams.com\/product\/methoxetamine-mxe-powder\/\",\"name\":\"Methoxetamine MXE Powder for Sale - Buy Methoxetamine Online\",\"isPartOf\":{\"@id\":\"https:\/\/legitgrams.com\/#website\"},\"primaryImageOfPage\":{\"@id\":\"https:\/\/legitgrams.com\/product\/methoxetamine-mxe-powder\/#primaryimage\"},\"image\":{\"@id\":\"https:\/\/legitgrams.com\/product\/methoxetamine-mxe-powder\/#primaryimage\"},\"thumbnailUrl\":\"https:\/\/legitgrams.com\/wp-content\/uploads\/2024\/09\/buy-mexedrone-mxe-power-crystal-online.jpg\",\"datePublished\":\"2024-09-21T05:19:45+00:00\",\"dateModified\":\"2025-01-14T09:47:20+00:00\",\"description\":\"At our Legitgrams, you can get Methoxetamine MXE powder for sale at cheap rates. We deal with A-grade quality products only. Buy Methoxetamine online from our store now with fast & secure shipping service.\",\"breadcrumb\":{\"@id\":\"https:\/\/legitgrams.com\/product\/methoxetamine-mxe-powder\/#breadcrumb\"},\"inLanguage\":\"pl-PL\",\"potentialAction\":[{\"@type\":\"ReadAction\",\"target\":[\"https:\/\/legitgrams.com\/product\/methoxetamine-mxe-powder\/\"]}]},{\"@type\":\"ImageObject\",\"inLanguage\":\"pl-PL\",\"@id\":\"https:\/\/legitgrams.com\/product\/methoxetamine-mxe-powder\/#primaryimage\",\"url\":\"https:\/\/legitgrams.com\/wp-content\/uploads\/2024\/09\/buy-mexedrone-mxe-power-crystal-online.jpg\",\"contentUrl\":\"https:\/\/legitgrams.com\/wp-content\/uploads\/2024\/09\/buy-mexedrone-mxe-power-crystal-online.jpg\",\"width\":600,\"height\":600,\"caption\":\"Methoxetamine MXE Powder for Sale\"},{\"@type\":\"BreadcrumbList\",\"@id\":\"https:\/\/legitgrams.com\/product\/methoxetamine-mxe-powder\/#breadcrumb\",\"itemListElement\":[{\"@type\":\"ListItem\",\"position\":1,\"name\":\"Home\",\"item\":\"https:\/\/legitgrams.com\/\"},{\"@type\":\"ListItem\",\"position\":2,\"name\":\"Shop\",\"item\":\"https:\/\/legitgrams.com\/shop\/\"},{\"@type\":\"ListItem\",\"position\":3,\"name\":\"Methoxetamine MXE powder\"}]},{\"@type\":\"WebSite\",\"@id\":\"https:\/\/legitgrams.com\/#website\",\"url\":\"https:\/\/legitgrams.com\/\",\"name\":\"Legit Grams\",\"description\":\"My WordPress Blog\",\"publisher\":{\"@id\":\"https:\/\/legitgrams.com\/#organization\"},\"potentialAction\":[{\"@type\":\"SearchAction\",\"target\":{\"@type\":\"EntryPoint\",\"urlTemplate\":\"https:\/\/legitgrams.com\/?s={search_term_string}\"},\"query-input\":{\"@type\":\"PropertyValueSpecification\",\"valueRequired\":true,\"valueName\":\"search_term_string\"}}],\"inLanguage\":\"pl-PL\"},{\"@type\":\"Organization\",\"@id\":\"https:\/\/legitgrams.com\/#organization\",\"name\":\"Legit Grams\",\"url\":\"https:\/\/legitgrams.com\/\",\"logo\":{\"@type\":\"ImageObject\",\"inLanguage\":\"pl-PL\",\"@id\":\"https:\/\/legitgrams.com\/#\/schema\/logo\/image\/\",\"url\":\"https:\/\/legitgrams.com\/wp-content\/uploads\/2024\/09\/main-logo.png\",\"contentUrl\":\"https:\/\/legitgrams.com\/wp-content\/uploads\/2024\/09\/main-logo.png\",\"width\":270,\"height\":75,\"caption\":\"Legit Grams\"},\"image\":{\"@id\":\"https:\/\/legitgrams.com\/#\/schema\/logo\/image\/\"}}]}<\/script>\n<!-- \/ Yoast SEO plugin. -->","yoast_head_json":{"title":"Methoxetamine MXE Powder na sprzeda\u017c - Kup Methoxetamine Online","description":"Presso i nostri Legitgrams, puoi acquistare Methoxetamine MXE in polvere a prezzi bassi. Ci occupiamo solo di prodotti di qualit\u00e0 di prima scelta. Acquista Methoxetamine online dal nostro negozio ora con un servizio di spedizione veloce e sicuro.","robots":{"index":"index","follow":"follow","max-snippet":"max-snippet:-1","max-image-preview":"max-image-preview:large","max-video-preview":"max-video-preview:-1"},"canonical":"https:\/\/legitgrams.com\/pl\/produkt\/metoksetamina-mxe-proszek\/","og_locale":"pl_PL","og_type":"article","og_title":"Methoxetamine MXE Powder for Sale - Buy Methoxetamine Online","og_description":"At our Legitgrams, you can get Methoxetamine MXE powder for sale at cheap rates. We deal with A-grade quality products only. Buy Methoxetamine online from our store now with fast & secure shipping service.","og_url":"https:\/\/legitgrams.com\/pl\/produkt\/metoksetamina-mxe-proszek\/","og_site_name":"Legit Grams","article_modified_time":"2025-01-14T09:47:20+00:00","og_image":[{"width":600,"height":600,"url":"https:\/\/legitgrams.com\/wp-content\/uploads\/2024\/09\/buy-mexedrone-mxe-power-crystal-online.jpg","type":"image\/jpeg"}],"twitter_card":"summary_large_image","twitter_misc":{"Szacowany czas czytania":"3 minuty"},"schema":{"@context":"https:\/\/schema.org","@graph":[{"@type":"WebPage","@id":"https:\/\/legitgrams.com\/product\/methoxetamine-mxe-powder\/","url":"https:\/\/legitgrams.com\/product\/methoxetamine-mxe-powder\/","name":"Methoxetamine MXE Powder na sprzeda\u017c - Kup Methoxetamine Online","isPartOf":{"@id":"https:\/\/legitgrams.com\/#website"},"primaryImageOfPage":{"@id":"https:\/\/legitgrams.com\/product\/methoxetamine-mxe-powder\/#primaryimage"},"image":{"@id":"https:\/\/legitgrams.com\/product\/methoxetamine-mxe-powder\/#primaryimage"},"thumbnailUrl":"https:\/\/legitgrams.com\/wp-content\/uploads\/2024\/09\/buy-mexedrone-mxe-power-crystal-online.jpg","datePublished":"2024-09-21T05:19:45+00:00","dateModified":"2025-01-14T09:47:20+00:00","description":"Presso i nostri Legitgrams, puoi acquistare Methoxetamine MXE in polvere a prezzi bassi. Ci occupiamo solo di prodotti di qualit\u00e0 di prima scelta. Acquista Methoxetamine online dal nostro negozio ora con un servizio di spedizione veloce e sicuro.","breadcrumb":{"@id":"https:\/\/legitgrams.com\/product\/methoxetamine-mxe-powder\/#breadcrumb"},"inLanguage":"pl-PL","potentialAction":[{"@type":"ReadAction","target":["https:\/\/legitgrams.com\/product\/methoxetamine-mxe-powder\/"]}]},{"@type":"ImageObject","inLanguage":"pl-PL","@id":"https:\/\/legitgrams.com\/product\/methoxetamine-mxe-powder\/#primaryimage","url":"https:\/\/legitgrams.com\/wp-content\/uploads\/2024\/09\/buy-mexedrone-mxe-power-crystal-online.jpg","contentUrl":"https:\/\/legitgrams.com\/wp-content\/uploads\/2024\/09\/buy-mexedrone-mxe-power-crystal-online.jpg","width":600,"height":600,"caption":"Methoxetamine MXE Powder for Sale"},{"@type":"BreadcrumbList","@id":"https:\/\/legitgrams.com\/product\/methoxetamine-mxe-powder\/#breadcrumb","itemListElement":[{"@type":"ListItem","position":1,"name":"Home","item":"https:\/\/legitgrams.com\/"},{"@type":"ListItem","position":2,"name":"Shop","item":"https:\/\/legitgrams.com\/shop\/"},{"@type":"ListItem","position":3,"name":"Methoxetamine MXE powder"}]},{"@type":"WebSite","@id":"https:\/\/legitgrams.com\/#website","url":"https:\/\/legitgrams.com\/","name":"Legit Grams","description":"M\u00f3j blog WordPress","publisher":{"@id":"https:\/\/legitgrams.com\/#organization"},"potentialAction":[{"@type":"SearchAction","target":{"@type":"EntryPoint","urlTemplate":"https:\/\/legitgrams.com\/?s={search_term_string}"},"query-input":{"@type":"PropertyValueSpecification","valueRequired":true,"valueName":"search_term_string"}}],"inLanguage":"pl-PL"},{"@type":"Organization","@id":"https:\/\/legitgrams.com\/#organization","name":"Legit Grams","url":"https:\/\/legitgrams.com\/","logo":{"@type":"ImageObject","inLanguage":"pl-PL","@id":"https:\/\/legitgrams.com\/#\/schema\/logo\/image\/","url":"https:\/\/legitgrams.com\/wp-content\/uploads\/2024\/09\/main-logo.png","contentUrl":"https:\/\/legitgrams.com\/wp-content\/uploads\/2024\/09\/main-logo.png","width":270,"height":75,"caption":"Legit Grams"},"image":{"@id":"https:\/\/legitgrams.com\/#\/schema\/logo\/image\/"}}]}},"uagb_featured_image_src":{"full":["https:\/\/legitgrams.com\/wp-content\/uploads\/2024\/09\/buy-mexedrone-mxe-power-crystal-online.jpg",600,600,false],"thumbnail":["https:\/\/legitgrams.com\/wp-content\/uploads\/2024\/09\/buy-mexedrone-mxe-power-crystal-online-150x150.jpg",150,150,true],"medium":["https:\/\/legitgrams.com\/wp-content\/uploads\/2024\/09\/buy-mexedrone-mxe-power-crystal-online-300x300.jpg",300,300,true],"medium_large":["https:\/\/legitgrams.com\/wp-content\/uploads\/2024\/09\/buy-mexedrone-mxe-power-crystal-online.jpg",600,600,false],"large":["https:\/\/legitgrams.com\/wp-content\/uploads\/2024\/09\/buy-mexedrone-mxe-power-crystal-online.jpg",600,600,false],"1536x1536":["https:\/\/legitgrams.com\/wp-content\/uploads\/2024\/09\/buy-mexedrone-mxe-power-crystal-online.jpg",600,600,false],"2048x2048":["https:\/\/legitgrams.com\/wp-content\/uploads\/2024\/09\/buy-mexedrone-mxe-power-crystal-online.jpg",600,600,false],"trp-custom-language-flag":["https:\/\/legitgrams.com\/wp-content\/uploads\/2024\/09\/buy-mexedrone-mxe-power-crystal-online-12x12.jpg",12,12,true],"woocommerce_thumbnail":["https:\/\/legitgrams.com\/wp-content\/uploads\/2024\/09\/buy-mexedrone-mxe-power-crystal-online-300x300.jpg",300,300,true],"woocommerce_single":["https:\/\/legitgrams.com\/wp-content\/uploads\/2024\/09\/buy-mexedrone-mxe-power-crystal-online.jpg",600,600,false],"woocommerce_gallery_thumbnail":["https:\/\/legitgrams.com\/wp-content\/uploads\/2024\/09\/buy-mexedrone-mxe-power-crystal-online-100x100.jpg",100,100,true]},"uagb_author_info":{"display_name":"cokeblog18","author_link":"https:\/\/legitgrams.com\/pl\/author\/"},"uagb_comment_info":0,"uagb_excerpt":"Purchase High-Grade Methoxetamine Powder Online Methoxetamine, which is promoted as a fashion accessory, is a stimulant that produces dissociation and is condensed as MXE. In contrast to a number of dissociatives, like phencyclidine (PCP) and ketamine, which were created as medications for use as general sedatives, it was designed to be distributed illegally. Purchase Methoxetamine&hellip;","_links":{"self":[{"href":"https:\/\/legitgrams.com\/pl\/wp-json\/wp\/v2\/product\/3962","targetHints":{"allow":["GET"]}}],"collection":[{"href":"https:\/\/legitgrams.com\/pl\/wp-json\/wp\/v2\/product"}],"about":[{"href":"https:\/\/legitgrams.com\/pl\/wp-json\/wp\/v2\/types\/product"}],"replies":[{"embeddable":true,"href":"https:\/\/legitgrams.com\/pl\/wp-json\/wp\/v2\/comments?post=3962"}],"wp:featuredmedia":[{"embeddable":true,"href":"https:\/\/legitgrams.com\/pl\/wp-json\/wp\/v2\/media\/5326"}],"wp:attachment":[{"href":"https:\/\/legitgrams.com\/pl\/wp-json\/wp\/v2\/media?parent=3962"}],"wp:term":[{"taxonomy":"product_brand","embeddable":true,"href":"https:\/\/legitgrams.com\/pl\/wp-json\/wp\/v2\/product_brand?post=3962"},{"taxonomy":"product_cat","embeddable":true,"href":"https:\/\/legitgrams.com\/pl\/wp-json\/wp\/v2\/product_cat?post=3962"},{"taxonomy":"product_tag","embeddable":true,"href":"https:\/\/legitgrams.com\/pl\/wp-json\/wp\/v2\/product_tag?post=3962"}],"curies":[{"name":"wp","href":"https:\/\/api.w.org\/{rel}","templated":true}]}}