{"id":3964,"date":"2024-09-21T05:24:42","date_gmt":"2024-09-21T05:24:42","guid":{"rendered":"https:\/\/legitgrams.com\/?post_type=product&#038;p=3964"},"modified":"2025-04-04T11:09:27","modified_gmt":"2025-04-04T11:09:27","slug":"tani-krysztal-pvp","status":"publish","type":"product","link":"https:\/\/legitgrams.com\/pl\/produkt\/tani-krysztal-pvp\/","title":{"rendered":"Achetez des cristaux TH-PVP \u00e0 bas prix en ligne"},"content":{"rendered":"<h2>Na sprzeda\u017c: kryszta\u0142 TH-PVP<\/h2>\n<p>Zakup <a href=\"https:\/\/legitgrams.com\/pl\/produkt\/tani-krysztal-pvp\/\">TH-PVP onlines<\/a> od prawdopodobnie najlepszej na \u015bwiecie firmy zajmuj\u0105cej si\u0119 wysy\u0142k\u0105 biur. TH-PVP dzia\u0142a podobnie do a-PVP jako \u015brodek energetyzuj\u0105cy. Niedob\u00f3r dost\u0119pnych obecnie informacji znacznie poszerza zakres bada\u0144 nad t\u0105 substancj\u0105 chemiczn\u0105.<\/p>\n<p>We are regarded as the top supplier of Chinese <a href=\"https:\/\/www.bing.com\/search?q=KuptaniokrysztaTH-PVPonline&amp;qs=n&amp;form=QBRE&amp;sp=-1&amp;lq=0&amp;pq=kuptaniokrysztath-pvponline&amp;sc=12-32&amp;sk=&amp;cvid=30490C2FABC04C65B18E76B41D23C3FD&amp;ghsh=0&amp;ghacc=0&amp;ghpl=\">TH-PVP<\/a> and the best <a href=\"https:\/\/www.google.com\/search?q=Kup+tanio+kryszta+TH-PVP+online&amp;sca_esv=eddefdb7b92e7545&amp;sxsrf=AHTn8zqrlDnSg1TWBhl4NvgLfrAtusozTQ1743765914247&amp;ei=msHvZ-_rDtG-juMP2qfY-AE&amp;ved=0ahUKEwjvoI-for6MAxVRn2MGHdoTFh8Q4dUDCBA&amp;uact=5&amp;oq=Kup+tanio+kryszta+TH-PVP+online&amp;gs_lp=Egxnd3Mtd2l6LXNlcnAiIUt1cCB0YW5pbyBrcnlzenRhxYIgVEgtUFZQIG9ubGluZTIFECEYoAEyBRAhGKABSJUOUNQCWNQCcAF4AJABAJgBmQKgAZkCqgEDMi0xuAEDyAEA-AEC-AEBmAICoAKoAsICCxAAGIAEGLADGKIEwgIIEAAYsAMY7wXCAgsQABiwAxiiBBiJBZgDAIgGAZAGBJIHBTEuMC4xoAetArIHAzItMbgHnwI&amp;sclient=gws-wiz-serp\">TH-PVP<\/a> Jeste\u015bmy uwa\u017cani za najlepszego dostawc\u0119 chi\u0144skiego TH-PVP i najlepszego sprzedawc\u0119 TH-PVP na Reddicie. Jeste\u015bmy jedyn\u0105 stron\u0105, kt\u00f3r\u0105 musisz odwiedzi\u0107, je\u015bli szukasz legalnego sprzedawcy okazji TH-PVP.<\/p>\n<h3>Kup TH-PVP u nas online.<\/h3>\n<p>Je\u015bli szukasz <a href=\"https:\/\/en.wikipedia.org\/wiki\/TH-PVP\">TH-PVP<\/a> sklep, kt\u00f3ry pozwala bezpiecznie organizowa\u0107 klejnoty TH-PVP online, Classicarabians jest najlepszym miejscem. Opr\u00f3cz gotowych do u\u017cycia TH-PVP i innych analog\u00f3w, oferujemy szeroki wachlarz r\u00f3\u017cnych syntetyk\u00f3w dost\u0119pnych do bada\u0144. Nasze podej\u015bcie jest proste: kupuj diamenty TH-PVP od chi\u0144skich sprzedawc\u00f3w i producent\u00f3w online ze zni\u017ck\u0105, korzystaj\u0105c z zaawansowanego wpisu.<\/p>\n<p>Je\u015bli jeste\u015b z USA, Kanady, Wielkiej Brytanii, Australii lub Europy i potrzebujesz przedmiotu tak szybko, jak to mo\u017cliwe, oferujemy wysy\u0142k\u0119 mi\u0119dzynarodow\u0105. Zalecamy jednak, aby\u015b zrozumia\u0142 znaki i spos\u00f3b u\u017cycia <a href=\"https:\/\/duckduckgo.com\/?q=Kup+tanio+kryszta+TH-PVP+online&amp;t=h_&amp;ia=web\">TH-PVP<\/a> before submitting a request.<\/p>\n<p>Konsekwencje prawne zakupu diament\u00f3w TH-PVP online bez rozwi\u0105zania w Twoim stanie powinny by\u0107 r\u00f3wnie\u017c znane. Classicarabians to najlepsze miejsce do zakupu TH-PVP online, poniewa\u017c oferuj\u0105 najlepsze, \u0142atwo dost\u0119pne sk\u0142adniki lek\u00f3w, aby poprze\u0107 Twoje racjonalne badania. Zalecamy jednak zrozumienie oznak i zastosowania TH-PVP przed z\u0142o\u017ceniem wniosku. Ponadto musisz wiedzie\u0107, \u017ce zakup klejnot\u00f3w TH-PVP online bez rozwi\u0105zania w Twoim stanie mo\u017ce mie\u0107 konsekwencje prawne.<\/p>\n<p>Oferujemy najwy\u017csz\u0105 jako\u015b\u0107 i ilo\u015b\u0107 produkt\u00f3w. Postaraj si\u0119 nie traci\u0107 czasu. Aby przedmiot zosta\u0142 dostarczony prosto pod Twoje drzwi, z\u0142\u00f3\u017c zam\u00f3wienie ju\u017c teraz. A oto Death Star Wax. <a href=\"https:\/\/legitgrams.com\/pl\/\">LegitGrams<\/a><\/p>\n<p>Gdzie kupi\u0107 tani kryszta\u0142 TH-PVP, Gdzie kupi\u0107 tani kryszta\u0142 TH-PVP, Gdzie kupi\u0107 tani kryszta\u0142 TH-PVP, Gdzie kupi\u0107 tani kryszta\u0142 TH-PVP, Gdzie kupi\u0107 tani kryszta\u0142 TH-PVP, Gdzie kupi\u0107 tani kryszta\u0142 TH-PVP, Gdzie kupi\u0107 tani kryszta\u0142 TH-PVP, Tani kryszta\u0142 TH-PVP na sprzeda\u017c w Stanach Zjednoczonych, Kanadzie i Wielkiej Brytanii, Kup online, Dostawcy, Bezpieczna dostawa, Nadal dost\u0119pny jest niedrogi kryszta\u0142 TH-PVP. Mo\u017cesz kupi\u0107 niedrogi kryszta\u0142 TH-PVP online. Czy tani kryszta\u0142 TH-PVP jest legalny w Kanadzie? Czy mog\u0119 kupi\u0107 tani kryszta\u0142 TH-PVP online?<\/p>","protected":false},"excerpt":{"rendered":"<p>For Sale: TH-PVP crystal Purchase the TH-PVP online from what is perhaps the world&#8217;s best office shipping company.TH-PVP functions similarly to a-PVP as an energizer. The paucity of information now available considerably expands the scope of research on this chemical. We are regarded as the top supplier of Chinese TH-PVP and the best TH-PVP Reddit &hellip;<\/p>\n<p class=\"read-more\"> <a class=\"\" href=\"https:\/\/legitgrams.com\/pl\/produkt\/tani-krysztal-pvp\/\"> <span class=\"screen-reader-text\">Achetez des cristaux TH-PVP \u00e0 bas prix en ligne<\/span> Czytaj wi\u0119cej \"<\/a><\/p>","protected":false},"featured_media":5270,"comment_status":"open","ping_status":"closed","template":"","meta":{"_uag_custom_page_level_css":"","site-sidebar-layout":"default","site-content-layout":"default","ast-global-header-display":"","ast-main-header-display":"","ast-hfb-above-header-display":"","ast-hfb-below-header-display":"","ast-hfb-mobile-header-display":"","site-post-title":"","ast-breadcrumbs-content":"","ast-featured-img":"","footer-sml-layout":"","theme-transparent-header-meta":"default","adv-header-id-meta":"","stick-header-meta":"default","header-above-stick-meta":"","header-main-stick-meta":"","header-below-stick-meta":"","_joinchat":[]},"product_brand":[],"product_cat":[600],"product_tag":[3429,3419,617,3411,3426,3410,3414,3413,3421,3412,3422,3424,3431,3432,3430,3427,3423,3418,3416,3428,3425,625,3417,3420,3415],"class_list":{"0":"post-3964","1":"product","2":"type-product","3":"status-publish","4":"has-post-thumbnail","6":"product_cat-research-chemicals-and-bath-salt","7":"product_tag-best-cheap-price-cheap-th-pvp-crystal","8":"product_tag-best-place-to-buy-cheap-th-pvp-crystal","9":"product_tag-bulk-online","10":"product_tag-buy-cheap-th-pvp-crystal","11":"product_tag-cheap-cheap-th-pvp-crystal","12":"product_tag-cheap-th-pvp-crystal","13":"product_tag-cheap-th-pvp-crystal-cheap-th-pvp-crystal-supplier","14":"product_tag-cheap-th-pvp-crystal-for-sale","15":"product_tag-cheap-th-pvp-crystal-legally","16":"product_tag-cheap-th-pvp-crystal-online","17":"product_tag-cheap-th-pvp-crystal-price","18":"product_tag-cheap-th-pvp-crystal-store","19":"product_tag-cheap-th-pvp-crystal-use","20":"product_tag-cheap-th-pvp-crystal-wiki","21":"product_tag-cheap-th-pvp-crystal-worldwide","22":"product_tag-cheap-th-pvp-crystals","23":"product_tag-high-quality-cheap-th-pvp-crystal","24":"product_tag-how-to-buy-cheap-th-pvp-crystal","25":"product_tag-order-cheap-th-pvp-crystal","26":"product_tag-purcharse-cheap-th-pvp-crystal","27":"product_tag-shop-cheap-th-pvp-crystal","28":"product_tag-top-quality","29":"product_tag-where-to-buy-cheap-th-pvp-crystal","30":"product_tag-where-to-order-cheap-th-pvp-crystal","31":"product_tag-wholesale-cheap-th-pvp-crystal","32":"desktop-align-left","33":"tablet-align-left","34":"mobile-align-left","35":"ast-product-gallery-layout-horizontal","36":"ast-product-gallery-with-no-image","37":"ast-product-single-variable","38":"ast-product-tabs-layout-horizontal","39":"ast-qv-on-image","41":"first","42":"instock","43":"shipping-taxable","44":"purchasable","45":"product-type-variable"},"yoast_head":"<!-- This site is optimized with the Yoast SEO plugin v25.9 - https:\/\/yoast.com\/wordpress\/plugins\/seo\/ -->\n<title>TH-PVP Crystal for Sale - Order TH-PVP Crystal Online | LG<\/title>\n<meta name=\"description\" content=\"Get TH-PVP crystal for sale at one of the best online stores Legitgrams. We will help you buy TH-PVP crystal online of high quality. Don&#039;t delay to place your order and take advantage of the newest discounts!\" \/>\n<meta name=\"robots\" content=\"index, follow, max-snippet:-1, max-image-preview:large, max-video-preview:-1\" \/>\n<link rel=\"canonical\" href=\"https:\/\/legitgrams.com\/pl\/produkt\/tani-krysztal-pvp\/\" \/>\n<meta property=\"og:locale\" content=\"pl_PL\" \/>\n<meta property=\"og:type\" content=\"article\" \/>\n<meta property=\"og:title\" content=\"TH-PVP Crystal for Sale - Order TH-PVP Crystal Online | LG\" \/>\n<meta property=\"og:description\" content=\"Get TH-PVP crystal for sale at one of the best online stores Legitgrams. We will help you buy TH-PVP crystal online of high quality. Don&#039;t delay to place your order and take advantage of the newest discounts!\" \/>\n<meta property=\"og:url\" content=\"https:\/\/legitgrams.com\/pl\/produkt\/tani-krysztal-pvp\/\" \/>\n<meta property=\"og:site_name\" content=\"Legit Grams\" \/>\n<meta property=\"article:modified_time\" content=\"2025-04-04T11:09:27+00:00\" \/>\n<meta property=\"og:image\" content=\"https:\/\/legitgrams.com\/wp-content\/uploads\/2024\/09\/buy-cheap-th-pvp-crystal-online.jpg\" \/>\n\t<meta property=\"og:image:width\" content=\"600\" \/>\n\t<meta property=\"og:image:height\" content=\"600\" \/>\n\t<meta property=\"og:image:type\" content=\"image\/jpeg\" \/>\n<meta name=\"twitter:card\" content=\"summary_large_image\" \/>\n<meta name=\"twitter:label1\" content=\"Szacowany czas czytania\" \/>\n\t<meta name=\"twitter:data1\" content=\"2 minuty\" \/>\n<script type=\"application\/ld+json\" class=\"yoast-schema-graph\">{\"@context\":\"https:\/\/schema.org\",\"@graph\":[{\"@type\":\"WebPage\",\"@id\":\"https:\/\/legitgrams.com\/product\/cheap-th-pvp-crystal\/\",\"url\":\"https:\/\/legitgrams.com\/product\/cheap-th-pvp-crystal\/\",\"name\":\"TH-PVP Crystal for Sale - Order TH-PVP Crystal Online | LG\",\"isPartOf\":{\"@id\":\"https:\/\/legitgrams.com\/#website\"},\"primaryImageOfPage\":{\"@id\":\"https:\/\/legitgrams.com\/product\/cheap-th-pvp-crystal\/#primaryimage\"},\"image\":{\"@id\":\"https:\/\/legitgrams.com\/product\/cheap-th-pvp-crystal\/#primaryimage\"},\"thumbnailUrl\":\"https:\/\/legitgrams.com\/wp-content\/uploads\/2024\/09\/buy-cheap-th-pvp-crystal-online.jpg\",\"datePublished\":\"2024-09-21T05:24:42+00:00\",\"dateModified\":\"2025-04-04T11:09:27+00:00\",\"description\":\"Get TH-PVP crystal for sale at one of the best online stores Legitgrams. We will help you buy TH-PVP crystal online of high quality. Don't delay to place your order and take advantage of the newest discounts!\",\"breadcrumb\":{\"@id\":\"https:\/\/legitgrams.com\/product\/cheap-th-pvp-crystal\/#breadcrumb\"},\"inLanguage\":\"pl-PL\",\"potentialAction\":[{\"@type\":\"ReadAction\",\"target\":[\"https:\/\/legitgrams.com\/product\/cheap-th-pvp-crystal\/\"]}]},{\"@type\":\"ImageObject\",\"inLanguage\":\"pl-PL\",\"@id\":\"https:\/\/legitgrams.com\/product\/cheap-th-pvp-crystal\/#primaryimage\",\"url\":\"https:\/\/legitgrams.com\/wp-content\/uploads\/2024\/09\/buy-cheap-th-pvp-crystal-online.jpg\",\"contentUrl\":\"https:\/\/legitgrams.com\/wp-content\/uploads\/2024\/09\/buy-cheap-th-pvp-crystal-online.jpg\",\"width\":600,\"height\":600,\"caption\":\"TH-PVP crystal for Sale\"},{\"@type\":\"BreadcrumbList\",\"@id\":\"https:\/\/legitgrams.com\/product\/cheap-th-pvp-crystal\/#breadcrumb\",\"itemListElement\":[{\"@type\":\"ListItem\",\"position\":1,\"name\":\"Home\",\"item\":\"https:\/\/legitgrams.com\/\"},{\"@type\":\"ListItem\",\"position\":2,\"name\":\"Shop\",\"item\":\"https:\/\/legitgrams.com\/shop\/\"},{\"@type\":\"ListItem\",\"position\":3,\"name\":\"Buy Cheap TH-PVP Crystal Online\"}]},{\"@type\":\"WebSite\",\"@id\":\"https:\/\/legitgrams.com\/#website\",\"url\":\"https:\/\/legitgrams.com\/\",\"name\":\"Legit Grams\",\"description\":\"My WordPress Blog\",\"publisher\":{\"@id\":\"https:\/\/legitgrams.com\/#organization\"},\"potentialAction\":[{\"@type\":\"SearchAction\",\"target\":{\"@type\":\"EntryPoint\",\"urlTemplate\":\"https:\/\/legitgrams.com\/?s={search_term_string}\"},\"query-input\":{\"@type\":\"PropertyValueSpecification\",\"valueRequired\":true,\"valueName\":\"search_term_string\"}}],\"inLanguage\":\"pl-PL\"},{\"@type\":\"Organization\",\"@id\":\"https:\/\/legitgrams.com\/#organization\",\"name\":\"Legit Grams\",\"url\":\"https:\/\/legitgrams.com\/\",\"logo\":{\"@type\":\"ImageObject\",\"inLanguage\":\"pl-PL\",\"@id\":\"https:\/\/legitgrams.com\/#\/schema\/logo\/image\/\",\"url\":\"https:\/\/legitgrams.com\/wp-content\/uploads\/2024\/09\/main-logo.png\",\"contentUrl\":\"https:\/\/legitgrams.com\/wp-content\/uploads\/2024\/09\/main-logo.png\",\"width\":270,\"height\":75,\"caption\":\"Legit Grams\"},\"image\":{\"@id\":\"https:\/\/legitgrams.com\/#\/schema\/logo\/image\/\"}}]}<\/script>\n<!-- \/ Yoast SEO plugin. -->","yoast_head_json":{"title":"TH-PVP Crystal na sprzeda\u017c - Zam\u00f3w TH-PVP Crystal online | LG","description":"Kup kryszta\u0142 TH-PVP na sprzeda\u017c w jednym z najlepszych sklep\u00f3w internetowych Legitgrams. Pomo\u017cemy Ci kupi\u0107 TH-PVP crystal online wysokiej jako\u015bci. Nie zwlekaj ze z\u0142o\u017ceniem zam\u00f3wienia i skorzystaj z najnowszych rabat\u00f3w!","robots":{"index":"index","follow":"follow","max-snippet":"max-snippet:-1","max-image-preview":"max-image-preview:large","max-video-preview":"max-video-preview:-1"},"canonical":"https:\/\/legitgrams.com\/pl\/produkt\/tani-krysztal-pvp\/","og_locale":"pl_PL","og_type":"article","og_title":"TH-PVP Crystal for Sale - Order TH-PVP Crystal Online | LG","og_description":"Get TH-PVP crystal for sale at one of the best online stores Legitgrams. We will help you buy TH-PVP crystal online of high quality. Don't delay to place your order and take advantage of the newest discounts!","og_url":"https:\/\/legitgrams.com\/pl\/produkt\/tani-krysztal-pvp\/","og_site_name":"Legit Grams","article_modified_time":"2025-04-04T11:09:27+00:00","og_image":[{"width":600,"height":600,"url":"https:\/\/legitgrams.com\/wp-content\/uploads\/2024\/09\/buy-cheap-th-pvp-crystal-online.jpg","type":"image\/jpeg"}],"twitter_card":"summary_large_image","twitter_misc":{"Szacowany czas czytania":"2 minuty"},"schema":{"@context":"https:\/\/schema.org","@graph":[{"@type":"WebPage","@id":"https:\/\/legitgrams.com\/product\/cheap-th-pvp-crystal\/","url":"https:\/\/legitgrams.com\/product\/cheap-th-pvp-crystal\/","name":"TH-PVP Crystal na sprzeda\u017c - Zam\u00f3w TH-PVP Crystal online | LG","isPartOf":{"@id":"https:\/\/legitgrams.com\/#website"},"primaryImageOfPage":{"@id":"https:\/\/legitgrams.com\/product\/cheap-th-pvp-crystal\/#primaryimage"},"image":{"@id":"https:\/\/legitgrams.com\/product\/cheap-th-pvp-crystal\/#primaryimage"},"thumbnailUrl":"https:\/\/legitgrams.com\/wp-content\/uploads\/2024\/09\/buy-cheap-th-pvp-crystal-online.jpg","datePublished":"2024-09-21T05:24:42+00:00","dateModified":"2025-04-04T11:09:27+00:00","description":"Kup kryszta\u0142 TH-PVP na sprzeda\u017c w jednym z najlepszych sklep\u00f3w internetowych Legitgrams. Pomo\u017cemy Ci kupi\u0107 TH-PVP crystal online wysokiej jako\u015bci. Nie zwlekaj ze z\u0142o\u017ceniem zam\u00f3wienia i skorzystaj z najnowszych rabat\u00f3w!","breadcrumb":{"@id":"https:\/\/legitgrams.com\/product\/cheap-th-pvp-crystal\/#breadcrumb"},"inLanguage":"pl-PL","potentialAction":[{"@type":"ReadAction","target":["https:\/\/legitgrams.com\/product\/cheap-th-pvp-crystal\/"]}]},{"@type":"ImageObject","inLanguage":"pl-PL","@id":"https:\/\/legitgrams.com\/product\/cheap-th-pvp-crystal\/#primaryimage","url":"https:\/\/legitgrams.com\/wp-content\/uploads\/2024\/09\/buy-cheap-th-pvp-crystal-online.jpg","contentUrl":"https:\/\/legitgrams.com\/wp-content\/uploads\/2024\/09\/buy-cheap-th-pvp-crystal-online.jpg","width":600,"height":600,"caption":"TH-PVP crystal for Sale"},{"@type":"BreadcrumbList","@id":"https:\/\/legitgrams.com\/product\/cheap-th-pvp-crystal\/#breadcrumb","itemListElement":[{"@type":"ListItem","position":1,"name":"Home","item":"https:\/\/legitgrams.com\/"},{"@type":"ListItem","position":2,"name":"Shop","item":"https:\/\/legitgrams.com\/shop\/"},{"@type":"ListItem","position":3,"name":"Buy Cheap TH-PVP Crystal Online"}]},{"@type":"WebSite","@id":"https:\/\/legitgrams.com\/#website","url":"https:\/\/legitgrams.com\/","name":"Legit Grams","description":"M\u00f3j blog WordPress","publisher":{"@id":"https:\/\/legitgrams.com\/#organization"},"potentialAction":[{"@type":"SearchAction","target":{"@type":"EntryPoint","urlTemplate":"https:\/\/legitgrams.com\/?s={search_term_string}"},"query-input":{"@type":"PropertyValueSpecification","valueRequired":true,"valueName":"search_term_string"}}],"inLanguage":"pl-PL"},{"@type":"Organization","@id":"https:\/\/legitgrams.com\/#organization","name":"Legit Grams","url":"https:\/\/legitgrams.com\/","logo":{"@type":"ImageObject","inLanguage":"pl-PL","@id":"https:\/\/legitgrams.com\/#\/schema\/logo\/image\/","url":"https:\/\/legitgrams.com\/wp-content\/uploads\/2024\/09\/main-logo.png","contentUrl":"https:\/\/legitgrams.com\/wp-content\/uploads\/2024\/09\/main-logo.png","width":270,"height":75,"caption":"Legit Grams"},"image":{"@id":"https:\/\/legitgrams.com\/#\/schema\/logo\/image\/"}}]}},"uagb_featured_image_src":{"full":["https:\/\/legitgrams.com\/wp-content\/uploads\/2024\/09\/buy-cheap-th-pvp-crystal-online.jpg",600,600,false],"thumbnail":["https:\/\/legitgrams.com\/wp-content\/uploads\/2024\/09\/buy-cheap-th-pvp-crystal-online-150x150.jpg",150,150,true],"medium":["https:\/\/legitgrams.com\/wp-content\/uploads\/2024\/09\/buy-cheap-th-pvp-crystal-online-300x300.jpg",300,300,true],"medium_large":["https:\/\/legitgrams.com\/wp-content\/uploads\/2024\/09\/buy-cheap-th-pvp-crystal-online.jpg",600,600,false],"large":["https:\/\/legitgrams.com\/wp-content\/uploads\/2024\/09\/buy-cheap-th-pvp-crystal-online.jpg",600,600,false],"1536x1536":["https:\/\/legitgrams.com\/wp-content\/uploads\/2024\/09\/buy-cheap-th-pvp-crystal-online.jpg",600,600,false],"2048x2048":["https:\/\/legitgrams.com\/wp-content\/uploads\/2024\/09\/buy-cheap-th-pvp-crystal-online.jpg",600,600,false],"trp-custom-language-flag":["https:\/\/legitgrams.com\/wp-content\/uploads\/2024\/09\/buy-cheap-th-pvp-crystal-online-12x12.jpg",12,12,true],"woocommerce_thumbnail":["https:\/\/legitgrams.com\/wp-content\/uploads\/2024\/09\/buy-cheap-th-pvp-crystal-online-300x300.jpg",300,300,true],"woocommerce_single":["https:\/\/legitgrams.com\/wp-content\/uploads\/2024\/09\/buy-cheap-th-pvp-crystal-online.jpg",600,600,false],"woocommerce_gallery_thumbnail":["https:\/\/legitgrams.com\/wp-content\/uploads\/2024\/09\/buy-cheap-th-pvp-crystal-online-100x100.jpg",100,100,true]},"uagb_author_info":{"display_name":"cokeblog18","author_link":"https:\/\/legitgrams.com\/pl\/author\/"},"uagb_comment_info":0,"uagb_excerpt":"For Sale: TH-PVP crystal Purchase the TH-PVP online from what is perhaps the world&#8217;s best office shipping company.TH-PVP functions similarly to a-PVP as an energizer. The paucity of information now available considerably expands the scope of research on this chemical. We are regarded as the top supplier of Chinese TH-PVP and the best TH-PVP Reddit&hellip;","_links":{"self":[{"href":"https:\/\/legitgrams.com\/pl\/wp-json\/wp\/v2\/product\/3964","targetHints":{"allow":["GET"]}}],"collection":[{"href":"https:\/\/legitgrams.com\/pl\/wp-json\/wp\/v2\/product"}],"about":[{"href":"https:\/\/legitgrams.com\/pl\/wp-json\/wp\/v2\/types\/product"}],"replies":[{"embeddable":true,"href":"https:\/\/legitgrams.com\/pl\/wp-json\/wp\/v2\/comments?post=3964"}],"wp:featuredmedia":[{"embeddable":true,"href":"https:\/\/legitgrams.com\/pl\/wp-json\/wp\/v2\/media\/5270"}],"wp:attachment":[{"href":"https:\/\/legitgrams.com\/pl\/wp-json\/wp\/v2\/media?parent=3964"}],"wp:term":[{"taxonomy":"product_brand","embeddable":true,"href":"https:\/\/legitgrams.com\/pl\/wp-json\/wp\/v2\/product_brand?post=3964"},{"taxonomy":"product_cat","embeddable":true,"href":"https:\/\/legitgrams.com\/pl\/wp-json\/wp\/v2\/product_cat?post=3964"},{"taxonomy":"product_tag","embeddable":true,"href":"https:\/\/legitgrams.com\/pl\/wp-json\/wp\/v2\/product_tag?post=3964"}],"curies":[{"name":"wp","href":"https:\/\/api.w.org\/{rel}","templated":true}]}}