{"id":3965,"date":"2024-09-21T05:32:35","date_gmt":"2024-09-21T05:32:35","guid":{"rendered":"https:\/\/legitgrams.com\/?post_type=product&#038;p=3965"},"modified":"2026-02-14T22:23:57","modified_gmt":"2026-02-14T22:23:57","slug":"krystaliczna-metamfetamina","status":"publish","type":"product","link":"https:\/\/legitgrams.com\/pl\/produkt\/krystaliczna-metamfetamina\/","title":{"rendered":"Kup Crystal Meth (metamfetamin\u0119) online"},"content":{"rendered":"<h2>Na sprzeda\u017c: Crystal Meth (metamfetamina)<\/h2>\n<p>Najlepsze miejsce do zakupu szk\u0142a. <a href=\"https:\/\/legitgrams.com\/pl\/produkt\/krystaliczna-metamfetamina\/\">Krystaliczna metamfetamina<\/a> is currently available for purchase online, and it will be delivered the next day. Nearly <a href=\"https:\/\/www.bing.com\/search?q=KupCrystalMeth(metamfetamin)online&amp;qs=n&amp;form=QBRE&amp;sp=-1&amp;lq=0&amp;pq=kupcrystalmeth(metamfetamin)online&amp;sc=0-39&amp;sk=&amp;cvid=70FB90582662460997BC236B859115B1&amp;ghsh=0&amp;ghacc=0&amp;ghpl=\">100% pure crystal methamphetamine<\/a> jest najnowsz\u0105 lub naj\u015bwie\u017csz\u0105 odmian\u0105. Nie ma zapachu i mo\u017cna j\u0105 pali\u0107 przez szklane fajki. Badania wskazuj\u0105, \u017ce jest nie tylko bardziej uzale\u017cniaj\u0105ca ni\u017c crack i <a href=\"https:\/\/www.bing.com\/search?q=KupCrystalMeth(metamfetamin)online&amp;qs=n&amp;form=QBRE&amp;sp=-1&amp;lq=0&amp;pq=kupcrystalmeth(metamfetamin)online&amp;sc=0-39&amp;sk=&amp;cvid=70FB90582662460997BC236B859115B1&amp;ghsh=0&amp;ghacc=0&amp;ghpl=\">kokaina<\/a>, ale tak\u00e9 smrteln\u011bj\u0161\u00ed. Jeho \u00fa\u010dinky na syst\u00e9m mohou trvat \u010dty\u0159i a\u017e \u010dtrn\u00e1ct hodin, v z\u00e1vislosti na jednotlivci. B\u011bhem tohoto obdob\u00ed ku\u0159\u00e1ci z\u00edsk\u00e1vaj\u00ed siln\u00fd metalov\u00fd n\u00e1val a fyzickou bla\u017eenost. P\u0159\u00edjemn\u00fd pocit. T\u011b\u017ek\u00fd zkrat na druhou stranu zp\u016fsob\u00ed extr\u00e9mn\u00ed obavy, beznad\u011bj a nakonec \u00fanavu.<\/p>\n<h3>Na sprzeda\u017c: Crystal Meth (metamfetamina)<\/h3>\n<p>Najlepsze miejsce na zakup szk\u0142a. Kryszta\u0142owa metamfetamina jest obecnie dost\u0119pna do kupienia online i zostanie dostarczona nast\u0119pnego dnia. Prawie 100% czystego kryszta\u0142u <a href=\"https:\/\/en.wikipedia.org\/wiki\/Methamphetamine\">metamfetamina<\/a> jest najnowsz\u0105 lub naj\u015bwie\u017csz\u0105 odmian\u0105. Nie ma zapachu i mo\u017cna j\u0105 pali\u0107 przez szklane fajki. Badania wskazuj\u0105, \u017ce jest nie tylko bardziej uzale\u017cniaj\u0105ca ni\u017c crack i kokaina, ale tak\u017ce bardziej zab\u00f3jcza. Jej dzia\u0142anie na organizm mo\u017ce trwa\u0107 od czterech do czternastu godzin, w zale\u017cno\u015bci od osoby. W tym czasie palacze odczuwaj\u0105 silne metaliczne uderzenie i fizyczn\u0105 b\u0142ogo\u015b\u0107. Przyjemne uczucie. Ci\u0119\u017ckie kr\u00f3tkie, z drugiej strony, spowoduje skrajny niepok\u00f3j, beznadziej\u0119 i ostatecznie zm\u0119czenie.<\/p>\n<p>However,<a href=\"https:\/\/www.google.com\/search?q=Crystal+Meth+(Methamphetamine)&amp;rlz=1C1RXQR_enIN1098IN1098&amp;oq=Crystal+Meth+(Methamphetamine)&amp;gs_lcrp=EgZjaHJvbWUyBggAEEUYOTIGCAEQRRg9MgYIAhBFGDzSAQkxMDIwajBqMTWoAgiwAgHxBVXlq-LJol72&amp;sourceid=chrome&amp;ie=UTF-8\"> metamfetamina<\/a> mo\u017cna uzyska\u0107 bez innych nazw ulicznych, w tym salt, rock, LA glass, super ice lub hot ice. Sprzedaj\u0105 tu r\u00f3wnie\u017c ketamin\u0119. Krystaliczna ketamina HCL jest obecnie r\u00f3wnie\u017c w rozs\u0105dnej cenie.<\/p>\n<p>Sprzeda\u017c kryszta\u0142owej metamfetaminy jest powszechna w Internecie. Jednak je\u015bli chcesz kupi\u0107 czyst\u0105 metamfetamin\u0119, musisz zna\u0107 swoich sprzedawc\u00f3w. Opr\u00f3cz czysto\u015bci, jak bezpieczna jest ta procedura? Czy naprawd\u0119 my\u015blisz, \u017ce twoje g\u00f3wno dotrze? Dlatego jeste\u015bmy najlepsi. dostarczaj\u0105c numery \u015bledzenia i gwarancje zwrotu pieni\u0119dzy dla ka\u017cdej przesy\u0142ki. Pakuj i dyskretnie dostarczaj do skrzynek pocztowych, na ulice i adresy mieszkalne. Sprzeda\u017c kryszta\u0142owej metamfetaminy online: Kup kryszta\u0142ow\u0105 metamfetamin\u0119 online. Metamfetamina: Kup kryszta\u0142ow\u0105 metamfetamin\u0119 (metamfetamin\u0119) online, Acquista 4-MEC, Kup kryszta\u0142ow\u0105 metamfetamin\u0119 i Kup kryszta\u0142ow\u0105 metamfetamin\u0119. <a href=\"https:\/\/legitgrams.com\/pl\/\">LegitGrams<\/a><\/p>\n<p><a href=\"https:\/\/duckduckgo.com\/?q=Crystal+Meth+(Methamphetamine)&amp;t=h_&amp;ia=web\">Kup kryszta\u0142 metamfetaminy<\/a>, znany r\u00f3wnie\u017c jako metamfetamina, online po obni\u017conej cenie, kup metamfetamin\u0119, zam\u00f3w metamfetamin\u0119 online, kup metamfetamin\u0119 na sprzeda\u017c, znajd\u017a lokalizacje metamfetaminy i kup chemikalia badawcze online. Kup kryszta\u0142ow\u0105 metamfetamin\u0119, gdzie kupi\u0107 kryszta\u0142ow\u0105 metamfetamin\u0119, zam\u00f3w kryszta\u0142ow\u0105 metamfetamin\u0119 online, kup, kup, bezpiecznie, online, metamfetamina, metamfetamina, kryszta\u0142, proszek lub dowolna kombinacja tych<\/p>","protected":false},"excerpt":{"rendered":"<p>For Sale: Crystal Meth (Methamphetamine) The greatest place to buy glass. Crystal meth is currently available for purchase online, and it will be delivered the next day. Nearly 100% pure crystal methamphetamine is the most recent or freshest variety. It has no smell and can be smoked through glass pipes. Research indicates that it is &hellip;<\/p>\n<p class=\"read-more\"> <a class=\"\" href=\"https:\/\/legitgrams.com\/pl\/produkt\/krystaliczna-metamfetamina\/\"> <span class=\"screen-reader-text\">Kup Crystal Meth (metamfetamin\u0119) online<\/span> Czytaj wi\u0119cej \"<\/a><\/p>","protected":false},"featured_media":5273,"comment_status":"open","ping_status":"closed","template":"","meta":{"_uag_custom_page_level_css":"","site-sidebar-layout":"default","site-content-layout":"default","ast-global-header-display":"","ast-main-header-display":"","ast-hfb-above-header-display":"","ast-hfb-below-header-display":"","ast-hfb-mobile-header-display":"","site-post-title":"","ast-breadcrumbs-content":"","ast-featured-img":"","footer-sml-layout":"","theme-transparent-header-meta":"default","adv-header-id-meta":"","stick-header-meta":"default","header-above-stick-meta":"","header-main-stick-meta":"","header-below-stick-meta":"","_joinchat":[]},"product_brand":[],"product_cat":[600],"product_tag":[3406,3396,617,3388,3403,3387,3391,3390,3398,3389,3399,3401,3408,3409,3407,3404,3400,3395,3393,3405,3402,625,3394,3397,3392],"class_list":{"0":"post-3965","1":"product","2":"type-product","3":"status-publish","4":"has-post-thumbnail","6":"product_cat-research-chemicals-and-bath-salt","7":"product_tag-best-cheap-price-crystal-meth-methamphetamine","8":"product_tag-best-place-to-buy-crystal-meth-methamphetamine","9":"product_tag-bulk-online","10":"product_tag-buy-crystal-meth-methamphetamine","11":"product_tag-cheap-crystal-meth-methamphetamine","12":"product_tag-crystal-meth-methamphetamine","13":"product_tag-crystal-meth-methamphetamine-crystal-meth-methamphetamine-supplier","14":"product_tag-crystal-meth-methamphetamine-for-sale","15":"product_tag-crystal-meth-methamphetamine-legally","16":"product_tag-crystal-meth-methamphetamine-online","17":"product_tag-crystal-meth-methamphetamine-price","18":"product_tag-crystal-meth-methamphetamine-store","19":"product_tag-crystal-meth-methamphetamine-use","20":"product_tag-crystal-meth-methamphetamine-wiki","21":"product_tag-crystal-meth-methamphetamine-worldwide","22":"product_tag-crystal-meth-methamphetamines","23":"product_tag-high-quality-crystal-meth-methamphetamine","24":"product_tag-how-to-buy-crystal-meth-methamphetamine","25":"product_tag-order-crystal-meth-methamphetamine","26":"product_tag-purcharse-crystal-meth-methamphetamine","27":"product_tag-shop-crystal-meth-methamphetamine","28":"product_tag-top-quality","29":"product_tag-where-to-buy-crystal-meth-methamphetamine","30":"product_tag-where-to-order-crystal-meth-methamphetamine","31":"product_tag-wholesale-crystal-meth-methamphetamine","32":"desktop-align-left","33":"tablet-align-left","34":"mobile-align-left","35":"ast-product-gallery-layout-horizontal","36":"ast-product-gallery-with-no-image","37":"ast-product-single-variable","38":"ast-product-tabs-layout-horizontal","39":"ast-qv-on-image","41":"first","42":"instock","43":"shipping-taxable","44":"purchasable","45":"product-type-variable"},"yoast_head":"<!-- This site is optimized with the Yoast SEO plugin v25.9 - https:\/\/yoast.com\/wordpress\/plugins\/seo\/ -->\n<title>Crystal Meth for Sale - Buy Crystal Meth Online | LegitGrams<\/title>\n<meta name=\"description\" content=\"Explore our online store for Crystal Meth for sale, offering high-quality Crystal Meth. Buy Crystal Meth online securely and embark on your research journey with confidence.\" \/>\n<meta name=\"robots\" content=\"index, follow, max-snippet:-1, max-image-preview:large, max-video-preview:-1\" \/>\n<link rel=\"canonical\" href=\"https:\/\/legitgrams.com\/pl\/produkt\/krystaliczna-metamfetamina\/\" \/>\n<meta property=\"og:locale\" content=\"pl_PL\" \/>\n<meta property=\"og:type\" content=\"article\" \/>\n<meta property=\"og:title\" content=\"Crystal Meth for Sale - Buy Crystal Meth Online | LegitGrams\" \/>\n<meta property=\"og:description\" content=\"Explore our online store for Crystal Meth for sale, offering high-quality Crystal Meth. Buy Crystal Meth online securely and embark on your research journey with confidence.\" \/>\n<meta property=\"og:url\" content=\"https:\/\/legitgrams.com\/pl\/produkt\/krystaliczna-metamfetamina\/\" \/>\n<meta property=\"og:site_name\" content=\"Legit Grams\" \/>\n<meta property=\"article:modified_time\" content=\"2026-02-14T22:23:57+00:00\" \/>\n<meta property=\"og:image\" content=\"https:\/\/legitgrams.com\/wp-content\/uploads\/2024\/09\/Buy-Crystal-Meth-Online.jpg\" \/>\n\t<meta property=\"og:image:width\" content=\"600\" \/>\n\t<meta property=\"og:image:height\" content=\"600\" \/>\n\t<meta property=\"og:image:type\" content=\"image\/jpeg\" \/>\n<meta name=\"twitter:card\" content=\"summary_large_image\" \/>\n<meta name=\"twitter:label1\" content=\"Szacowany czas czytania\" \/>\n\t<meta name=\"twitter:data1\" content=\"2 minuty\" \/>\n<script type=\"application\/ld+json\" class=\"yoast-schema-graph\">{\"@context\":\"https:\/\/schema.org\",\"@graph\":[{\"@type\":\"WebPage\",\"@id\":\"https:\/\/legitgrams.com\/product\/crystal-meth-methamphetamine\/\",\"url\":\"https:\/\/legitgrams.com\/product\/crystal-meth-methamphetamine\/\",\"name\":\"Crystal Meth for Sale - Buy Crystal Meth Online | LegitGrams\",\"isPartOf\":{\"@id\":\"https:\/\/legitgrams.com\/#website\"},\"primaryImageOfPage\":{\"@id\":\"https:\/\/legitgrams.com\/product\/crystal-meth-methamphetamine\/#primaryimage\"},\"image\":{\"@id\":\"https:\/\/legitgrams.com\/product\/crystal-meth-methamphetamine\/#primaryimage\"},\"thumbnailUrl\":\"https:\/\/legitgrams.com\/wp-content\/uploads\/2024\/09\/Buy-Crystal-Meth-Online.jpg\",\"datePublished\":\"2024-09-21T05:32:35+00:00\",\"dateModified\":\"2026-02-14T22:23:57+00:00\",\"description\":\"Explore our online store for Crystal Meth for sale, offering high-quality Crystal Meth. Buy Crystal Meth online securely and embark on your research journey with confidence.\",\"breadcrumb\":{\"@id\":\"https:\/\/legitgrams.com\/product\/crystal-meth-methamphetamine\/#breadcrumb\"},\"inLanguage\":\"pl-PL\",\"potentialAction\":[{\"@type\":\"ReadAction\",\"target\":[\"https:\/\/legitgrams.com\/product\/crystal-meth-methamphetamine\/\"]}]},{\"@type\":\"ImageObject\",\"inLanguage\":\"pl-PL\",\"@id\":\"https:\/\/legitgrams.com\/product\/crystal-meth-methamphetamine\/#primaryimage\",\"url\":\"https:\/\/legitgrams.com\/wp-content\/uploads\/2024\/09\/Buy-Crystal-Meth-Online.jpg\",\"contentUrl\":\"https:\/\/legitgrams.com\/wp-content\/uploads\/2024\/09\/Buy-Crystal-Meth-Online.jpg\",\"width\":600,\"height\":600,\"caption\":\"Crystal Meth (Methamphetamine) for Sale\"},{\"@type\":\"BreadcrumbList\",\"@id\":\"https:\/\/legitgrams.com\/product\/crystal-meth-methamphetamine\/#breadcrumb\",\"itemListElement\":[{\"@type\":\"ListItem\",\"position\":1,\"name\":\"Home\",\"item\":\"https:\/\/legitgrams.com\/\"},{\"@type\":\"ListItem\",\"position\":2,\"name\":\"Shop\",\"item\":\"https:\/\/legitgrams.com\/shop\/\"},{\"@type\":\"ListItem\",\"position\":3,\"name\":\"Buy Crystal Meth (Methamphetamine) Online\"}]},{\"@type\":\"WebSite\",\"@id\":\"https:\/\/legitgrams.com\/#website\",\"url\":\"https:\/\/legitgrams.com\/\",\"name\":\"Legit Grams\",\"description\":\"My WordPress Blog\",\"publisher\":{\"@id\":\"https:\/\/legitgrams.com\/#organization\"},\"potentialAction\":[{\"@type\":\"SearchAction\",\"target\":{\"@type\":\"EntryPoint\",\"urlTemplate\":\"https:\/\/legitgrams.com\/?s={search_term_string}\"},\"query-input\":{\"@type\":\"PropertyValueSpecification\",\"valueRequired\":true,\"valueName\":\"search_term_string\"}}],\"inLanguage\":\"pl-PL\"},{\"@type\":\"Organization\",\"@id\":\"https:\/\/legitgrams.com\/#organization\",\"name\":\"Legit Grams\",\"url\":\"https:\/\/legitgrams.com\/\",\"logo\":{\"@type\":\"ImageObject\",\"inLanguage\":\"pl-PL\",\"@id\":\"https:\/\/legitgrams.com\/#\/schema\/logo\/image\/\",\"url\":\"https:\/\/legitgrams.com\/wp-content\/uploads\/2024\/09\/main-logo.png\",\"contentUrl\":\"https:\/\/legitgrams.com\/wp-content\/uploads\/2024\/09\/main-logo.png\",\"width\":270,\"height\":75,\"caption\":\"Legit Grams\"},\"image\":{\"@id\":\"https:\/\/legitgrams.com\/#\/schema\/logo\/image\/\"}}]}<\/script>\n<!-- \/ Yoast SEO plugin. -->","yoast_head_json":{"title":"Crystal Meth na sprzeda\u017c - Kup Crystal Meth online | LegitGrams","description":"Odkryj nasz sklep internetowy dla Crystal Meth na sprzeda\u017c, oferuj\u0105cy wysokiej jako\u015bci Crystal Meth. Kupuj Crystal Meth bezpiecznie online i wyrusz w swoj\u0105 podr\u00f3\u017c badawcz\u0105 z pewno\u015bci\u0105.","robots":{"index":"index","follow":"follow","max-snippet":"max-snippet:-1","max-image-preview":"max-image-preview:large","max-video-preview":"max-video-preview:-1"},"canonical":"https:\/\/legitgrams.com\/pl\/produkt\/krystaliczna-metamfetamina\/","og_locale":"pl_PL","og_type":"article","og_title":"Crystal Meth for Sale - Buy Crystal Meth Online | LegitGrams","og_description":"Explore our online store for Crystal Meth for sale, offering high-quality Crystal Meth. Buy Crystal Meth online securely and embark on your research journey with confidence.","og_url":"https:\/\/legitgrams.com\/pl\/produkt\/krystaliczna-metamfetamina\/","og_site_name":"Legit Grams","article_modified_time":"2026-02-14T22:23:57+00:00","og_image":[{"width":600,"height":600,"url":"https:\/\/legitgrams.com\/wp-content\/uploads\/2024\/09\/Buy-Crystal-Meth-Online.jpg","type":"image\/jpeg"}],"twitter_card":"summary_large_image","twitter_misc":{"Szacowany czas czytania":"2 minuty"},"schema":{"@context":"https:\/\/schema.org","@graph":[{"@type":"WebPage","@id":"https:\/\/legitgrams.com\/product\/crystal-meth-methamphetamine\/","url":"https:\/\/legitgrams.com\/product\/crystal-meth-methamphetamine\/","name":"Crystal Meth na sprzeda\u017c - Kup Crystal Meth online | LegitGrams","isPartOf":{"@id":"https:\/\/legitgrams.com\/#website"},"primaryImageOfPage":{"@id":"https:\/\/legitgrams.com\/product\/crystal-meth-methamphetamine\/#primaryimage"},"image":{"@id":"https:\/\/legitgrams.com\/product\/crystal-meth-methamphetamine\/#primaryimage"},"thumbnailUrl":"https:\/\/legitgrams.com\/wp-content\/uploads\/2024\/09\/Buy-Crystal-Meth-Online.jpg","datePublished":"2024-09-21T05:32:35+00:00","dateModified":"2026-02-14T22:23:57+00:00","description":"Odkryj nasz sklep internetowy dla Crystal Meth na sprzeda\u017c, oferuj\u0105cy wysokiej jako\u015bci Crystal Meth. Kupuj Crystal Meth bezpiecznie online i wyrusz w swoj\u0105 podr\u00f3\u017c badawcz\u0105 z pewno\u015bci\u0105.","breadcrumb":{"@id":"https:\/\/legitgrams.com\/product\/crystal-meth-methamphetamine\/#breadcrumb"},"inLanguage":"pl-PL","potentialAction":[{"@type":"ReadAction","target":["https:\/\/legitgrams.com\/product\/crystal-meth-methamphetamine\/"]}]},{"@type":"ImageObject","inLanguage":"pl-PL","@id":"https:\/\/legitgrams.com\/product\/crystal-meth-methamphetamine\/#primaryimage","url":"https:\/\/legitgrams.com\/wp-content\/uploads\/2024\/09\/Buy-Crystal-Meth-Online.jpg","contentUrl":"https:\/\/legitgrams.com\/wp-content\/uploads\/2024\/09\/Buy-Crystal-Meth-Online.jpg","width":600,"height":600,"caption":"Crystal Meth (Methamphetamine) for Sale"},{"@type":"BreadcrumbList","@id":"https:\/\/legitgrams.com\/product\/crystal-meth-methamphetamine\/#breadcrumb","itemListElement":[{"@type":"ListItem","position":1,"name":"Home","item":"https:\/\/legitgrams.com\/"},{"@type":"ListItem","position":2,"name":"Shop","item":"https:\/\/legitgrams.com\/shop\/"},{"@type":"ListItem","position":3,"name":"Buy Crystal Meth (Methamphetamine) Online"}]},{"@type":"WebSite","@id":"https:\/\/legitgrams.com\/#website","url":"https:\/\/legitgrams.com\/","name":"Legit Grams","description":"M\u00f3j blog WordPress","publisher":{"@id":"https:\/\/legitgrams.com\/#organization"},"potentialAction":[{"@type":"SearchAction","target":{"@type":"EntryPoint","urlTemplate":"https:\/\/legitgrams.com\/?s={search_term_string}"},"query-input":{"@type":"PropertyValueSpecification","valueRequired":true,"valueName":"search_term_string"}}],"inLanguage":"pl-PL"},{"@type":"Organization","@id":"https:\/\/legitgrams.com\/#organization","name":"Legit Grams","url":"https:\/\/legitgrams.com\/","logo":{"@type":"ImageObject","inLanguage":"pl-PL","@id":"https:\/\/legitgrams.com\/#\/schema\/logo\/image\/","url":"https:\/\/legitgrams.com\/wp-content\/uploads\/2024\/09\/main-logo.png","contentUrl":"https:\/\/legitgrams.com\/wp-content\/uploads\/2024\/09\/main-logo.png","width":270,"height":75,"caption":"Legit Grams"},"image":{"@id":"https:\/\/legitgrams.com\/#\/schema\/logo\/image\/"}}]}},"uagb_featured_image_src":{"full":["https:\/\/legitgrams.com\/wp-content\/uploads\/2024\/09\/Buy-Crystal-Meth-Online.jpg",600,600,false],"thumbnail":["https:\/\/legitgrams.com\/wp-content\/uploads\/2024\/09\/Buy-Crystal-Meth-Online-150x150.jpg",150,150,true],"medium":["https:\/\/legitgrams.com\/wp-content\/uploads\/2024\/09\/Buy-Crystal-Meth-Online-300x300.jpg",300,300,true],"medium_large":["https:\/\/legitgrams.com\/wp-content\/uploads\/2024\/09\/Buy-Crystal-Meth-Online.jpg",600,600,false],"large":["https:\/\/legitgrams.com\/wp-content\/uploads\/2024\/09\/Buy-Crystal-Meth-Online.jpg",600,600,false],"1536x1536":["https:\/\/legitgrams.com\/wp-content\/uploads\/2024\/09\/Buy-Crystal-Meth-Online.jpg",600,600,false],"2048x2048":["https:\/\/legitgrams.com\/wp-content\/uploads\/2024\/09\/Buy-Crystal-Meth-Online.jpg",600,600,false],"trp-custom-language-flag":["https:\/\/legitgrams.com\/wp-content\/uploads\/2024\/09\/Buy-Crystal-Meth-Online-12x12.jpg",12,12,true],"woocommerce_thumbnail":["https:\/\/legitgrams.com\/wp-content\/uploads\/2024\/09\/Buy-Crystal-Meth-Online-300x300.jpg",300,300,true],"woocommerce_single":["https:\/\/legitgrams.com\/wp-content\/uploads\/2024\/09\/Buy-Crystal-Meth-Online.jpg",600,600,false],"woocommerce_gallery_thumbnail":["https:\/\/legitgrams.com\/wp-content\/uploads\/2024\/09\/Buy-Crystal-Meth-Online-100x100.jpg",100,100,true]},"uagb_author_info":{"display_name":"cokeblog18","author_link":"https:\/\/legitgrams.com\/pl\/author\/"},"uagb_comment_info":1,"uagb_excerpt":"For Sale: Crystal Meth (Methamphetamine) The greatest place to buy glass. Crystal meth is currently available for purchase online, and it will be delivered the next day. Nearly 100% pure crystal methamphetamine is the most recent or freshest variety. It has no smell and can be smoked through glass pipes. Research indicates that it is&hellip;","_links":{"self":[{"href":"https:\/\/legitgrams.com\/pl\/wp-json\/wp\/v2\/product\/3965","targetHints":{"allow":["GET"]}}],"collection":[{"href":"https:\/\/legitgrams.com\/pl\/wp-json\/wp\/v2\/product"}],"about":[{"href":"https:\/\/legitgrams.com\/pl\/wp-json\/wp\/v2\/types\/product"}],"replies":[{"embeddable":true,"href":"https:\/\/legitgrams.com\/pl\/wp-json\/wp\/v2\/comments?post=3965"}],"wp:featuredmedia":[{"embeddable":true,"href":"https:\/\/legitgrams.com\/pl\/wp-json\/wp\/v2\/media\/5273"}],"wp:attachment":[{"href":"https:\/\/legitgrams.com\/pl\/wp-json\/wp\/v2\/media?parent=3965"}],"wp:term":[{"taxonomy":"product_brand","embeddable":true,"href":"https:\/\/legitgrams.com\/pl\/wp-json\/wp\/v2\/product_brand?post=3965"},{"taxonomy":"product_cat","embeddable":true,"href":"https:\/\/legitgrams.com\/pl\/wp-json\/wp\/v2\/product_cat?post=3965"},{"taxonomy":"product_tag","embeddable":true,"href":"https:\/\/legitgrams.com\/pl\/wp-json\/wp\/v2\/product_tag?post=3965"}],"curies":[{"name":"wp","href":"https:\/\/api.w.org\/{rel}","templated":true}]}}