{"id":3981,"date":"2024-09-21T06:18:41","date_gmt":"2024-09-21T06:18:41","guid":{"rendered":"https:\/\/legitgrams.com\/?post_type=product&#038;p=3981"},"modified":"2025-01-11T09:01:31","modified_gmt":"2025-01-11T09:01:31","slug":"2-mppp","status":"publish","type":"product","link":"https:\/\/legitgrams.com\/pl\/produkt\/2-mppp\/","title":{"rendered":"2-MPPP"},"content":{"rendered":"<h2>Proszek 2-MPPP na sprzeda\u017c | Kup online<\/h2>\n<p>Kup 2-MPPP online; 2-MPPP jest obecnie dost\u0119pny w sprzeda\u017cy w Europie.<\/p>\n<p><a href=\"https:\/\/legitgrams.com\/pl\/produkt\/2-mppp\/\">Uzyskaj 2-MPPP online<\/a> (2-metylo-1-fenylo-3-(piperydyno-1-yl). Zwi\u0105zek chemiczny -propan-1-on, kt\u00f3ry strukturalnie pochodzi od 2-aminopropan-1-onu, zawiera azot w trzeciej pozycji wi\u0105zania w\u0119glowego. W\u0142a\u015bciwo\u015bci fizjologiczne i toksykologiczne tych zwi\u0105zk\u00f3w nie zosta\u0142y zatem zbadane.<\/p>\n<p>Kup 2-MPPP online \u2013 kup MPPP, kup 2-MPPP, kup MPPP online, Gdzie kupi\u0107 2-MPPP, odczynnik badawczy MPPP na sprzeda\u017c, proszek 2-MPPP na sprzeda\u017c i gdzie kupi\u0107 2-MPPP online w swojej okolicy Gdzie kupi\u0107 2-MPPP, 2-MPPP na sprzeda\u017c w USA, Kanadzie i Wielkiej Brytanii, Bezpieczna dostawa, Zakup online, Dostawcy, <a href=\"https:\/\/en.wikipedia.org\/wiki\/Desmethylprodine\">2-MPPP<\/a> jest nadal dost\u0119pny. Czy 2-MPPP mo\u017cna zam\u00f3wi\u0107 online? Czy 2-MPPP jest dozwolone w USA? Czy 2-MPPP jest dost\u0119pne online? Czy 2-MPPP jest dozwolone w Kanadzie?<\/p>","protected":false},"excerpt":{"rendered":"<p>2-MPPP Powder for Sale | Purchase Online Purchase 2-MPPP online; 2-MPPP is currently available for purchase in Europe. Get 2-MPPP online (2-Methyl-1-phenyl-3-(piperidine-1-yl). The chemical -propan-1-one, which is structurally derived from 2-aminopropan-1-one, contains nitrogen at the third bonded carbon position. The physiological and toxicological properties of these compounds have thus not been studied. Buy 2-MPPP online &hellip;<\/p>\n<p class=\"read-more\"> <a class=\"\" href=\"https:\/\/legitgrams.com\/pl\/produkt\/2-mppp\/\"> <span class=\"screen-reader-text\">2-MPPP<\/span> Czytaj wi\u0119cej \"<\/a><\/p>","protected":false},"featured_media":5249,"comment_status":"open","ping_status":"closed","template":"","meta":{"_uag_custom_page_level_css":"","site-sidebar-layout":"default","site-content-layout":"default","ast-global-header-display":"","ast-main-header-display":"","ast-hfb-above-header-display":"","ast-hfb-below-header-display":"","ast-hfb-mobile-header-display":"","site-post-title":"","ast-breadcrumbs-content":"","ast-featured-img":"","footer-sml-layout":"","theme-transparent-header-meta":"default","adv-header-id-meta":"","stick-header-meta":"default","header-above-stick-meta":"","header-main-stick-meta":"","header-below-stick-meta":"","_joinchat":[]},"product_brand":[],"product_cat":[600],"product_tag":[3249,3253,3252,3260,3251,3261,3263,3270,3271,3269,3266,3268,3258,617,3250,3265,3262,3257,3255,3267,3264,625,3256,3259,3254],"class_list":{"0":"post-3981","1":"product","2":"type-product","3":"status-publish","4":"has-post-thumbnail","6":"product_cat-research-chemicals-and-bath-salt","7":"product_tag-2-mppp","8":"product_tag-2-mppp-2-mppp-supplier","9":"product_tag-2-mppp-for-sale","10":"product_tag-2-mppp-legally","11":"product_tag-2-mppp-online","12":"product_tag-2-mppp-price","13":"product_tag-2-mppp-store","14":"product_tag-2-mppp-use","15":"product_tag-2-mppp-wiki","16":"product_tag-2-mppp-worldwide","17":"product_tag-2-mppps","18":"product_tag-best-cheap-price-2-mppp","19":"product_tag-best-place-to-buy-2-mppp","20":"product_tag-bulk-online","21":"product_tag-buy-2-mppp","22":"product_tag-cheap-2-mppp","23":"product_tag-high-quality-2-mppp","24":"product_tag-how-to-buy-2-mppp","25":"product_tag-order-2-mppp","26":"product_tag-purcharse-2-mppp","27":"product_tag-shop-2-mppp","28":"product_tag-top-quality","29":"product_tag-where-to-buy-2-mppp","30":"product_tag-where-to-order-2-mppp","31":"product_tag-wholesale-2-mppp","32":"desktop-align-left","33":"tablet-align-left","34":"mobile-align-left","35":"ast-product-gallery-layout-horizontal","36":"ast-product-gallery-with-no-image","37":"ast-product-single-variable","38":"ast-product-tabs-layout-horizontal","39":"ast-qv-on-image","41":"first","42":"instock","43":"shipping-taxable","44":"purchasable","45":"product-type-variable"},"yoast_head":"<!-- This site is optimized with the Yoast SEO plugin v25.9 - https:\/\/yoast.com\/wordpress\/plugins\/seo\/ -->\n<title>2-MPPP Powder for Sale - Order 2-MPPP Online - Buy 2-MPPP<\/title>\n<meta name=\"description\" content=\"It is the best time to visit our online store and buy 2-MPPP online. We have high-quality 2-MPPP Powder for sale here at most affordable price. Order Today!\" \/>\n<meta name=\"robots\" content=\"index, follow, max-snippet:-1, max-image-preview:large, max-video-preview:-1\" \/>\n<link rel=\"canonical\" href=\"https:\/\/legitgrams.com\/pl\/produkt\/2-mppp\/\" \/>\n<meta property=\"og:locale\" content=\"pl_PL\" \/>\n<meta property=\"og:type\" content=\"article\" \/>\n<meta property=\"og:title\" content=\"2-MPPP Powder for Sale - Order 2-MPPP Online - Buy 2-MPPP\" \/>\n<meta property=\"og:description\" content=\"It is the best time to visit our online store and buy 2-MPPP online. We have high-quality 2-MPPP Powder for sale here at most affordable price. Order Today!\" \/>\n<meta property=\"og:url\" content=\"https:\/\/legitgrams.com\/pl\/produkt\/2-mppp\/\" \/>\n<meta property=\"og:site_name\" content=\"Legit Grams\" \/>\n<meta property=\"article:modified_time\" content=\"2025-01-11T09:01:31+00:00\" \/>\n<meta property=\"og:image\" content=\"https:\/\/legitgrams.com\/wp-content\/uploads\/2024\/09\/2mppp.jpg\" \/>\n\t<meta property=\"og:image:width\" content=\"600\" \/>\n\t<meta property=\"og:image:height\" content=\"600\" \/>\n\t<meta property=\"og:image:type\" content=\"image\/jpeg\" \/>\n<meta name=\"twitter:card\" content=\"summary_large_image\" \/>\n<meta name=\"twitter:label1\" content=\"Szacowany czas czytania\" \/>\n\t<meta name=\"twitter:data1\" content=\"1 minuta\" \/>\n<script type=\"application\/ld+json\" class=\"yoast-schema-graph\">{\"@context\":\"https:\/\/schema.org\",\"@graph\":[{\"@type\":\"WebPage\",\"@id\":\"https:\/\/legitgrams.com\/product\/2-mppp\/\",\"url\":\"https:\/\/legitgrams.com\/product\/2-mppp\/\",\"name\":\"2-MPPP Powder for Sale - Order 2-MPPP Online - Buy 2-MPPP\",\"isPartOf\":{\"@id\":\"https:\/\/legitgrams.com\/#website\"},\"primaryImageOfPage\":{\"@id\":\"https:\/\/legitgrams.com\/product\/2-mppp\/#primaryimage\"},\"image\":{\"@id\":\"https:\/\/legitgrams.com\/product\/2-mppp\/#primaryimage\"},\"thumbnailUrl\":\"https:\/\/legitgrams.com\/wp-content\/uploads\/2024\/09\/2mppp.jpg\",\"datePublished\":\"2024-09-21T06:18:41+00:00\",\"dateModified\":\"2025-01-11T09:01:31+00:00\",\"description\":\"It is the best time to visit our online store and buy 2-MPPP online. We have high-quality 2-MPPP Powder for sale here at most affordable price. Order Today!\",\"breadcrumb\":{\"@id\":\"https:\/\/legitgrams.com\/product\/2-mppp\/#breadcrumb\"},\"inLanguage\":\"pl-PL\",\"potentialAction\":[{\"@type\":\"ReadAction\",\"target\":[\"https:\/\/legitgrams.com\/product\/2-mppp\/\"]}]},{\"@type\":\"ImageObject\",\"inLanguage\":\"pl-PL\",\"@id\":\"https:\/\/legitgrams.com\/product\/2-mppp\/#primaryimage\",\"url\":\"https:\/\/legitgrams.com\/wp-content\/uploads\/2024\/09\/2mppp.jpg\",\"contentUrl\":\"https:\/\/legitgrams.com\/wp-content\/uploads\/2024\/09\/2mppp.jpg\",\"width\":600,\"height\":600,\"caption\":\"2-MPPP for Sale\"},{\"@type\":\"BreadcrumbList\",\"@id\":\"https:\/\/legitgrams.com\/product\/2-mppp\/#breadcrumb\",\"itemListElement\":[{\"@type\":\"ListItem\",\"position\":1,\"name\":\"Home\",\"item\":\"https:\/\/legitgrams.com\/\"},{\"@type\":\"ListItem\",\"position\":2,\"name\":\"Shop\",\"item\":\"https:\/\/legitgrams.com\/shop\/\"},{\"@type\":\"ListItem\",\"position\":3,\"name\":\"2-MPPP\"}]},{\"@type\":\"WebSite\",\"@id\":\"https:\/\/legitgrams.com\/#website\",\"url\":\"https:\/\/legitgrams.com\/\",\"name\":\"Legit Grams\",\"description\":\"My WordPress Blog\",\"publisher\":{\"@id\":\"https:\/\/legitgrams.com\/#organization\"},\"potentialAction\":[{\"@type\":\"SearchAction\",\"target\":{\"@type\":\"EntryPoint\",\"urlTemplate\":\"https:\/\/legitgrams.com\/?s={search_term_string}\"},\"query-input\":{\"@type\":\"PropertyValueSpecification\",\"valueRequired\":true,\"valueName\":\"search_term_string\"}}],\"inLanguage\":\"pl-PL\"},{\"@type\":\"Organization\",\"@id\":\"https:\/\/legitgrams.com\/#organization\",\"name\":\"Legit Grams\",\"url\":\"https:\/\/legitgrams.com\/\",\"logo\":{\"@type\":\"ImageObject\",\"inLanguage\":\"pl-PL\",\"@id\":\"https:\/\/legitgrams.com\/#\/schema\/logo\/image\/\",\"url\":\"https:\/\/legitgrams.com\/wp-content\/uploads\/2024\/09\/main-logo.png\",\"contentUrl\":\"https:\/\/legitgrams.com\/wp-content\/uploads\/2024\/09\/main-logo.png\",\"width\":270,\"height\":75,\"caption\":\"Legit Grams\"},\"image\":{\"@id\":\"https:\/\/legitgrams.com\/#\/schema\/logo\/image\/\"}}]}<\/script>\n<!-- \/ Yoast SEO plugin. -->","yoast_head_json":{"title":"2-MPPP w proszku na sprzeda\u017c - Zam\u00f3w 2-MPPP online - Kup 2-MPPP","description":"To najlepszy czas, aby odwiedzi\u0107 nasz sklep internetowy i kupi\u0107 2-MPPP online. Mamy wysokiej jako\u015bci 2-MPPP Powder na sprzeda\u017c tutaj w najbardziej przyst\u0119pnej cenie. Zam\u00f3w ju\u017c dzi\u015b!","robots":{"index":"index","follow":"follow","max-snippet":"max-snippet:-1","max-image-preview":"max-image-preview:large","max-video-preview":"max-video-preview:-1"},"canonical":"https:\/\/legitgrams.com\/pl\/produkt\/2-mppp\/","og_locale":"pl_PL","og_type":"article","og_title":"2-MPPP Powder for Sale - Order 2-MPPP Online - Buy 2-MPPP","og_description":"It is the best time to visit our online store and buy 2-MPPP online. We have high-quality 2-MPPP Powder for sale here at most affordable price. Order Today!","og_url":"https:\/\/legitgrams.com\/pl\/produkt\/2-mppp\/","og_site_name":"Legit Grams","article_modified_time":"2025-01-11T09:01:31+00:00","og_image":[{"width":600,"height":600,"url":"https:\/\/legitgrams.com\/wp-content\/uploads\/2024\/09\/2mppp.jpg","type":"image\/jpeg"}],"twitter_card":"summary_large_image","twitter_misc":{"Szacowany czas czytania":"1 minuta"},"schema":{"@context":"https:\/\/schema.org","@graph":[{"@type":"WebPage","@id":"https:\/\/legitgrams.com\/product\/2-mppp\/","url":"https:\/\/legitgrams.com\/product\/2-mppp\/","name":"2-MPPP w proszku na sprzeda\u017c - Zam\u00f3w 2-MPPP online - Kup 2-MPPP","isPartOf":{"@id":"https:\/\/legitgrams.com\/#website"},"primaryImageOfPage":{"@id":"https:\/\/legitgrams.com\/product\/2-mppp\/#primaryimage"},"image":{"@id":"https:\/\/legitgrams.com\/product\/2-mppp\/#primaryimage"},"thumbnailUrl":"https:\/\/legitgrams.com\/wp-content\/uploads\/2024\/09\/2mppp.jpg","datePublished":"2024-09-21T06:18:41+00:00","dateModified":"2025-01-11T09:01:31+00:00","description":"To najlepszy czas, aby odwiedzi\u0107 nasz sklep internetowy i kupi\u0107 2-MPPP online. Mamy wysokiej jako\u015bci 2-MPPP Powder na sprzeda\u017c tutaj w najbardziej przyst\u0119pnej cenie. Zam\u00f3w ju\u017c dzi\u015b!","breadcrumb":{"@id":"https:\/\/legitgrams.com\/product\/2-mppp\/#breadcrumb"},"inLanguage":"pl-PL","potentialAction":[{"@type":"ReadAction","target":["https:\/\/legitgrams.com\/product\/2-mppp\/"]}]},{"@type":"ImageObject","inLanguage":"pl-PL","@id":"https:\/\/legitgrams.com\/product\/2-mppp\/#primaryimage","url":"https:\/\/legitgrams.com\/wp-content\/uploads\/2024\/09\/2mppp.jpg","contentUrl":"https:\/\/legitgrams.com\/wp-content\/uploads\/2024\/09\/2mppp.jpg","width":600,"height":600,"caption":"2-MPPP for Sale"},{"@type":"BreadcrumbList","@id":"https:\/\/legitgrams.com\/product\/2-mppp\/#breadcrumb","itemListElement":[{"@type":"ListItem","position":1,"name":"Home","item":"https:\/\/legitgrams.com\/"},{"@type":"ListItem","position":2,"name":"Shop","item":"https:\/\/legitgrams.com\/shop\/"},{"@type":"ListItem","position":3,"name":"2-MPPP"}]},{"@type":"WebSite","@id":"https:\/\/legitgrams.com\/#website","url":"https:\/\/legitgrams.com\/","name":"Legit Grams","description":"M\u00f3j blog WordPress","publisher":{"@id":"https:\/\/legitgrams.com\/#organization"},"potentialAction":[{"@type":"SearchAction","target":{"@type":"EntryPoint","urlTemplate":"https:\/\/legitgrams.com\/?s={search_term_string}"},"query-input":{"@type":"PropertyValueSpecification","valueRequired":true,"valueName":"search_term_string"}}],"inLanguage":"pl-PL"},{"@type":"Organization","@id":"https:\/\/legitgrams.com\/#organization","name":"Legit Grams","url":"https:\/\/legitgrams.com\/","logo":{"@type":"ImageObject","inLanguage":"pl-PL","@id":"https:\/\/legitgrams.com\/#\/schema\/logo\/image\/","url":"https:\/\/legitgrams.com\/wp-content\/uploads\/2024\/09\/main-logo.png","contentUrl":"https:\/\/legitgrams.com\/wp-content\/uploads\/2024\/09\/main-logo.png","width":270,"height":75,"caption":"Legit Grams"},"image":{"@id":"https:\/\/legitgrams.com\/#\/schema\/logo\/image\/"}}]}},"uagb_featured_image_src":{"full":["https:\/\/legitgrams.com\/wp-content\/uploads\/2024\/09\/2mppp.jpg",600,600,false],"thumbnail":["https:\/\/legitgrams.com\/wp-content\/uploads\/2024\/09\/2mppp-150x150.jpg",150,150,true],"medium":["https:\/\/legitgrams.com\/wp-content\/uploads\/2024\/09\/2mppp-300x300.jpg",300,300,true],"medium_large":["https:\/\/legitgrams.com\/wp-content\/uploads\/2024\/09\/2mppp.jpg",600,600,false],"large":["https:\/\/legitgrams.com\/wp-content\/uploads\/2024\/09\/2mppp.jpg",600,600,false],"1536x1536":["https:\/\/legitgrams.com\/wp-content\/uploads\/2024\/09\/2mppp.jpg",600,600,false],"2048x2048":["https:\/\/legitgrams.com\/wp-content\/uploads\/2024\/09\/2mppp.jpg",600,600,false],"trp-custom-language-flag":["https:\/\/legitgrams.com\/wp-content\/uploads\/2024\/09\/2mppp-12x12.jpg",12,12,true],"woocommerce_thumbnail":["https:\/\/legitgrams.com\/wp-content\/uploads\/2024\/09\/2mppp-300x300.jpg",300,300,true],"woocommerce_single":["https:\/\/legitgrams.com\/wp-content\/uploads\/2024\/09\/2mppp.jpg",600,600,false],"woocommerce_gallery_thumbnail":["https:\/\/legitgrams.com\/wp-content\/uploads\/2024\/09\/2mppp-100x100.jpg",100,100,true]},"uagb_author_info":{"display_name":"cokeblog18","author_link":"https:\/\/legitgrams.com\/pl\/author\/"},"uagb_comment_info":0,"uagb_excerpt":"2-MPPP Powder for Sale | Purchase Online Purchase 2-MPPP online; 2-MPPP is currently available for purchase in Europe. Get 2-MPPP online (2-Methyl-1-phenyl-3-(piperidine-1-yl). The chemical -propan-1-one, which is structurally derived from 2-aminopropan-1-one, contains nitrogen at the third bonded carbon position. The physiological and toxicological properties of these compounds have thus not been studied. Buy 2-MPPP online&hellip;","_links":{"self":[{"href":"https:\/\/legitgrams.com\/pl\/wp-json\/wp\/v2\/product\/3981","targetHints":{"allow":["GET"]}}],"collection":[{"href":"https:\/\/legitgrams.com\/pl\/wp-json\/wp\/v2\/product"}],"about":[{"href":"https:\/\/legitgrams.com\/pl\/wp-json\/wp\/v2\/types\/product"}],"replies":[{"embeddable":true,"href":"https:\/\/legitgrams.com\/pl\/wp-json\/wp\/v2\/comments?post=3981"}],"wp:featuredmedia":[{"embeddable":true,"href":"https:\/\/legitgrams.com\/pl\/wp-json\/wp\/v2\/media\/5249"}],"wp:attachment":[{"href":"https:\/\/legitgrams.com\/pl\/wp-json\/wp\/v2\/media?parent=3981"}],"wp:term":[{"taxonomy":"product_brand","embeddable":true,"href":"https:\/\/legitgrams.com\/pl\/wp-json\/wp\/v2\/product_brand?post=3981"},{"taxonomy":"product_cat","embeddable":true,"href":"https:\/\/legitgrams.com\/pl\/wp-json\/wp\/v2\/product_cat?post=3981"},{"taxonomy":"product_tag","embeddable":true,"href":"https:\/\/legitgrams.com\/pl\/wp-json\/wp\/v2\/product_tag?post=3981"}],"curies":[{"name":"wp","href":"https:\/\/api.w.org\/{rel}","templated":true}]}}