{"id":3985,"date":"2024-09-21T06:51:37","date_gmt":"2024-09-21T06:51:37","guid":{"rendered":"https:\/\/legitgrams.com\/?post_type=product&#038;p=3985"},"modified":"2025-01-11T11:05:10","modified_gmt":"2025-01-11T11:05:10","slug":"4-fa-proszku-1-uncja-czystej","status":"publish","type":"product","link":"https:\/\/legitgrams.com\/pl\/produkt\/4-fa-proszku-1-uncja-czystej\/","title":{"rendered":"4-FA Powder 1 oz Pure"},"content":{"rendered":"<h2>Proszek 4-FA dost\u0119pny w sprzeda\u017cy<\/h2>\n<p><a href=\"https:\/\/legitgrams.com\/pl\/produkt\/4-fa-proszku-1-uncja-czystej\/\">4-FA (4-fluoramfetamina)<\/a>, lek przypominaj\u0105cy amfetamin\u0119, jest od niedawna dost\u0119pny w sprzeda\u017cy w Holandii. W latach 2007-2009 jego g\u0142\u00f3wnymi formami by\u0142y speed lub MDMA. Ze wzgl\u0119du na niedob\u00f3r surowc\u00f3w dla tych specjalist\u00f3w w tamtym czasie, 4-FA by\u0142 stosowany jako specjalista od ci\u0119cia. W ka\u017cdym razie od 2010 roku sprzedawcy detaliczni stopniowo promowali 4-FA jako 4-FA, co wskazuje, \u017ce klienci uwa\u017caj\u0105 go za \u201elek z wyboru\u201d.<\/p>\n<p><a href=\"https:\/\/en.wikipedia.org\/wiki\/4-Fluoroamphetamine\">4-FA<\/a> jest r\u00f3wnie\u017c znany jako Flux, 4-FMP, 4-Fluor, 4-Flava i 4-F. Ten narkotyk jest klasyfikowany jako nowa substancja psychoaktywna (NPS). S\u0105 to nowo opracowane substancje chemiczne, kt\u00f3re ostatnio sta\u0142y si\u0119 dost\u0119pne zamiast bardziej tradycyjnych nielegalnych narkotyk\u00f3w. NPS s\u0105 r\u00f3wnie\u017c znane jako syntetyki badawcze lub oryginalne leki. Niewielka zmiana obecnej struktury chemicznej powoduje zmian\u0119 nomenklatury substancji; w zwi\u0105zku z tym nie jest ona ju\u017c chroniona przez ustaw\u0119 o opium i jest zakazana. Utrudnia to zatrzymanie w\u0142asno\u015bci, transakcji i tworzenia. <a href=\"https:\/\/en.wikipedia.org\/\">LegitGrams<\/a><\/p>\n<p>Dwie najpopularniejsze formy 4-FA to proszek i pigu\u0142ki. Forma dawkowania 4-FA to podawanie doustne. Konsumenci mog\u0105 rozpu\u015bci\u0107 w napoju lub umie\u015bci\u0107 proszek w pojemniku lub ruchomym papierze (bombie). R\u00f3\u017cnice mi\u0119dzy pojemnikami 4-FA, proszkami 4-FA i pigu\u0142kami 4-FA s\u0105 minimalne.<\/p>\n<p>Pojemniki s\u0105 wykonane z wielu materia\u0142\u00f3w i mog\u0105 by\u0107 proste lub kolorowe pojemniki mog\u0105 by\u0107 wykonane z nudnego lub atrakcyjnego materia\u0142u i mog\u0105 by\u0107 proste lub kolorowe. Pojemnik mo\u017ce by\u0107 wype\u0142niony kilkoma chemikaliami. 4-FA, wraz z innymi substancjami, takimi jak amfetamina (speed), MDMA, kawa lub w og\u00f3le niczym. Niekt\u00f3re rzeczy z inteligentnych sklep\u00f3w s\u0105 r\u00f3wnie\u017c w pojemnikach. Pojemniki s\u0105 cz\u0119sto umieszczane w worku, a opakowanie identyfikuje, co jest w \u015brodku. Klienci mog\u0105 u\u017cy\u0107 wagi miligramowej, aby zmierzy\u0107 dok\u0142adn\u0105 ilo\u015b\u0107, je\u015bli sami nape\u0142ni\u0105 pojemnik. 4-fa kup online.<\/p>\n<p>Pojemniki s\u0105 wykonane z wielu materia\u0142\u00f3w i mog\u0105 by\u0107 proste lub kolorowe pojemniki mog\u0105 by\u0107 wykonane z nudnego lub atrakcyjnego materia\u0142u i mog\u0105 by\u0107 proste lub kolorowe. Pojemnik mo\u017ce by\u0107 wype\u0142niony kilkoma chemikaliami. 4-FA, wraz z innymi substancjami, takimi jak amfetamina (speed), MDMA, kawa lub w og\u00f3le niczym. Niekt\u00f3re rzeczy z inteligentnych sklep\u00f3w s\u0105 r\u00f3wnie\u017c w pojemnikach. Pojemniki s\u0105 cz\u0119sto umieszczane w worku, a opakowanie identyfikuje, co jest w \u015brodku. Klienci mog\u0105 u\u017cy\u0107 wagi miligramowej, aby zmierzy\u0107 dok\u0142adn\u0105 ilo\u015b\u0107, je\u015bli sami nape\u0142ni\u0105 pojemnik. 4-fa kup online.<\/p>\n<p>W\u015bciek\u0142y, dok\u0142adny, odpowiedni i ostro\u017cny<\/p>\n<p>Szcz\u0119\u015bliwy, szcz\u0119\u015bliwy i ol\u015bniewaj\u0105cy<\/p>\n<p>silne poczucie w\u0142\u0105czenia<\/p>\n<p>Pot\u0119\u017cne uczucie dotyku i d\u017awi\u0119ku<\/p>\n<p>silne pragnienie blisko\u015bci, interakcji i komunikacji<\/p>\n<p>Kup 1 uncj\u0119 czystego proszku 4-FA online w cenach dyskontowych Mo\u017cesz kupi\u0107 1 uncj\u0119 czystego, kupi\u0107 proszek 4-FA 1 uncj\u0119 czystego w pobli\u017cu i dowiedzie\u0107 si\u0119, gdzie kupi\u0107 go online. Proszek 4-FA 1 uncja czystego: gdzie kupi\u0107 4-FA Powder 1 uncja czystego online w tym momencie kup, 4-FA Powder 1 uncja czystego, 4-FA Powder 1 uncja czystego dost\u0119pny do zakupu w USA Zam\u00f3w 4-FA Powder 1 uncja czystego online, kup 4-FA Powder 1 uncja czystego online, dostawcy, bezpieczna wysy\u0142ka, USA, Kanada, Wielka Brytania, Jest jeszcze szansa, aby Jak mog\u0119 zam\u00f3wi\u0107 1 uncj\u0119 czystego proszku 4-FA? Czy 1 uncja czystego proszku 4-FA jest legalna w USA? Czy mo\u017cna kupi\u0107 1 uncj\u0119 czystego proszku 4-FA online?<\/p>","protected":false},"excerpt":{"rendered":"<p>4-FA Powder Available for Purchase 4-FA (4-fluoramphetamine), a medication that resembles amphetamine, has just lately been available for purchase in the Netherlands. From 2007 to 2009, its main forms were speed or MDMA. Due to a shortage of raw materials for these specialists at the time, 4-FA was utilized as a cutting specialist. At any &hellip;<\/p>\n<p class=\"read-more\"> <a class=\"\" href=\"https:\/\/legitgrams.com\/pl\/produkt\/4-fa-proszku-1-uncja-czystej\/\"> <span class=\"screen-reader-text\">4-FA Powder 1 oz Pure<\/span> Czytaj wi\u0119cej \"<\/a><\/p>","protected":false},"featured_media":5259,"comment_status":"open","ping_status":"closed","template":"","meta":{"_uag_custom_page_level_css":"","site-sidebar-layout":"default","site-content-layout":"default","ast-global-header-display":"","ast-main-header-display":"","ast-hfb-above-header-display":"","ast-hfb-below-header-display":"","ast-hfb-mobile-header-display":"","site-post-title":"","ast-breadcrumbs-content":"","ast-featured-img":"","footer-sml-layout":"","theme-transparent-header-meta":"default","adv-header-id-meta":"","stick-header-meta":"default","header-above-stick-meta":"","header-main-stick-meta":"","header-below-stick-meta":"","_joinchat":[]},"product_brand":[],"product_cat":[600],"product_tag":[3157,3161,3160,3168,3159,3169,3171,3178,3179,3177,3174,3176,3166,617,3158,3173,3170,3165,3163,3175,3172,625,3164,3167,3162],"class_list":{"0":"post-3985","1":"product","2":"type-product","3":"status-publish","4":"has-post-thumbnail","6":"product_cat-research-chemicals-and-bath-salt","7":"product_tag-4-fa-powder-1-oz-pure","8":"product_tag-4-fa-powder-1-oz-pure-4-fa-powder-1-oz-pure-supplier","9":"product_tag-4-fa-powder-1-oz-pure-for-sale","10":"product_tag-4-fa-powder-1-oz-pure-legally","11":"product_tag-4-fa-powder-1-oz-pure-online","12":"product_tag-4-fa-powder-1-oz-pure-price","13":"product_tag-4-fa-powder-1-oz-pure-store","14":"product_tag-4-fa-powder-1-oz-pure-use","15":"product_tag-4-fa-powder-1-oz-pure-wiki","16":"product_tag-4-fa-powder-1-oz-pure-worldwide","17":"product_tag-4-fa-powder-1-oz-pures","18":"product_tag-best-cheap-price-4-fa-powder-1-oz-pure","19":"product_tag-best-place-to-buy-4-fa-powder-1-oz-pure","20":"product_tag-bulk-online","21":"product_tag-buy-4-fa-powder-1-oz-pure","22":"product_tag-cheap-4-fa-powder-1-oz-pure","23":"product_tag-high-quality-4-fa-powder-1-oz-pure","24":"product_tag-how-to-buy-4-fa-powder-1-oz-pure","25":"product_tag-order-4-fa-powder-1-oz-pure","26":"product_tag-purcharse-4-fa-powder-1-oz-pure","27":"product_tag-shop-4-fa-powder-1-oz-pure","28":"product_tag-top-quality","29":"product_tag-where-to-buy-4-fa-powder-1-oz-pure","30":"product_tag-where-to-order-4-fa-powder-1-oz-pure","31":"product_tag-wholesale-4-fa-powder-1-oz-pure","32":"desktop-align-left","33":"tablet-align-left","34":"mobile-align-left","35":"ast-product-gallery-layout-horizontal","36":"ast-product-gallery-with-no-image","37":"ast-product-single-variable","38":"ast-product-tabs-layout-horizontal","39":"ast-qv-on-image","41":"first","42":"instock","43":"shipping-taxable","44":"purchasable","45":"product-type-variable"},"yoast_head":"<!-- This site is optimized with the Yoast SEO plugin v25.9 - https:\/\/yoast.com\/wordpress\/plugins\/seo\/ -->\n<title>4-FA Powder for Sale - Order 4-FA Online with Fast Shipping<\/title>\n<meta name=\"description\" content=\"If you are looking to buy 4-FA powder online, LegitGrams.com is the best place to order 4-FA online, 4-FA for sale, and 4-FA online at the best price.\" \/>\n<meta name=\"robots\" content=\"index, follow, max-snippet:-1, max-image-preview:large, max-video-preview:-1\" \/>\n<link rel=\"canonical\" href=\"https:\/\/legitgrams.com\/pl\/produkt\/4-fa-proszku-1-uncja-czystej\/\" \/>\n<meta property=\"og:locale\" content=\"pl_PL\" \/>\n<meta property=\"og:type\" content=\"article\" \/>\n<meta property=\"og:title\" content=\"4-FA Powder for Sale - Order 4-FA Online with Fast Shipping\" \/>\n<meta property=\"og:description\" content=\"If you are looking to buy 4-FA powder online, LegitGrams.com is the best place to order 4-FA online, 4-FA for sale, and 4-FA online at the best price.\" \/>\n<meta property=\"og:url\" content=\"https:\/\/legitgrams.com\/pl\/produkt\/4-fa-proszku-1-uncja-czystej\/\" \/>\n<meta property=\"og:site_name\" content=\"Legit Grams\" \/>\n<meta property=\"article:modified_time\" content=\"2025-01-11T11:05:10+00:00\" \/>\n<meta property=\"og:image\" content=\"https:\/\/legitgrams.com\/wp-content\/uploads\/2024\/09\/buy-4-fa-powder-1-oz-pure-online-cheap.jpg\" \/>\n\t<meta property=\"og:image:width\" content=\"600\" \/>\n\t<meta property=\"og:image:height\" content=\"600\" \/>\n\t<meta property=\"og:image:type\" content=\"image\/jpeg\" \/>\n<meta name=\"twitter:card\" content=\"summary_large_image\" \/>\n<meta name=\"twitter:label1\" content=\"Szacowany czas czytania\" \/>\n\t<meta name=\"twitter:data1\" content=\"3 minuty\" \/>\n<script type=\"application\/ld+json\" class=\"yoast-schema-graph\">{\"@context\":\"https:\/\/schema.org\",\"@graph\":[{\"@type\":\"WebPage\",\"@id\":\"https:\/\/legitgrams.com\/product\/4-fa-powder-1-oz-pure\/\",\"url\":\"https:\/\/legitgrams.com\/product\/4-fa-powder-1-oz-pure\/\",\"name\":\"4-FA Powder for Sale - Order 4-FA Online with Fast Shipping\",\"isPartOf\":{\"@id\":\"https:\/\/legitgrams.com\/#website\"},\"primaryImageOfPage\":{\"@id\":\"https:\/\/legitgrams.com\/product\/4-fa-powder-1-oz-pure\/#primaryimage\"},\"image\":{\"@id\":\"https:\/\/legitgrams.com\/product\/4-fa-powder-1-oz-pure\/#primaryimage\"},\"thumbnailUrl\":\"https:\/\/legitgrams.com\/wp-content\/uploads\/2024\/09\/buy-4-fa-powder-1-oz-pure-online-cheap.jpg\",\"datePublished\":\"2024-09-21T06:51:37+00:00\",\"dateModified\":\"2025-01-11T11:05:10+00:00\",\"description\":\"If you are looking to buy 4-FA powder online, LegitGrams.com is the best place to order 4-FA online, 4-FA for sale, and 4-FA online at the best price.\",\"breadcrumb\":{\"@id\":\"https:\/\/legitgrams.com\/product\/4-fa-powder-1-oz-pure\/#breadcrumb\"},\"inLanguage\":\"pl-PL\",\"potentialAction\":[{\"@type\":\"ReadAction\",\"target\":[\"https:\/\/legitgrams.com\/product\/4-fa-powder-1-oz-pure\/\"]}]},{\"@type\":\"ImageObject\",\"inLanguage\":\"pl-PL\",\"@id\":\"https:\/\/legitgrams.com\/product\/4-fa-powder-1-oz-pure\/#primaryimage\",\"url\":\"https:\/\/legitgrams.com\/wp-content\/uploads\/2024\/09\/buy-4-fa-powder-1-oz-pure-online-cheap.jpg\",\"contentUrl\":\"https:\/\/legitgrams.com\/wp-content\/uploads\/2024\/09\/buy-4-fa-powder-1-oz-pure-online-cheap.jpg\",\"width\":600,\"height\":600,\"caption\":\"4-FA Powder for Sale\"},{\"@type\":\"BreadcrumbList\",\"@id\":\"https:\/\/legitgrams.com\/product\/4-fa-powder-1-oz-pure\/#breadcrumb\",\"itemListElement\":[{\"@type\":\"ListItem\",\"position\":1,\"name\":\"Home\",\"item\":\"https:\/\/legitgrams.com\/\"},{\"@type\":\"ListItem\",\"position\":2,\"name\":\"Shop\",\"item\":\"https:\/\/legitgrams.com\/shop\/\"},{\"@type\":\"ListItem\",\"position\":3,\"name\":\"4-FA Powder 1 oz Pure\"}]},{\"@type\":\"WebSite\",\"@id\":\"https:\/\/legitgrams.com\/#website\",\"url\":\"https:\/\/legitgrams.com\/\",\"name\":\"Legit Grams\",\"description\":\"My WordPress Blog\",\"publisher\":{\"@id\":\"https:\/\/legitgrams.com\/#organization\"},\"potentialAction\":[{\"@type\":\"SearchAction\",\"target\":{\"@type\":\"EntryPoint\",\"urlTemplate\":\"https:\/\/legitgrams.com\/?s={search_term_string}\"},\"query-input\":{\"@type\":\"PropertyValueSpecification\",\"valueRequired\":true,\"valueName\":\"search_term_string\"}}],\"inLanguage\":\"pl-PL\"},{\"@type\":\"Organization\",\"@id\":\"https:\/\/legitgrams.com\/#organization\",\"name\":\"Legit Grams\",\"url\":\"https:\/\/legitgrams.com\/\",\"logo\":{\"@type\":\"ImageObject\",\"inLanguage\":\"pl-PL\",\"@id\":\"https:\/\/legitgrams.com\/#\/schema\/logo\/image\/\",\"url\":\"https:\/\/legitgrams.com\/wp-content\/uploads\/2024\/09\/main-logo.png\",\"contentUrl\":\"https:\/\/legitgrams.com\/wp-content\/uploads\/2024\/09\/main-logo.png\",\"width\":270,\"height\":75,\"caption\":\"Legit Grams\"},\"image\":{\"@id\":\"https:\/\/legitgrams.com\/#\/schema\/logo\/image\/\"}}]}<\/script>\n<!-- \/ Yoast SEO plugin. -->","yoast_head_json":{"title":"4-FA Powder na sprzeda\u017c - Zam\u00f3w 4-FA online z szybk\u0105 wysy\u0142k\u0105","description":"Je\u015bli chcesz kupi\u0107 proszek 4-FA online, LegitGrams.com to najlepsze miejsce, aby zam\u00f3wi\u0107 4-FA online, 4-FA na sprzeda\u017c i 4-FA online w najlepszej cenie.","robots":{"index":"index","follow":"follow","max-snippet":"max-snippet:-1","max-image-preview":"max-image-preview:large","max-video-preview":"max-video-preview:-1"},"canonical":"https:\/\/legitgrams.com\/pl\/produkt\/4-fa-proszku-1-uncja-czystej\/","og_locale":"pl_PL","og_type":"article","og_title":"4-FA Powder for Sale - Order 4-FA Online with Fast Shipping","og_description":"If you are looking to buy 4-FA powder online, LegitGrams.com is the best place to order 4-FA online, 4-FA for sale, and 4-FA online at the best price.","og_url":"https:\/\/legitgrams.com\/pl\/produkt\/4-fa-proszku-1-uncja-czystej\/","og_site_name":"Legit Grams","article_modified_time":"2025-01-11T11:05:10+00:00","og_image":[{"width":600,"height":600,"url":"https:\/\/legitgrams.com\/wp-content\/uploads\/2024\/09\/buy-4-fa-powder-1-oz-pure-online-cheap.jpg","type":"image\/jpeg"}],"twitter_card":"summary_large_image","twitter_misc":{"Szacowany czas czytania":"3 minuty"},"schema":{"@context":"https:\/\/schema.org","@graph":[{"@type":"WebPage","@id":"https:\/\/legitgrams.com\/product\/4-fa-powder-1-oz-pure\/","url":"https:\/\/legitgrams.com\/product\/4-fa-powder-1-oz-pure\/","name":"4-FA Powder na sprzeda\u017c - Zam\u00f3w 4-FA online z szybk\u0105 wysy\u0142k\u0105","isPartOf":{"@id":"https:\/\/legitgrams.com\/#website"},"primaryImageOfPage":{"@id":"https:\/\/legitgrams.com\/product\/4-fa-powder-1-oz-pure\/#primaryimage"},"image":{"@id":"https:\/\/legitgrams.com\/product\/4-fa-powder-1-oz-pure\/#primaryimage"},"thumbnailUrl":"https:\/\/legitgrams.com\/wp-content\/uploads\/2024\/09\/buy-4-fa-powder-1-oz-pure-online-cheap.jpg","datePublished":"2024-09-21T06:51:37+00:00","dateModified":"2025-01-11T11:05:10+00:00","description":"Je\u015bli chcesz kupi\u0107 proszek 4-FA online, LegitGrams.com to najlepsze miejsce, aby zam\u00f3wi\u0107 4-FA online, 4-FA na sprzeda\u017c i 4-FA online w najlepszej cenie.","breadcrumb":{"@id":"https:\/\/legitgrams.com\/product\/4-fa-powder-1-oz-pure\/#breadcrumb"},"inLanguage":"pl-PL","potentialAction":[{"@type":"ReadAction","target":["https:\/\/legitgrams.com\/product\/4-fa-powder-1-oz-pure\/"]}]},{"@type":"ImageObject","inLanguage":"pl-PL","@id":"https:\/\/legitgrams.com\/product\/4-fa-powder-1-oz-pure\/#primaryimage","url":"https:\/\/legitgrams.com\/wp-content\/uploads\/2024\/09\/buy-4-fa-powder-1-oz-pure-online-cheap.jpg","contentUrl":"https:\/\/legitgrams.com\/wp-content\/uploads\/2024\/09\/buy-4-fa-powder-1-oz-pure-online-cheap.jpg","width":600,"height":600,"caption":"4-FA Powder for Sale"},{"@type":"BreadcrumbList","@id":"https:\/\/legitgrams.com\/product\/4-fa-powder-1-oz-pure\/#breadcrumb","itemListElement":[{"@type":"ListItem","position":1,"name":"Home","item":"https:\/\/legitgrams.com\/"},{"@type":"ListItem","position":2,"name":"Shop","item":"https:\/\/legitgrams.com\/shop\/"},{"@type":"ListItem","position":3,"name":"4-FA Powder 1 oz Pure"}]},{"@type":"WebSite","@id":"https:\/\/legitgrams.com\/#website","url":"https:\/\/legitgrams.com\/","name":"Legit Grams","description":"M\u00f3j blog WordPress","publisher":{"@id":"https:\/\/legitgrams.com\/#organization"},"potentialAction":[{"@type":"SearchAction","target":{"@type":"EntryPoint","urlTemplate":"https:\/\/legitgrams.com\/?s={search_term_string}"},"query-input":{"@type":"PropertyValueSpecification","valueRequired":true,"valueName":"search_term_string"}}],"inLanguage":"pl-PL"},{"@type":"Organization","@id":"https:\/\/legitgrams.com\/#organization","name":"Legit Grams","url":"https:\/\/legitgrams.com\/","logo":{"@type":"ImageObject","inLanguage":"pl-PL","@id":"https:\/\/legitgrams.com\/#\/schema\/logo\/image\/","url":"https:\/\/legitgrams.com\/wp-content\/uploads\/2024\/09\/main-logo.png","contentUrl":"https:\/\/legitgrams.com\/wp-content\/uploads\/2024\/09\/main-logo.png","width":270,"height":75,"caption":"Legit Grams"},"image":{"@id":"https:\/\/legitgrams.com\/#\/schema\/logo\/image\/"}}]}},"uagb_featured_image_src":{"full":["https:\/\/legitgrams.com\/wp-content\/uploads\/2024\/09\/buy-4-fa-powder-1-oz-pure-online-cheap.jpg",600,600,false],"thumbnail":["https:\/\/legitgrams.com\/wp-content\/uploads\/2024\/09\/buy-4-fa-powder-1-oz-pure-online-cheap-150x150.jpg",150,150,true],"medium":["https:\/\/legitgrams.com\/wp-content\/uploads\/2024\/09\/buy-4-fa-powder-1-oz-pure-online-cheap-300x300.jpg",300,300,true],"medium_large":["https:\/\/legitgrams.com\/wp-content\/uploads\/2024\/09\/buy-4-fa-powder-1-oz-pure-online-cheap.jpg",600,600,false],"large":["https:\/\/legitgrams.com\/wp-content\/uploads\/2024\/09\/buy-4-fa-powder-1-oz-pure-online-cheap.jpg",600,600,false],"1536x1536":["https:\/\/legitgrams.com\/wp-content\/uploads\/2024\/09\/buy-4-fa-powder-1-oz-pure-online-cheap.jpg",600,600,false],"2048x2048":["https:\/\/legitgrams.com\/wp-content\/uploads\/2024\/09\/buy-4-fa-powder-1-oz-pure-online-cheap.jpg",600,600,false],"trp-custom-language-flag":["https:\/\/legitgrams.com\/wp-content\/uploads\/2024\/09\/buy-4-fa-powder-1-oz-pure-online-cheap-12x12.jpg",12,12,true],"woocommerce_thumbnail":["https:\/\/legitgrams.com\/wp-content\/uploads\/2024\/09\/buy-4-fa-powder-1-oz-pure-online-cheap-300x300.jpg",300,300,true],"woocommerce_single":["https:\/\/legitgrams.com\/wp-content\/uploads\/2024\/09\/buy-4-fa-powder-1-oz-pure-online-cheap.jpg",600,600,false],"woocommerce_gallery_thumbnail":["https:\/\/legitgrams.com\/wp-content\/uploads\/2024\/09\/buy-4-fa-powder-1-oz-pure-online-cheap-100x100.jpg",100,100,true]},"uagb_author_info":{"display_name":"cokeblog18","author_link":"https:\/\/legitgrams.com\/pl\/author\/"},"uagb_comment_info":0,"uagb_excerpt":"4-FA Powder Available for Purchase 4-FA (4-fluoramphetamine), a medication that resembles amphetamine, has just lately been available for purchase in the Netherlands. From 2007 to 2009, its main forms were speed or MDMA. Due to a shortage of raw materials for these specialists at the time, 4-FA was utilized as a cutting specialist. At any&hellip;","_links":{"self":[{"href":"https:\/\/legitgrams.com\/pl\/wp-json\/wp\/v2\/product\/3985","targetHints":{"allow":["GET"]}}],"collection":[{"href":"https:\/\/legitgrams.com\/pl\/wp-json\/wp\/v2\/product"}],"about":[{"href":"https:\/\/legitgrams.com\/pl\/wp-json\/wp\/v2\/types\/product"}],"replies":[{"embeddable":true,"href":"https:\/\/legitgrams.com\/pl\/wp-json\/wp\/v2\/comments?post=3985"}],"wp:featuredmedia":[{"embeddable":true,"href":"https:\/\/legitgrams.com\/pl\/wp-json\/wp\/v2\/media\/5259"}],"wp:attachment":[{"href":"https:\/\/legitgrams.com\/pl\/wp-json\/wp\/v2\/media?parent=3985"}],"wp:term":[{"taxonomy":"product_brand","embeddable":true,"href":"https:\/\/legitgrams.com\/pl\/wp-json\/wp\/v2\/product_brand?post=3985"},{"taxonomy":"product_cat","embeddable":true,"href":"https:\/\/legitgrams.com\/pl\/wp-json\/wp\/v2\/product_cat?post=3985"},{"taxonomy":"product_tag","embeddable":true,"href":"https:\/\/legitgrams.com\/pl\/wp-json\/wp\/v2\/product_tag?post=3985"}],"curies":[{"name":"wp","href":"https:\/\/api.w.org\/{rel}","templated":true}]}}