{"id":3986,"date":"2024-09-21T06:56:39","date_gmt":"2024-09-21T06:56:39","guid":{"rendered":"https:\/\/legitgrams.com\/?post_type=product&#038;p=3986"},"modified":"2025-04-04T10:03:06","modified_gmt":"2025-04-04T10:03:06","slug":"mefedron-4mmc","status":"publish","type":"product","link":"https:\/\/legitgrams.com\/pl\/produkt\/mefedron-4mmc\/","title":{"rendered":"Kup mefedron 4MMC online"},"content":{"rendered":"<h2>Kup Mefedron 4MMC Online<\/h2>\n<p>W przypadku jakichkolwiek wymaga\u0144 i pr\u00f3\u015bb jeste\u015bmy tutaj, aby pom\u00f3c. Aby wygodnie z\u0142o\u017cy\u0107 zam\u00f3wienie, skontaktuj si\u0119 z naszym sklepem internetowym. Teraz mo\u017cesz klikn\u0105\u0107, aby uzyska\u0107 wszystko, czego potrzebujesz. Skontaktuj si\u0119 z nami natychmiast! <a href=\"https:\/\/legitgrams.com\/pl\/produkt\/mefedron-4mmc\/\">Mefedron 4MMC<\/a>.<\/p>\n<h3>Kup Mefedron Online<\/h3>\n<p><a href=\"https:\/\/www.bing.com\/search?q=KupMefedron4MMCOnline&amp;qs=n&amp;form=QBRE&amp;sp=-1&amp;lq=0&amp;pq=comprarmefedrona4mmcenlnea&amp;sc=1-31&amp;sk=&amp;cvid=336F0D1ADA674536A70576444C831346&amp;ghsh=0&amp;ghacc=0&amp;ghpl=\">Online mephedrone purchase<\/a>: Ugruntowali\u015bmy swoj\u0105 pozycj\u0119 jako sprzedawca mefedronu w USA, Australii i innych regionach, a tak\u017ce jeste\u015bmy \u015bwiatowym liderem w dystrybucji lek\u00f3w opracowanych metod\u0105 in\u017cynierii 4-MMC. Inne waporyzatory do materia\u0142\u00f3w mokrych Nasz mefedron, zwany r\u00f3wnie\u017c 4-metylometakatynonem (4-MMC), jest lepszy.<\/p>\n<p>Kup Mefedron w proszku w najni\u017cszych cenach za Mefedron o wysokiej czysto\u015bci i inne podstawione fenetyloaminy. Oferowany jest rabat. Szybka wysy\u0142ka do dowolnego miejsca na \u015bwiecie.<\/p>\n<p>Naby\u0107 <a href=\"https:\/\/www.google.com\/search?q=Kup+Mefedron+4MMC+Online&amp;sca_esv=eddefdb7b92e7545&amp;sxsrf=AHTn8zqLrguY-HDr8BTA9uuOfD_DJ9i0bg1743761345478&amp;ei=wa_vZ6L8HNKR4-EPut6K6Ak&amp;ved=0ahUKEwji4Meckb6MAxXSyDgGHTqvAp0Q4dUDCBA&amp;uact=5&amp;oq=Kup+Mefedron+4MMC+Online&amp;gs_lp=Egxnd3Mtd2l6LXNlcnAiGEt1cCBNZWZlZHJvbiA0TU1DIE9ubGluZUiWBFAAWABwAHgAkAEAmAH5A6AB-QOqAQM1LTG4AQPIAQD4AQL4AQGYAgCgAgCYAwDiAwUSATEgQJIHAKAHxwGyBwC4BwA&amp;sclient=gws-wiz-serp\">Proszek MMC<\/a> obtain mephedrone (MMC) powder. Other names for <a href=\"https:\/\/en.wikipedia.org\/wiki\/Mephedrone\">MMC (mefedron)<\/a> obejmuj\u0105 4-metyloefedron i 4-metylometkatynon.<\/p>\n<p>Zam\u00f3wienia online s\u0105 dost\u0119pne dla mefedronu: M-CAT, 4-MMC. Mefedron nale\u017cy do chemicznej rodziny katynon\u00f3w i jest stymulantem. W\u015br\u00f3d wielu dost\u0119pnych lek\u00f3w syntetycznych znajduje si\u0119 proszek metylokatynonu (4-metylometkatynon kryszta\u0142) lub zatwierdzone leki, o kt\u00f3rych ostatnio donoszono<\/p>\n<p>Gdzie mog\u0119 znale\u017a\u0107 sole k\u0105pielowe z mefedronem?<\/p>\n<p>Information on <a href=\"https:\/\/duckduckgo.com\/?q=Buy+Mephedrone+4MMC+Online&amp;t=h_&amp;ia=web\">Mefedron<\/a> W USA, Wielkiej Brytanii, Australii i innych krajach mefedron \u2014 nazywany r\u00f3wnie\u017c 1-(4-metylofenylo)-2-metyloaminopropan-1-onem lub dimetylometkatynonem \u2014 jest obecnie oferowany do sprzeda\u017cy w mokrych w\u00f3zkach. Mo\u017cliwe nazwy to Mcat, 4-MMC, MM-Cat, Meow lub 4-metylometkatynonem. Mefedron by\u0142 pierwotnie oczyszczany przy u\u017cyciu afryka\u0144skiego zio\u0142a khat. Ten lek jest entaktogenny i nale\u017cy do rodziny amfetamin, katynonu i fenetylamin, stymulant, kt\u00f3ry wywo\u0142uje lekkie podniecenie i zmniejsza po\u017c\u0105danie.<\/p>\n<p>Kup mefedron online i odbierz go natychmiast. Podobnie jak jego krewny na bazie MDMA, reaguje, aby promowa\u0107 wsp\u00f3\u0142czucie. Mieszanka jest cenna dla bada\u0144, poniewa\u017c, podobnie jak kokaina lub amfetamina, ulega degradacji w synapsach. Kup mefedron online. Mefedron jest sprzedawany jako kremowobia\u0142y proszek lub granulki. <a href=\"https:\/\/legitgrams.com\/pl\/\">LegitGrams<\/a><\/p>\n<h3>Gdzie mog\u0119 kupi\u0107 mefedron?<\/h3>\n<p>Opr\u00f3cz tego, \u017ce jest dobrze znanym nielegalnym narkotykiem rekreacyjnym, mefedron jest niezb\u0119dnym sk\u0142adnikiem ro\u015blin, szczeg\u00f3lnie tych, kt\u00f3re wytwarzaj\u0105 sole do k\u0105pieli. Granice mi\u0119dzy nielegalnym a rolniczym wykorzystaniem staj\u0105 si\u0119 coraz bardziej niejasne, co zwi\u0119ksza niepewno\u015b\u0107.<\/p>\n<h3>Dziesi\u0119\u0107 gram\u00f3w za 250 dolar\u00f3w<\/h3>\n<p>Kupuj mefedryn\u0119 4MMC online: kup mefedron, kup mefedron w Hiszpanii, kup mefedron online, Miejsce, w kt\u00f3rym mo\u017cna kupi\u0107 mefedron sk\u0142adniki od\u017cywcze dla ro\u015blin mefedronowych, gdzie kupi\u0107 ro\u015bliny mefedronowe na sprzeda\u017c, gdzie kupi\u0107 4mmc online, dostawcy, bezpieczna dostawa, Nadal masz dost\u0119p do opium. Czy Hiszpania zezwala na u\u017cywanie mefedronu jako nawozu do ro\u015blin? Jak mog\u0119 u\u017cy\u0107 mefedronu do produkcji nawozu do ro\u015blin? Czy mefedron jest legalny w Hiszpanii?<\/p>\n<h2><\/h2>\n<p>&nbsp;<\/p>","protected":false},"excerpt":{"rendered":"<p>Purchase Mephedrone 4MMC Online For any of your requirements and requests, we are here to help. To place your order comfortably, get in touch with our online store. You can now click to get anything you need. Get in touch with us immediately! Mephedrone 4MMC. Purchase Mephedrone Online Online mephedrone purchase: We have established ourselves &hellip;<\/p>\n<p class=\"read-more\"> <a class=\"\" href=\"https:\/\/legitgrams.com\/pl\/produkt\/mefedron-4mmc\/\"> <span class=\"screen-reader-text\">Kup mefedron 4MMC online<\/span> Czytaj wi\u0119cej \"<\/a><\/p>","protected":false},"featured_media":5287,"comment_status":"open","ping_status":"closed","template":"","meta":{"_uag_custom_page_level_css":"","site-sidebar-layout":"default","site-content-layout":"default","ast-global-header-display":"","ast-main-header-display":"","ast-hfb-above-header-display":"","ast-hfb-below-header-display":"","ast-hfb-mobile-header-display":"","site-post-title":"","ast-breadcrumbs-content":"","ast-featured-img":"","footer-sml-layout":"","theme-transparent-header-meta":"default","adv-header-id-meta":"","stick-header-meta":"default","header-above-stick-meta":"","header-main-stick-meta":"","header-below-stick-meta":"","_joinchat":[]},"product_brand":[],"product_cat":[600],"product_tag":[3153,3143,617,3135,3150,3147,3142,3134,3137,3145,3138,3136,3146,3148,3155,3156,3154,3151,3140,3152,3149,625,3141,3144,3139],"class_list":{"0":"post-3986","1":"product","2":"type-product","3":"status-publish","4":"has-post-thumbnail","6":"product_cat-research-chemicals-and-bath-salt","7":"product_tag-best-cheap-price-mephedrone-4mmc","8":"product_tag-best-place-to-buy-mephedrone-4mmc","9":"product_tag-bulk-online","10":"product_tag-buy-mephedrone-4mmc","11":"product_tag-cheap-mephedrone-4mmc","12":"product_tag-high-quality-mephedrone-4mmc","13":"product_tag-how-to-buy-mephedrone-4mmc","14":"product_tag-mephedrone-4mmc","15":"product_tag-mephedrone-4mmc-for-sale","16":"product_tag-mephedrone-4mmc-legally","17":"product_tag-mephedrone-4mmc-mephedrone-4mmc-supplier","18":"product_tag-mephedrone-4mmc-online","19":"product_tag-mephedrone-4mmc-price","20":"product_tag-mephedrone-4mmc-store","21":"product_tag-mephedrone-4mmc-use","22":"product_tag-mephedrone-4mmc-wiki","23":"product_tag-mephedrone-4mmc-worldwide","24":"product_tag-mephedrone-4mmcs","25":"product_tag-order-mephedrone-4mmc","26":"product_tag-purcharse-mephedrone-4mmc","27":"product_tag-shop-mephedrone-4mmc","28":"product_tag-top-quality","29":"product_tag-where-to-buy-mephedrone-4mmc","30":"product_tag-where-to-order-mephedrone-4mmc","31":"product_tag-wholesale-mephedrone-4mmc","32":"desktop-align-left","33":"tablet-align-left","34":"mobile-align-left","35":"ast-product-gallery-layout-horizontal","36":"ast-product-gallery-with-no-image","37":"ast-product-single-variable","38":"ast-product-tabs-layout-horizontal","39":"ast-qv-on-image","41":"first","42":"instock","43":"shipping-taxable","44":"purchasable","45":"product-type-variable"},"yoast_head":"<!-- This site is optimized with the Yoast SEO plugin v25.9 - https:\/\/yoast.com\/wordpress\/plugins\/seo\/ -->\n<title>Mephedrone 4MMC for Sale - Order Mephedrone 4MMC Online<\/title>\n<meta name=\"description\" content=\"You can buy Mephedrone 4MMC online at the best prices from our online store. We have cheap and high-quality Mephedrone 4MMC for sale and providing worldwide delivery. You can order from anytime, anywhere.\" \/>\n<meta name=\"robots\" content=\"index, follow, max-snippet:-1, max-image-preview:large, max-video-preview:-1\" \/>\n<link rel=\"canonical\" href=\"https:\/\/legitgrams.com\/pl\/produkt\/mefedron-4mmc\/\" \/>\n<meta property=\"og:locale\" content=\"pl_PL\" \/>\n<meta property=\"og:type\" content=\"article\" \/>\n<meta property=\"og:title\" content=\"Mephedrone 4MMC for Sale - Order Mephedrone 4MMC Online\" \/>\n<meta property=\"og:description\" content=\"You can buy Mephedrone 4MMC online at the best prices from our online store. We have cheap and high-quality Mephedrone 4MMC for sale and providing worldwide delivery. You can order from anytime, anywhere.\" \/>\n<meta property=\"og:url\" content=\"https:\/\/legitgrams.com\/pl\/produkt\/mefedron-4mmc\/\" \/>\n<meta property=\"og:site_name\" content=\"Legit Grams\" \/>\n<meta property=\"article:modified_time\" content=\"2025-04-04T10:03:06+00:00\" \/>\n<meta property=\"og:image\" content=\"https:\/\/legitgrams.com\/wp-content\/uploads\/2024\/09\/buy-4mmc-mephedrone.jpg\" \/>\n\t<meta property=\"og:image:width\" content=\"600\" \/>\n\t<meta property=\"og:image:height\" content=\"600\" \/>\n\t<meta property=\"og:image:type\" content=\"image\/jpeg\" \/>\n<meta name=\"twitter:card\" content=\"summary_large_image\" \/>\n<meta name=\"twitter:label1\" content=\"Szacowany czas czytania\" \/>\n\t<meta name=\"twitter:data1\" content=\"3 minuty\" \/>\n<script type=\"application\/ld+json\" class=\"yoast-schema-graph\">{\"@context\":\"https:\/\/schema.org\",\"@graph\":[{\"@type\":\"WebPage\",\"@id\":\"https:\/\/legitgrams.com\/product\/mephedrone-4mmc\/\",\"url\":\"https:\/\/legitgrams.com\/product\/mephedrone-4mmc\/\",\"name\":\"Mephedrone 4MMC for Sale - Order Mephedrone 4MMC Online\",\"isPartOf\":{\"@id\":\"https:\/\/legitgrams.com\/#website\"},\"primaryImageOfPage\":{\"@id\":\"https:\/\/legitgrams.com\/product\/mephedrone-4mmc\/#primaryimage\"},\"image\":{\"@id\":\"https:\/\/legitgrams.com\/product\/mephedrone-4mmc\/#primaryimage\"},\"thumbnailUrl\":\"https:\/\/legitgrams.com\/wp-content\/uploads\/2024\/09\/buy-4mmc-mephedrone.jpg\",\"datePublished\":\"2024-09-21T06:56:39+00:00\",\"dateModified\":\"2025-04-04T10:03:06+00:00\",\"description\":\"You can buy Mephedrone 4MMC online at the best prices from our online store. We have cheap and high-quality Mephedrone 4MMC for sale and providing worldwide delivery. You can order from anytime, anywhere.\",\"breadcrumb\":{\"@id\":\"https:\/\/legitgrams.com\/product\/mephedrone-4mmc\/#breadcrumb\"},\"inLanguage\":\"pl-PL\",\"potentialAction\":[{\"@type\":\"ReadAction\",\"target\":[\"https:\/\/legitgrams.com\/product\/mephedrone-4mmc\/\"]}]},{\"@type\":\"ImageObject\",\"inLanguage\":\"pl-PL\",\"@id\":\"https:\/\/legitgrams.com\/product\/mephedrone-4mmc\/#primaryimage\",\"url\":\"https:\/\/legitgrams.com\/wp-content\/uploads\/2024\/09\/buy-4mmc-mephedrone.jpg\",\"contentUrl\":\"https:\/\/legitgrams.com\/wp-content\/uploads\/2024\/09\/buy-4mmc-mephedrone.jpg\",\"width\":600,\"height\":600,\"caption\":\"Mephedrone 4MMC for Sale\"},{\"@type\":\"BreadcrumbList\",\"@id\":\"https:\/\/legitgrams.com\/product\/mephedrone-4mmc\/#breadcrumb\",\"itemListElement\":[{\"@type\":\"ListItem\",\"position\":1,\"name\":\"Home\",\"item\":\"https:\/\/legitgrams.com\/\"},{\"@type\":\"ListItem\",\"position\":2,\"name\":\"Shop\",\"item\":\"https:\/\/legitgrams.com\/shop\/\"},{\"@type\":\"ListItem\",\"position\":3,\"name\":\"Buy Mephedrone 4MMC Online\"}]},{\"@type\":\"WebSite\",\"@id\":\"https:\/\/legitgrams.com\/#website\",\"url\":\"https:\/\/legitgrams.com\/\",\"name\":\"Legit Grams\",\"description\":\"My WordPress Blog\",\"publisher\":{\"@id\":\"https:\/\/legitgrams.com\/#organization\"},\"potentialAction\":[{\"@type\":\"SearchAction\",\"target\":{\"@type\":\"EntryPoint\",\"urlTemplate\":\"https:\/\/legitgrams.com\/?s={search_term_string}\"},\"query-input\":{\"@type\":\"PropertyValueSpecification\",\"valueRequired\":true,\"valueName\":\"search_term_string\"}}],\"inLanguage\":\"pl-PL\"},{\"@type\":\"Organization\",\"@id\":\"https:\/\/legitgrams.com\/#organization\",\"name\":\"Legit Grams\",\"url\":\"https:\/\/legitgrams.com\/\",\"logo\":{\"@type\":\"ImageObject\",\"inLanguage\":\"pl-PL\",\"@id\":\"https:\/\/legitgrams.com\/#\/schema\/logo\/image\/\",\"url\":\"https:\/\/legitgrams.com\/wp-content\/uploads\/2024\/09\/main-logo.png\",\"contentUrl\":\"https:\/\/legitgrams.com\/wp-content\/uploads\/2024\/09\/main-logo.png\",\"width\":270,\"height\":75,\"caption\":\"Legit Grams\"},\"image\":{\"@id\":\"https:\/\/legitgrams.com\/#\/schema\/logo\/image\/\"}}]}<\/script>\n<!-- \/ Yoast SEO plugin. -->","yoast_head_json":{"title":"Mefedron 4MMC na sprzeda\u017c - Zam\u00f3w Mefedron 4MMC online","description":"Mo\u017cesz kupi\u0107 Mefedron 4MMC online w najlepszych cenach w naszym sklepie internetowym. Mamy tanie i wysokiej jako\u015bci Mefedron 4MMC na sprzeda\u017c i zapewniamy dostaw\u0119 na ca\u0142y \u015bwiat. Mo\u017cesz z\u0142o\u017cy\u0107 zam\u00f3wienie w dowolnym miejscu i czasie.","robots":{"index":"index","follow":"follow","max-snippet":"max-snippet:-1","max-image-preview":"max-image-preview:large","max-video-preview":"max-video-preview:-1"},"canonical":"https:\/\/legitgrams.com\/pl\/produkt\/mefedron-4mmc\/","og_locale":"pl_PL","og_type":"article","og_title":"Mephedrone 4MMC for Sale - Order Mephedrone 4MMC Online","og_description":"You can buy Mephedrone 4MMC online at the best prices from our online store. We have cheap and high-quality Mephedrone 4MMC for sale and providing worldwide delivery. You can order from anytime, anywhere.","og_url":"https:\/\/legitgrams.com\/pl\/produkt\/mefedron-4mmc\/","og_site_name":"Legit Grams","article_modified_time":"2025-04-04T10:03:06+00:00","og_image":[{"width":600,"height":600,"url":"https:\/\/legitgrams.com\/wp-content\/uploads\/2024\/09\/buy-4mmc-mephedrone.jpg","type":"image\/jpeg"}],"twitter_card":"summary_large_image","twitter_misc":{"Szacowany czas czytania":"3 minuty"},"schema":{"@context":"https:\/\/schema.org","@graph":[{"@type":"WebPage","@id":"https:\/\/legitgrams.com\/product\/mephedrone-4mmc\/","url":"https:\/\/legitgrams.com\/product\/mephedrone-4mmc\/","name":"Mefedron 4MMC na sprzeda\u017c - Zam\u00f3w Mefedron 4MMC online","isPartOf":{"@id":"https:\/\/legitgrams.com\/#website"},"primaryImageOfPage":{"@id":"https:\/\/legitgrams.com\/product\/mephedrone-4mmc\/#primaryimage"},"image":{"@id":"https:\/\/legitgrams.com\/product\/mephedrone-4mmc\/#primaryimage"},"thumbnailUrl":"https:\/\/legitgrams.com\/wp-content\/uploads\/2024\/09\/buy-4mmc-mephedrone.jpg","datePublished":"2024-09-21T06:56:39+00:00","dateModified":"2025-04-04T10:03:06+00:00","description":"Mo\u017cesz kupi\u0107 Mefedron 4MMC online w najlepszych cenach w naszym sklepie internetowym. Mamy tanie i wysokiej jako\u015bci Mefedron 4MMC na sprzeda\u017c i zapewniamy dostaw\u0119 na ca\u0142y \u015bwiat. Mo\u017cesz z\u0142o\u017cy\u0107 zam\u00f3wienie w dowolnym miejscu i czasie.","breadcrumb":{"@id":"https:\/\/legitgrams.com\/product\/mephedrone-4mmc\/#breadcrumb"},"inLanguage":"pl-PL","potentialAction":[{"@type":"ReadAction","target":["https:\/\/legitgrams.com\/product\/mephedrone-4mmc\/"]}]},{"@type":"ImageObject","inLanguage":"pl-PL","@id":"https:\/\/legitgrams.com\/product\/mephedrone-4mmc\/#primaryimage","url":"https:\/\/legitgrams.com\/wp-content\/uploads\/2024\/09\/buy-4mmc-mephedrone.jpg","contentUrl":"https:\/\/legitgrams.com\/wp-content\/uploads\/2024\/09\/buy-4mmc-mephedrone.jpg","width":600,"height":600,"caption":"Mephedrone 4MMC for Sale"},{"@type":"BreadcrumbList","@id":"https:\/\/legitgrams.com\/product\/mephedrone-4mmc\/#breadcrumb","itemListElement":[{"@type":"ListItem","position":1,"name":"Home","item":"https:\/\/legitgrams.com\/"},{"@type":"ListItem","position":2,"name":"Shop","item":"https:\/\/legitgrams.com\/shop\/"},{"@type":"ListItem","position":3,"name":"Buy Mephedrone 4MMC Online"}]},{"@type":"WebSite","@id":"https:\/\/legitgrams.com\/#website","url":"https:\/\/legitgrams.com\/","name":"Legit Grams","description":"M\u00f3j blog WordPress","publisher":{"@id":"https:\/\/legitgrams.com\/#organization"},"potentialAction":[{"@type":"SearchAction","target":{"@type":"EntryPoint","urlTemplate":"https:\/\/legitgrams.com\/?s={search_term_string}"},"query-input":{"@type":"PropertyValueSpecification","valueRequired":true,"valueName":"search_term_string"}}],"inLanguage":"pl-PL"},{"@type":"Organization","@id":"https:\/\/legitgrams.com\/#organization","name":"Legit Grams","url":"https:\/\/legitgrams.com\/","logo":{"@type":"ImageObject","inLanguage":"pl-PL","@id":"https:\/\/legitgrams.com\/#\/schema\/logo\/image\/","url":"https:\/\/legitgrams.com\/wp-content\/uploads\/2024\/09\/main-logo.png","contentUrl":"https:\/\/legitgrams.com\/wp-content\/uploads\/2024\/09\/main-logo.png","width":270,"height":75,"caption":"Legit Grams"},"image":{"@id":"https:\/\/legitgrams.com\/#\/schema\/logo\/image\/"}}]}},"uagb_featured_image_src":{"full":["https:\/\/legitgrams.com\/wp-content\/uploads\/2024\/09\/buy-4mmc-mephedrone.jpg",600,600,false],"thumbnail":["https:\/\/legitgrams.com\/wp-content\/uploads\/2024\/09\/buy-4mmc-mephedrone-150x150.jpg",150,150,true],"medium":["https:\/\/legitgrams.com\/wp-content\/uploads\/2024\/09\/buy-4mmc-mephedrone-300x300.jpg",300,300,true],"medium_large":["https:\/\/legitgrams.com\/wp-content\/uploads\/2024\/09\/buy-4mmc-mephedrone.jpg",600,600,false],"large":["https:\/\/legitgrams.com\/wp-content\/uploads\/2024\/09\/buy-4mmc-mephedrone.jpg",600,600,false],"1536x1536":["https:\/\/legitgrams.com\/wp-content\/uploads\/2024\/09\/buy-4mmc-mephedrone.jpg",600,600,false],"2048x2048":["https:\/\/legitgrams.com\/wp-content\/uploads\/2024\/09\/buy-4mmc-mephedrone.jpg",600,600,false],"trp-custom-language-flag":["https:\/\/legitgrams.com\/wp-content\/uploads\/2024\/09\/buy-4mmc-mephedrone-12x12.jpg",12,12,true],"woocommerce_thumbnail":["https:\/\/legitgrams.com\/wp-content\/uploads\/2024\/09\/buy-4mmc-mephedrone-300x300.jpg",300,300,true],"woocommerce_single":["https:\/\/legitgrams.com\/wp-content\/uploads\/2024\/09\/buy-4mmc-mephedrone.jpg",600,600,false],"woocommerce_gallery_thumbnail":["https:\/\/legitgrams.com\/wp-content\/uploads\/2024\/09\/buy-4mmc-mephedrone-100x100.jpg",100,100,true]},"uagb_author_info":{"display_name":"cokeblog18","author_link":"https:\/\/legitgrams.com\/pl\/author\/"},"uagb_comment_info":0,"uagb_excerpt":"Purchase Mephedrone 4MMC Online For any of your requirements and requests, we are here to help. To place your order comfortably, get in touch with our online store. You can now click to get anything you need. Get in touch with us immediately! Mephedrone 4MMC. Purchase Mephedrone Online Online mephedrone purchase: We have established ourselves&hellip;","_links":{"self":[{"href":"https:\/\/legitgrams.com\/pl\/wp-json\/wp\/v2\/product\/3986","targetHints":{"allow":["GET"]}}],"collection":[{"href":"https:\/\/legitgrams.com\/pl\/wp-json\/wp\/v2\/product"}],"about":[{"href":"https:\/\/legitgrams.com\/pl\/wp-json\/wp\/v2\/types\/product"}],"replies":[{"embeddable":true,"href":"https:\/\/legitgrams.com\/pl\/wp-json\/wp\/v2\/comments?post=3986"}],"wp:featuredmedia":[{"embeddable":true,"href":"https:\/\/legitgrams.com\/pl\/wp-json\/wp\/v2\/media\/5287"}],"wp:attachment":[{"href":"https:\/\/legitgrams.com\/pl\/wp-json\/wp\/v2\/media?parent=3986"}],"wp:term":[{"taxonomy":"product_brand","embeddable":true,"href":"https:\/\/legitgrams.com\/pl\/wp-json\/wp\/v2\/product_brand?post=3986"},{"taxonomy":"product_cat","embeddable":true,"href":"https:\/\/legitgrams.com\/pl\/wp-json\/wp\/v2\/product_cat?post=3986"},{"taxonomy":"product_tag","embeddable":true,"href":"https:\/\/legitgrams.com\/pl\/wp-json\/wp\/v2\/product_tag?post=3986"}],"curies":[{"name":"wp","href":"https:\/\/api.w.org\/{rel}","templated":true}]}}