{"id":4002,"date":"2024-09-21T07:40:58","date_gmt":"2024-09-21T07:40:58","guid":{"rendered":"https:\/\/legitgrams.com\/?post_type=product&#038;p=4002"},"modified":"2025-04-04T07:54:38","modified_gmt":"2025-04-04T07:54:38","slug":"1p-et-lad-w-proszku","status":"publish","type":"product","link":"https:\/\/legitgrams.com\/pl\/produkt\/1p-et-lad-w-proszku\/","title":{"rendered":"Kup 1P-ETH-LAD Powder online"},"content":{"rendered":"<h2>Na sprzeda\u017c: 1P-ETH-LAD Powder<\/h2>\n<p><a href=\"https:\/\/www.bing.com\/search?q=Buy%201P-ETH-LAD%20Powder%20Online&amp;qs=n&amp;form=QBRE&amp;sp=-1&amp;ghc=1&amp;lq=0&amp;pq=buy%201p-eth-lad%20powder%20online&amp;sc=12-28&amp;sk=&amp;cvid=EDA623E5779C443E82410DCEB6382DA1&amp;ghsh=0&amp;ghacc=0&amp;ghpl=\">Zdob\u0105d\u017a sproszkowany 1P-ETH-LAD<\/a>: Ten p\u00f3\u0142syntetyczny alkaloid nale\u017cy do rodziny lizergamid\u00f3w i jest znany r\u00f3wnie\u017c jako dietyloamid kwasu 1-propionylo-6-etylo-6-nor-lizergowego. Kwas lizergowy, pochodna kwasu N-propionowego <a href=\"https:\/\/legitgrams.com\/pl\/produkt\/1p-et-lad-w-proszku\/\">ETH-LAD<\/a>, ma odpowiednik strukturalny w 1P-ETH-LAD. Wyniki testu in vitro powinny by\u0107 bardzo podobne do ETH-LAD. Efekty psychodeliczne tego zwi\u0105zku chemicznego s\u0105 zadziwiaj\u0105co por\u00f3wnywalne do efekt\u00f3w <a href=\"https:\/\/www.google.com\/search?q=Buy+1P-ETH-LAD+Powder+Online&amp;num=10&amp;sca_esv=1a2a07081c7891bb&amp;rlz=1C1RXQR_enIN1098IN1098&amp;sxsrf=AHTn8zoRYw66zHEdb281An-GbJGR_xapzw%3A1741413195298&amp;ei=S9vLZ9ftEYefseMPgbrUiQ8&amp;ved=0ahUKEwiXv6bX5fmLAxWHT2wGHQEdNfEQ4dUDCBI&amp;uact=5&amp;oq=Buy+1P-ETH-LAD+Powder+Online&amp;gs_lp=Egxnd3Mtd2l6LXNlcnAiHEJ1eSAxUC1FVEgtTEFEIFBvd2RlciBPbmxpbmUyBRAhGKABSNQGUIADWIADcAJ4AJABAJgB-gGgAfoBqgEDMi0xuAEDyAEA-AEC-AEBmAIBoAKCApgDAOIDBRIBMSBAiAYBkgcDMi0xoAfFAQ&amp;sclient=gws-wiz-serp\">AL-LAD or ETH-LAD<\/a>.<\/p>\n<h3>Gdzie mo\u017cemy kupi\u0107?<\/h3>\n<p>To jest mo\u017cliwe <a href=\"https:\/\/duckduckgo.com\/?q=Kup+1P-ETH-LAD+Powder+online&amp;t=h_&amp;ia=web\">kup proszek ETH-LAD online<\/a>, kup proszek ETH-LAD w USA, kup proszek WETH-LAD online w USA, Proszek ETH-LAD: Gdzie go kupi\u0107, <a href=\"https:\/\/en.wikipedia.org\/wiki\/1P-ETH-LAD\">ETH-LAD<\/a> proszek na sprzeda\u017c, proszek ETH-LAD na sprzeda\u017c w pobli\u017cu, proszek ETH-LAD na sprzeda\u017c online w pobli\u017cu, proszek ETH-LAD na sprzeda\u017c w USA, Kanadzie, Wielkiej Brytanii, kup online, dostawcy, bezpieczna dostawa, Sproszkowany ETH-LAD jest nadal dost\u0119pny. Dodatkowo mo\u017cesz dowiedzie\u0107 si\u0119, jak go zam\u00f3wi\u0107, czy jest legalny w Kanadzie i czy jest legalny w USA. <a href=\"https:\/\/legitgrams.com\/pl\/\">LegitGrams<\/a><\/p>","protected":false},"excerpt":{"rendered":"<p>For sale: 1P-ETH-LAD Powder Get Powdered 1P-ETH-LAD: This semi-synthetic alkaloid belongs to the Lysergamide family and is also known as 1-Propionyl-6-ethyl-6-nor-lysergic acid diethylamide. Lysergic acid, an N-propionic acid derivative of ETH-LAD, has a structural counterpart in 1P-ETH-LAD. The results of the in vitro test should be very similar to the ETH-LAD. The psychedelic effects of &hellip;<\/p>\n<p class=\"read-more\"> <a class=\"\" href=\"https:\/\/legitgrams.com\/pl\/produkt\/1p-et-lad-w-proszku\/\"> <span class=\"screen-reader-text\">Kup 1P-ETH-LAD Powder online<\/span> Czytaj wi\u0119cej \"<\/a><\/p>","protected":false},"featured_media":5252,"comment_status":"open","ping_status":"closed","template":"","meta":{"_uag_custom_page_level_css":"","site-sidebar-layout":"default","site-content-layout":"default","ast-global-header-display":"","ast-main-header-display":"","ast-hfb-above-header-display":"","ast-hfb-below-header-display":"","ast-hfb-mobile-header-display":"","site-post-title":"","ast-breadcrumbs-content":"","ast-featured-img":"","footer-sml-layout":"","theme-transparent-header-meta":"default","adv-header-id-meta":"","stick-header-meta":"default","header-above-stick-meta":"","header-main-stick-meta":"","header-below-stick-meta":"","_joinchat":[]},"product_brand":[],"product_cat":[600],"product_tag":[3019,3023,3022,3030,3021,3031,3033,3040,3041,3039,3036,3038,3028,617,3020,3035,3032,3027,3025,3037,3034,625,3026,3029,3024],"class_list":{"0":"post-4002","1":"product","2":"type-product","3":"status-publish","4":"has-post-thumbnail","6":"product_cat-research-chemicals-and-bath-salt","7":"product_tag-1p-eth-lad-powder","8":"product_tag-1p-eth-lad-powder-1p-eth-lad-powder-supplier","9":"product_tag-1p-eth-lad-powder-for-sale","10":"product_tag-1p-eth-lad-powder-legally","11":"product_tag-1p-eth-lad-powder-online","12":"product_tag-1p-eth-lad-powder-price","13":"product_tag-1p-eth-lad-powder-store","14":"product_tag-1p-eth-lad-powder-use","15":"product_tag-1p-eth-lad-powder-wiki","16":"product_tag-1p-eth-lad-powder-worldwide","17":"product_tag-1p-eth-lad-powders","18":"product_tag-best-cheap-price-1p-eth-lad-powder","19":"product_tag-best-place-to-buy-1p-eth-lad-powder","20":"product_tag-bulk-online","21":"product_tag-buy-1p-eth-lad-powder","22":"product_tag-cheap-1p-eth-lad-powder","23":"product_tag-high-quality-1p-eth-lad-powder","24":"product_tag-how-to-buy-1p-eth-lad-powder","25":"product_tag-order-1p-eth-lad-powder","26":"product_tag-purcharse-1p-eth-lad-powder","27":"product_tag-shop-1p-eth-lad-powder","28":"product_tag-top-quality","29":"product_tag-where-to-buy-1p-eth-lad-powder","30":"product_tag-where-to-order-1p-eth-lad-powder","31":"product_tag-wholesale-1p-eth-lad-powder","32":"desktop-align-left","33":"tablet-align-left","34":"mobile-align-left","35":"ast-product-gallery-layout-horizontal","36":"ast-product-gallery-with-no-image","37":"ast-product-single-variable","38":"ast-product-tabs-layout-horizontal","39":"ast-qv-on-image","41":"first","42":"instock","43":"shipping-taxable","44":"purchasable","45":"product-type-variable"},"yoast_head":"<!-- This site is optimized with the Yoast SEO plugin v25.9 - https:\/\/yoast.com\/wordpress\/plugins\/seo\/ -->\n<title>1P Eth Lad Powder for Sale - Order 1P Eth Lad Powder Online<\/title>\n<meta name=\"description\" content=\"Explore our online store for 1P Eth Lad Powder for sale, offering high-quality 1P Eth Lad Powder. Shop Now for the best deals on 1P Eth Lad Powder. Fast &amp; Discreet Shipping Available!\" \/>\n<meta name=\"robots\" content=\"index, follow, max-snippet:-1, max-image-preview:large, max-video-preview:-1\" \/>\n<link rel=\"canonical\" href=\"https:\/\/legitgrams.com\/pl\/produkt\/1p-et-lad-w-proszku\/\" \/>\n<meta property=\"og:locale\" content=\"pl_PL\" \/>\n<meta property=\"og:type\" content=\"article\" \/>\n<meta property=\"og:title\" content=\"1P Eth Lad Powder for Sale - Order 1P Eth Lad Powder Online\" \/>\n<meta property=\"og:description\" content=\"Explore our online store for 1P Eth Lad Powder for sale, offering high-quality 1P Eth Lad Powder. Shop Now for the best deals on 1P Eth Lad Powder. Fast &amp; Discreet Shipping Available!\" \/>\n<meta property=\"og:url\" content=\"https:\/\/legitgrams.com\/pl\/produkt\/1p-et-lad-w-proszku\/\" \/>\n<meta property=\"og:site_name\" content=\"Legit Grams\" \/>\n<meta property=\"article:modified_time\" content=\"2025-04-04T07:54:38+00:00\" \/>\n<meta property=\"og:image\" content=\"https:\/\/legitgrams.com\/wp-content\/uploads\/2024\/09\/ETH-LAD-powder.jpg\" \/>\n\t<meta property=\"og:image:width\" content=\"600\" \/>\n\t<meta property=\"og:image:height\" content=\"600\" \/>\n\t<meta property=\"og:image:type\" content=\"image\/jpeg\" \/>\n<meta name=\"twitter:card\" content=\"summary_large_image\" \/>\n<meta name=\"twitter:label1\" content=\"Szacowany czas czytania\" \/>\n\t<meta name=\"twitter:data1\" content=\"1 minuta\" \/>\n<script type=\"application\/ld+json\" class=\"yoast-schema-graph\">{\"@context\":\"https:\/\/schema.org\",\"@graph\":[{\"@type\":\"WebPage\",\"@id\":\"https:\/\/legitgrams.com\/product\/1p-eth-lad-powder\/\",\"url\":\"https:\/\/legitgrams.com\/product\/1p-eth-lad-powder\/\",\"name\":\"1P Eth Lad Powder for Sale - Order 1P Eth Lad Powder Online\",\"isPartOf\":{\"@id\":\"https:\/\/legitgrams.com\/#website\"},\"primaryImageOfPage\":{\"@id\":\"https:\/\/legitgrams.com\/product\/1p-eth-lad-powder\/#primaryimage\"},\"image\":{\"@id\":\"https:\/\/legitgrams.com\/product\/1p-eth-lad-powder\/#primaryimage\"},\"thumbnailUrl\":\"https:\/\/legitgrams.com\/wp-content\/uploads\/2024\/09\/ETH-LAD-powder.jpg\",\"datePublished\":\"2024-09-21T07:40:58+00:00\",\"dateModified\":\"2025-04-04T07:54:38+00:00\",\"description\":\"Explore our online store for 1P Eth Lad Powder for sale, offering high-quality 1P Eth Lad Powder. Shop Now for the best deals on 1P Eth Lad Powder. Fast & Discreet Shipping Available!\",\"breadcrumb\":{\"@id\":\"https:\/\/legitgrams.com\/product\/1p-eth-lad-powder\/#breadcrumb\"},\"inLanguage\":\"pl-PL\",\"potentialAction\":[{\"@type\":\"ReadAction\",\"target\":[\"https:\/\/legitgrams.com\/product\/1p-eth-lad-powder\/\"]}]},{\"@type\":\"ImageObject\",\"inLanguage\":\"pl-PL\",\"@id\":\"https:\/\/legitgrams.com\/product\/1p-eth-lad-powder\/#primaryimage\",\"url\":\"https:\/\/legitgrams.com\/wp-content\/uploads\/2024\/09\/ETH-LAD-powder.jpg\",\"contentUrl\":\"https:\/\/legitgrams.com\/wp-content\/uploads\/2024\/09\/ETH-LAD-powder.jpg\",\"width\":600,\"height\":600,\"caption\":\"ETH-LAD-powder for sale\"},{\"@type\":\"BreadcrumbList\",\"@id\":\"https:\/\/legitgrams.com\/product\/1p-eth-lad-powder\/#breadcrumb\",\"itemListElement\":[{\"@type\":\"ListItem\",\"position\":1,\"name\":\"Home\",\"item\":\"https:\/\/legitgrams.com\/\"},{\"@type\":\"ListItem\",\"position\":2,\"name\":\"Shop\",\"item\":\"https:\/\/legitgrams.com\/shop\/\"},{\"@type\":\"ListItem\",\"position\":3,\"name\":\"Buy 1P-ETH-LAD Powder Online\"}]},{\"@type\":\"WebSite\",\"@id\":\"https:\/\/legitgrams.com\/#website\",\"url\":\"https:\/\/legitgrams.com\/\",\"name\":\"Legit Grams\",\"description\":\"My WordPress Blog\",\"publisher\":{\"@id\":\"https:\/\/legitgrams.com\/#organization\"},\"potentialAction\":[{\"@type\":\"SearchAction\",\"target\":{\"@type\":\"EntryPoint\",\"urlTemplate\":\"https:\/\/legitgrams.com\/?s={search_term_string}\"},\"query-input\":{\"@type\":\"PropertyValueSpecification\",\"valueRequired\":true,\"valueName\":\"search_term_string\"}}],\"inLanguage\":\"pl-PL\"},{\"@type\":\"Organization\",\"@id\":\"https:\/\/legitgrams.com\/#organization\",\"name\":\"Legit Grams\",\"url\":\"https:\/\/legitgrams.com\/\",\"logo\":{\"@type\":\"ImageObject\",\"inLanguage\":\"pl-PL\",\"@id\":\"https:\/\/legitgrams.com\/#\/schema\/logo\/image\/\",\"url\":\"https:\/\/legitgrams.com\/wp-content\/uploads\/2024\/09\/main-logo.png\",\"contentUrl\":\"https:\/\/legitgrams.com\/wp-content\/uploads\/2024\/09\/main-logo.png\",\"width\":270,\"height\":75,\"caption\":\"Legit Grams\"},\"image\":{\"@id\":\"https:\/\/legitgrams.com\/#\/schema\/logo\/image\/\"}}]}<\/script>\n<!-- \/ Yoast SEO plugin. -->","yoast_head_json":{"title":"1P Eth Lad Powder na sprzeda\u017c - Zam\u00f3w 1P Eth Lad Powder online","description":"Poznaj nasz sklep internetowy dla 1P Eth Lad Powder na sprzeda\u017c, oferuj\u0105cy wysokiej jako\u015bci 1P Eth Lad Powder. Kup teraz, aby uzyska\u0107 najlepsze oferty 1P Eth Lad Powder. Dost\u0119pna szybka i dyskretna wysy\u0142ka!","robots":{"index":"index","follow":"follow","max-snippet":"max-snippet:-1","max-image-preview":"max-image-preview:large","max-video-preview":"max-video-preview:-1"},"canonical":"https:\/\/legitgrams.com\/pl\/produkt\/1p-et-lad-w-proszku\/","og_locale":"pl_PL","og_type":"article","og_title":"1P Eth Lad Powder for Sale - Order 1P Eth Lad Powder Online","og_description":"Explore our online store for 1P Eth Lad Powder for sale, offering high-quality 1P Eth Lad Powder. Shop Now for the best deals on 1P Eth Lad Powder. Fast & Discreet Shipping Available!","og_url":"https:\/\/legitgrams.com\/pl\/produkt\/1p-et-lad-w-proszku\/","og_site_name":"Legit Grams","article_modified_time":"2025-04-04T07:54:38+00:00","og_image":[{"width":600,"height":600,"url":"https:\/\/legitgrams.com\/wp-content\/uploads\/2024\/09\/ETH-LAD-powder.jpg","type":"image\/jpeg"}],"twitter_card":"summary_large_image","twitter_misc":{"Szacowany czas czytania":"1 minuta"},"schema":{"@context":"https:\/\/schema.org","@graph":[{"@type":"WebPage","@id":"https:\/\/legitgrams.com\/product\/1p-eth-lad-powder\/","url":"https:\/\/legitgrams.com\/product\/1p-eth-lad-powder\/","name":"1P Eth Lad Powder na sprzeda\u017c - Zam\u00f3w 1P Eth Lad Powder online","isPartOf":{"@id":"https:\/\/legitgrams.com\/#website"},"primaryImageOfPage":{"@id":"https:\/\/legitgrams.com\/product\/1p-eth-lad-powder\/#primaryimage"},"image":{"@id":"https:\/\/legitgrams.com\/product\/1p-eth-lad-powder\/#primaryimage"},"thumbnailUrl":"https:\/\/legitgrams.com\/wp-content\/uploads\/2024\/09\/ETH-LAD-powder.jpg","datePublished":"2024-09-21T07:40:58+00:00","dateModified":"2025-04-04T07:54:38+00:00","description":"Poznaj nasz sklep internetowy dla 1P Eth Lad Powder na sprzeda\u017c, oferuj\u0105cy wysokiej jako\u015bci 1P Eth Lad Powder. Kup teraz, aby uzyska\u0107 najlepsze oferty 1P Eth Lad Powder. Dost\u0119pna szybka i dyskretna wysy\u0142ka!","breadcrumb":{"@id":"https:\/\/legitgrams.com\/product\/1p-eth-lad-powder\/#breadcrumb"},"inLanguage":"pl-PL","potentialAction":[{"@type":"ReadAction","target":["https:\/\/legitgrams.com\/product\/1p-eth-lad-powder\/"]}]},{"@type":"ImageObject","inLanguage":"pl-PL","@id":"https:\/\/legitgrams.com\/product\/1p-eth-lad-powder\/#primaryimage","url":"https:\/\/legitgrams.com\/wp-content\/uploads\/2024\/09\/ETH-LAD-powder.jpg","contentUrl":"https:\/\/legitgrams.com\/wp-content\/uploads\/2024\/09\/ETH-LAD-powder.jpg","width":600,"height":600,"caption":"ETH-LAD-powder for sale"},{"@type":"BreadcrumbList","@id":"https:\/\/legitgrams.com\/product\/1p-eth-lad-powder\/#breadcrumb","itemListElement":[{"@type":"ListItem","position":1,"name":"Home","item":"https:\/\/legitgrams.com\/"},{"@type":"ListItem","position":2,"name":"Shop","item":"https:\/\/legitgrams.com\/shop\/"},{"@type":"ListItem","position":3,"name":"Buy 1P-ETH-LAD Powder Online"}]},{"@type":"WebSite","@id":"https:\/\/legitgrams.com\/#website","url":"https:\/\/legitgrams.com\/","name":"Legit Grams","description":"M\u00f3j blog WordPress","publisher":{"@id":"https:\/\/legitgrams.com\/#organization"},"potentialAction":[{"@type":"SearchAction","target":{"@type":"EntryPoint","urlTemplate":"https:\/\/legitgrams.com\/?s={search_term_string}"},"query-input":{"@type":"PropertyValueSpecification","valueRequired":true,"valueName":"search_term_string"}}],"inLanguage":"pl-PL"},{"@type":"Organization","@id":"https:\/\/legitgrams.com\/#organization","name":"Legit Grams","url":"https:\/\/legitgrams.com\/","logo":{"@type":"ImageObject","inLanguage":"pl-PL","@id":"https:\/\/legitgrams.com\/#\/schema\/logo\/image\/","url":"https:\/\/legitgrams.com\/wp-content\/uploads\/2024\/09\/main-logo.png","contentUrl":"https:\/\/legitgrams.com\/wp-content\/uploads\/2024\/09\/main-logo.png","width":270,"height":75,"caption":"Legit Grams"},"image":{"@id":"https:\/\/legitgrams.com\/#\/schema\/logo\/image\/"}}]}},"uagb_featured_image_src":{"full":["https:\/\/legitgrams.com\/wp-content\/uploads\/2024\/09\/ETH-LAD-powder.jpg",600,600,false],"thumbnail":["https:\/\/legitgrams.com\/wp-content\/uploads\/2024\/09\/ETH-LAD-powder-150x150.jpg",150,150,true],"medium":["https:\/\/legitgrams.com\/wp-content\/uploads\/2024\/09\/ETH-LAD-powder-300x300.jpg",300,300,true],"medium_large":["https:\/\/legitgrams.com\/wp-content\/uploads\/2024\/09\/ETH-LAD-powder.jpg",600,600,false],"large":["https:\/\/legitgrams.com\/wp-content\/uploads\/2024\/09\/ETH-LAD-powder.jpg",600,600,false],"1536x1536":["https:\/\/legitgrams.com\/wp-content\/uploads\/2024\/09\/ETH-LAD-powder.jpg",600,600,false],"2048x2048":["https:\/\/legitgrams.com\/wp-content\/uploads\/2024\/09\/ETH-LAD-powder.jpg",600,600,false],"trp-custom-language-flag":["https:\/\/legitgrams.com\/wp-content\/uploads\/2024\/09\/ETH-LAD-powder-12x12.jpg",12,12,true],"woocommerce_thumbnail":["https:\/\/legitgrams.com\/wp-content\/uploads\/2024\/09\/ETH-LAD-powder-300x300.jpg",300,300,true],"woocommerce_single":["https:\/\/legitgrams.com\/wp-content\/uploads\/2024\/09\/ETH-LAD-powder.jpg",600,600,false],"woocommerce_gallery_thumbnail":["https:\/\/legitgrams.com\/wp-content\/uploads\/2024\/09\/ETH-LAD-powder-100x100.jpg",100,100,true]},"uagb_author_info":{"display_name":"cokeblog18","author_link":"https:\/\/legitgrams.com\/pl\/author\/"},"uagb_comment_info":0,"uagb_excerpt":"For sale: 1P-ETH-LAD Powder Get Powdered 1P-ETH-LAD: This semi-synthetic alkaloid belongs to the Lysergamide family and is also known as 1-Propionyl-6-ethyl-6-nor-lysergic acid diethylamide. Lysergic acid, an N-propionic acid derivative of ETH-LAD, has a structural counterpart in 1P-ETH-LAD. The results of the in vitro test should be very similar to the ETH-LAD. The psychedelic effects of&hellip;","_links":{"self":[{"href":"https:\/\/legitgrams.com\/pl\/wp-json\/wp\/v2\/product\/4002","targetHints":{"allow":["GET"]}}],"collection":[{"href":"https:\/\/legitgrams.com\/pl\/wp-json\/wp\/v2\/product"}],"about":[{"href":"https:\/\/legitgrams.com\/pl\/wp-json\/wp\/v2\/types\/product"}],"replies":[{"embeddable":true,"href":"https:\/\/legitgrams.com\/pl\/wp-json\/wp\/v2\/comments?post=4002"}],"wp:featuredmedia":[{"embeddable":true,"href":"https:\/\/legitgrams.com\/pl\/wp-json\/wp\/v2\/media\/5252"}],"wp:attachment":[{"href":"https:\/\/legitgrams.com\/pl\/wp-json\/wp\/v2\/media?parent=4002"}],"wp:term":[{"taxonomy":"product_brand","embeddable":true,"href":"https:\/\/legitgrams.com\/pl\/wp-json\/wp\/v2\/product_brand?post=4002"},{"taxonomy":"product_cat","embeddable":true,"href":"https:\/\/legitgrams.com\/pl\/wp-json\/wp\/v2\/product_cat?post=4002"},{"taxonomy":"product_tag","embeddable":true,"href":"https:\/\/legitgrams.com\/pl\/wp-json\/wp\/v2\/product_tag?post=4002"}],"curies":[{"name":"wp","href":"https:\/\/api.w.org\/{rel}","templated":true}]}}