{"id":4004,"date":"2024-09-21T07:51:28","date_gmt":"2024-09-21T07:51:28","guid":{"rendered":"https:\/\/legitgrams.com\/?post_type=product&#038;p=4004"},"modified":"2025-04-04T07:35:26","modified_gmt":"2025-04-04T07:35:26","slug":"papier-k2","status":"publish","type":"product","link":"https:\/\/legitgrams.com\/pl\/produkt\/papier-k2\/","title":{"rendered":"Kup papier K2 online"},"content":{"rendered":"<h2>Kup papier K2 online.<br \/>\nZam\u00f3w tanie arkusze papieru K2 dostarczone prosto do Twojego domu.<\/h2>\n<p>Kup <a href=\"https:\/\/legitgrams.com\/pl\/produkt\/papier-k2\/\">Papier K2<\/a> online. U\u017cytkownicy marihuany coraz cz\u0119\u015bciej si\u0119gaj\u0105 po syntetyczn\u0105 marihuan\u0119. Mieszanka sztucznych substancji chemicznych i drobno posiekanego materia\u0142u ro\u015blinnego o dzia\u0142aniu psychodelicznym jest znana jako <a href=\"https:\/\/www.bing.com\/search?q=KuppapierK2online&amp;qs=n&amp;form=QBRE&amp;sp=-1&amp;ghc=1&amp;lq=0&amp;pq=kuppapierk2online&amp;sc=12-20&amp;sk=&amp;cvid=517FAC59D257444996C381AB15E33EC5&amp;ghsh=0&amp;ghacc=0&amp;ghpl=\">K2<\/a>-papier nas\u0105czony. Badania wskazuj\u0105, \u017ce substancje chemiczne wi\u0105\u017c\u0105 si\u0119 z tymi samymi receptorami na kom\u00f3rkach nerwowych m\u00f3zgu co THC, co powoduje zmian\u0119 percepcji, psychoz\u0119, relaksacj\u0119 i podwy\u017cszony nastr\u00f3j. Aby uzyska\u0107 wysokiej jako\u015bci towary, wystarczy odwiedzi\u0107 nasz zaufany sklep internetowy. Kupujemy nasze produkty wy\u0142\u0105cznie od renomowanych producent\u00f3w, aby zapewni\u0107 bezpiecze\u0144stwo naszym klientom. Nie po\u017ca\u0142ujesz, \u017ce nas wypr\u00f3bowa\u0142e\u015b, wi\u0119c zr\u00f3b to. KONTAKT <a href=\"https:\/\/legitgrams.com\/pl\/\">LegitGrams<\/a><\/p>\n<p>Substancje chemiczne zwane kannabinoidami wyst\u0119puj\u0105 naturalnie w ro\u015blinach marihuany i dzia\u0142aj\u0105 jako sk\u0142adniki licznych syntetycznych farmaceutyk\u00f3w. Aktywny sk\u0142adnik konopi i syntetyczny papierek marihuany K2 s\u0105 por\u00f3wnywalne chemicznie. Efekty s\u0105 bardziej widoczne pod koniec sesji, a osoba mo\u017ce czu\u0107 si\u0119 uspokojona i uniesiona. Marihuana jest stosowana jako bezpieczny substytut w r\u00f3\u017cnych celach rekreacyjnych i leczniczych, poniewa\u017c coraz wi\u0119cej os\u00f3b zdaje sobie spraw\u0119 z jej prawdziwych korzy\u015bci zdrowotnych. Nale\u017cy jednak kontrolowa\u0107 dawk\u0119, poniewa\u017c nadmierne stosowanie mo\u017ce powodowa\u0107 niepo\u017c\u0105dane skutki uboczne, takie jak l\u0119k, halucynacje, wysokie ci\u015bnienie krwi, dyskomfort w klatce piersiowej, duszno\u015b\u0107, drgawki i wymioty. Ponadto, <a href=\"https:\/\/www.google.com\/search?q=Buy+K2+Paper+Online&amp;num=10&amp;sca_esv=1a2a07081c7891bb&amp;rlz=1C1RXQR_enIN1098IN1098&amp;sxsrf=AHTn8zo6KND-vLPK91ycz-gl24HROHOyKg%3A1742187805538&amp;ei=Ha3XZ67HIMrCjuMP4vKnsQk&amp;ved=0ahUKEwjuyZ-qq5CMAxVKoWMGHWL5KZYQ4dUDCBA&amp;uact=5&amp;oq=Buy+K2+Paper+Online&amp;gs_lp=Egxnd3Mtd2l6LXNlcnAiE0J1eSBLMiBQYXBlciBPbmxpbmVIsglQ4QVY4QVwA3gAkAEAmAG8AaABvAGqAQMwLjG4AQPIAQD4AQL4AQGYAgCgAgCYAwCIBgGSBwCgB0c&amp;sclient=gws-wiz-serp\">certain K2 spice<\/a> produkty na rynku mog\u0105 zawiera\u0107 niebezpieczne substancje chemiczne. Dlatego wa\u017cne jest, aby kupowa\u0107 od zaufanego sprzedawcy.<\/p>\n<p>Czy szukasz najlepszych produkt\u00f3w zio\u0142owych do kupienia? Oferujemy Ci doskona\u0142y wyb\u00f3r, aby kupi\u0107 papier K2 online w uczciwej cenie i mamy znaczn\u0105 globaln\u0105 baz\u0119 klient\u00f3w. Opr\u00f3cz posiadania najwi\u0119kszego wyboru towar\u00f3w, zapewniamy r\u00f3wnie\u017c bezpieczne metody p\u0142atno\u015bci i dyskretn\u0105 wysy\u0142k\u0119. Zatrzymywanie si\u0119 w pobliskich sklepach spo\u017cywczych lub miejscach odpoczynku nie jest obowi\u0105zkowe. Firma stale pracuje nad podnoszeniem jako\u015bci swoich towar\u00f3w i obs\u0142ugi klienta, aby pozosta\u0107 konkurencyjn\u0105. Twoja satysfakcja jest naszym najwy\u017cszym priorytetem, a my mamy kompetentny personel, kt\u00f3ry poradzi sobie z wszelkimi problemami. Je\u015bli masz jakiekolwiek pytania lub w\u0105tpliwo\u015bci, nie b\u00f3j si\u0119 skontaktowa\u0107 z nami.<\/p>\n<p>Papier K2 na sprzeda\u017c w niskiej cenie <a href=\"https:\/\/en.wikipedia.org\/wiki\/K2\">K2<\/a>-infused document, Law you can buy spice paper, liquid K2 on paper, and <a href=\"https:\/\/duckduckgo.com\/?q=Buy+K2+Paper+Online&amp;t=h_&amp;ia=web\">high K2 spice paper<\/a> online.<\/p>\n<h2><\/h2>\n<h2><\/h2>\n<p>&nbsp;<\/p>","protected":false},"excerpt":{"rendered":"<p>Purchase K2 paper online. Get cheap K2 paper sheets delivered straight to your home. Buy K2 paper online. Cannabis users are increasingly turning to synthetic marijuana. A blend of artificial chemicals and finely chopped plant material with psychedelic effects is known as K2-infused paper. Research indicates that the chemicals bind to the same receptors on &hellip;<\/p>\n<p class=\"read-more\"> <a class=\"\" href=\"https:\/\/legitgrams.com\/pl\/produkt\/papier-k2\/\"> <span class=\"screen-reader-text\">Kup papier K2 online<\/span> Czytaj wi\u0119cej \"<\/a><\/p>","protected":false},"featured_media":5342,"comment_status":"open","ping_status":"closed","template":"","meta":{"_uag_custom_page_level_css":"","site-sidebar-layout":"default","site-content-layout":"default","ast-global-header-display":"","ast-main-header-display":"","ast-hfb-above-header-display":"","ast-hfb-below-header-display":"","ast-hfb-mobile-header-display":"","site-post-title":"","ast-breadcrumbs-content":"","ast-featured-img":"","footer-sml-layout":"","theme-transparent-header-meta":"default","adv-header-id-meta":"","stick-header-meta":"default","header-above-stick-meta":"","header-main-stick-meta":"","header-below-stick-meta":"","_joinchat":[]},"product_brand":[],"product_cat":[602],"product_tag":[2992,2982,617,2974,2989,2986,2981,2973,2976,2977,2984,2975,2985,2987,2994,2995,2993,2990,2979,2991,2988,625,2980,2983,2978],"class_list":{"0":"post-4004","1":"product","2":"type-product","3":"status-publish","4":"has-post-thumbnail","6":"product_cat-k2-paper-and-spray","7":"product_tag-best-cheap-price-k2-paper","8":"product_tag-best-place-to-buy-k2-paper","9":"product_tag-bulk-online","10":"product_tag-buy-k2-paper","11":"product_tag-cheap-k2-paper","12":"product_tag-high-quality-k2-paper","13":"product_tag-how-to-buy-k2-paper","14":"product_tag-k2-paper","15":"product_tag-k2-paper-for-sale","16":"product_tag-k2-paper-k2-paper-supplier","17":"product_tag-k2-paper-legally","18":"product_tag-k2-paper-online","19":"product_tag-k2-paper-price","20":"product_tag-k2-paper-store","21":"product_tag-k2-paper-use","22":"product_tag-k2-paper-wiki","23":"product_tag-k2-paper-worldwide","24":"product_tag-k2-papers","25":"product_tag-order-k2-paper","26":"product_tag-purcharse-k2-paper","27":"product_tag-shop-k2-paper","28":"product_tag-top-quality","29":"product_tag-where-to-buy-k2-paper","30":"product_tag-where-to-order-k2-paper","31":"product_tag-wholesale-k2-paper","32":"desktop-align-left","33":"tablet-align-left","34":"mobile-align-left","35":"ast-product-gallery-layout-horizontal","36":"ast-product-gallery-with-no-image","37":"ast-product-single-variable","38":"ast-product-tabs-layout-horizontal","39":"ast-qv-on-image","41":"first","42":"instock","43":"shipping-taxable","44":"purchasable","45":"product-type-variable"},"yoast_head":"<!-- This site is optimized with the Yoast SEO plugin v25.9 - https:\/\/yoast.com\/wordpress\/plugins\/seo\/ -->\n<title>K2 Paper for Sale - Order K2 Paper Online | LegitGrams<\/title>\n<meta name=\"description\" content=\"Your order for K2 paper for sale is our responsibility. We will take your order to buy K2 paper into consideration and reach you in a short period. Place bulk orders now!\" \/>\n<meta name=\"robots\" content=\"index, follow, max-snippet:-1, max-image-preview:large, max-video-preview:-1\" \/>\n<link rel=\"canonical\" href=\"https:\/\/legitgrams.com\/pl\/produkt\/papier-k2\/\" \/>\n<meta property=\"og:locale\" content=\"pl_PL\" \/>\n<meta property=\"og:type\" content=\"article\" \/>\n<meta property=\"og:title\" content=\"K2 Paper for Sale - Order K2 Paper Online | LegitGrams\" \/>\n<meta property=\"og:description\" content=\"Your order for K2 paper for sale is our responsibility. We will take your order to buy K2 paper into consideration and reach you in a short period. Place bulk orders now!\" \/>\n<meta property=\"og:url\" content=\"https:\/\/legitgrams.com\/pl\/produkt\/papier-k2\/\" \/>\n<meta property=\"og:site_name\" content=\"Legit Grams\" \/>\n<meta property=\"article:modified_time\" content=\"2025-04-04T07:35:26+00:00\" \/>\n<meta property=\"og:image\" content=\"https:\/\/legitgrams.com\/wp-content\/uploads\/2024\/09\/Buy-K2-paper-online.jpg\" \/>\n\t<meta property=\"og:image:width\" content=\"600\" \/>\n\t<meta property=\"og:image:height\" content=\"600\" \/>\n\t<meta property=\"og:image:type\" content=\"image\/jpeg\" \/>\n<meta name=\"twitter:card\" content=\"summary_large_image\" \/>\n<meta name=\"twitter:label1\" content=\"Szacowany czas czytania\" \/>\n\t<meta name=\"twitter:data1\" content=\"2 minuty\" \/>\n<script type=\"application\/ld+json\" class=\"yoast-schema-graph\">{\"@context\":\"https:\/\/schema.org\",\"@graph\":[{\"@type\":\"WebPage\",\"@id\":\"https:\/\/legitgrams.com\/product\/k2-paper\/\",\"url\":\"https:\/\/legitgrams.com\/product\/k2-paper\/\",\"name\":\"K2 Paper for Sale - Order K2 Paper Online | LegitGrams\",\"isPartOf\":{\"@id\":\"https:\/\/legitgrams.com\/#website\"},\"primaryImageOfPage\":{\"@id\":\"https:\/\/legitgrams.com\/product\/k2-paper\/#primaryimage\"},\"image\":{\"@id\":\"https:\/\/legitgrams.com\/product\/k2-paper\/#primaryimage\"},\"thumbnailUrl\":\"https:\/\/legitgrams.com\/wp-content\/uploads\/2024\/09\/Buy-K2-paper-online.jpg\",\"datePublished\":\"2024-09-21T07:51:28+00:00\",\"dateModified\":\"2025-04-04T07:35:26+00:00\",\"description\":\"Your order for K2 paper for sale is our responsibility. We will take your order to buy K2 paper into consideration and reach you in a short period. Place bulk orders now!\",\"breadcrumb\":{\"@id\":\"https:\/\/legitgrams.com\/product\/k2-paper\/#breadcrumb\"},\"inLanguage\":\"pl-PL\",\"potentialAction\":[{\"@type\":\"ReadAction\",\"target\":[\"https:\/\/legitgrams.com\/product\/k2-paper\/\"]}]},{\"@type\":\"ImageObject\",\"inLanguage\":\"pl-PL\",\"@id\":\"https:\/\/legitgrams.com\/product\/k2-paper\/#primaryimage\",\"url\":\"https:\/\/legitgrams.com\/wp-content\/uploads\/2024\/09\/Buy-K2-paper-online.jpg\",\"contentUrl\":\"https:\/\/legitgrams.com\/wp-content\/uploads\/2024\/09\/Buy-K2-paper-online.jpg\",\"width\":600,\"height\":600,\"caption\":\"K2 Paper for Sale\"},{\"@type\":\"BreadcrumbList\",\"@id\":\"https:\/\/legitgrams.com\/product\/k2-paper\/#breadcrumb\",\"itemListElement\":[{\"@type\":\"ListItem\",\"position\":1,\"name\":\"Home\",\"item\":\"https:\/\/legitgrams.com\/\"},{\"@type\":\"ListItem\",\"position\":2,\"name\":\"Shop\",\"item\":\"https:\/\/legitgrams.com\/shop\/\"},{\"@type\":\"ListItem\",\"position\":3,\"name\":\"Buy K2 Paper Online\"}]},{\"@type\":\"WebSite\",\"@id\":\"https:\/\/legitgrams.com\/#website\",\"url\":\"https:\/\/legitgrams.com\/\",\"name\":\"Legit Grams\",\"description\":\"My WordPress Blog\",\"publisher\":{\"@id\":\"https:\/\/legitgrams.com\/#organization\"},\"potentialAction\":[{\"@type\":\"SearchAction\",\"target\":{\"@type\":\"EntryPoint\",\"urlTemplate\":\"https:\/\/legitgrams.com\/?s={search_term_string}\"},\"query-input\":{\"@type\":\"PropertyValueSpecification\",\"valueRequired\":true,\"valueName\":\"search_term_string\"}}],\"inLanguage\":\"pl-PL\"},{\"@type\":\"Organization\",\"@id\":\"https:\/\/legitgrams.com\/#organization\",\"name\":\"Legit Grams\",\"url\":\"https:\/\/legitgrams.com\/\",\"logo\":{\"@type\":\"ImageObject\",\"inLanguage\":\"pl-PL\",\"@id\":\"https:\/\/legitgrams.com\/#\/schema\/logo\/image\/\",\"url\":\"https:\/\/legitgrams.com\/wp-content\/uploads\/2024\/09\/main-logo.png\",\"contentUrl\":\"https:\/\/legitgrams.com\/wp-content\/uploads\/2024\/09\/main-logo.png\",\"width\":270,\"height\":75,\"caption\":\"Legit Grams\"},\"image\":{\"@id\":\"https:\/\/legitgrams.com\/#\/schema\/logo\/image\/\"}}]}<\/script>\n<!-- \/ Yoast SEO plugin. -->","yoast_head_json":{"title":"K2 Paper na sprzeda\u017c - Zam\u00f3w K2 Paper online | LegitGrams","description":"Twoje zam\u00f3wienie na papier K2 na sprzeda\u017c jest naszym obowi\u0105zkiem. We\u017amiemy pod uwag\u0119 Twoje zam\u00f3wienie na papier K2 i dotrzemy do Ciebie w kr\u00f3tkim czasie. Z\u0142\u00f3\u017c zam\u00f3wienie hurtowe ju\u017c teraz!","robots":{"index":"index","follow":"follow","max-snippet":"max-snippet:-1","max-image-preview":"max-image-preview:large","max-video-preview":"max-video-preview:-1"},"canonical":"https:\/\/legitgrams.com\/pl\/produkt\/papier-k2\/","og_locale":"pl_PL","og_type":"article","og_title":"K2 Paper for Sale - Order K2 Paper Online | LegitGrams","og_description":"Your order for K2 paper for sale is our responsibility. We will take your order to buy K2 paper into consideration and reach you in a short period. Place bulk orders now!","og_url":"https:\/\/legitgrams.com\/pl\/produkt\/papier-k2\/","og_site_name":"Legit Grams","article_modified_time":"2025-04-04T07:35:26+00:00","og_image":[{"width":600,"height":600,"url":"https:\/\/legitgrams.com\/wp-content\/uploads\/2024\/09\/Buy-K2-paper-online.jpg","type":"image\/jpeg"}],"twitter_card":"summary_large_image","twitter_misc":{"Szacowany czas czytania":"2 minuty"},"schema":{"@context":"https:\/\/schema.org","@graph":[{"@type":"WebPage","@id":"https:\/\/legitgrams.com\/product\/k2-paper\/","url":"https:\/\/legitgrams.com\/product\/k2-paper\/","name":"K2 Paper na sprzeda\u017c - Zam\u00f3w K2 Paper online | LegitGrams","isPartOf":{"@id":"https:\/\/legitgrams.com\/#website"},"primaryImageOfPage":{"@id":"https:\/\/legitgrams.com\/product\/k2-paper\/#primaryimage"},"image":{"@id":"https:\/\/legitgrams.com\/product\/k2-paper\/#primaryimage"},"thumbnailUrl":"https:\/\/legitgrams.com\/wp-content\/uploads\/2024\/09\/Buy-K2-paper-online.jpg","datePublished":"2024-09-21T07:51:28+00:00","dateModified":"2025-04-04T07:35:26+00:00","description":"Twoje zam\u00f3wienie na papier K2 na sprzeda\u017c jest naszym obowi\u0105zkiem. We\u017amiemy pod uwag\u0119 Twoje zam\u00f3wienie na papier K2 i dotrzemy do Ciebie w kr\u00f3tkim czasie. Z\u0142\u00f3\u017c zam\u00f3wienie hurtowe ju\u017c teraz!","breadcrumb":{"@id":"https:\/\/legitgrams.com\/product\/k2-paper\/#breadcrumb"},"inLanguage":"pl-PL","potentialAction":[{"@type":"ReadAction","target":["https:\/\/legitgrams.com\/product\/k2-paper\/"]}]},{"@type":"ImageObject","inLanguage":"pl-PL","@id":"https:\/\/legitgrams.com\/product\/k2-paper\/#primaryimage","url":"https:\/\/legitgrams.com\/wp-content\/uploads\/2024\/09\/Buy-K2-paper-online.jpg","contentUrl":"https:\/\/legitgrams.com\/wp-content\/uploads\/2024\/09\/Buy-K2-paper-online.jpg","width":600,"height":600,"caption":"K2 Paper for Sale"},{"@type":"BreadcrumbList","@id":"https:\/\/legitgrams.com\/product\/k2-paper\/#breadcrumb","itemListElement":[{"@type":"ListItem","position":1,"name":"Home","item":"https:\/\/legitgrams.com\/"},{"@type":"ListItem","position":2,"name":"Shop","item":"https:\/\/legitgrams.com\/shop\/"},{"@type":"ListItem","position":3,"name":"Buy K2 Paper Online"}]},{"@type":"WebSite","@id":"https:\/\/legitgrams.com\/#website","url":"https:\/\/legitgrams.com\/","name":"Legit Grams","description":"M\u00f3j blog WordPress","publisher":{"@id":"https:\/\/legitgrams.com\/#organization"},"potentialAction":[{"@type":"SearchAction","target":{"@type":"EntryPoint","urlTemplate":"https:\/\/legitgrams.com\/?s={search_term_string}"},"query-input":{"@type":"PropertyValueSpecification","valueRequired":true,"valueName":"search_term_string"}}],"inLanguage":"pl-PL"},{"@type":"Organization","@id":"https:\/\/legitgrams.com\/#organization","name":"Legit Grams","url":"https:\/\/legitgrams.com\/","logo":{"@type":"ImageObject","inLanguage":"pl-PL","@id":"https:\/\/legitgrams.com\/#\/schema\/logo\/image\/","url":"https:\/\/legitgrams.com\/wp-content\/uploads\/2024\/09\/main-logo.png","contentUrl":"https:\/\/legitgrams.com\/wp-content\/uploads\/2024\/09\/main-logo.png","width":270,"height":75,"caption":"Legit Grams"},"image":{"@id":"https:\/\/legitgrams.com\/#\/schema\/logo\/image\/"}}]}},"uagb_featured_image_src":{"full":["https:\/\/legitgrams.com\/wp-content\/uploads\/2024\/09\/Buy-K2-paper-online.jpg",600,600,false],"thumbnail":["https:\/\/legitgrams.com\/wp-content\/uploads\/2024\/09\/Buy-K2-paper-online-150x150.jpg",150,150,true],"medium":["https:\/\/legitgrams.com\/wp-content\/uploads\/2024\/09\/Buy-K2-paper-online-300x300.jpg",300,300,true],"medium_large":["https:\/\/legitgrams.com\/wp-content\/uploads\/2024\/09\/Buy-K2-paper-online.jpg",600,600,false],"large":["https:\/\/legitgrams.com\/wp-content\/uploads\/2024\/09\/Buy-K2-paper-online.jpg",600,600,false],"1536x1536":["https:\/\/legitgrams.com\/wp-content\/uploads\/2024\/09\/Buy-K2-paper-online.jpg",600,600,false],"2048x2048":["https:\/\/legitgrams.com\/wp-content\/uploads\/2024\/09\/Buy-K2-paper-online.jpg",600,600,false],"trp-custom-language-flag":["https:\/\/legitgrams.com\/wp-content\/uploads\/2024\/09\/Buy-K2-paper-online-12x12.jpg",12,12,true],"woocommerce_thumbnail":["https:\/\/legitgrams.com\/wp-content\/uploads\/2024\/09\/Buy-K2-paper-online-300x300.jpg",300,300,true],"woocommerce_single":["https:\/\/legitgrams.com\/wp-content\/uploads\/2024\/09\/Buy-K2-paper-online.jpg",600,600,false],"woocommerce_gallery_thumbnail":["https:\/\/legitgrams.com\/wp-content\/uploads\/2024\/09\/Buy-K2-paper-online-100x100.jpg",100,100,true]},"uagb_author_info":{"display_name":"cokeblog18","author_link":"https:\/\/legitgrams.com\/pl\/author\/"},"uagb_comment_info":0,"uagb_excerpt":"Purchase K2 paper online. Get cheap K2 paper sheets delivered straight to your home. Buy K2 paper online. Cannabis users are increasingly turning to synthetic marijuana. A blend of artificial chemicals and finely chopped plant material with psychedelic effects is known as K2-infused paper. Research indicates that the chemicals bind to the same receptors on&hellip;","_links":{"self":[{"href":"https:\/\/legitgrams.com\/pl\/wp-json\/wp\/v2\/product\/4004","targetHints":{"allow":["GET"]}}],"collection":[{"href":"https:\/\/legitgrams.com\/pl\/wp-json\/wp\/v2\/product"}],"about":[{"href":"https:\/\/legitgrams.com\/pl\/wp-json\/wp\/v2\/types\/product"}],"replies":[{"embeddable":true,"href":"https:\/\/legitgrams.com\/pl\/wp-json\/wp\/v2\/comments?post=4004"}],"wp:featuredmedia":[{"embeddable":true,"href":"https:\/\/legitgrams.com\/pl\/wp-json\/wp\/v2\/media\/5342"}],"wp:attachment":[{"href":"https:\/\/legitgrams.com\/pl\/wp-json\/wp\/v2\/media?parent=4004"}],"wp:term":[{"taxonomy":"product_brand","embeddable":true,"href":"https:\/\/legitgrams.com\/pl\/wp-json\/wp\/v2\/product_brand?post=4004"},{"taxonomy":"product_cat","embeddable":true,"href":"https:\/\/legitgrams.com\/pl\/wp-json\/wp\/v2\/product_cat?post=4004"},{"taxonomy":"product_tag","embeddable":true,"href":"https:\/\/legitgrams.com\/pl\/wp-json\/wp\/v2\/product_tag?post=4004"}],"curies":[{"name":"wp","href":"https:\/\/api.w.org\/{rel}","templated":true}]}}