{"id":4005,"date":"2024-09-21T07:58:51","date_gmt":"2024-09-21T07:58:51","guid":{"rendered":"https:\/\/legitgrams.com\/?post_type=product&#038;p=4005"},"modified":"2025-04-04T07:07:15","modified_gmt":"2025-04-04T07:07:15","slug":"zaawansowany-technologicznie-syrop-na-kaszel","status":"publish","type":"product","link":"https:\/\/legitgrams.com\/pl\/produkt\/zaawansowany-technologicznie-syrop-na-kaszel\/","title":{"rendered":"Kup syrop na kaszel Hi-Tech online"},"content":{"rendered":"<h2>Zakup syropu na kaszel Hi-Tech online<\/h2>\n<p>Get <a href=\"https:\/\/legitgrams.com\/pl\/produkt\/zaawansowany-technologicznie-syrop-na-kaszel\/\">zaawansowany technologicznie syrop na kaszel<\/a> online za bardzo przyst\u0119pn\u0105 cen\u0119. Mo\u017cna r\u00f3wnie\u017c kupi\u0107 kokain\u0119 w celu jej odsprzeda\u017cy. GHB jest jednym z wielu narkotyk\u00f3w i stymulant\u00f3w, kt\u00f3re sprzedajemy.<\/p>\n<p>Czy lubisz smakowite rzeczy, ale uwa\u017casz, \u017ce s\u0105 zbyt wolne, aby si\u0119 rozkr\u0119ci\u0107? Ze wzgl\u0119du na ich smak i moc, <a href=\"https:\/\/www.bing.com\/search?q=KupsyropnakaszelHi-Techonline&amp;qs=n&amp;form=QBRE&amp;sp=-1&amp;lq=0&amp;pq=kupsyropnakaszelhi-techonline&amp;sc=18-34&amp;sk=&amp;cvid=DA86BAA585D94F35946B589E10DABA22&amp;ghsh=0&amp;ghacc=0&amp;ghpl=\">Syrop THC<\/a> mo\u017ce sta\u0107 si\u0119 Twoim nowym ulubionym lekiem w leczeniu b\u00f3lu.<\/p>\n<p>Dla os\u00f3b poszukuj\u0105cych zar\u00f3wno zastosowa\u0144 terapeutycznych, jak i rekreacyjnych, syrop konopny jest \u015bwietny. Jest skuteczny, mocny i rozs\u0105dnie stosowany; zwykle potrzeba od 20 do 30 minut, aby zacz\u0105\u0142 dzia\u0142a\u0107. Wystarczy wzi\u0105\u0107 porcj\u0119 i doda\u0107 j\u0105 do dowolnego posi\u0142ku lub napoju. Z drugiej strony, skromna ilo\u015b\u0107 jest \u0142atwa do spo\u017cycia. To takie proste!<\/p>\n<h2><span style=\"font-size: 16px; font-style: normal; font-weight: 400;\">syrop na kaszel high-tech, syrop na kaszel premium, syrop na kaszel premium na sprzeda\u017c, syrop na kaszel premium online i syrop na kaszel premium w niskich cenach. <a href=\"https:\/\/www.google.com\/search?q=Kup+syrop+na+kaszel+Hi-Tech+online&amp;sca_esv=eddefdb7b92e7545&amp;sxsrf=AHTn8zqQnZ2H0bwYXX_ZZ3Nm6KhCVRxofA1743751282012&amp;ei=cojvZ8dGqoLQ8Q_n0JnhDQ&amp;ved=0ahUKEwjHx_bd672MAxUqATQIHWdoJtwQ4dUDCBA&amp;uact=5&amp;oq=Kup+syrop+na+kaszel+Hi-Tech+online&amp;gs_lp=Egxnd3Mtd2l6LXNlcnAiIkt1cCBzeXJvcCBuYSBrYXN6ZWwgSGktVGVjaCBvbmxpbmVIsQRQAFgAcAB4AZABAJgBAKABAKoBALgBA8gBAPgBAvgBAZgCAKACAJgDAJIHAKAHALIHALgHAA&amp;sclient=gws-wiz-serp\">Syrop THC<\/a> jest sugerowanym sposobem na skorzystanie ze wszystkich zalet tej naprawd\u0119 niezwyk\u0142ej ro\u015bliny dla os\u00f3b, kt\u00f3re nie mog\u0105 znie\u015b\u0107 my\u015bli o paleniu marihuany lub kt\u00f3re mog\u0105 by\u0107 zbyt chore, aby nawet rozwa\u017cy\u0107 t\u0119 my\u015bl. Dost\u0119pno\u015b\u0107 syropu CBD by\u0142aby mile widziana przez klient\u00f3w poddawanych ostro\u017cnej terapii. Jednak jest to temat na inny esej! <a href=\"https:\/\/legitgrams.com\/pl\/\">LegitGrams<\/a><br \/>\n<\/span><\/h2>\n<h3>Kompleksowe wytyczne dotycz\u0105ce produkcji syropu THC<\/h3>\n<p>Je\u015bli szukasz prostego przepisu na syrop THC, nie szukaj dalej. Przy u\u017cyciu zaledwie kilku sk\u0142adnik\u00f3w i niewielkiej ilo\u015bci sprz\u0119tu, z pewno\u015bci\u0105 mo\u017cliwe jest zrobienie nalewanego <a href=\"https:\/\/duckduckgo.com\/?q=Kup+syrop+na+kaszel+Hi-Tech+online&amp;t=h_&amp;ia=web\">Syrop THC<\/a> w domu. THC mo\u017ce by\u0107 najprostsz\u0105 substancj\u0105 do samodzielnego wytworzenia, poniewa\u017c jest ma\u0142o prawdopodobne, aby zosta\u0142a wyekstrahowana z materia\u0142u ro\u015blinnego przez potencjalnie szkodliwe substancje syntetyczne.<\/p>\n<p>Aby przygotowa\u0107 w\u0142asny syrop z mieszank\u0105 THC, b\u0119dziesz potrzebowa\u0107\u2026<\/p>\n<p>Aqua. Oko\u0142o 200 ml syropu wystarczy. Zazwyczaj mo\u017cesz zrobi\u0107 wi\u0119cej p\u00f3\u017aniej, poniewa\u017c przepis jest bardzo \u0142atwy do na\u015bladowania.<\/p>\n<p>\u015awietnie. Jak d\u0142ugo mo\u017cesz przechowywa\u0107 syrop z konopi w lod\u00f3wce, zale\u017cy od tego, ile cukru u\u017cyjesz. Mo\u017cesz przechowywa\u0107 powsta\u0142y syrop przez oko\u0142o trzy miesi\u0105ce, je\u015bli u\u017cyjesz dw\u00f3ch cz\u0119\u015bci cukru na jedn\u0105 cz\u0119\u015b\u0107 wody. Chocia\u017c nie b\u0119dzie przechowywany tak d\u0142ugo, mo\u017cna r\u00f3wnie\u017c zrobi\u0107 syrop 1:1.<\/p>\n<p>Powinien istnie\u0107 jaki\u015b rodzaj surowego produktu zdekarboksylowanego THC (kwiat, przycinka, wstrz\u0105s, haszysz, olej, przerwa, wosk), ale mo\u017cna u\u017cy\u0107 wszystkiego.<\/p>\n<h3>DAWKOWANIE SYROPU THC<\/h3>\n<p>Ka\u017cda osoba ma inn\u0105 ilo\u015b\u0107 syropu THC. Wa\u017cne jest zachowanie ostro\u017cno\u015bci i zr\u00f3wnowa\u017cenie mocy ka\u017cdego produktu zawieraj\u0105cego THC z jego moc\u0105. High-tech syrop na kaszel na sprzeda\u017c, high-tech syrop konopny, tani high-tech syrop na kaszel i high-tech syrop na kaszel online<\/p>\n<p>Domowe syropy z mieszank\u0105 THC maj\u0105 t\u0119 wad\u0119, \u017ce cz\u0119sto trudno stwierdzi\u0107, jak bardzo s\u0105 skoncentrowane. Je\u015bli to Ci\u0119 martwi lub po prostu nie chcesz przegl\u0105da\u0107 naszych najlepszych opcji z rynku poni\u017cej, aby unikn\u0105\u0107 (niewielkiego) wysi\u0142ku w\u0142o\u017conego w przygotowanie w\u0142asnego.<\/p>\n<p>Kup <a href=\"https:\/\/en.wikipedia.org\/wiki\/High_tech\">Hi-Tech<\/a> Syrop na kaszel online: Kup syrop na kaszel, Kup Hi-Tech Cough, kup online syrop na kaszel, Jak kupi\u0107 syrop na kaszel Hi-Tech, Gdzie go kupi\u0107, Jak kupi\u0107 online, Jak kupi\u0107 w USA, Kanadzie i Wielkiej Brytanii, Jak kupi\u0107 online, Gdzie go kupi\u0107, Dostawcy, Bezpieczna dostawa, Syrop na kaszel Hi-Tech jest nadal dost\u0119pny. Czy Stany Zjednoczone zezwalaj\u0105 na zakup syropu na kaszel Hi-Tech? Jaki jest proces zamawiania syropu na kaszel Hi-Tech? Czy w Kanadzie jest to legalne?<\/p>","protected":false},"excerpt":{"rendered":"<p>Purchase of Hi-Tech cough syrup Online Get high-tech cough syrup online for a very affordable price. also purchase cocaine to resell. GHB is among the many drugs and stimulants that we sell. Do you like palatables but think they&#8217;re too slow to get going? Because of its flavor and strength, THC syrup might become your &hellip;<\/p>\n<p class=\"read-more\"> <a class=\"\" href=\"https:\/\/legitgrams.com\/pl\/produkt\/zaawansowany-technologicznie-syrop-na-kaszel\/\"> <span class=\"screen-reader-text\">Kup syrop na kaszel Hi-Tech online<\/span> Czytaj wi\u0119cej \"<\/a><\/p>","protected":false},"featured_media":5344,"comment_status":"open","ping_status":"closed","template":"","meta":{"_uag_custom_page_level_css":"","site-sidebar-layout":"default","site-content-layout":"default","ast-global-header-display":"","ast-main-header-display":"","ast-hfb-above-header-display":"","ast-hfb-below-header-display":"","ast-hfb-mobile-header-display":"","site-post-title":"","ast-breadcrumbs-content":"","ast-featured-img":"","footer-sml-layout":"","theme-transparent-header-meta":"default","adv-header-id-meta":"","stick-header-meta":"default","header-above-stick-meta":"","header-main-stick-meta":"","header-below-stick-meta":"","_joinchat":[]},"product_brand":[],"product_cat":[603],"product_tag":[2969,2959,617,2951,2966,2950,2953,2954,2961,2952,2962,2964,2971,2972,2970,2967,2963,2958,2956,2968,2965,625,2957,2960,2955],"class_list":{"0":"post-4005","1":"product","2":"type-product","3":"status-publish","4":"has-post-thumbnail","6":"product_cat-cough-syrup","7":"product_tag-best-cheap-price-hi-tech-cough-syrup","8":"product_tag-best-place-to-buy-hi-tech-cough-syrup","9":"product_tag-bulk-online","10":"product_tag-buy-hi-tech-cough-syrup","11":"product_tag-cheap-hi-tech-cough-syrup","12":"product_tag-hi-tech-cough-syrup","13":"product_tag-hi-tech-cough-syrup-for-sale","14":"product_tag-hi-tech-cough-syrup-hi-tech-cough-syrup-supplier","15":"product_tag-hi-tech-cough-syrup-legally","16":"product_tag-hi-tech-cough-syrup-online","17":"product_tag-hi-tech-cough-syrup-price","18":"product_tag-hi-tech-cough-syrup-store","19":"product_tag-hi-tech-cough-syrup-use","20":"product_tag-hi-tech-cough-syrup-wiki","21":"product_tag-hi-tech-cough-syrup-worldwide","22":"product_tag-hi-tech-cough-syrups","23":"product_tag-high-quality-hi-tech-cough-syrup","24":"product_tag-how-to-buy-hi-tech-cough-syrup","25":"product_tag-order-hi-tech-cough-syrup","26":"product_tag-purcharse-hi-tech-cough-syrup","27":"product_tag-shop-hi-tech-cough-syrup","28":"product_tag-top-quality","29":"product_tag-where-to-buy-hi-tech-cough-syrup","30":"product_tag-where-to-order-hi-tech-cough-syrup","31":"product_tag-wholesale-hi-tech-cough-syrup","32":"desktop-align-left","33":"tablet-align-left","34":"mobile-align-left","35":"ast-product-gallery-layout-horizontal","36":"ast-product-gallery-with-no-image","37":"ast-product-single-variable","38":"ast-product-tabs-layout-horizontal","39":"ast-qv-on-image","41":"first","42":"instock","43":"shipping-taxable","44":"purchasable","45":"product-type-variable"},"yoast_head":"<!-- This site is optimized with the Yoast SEO plugin v25.9 - https:\/\/yoast.com\/wordpress\/plugins\/seo\/ -->\n<title>Hi-Tech Cough Syrup for Sale - Buy Hi-Tech Cough Syrup Online<\/title>\n<meta name=\"description\" content=\"Buy Hi-Tech Cough Syruponline from our trusted online store for top-quality products. Get Hi-Tech Cough Syrup for sale easily and securely on our platform for ultimate customer satisfaction. Order Now!\" \/>\n<meta name=\"robots\" content=\"index, follow, max-snippet:-1, max-image-preview:large, max-video-preview:-1\" \/>\n<link rel=\"canonical\" href=\"https:\/\/legitgrams.com\/pl\/produkt\/zaawansowany-technologicznie-syrop-na-kaszel\/\" \/>\n<meta property=\"og:locale\" content=\"pl_PL\" \/>\n<meta property=\"og:type\" content=\"article\" \/>\n<meta property=\"og:title\" content=\"Hi-Tech Cough Syrup for Sale - Buy Hi-Tech Cough Syrup Online\" \/>\n<meta property=\"og:description\" content=\"Buy Hi-Tech Cough Syruponline from our trusted online store for top-quality products. Get Hi-Tech Cough Syrup for sale easily and securely on our platform for ultimate customer satisfaction. Order Now!\" \/>\n<meta property=\"og:url\" content=\"https:\/\/legitgrams.com\/pl\/produkt\/zaawansowany-technologicznie-syrop-na-kaszel\/\" \/>\n<meta property=\"og:site_name\" content=\"Legit Grams\" \/>\n<meta property=\"article:modified_time\" content=\"2025-04-04T07:07:15+00:00\" \/>\n<meta property=\"og:image\" content=\"https:\/\/legitgrams.com\/wp-content\/uploads\/2024\/09\/buy-hi-tech-cough-syrup-online.jpg\" \/>\n\t<meta property=\"og:image:width\" content=\"600\" \/>\n\t<meta property=\"og:image:height\" content=\"600\" \/>\n\t<meta property=\"og:image:type\" content=\"image\/jpeg\" \/>\n<meta name=\"twitter:card\" content=\"summary_large_image\" \/>\n<meta name=\"twitter:label1\" content=\"Szacowany czas czytania\" \/>\n\t<meta name=\"twitter:data1\" content=\"3 minuty\" \/>\n<script type=\"application\/ld+json\" class=\"yoast-schema-graph\">{\"@context\":\"https:\/\/schema.org\",\"@graph\":[{\"@type\":\"WebPage\",\"@id\":\"https:\/\/legitgrams.com\/product\/hi-tech-cough-syrup\/\",\"url\":\"https:\/\/legitgrams.com\/product\/hi-tech-cough-syrup\/\",\"name\":\"Hi-Tech Cough Syrup for Sale - Buy Hi-Tech Cough Syrup Online\",\"isPartOf\":{\"@id\":\"https:\/\/legitgrams.com\/#website\"},\"primaryImageOfPage\":{\"@id\":\"https:\/\/legitgrams.com\/product\/hi-tech-cough-syrup\/#primaryimage\"},\"image\":{\"@id\":\"https:\/\/legitgrams.com\/product\/hi-tech-cough-syrup\/#primaryimage\"},\"thumbnailUrl\":\"https:\/\/legitgrams.com\/wp-content\/uploads\/2024\/09\/buy-hi-tech-cough-syrup-online.jpg\",\"datePublished\":\"2024-09-21T07:58:51+00:00\",\"dateModified\":\"2025-04-04T07:07:15+00:00\",\"description\":\"Buy Hi-Tech Cough Syruponline from our trusted online store for top-quality products. Get Hi-Tech Cough Syrup for sale easily and securely on our platform for ultimate customer satisfaction. Order Now!\",\"breadcrumb\":{\"@id\":\"https:\/\/legitgrams.com\/product\/hi-tech-cough-syrup\/#breadcrumb\"},\"inLanguage\":\"pl-PL\",\"potentialAction\":[{\"@type\":\"ReadAction\",\"target\":[\"https:\/\/legitgrams.com\/product\/hi-tech-cough-syrup\/\"]}]},{\"@type\":\"ImageObject\",\"inLanguage\":\"pl-PL\",\"@id\":\"https:\/\/legitgrams.com\/product\/hi-tech-cough-syrup\/#primaryimage\",\"url\":\"https:\/\/legitgrams.com\/wp-content\/uploads\/2024\/09\/buy-hi-tech-cough-syrup-online.jpg\",\"contentUrl\":\"https:\/\/legitgrams.com\/wp-content\/uploads\/2024\/09\/buy-hi-tech-cough-syrup-online.jpg\",\"width\":600,\"height\":600,\"caption\":\"Hi-Tech Cough Syrup for Sale\"},{\"@type\":\"BreadcrumbList\",\"@id\":\"https:\/\/legitgrams.com\/product\/hi-tech-cough-syrup\/#breadcrumb\",\"itemListElement\":[{\"@type\":\"ListItem\",\"position\":1,\"name\":\"Home\",\"item\":\"https:\/\/legitgrams.com\/\"},{\"@type\":\"ListItem\",\"position\":2,\"name\":\"Shop\",\"item\":\"https:\/\/legitgrams.com\/shop\/\"},{\"@type\":\"ListItem\",\"position\":3,\"name\":\"Buy Hi-Tech cough syrup Online\"}]},{\"@type\":\"WebSite\",\"@id\":\"https:\/\/legitgrams.com\/#website\",\"url\":\"https:\/\/legitgrams.com\/\",\"name\":\"Legit Grams\",\"description\":\"My WordPress Blog\",\"publisher\":{\"@id\":\"https:\/\/legitgrams.com\/#organization\"},\"potentialAction\":[{\"@type\":\"SearchAction\",\"target\":{\"@type\":\"EntryPoint\",\"urlTemplate\":\"https:\/\/legitgrams.com\/?s={search_term_string}\"},\"query-input\":{\"@type\":\"PropertyValueSpecification\",\"valueRequired\":true,\"valueName\":\"search_term_string\"}}],\"inLanguage\":\"pl-PL\"},{\"@type\":\"Organization\",\"@id\":\"https:\/\/legitgrams.com\/#organization\",\"name\":\"Legit Grams\",\"url\":\"https:\/\/legitgrams.com\/\",\"logo\":{\"@type\":\"ImageObject\",\"inLanguage\":\"pl-PL\",\"@id\":\"https:\/\/legitgrams.com\/#\/schema\/logo\/image\/\",\"url\":\"https:\/\/legitgrams.com\/wp-content\/uploads\/2024\/09\/main-logo.png\",\"contentUrl\":\"https:\/\/legitgrams.com\/wp-content\/uploads\/2024\/09\/main-logo.png\",\"width\":270,\"height\":75,\"caption\":\"Legit Grams\"},\"image\":{\"@id\":\"https:\/\/legitgrams.com\/#\/schema\/logo\/image\/\"}}]}<\/script>\n<!-- \/ Yoast SEO plugin. -->","yoast_head_json":{"title":"Syrop na kaszel Hi-Tech na sprzeda\u017c - Kup syrop na kaszel Hi-Tech online","description":"Kup Hi-Tech Cough Syruponline w naszym zaufanym sklepie internetowym z produktami najwy\u017cszej jako\u015bci. Kup Hi-Tech Cough Syrup na sprzeda\u017c \u0142atwo i bezpiecznie na naszej platformie, aby uzyska\u0107 najwy\u017csz\u0105 satysfakcj\u0119 klienta. Zam\u00f3w teraz!","robots":{"index":"index","follow":"follow","max-snippet":"max-snippet:-1","max-image-preview":"max-image-preview:large","max-video-preview":"max-video-preview:-1"},"canonical":"https:\/\/legitgrams.com\/pl\/produkt\/zaawansowany-technologicznie-syrop-na-kaszel\/","og_locale":"pl_PL","og_type":"article","og_title":"Hi-Tech Cough Syrup for Sale - Buy Hi-Tech Cough Syrup Online","og_description":"Buy Hi-Tech Cough Syruponline from our trusted online store for top-quality products. Get Hi-Tech Cough Syrup for sale easily and securely on our platform for ultimate customer satisfaction. Order Now!","og_url":"https:\/\/legitgrams.com\/pl\/produkt\/zaawansowany-technologicznie-syrop-na-kaszel\/","og_site_name":"Legit Grams","article_modified_time":"2025-04-04T07:07:15+00:00","og_image":[{"width":600,"height":600,"url":"https:\/\/legitgrams.com\/wp-content\/uploads\/2024\/09\/buy-hi-tech-cough-syrup-online.jpg","type":"image\/jpeg"}],"twitter_card":"summary_large_image","twitter_misc":{"Szacowany czas czytania":"3 minuty"},"schema":{"@context":"https:\/\/schema.org","@graph":[{"@type":"WebPage","@id":"https:\/\/legitgrams.com\/product\/hi-tech-cough-syrup\/","url":"https:\/\/legitgrams.com\/product\/hi-tech-cough-syrup\/","name":"Syrop na kaszel Hi-Tech na sprzeda\u017c - Kup syrop na kaszel Hi-Tech online","isPartOf":{"@id":"https:\/\/legitgrams.com\/#website"},"primaryImageOfPage":{"@id":"https:\/\/legitgrams.com\/product\/hi-tech-cough-syrup\/#primaryimage"},"image":{"@id":"https:\/\/legitgrams.com\/product\/hi-tech-cough-syrup\/#primaryimage"},"thumbnailUrl":"https:\/\/legitgrams.com\/wp-content\/uploads\/2024\/09\/buy-hi-tech-cough-syrup-online.jpg","datePublished":"2024-09-21T07:58:51+00:00","dateModified":"2025-04-04T07:07:15+00:00","description":"Kup Hi-Tech Cough Syruponline w naszym zaufanym sklepie internetowym z produktami najwy\u017cszej jako\u015bci. Kup Hi-Tech Cough Syrup na sprzeda\u017c \u0142atwo i bezpiecznie na naszej platformie, aby uzyska\u0107 najwy\u017csz\u0105 satysfakcj\u0119 klienta. Zam\u00f3w teraz!","breadcrumb":{"@id":"https:\/\/legitgrams.com\/product\/hi-tech-cough-syrup\/#breadcrumb"},"inLanguage":"pl-PL","potentialAction":[{"@type":"ReadAction","target":["https:\/\/legitgrams.com\/product\/hi-tech-cough-syrup\/"]}]},{"@type":"ImageObject","inLanguage":"pl-PL","@id":"https:\/\/legitgrams.com\/product\/hi-tech-cough-syrup\/#primaryimage","url":"https:\/\/legitgrams.com\/wp-content\/uploads\/2024\/09\/buy-hi-tech-cough-syrup-online.jpg","contentUrl":"https:\/\/legitgrams.com\/wp-content\/uploads\/2024\/09\/buy-hi-tech-cough-syrup-online.jpg","width":600,"height":600,"caption":"Hi-Tech Cough Syrup for Sale"},{"@type":"BreadcrumbList","@id":"https:\/\/legitgrams.com\/product\/hi-tech-cough-syrup\/#breadcrumb","itemListElement":[{"@type":"ListItem","position":1,"name":"Home","item":"https:\/\/legitgrams.com\/"},{"@type":"ListItem","position":2,"name":"Shop","item":"https:\/\/legitgrams.com\/shop\/"},{"@type":"ListItem","position":3,"name":"Buy Hi-Tech cough syrup Online"}]},{"@type":"WebSite","@id":"https:\/\/legitgrams.com\/#website","url":"https:\/\/legitgrams.com\/","name":"Legit Grams","description":"M\u00f3j blog WordPress","publisher":{"@id":"https:\/\/legitgrams.com\/#organization"},"potentialAction":[{"@type":"SearchAction","target":{"@type":"EntryPoint","urlTemplate":"https:\/\/legitgrams.com\/?s={search_term_string}"},"query-input":{"@type":"PropertyValueSpecification","valueRequired":true,"valueName":"search_term_string"}}],"inLanguage":"pl-PL"},{"@type":"Organization","@id":"https:\/\/legitgrams.com\/#organization","name":"Legit Grams","url":"https:\/\/legitgrams.com\/","logo":{"@type":"ImageObject","inLanguage":"pl-PL","@id":"https:\/\/legitgrams.com\/#\/schema\/logo\/image\/","url":"https:\/\/legitgrams.com\/wp-content\/uploads\/2024\/09\/main-logo.png","contentUrl":"https:\/\/legitgrams.com\/wp-content\/uploads\/2024\/09\/main-logo.png","width":270,"height":75,"caption":"Legit Grams"},"image":{"@id":"https:\/\/legitgrams.com\/#\/schema\/logo\/image\/"}}]}},"uagb_featured_image_src":{"full":["https:\/\/legitgrams.com\/wp-content\/uploads\/2024\/09\/buy-hi-tech-cough-syrup-online.jpg",600,600,false],"thumbnail":["https:\/\/legitgrams.com\/wp-content\/uploads\/2024\/09\/buy-hi-tech-cough-syrup-online-150x150.jpg",150,150,true],"medium":["https:\/\/legitgrams.com\/wp-content\/uploads\/2024\/09\/buy-hi-tech-cough-syrup-online-300x300.jpg",300,300,true],"medium_large":["https:\/\/legitgrams.com\/wp-content\/uploads\/2024\/09\/buy-hi-tech-cough-syrup-online.jpg",600,600,false],"large":["https:\/\/legitgrams.com\/wp-content\/uploads\/2024\/09\/buy-hi-tech-cough-syrup-online.jpg",600,600,false],"1536x1536":["https:\/\/legitgrams.com\/wp-content\/uploads\/2024\/09\/buy-hi-tech-cough-syrup-online.jpg",600,600,false],"2048x2048":["https:\/\/legitgrams.com\/wp-content\/uploads\/2024\/09\/buy-hi-tech-cough-syrup-online.jpg",600,600,false],"trp-custom-language-flag":["https:\/\/legitgrams.com\/wp-content\/uploads\/2024\/09\/buy-hi-tech-cough-syrup-online-12x12.jpg",12,12,true],"woocommerce_thumbnail":["https:\/\/legitgrams.com\/wp-content\/uploads\/2024\/09\/buy-hi-tech-cough-syrup-online-300x300.jpg",300,300,true],"woocommerce_single":["https:\/\/legitgrams.com\/wp-content\/uploads\/2024\/09\/buy-hi-tech-cough-syrup-online.jpg",600,600,false],"woocommerce_gallery_thumbnail":["https:\/\/legitgrams.com\/wp-content\/uploads\/2024\/09\/buy-hi-tech-cough-syrup-online-100x100.jpg",100,100,true]},"uagb_author_info":{"display_name":"cokeblog18","author_link":"https:\/\/legitgrams.com\/pl\/author\/"},"uagb_comment_info":0,"uagb_excerpt":"Purchase of Hi-Tech cough syrup Online Get high-tech cough syrup online for a very affordable price. also purchase cocaine to resell. GHB is among the many drugs and stimulants that we sell. Do you like palatables but think they&#8217;re too slow to get going? Because of its flavor and strength, THC syrup might become your&hellip;","_links":{"self":[{"href":"https:\/\/legitgrams.com\/pl\/wp-json\/wp\/v2\/product\/4005","targetHints":{"allow":["GET"]}}],"collection":[{"href":"https:\/\/legitgrams.com\/pl\/wp-json\/wp\/v2\/product"}],"about":[{"href":"https:\/\/legitgrams.com\/pl\/wp-json\/wp\/v2\/types\/product"}],"replies":[{"embeddable":true,"href":"https:\/\/legitgrams.com\/pl\/wp-json\/wp\/v2\/comments?post=4005"}],"wp:featuredmedia":[{"embeddable":true,"href":"https:\/\/legitgrams.com\/pl\/wp-json\/wp\/v2\/media\/5344"}],"wp:attachment":[{"href":"https:\/\/legitgrams.com\/pl\/wp-json\/wp\/v2\/media?parent=4005"}],"wp:term":[{"taxonomy":"product_brand","embeddable":true,"href":"https:\/\/legitgrams.com\/pl\/wp-json\/wp\/v2\/product_brand?post=4005"},{"taxonomy":"product_cat","embeddable":true,"href":"https:\/\/legitgrams.com\/pl\/wp-json\/wp\/v2\/product_cat?post=4005"},{"taxonomy":"product_tag","embeddable":true,"href":"https:\/\/legitgrams.com\/pl\/wp-json\/wp\/v2\/product_tag?post=4005"}],"curies":[{"name":"wp","href":"https:\/\/api.w.org\/{rel}","templated":true}]}}