{"id":4172,"date":"2024-09-21T12:05:37","date_gmt":"2024-09-21T12:05:37","guid":{"rendered":"https:\/\/legitgrams.com\/?post_type=product&#038;p=4172"},"modified":"2025-01-13T09:44:46","modified_gmt":"2025-01-13T09:44:46","slug":"hash-bc","status":"publish","type":"product","link":"https:\/\/legitgrams.com\/pl\/produkt\/hash-bc\/","title":{"rendered":"BC Hash"},"content":{"rendered":"<h2>Na sprzeda\u017c: Typy haszyszu BC dost\u0119pne do kupienia online w Kanadzie<\/h2>\n<p>Na tej stronie po\u015bwi\u0119conej kanadyjskiej marihuanie mo\u017cesz wybra\u0107 spo\u015br\u00f3d najlepszych kanadyjskich internetowych odmian marihuany. Obejmuje wszystkie rodzaje haszyszu, od haszyszy AAAA po tanie haszysze. Czarny, maroka\u0144ski, liba\u0144ski, balonowy, nepalski, blond, Rolex, Mercedes niedroga uncja, <a href=\"https:\/\/legitgrams.com\/pl\/produkt\/hash-bc\/\">BC<\/a>Dost\u0119pne s\u0105 r\u00f3wnie\u017c haszysze afga\u0144skie, wielb\u0142\u0105dzie i mazar sharif, hasze Rolling Stones, Habibi, House Pressed, Hindu, Maya i wiele innych.<\/p>\n<p>Kupowanie BC Hash online: Kupowanie BC Hash, kupowanie tabletek haszyszu, kupowanie BC Hash, kupowanie BC Hash <a href=\"https:\/\/en.wikipedia.org\/wiki\/Hash_function\">Hash<\/a> online, gdzie kupi\u0107 BC Hash, kupno BC Hash na sprzeda\u017c, kupno BC Hash online, kupno BC Hash w USA, Kanadzie, Wielkiej Brytanii, kupowanie online, dostawcy, bezpieczna dostawa, BC Hash jest nadal dost\u0119pny. Jak zdoby\u0107 BC Hash, czy jest legalny w Kanadzie, czy jest legalny w Stanach Zjednoczonych i czy mo\u017cna kupi\u0107 BC Hash online? <a href=\"https:\/\/legitgrams.com\/pl\/\">LegitGrams<\/a><\/p>","protected":false},"excerpt":{"rendered":"<p>For Sale: BC Hash types available for purchase online in Canada On this website devoted to Canadian cannabis, you may select from some of the best Canadian online cannabis selections. covers every hash quality, from AAAA hashes to low-cost hashes. Black, Moroccan, Lebanese, balloon, Nepali, blonde, Rolex, Mercedes inexpensive ounce, BC, Afghan, camel, and mazar &hellip;<\/p>\n<p class=\"read-more\"> <a class=\"\" href=\"https:\/\/legitgrams.com\/pl\/produkt\/hash-bc\/\"> <span class=\"screen-reader-text\">BC Hash<\/span> Czytaj wi\u0119cej \"<\/a><\/p>","protected":false},"featured_media":5370,"comment_status":"open","ping_status":"closed","template":"","meta":{"_uag_custom_page_level_css":"","site-sidebar-layout":"default","site-content-layout":"default","ast-global-header-display":"","ast-main-header-display":"","ast-hfb-above-header-display":"","ast-hfb-below-header-display":"","ast-hfb-mobile-header-display":"","site-post-title":"","ast-breadcrumbs-content":"","ast-featured-img":"","footer-sml-layout":"","theme-transparent-header-meta":"default","adv-header-id-meta":"","stick-header-meta":"default","header-above-stick-meta":"","header-main-stick-meta":"","header-below-stick-meta":"","_joinchat":[]},"product_brand":[],"product_cat":[605],"product_tag":[2628,2632,2631,2639,2630,2640,2642,2649,2650,2648,2645,2647,2637,617,2629,2644,2641,2636,2634,2646,2643,625,2635,2638,2633],"class_list":{"0":"post-4172","1":"product","2":"type-product","3":"status-publish","4":"has-post-thumbnail","6":"product_cat-hash-hashish","7":"product_tag-bc-hash","8":"product_tag-bc-hash-bc-hash-supplier","9":"product_tag-bc-hash-for-sale","10":"product_tag-bc-hash-legally","11":"product_tag-bc-hash-online","12":"product_tag-bc-hash-price","13":"product_tag-bc-hash-store","14":"product_tag-bc-hash-use","15":"product_tag-bc-hash-wiki","16":"product_tag-bc-hash-worldwide","17":"product_tag-bc-hashs","18":"product_tag-best-cheap-price-bc-hash","19":"product_tag-best-place-to-buy-bc-hash","20":"product_tag-bulk-online","21":"product_tag-buy-bc-hash","22":"product_tag-cheap-bc-hash","23":"product_tag-high-quality-bc-hash","24":"product_tag-how-to-buy-bc-hash","25":"product_tag-order-bc-hash","26":"product_tag-purcharse-bc-hash","27":"product_tag-shop-bc-hash","28":"product_tag-top-quality","29":"product_tag-where-to-buy-bc-hash","30":"product_tag-where-to-order-bc-hash","31":"product_tag-wholesale-bc-hash","32":"desktop-align-left","33":"tablet-align-left","34":"mobile-align-left","35":"ast-product-gallery-layout-horizontal","36":"ast-product-gallery-with-no-image","37":"ast-product-single-variable","38":"ast-product-tabs-layout-horizontal","39":"ast-qv-on-image","41":"first","42":"instock","43":"shipping-taxable","44":"purchasable","45":"product-type-variable"},"yoast_head":"<!-- This site is optimized with the Yoast SEO plugin v25.9 - https:\/\/yoast.com\/wordpress\/plugins\/seo\/ -->\n<title>Get BC Hash for Sale - Order BC Hash Online @ Best Price | LG<\/title>\n<meta name=\"description\" content=\"Your need to buy BC hash can be fulfilled at our online Legitgrams store as we are having BC hash for sale here. Shop Today and Save on BC Hash!\" \/>\n<meta name=\"robots\" content=\"index, follow, max-snippet:-1, max-image-preview:large, max-video-preview:-1\" \/>\n<link rel=\"canonical\" href=\"https:\/\/legitgrams.com\/pl\/produkt\/hash-bc\/\" \/>\n<meta property=\"og:locale\" content=\"pl_PL\" \/>\n<meta property=\"og:type\" content=\"article\" \/>\n<meta property=\"og:title\" content=\"Get BC Hash for Sale - Order BC Hash Online @ Best Price | LG\" \/>\n<meta property=\"og:description\" content=\"Your need to buy BC hash can be fulfilled at our online Legitgrams store as we are having BC hash for sale here. Shop Today and Save on BC Hash!\" \/>\n<meta property=\"og:url\" content=\"https:\/\/legitgrams.com\/pl\/produkt\/hash-bc\/\" \/>\n<meta property=\"og:site_name\" content=\"Legit Grams\" \/>\n<meta property=\"article:modified_time\" content=\"2025-01-13T09:44:46+00:00\" \/>\n<meta property=\"og:image\" content=\"https:\/\/legitgrams.com\/wp-content\/uploads\/2024\/09\/Buy-BC-Hash.jpg\" \/>\n\t<meta property=\"og:image:width\" content=\"600\" \/>\n\t<meta property=\"og:image:height\" content=\"600\" \/>\n\t<meta property=\"og:image:type\" content=\"image\/jpeg\" \/>\n<meta name=\"twitter:card\" content=\"summary_large_image\" \/>\n<meta name=\"twitter:label1\" content=\"Szacowany czas czytania\" \/>\n\t<meta name=\"twitter:data1\" content=\"1 minuta\" \/>\n<script type=\"application\/ld+json\" class=\"yoast-schema-graph\">{\"@context\":\"https:\/\/schema.org\",\"@graph\":[{\"@type\":\"WebPage\",\"@id\":\"https:\/\/legitgrams.com\/product\/bc-hash\/\",\"url\":\"https:\/\/legitgrams.com\/product\/bc-hash\/\",\"name\":\"Get BC Hash for Sale - Order BC Hash Online @ Best Price | LG\",\"isPartOf\":{\"@id\":\"https:\/\/legitgrams.com\/#website\"},\"primaryImageOfPage\":{\"@id\":\"https:\/\/legitgrams.com\/product\/bc-hash\/#primaryimage\"},\"image\":{\"@id\":\"https:\/\/legitgrams.com\/product\/bc-hash\/#primaryimage\"},\"thumbnailUrl\":\"https:\/\/legitgrams.com\/wp-content\/uploads\/2024\/09\/Buy-BC-Hash.jpg\",\"datePublished\":\"2024-09-21T12:05:37+00:00\",\"dateModified\":\"2025-01-13T09:44:46+00:00\",\"description\":\"Your need to buy BC hash can be fulfilled at our online Legitgrams store as we are having BC hash for sale here. Shop Today and Save on BC Hash!\",\"breadcrumb\":{\"@id\":\"https:\/\/legitgrams.com\/product\/bc-hash\/#breadcrumb\"},\"inLanguage\":\"pl-PL\",\"potentialAction\":[{\"@type\":\"ReadAction\",\"target\":[\"https:\/\/legitgrams.com\/product\/bc-hash\/\"]}]},{\"@type\":\"ImageObject\",\"inLanguage\":\"pl-PL\",\"@id\":\"https:\/\/legitgrams.com\/product\/bc-hash\/#primaryimage\",\"url\":\"https:\/\/legitgrams.com\/wp-content\/uploads\/2024\/09\/Buy-BC-Hash.jpg\",\"contentUrl\":\"https:\/\/legitgrams.com\/wp-content\/uploads\/2024\/09\/Buy-BC-Hash.jpg\",\"width\":600,\"height\":600,\"caption\":\"BC Hash for Sale\"},{\"@type\":\"BreadcrumbList\",\"@id\":\"https:\/\/legitgrams.com\/product\/bc-hash\/#breadcrumb\",\"itemListElement\":[{\"@type\":\"ListItem\",\"position\":1,\"name\":\"Home\",\"item\":\"https:\/\/legitgrams.com\/\"},{\"@type\":\"ListItem\",\"position\":2,\"name\":\"Shop\",\"item\":\"https:\/\/legitgrams.com\/shop\/\"},{\"@type\":\"ListItem\",\"position\":3,\"name\":\"BC Hash\"}]},{\"@type\":\"WebSite\",\"@id\":\"https:\/\/legitgrams.com\/#website\",\"url\":\"https:\/\/legitgrams.com\/\",\"name\":\"Legit Grams\",\"description\":\"My WordPress Blog\",\"publisher\":{\"@id\":\"https:\/\/legitgrams.com\/#organization\"},\"potentialAction\":[{\"@type\":\"SearchAction\",\"target\":{\"@type\":\"EntryPoint\",\"urlTemplate\":\"https:\/\/legitgrams.com\/?s={search_term_string}\"},\"query-input\":{\"@type\":\"PropertyValueSpecification\",\"valueRequired\":true,\"valueName\":\"search_term_string\"}}],\"inLanguage\":\"pl-PL\"},{\"@type\":\"Organization\",\"@id\":\"https:\/\/legitgrams.com\/#organization\",\"name\":\"Legit Grams\",\"url\":\"https:\/\/legitgrams.com\/\",\"logo\":{\"@type\":\"ImageObject\",\"inLanguage\":\"pl-PL\",\"@id\":\"https:\/\/legitgrams.com\/#\/schema\/logo\/image\/\",\"url\":\"https:\/\/legitgrams.com\/wp-content\/uploads\/2024\/09\/main-logo.png\",\"contentUrl\":\"https:\/\/legitgrams.com\/wp-content\/uploads\/2024\/09\/main-logo.png\",\"width\":270,\"height\":75,\"caption\":\"Legit Grams\"},\"image\":{\"@id\":\"https:\/\/legitgrams.com\/#\/schema\/logo\/image\/\"}}]}<\/script>\n<!-- \/ Yoast SEO plugin. -->","yoast_head_json":{"title":"Pobierz BC Hash na sprzeda\u017c - Zam\u00f3w BC Hash online w najlepszej cenie | LG","description":"Twoja potrzeba zakupu haszyszu BC mo\u017ce zosta\u0107 spe\u0142niona w naszym sklepie internetowym Legitgrams, poniewa\u017c mamy tutaj haszysz BC na sprzeda\u017c. Zr\u00f3b zakupy ju\u017c dzi\u015b i zaoszcz\u0119d\u017a na BC Hash!","robots":{"index":"index","follow":"follow","max-snippet":"max-snippet:-1","max-image-preview":"max-image-preview:large","max-video-preview":"max-video-preview:-1"},"canonical":"https:\/\/legitgrams.com\/pl\/produkt\/hash-bc\/","og_locale":"pl_PL","og_type":"article","og_title":"Get BC Hash for Sale - Order BC Hash Online @ Best Price | LG","og_description":"Your need to buy BC hash can be fulfilled at our online Legitgrams store as we are having BC hash for sale here. Shop Today and Save on BC Hash!","og_url":"https:\/\/legitgrams.com\/pl\/produkt\/hash-bc\/","og_site_name":"Legit Grams","article_modified_time":"2025-01-13T09:44:46+00:00","og_image":[{"width":600,"height":600,"url":"https:\/\/legitgrams.com\/wp-content\/uploads\/2024\/09\/Buy-BC-Hash.jpg","type":"image\/jpeg"}],"twitter_card":"summary_large_image","twitter_misc":{"Szacowany czas czytania":"1 minuta"},"schema":{"@context":"https:\/\/schema.org","@graph":[{"@type":"WebPage","@id":"https:\/\/legitgrams.com\/product\/bc-hash\/","url":"https:\/\/legitgrams.com\/product\/bc-hash\/","name":"Pobierz BC Hash na sprzeda\u017c - Zam\u00f3w BC Hash online w najlepszej cenie | LG","isPartOf":{"@id":"https:\/\/legitgrams.com\/#website"},"primaryImageOfPage":{"@id":"https:\/\/legitgrams.com\/product\/bc-hash\/#primaryimage"},"image":{"@id":"https:\/\/legitgrams.com\/product\/bc-hash\/#primaryimage"},"thumbnailUrl":"https:\/\/legitgrams.com\/wp-content\/uploads\/2024\/09\/Buy-BC-Hash.jpg","datePublished":"2024-09-21T12:05:37+00:00","dateModified":"2025-01-13T09:44:46+00:00","description":"Twoja potrzeba zakupu haszyszu BC mo\u017ce zosta\u0107 spe\u0142niona w naszym sklepie internetowym Legitgrams, poniewa\u017c mamy tutaj haszysz BC na sprzeda\u017c. Zr\u00f3b zakupy ju\u017c dzi\u015b i zaoszcz\u0119d\u017a na BC Hash!","breadcrumb":{"@id":"https:\/\/legitgrams.com\/product\/bc-hash\/#breadcrumb"},"inLanguage":"pl-PL","potentialAction":[{"@type":"ReadAction","target":["https:\/\/legitgrams.com\/product\/bc-hash\/"]}]},{"@type":"ImageObject","inLanguage":"pl-PL","@id":"https:\/\/legitgrams.com\/product\/bc-hash\/#primaryimage","url":"https:\/\/legitgrams.com\/wp-content\/uploads\/2024\/09\/Buy-BC-Hash.jpg","contentUrl":"https:\/\/legitgrams.com\/wp-content\/uploads\/2024\/09\/Buy-BC-Hash.jpg","width":600,"height":600,"caption":"BC Hash for Sale"},{"@type":"BreadcrumbList","@id":"https:\/\/legitgrams.com\/product\/bc-hash\/#breadcrumb","itemListElement":[{"@type":"ListItem","position":1,"name":"Home","item":"https:\/\/legitgrams.com\/"},{"@type":"ListItem","position":2,"name":"Shop","item":"https:\/\/legitgrams.com\/shop\/"},{"@type":"ListItem","position":3,"name":"BC Hash"}]},{"@type":"WebSite","@id":"https:\/\/legitgrams.com\/#website","url":"https:\/\/legitgrams.com\/","name":"Legit Grams","description":"M\u00f3j blog WordPress","publisher":{"@id":"https:\/\/legitgrams.com\/#organization"},"potentialAction":[{"@type":"SearchAction","target":{"@type":"EntryPoint","urlTemplate":"https:\/\/legitgrams.com\/?s={search_term_string}"},"query-input":{"@type":"PropertyValueSpecification","valueRequired":true,"valueName":"search_term_string"}}],"inLanguage":"pl-PL"},{"@type":"Organization","@id":"https:\/\/legitgrams.com\/#organization","name":"Legit Grams","url":"https:\/\/legitgrams.com\/","logo":{"@type":"ImageObject","inLanguage":"pl-PL","@id":"https:\/\/legitgrams.com\/#\/schema\/logo\/image\/","url":"https:\/\/legitgrams.com\/wp-content\/uploads\/2024\/09\/main-logo.png","contentUrl":"https:\/\/legitgrams.com\/wp-content\/uploads\/2024\/09\/main-logo.png","width":270,"height":75,"caption":"Legit Grams"},"image":{"@id":"https:\/\/legitgrams.com\/#\/schema\/logo\/image\/"}}]}},"uagb_featured_image_src":{"full":["https:\/\/legitgrams.com\/wp-content\/uploads\/2024\/09\/Buy-BC-Hash.jpg",600,600,false],"thumbnail":["https:\/\/legitgrams.com\/wp-content\/uploads\/2024\/09\/Buy-BC-Hash-150x150.jpg",150,150,true],"medium":["https:\/\/legitgrams.com\/wp-content\/uploads\/2024\/09\/Buy-BC-Hash-300x300.jpg",300,300,true],"medium_large":["https:\/\/legitgrams.com\/wp-content\/uploads\/2024\/09\/Buy-BC-Hash.jpg",600,600,false],"large":["https:\/\/legitgrams.com\/wp-content\/uploads\/2024\/09\/Buy-BC-Hash.jpg",600,600,false],"1536x1536":["https:\/\/legitgrams.com\/wp-content\/uploads\/2024\/09\/Buy-BC-Hash.jpg",600,600,false],"2048x2048":["https:\/\/legitgrams.com\/wp-content\/uploads\/2024\/09\/Buy-BC-Hash.jpg",600,600,false],"trp-custom-language-flag":["https:\/\/legitgrams.com\/wp-content\/uploads\/2024\/09\/Buy-BC-Hash-12x12.jpg",12,12,true],"woocommerce_thumbnail":["https:\/\/legitgrams.com\/wp-content\/uploads\/2024\/09\/Buy-BC-Hash-300x300.jpg",300,300,true],"woocommerce_single":["https:\/\/legitgrams.com\/wp-content\/uploads\/2024\/09\/Buy-BC-Hash.jpg",600,600,false],"woocommerce_gallery_thumbnail":["https:\/\/legitgrams.com\/wp-content\/uploads\/2024\/09\/Buy-BC-Hash-100x100.jpg",100,100,true]},"uagb_author_info":{"display_name":"cokeblog18","author_link":"https:\/\/legitgrams.com\/pl\/author\/"},"uagb_comment_info":0,"uagb_excerpt":"For Sale: BC Hash types available for purchase online in Canada On this website devoted to Canadian cannabis, you may select from some of the best Canadian online cannabis selections. covers every hash quality, from AAAA hashes to low-cost hashes. Black, Moroccan, Lebanese, balloon, Nepali, blonde, Rolex, Mercedes inexpensive ounce, BC, Afghan, camel, and mazar&hellip;","_links":{"self":[{"href":"https:\/\/legitgrams.com\/pl\/wp-json\/wp\/v2\/product\/4172","targetHints":{"allow":["GET"]}}],"collection":[{"href":"https:\/\/legitgrams.com\/pl\/wp-json\/wp\/v2\/product"}],"about":[{"href":"https:\/\/legitgrams.com\/pl\/wp-json\/wp\/v2\/types\/product"}],"replies":[{"embeddable":true,"href":"https:\/\/legitgrams.com\/pl\/wp-json\/wp\/v2\/comments?post=4172"}],"wp:featuredmedia":[{"embeddable":true,"href":"https:\/\/legitgrams.com\/pl\/wp-json\/wp\/v2\/media\/5370"}],"wp:attachment":[{"href":"https:\/\/legitgrams.com\/pl\/wp-json\/wp\/v2\/media?parent=4172"}],"wp:term":[{"taxonomy":"product_brand","embeddable":true,"href":"https:\/\/legitgrams.com\/pl\/wp-json\/wp\/v2\/product_brand?post=4172"},{"taxonomy":"product_cat","embeddable":true,"href":"https:\/\/legitgrams.com\/pl\/wp-json\/wp\/v2\/product_cat?post=4172"},{"taxonomy":"product_tag","embeddable":true,"href":"https:\/\/legitgrams.com\/pl\/wp-json\/wp\/v2\/product_tag?post=4172"}],"curies":[{"name":"wp","href":"https:\/\/api.w.org\/{rel}","templated":true}]}}