{"id":4174,"date":"2024-09-21T12:04:04","date_gmt":"2024-09-21T12:04:04","guid":{"rendered":"https:\/\/legitgrams.com\/?post_type=product&#038;p=4174"},"modified":"2025-01-15T05:57:26","modified_gmt":"2025-01-15T05:57:26","slug":"white-widow-shatter-gorna-polka","status":"publish","type":"product","link":"https:\/\/legitgrams.com\/pl\/produkt\/white-widow-shatter-gorna-polka\/","title":{"rendered":"White Widow Shatter - Top Shelf"},"content":{"rendered":"<h2>White Widow Shatter mo\u017cna kupi\u0107 na najwy\u017cszej p\u00f3\u0142ce w Internecie.<\/h2>\n<p>Zakup <a href=\"https:\/\/legitgrams.com\/pl\/produkt\/white-widow-shatter-gorna-polka\/\">White Widow Shatter<\/a>; popularna hybryda, kt\u00f3rej pocz\u0105tki si\u0119gaj\u0105 wczesnych lat 90. XX wieku. Pierwsze menu w niemal ka\u017cdej kawiarni w Amsterdamie serwuje t\u0119 odmian\u0119, znan\u0105 na ca\u0142ym \u015bwiecie. Popularno\u015b\u0107 White Widow wzros\u0142a dzi\u0119ki serialowi telewizyjnemu Weeds i odniesieniom w kulturze rapowej. Dobrze zbalansowany stosunek sativa\/indica 60:40 (brazylijska sativa x po\u0142udniowoindyjska indica) tej odmiany zapewnia zar\u00f3wno efekt uspokajaj\u0105cy, jak i popraw\u0119 funkcji poznawczych. Pacjenci wybior\u0105 White Widow, gdy szukaj\u0105 ekscytacji, kt\u00f3ra pozwoli im si\u0119 zrelaksowa\u0107 i odpocz\u0105\u0107, a jednocze\u015bnie zachowa\u0107 czujno\u015b\u0107 umys\u0142ow\u0105. Ta odmiana jest skuteczna w leczeniu b\u00f3lu, napi\u0119cia, depresji i PTSD. Ca\u0142a zewn\u0119trzna cz\u0119\u015b\u0107 White Widow jest pokryta bia\u0142ymi kryszta\u0142kami, st\u0105d jej nazwa. Nale\u017cy jednak pami\u0119ta\u0107 \u2014 szczeg\u00f3lnie je\u015bli jeste\u015b pocz\u0105tkuj\u0105cym palaczem \u2014 \u017ce ten s\u0142odki dym mo\u017ce powodowa\u0107 silny kaszel i najpierw gwa\u0142townie si\u0119 rozszerza. Je\u015bli chodzi o aromat, spodziewaj si\u0119 cytrusowych, pikantnych i nieco cytrynowych ton\u00f3w. Ta odmiana idealnie nadaje si\u0119 do aktywno\u015bci na \u015bwie\u017cym powietrzu, takich jak spacery czy przechadzki po pla\u017cy. <a href=\"https:\/\/legitgrams.com\/pl\/\">LegitGrams<\/a><\/p>\n<p>White Widow Shatter na sprzeda\u017c, White Widow Shatter na sprzeda\u017c, White Widow Shatter na sprzeda\u017c, Top Shelf: Gdzie kupi\u0107 White Widow Shatter Gdzie kupi\u0107 White Widow Shatter online, Widow Shatter online w mojej okolicy, <a href=\"https:\/\/en.wikipedia.org\/wiki\/White_Widow_(Cannabis)\">Bia\u0142a wdowa<\/a> Dostawcy Shatter, bezpieczna dostawa, Widow Shatter na sprzeda\u017c w USA, Kanadzie i Wielkiej Brytanii, White Widow Shatter online w mojej okolicy, gdzie kupi\u0107 White Widow Shatter online, White Widow Shatter jest nadal dost\u0119pny, jest legalny w USA, mo\u017cna go zam\u00f3wi\u0107 online i jest legalny w Kanadzie.<\/p>\n<p>&nbsp;<\/p>\n<p>&nbsp;<\/p>","protected":false},"excerpt":{"rendered":"<p>White widow shatter is available for purchase on the top shelf of the internet. Purchase the White Widow Shatter; a popular hybrid breed that dates back to the early 1990s. The top menu at almost every Amsterdam cafe serves this strain, which is well-known worldwide. White Widow&#8217;s popularity has surged due to the Weeds television &hellip;<\/p>\n<p class=\"read-more\"> <a class=\"\" href=\"https:\/\/legitgrams.com\/pl\/produkt\/white-widow-shatter-gorna-polka\/\"> <span class=\"screen-reader-text\">White Widow Shatter - Top Shelf<\/span> Czytaj wi\u0119cej \"<\/a><\/p>","protected":false},"featured_media":5352,"comment_status":"open","ping_status":"closed","template":"","meta":{"_uag_custom_page_level_css":"","site-sidebar-layout":"default","site-content-layout":"default","ast-global-header-display":"","ast-main-header-display":"","ast-hfb-above-header-display":"","ast-hfb-below-header-display":"","ast-hfb-mobile-header-display":"","site-post-title":"","ast-breadcrumbs-content":"","ast-featured-img":"","footer-sml-layout":"","theme-transparent-header-meta":"default","adv-header-id-meta":"","stick-header-meta":"default","header-above-stick-meta":"","header-main-stick-meta":"","header-below-stick-meta":"","_joinchat":[]},"product_brand":[],"product_cat":[600,604],"product_tag":[2693,2683,617,2675,2690,2687,2682,2680,2692,2689,625,2681,2684,2674,2677,2685,2676,2686,2688,2695,2678,2696,2694,2691,2679],"class_list":{"0":"post-4174","1":"product","2":"type-product","3":"status-publish","4":"has-post-thumbnail","6":"product_cat-research-chemicals-and-bath-salt","7":"product_cat-shatter","8":"product_tag-best-cheap-price-white-widow-shatter-top-shelf","9":"product_tag-best-place-to-buy-white-widow-shatter-top-shelf","10":"product_tag-bulk-online","11":"product_tag-buy-white-widow-shatter-top-shelf","12":"product_tag-cheap-white-widow-shatter-top-shelf","13":"product_tag-high-quality-white-widow-shatter-top-shelf","14":"product_tag-how-to-buy-white-widow-shatter-top-shelf","15":"product_tag-order-white-widow-shatter-top-shelf","16":"product_tag-purcharse-white-widow-shatter-top-shelf","17":"product_tag-shop-white-widow-shatter-top-shelf","18":"product_tag-top-quality","19":"product_tag-where-to-buy-white-widow-shatter-top-shelf","20":"product_tag-where-to-order-white-widow-shatter-top-shelf","21":"product_tag-white-widow-shatter-top-shelf","22":"product_tag-white-widow-shatter-top-shelf-for-sale","23":"product_tag-white-widow-shatter-top-shelf-legally","24":"product_tag-white-widow-shatter-top-shelf-online","25":"product_tag-white-widow-shatter-top-shelf-price","26":"product_tag-white-widow-shatter-top-shelf-store","27":"product_tag-white-widow-shatter-top-shelf-use","28":"product_tag-white-widow-shatter-top-shelf-white-widow-shatter-top-shelf-supplier","29":"product_tag-white-widow-shatter-top-shelf-wiki","30":"product_tag-white-widow-shatter-top-shelf-worldwide","31":"product_tag-white-widow-shatter-top-shelfs","32":"product_tag-wholesale-white-widow-shatter-top-shelf","33":"desktop-align-left","34":"tablet-align-left","35":"mobile-align-left","36":"ast-product-gallery-layout-horizontal","37":"ast-product-gallery-with-no-image","38":"ast-product-single-variable","39":"ast-product-tabs-layout-horizontal","40":"ast-qv-on-image","42":"first","43":"instock","44":"shipping-taxable","45":"purchasable","46":"product-type-variable"},"yoast_head":"<!-- This site is optimized with the Yoast SEO plugin v25.9 - https:\/\/yoast.com\/wordpress\/plugins\/seo\/ -->\n<title>White Widow Shatter for sale - Order White Widow Shatter Online<\/title>\n<meta name=\"description\" content=\"Looking to buy white widow shatter online? discover a seamless platform at our online store where you can buy white widow shatter, ensuring top-grade quality for your research needs.\" \/>\n<meta name=\"robots\" content=\"index, follow, max-snippet:-1, max-image-preview:large, max-video-preview:-1\" \/>\n<link rel=\"canonical\" href=\"https:\/\/legitgrams.com\/pl\/produkt\/white-widow-shatter-gorna-polka\/\" \/>\n<meta property=\"og:locale\" content=\"pl_PL\" \/>\n<meta property=\"og:type\" content=\"article\" \/>\n<meta property=\"og:title\" content=\"White Widow Shatter for sale - Order White Widow Shatter Online\" \/>\n<meta property=\"og:description\" content=\"Looking to buy white widow shatter online? discover a seamless platform at our online store where you can buy white widow shatter, ensuring top-grade quality for your research needs.\" \/>\n<meta property=\"og:url\" content=\"https:\/\/legitgrams.com\/pl\/produkt\/white-widow-shatter-gorna-polka\/\" \/>\n<meta property=\"og:site_name\" content=\"Legit Grams\" \/>\n<meta property=\"article:modified_time\" content=\"2025-01-15T05:57:26+00:00\" \/>\n<meta property=\"og:image\" content=\"https:\/\/legitgrams.com\/wp-content\/uploads\/2024\/09\/Buy-White-Widow-Shatter.jpg\" \/>\n\t<meta property=\"og:image:width\" content=\"600\" \/>\n\t<meta property=\"og:image:height\" content=\"600\" \/>\n\t<meta property=\"og:image:type\" content=\"image\/jpeg\" \/>\n<meta name=\"twitter:card\" content=\"summary_large_image\" \/>\n<meta name=\"twitter:label1\" content=\"Szacowany czas czytania\" \/>\n\t<meta name=\"twitter:data1\" content=\"2 minuty\" \/>\n<script type=\"application\/ld+json\" class=\"yoast-schema-graph\">{\"@context\":\"https:\/\/schema.org\",\"@graph\":[{\"@type\":\"WebPage\",\"@id\":\"https:\/\/legitgrams.com\/product\/white-widow-shatter-top-shelf\/\",\"url\":\"https:\/\/legitgrams.com\/product\/white-widow-shatter-top-shelf\/\",\"name\":\"White Widow Shatter for sale - Order White Widow Shatter Online\",\"isPartOf\":{\"@id\":\"https:\/\/legitgrams.com\/#website\"},\"primaryImageOfPage\":{\"@id\":\"https:\/\/legitgrams.com\/product\/white-widow-shatter-top-shelf\/#primaryimage\"},\"image\":{\"@id\":\"https:\/\/legitgrams.com\/product\/white-widow-shatter-top-shelf\/#primaryimage\"},\"thumbnailUrl\":\"https:\/\/legitgrams.com\/wp-content\/uploads\/2024\/09\/Buy-White-Widow-Shatter.jpg\",\"datePublished\":\"2024-09-21T12:04:04+00:00\",\"dateModified\":\"2025-01-15T05:57:26+00:00\",\"description\":\"Looking to buy white widow shatter online? discover a seamless platform at our online store where you can buy white widow shatter, ensuring top-grade quality for your research needs.\",\"breadcrumb\":{\"@id\":\"https:\/\/legitgrams.com\/product\/white-widow-shatter-top-shelf\/#breadcrumb\"},\"inLanguage\":\"pl-PL\",\"potentialAction\":[{\"@type\":\"ReadAction\",\"target\":[\"https:\/\/legitgrams.com\/product\/white-widow-shatter-top-shelf\/\"]}]},{\"@type\":\"ImageObject\",\"inLanguage\":\"pl-PL\",\"@id\":\"https:\/\/legitgrams.com\/product\/white-widow-shatter-top-shelf\/#primaryimage\",\"url\":\"https:\/\/legitgrams.com\/wp-content\/uploads\/2024\/09\/Buy-White-Widow-Shatter.jpg\",\"contentUrl\":\"https:\/\/legitgrams.com\/wp-content\/uploads\/2024\/09\/Buy-White-Widow-Shatter.jpg\",\"width\":600,\"height\":600,\"caption\":\"White Widow Shatter for Sale\"},{\"@type\":\"BreadcrumbList\",\"@id\":\"https:\/\/legitgrams.com\/product\/white-widow-shatter-top-shelf\/#breadcrumb\",\"itemListElement\":[{\"@type\":\"ListItem\",\"position\":1,\"name\":\"Home\",\"item\":\"https:\/\/legitgrams.com\/\"},{\"@type\":\"ListItem\",\"position\":2,\"name\":\"Shop\",\"item\":\"https:\/\/legitgrams.com\/shop\/\"},{\"@type\":\"ListItem\",\"position\":3,\"name\":\"White Widow Shatter \u2013 Top Shelf\"}]},{\"@type\":\"WebSite\",\"@id\":\"https:\/\/legitgrams.com\/#website\",\"url\":\"https:\/\/legitgrams.com\/\",\"name\":\"Legit Grams\",\"description\":\"My WordPress Blog\",\"publisher\":{\"@id\":\"https:\/\/legitgrams.com\/#organization\"},\"potentialAction\":[{\"@type\":\"SearchAction\",\"target\":{\"@type\":\"EntryPoint\",\"urlTemplate\":\"https:\/\/legitgrams.com\/?s={search_term_string}\"},\"query-input\":{\"@type\":\"PropertyValueSpecification\",\"valueRequired\":true,\"valueName\":\"search_term_string\"}}],\"inLanguage\":\"pl-PL\"},{\"@type\":\"Organization\",\"@id\":\"https:\/\/legitgrams.com\/#organization\",\"name\":\"Legit Grams\",\"url\":\"https:\/\/legitgrams.com\/\",\"logo\":{\"@type\":\"ImageObject\",\"inLanguage\":\"pl-PL\",\"@id\":\"https:\/\/legitgrams.com\/#\/schema\/logo\/image\/\",\"url\":\"https:\/\/legitgrams.com\/wp-content\/uploads\/2024\/09\/main-logo.png\",\"contentUrl\":\"https:\/\/legitgrams.com\/wp-content\/uploads\/2024\/09\/main-logo.png\",\"width\":270,\"height\":75,\"caption\":\"Legit Grams\"},\"image\":{\"@id\":\"https:\/\/legitgrams.com\/#\/schema\/logo\/image\/\"}}]}<\/script>\n<!-- \/ Yoast SEO plugin. -->","yoast_head_json":{"title":"White Widow Shatter na sprzeda\u017c - Zam\u00f3w White Widow Shatter online","description":"Chcesz kupi\u0107 white widow shatter online? Odkryj bezproblemow\u0105 platform\u0119 w naszym sklepie internetowym, gdzie mo\u017cesz kupi\u0107 white widow shatter, zapewniaj\u0105c najwy\u017csz\u0105 jako\u015b\u0107 dla swoich potrzeb badawczych.","robots":{"index":"index","follow":"follow","max-snippet":"max-snippet:-1","max-image-preview":"max-image-preview:large","max-video-preview":"max-video-preview:-1"},"canonical":"https:\/\/legitgrams.com\/pl\/produkt\/white-widow-shatter-gorna-polka\/","og_locale":"pl_PL","og_type":"article","og_title":"White Widow Shatter for sale - Order White Widow Shatter Online","og_description":"Looking to buy white widow shatter online? discover a seamless platform at our online store where you can buy white widow shatter, ensuring top-grade quality for your research needs.","og_url":"https:\/\/legitgrams.com\/pl\/produkt\/white-widow-shatter-gorna-polka\/","og_site_name":"Legit Grams","article_modified_time":"2025-01-15T05:57:26+00:00","og_image":[{"width":600,"height":600,"url":"https:\/\/legitgrams.com\/wp-content\/uploads\/2024\/09\/Buy-White-Widow-Shatter.jpg","type":"image\/jpeg"}],"twitter_card":"summary_large_image","twitter_misc":{"Szacowany czas czytania":"2 minuty"},"schema":{"@context":"https:\/\/schema.org","@graph":[{"@type":"WebPage","@id":"https:\/\/legitgrams.com\/product\/white-widow-shatter-top-shelf\/","url":"https:\/\/legitgrams.com\/product\/white-widow-shatter-top-shelf\/","name":"White Widow Shatter na sprzeda\u017c - Zam\u00f3w White Widow Shatter online","isPartOf":{"@id":"https:\/\/legitgrams.com\/#website"},"primaryImageOfPage":{"@id":"https:\/\/legitgrams.com\/product\/white-widow-shatter-top-shelf\/#primaryimage"},"image":{"@id":"https:\/\/legitgrams.com\/product\/white-widow-shatter-top-shelf\/#primaryimage"},"thumbnailUrl":"https:\/\/legitgrams.com\/wp-content\/uploads\/2024\/09\/Buy-White-Widow-Shatter.jpg","datePublished":"2024-09-21T12:04:04+00:00","dateModified":"2025-01-15T05:57:26+00:00","description":"Chcesz kupi\u0107 white widow shatter online? Odkryj bezproblemow\u0105 platform\u0119 w naszym sklepie internetowym, gdzie mo\u017cesz kupi\u0107 white widow shatter, zapewniaj\u0105c najwy\u017csz\u0105 jako\u015b\u0107 dla swoich potrzeb badawczych.","breadcrumb":{"@id":"https:\/\/legitgrams.com\/product\/white-widow-shatter-top-shelf\/#breadcrumb"},"inLanguage":"pl-PL","potentialAction":[{"@type":"ReadAction","target":["https:\/\/legitgrams.com\/product\/white-widow-shatter-top-shelf\/"]}]},{"@type":"ImageObject","inLanguage":"pl-PL","@id":"https:\/\/legitgrams.com\/product\/white-widow-shatter-top-shelf\/#primaryimage","url":"https:\/\/legitgrams.com\/wp-content\/uploads\/2024\/09\/Buy-White-Widow-Shatter.jpg","contentUrl":"https:\/\/legitgrams.com\/wp-content\/uploads\/2024\/09\/Buy-White-Widow-Shatter.jpg","width":600,"height":600,"caption":"White Widow Shatter for Sale"},{"@type":"BreadcrumbList","@id":"https:\/\/legitgrams.com\/product\/white-widow-shatter-top-shelf\/#breadcrumb","itemListElement":[{"@type":"ListItem","position":1,"name":"Home","item":"https:\/\/legitgrams.com\/"},{"@type":"ListItem","position":2,"name":"Shop","item":"https:\/\/legitgrams.com\/shop\/"},{"@type":"ListItem","position":3,"name":"White Widow Shatter \u2013 Top Shelf"}]},{"@type":"WebSite","@id":"https:\/\/legitgrams.com\/#website","url":"https:\/\/legitgrams.com\/","name":"Legit Grams","description":"M\u00f3j blog WordPress","publisher":{"@id":"https:\/\/legitgrams.com\/#organization"},"potentialAction":[{"@type":"SearchAction","target":{"@type":"EntryPoint","urlTemplate":"https:\/\/legitgrams.com\/?s={search_term_string}"},"query-input":{"@type":"PropertyValueSpecification","valueRequired":true,"valueName":"search_term_string"}}],"inLanguage":"pl-PL"},{"@type":"Organization","@id":"https:\/\/legitgrams.com\/#organization","name":"Legit Grams","url":"https:\/\/legitgrams.com\/","logo":{"@type":"ImageObject","inLanguage":"pl-PL","@id":"https:\/\/legitgrams.com\/#\/schema\/logo\/image\/","url":"https:\/\/legitgrams.com\/wp-content\/uploads\/2024\/09\/main-logo.png","contentUrl":"https:\/\/legitgrams.com\/wp-content\/uploads\/2024\/09\/main-logo.png","width":270,"height":75,"caption":"Legit Grams"},"image":{"@id":"https:\/\/legitgrams.com\/#\/schema\/logo\/image\/"}}]}},"uagb_featured_image_src":{"full":["https:\/\/legitgrams.com\/wp-content\/uploads\/2024\/09\/Buy-White-Widow-Shatter.jpg",600,600,false],"thumbnail":["https:\/\/legitgrams.com\/wp-content\/uploads\/2024\/09\/Buy-White-Widow-Shatter-150x150.jpg",150,150,true],"medium":["https:\/\/legitgrams.com\/wp-content\/uploads\/2024\/09\/Buy-White-Widow-Shatter-300x300.jpg",300,300,true],"medium_large":["https:\/\/legitgrams.com\/wp-content\/uploads\/2024\/09\/Buy-White-Widow-Shatter.jpg",600,600,false],"large":["https:\/\/legitgrams.com\/wp-content\/uploads\/2024\/09\/Buy-White-Widow-Shatter.jpg",600,600,false],"1536x1536":["https:\/\/legitgrams.com\/wp-content\/uploads\/2024\/09\/Buy-White-Widow-Shatter.jpg",600,600,false],"2048x2048":["https:\/\/legitgrams.com\/wp-content\/uploads\/2024\/09\/Buy-White-Widow-Shatter.jpg",600,600,false],"trp-custom-language-flag":["https:\/\/legitgrams.com\/wp-content\/uploads\/2024\/09\/Buy-White-Widow-Shatter-12x12.jpg",12,12,true],"woocommerce_thumbnail":["https:\/\/legitgrams.com\/wp-content\/uploads\/2024\/09\/Buy-White-Widow-Shatter-300x300.jpg",300,300,true],"woocommerce_single":["https:\/\/legitgrams.com\/wp-content\/uploads\/2024\/09\/Buy-White-Widow-Shatter.jpg",600,600,false],"woocommerce_gallery_thumbnail":["https:\/\/legitgrams.com\/wp-content\/uploads\/2024\/09\/Buy-White-Widow-Shatter-100x100.jpg",100,100,true]},"uagb_author_info":{"display_name":"cokeblog18","author_link":"https:\/\/legitgrams.com\/pl\/author\/"},"uagb_comment_info":0,"uagb_excerpt":"White widow shatter is available for purchase on the top shelf of the internet. Purchase the White Widow Shatter; a popular hybrid breed that dates back to the early 1990s. The top menu at almost every Amsterdam cafe serves this strain, which is well-known worldwide. White Widow&#8217;s popularity has surged due to the Weeds television&hellip;","_links":{"self":[{"href":"https:\/\/legitgrams.com\/pl\/wp-json\/wp\/v2\/product\/4174","targetHints":{"allow":["GET"]}}],"collection":[{"href":"https:\/\/legitgrams.com\/pl\/wp-json\/wp\/v2\/product"}],"about":[{"href":"https:\/\/legitgrams.com\/pl\/wp-json\/wp\/v2\/types\/product"}],"replies":[{"embeddable":true,"href":"https:\/\/legitgrams.com\/pl\/wp-json\/wp\/v2\/comments?post=4174"}],"wp:featuredmedia":[{"embeddable":true,"href":"https:\/\/legitgrams.com\/pl\/wp-json\/wp\/v2\/media\/5352"}],"wp:attachment":[{"href":"https:\/\/legitgrams.com\/pl\/wp-json\/wp\/v2\/media?parent=4174"}],"wp:term":[{"taxonomy":"product_brand","embeddable":true,"href":"https:\/\/legitgrams.com\/pl\/wp-json\/wp\/v2\/product_brand?post=4174"},{"taxonomy":"product_cat","embeddable":true,"href":"https:\/\/legitgrams.com\/pl\/wp-json\/wp\/v2\/product_cat?post=4174"},{"taxonomy":"product_tag","embeddable":true,"href":"https:\/\/legitgrams.com\/pl\/wp-json\/wp\/v2\/product_tag?post=4174"}],"curies":[{"name":"wp","href":"https:\/\/api.w.org\/{rel}","templated":true}]}}